{"id":53836,"date":"2019-02-19T15:44:28","date_gmt":"2019-02-19T14:44:28","guid":{"rendered":"https:\/\/worldofflowerpots.com\/design-pflanzkubel-ultrabeton\/"},"modified":"2019-03-12T00:21:21","modified_gmt":"2019-03-11T23:21:21","slug":"design-pflanzkubel-ultrabeton","status":"publish","type":"page","link":"https:\/\/worldofflowerpots.com\/aut\/design-pflanzkubel-ultrabeton\/","title":{"rendered":"Design Pflanzk\u00fcbel Ultrabeton"},"content":{"rendered":"<p>[vc_row bg_type=&#8221;image&#8221; parallax_style=&#8221;vcpb-default&#8221; bg_image_new=&#8221;id^51933|url^https:\/\/worldofflowerpots.com\/wp-content\/uploads\/2019\/01\/Donice-betonowe-z-ultra-betonu-w-ogrodzie.jpg|caption^null|alt^null|title^Donice-betonowe-z-ultra-betonu-w-ogrodzie|description^null&#8221; bg_image_repeat=&#8221;no-repeat&#8221; bg_override=&#8221;ex-full&#8221; enable_overlay=&#8221;enable_overlay_value&#8221; overlay_color=&#8221;rgba(0,0,0,0.2)&#8221; css=&#8221;.vc_custom_1548718616348{padding-top: 150px !important;padding-bottom: 150px !important;}&#8221;][vc_column offset=&#8221;vc_col-lg-offset-1 vc_col-lg-10 vc_col-md-offset-1 vc_col-md-10&#8243;]<div id=\"ultimate-heading-136769f37911b2257\" class=\"uvc-heading ult-adjust-bottom-margin ultimate-heading-136769f37911b2257 uvc-8328 \" data-hspacer=\"no_spacer\"  data-halign=\"center\" style=\"text-align:center\"><div class=\"uvc-heading-spacer no_spacer\" style=\"top\"><\/div><div class=\"uvc-main-heading ult-responsive\"  data-ultimate-target='.uvc-heading.ultimate-heading-136769f37911b2257 h2'  data-responsive-json-new='{\"font-size\":\"desktop:34px;mobile:24px;\",\"line-height\":\"desktop:44px;mobile:34px;\"}' ><h2 style=\"font-family:&#039;Poppins&#039;;font-weight:300;color:#ffffff;margin-bottom:42px;\">Robuste und zuverl\u00e4ssige Materialien..<\/h2><\/div><div class=\"uvc-sub-heading ult-responsive\"  data-ultimate-target='.uvc-heading.ultimate-heading-136769f37911b2257 .uvc-sub-heading '  data-responsive-json-new='{\"font-size\":\"desktop:16px;\",\"line-height\":\"desktop:28px;\"}'  style=\"font-family:&#039;Open Sans&#039;;font-weight:normal;font-style:normal;color:#f4f4f4;\"><\/p>\n<div class=\"hidden-mob\">Die Zeiten, in denen der Garten mit einfachen Pflanzk\u00fcbeln aus Kunststoff versehen wurden, sind endg\u00fcltig vorbei. Die Zeit bringt neue Materialien, die deutlich mehr leisten k\u00f6nnen. Warum also nicht einfach mal einen hochwertigen Design Pflanzk\u00fcbel aus Beton einsetzen? Dies mag auf den ersten Blick ungewohnt wirken, offeriert bei n\u00e4herer Betrachtung aber viele Vorteile. So sind die Pflanzk\u00fcbel aus Beton extrem widerstandsf\u00e4hig und robust und trotzen allen Belastungen vollkommen ohne Probleme. Schlechtes Wetter, mit Regen und Wind? Oder gar eisige Temperaturen in der Nacht, wenn es so langsam auf den Herbst zugeht, all dies ist mit dem Design Pflanzk\u00fcbel gar kein Problem.<\/div>\n<div class=\"gap\" style=\"line-height: 10px; height: 10px;\"><\/div>\n<p><a class=\"link-inside\" href=\"https:\/\/wof-blumentopf.at\/shop\/\">ALLE MODELLE<\/a><\/div><\/div>[\/vc_column][\/vc_row][vc_row css=&#8221;.vc_custom_1548698054848{border-bottom-width: 1px !important;padding-top: 40px !important;padding-bottom: 20px !important;border-bottom-color: #ededed !important;border-bottom-style: solid !important;}&#8221;][vc_column css=&#8221;.vc_custom_1548516273032{padding-bottom: 30px !important;}&#8221; offset=&#8221;vc_col-lg-offset-1 vc_col-lg-10 vc_col-md-offset-1 vc_col-md-10&#8243;]<div id=\"ultimate-heading-266269f37911b2359\" class=\"uvc-heading ult-adjust-bottom-margin ultimate-heading-266269f37911b2359 uvc-8466 \" data-hspacer=\"no_spacer\"  data-halign=\"center\" style=\"text-align:center\"><div class=\"uvc-heading-spacer no_spacer\" style=\"top\"><\/div><div class=\"uvc-main-heading ult-responsive\"  data-ultimate-target='.uvc-heading.ultimate-heading-266269f37911b2359 h2'  data-responsive-json-new='{\"font-size\":\"desktop:28px;mobile:20px;\",\"line-height\":\"desktop:38px;mobile:30px;\"}' ><h2 style=\"font-family:&#039;Poppins&#039;;font-weight:300;margin-bottom:42px;\">Design Pflanzk\u00fcbel sind auf alles vorbereitet<\/h2><\/div><div class=\"uvc-sub-heading ult-responsive\"  data-ultimate-target='.uvc-heading.ultimate-heading-266269f37911b2359 .uvc-sub-heading '  data-responsive-json-new='{\"font-size\":\"desktop:16px;\",\"line-height\":\"desktop:28px;\"}'  style=\"font-family:&#039;Open Sans&#039;;font-weight:300;\">Ein v\u00f6llig neuer Beton auf dem Markt er\u00f6ffnet zurzeit auch v\u00f6llig neue M\u00f6glichkeiten f\u00fcr die Design Pflanzk\u00fcbel. Bei diesem neuen Material handelt es sich um den sogenannten Ultrahochfesten Beton. Diese spezielle Art ist extrem widerstandsf\u00e4hig, die Erwartungen des Namens k\u00f6nnen problemlos erf\u00fcllt werden. Nat\u00fcrlich ist dieser Beton nicht f\u00fcr den Einsatz beim Bau eines neuen Hauses vorgesehen, sondern punktet vor allem in der Garten- und Landschaftsgestaltung. Die Besonderheit bei diesem Beton ergibt sich bei einem genauen Blick auf die Oberfl\u00e4che. Diese ist extrem glatt und sauber,dies gilt f\u00fcr alle Design Pflanzk\u00fcbel. Erzielt wird die glatte und hierdurch sehr elegante Oberfl\u00e4che durch eine extrem hohe Materialdichte. Gro\u00dfe Pigmente, Steine und Co. sind in diesem Beton nicht zu finden. Doch diese glatte Oberfl\u00e4che bietet nat\u00fcrlich nicht nur aus der optischen Sicht gro\u00dfe Vorteile. Auch die verwendeten Pflanzen profitieren von dieser besonderen und extrem glatten Oberfl\u00e4che.<\/div><\/div>[\/vc_column][vc_column css=&#8221;.vc_custom_1545305019274{padding-bottom: 30px !important;}&#8221;]<div class=\"woocommerce columns-4 \"><\/div>[\/vc_column][\/vc_row][vc_row css=&#8221;.vc_custom_1548717996948{padding-top: 40px !important;padding-bottom: 60px !important;}&#8221;][vc_column css=&#8221;.vc_custom_1548516273032{padding-bottom: 30px !important;}&#8221; offset=&#8221;vc_col-lg-offset-1 vc_col-lg-10 vc_col-md-offset-1 vc_col-md-10&#8243;]<div id=\"ultimate-heading-884469f37911b346a\" class=\"uvc-heading ult-adjust-bottom-margin ultimate-heading-884469f37911b346a uvc-5882 \" data-hspacer=\"no_spacer\"  data-halign=\"center\" style=\"text-align:center\"><div class=\"uvc-heading-spacer no_spacer\" style=\"top\"><\/div><div class=\"uvc-main-heading ult-responsive\"  data-ultimate-target='.uvc-heading.ultimate-heading-884469f37911b346a h2'  data-responsive-json-new='{\"font-size\":\"desktop:28px;mobile:20px;\",\"line-height\":\"desktop:38px;mobile:30px;\"}' ><h2 style=\"font-family:&#039;Poppins&#039;;font-weight:300;margin-bottom:42px;\">Gro\u00dfe Auswahl moderner Pflanzk\u00fcbel<\/h2><\/div><div class=\"uvc-sub-heading ult-responsive\"  data-ultimate-target='.uvc-heading.ultimate-heading-884469f37911b346a .uvc-sub-heading '  data-responsive-json-new='{\"font-size\":\"desktop:16px;\",\"line-height\":\"desktop:28px;\"}'  style=\"font-family:&#039;Open Sans&#039;;font-weight:300;\">Pflanzk\u00fcbel aus Beton sind langweilig und mit einem einfachen Grau kaum ansehnlich. Leider h\u00e4lt sich dieser falsche Eindruck auch in der heutigen Zeit immer noch sehr hartn\u00e4ckig in der Gesellschaft. Dabei liefern die Design Pflanzk\u00fcbel einen beeindruckenden Beweis, dass dies nicht der Wahrheit entspricht. Gerade durch die modernen Materialien erstrahlen die K\u00fcbel in einem bisher v\u00f6llig ungewohnten Licht. Bei der Produktion k\u00f6nnen unterschiedlichste Schattierungen erzeugt werden. Maximale Abwechslung bei allen Modellen ist hierdurch garantiert. Vom sehr hellen und freundlichen Grau bis hin zum edlen Anthrazit ist hier f\u00fcr jeden Geschmack das richtige mit dabei.<\/div><\/div>[\/vc_column][\/vc_row][vc_row bg_type=&#8221;image&#8221; parallax_style=&#8221;vcpb-default&#8221; bg_image_new=&#8221;id^52022|url^https:\/\/worldofflowerpots.com\/wp-content\/uploads\/2019\/01\/beton-pflanzkuebel-im-garten-arten.jpg|caption^null|alt^null|title^beton-pflanzkuebel-im-garten-arten|description^null&#8221; bg_image_repeat=&#8221;no-repeat&#8221; bg_override=&#8221;ex-full&#8221; enable_overlay=&#8221;enable_overlay_value&#8221; overlay_color=&#8221;rgba(0,0,0,0.2)&#8221; css=&#8221;.vc_custom_1548765726861{padding-top: 150px !important;padding-bottom: 150px !important;}&#8221;][vc_column offset=&#8221;vc_col-lg-offset-1 vc_col-lg-10 vc_col-md-offset-1 vc_col-md-10&#8243;]<div id=\"ultimate-heading-39169f37911b34c8\" class=\"uvc-heading ult-adjust-bottom-margin ultimate-heading-39169f37911b34c8 uvc-5831 \" data-hspacer=\"no_spacer\"  data-halign=\"center\" style=\"text-align:center\"><div class=\"uvc-heading-spacer no_spacer\" style=\"top\"><\/div><div class=\"uvc-main-heading ult-responsive\"  data-ultimate-target='.uvc-heading.ultimate-heading-39169f37911b34c8 h2'  data-responsive-json-new='{\"font-size\":\"desktop:34px;mobile:24px;\",\"line-height\":\"desktop:44px;mobile:34px;\"}' ><h2 style=\"font-family:&#039;Poppins&#039;;font-weight:300;color:#ffffff;margin-bottom:42px;\">Beton in der Gartengestaltung - Die Fakten<\/h2><\/div><div class=\"uvc-sub-heading ult-responsive\"  data-ultimate-target='.uvc-heading.ultimate-heading-39169f37911b34c8 .uvc-sub-heading '  data-responsive-json-new='{\"font-size\":\"desktop:16px;\",\"line-height\":\"desktop:28px;\"}'  style=\"font-family:&#039;Open Sans&#039;;font-weight:normal;font-style:normal;color:#f4f4f4;\"><\/p>\n<div class=\"hidden-mob\">Beton ist ein extrem beliebter Baustoff. Die Haltbarkeit, die auch nach Jahren noch gew\u00e4hrleistet ist, sowie die einfache und relativ g\u00fcnstige Verarbeitung, all dies wei\u00df zu \u00fcberzeugen. Dementsprechend d\u00fcrfte es auch wohl keinen wundern, dass Beton einfach zum Standard beim Bauen geh\u00f6rt. Architekten und Handwerker vertrauen dem Baustoff. Doch das volle Potenzial stellt sich erst in den letzten Monaten heraus. Beton eignet sich nicht nur zum einfachen Bauen, sondern vielmehr auch zu kreativen Gestaltung des eigenen Gartens. Die vielf\u00e4ltigen M\u00f6glichkeiten der eigenen Gestaltung und Anpassung des Betons machen dies in erster Linie m\u00f6glich.<\/div>\n<p><\/div><\/div>[\/vc_column][\/vc_row][vc_row gap=&#8221;20&#8243; css_animation=&#8221;none&#8221; css=&#8221;.vc_custom_1548765811678{padding-top: 40px !important;padding-bottom: 60px !important;}&#8221;][vc_column width=&#8221;1\/2&#8243; css=&#8221;.vc_custom_1546879472904{padding-bottom: 30px !important;}&#8221;]<div class=\"shortcode-single-image-wrap alignleft  vc_custom_1548718644142\" ><div class=\"shortcode-single-image\"><div class=\"fancy-media-wrap  layzr-bg\" style=\"\"><img loading=\"lazy\" decoding=\"async\" class=\"preload-me lazy-load\" src=\"data:image\/svg+xml,%3Csvg%20xmlns%3D&#39;http%3A%2F%2Fwww.w3.org%2F2000%2Fsvg&#39;%20viewBox%3D&#39;0%200%20600%20500&#39;%2F%3E\" data-src=\"https:\/\/worldofflowerpots.com\/wp-content\/uploads\/2019\/01\/Donice-betonowe-ogrodowe-z-ultra-betonu-2-600x500.jpg\" data-srcset=\"https:\/\/worldofflowerpots.com\/wp-content\/uploads\/2019\/01\/Donice-betonowe-ogrodowe-z-ultra-betonu-2-600x500.jpg 600w, https:\/\/worldofflowerpots.com\/wp-content\/uploads\/2019\/01\/Donice-betonowe-ogrodowe-z-ultra-betonu-2-868x724.jpg 868w\" width=\"600\" height=\"500\"  data-dt-location=\"https:\/\/worldofflowerpots.com\/aut\/donice-ultra-beton\/donice-betonowe-ogrodowe-z-ultra-betonu-3\/\" style=\"\" alt=\"\" \/><\/div><\/div><\/div><div id=\"ultimate-heading-596469f37911b413e\" class=\"uvc-heading ult-adjust-bottom-margin ultimate-heading-596469f37911b413e uvc-9941 \" data-hspacer=\"no_spacer\"  data-halign=\"left\" style=\"text-align:left\"><div class=\"uvc-heading-spacer no_spacer\" style=\"top\"><\/div><div class=\"uvc-main-heading ult-responsive\"  data-ultimate-target='.uvc-heading.ultimate-heading-596469f37911b413e h2'  data-responsive-json-new='{\"font-size\":\"desktop:18px;\",\"line-height\":\"desktop:32px;\"}' ><h2 style=\"font-family:&#039;Poppins&#039;;font-weight:normal;font-style:normal;margin-bottom:16px;\">Moderne Optik, robuste Qualit\u00e4t - Design Pflanzk\u00fcbel f\u00fcr den eigenen Garten<\/h2><\/div><div class=\"uvc-sub-heading ult-responsive\"  data-ultimate-target='.uvc-heading.ultimate-heading-596469f37911b413e .uvc-sub-heading '  data-responsive-json-new='{\"font-size\":\"desktop:16px;\",\"line-height\":\"desktop:28px;\"}'  style=\"font-family:&#039;Open Sans&#039;;font-weight:300;\">Hochwertige Design Pflanzk\u00fcbel bringen mit wenig Aufwand neuen Glanz in den eigenen Garten. Maximal robuste Bauweise, hoher praktischer Nutzen und eine ansprechendes, elegante Optik treffen hier aufeinander. Die Design Pflanzk\u00fcbel sind bestens f\u00fcr den Einsatz in einem bewusst zeitgem\u00e4\u00df gestalteten Garten geeignet.<\/div><\/div>[\/vc_column][vc_column width=&#8221;1\/2&#8243; css=&#8221;.vc_custom_1546879475585{padding-bottom: 30px !important;}&#8221;]<div class=\"shortcode-single-image-wrap alignleft  vc_custom_1548718666080\" ><div class=\"shortcode-single-image\"><div class=\"fancy-media-wrap  layzr-bg\" style=\"\"><img loading=\"lazy\" decoding=\"async\" class=\"preload-me lazy-load\" src=\"data:image\/svg+xml,%3Csvg%20xmlns%3D&#39;http%3A%2F%2Fwww.w3.org%2F2000%2Fsvg&#39;%20viewBox%3D&#39;0%200%20600%20500&#39;%2F%3E\" data-src=\"https:\/\/worldofflowerpots.com\/wp-content\/uploads\/2019\/01\/Donice-betonowe-z-ultra-betonu-przed-budynkiem-2-600x500.jpeg\" data-srcset=\"https:\/\/worldofflowerpots.com\/wp-content\/uploads\/2019\/01\/Donice-betonowe-z-ultra-betonu-przed-budynkiem-2-600x500.jpeg 600w, https:\/\/worldofflowerpots.com\/wp-content\/uploads\/2019\/01\/Donice-betonowe-z-ultra-betonu-przed-budynkiem-2-1087x905.jpeg 1087w\" width=\"600\" height=\"500\"  data-dt-location=\"https:\/\/worldofflowerpots.com\/aut\/donice-ultra-beton\/donice-betonowe-z-ultra-betonu-przed-budynkiem-4\/\" style=\"\" alt=\"\" \/><\/div><\/div><\/div><div id=\"ultimate-heading-412869f37911b487f\" class=\"uvc-heading ult-adjust-bottom-margin ultimate-heading-412869f37911b487f uvc-183 \" data-hspacer=\"no_spacer\"  data-halign=\"left\" style=\"text-align:left\"><div class=\"uvc-heading-spacer no_spacer\" style=\"top\"><\/div><div class=\"uvc-main-heading ult-responsive\"  data-ultimate-target='.uvc-heading.ultimate-heading-412869f37911b487f h2'  data-responsive-json-new='{\"font-size\":\"desktop:18px;\",\"line-height\":\"desktop:32px;\"}' ><h2 style=\"font-family:&#039;Poppins&#039;;font-weight:normal;font-style:normal;margin-bottom:16px;\">Design Pflanzk\u00fcbel und Wasser<\/h2><\/div><div class=\"uvc-sub-heading ult-responsive\"  data-ultimate-target='.uvc-heading.ultimate-heading-412869f37911b487f .uvc-sub-heading '  data-responsive-json-new='{\"font-size\":\"desktop:16px;\",\"line-height\":\"desktop:28px;\"}'  style=\"font-family:&#039;Open Sans&#039;;font-weight:300;\">Denn die Design Pflanzk\u00fcbel lassen nur einen extrem geringen Anteil des Wassers wieder durch, sodass eine gesunde Kernfeuchtigkeit an den Wurzeln erhalten bleiben kann. Gerade in Wochen mit wenig Niederschlag ist dies ein sehr gro\u00dfer Vorteil. Zudem sind die Design Pflanzk\u00fcbel extrem widerstandsf\u00e4hig. Ein Einsatz \u00fcber das gesamte Jahr hinweg ist dementsprechend gar kein Problem. Auch im Winter, bei Schnee und bei Regen, ist eine weitere Verwendung im Freien ohne weiteres m\u00f6glich.<\/div><\/div>[\/vc_column][\/vc_row][vc_row bg_type=&#8221;image&#8221; parallax_style=&#8221;vcpb-default&#8221; bg_image_new=&#8221;id^52019|url^https:\/\/worldofflowerpots.com\/wp-content\/uploads\/2019\/01\/pflanzkuebel-beton-fuer-menschen-die-mehr-wollen-hydra-2.jpg|caption^null|alt^null|title^pflanzkuebel-beton-fuer-menschen-die-mehr-wollen-hydra-2|description^null&#8221; bg_image_repeat=&#8221;no-repeat&#8221; bg_override=&#8221;ex-full&#8221; enable_overlay=&#8221;enable_overlay_value&#8221; overlay_color=&#8221;rgba(0,0,0,0.2)&#8221; css=&#8221;.vc_custom_1548765684657{padding-top: 150px !important;padding-bottom: 150px !important;}&#8221;][vc_column offset=&#8221;vc_col-lg-offset-1 vc_col-lg-10 vc_col-md-offset-1 vc_col-md-10&#8243;]<div id=\"ultimate-heading-376269f37911b48d7\" class=\"uvc-heading ult-adjust-bottom-margin ultimate-heading-376269f37911b48d7 uvc-1822 \" data-hspacer=\"no_spacer\"  data-halign=\"center\" style=\"text-align:center\"><div class=\"uvc-heading-spacer no_spacer\" style=\"top\"><\/div><div class=\"uvc-main-heading ult-responsive\"  data-ultimate-target='.uvc-heading.ultimate-heading-376269f37911b48d7 h2'  data-responsive-json-new='{\"font-size\":\"desktop:34px;mobile:24px;\",\"line-height\":\"desktop:44px;mobile:34px;\"}' ><h2 style=\"font-family:&#039;Poppins&#039;;font-weight:300;color:#ffffff;margin-bottom:42px;\">Ultra Hochfeste Material f\u00fcr Design Pflanzk\u00fcbel<\/h2><\/div><div class=\"uvc-sub-heading ult-responsive\"  data-ultimate-target='.uvc-heading.ultimate-heading-376269f37911b48d7 .uvc-sub-heading '  data-responsive-json-new='{\"font-size\":\"desktop:16px;\",\"line-height\":\"desktop:28px;\"}'  style=\"font-family:&#039;Open Sans&#039;;font-weight:normal;font-style:normal;color:#f4f4f4;\"><\/p>\n<div class=\"hidden-mob\">Ein altbekanntes Problem beim Design Pflanzk\u00fcbel aus herk\u00f6mmlichem Beton ist die hohe Anf\u00e4lligkeit gegen\u00fcber Verschmutzungen. Moos, Schlamm und Dreck setzen sich hier schnell ab und verschlechtern den gesamten Eindruck. Der Ultrahochfeste Beton kann auch in diesem Bereich vollkommen punkten. Auch hier profitiert der Nutzer wieder von der sehr glatten Oberfl\u00e4che. Schmutz und Moos haben hier nur geringe Chancen, sich abzusetzen. Und vorhandenen Verunreinigungen an dem Design Pflanzk\u00fcbel lassen sich mit wenig Aufwand entfernen. In der Regel sind hierf\u00fcr nicht einmal spezielle Reinigungsmittel n\u00f6tig. Eine B\u00fcrste und laufendes Wasser gen\u00fcgen, damit der Design Pflanzk\u00fcbel wieder im gewohnten Glanz erstrahlen kann.<\/div>\n<p><\/div><\/div>[\/vc_column][\/vc_row]<\/p>\n","protected":false},"excerpt":{"rendered":"<p>[vc_row bg_type=&#8221;image&#8221; parallax_style=&#8221;vcpb-default&#8221; bg_image_new=&#8221;id^51933|url^https:\/\/worldofflowerpots.com\/wp-content\/uploads\/2019\/01\/Donice-betonowe-z-ultra-betonu-w-ogrodzie.jpg|caption^null|alt^null|title^Donice-betonowe-z-ultra-betonu-w-ogrodzie|description^null&#8221; bg_image_repeat=&#8221;no-repeat&#8221; bg_override=&#8221;ex-full&#8221; enable_overlay=&#8221;enable_overlay_value&#8221; overlay_color=&#8221;rgba(0,0,0,0.2)&#8221; css=&#8221;.vc_custom_1548718616348{padding-top: 150px !important;padding-bottom: 150px !important;}&#8221;][vc_column offset=&#8221;vc_col-lg-offset-1 vc_col-lg-10 vc_col-md-offset-1 vc_col-md-10&#8243;][\/vc_column][\/vc_row][vc_row css=&#8221;.vc_custom_1548698054848{border-bottom-width: 1px !important;padding-top: 40px !important;padding-bottom: 20px !important;border-bottom-color: #ededed !important;border-bottom-style: solid !important;}&#8221;][vc_column css=&#8221;.vc_custom_1548516273032{padding-bottom: 30px !important;}&#8221; offset=&#8221;vc_col-lg-offset-1 vc_col-lg-10 vc_col-md-offset-1 vc_col-md-10&#8243;][\/vc_column][vc_column css=&#8221;.vc_custom_1545305019274{padding-bottom: 30px !important;}&#8221;][\/vc_column][\/vc_row][vc_row css=&#8221;.vc_custom_1548717996948{padding-top: 40px !important;padding-bottom: 60px !important;}&#8221;][vc_column css=&#8221;.vc_custom_1548516273032{padding-bottom: 30px !important;}&#8221; offset=&#8221;vc_col-lg-offset-1 vc_col-lg-10 vc_col-md-offset-1 vc_col-md-10&#8243;][\/vc_column][\/vc_row][vc_row bg_type=&#8221;image&#8221; parallax_style=&#8221;vcpb-default&#8221; bg_image_new=&#8221;id^52022|url^https:\/\/worldofflowerpots.com\/wp-content\/uploads\/2019\/01\/beton-pflanzkuebel-im-garten-arten.jpg|caption^null|alt^null|title^beton-pflanzkuebel-im-garten-arten|description^null&#8221; bg_image_repeat=&#8221;no-repeat&#8221; bg_override=&#8221;ex-full&#8221;&hellip;<\/p>\n","protected":false},"author":1,"featured_media":0,"parent":0,"menu_order":0,"comment_status":"closed","ping_status":"closed","template":"","meta":{"_acf_changed":false},"class_list":["post-53836","page","type-page","status-publish","hentry","description-off"],"acf":[],"yoast_head":"<!-- This site is optimized with the Yoast SEO plugin v27.5 - https:\/\/yoast.com\/product\/yoast-seo-wordpress\/ -->\n<title>Donice mrozoodporne - ultra beton | Donice World of Flowerpots<\/title>\n<meta name=\"description\" content=\"Donice z ultra betonu wykonywane s\u0105 w trzech standardowych kolorach: bia\u0142y, szarym i czarnym. S\u0105 bardzo stabilne i odporne na warunki atmosferyczne.\" \/>\n<meta name=\"robots\" content=\"index, follow, max-snippet:-1, max-image-preview:large, max-video-preview:-1\" \/>\n<link rel=\"canonical\" href=\"https:\/\/worldofflowerpots.com\/design-pflanzkubel-ultrabeton\/\" \/>\n<meta property=\"og:locale\" content=\"de_DE\" \/>\n<meta property=\"og:type\" content=\"article\" \/>\n<meta property=\"og:title\" content=\"Donice mrozoodporne - ultra beton | Donice World of Flowerpots\" \/>\n<meta property=\"og:description\" content=\"Donice z ultra betonu wykonywane s\u0105 w trzech standardowych kolorach: bia\u0142y, szarym i czarnym. S\u0105 bardzo stabilne i odporne na warunki atmosferyczne.\" \/>\n<meta property=\"og:url\" content=\"https:\/\/worldofflowerpots.com\/design-pflanzkubel-ultrabeton\/\" \/>\n<meta property=\"og:site_name\" content=\"World of Flowerpots\" \/>\n<meta property=\"article:modified_time\" content=\"2019-03-11T23:21:21+00:00\" \/>\n<meta name=\"twitter:card\" content=\"summary_large_image\" \/>\n<meta name=\"twitter:label1\" content=\"Est. reading time\" \/>\n\t<meta name=\"twitter:data1\" content=\"8 minutes\" \/>\n<script type=\"application\/ld+json\" class=\"yoast-schema-graph\">{\"@context\":\"https:\\\/\\\/schema.org\",\"@graph\":[{\"@type\":\"WebPage\",\"@id\":\"https:\\\/\\\/worldofflowerpots.com\\\/design-pflanzkubel-ultrabeton\\\/\",\"url\":\"https:\\\/\\\/worldofflowerpots.com\\\/design-pflanzkubel-ultrabeton\\\/\",\"name\":\"Donice mrozoodporne - ultra beton | Donice World of Flowerpots\",\"isPartOf\":{\"@id\":\"https:\\\/\\\/worldofflowerpots.com\\\/#website\"},\"datePublished\":\"2019-02-19T14:44:28+00:00\",\"dateModified\":\"2019-03-11T23:21:21+00:00\",\"description\":\"Donice z ultra betonu wykonywane s\u0105 w trzech standardowych kolorach: bia\u0142y, szarym i czarnym. S\u0105 bardzo stabilne i odporne na warunki atmosferyczne.\",\"breadcrumb\":{\"@id\":\"https:\\\/\\\/worldofflowerpots.com\\\/design-pflanzkubel-ultrabeton\\\/#breadcrumb\"},\"inLanguage\":\"de-AUT\",\"potentialAction\":[{\"@type\":\"ReadAction\",\"target\":[\"https:\\\/\\\/worldofflowerpots.com\\\/design-pflanzkubel-ultrabeton\\\/\"]}]},{\"@type\":\"BreadcrumbList\",\"@id\":\"https:\\\/\\\/worldofflowerpots.com\\\/design-pflanzkubel-ultrabeton\\\/#breadcrumb\",\"itemListElement\":[{\"@type\":\"ListItem\",\"position\":1,\"name\":\"Strona g\u0142\u00f3wna\",\"item\":\"https:\\\/\\\/worldofflowerpots.com\\\/home\\\/\"},{\"@type\":\"ListItem\",\"position\":2,\"name\":\"Design Pflanzk\u00fcbel Ultrabeton\"}]},{\"@type\":\"WebSite\",\"@id\":\"https:\\\/\\\/worldofflowerpots.com\\\/#website\",\"url\":\"https:\\\/\\\/worldofflowerpots.com\\\/\",\"name\":\"World of Flowerpots\",\"description\":\"producent donic ozdobnych\",\"potentialAction\":[{\"@type\":\"SearchAction\",\"target\":{\"@type\":\"EntryPoint\",\"urlTemplate\":\"https:\\\/\\\/worldofflowerpots.com\\\/?s={search_term_string}\"},\"query-input\":{\"@type\":\"PropertyValueSpecification\",\"valueRequired\":true,\"valueName\":\"search_term_string\"}}],\"inLanguage\":\"de-AUT\"}]}<\/script>\n<!-- \/ Yoast SEO plugin. -->","yoast_head_json":{"title":"Donice mrozoodporne - ultra beton | Donice World of Flowerpots","description":"Donice z ultra betonu wykonywane s\u0105 w trzech standardowych kolorach: bia\u0142y, szarym i czarnym. S\u0105 bardzo stabilne i odporne na warunki atmosferyczne.","robots":{"index":"index","follow":"follow","max-snippet":"max-snippet:-1","max-image-preview":"max-image-preview:large","max-video-preview":"max-video-preview:-1"},"canonical":"https:\/\/worldofflowerpots.com\/design-pflanzkubel-ultrabeton\/","og_locale":"de_DE","og_type":"article","og_title":"Donice mrozoodporne - ultra beton | Donice World of Flowerpots","og_description":"Donice z ultra betonu wykonywane s\u0105 w trzech standardowych kolorach: bia\u0142y, szarym i czarnym. S\u0105 bardzo stabilne i odporne na warunki atmosferyczne.","og_url":"https:\/\/worldofflowerpots.com\/design-pflanzkubel-ultrabeton\/","og_site_name":"World of Flowerpots","article_modified_time":"2019-03-11T23:21:21+00:00","twitter_card":"summary_large_image","twitter_misc":{"Est. reading time":"8 minutes"},"schema":{"@context":"https:\/\/schema.org","@graph":[{"@type":"WebPage","@id":"https:\/\/worldofflowerpots.com\/design-pflanzkubel-ultrabeton\/","url":"https:\/\/worldofflowerpots.com\/design-pflanzkubel-ultrabeton\/","name":"Donice mrozoodporne - ultra beton | Donice World of Flowerpots","isPartOf":{"@id":"https:\/\/worldofflowerpots.com\/#website"},"datePublished":"2019-02-19T14:44:28+00:00","dateModified":"2019-03-11T23:21:21+00:00","description":"Donice z ultra betonu wykonywane s\u0105 w trzech standardowych kolorach: bia\u0142y, szarym i czarnym. S\u0105 bardzo stabilne i odporne na warunki atmosferyczne.","breadcrumb":{"@id":"https:\/\/worldofflowerpots.com\/design-pflanzkubel-ultrabeton\/#breadcrumb"},"inLanguage":"de-AUT","potentialAction":[{"@type":"ReadAction","target":["https:\/\/worldofflowerpots.com\/design-pflanzkubel-ultrabeton\/"]}]},{"@type":"BreadcrumbList","@id":"https:\/\/worldofflowerpots.com\/design-pflanzkubel-ultrabeton\/#breadcrumb","itemListElement":[{"@type":"ListItem","position":1,"name":"Strona g\u0142\u00f3wna","item":"https:\/\/worldofflowerpots.com\/home\/"},{"@type":"ListItem","position":2,"name":"Design Pflanzk\u00fcbel Ultrabeton"}]},{"@type":"WebSite","@id":"https:\/\/worldofflowerpots.com\/#website","url":"https:\/\/worldofflowerpots.com\/","name":"World of Flowerpots","description":"producent donic ozdobnych","potentialAction":[{"@type":"SearchAction","target":{"@type":"EntryPoint","urlTemplate":"https:\/\/worldofflowerpots.com\/?s={search_term_string}"},"query-input":{"@type":"PropertyValueSpecification","valueRequired":true,"valueName":"search_term_string"}}],"inLanguage":"de-AUT"}]}},"_links":{"self":[{"href":"https:\/\/worldofflowerpots.com\/aut\/wp-json\/wp\/v2\/pages\/53836","targetHints":{"allow":["GET"]}}],"collection":[{"href":"https:\/\/worldofflowerpots.com\/aut\/wp-json\/wp\/v2\/pages"}],"about":[{"href":"https:\/\/worldofflowerpots.com\/aut\/wp-json\/wp\/v2\/types\/page"}],"author":[{"embeddable":true,"href":"https:\/\/worldofflowerpots.com\/aut\/wp-json\/wp\/v2\/users\/1"}],"replies":[{"embeddable":true,"href":"https:\/\/worldofflowerpots.com\/aut\/wp-json\/wp\/v2\/comments?post=53836"}],"version-history":[{"count":5,"href":"https:\/\/worldofflowerpots.com\/aut\/wp-json\/wp\/v2\/pages\/53836\/revisions"}],"predecessor-version":[{"id":55359,"href":"https:\/\/worldofflowerpots.com\/aut\/wp-json\/wp\/v2\/pages\/53836\/revisions\/55359"}],"wp:attachment":[{"href":"https:\/\/worldofflowerpots.com\/aut\/wp-json\/wp\/v2\/media?parent=53836"}],"curies":[{"name":"wp","href":"https:\/\/api.w.org\/{rel}","templated":true}]}}