{"id":53859,"date":"2019-02-19T15:55:19","date_gmt":"2019-02-19T14:55:19","guid":{"rendered":"https:\/\/worldofflowerpots.com\/pflanzkubel-mit-rollen\/"},"modified":"2019-03-12T00:23:38","modified_gmt":"2019-03-11T23:23:38","slug":"pflanzkubel-mit-rollen","status":"publish","type":"page","link":"https:\/\/worldofflowerpots.com\/aut\/pflanzkubel-mit-rollen\/","title":{"rendered":"Pflanzk\u00fcbel mit rollen"},"content":{"rendered":"<p>[vc_row bg_type=&#8221;image&#8221; parallax_style=&#8221;vcpb-default&#8221; bg_image_new=&#8221;id^51919|url^https:\/\/worldofflowerpots.com\/wp-content\/uploads\/2019\/01\/Donice-aulminiowe-na-kolach-w-miejscu-pulbicznym.jpg|caption^null|alt^null|title^Donice-aulminiowe-na-kolach-w-miejscu-pulbicznym|description^null&#8221; bg_image_repeat=&#8221;no-repeat&#8221; bg_override=&#8221;ex-full&#8221; enable_overlay=&#8221;enable_overlay_value&#8221; overlay_color=&#8221;rgba(0,0,0,0.2)&#8221; css=&#8221;.vc_custom_1548716542217{padding-top: 150px !important;padding-bottom: 150px !important;}&#8221;][vc_column offset=&#8221;vc_col-lg-offset-1 vc_col-lg-10 vc_col-md-offset-1 vc_col-md-10&#8243;]<div id=\"ultimate-heading-574969f37912be378\" class=\"uvc-heading ult-adjust-bottom-margin ultimate-heading-574969f37912be378 uvc-5387 \" data-hspacer=\"no_spacer\"  data-halign=\"center\" style=\"text-align:center\"><div class=\"uvc-heading-spacer no_spacer\" style=\"top\"><\/div><div class=\"uvc-main-heading ult-responsive\"  data-ultimate-target='.uvc-heading.ultimate-heading-574969f37912be378 h2'  data-responsive-json-new='{\"font-size\":\"desktop:34px;mobile:24px;\",\"line-height\":\"desktop:44px;mobile:34px;\"}' ><h2 style=\"font-family:&#039;Poppins&#039;;font-weight:300;color:#ffffff;margin-bottom:42px;\">Mobilit\u00e4t & Stil mit einem Pflanzk\u00fcbel auf Rollen<\/h2><\/div><div class=\"uvc-sub-heading ult-responsive\"  data-ultimate-target='.uvc-heading.ultimate-heading-574969f37912be378 .uvc-sub-heading '  data-responsive-json-new='{\"font-size\":\"desktop:16px;\",\"line-height\":\"desktop:28px;\"}'  style=\"font-family:&#039;Open Sans&#039;;font-weight:normal;font-style:normal;color:#f4f4f4;\"><\/p>\n<div class=\"hidden-mob\">Wer Pflanzk\u00fcbel auf Rollen einmal genutzt hat, der mag die Vorz\u00fcge dieser praktischen Beh\u00e4lter nie mehr missen. Im Garten, auf der Terrasse, dem Balkon oder Gartendach geh\u00f6ren Pflanzk\u00fcbel schon l\u00e4ngst dazu. Sie sind dekorativ und ganz einfach praktisch &#8211; die perfekten Beh\u00e4lter f\u00fcr Blumen und Pflanzen aller Art. Schwierig kann es allerdings werden, wenn die K\u00fcbel einen neuen Platz bekommen sollen. Das kann im Herbst sein, wenn der erste Frost ansteht oder bei einer Neugestaltung des Au\u00dfenbereichs. Mitunter haben Pflanzk\u00fcbel schon ein hohes Eigengewicht, noch problematischer ist es, wenn sie mit Erde gef\u00fcllt sind. Da sind R\u00fcckenschmerzen so gut wie vorprogrammiert. Aus diesem Grund bieten wir Ihnen in unserem Garten-Shop ein kleines aber feines Sortiment edler Pflanzk\u00fcbel auf Rollen an. Gefertigt werden die mobilen Gef\u00e4\u00dfe aus pulverbeschichtetem Aluminium, das sich durch wetterfeste, frostbest\u00e4ndige Qualit\u00e4t und eine dauerhafte UV-Resistenz auszeichnet.<\/div>\n<div class=\"gap\" style=\"line-height: 10px; height: 10px;\"><\/div>\n<p><a class=\"link-inside\" href=\"https:\/\/wof-blumentopf.at\/shop\/\">MEHR INFO<\/a><\/div><\/div>[\/vc_column][\/vc_row][vc_row css=&#8221;.vc_custom_1548698054848{border-bottom-width: 1px !important;padding-top: 40px !important;padding-bottom: 20px !important;border-bottom-color: #ededed !important;border-bottom-style: solid !important;}&#8221;][vc_column css=&#8221;.vc_custom_1548516273032{padding-bottom: 30px !important;}&#8221; offset=&#8221;vc_col-lg-offset-1 vc_col-lg-10 vc_col-md-offset-1 vc_col-md-10&#8243;]<div id=\"ultimate-heading-316969f37912be488\" class=\"uvc-heading ult-adjust-bottom-margin ultimate-heading-316969f37912be488 uvc-3207 \" data-hspacer=\"no_spacer\"  data-halign=\"center\" style=\"text-align:center\"><div class=\"uvc-heading-spacer no_spacer\" style=\"top\"><\/div><div class=\"uvc-main-heading ult-responsive\"  data-ultimate-target='.uvc-heading.ultimate-heading-316969f37912be488 h2'  data-responsive-json-new='{\"font-size\":\"desktop:28px;mobile:20px;\",\"line-height\":\"desktop:38px;mobile:30px;\"}' ><h2 style=\"font-family:&#039;Poppins&#039;;font-weight:300;margin-bottom:42px;\">Vorteile unserer Pflanzgef\u00e4\u00dfe mit Rollen<\/h2><\/div><div class=\"uvc-sub-heading ult-responsive\"  data-ultimate-target='.uvc-heading.ultimate-heading-316969f37912be488 .uvc-sub-heading '  data-responsive-json-new='{\"font-size\":\"desktop:16px;\",\"line-height\":\"desktop:28px;\"}'  style=\"font-family:&#039;Open Sans&#039;;font-weight:300;\"><span class=\"s1\">Es gibt fahrbare Pflanzk\u00fcbel, bei denen die Rollen unter den Beh\u00e4lter geschoben werden m\u00fcssen. Das ist beschwerlich und unpraktisch. Bei anderen K\u00fcbeln sind die R\u00e4der in einer Weise sichtbar, die das \u00e4sthetische Empfinden des Betrachters st\u00f6ren k\u00f6nnen. Hier schaffen unsere Pflanzk\u00fcbel auf Rollen Abhilfe, denn in ihnen verbindet sich die Zuverl\u00e4ssigkeit eines klassischen Rollk\u00fcbels mit der Eleganz moderne Pflanzbeh\u00e4lter. Die R\u00e4der verschwinden nach dem Transport im Boden des Pflanztopfes und ebenso zuverl\u00e4ssig lassen sie sich bei Bedarf wieder ausfahren. F\u00fcr den Gartenbesucher sind die R\u00e4der unsichtbar, doch f\u00fcr Sie wird die Gestaltung des Au\u00dfenbereichs mit dekorativen Pflanzk\u00fcbeln zum Kinderspiel. Das verwendete Aluminium ist ideal f\u00fcr die ganzj\u00e4hrige Verwendung im Garten. Dank einer speziellen Pulverbeschichtung sind unsere eckigen Pflanzk\u00fcbel mit Rollen in vielen attraktiven Farben f\u00fcr Sie erh\u00e4ltlich. <\/span><\/div><\/div>[\/vc_column][vc_column css=&#8221;.vc_custom_1545305019274{padding-bottom: 30px !important;}&#8221;]<div class=\"woocommerce columns-4 \"><\/div>[\/vc_column][\/vc_row][vc_row bg_type=&#8221;image&#8221; parallax_style=&#8221;vcpb-default&#8221; bg_image_new=&#8221;id^51857|url^https:\/\/worldofflowerpots.com\/wp-content\/uploads\/2019\/01\/Doniczki-aluminiowe-na-kolach-na-taras-1024&#215;576-1.jpg|caption^null|alt^null|title^Doniczki-aluminiowe-na-kolach-na-taras-1024&#215;576|description^null&#8221; bg_image_repeat=&#8221;no-repeat&#8221; bg_override=&#8221;ex-full&#8221; enable_overlay=&#8221;enable_overlay_value&#8221; overlay_color=&#8221;rgba(0,0,0,0.2)&#8221; css=&#8221;.vc_custom_1548716554278{padding-top: 150px !important;padding-bottom: 150px !important;}&#8221;][vc_column offset=&#8221;vc_col-lg-offset-1 vc_col-lg-10 vc_col-md-offset-1 vc_col-md-10&#8243;]<div id=\"ultimate-heading-682269f37912bef40\" class=\"uvc-heading ult-adjust-bottom-margin ultimate-heading-682269f37912bef40 uvc-2747 \" data-hspacer=\"no_spacer\"  data-halign=\"center\" style=\"text-align:center\"><div class=\"uvc-heading-spacer no_spacer\" style=\"top\"><\/div><div class=\"uvc-main-heading ult-responsive\"  data-ultimate-target='.uvc-heading.ultimate-heading-682269f37912bef40 h2'  data-responsive-json-new='{\"font-size\":\"desktop:34px;mobile:24px;\",\"line-height\":\"desktop:44px;mobile:34px;\"}' ><h2 style=\"font-family:&#039;Poppins&#039;;font-weight:300;color:#ffffff;margin-bottom:42px;\">Pflanzk\u00fcbel auf Rollen online bestellen<\/h2><\/div><div class=\"uvc-sub-heading ult-responsive\"  data-ultimate-target='.uvc-heading.ultimate-heading-682269f37912bef40 .uvc-sub-heading '  data-responsive-json-new='{\"font-size\":\"desktop:16px;\",\"line-height\":\"desktop:28px;\"}'  style=\"font-family:&#039;Open Sans&#039;;font-weight:normal;font-style:normal;color:#f4f4f4;\"><\/p>\n<div class=\"hidden-mob\">Wenn Ihnen einer unserer Pflanzk\u00fcbel auf Rollen gef\u00e4llt, so erfahren Sie mit einem Klick auf das Foto mehr \u00fcber das Material, die Gr\u00f6\u00dfe und die lieferbaren Farben. Beim Kauf eines der Pflanz- und Blumenk\u00fcbel profitieren Sie von unserem bew\u00e4hrten Lieferservice und der ausgezeichneten Qualit\u00e4t unserer Pflanzgef\u00e4\u00dfe. Teilen Sie uns die gew\u00fcnschte Lieferadresse mit und wir liefern Ihnen den neuen Pflanzk\u00fcbel auf Rollen direkt in den Garten oder zu Ihnen nach Hause. Wir freuen uns auf Ihre Bestellung!<\/div>\n<p>&nbsp;<\/div><\/div>[\/vc_column][\/vc_row][vc_row css=&#8221;.vc_custom_1545305025106{padding-top: 40px !important;padding-bottom: 60px !important;}&#8221;][vc_column offset=&#8221;vc_col-lg-offset-1 vc_col-lg-10 vc_col-md-offset-1 vc_col-md-10&#8243; css=&#8221;.vc_custom_1548699013583{padding-bottom: 30px !important;}&#8221;]<div id=\"ultimate-heading-534769f37912befa5\" class=\"uvc-heading ult-adjust-bottom-margin ultimate-heading-534769f37912befa5 uvc-4301 \" data-hspacer=\"no_spacer\"  data-halign=\"center\" style=\"text-align:center\"><div class=\"uvc-heading-spacer no_spacer\" style=\"top\"><\/div><div class=\"uvc-main-heading ult-responsive\"  data-ultimate-target='.uvc-heading.ultimate-heading-534769f37912befa5 h2'  data-responsive-json-new='{\"font-size\":\"desktop:34px;mobile:24px;\",\"line-height\":\"desktop:44px;mobile:34px;\"}' ><h2 style=\"font-family:&#039;Poppins&#039;;font-weight:300;margin-bottom:42px;\">Verwendungstipps f\u00fcr Pflanzk\u00fcbel mit R\u00e4dern<\/h2><\/div><div class=\"uvc-sub-heading ult-responsive\"  data-ultimate-target='.uvc-heading.ultimate-heading-534769f37912befa5 .uvc-sub-heading '  data-responsive-json-new='{\"font-size\":\"desktop:16px;\",\"line-height\":\"desktop:28px;\"}'  style=\"font-family:&#039;Open Sans&#039;;font-weight:300;\"><\/p>\n<div class=\"hidden-mob\">Winterharte Pflanzen k\u00f6nnen das ganze Jahr \u00fcber im Freien bleiben; anders sieht es bei den Exoten aus. Sie werden erst im Fr\u00fchling ins Freie gestellt und m\u00fcssen vor dem ersten Frost wieder im Wintergarten oder Keller verstaut werden. Das kann anstrengend sein. Insbesondere, wenn Beh\u00e4lter und Pflanzen \u00fcber die Gr\u00f6\u00dfe eines Blumentopfes hinausgehen. Unsere Pflanzk\u00fcbel auf Rollen sind f\u00fcr diese empfindlichen Pflanzen bestens geeignet, denn sie lassen sich bequem zu ihrem neuen Standort rollen. Nie wieder R\u00fcckenschmerzen beim Transport von Pflanzen. Mit fahrbaren Pflanzbeh\u00e4ltern aller Arten lassen sich zudem anlassbezogen stilvolle Akzente im Garten setzen. Schaffen Sie kleine Sitznischen, indem sie mehrere K\u00fcbel mit dichten Gew\u00e4chsen als Sichtschutz gruppieren. Auch f\u00fcr Obstpflanzen sind unsere Pflanzk\u00fcbel auf Rollen zu empfehlen. Zitruspflanzen etwa ben\u00f6tigen besonders viel Sonne und m\u00fcssen eventuell w\u00e4hrend des Tages den Standort wechseln, um Fr\u00fcchte tragen zu k\u00f6nnen. Mit den rollbaren Pflanzgef\u00e4\u00dfen aus unserem Garten-Shop ist vieles m\u00f6glich.<\/div>\n<p><\/div><\/div>[\/vc_column][\/vc_row]<\/p>\n","protected":false},"excerpt":{"rendered":"<p>[vc_row bg_type=&#8221;image&#8221; parallax_style=&#8221;vcpb-default&#8221; bg_image_new=&#8221;id^51919|url^https:\/\/worldofflowerpots.com\/wp-content\/uploads\/2019\/01\/Donice-aulminiowe-na-kolach-w-miejscu-pulbicznym.jpg|caption^null|alt^null|title^Donice-aulminiowe-na-kolach-w-miejscu-pulbicznym|description^null&#8221; bg_image_repeat=&#8221;no-repeat&#8221; bg_override=&#8221;ex-full&#8221; enable_overlay=&#8221;enable_overlay_value&#8221; overlay_color=&#8221;rgba(0,0,0,0.2)&#8221; css=&#8221;.vc_custom_1548716542217{padding-top: 150px !important;padding-bottom: 150px !important;}&#8221;][vc_column offset=&#8221;vc_col-lg-offset-1 vc_col-lg-10 vc_col-md-offset-1 vc_col-md-10&#8243;][\/vc_column][\/vc_row][vc_row css=&#8221;.vc_custom_1548698054848{border-bottom-width: 1px !important;padding-top: 40px !important;padding-bottom: 20px !important;border-bottom-color: #ededed !important;border-bottom-style: solid !important;}&#8221;][vc_column css=&#8221;.vc_custom_1548516273032{padding-bottom: 30px !important;}&#8221; offset=&#8221;vc_col-lg-offset-1 vc_col-lg-10 vc_col-md-offset-1 vc_col-md-10&#8243;][\/vc_column][vc_column css=&#8221;.vc_custom_1545305019274{padding-bottom: 30px !important;}&#8221;][\/vc_column][\/vc_row][vc_row bg_type=&#8221;image&#8221; parallax_style=&#8221;vcpb-default&#8221; bg_image_new=&#8221;id^51857|url^https:\/\/worldofflowerpots.com\/wp-content\/uploads\/2019\/01\/Doniczki-aluminiowe-na-kolach-na-taras-1024&#215;576-1.jpg|caption^null|alt^null|title^Doniczki-aluminiowe-na-kolach-na-taras-1024&#215;576|description^null&#8221; bg_image_repeat=&#8221;no-repeat&#8221; bg_override=&#8221;ex-full&#8221; enable_overlay=&#8221;enable_overlay_value&#8221; overlay_color=&#8221;rgba(0,0,0,0.2)&#8221; css=&#8221;.vc_custom_1548716554278{padding-top: 150px !important;padding-bottom: 150px !important;}&#8221;][vc_column offset=&#8221;vc_col-lg-offset-1 vc_col-lg-10 vc_col-md-offset-1 vc_col-md-10&#8243;][\/vc_column][\/vc_row][vc_row css=&#8221;.vc_custom_1545305025106{padding-top:&hellip;<\/p>\n","protected":false},"author":1,"featured_media":0,"parent":0,"menu_order":0,"comment_status":"closed","ping_status":"closed","template":"","meta":{"_acf_changed":false},"class_list":["post-53859","page","type-page","status-publish","hentry","description-off"],"acf":[],"yoast_head":"<!-- This site is optimized with the Yoast SEO plugin v27.5 - https:\/\/yoast.com\/product\/yoast-seo-wordpress\/ -->\n<title>Donice na k\u00f3\u0142kach - cena | Donice World of Flowerpots<\/title>\n<meta name=\"description\" content=\"W ofercie donice na k\u00f3\u0142kach wykonane z dw\u00f3ch materia\u0142\u00f3w, s\u0105 to donice aluminiowe cortenu. Praktyczne rozwi\u0105zanie pozwalaj\u0105ce na \u0142atwe zmiany\" \/>\n<meta name=\"robots\" content=\"index, follow, max-snippet:-1, max-image-preview:large, max-video-preview:-1\" \/>\n<link rel=\"canonical\" href=\"https:\/\/worldofflowerpots.com\/pflanzkubel-mit-rollen\/\" \/>\n<meta property=\"og:locale\" content=\"de_DE\" \/>\n<meta property=\"og:type\" content=\"article\" \/>\n<meta property=\"og:title\" content=\"Donice na k\u00f3\u0142kach - cena | Donice World of Flowerpots\" \/>\n<meta property=\"og:description\" content=\"W ofercie donice na k\u00f3\u0142kach wykonane z dw\u00f3ch materia\u0142\u00f3w, s\u0105 to donice aluminiowe cortenu. Praktyczne rozwi\u0105zanie pozwalaj\u0105ce na \u0142atwe zmiany\" \/>\n<meta property=\"og:url\" content=\"https:\/\/worldofflowerpots.com\/pflanzkubel-mit-rollen\/\" \/>\n<meta property=\"og:site_name\" content=\"World of Flowerpots\" \/>\n<meta property=\"article:modified_time\" content=\"2019-03-11T23:23:38+00:00\" \/>\n<meta name=\"twitter:card\" content=\"summary_large_image\" \/>\n<meta name=\"twitter:label1\" content=\"Est. reading time\" \/>\n\t<meta name=\"twitter:data1\" content=\"6 minutes\" \/>\n<script type=\"application\/ld+json\" class=\"yoast-schema-graph\">{\"@context\":\"https:\\\/\\\/schema.org\",\"@graph\":[{\"@type\":\"WebPage\",\"@id\":\"https:\\\/\\\/worldofflowerpots.com\\\/pflanzkubel-mit-rollen\\\/\",\"url\":\"https:\\\/\\\/worldofflowerpots.com\\\/pflanzkubel-mit-rollen\\\/\",\"name\":\"Donice na k\u00f3\u0142kach - cena | Donice World of Flowerpots\",\"isPartOf\":{\"@id\":\"https:\\\/\\\/worldofflowerpots.com\\\/#website\"},\"datePublished\":\"2019-02-19T14:55:19+00:00\",\"dateModified\":\"2019-03-11T23:23:38+00:00\",\"description\":\"W ofercie donice na k\u00f3\u0142kach wykonane z dw\u00f3ch materia\u0142\u00f3w, s\u0105 to donice aluminiowe cortenu. Praktyczne rozwi\u0105zanie pozwalaj\u0105ce na \u0142atwe zmiany\",\"breadcrumb\":{\"@id\":\"https:\\\/\\\/worldofflowerpots.com\\\/pflanzkubel-mit-rollen\\\/#breadcrumb\"},\"inLanguage\":\"de-AUT\",\"potentialAction\":[{\"@type\":\"ReadAction\",\"target\":[\"https:\\\/\\\/worldofflowerpots.com\\\/pflanzkubel-mit-rollen\\\/\"]}]},{\"@type\":\"BreadcrumbList\",\"@id\":\"https:\\\/\\\/worldofflowerpots.com\\\/pflanzkubel-mit-rollen\\\/#breadcrumb\",\"itemListElement\":[{\"@type\":\"ListItem\",\"position\":1,\"name\":\"Strona g\u0142\u00f3wna\",\"item\":\"https:\\\/\\\/worldofflowerpots.com\\\/home\\\/\"},{\"@type\":\"ListItem\",\"position\":2,\"name\":\"Pflanzk\u00fcbel mit rollen\"}]},{\"@type\":\"WebSite\",\"@id\":\"https:\\\/\\\/worldofflowerpots.com\\\/#website\",\"url\":\"https:\\\/\\\/worldofflowerpots.com\\\/\",\"name\":\"World of Flowerpots\",\"description\":\"producent donic ozdobnych\",\"potentialAction\":[{\"@type\":\"SearchAction\",\"target\":{\"@type\":\"EntryPoint\",\"urlTemplate\":\"https:\\\/\\\/worldofflowerpots.com\\\/?s={search_term_string}\"},\"query-input\":{\"@type\":\"PropertyValueSpecification\",\"valueRequired\":true,\"valueName\":\"search_term_string\"}}],\"inLanguage\":\"de-AUT\"}]}<\/script>\n<!-- \/ Yoast SEO plugin. -->","yoast_head_json":{"title":"Donice na k\u00f3\u0142kach - cena | Donice World of Flowerpots","description":"W ofercie donice na k\u00f3\u0142kach wykonane z dw\u00f3ch materia\u0142\u00f3w, s\u0105 to donice aluminiowe cortenu. Praktyczne rozwi\u0105zanie pozwalaj\u0105ce na \u0142atwe zmiany","robots":{"index":"index","follow":"follow","max-snippet":"max-snippet:-1","max-image-preview":"max-image-preview:large","max-video-preview":"max-video-preview:-1"},"canonical":"https:\/\/worldofflowerpots.com\/pflanzkubel-mit-rollen\/","og_locale":"de_DE","og_type":"article","og_title":"Donice na k\u00f3\u0142kach - cena | Donice World of Flowerpots","og_description":"W ofercie donice na k\u00f3\u0142kach wykonane z dw\u00f3ch materia\u0142\u00f3w, s\u0105 to donice aluminiowe cortenu. Praktyczne rozwi\u0105zanie pozwalaj\u0105ce na \u0142atwe zmiany","og_url":"https:\/\/worldofflowerpots.com\/pflanzkubel-mit-rollen\/","og_site_name":"World of Flowerpots","article_modified_time":"2019-03-11T23:23:38+00:00","twitter_card":"summary_large_image","twitter_misc":{"Est. reading time":"6 minutes"},"schema":{"@context":"https:\/\/schema.org","@graph":[{"@type":"WebPage","@id":"https:\/\/worldofflowerpots.com\/pflanzkubel-mit-rollen\/","url":"https:\/\/worldofflowerpots.com\/pflanzkubel-mit-rollen\/","name":"Donice na k\u00f3\u0142kach - cena | Donice World of Flowerpots","isPartOf":{"@id":"https:\/\/worldofflowerpots.com\/#website"},"datePublished":"2019-02-19T14:55:19+00:00","dateModified":"2019-03-11T23:23:38+00:00","description":"W ofercie donice na k\u00f3\u0142kach wykonane z dw\u00f3ch materia\u0142\u00f3w, s\u0105 to donice aluminiowe cortenu. Praktyczne rozwi\u0105zanie pozwalaj\u0105ce na \u0142atwe zmiany","breadcrumb":{"@id":"https:\/\/worldofflowerpots.com\/pflanzkubel-mit-rollen\/#breadcrumb"},"inLanguage":"de-AUT","potentialAction":[{"@type":"ReadAction","target":["https:\/\/worldofflowerpots.com\/pflanzkubel-mit-rollen\/"]}]},{"@type":"BreadcrumbList","@id":"https:\/\/worldofflowerpots.com\/pflanzkubel-mit-rollen\/#breadcrumb","itemListElement":[{"@type":"ListItem","position":1,"name":"Strona g\u0142\u00f3wna","item":"https:\/\/worldofflowerpots.com\/home\/"},{"@type":"ListItem","position":2,"name":"Pflanzk\u00fcbel mit rollen"}]},{"@type":"WebSite","@id":"https:\/\/worldofflowerpots.com\/#website","url":"https:\/\/worldofflowerpots.com\/","name":"World of Flowerpots","description":"producent donic ozdobnych","potentialAction":[{"@type":"SearchAction","target":{"@type":"EntryPoint","urlTemplate":"https:\/\/worldofflowerpots.com\/?s={search_term_string}"},"query-input":{"@type":"PropertyValueSpecification","valueRequired":true,"valueName":"search_term_string"}}],"inLanguage":"de-AUT"}]}},"_links":{"self":[{"href":"https:\/\/worldofflowerpots.com\/aut\/wp-json\/wp\/v2\/pages\/53859","targetHints":{"allow":["GET"]}}],"collection":[{"href":"https:\/\/worldofflowerpots.com\/aut\/wp-json\/wp\/v2\/pages"}],"about":[{"href":"https:\/\/worldofflowerpots.com\/aut\/wp-json\/wp\/v2\/types\/page"}],"author":[{"embeddable":true,"href":"https:\/\/worldofflowerpots.com\/aut\/wp-json\/wp\/v2\/users\/1"}],"replies":[{"embeddable":true,"href":"https:\/\/worldofflowerpots.com\/aut\/wp-json\/wp\/v2\/comments?post=53859"}],"version-history":[{"count":5,"href":"https:\/\/worldofflowerpots.com\/aut\/wp-json\/wp\/v2\/pages\/53859\/revisions"}],"predecessor-version":[{"id":55360,"href":"https:\/\/worldofflowerpots.com\/aut\/wp-json\/wp\/v2\/pages\/53859\/revisions\/55360"}],"wp:attachment":[{"href":"https:\/\/worldofflowerpots.com\/aut\/wp-json\/wp\/v2\/media?parent=53859"}],"curies":[{"name":"wp","href":"https:\/\/api.w.org\/{rel}","templated":true}]}}