{"id":53867,"date":"2019-02-19T16:00:07","date_gmt":"2019-02-19T15:00:07","guid":{"rendered":"https:\/\/worldofflowerpots.com\/feuerstelle-fur-garten\/"},"modified":"2019-03-12T00:26:05","modified_gmt":"2019-03-11T23:26:05","slug":"feuerstelle-fur-garten","status":"publish","type":"page","link":"https:\/\/worldofflowerpots.com\/aut\/feuerstelle-fur-garten\/","title":{"rendered":"Feuerstelle f\u00fcr garten"},"content":{"rendered":"<p>[vc_row bg_type=&#8221;image&#8221; parallax_style=&#8221;vcpb-default&#8221; bg_image_new=&#8221;id^51925|url^https:\/\/worldofflowerpots.com\/wp-content\/uploads\/2019\/01\/palenisko-metalowe-corten-w-ogrodzie-2.jpg|caption^null|alt^null|title^palenisko-metalowe-corten-w-ogrodzie|description^null&#8221; bg_image_repeat=&#8221;no-repeat&#8221; bg_override=&#8221;ex-full&#8221; enable_overlay=&#8221;enable_overlay_value&#8221; overlay_color=&#8221;rgba(0,0,0,0.2)&#8221; css=&#8221;.vc_custom_1548717412251{padding-top: 150px !important;padding-bottom: 150px !important;}&#8221;][vc_column offset=&#8221;vc_col-lg-offset-1 vc_col-lg-10 vc_col-md-offset-1 vc_col-md-10&#8243;]<div id=\"ultimate-heading-102469f37912adda0\" class=\"uvc-heading ult-adjust-bottom-margin ultimate-heading-102469f37912adda0 uvc-6707 \" data-hspacer=\"no_spacer\"  data-halign=\"center\" style=\"text-align:center\"><div class=\"uvc-heading-spacer no_spacer\" style=\"top\"><\/div><div class=\"uvc-main-heading ult-responsive\"  data-ultimate-target='.uvc-heading.ultimate-heading-102469f37912adda0 h2'  data-responsive-json-new='{\"font-size\":\"desktop:34px;mobile:24px;\",\"line-height\":\"desktop:44px;mobile:34px;\"}' ><h2 style=\"font-family:&#039;Poppins&#039;;font-weight:300;color:#ffffff;margin-bottom:42px;\">Klassische runde Feuerstelle f\u00fcr Garten aus robustem Cortenstahl<\/h2><\/div><div class=\"uvc-sub-heading ult-responsive\"  data-ultimate-target='.uvc-heading.ultimate-heading-102469f37912adda0 .uvc-sub-heading '  data-responsive-json-new='{\"font-size\":\"desktop:16px;\",\"line-height\":\"desktop:28px;\"}'  style=\"font-family:&#039;Open Sans&#039;;font-weight:normal;font-style:normal;color:#f4f4f4;\"><\/p>\n<div class=\"hidden-mob\">Eine Feuerstelle im Garten oder auch auf der Terrasse sorgt zu jeder Jahreszeit f\u00fcr eine gem\u00fctliche Atmosph\u00e4re hinter dem Haus. Daher ist diese Feuerstelle aus dem beliebten Material Cortenstahl, das einen leicht rostigen used Look bietet, auch eine gute Wahl f\u00fcr gro\u00dfe und kleine G\u00e4rten. Die runde Feuerstelle \u00fcberzeugt durch ihren flachen Aufbau, in dessen Mitte das prasselnde Feuer bis zum Verglimmen leuchten kann. Die tiefe Kuhle f\u00fcr das Feuer ist windgesch\u00fctzt gestaltet, so dass das offene Feuer in dem Cortenstahl Modell bei jedem Wetter sicher abgebrannt werden kann.<\/div>\n<div class=\"gap\" style=\"line-height: 10px; height: 10px;\"><\/div>\n<p><a class=\"link-inside\" href=\"https:\/\/wof-blumentopf.at\/shop\/\">MEHR INFO<\/a><\/div><\/div>[\/vc_column][\/vc_row][vc_row css=&#8221;.vc_custom_1548698054848{border-bottom-width: 1px !important;padding-top: 40px !important;padding-bottom: 20px !important;border-bottom-color: #ededed !important;border-bottom-style: solid !important;}&#8221;][vc_column css=&#8221;.vc_custom_1548516273032{padding-bottom: 30px !important;}&#8221; offset=&#8221;vc_col-lg-offset-1 vc_col-lg-10 vc_col-md-offset-1 vc_col-md-10&#8243;]<div id=\"ultimate-heading-973069f37912adeb8\" class=\"uvc-heading ult-adjust-bottom-margin ultimate-heading-973069f37912adeb8 uvc-6654 \" data-hspacer=\"no_spacer\"  data-halign=\"center\" style=\"text-align:center\"><div class=\"uvc-heading-spacer no_spacer\" style=\"top\"><\/div><div class=\"uvc-main-heading ult-responsive\"  data-ultimate-target='.uvc-heading.ultimate-heading-973069f37912adeb8 h2'  data-responsive-json-new='{\"font-size\":\"desktop:28px;mobile:20px;\",\"line-height\":\"desktop:38px;mobile:30px;\"}' ><h2 style=\"font-family:&#039;Poppins&#039;;font-weight:300;margin-bottom:42px;\">Optisch ansprechende Feuerstelle f\u00fcr Garten und Hof<\/h2><\/div><div class=\"uvc-sub-heading ult-responsive\"  data-ultimate-target='.uvc-heading.ultimate-heading-973069f37912adeb8 .uvc-sub-heading '  data-responsive-json-new='{\"font-size\":\"desktop:16px;\",\"line-height\":\"desktop:28px;\"}'  style=\"font-family:&#039;Open Sans&#039;;font-weight:300;\">Diese moderne Feuerstelle ist aus hochwertigem, leicht zu pflegendem Cortenstahl gefertigt. Inmitten der runden Feuerstelle wird das Feuer sicher und vor Wind gesch\u00fctzt abgebrannt. Der Cortenstahl steht stabil auf jedem Untergrund. In Kombination mit anderen dekorativen Elementen wie Kies oder auf einer mit Platten belegten Terrasse sieht die Feuerstelle besonders sch\u00f6n aus. Ein Feuer zaubert eine wilde Nat\u00fcrlichkeit in den Garten, das Alt und Jung fasziniert. Deshalb ist diese Feuerstelle aus robustem Cortenstahl, das sich an der Luft bei Wind und Wetter selbst reinigt und pflegt, eine gute Wahl.<\/p>\n<p>&nbsp;<\/div><\/div>[\/vc_column][vc_column css=&#8221;.vc_custom_1545305019274{padding-bottom: 30px !important;}&#8221;]<div class=\"woocommerce columns-4 \"><div class=\"wf-container dt-products  woo-hover products loading-effect-fade-in description-on-hover cart-btn-on-img wc-img-hover hide-description wc-grid\" data-padding=\"0px\" data-cur-page=\"1\" data-desktop-columns-num=\"4\" data-v-tablet-columns-num=\"2\" data-h-tablet-columns-num=\"3\" data-phone-columns-num=\"1\">\n\n<article class=\"post visible description-off tm-has-options product type-product post-53931 status-publish first instock product_cat-feuerstelle-fur-garten has-post-thumbnail shipping-taxable purchasable product-type-simple\">\n\n\t<figure class=\"woocom-project\">\n\t<div class=\"woo-buttons-on-img\">\n\n\t\t<a href=\"https:\/\/worldofflowerpots.com\/aut\/sortiment\/feuerstelle-fur-garten-fiamma\/\" class=\"alignnone layzr-bg\"><img loading=\"lazy\" decoding=\"async\" width=\"250\" height=\"188\" src=\"data:image\/svg+xml;charset=utf-8,%3Csvg xmlns%3D&#039;http%3A%2F%2Fwww.w3.org%2F2000%2Fsvg&#039; viewBox%3D&#039;0 0 250 188&#039;%2F%3E\" class=\"attachment-woocommerce_thumbnail size-woocommerce_thumbnail lazy-load preload-me\" alt=\"Feuerstelle f\u00fcr Garten Fiamma\" data-src=\"https:\/\/worldofflowerpots.com\/wp-content\/uploads\/2019\/01\/Feuerstelle-f\u00fcr-Garten-Fiamma-250x188.jpg\" \/><\/a>\t\t\n\n\t<\/div>\n\t<figcaption class=\"woocom-list-content\">\n\n\t\t<div class=\"woocommerce-product-details__short-description\">\n\t<p>Preis ist ohne Transportkosten<\/p>\n<p>Material : 3 mm Cortenstahl<br \/>\nGewicht :102kg<br \/>\nAbmessungen \u00f81200mm H400mm<br \/>\nRobust und Stabil<br \/>\nWetterfest<\/p>\n<\/div>\n\n\t<\/figcaption>\n<\/figure>\n<\/article>\n\n<\/div><\/div>[\/vc_column][\/vc_row][vc_row bg_type=&#8221;image&#8221; parallax_style=&#8221;vcpb-default&#8221; bg_image_new=&#8221;id^51928|url^https:\/\/worldofflowerpots.com\/wp-content\/uploads\/2019\/01\/palenisko-metalowe-corten-old-steel-na-tarasie-1.jpg|caption^null|alt^null|title^palenisko-metalowe-corten-old-steel-na-tarasie|description^null&#8221; bg_image_repeat=&#8221;no-repeat&#8221; bg_override=&#8221;ex-full&#8221; enable_overlay=&#8221;enable_overlay_value&#8221; overlay_color=&#8221;rgba(0,0,0,0.2)&#8221; css=&#8221;.vc_custom_1548717436976{padding-top: 150px !important;padding-bottom: 150px !important;}&#8221;][vc_column offset=&#8221;vc_col-lg-offset-1 vc_col-lg-10 vc_col-md-offset-1 vc_col-md-10&#8243;]<div id=\"ultimate-heading-468169f37912c5c4b\" class=\"uvc-heading ult-adjust-bottom-margin ultimate-heading-468169f37912c5c4b uvc-1662 \" data-hspacer=\"no_spacer\"  data-halign=\"center\" style=\"text-align:center\"><div class=\"uvc-heading-spacer no_spacer\" style=\"top\"><\/div><div class=\"uvc-main-heading ult-responsive\"  data-ultimate-target='.uvc-heading.ultimate-heading-468169f37912c5c4b h2'  data-responsive-json-new='{\"font-size\":\"desktop:34px;mobile:24px;\",\"line-height\":\"desktop:44px;mobile:34px;\"}' ><h2 style=\"font-family:&#039;Poppins&#039;;font-weight:300;color:#ffffff;margin-bottom:42px;\">Feuerstelle f\u00fcr Garten - das passende Modell finden<\/h2><\/div><div class=\"uvc-sub-heading ult-responsive\"  data-ultimate-target='.uvc-heading.ultimate-heading-468169f37912c5c4b .uvc-sub-heading '  data-responsive-json-new='{\"font-size\":\"desktop:16px;\",\"line-height\":\"desktop:28px;\"}'  style=\"font-family:&#039;Open Sans&#039;;font-weight:normal;font-style:normal;color:#f4f4f4;\"><\/p>\n<div class=\"hidden-mob\">Im Handel k\u00f6nnen zahlreiche unterschiedliche Feuerstellen f\u00fcr den eigenen Garten erworben werden. Einige verf\u00fcgen \u00fcber eine Steinumrandung, andere sind in Form eines Feuerkorbs oder einer Feuerschale gehalten. Auch sehr h\u00e4ufig werden Feuers\u00e4ulen oder Schwedenfeuer f\u00fcr diese Zwecke verwendet. Im Folgenden wird jedoch vor allem auf fest verankerte Feuerstellen eingegangen.<\/div>\n<div class=\"gap\" style=\"line-height: 10px; height: 10px;\"><\/div>\n<p><a class=\"link-inside\" href=\"https:\/\/wof-blumentopf.at\/shop\/\">MEHR INFO<\/a><\/div><\/div>[\/vc_column][\/vc_row][vc_row css=&#8221;.vc_custom_1545305025106{padding-top: 40px !important;padding-bottom: 60px !important;}&#8221;][vc_column offset=&#8221;vc_col-lg-offset-1 vc_col-lg-10 vc_col-md-offset-1 vc_col-md-10&#8243; css=&#8221;.vc_custom_1548699013583{padding-bottom: 30px !important;}&#8221;]<div id=\"ultimate-heading-477769f37912c5d0e\" class=\"uvc-heading ult-adjust-bottom-margin ultimate-heading-477769f37912c5d0e uvc-1713 \" data-hspacer=\"no_spacer\"  data-halign=\"center\" style=\"text-align:center\"><div class=\"uvc-heading-spacer no_spacer\" style=\"top\"><\/div><div class=\"uvc-main-heading ult-responsive\"  data-ultimate-target='.uvc-heading.ultimate-heading-477769f37912c5d0e h2'  data-responsive-json-new='{\"font-size\":\"desktop:28px;mobile:20px;\",\"line-height\":\"desktop:38px;mobile:30px;\"}' ><h2 style=\"font-family:&#039;Poppins&#039;;font-weight:300;margin-bottom:42px;\">Feuerstelle f\u00fcr Garten \u2013 Grillen und Chillen<\/h2><\/div><div class=\"uvc-sub-heading ult-responsive\"  data-ultimate-target='.uvc-heading.ultimate-heading-477769f37912c5d0e .uvc-sub-heading '  data-responsive-json-new='{\"font-size\":\"desktop:16px;\",\"line-height\":\"desktop:28px;\"}'  style=\"font-family:&#039;Open Sans&#039;;font-weight:300;\">F\u00fcr alle Gartenbesitzer, die gerne grillen, ist diese Feuerstelle aus Cortenstahl nicht nur ein optisch sch\u00f6ner Anblick. Diese Feuerstelle kann auch als Grill verwendet werden, so dass zu jeder Jahreszeit der Duft von Leckereien durch den Garten str\u00f6mt. Da das Material Cortenstahl leicht zu pflegen ist, sieht die Feuerstelle nach jedem Einsatz rasch wieder adrett aus. Die runde, flach gestaltete Feuerstelle steht sowohl auf der mit Platten belegten Terrasse als auch in einem raffiniert gestalteten Kiesbett sicher und fest. Der rostfarbene Stahl ist ein sch\u00f6ner Kontrast zum Steinboden.<\/p>\n<p>&nbsp;<\/div><\/div>[\/vc_column][\/vc_row]<\/p>\n","protected":false},"excerpt":{"rendered":"<p>[vc_row bg_type=&#8221;image&#8221; parallax_style=&#8221;vcpb-default&#8221; bg_image_new=&#8221;id^51925|url^https:\/\/worldofflowerpots.com\/wp-content\/uploads\/2019\/01\/palenisko-metalowe-corten-w-ogrodzie-2.jpg|caption^null|alt^null|title^palenisko-metalowe-corten-w-ogrodzie|description^null&#8221; bg_image_repeat=&#8221;no-repeat&#8221; bg_override=&#8221;ex-full&#8221; enable_overlay=&#8221;enable_overlay_value&#8221; overlay_color=&#8221;rgba(0,0,0,0.2)&#8221; css=&#8221;.vc_custom_1548717412251{padding-top: 150px !important;padding-bottom: 150px !important;}&#8221;][vc_column offset=&#8221;vc_col-lg-offset-1 vc_col-lg-10 vc_col-md-offset-1 vc_col-md-10&#8243;][\/vc_column][\/vc_row][vc_row css=&#8221;.vc_custom_1548698054848{border-bottom-width: 1px !important;padding-top: 40px !important;padding-bottom: 20px !important;border-bottom-color: #ededed !important;border-bottom-style: solid !important;}&#8221;][vc_column css=&#8221;.vc_custom_1548516273032{padding-bottom: 30px !important;}&#8221; offset=&#8221;vc_col-lg-offset-1 vc_col-lg-10 vc_col-md-offset-1 vc_col-md-10&#8243;][\/vc_column][vc_column css=&#8221;.vc_custom_1545305019274{padding-bottom: 30px !important;}&#8221;][\/vc_column][\/vc_row][vc_row bg_type=&#8221;image&#8221; parallax_style=&#8221;vcpb-default&#8221; bg_image_new=&#8221;id^51928|url^https:\/\/worldofflowerpots.com\/wp-content\/uploads\/2019\/01\/palenisko-metalowe-corten-old-steel-na-tarasie-1.jpg|caption^null|alt^null|title^palenisko-metalowe-corten-old-steel-na-tarasie|description^null&#8221; bg_image_repeat=&#8221;no-repeat&#8221; bg_override=&#8221;ex-full&#8221; enable_overlay=&#8221;enable_overlay_value&#8221; overlay_color=&#8221;rgba(0,0,0,0.2)&#8221; css=&#8221;.vc_custom_1548717436976{padding-top: 150px !important;padding-bottom: 150px !important;}&#8221;][vc_column offset=&#8221;vc_col-lg-offset-1 vc_col-lg-10 vc_col-md-offset-1 vc_col-md-10&#8243;][\/vc_column][\/vc_row][vc_row css=&#8221;.vc_custom_1545305025106{padding-top:&hellip;<\/p>\n","protected":false},"author":1,"featured_media":0,"parent":0,"menu_order":0,"comment_status":"closed","ping_status":"closed","template":"","meta":{"_acf_changed":false},"class_list":["post-53867","page","type-page","status-publish","hentry","description-off"],"acf":[],"yoast_head":"<!-- This site is optimized with the Yoast SEO plugin v27.5 - https:\/\/yoast.com\/product\/yoast-seo-wordpress\/ -->\n<title>Paleniska Corten jako materia\u0142 odporny na wysok\u0105 temperatur\u0119<\/title>\n<meta name=\"description\" content=\"Paleniska metalowe wykonane z nowoczesnej stali corten to element ma\u0142ej architektury ogrodowej, kt\u00f3ry \u0142\u0105czy w sobie atrakcyjny design\" \/>\n<meta name=\"robots\" content=\"index, follow, max-snippet:-1, max-image-preview:large, max-video-preview:-1\" \/>\n<link rel=\"canonical\" href=\"https:\/\/worldofflowerpots.com\/feuerstelle-fur-garten\/\" \/>\n<meta property=\"og:locale\" content=\"de_DE\" \/>\n<meta property=\"og:type\" content=\"article\" \/>\n<meta property=\"og:title\" content=\"Paleniska Corten jako materia\u0142 odporny na wysok\u0105 temperatur\u0119\" \/>\n<meta property=\"og:description\" content=\"Paleniska metalowe wykonane z nowoczesnej stali corten to element ma\u0142ej architektury ogrodowej, kt\u00f3ry \u0142\u0105czy w sobie atrakcyjny design\" \/>\n<meta property=\"og:url\" content=\"https:\/\/worldofflowerpots.com\/feuerstelle-fur-garten\/\" \/>\n<meta property=\"og:site_name\" content=\"World of Flowerpots\" \/>\n<meta property=\"article:modified_time\" content=\"2019-03-11T23:26:05+00:00\" \/>\n<meta name=\"twitter:card\" content=\"summary_large_image\" \/>\n<meta name=\"twitter:label1\" content=\"Est. reading time\" \/>\n\t<meta name=\"twitter:data1\" content=\"5 minutes\" \/>\n<script type=\"application\/ld+json\" class=\"yoast-schema-graph\">{\"@context\":\"https:\\\/\\\/schema.org\",\"@graph\":[{\"@type\":\"WebPage\",\"@id\":\"https:\\\/\\\/worldofflowerpots.com\\\/feuerstelle-fur-garten\\\/\",\"url\":\"https:\\\/\\\/worldofflowerpots.com\\\/feuerstelle-fur-garten\\\/\",\"name\":\"Paleniska Corten jako materia\u0142 odporny na wysok\u0105 temperatur\u0119\",\"isPartOf\":{\"@id\":\"https:\\\/\\\/worldofflowerpots.com\\\/#website\"},\"datePublished\":\"2019-02-19T15:00:07+00:00\",\"dateModified\":\"2019-03-11T23:26:05+00:00\",\"description\":\"Paleniska metalowe wykonane z nowoczesnej stali corten to element ma\u0142ej architektury ogrodowej, kt\u00f3ry \u0142\u0105czy w sobie atrakcyjny design\",\"breadcrumb\":{\"@id\":\"https:\\\/\\\/worldofflowerpots.com\\\/feuerstelle-fur-garten\\\/#breadcrumb\"},\"inLanguage\":\"de-AUT\",\"potentialAction\":[{\"@type\":\"ReadAction\",\"target\":[\"https:\\\/\\\/worldofflowerpots.com\\\/feuerstelle-fur-garten\\\/\"]}]},{\"@type\":\"BreadcrumbList\",\"@id\":\"https:\\\/\\\/worldofflowerpots.com\\\/feuerstelle-fur-garten\\\/#breadcrumb\",\"itemListElement\":[{\"@type\":\"ListItem\",\"position\":1,\"name\":\"Strona g\u0142\u00f3wna\",\"item\":\"https:\\\/\\\/worldofflowerpots.com\\\/home\\\/\"},{\"@type\":\"ListItem\",\"position\":2,\"name\":\"Feuerstelle f\u00fcr garten\"}]},{\"@type\":\"WebSite\",\"@id\":\"https:\\\/\\\/worldofflowerpots.com\\\/#website\",\"url\":\"https:\\\/\\\/worldofflowerpots.com\\\/\",\"name\":\"World of Flowerpots\",\"description\":\"producent donic ozdobnych\",\"potentialAction\":[{\"@type\":\"SearchAction\",\"target\":{\"@type\":\"EntryPoint\",\"urlTemplate\":\"https:\\\/\\\/worldofflowerpots.com\\\/?s={search_term_string}\"},\"query-input\":{\"@type\":\"PropertyValueSpecification\",\"valueRequired\":true,\"valueName\":\"search_term_string\"}}],\"inLanguage\":\"de-AUT\"}]}<\/script>\n<!-- \/ Yoast SEO plugin. -->","yoast_head_json":{"title":"Paleniska Corten jako materia\u0142 odporny na wysok\u0105 temperatur\u0119","description":"Paleniska metalowe wykonane z nowoczesnej stali corten to element ma\u0142ej architektury ogrodowej, kt\u00f3ry \u0142\u0105czy w sobie atrakcyjny design","robots":{"index":"index","follow":"follow","max-snippet":"max-snippet:-1","max-image-preview":"max-image-preview:large","max-video-preview":"max-video-preview:-1"},"canonical":"https:\/\/worldofflowerpots.com\/feuerstelle-fur-garten\/","og_locale":"de_DE","og_type":"article","og_title":"Paleniska Corten jako materia\u0142 odporny na wysok\u0105 temperatur\u0119","og_description":"Paleniska metalowe wykonane z nowoczesnej stali corten to element ma\u0142ej architektury ogrodowej, kt\u00f3ry \u0142\u0105czy w sobie atrakcyjny design","og_url":"https:\/\/worldofflowerpots.com\/feuerstelle-fur-garten\/","og_site_name":"World of Flowerpots","article_modified_time":"2019-03-11T23:26:05+00:00","twitter_card":"summary_large_image","twitter_misc":{"Est. reading time":"5 minutes"},"schema":{"@context":"https:\/\/schema.org","@graph":[{"@type":"WebPage","@id":"https:\/\/worldofflowerpots.com\/feuerstelle-fur-garten\/","url":"https:\/\/worldofflowerpots.com\/feuerstelle-fur-garten\/","name":"Paleniska Corten jako materia\u0142 odporny na wysok\u0105 temperatur\u0119","isPartOf":{"@id":"https:\/\/worldofflowerpots.com\/#website"},"datePublished":"2019-02-19T15:00:07+00:00","dateModified":"2019-03-11T23:26:05+00:00","description":"Paleniska metalowe wykonane z nowoczesnej stali corten to element ma\u0142ej architektury ogrodowej, kt\u00f3ry \u0142\u0105czy w sobie atrakcyjny design","breadcrumb":{"@id":"https:\/\/worldofflowerpots.com\/feuerstelle-fur-garten\/#breadcrumb"},"inLanguage":"de-AUT","potentialAction":[{"@type":"ReadAction","target":["https:\/\/worldofflowerpots.com\/feuerstelle-fur-garten\/"]}]},{"@type":"BreadcrumbList","@id":"https:\/\/worldofflowerpots.com\/feuerstelle-fur-garten\/#breadcrumb","itemListElement":[{"@type":"ListItem","position":1,"name":"Strona g\u0142\u00f3wna","item":"https:\/\/worldofflowerpots.com\/home\/"},{"@type":"ListItem","position":2,"name":"Feuerstelle f\u00fcr garten"}]},{"@type":"WebSite","@id":"https:\/\/worldofflowerpots.com\/#website","url":"https:\/\/worldofflowerpots.com\/","name":"World of Flowerpots","description":"producent donic ozdobnych","potentialAction":[{"@type":"SearchAction","target":{"@type":"EntryPoint","urlTemplate":"https:\/\/worldofflowerpots.com\/?s={search_term_string}"},"query-input":{"@type":"PropertyValueSpecification","valueRequired":true,"valueName":"search_term_string"}}],"inLanguage":"de-AUT"}]}},"_links":{"self":[{"href":"https:\/\/worldofflowerpots.com\/aut\/wp-json\/wp\/v2\/pages\/53867","targetHints":{"allow":["GET"]}}],"collection":[{"href":"https:\/\/worldofflowerpots.com\/aut\/wp-json\/wp\/v2\/pages"}],"about":[{"href":"https:\/\/worldofflowerpots.com\/aut\/wp-json\/wp\/v2\/types\/page"}],"author":[{"embeddable":true,"href":"https:\/\/worldofflowerpots.com\/aut\/wp-json\/wp\/v2\/users\/1"}],"replies":[{"embeddable":true,"href":"https:\/\/worldofflowerpots.com\/aut\/wp-json\/wp\/v2\/comments?post=53867"}],"version-history":[{"count":5,"href":"https:\/\/worldofflowerpots.com\/aut\/wp-json\/wp\/v2\/pages\/53867\/revisions"}],"predecessor-version":[{"id":55361,"href":"https:\/\/worldofflowerpots.com\/aut\/wp-json\/wp\/v2\/pages\/53867\/revisions\/55361"}],"wp:attachment":[{"href":"https:\/\/worldofflowerpots.com\/aut\/wp-json\/wp\/v2\/media?parent=53867"}],"curies":[{"name":"wp","href":"https:\/\/api.w.org\/{rel}","templated":true}]}}