{"id":53931,"date":"2019-01-18T15:13:37","date_gmt":"2019-01-18T14:13:37","guid":{"rendered":"https:\/\/worldofflowerpots.com\/sklep\/feuerstelle-fur-garten-fiamma\/"},"modified":"2019-04-11T13:51:07","modified_gmt":"2019-04-11T11:51:07","slug":"feuerstelle-fur-garten-fiamma","status":"publish","type":"product","link":"https:\/\/worldofflowerpots.com\/aut\/sortiment\/feuerstelle-fur-garten-fiamma\/","title":{"rendered":"Feuerstelle f\u00fcr Garten Fiamma"},"content":{"rendered":"<h2>Fiamma aus Cortenstahl<\/h2>\n<p>Eine Feuerstelle f\u00fcr Garten und Grosse Terrasse wird schnell zum attraktiven Treffpunkt f\u00fcr<br \/>\ndie ganze Familie oder ein Treffen mit Freunden. An diesem Ort stehen Ruhe und Entspannung im<br \/>\nVordergrund, auch die Romantik kommt hier nicht zu kurz. An k\u00fchlen Sommerabenden ist die<br \/>\nFeuerstelle f\u00fcr Garten eine exklusive M\u00f6glichkeit, eine W\u00e4rmequelle im Garten zu schaffen, um<br \/>\nhier auch an k\u00fchlen Tagen und Abenden viel Zeit im Au\u00dfenbereich zu verbringen.<\/p>\n<h2>Feuerstelle f\u00fcr Garten \u2013 Gartenarchitektur im attraktiven Design<\/h2>\n<p>Feuerstellen k\u00f6nnen in verschiedenen Formen und Materialien angefertigt sein, Hearth Stahl im<br \/>\nRetro-Stil ist praktisch in seiner Anwendung und dennoch im attraktiven Design. Die rot-goldene<br \/>\nRostfarbe verleiht der Feuerstelle ein besonderes Design, das Antiqued Metall ist besonders f\u00fcr<br \/>\nanspruchsvolle G\u00e4rten und Kunden geeignet. Funktionalit\u00e4t und Sch\u00f6nheit werden in einer<br \/>\nFeuerstelle vereint, diese kann im Garten, auf der Terrasse oder dem Balkon genutzt werden. Diese<br \/>\nFeuerstelle wird auf alle F\u00e4lle zum attraktiven Blickfang im eigenen Garten.<\/p>\n<h2>Die Feuerstelle auch als Ofen nutzbar<\/h2>\n<p>Die Feuerstelle kann auch als Ofen genutzt werden, um darin Kleinholz oder Biomasse zu<br \/>\nverbrennen. So kann die Feuerstelle f\u00fcr Garten als Alternative zum Grill oder Lagerfeuer genutzt<br \/>\nwerden. Die Feuerstelle kann an jeder Stelle des Gartens aufgestellt werden und sorgt gleichzeitig<br \/>\nf\u00fcr einen hohen Sicherheitsstandard beim Anz\u00fcnden und Verbrennen. Ein langer Aufenthalt im Freien<br \/>\nauch an k\u00fchlen Tagen kann so gew\u00e4hrleistet werden. Diese moderne und originelle Feuerstelle wertet<br \/>\nden Platz im Garten oder der Terrasse optisch auf und wird auf jeden Fall zum besonderen Blickfang.<\/p>\n","protected":false},"excerpt":{"rendered":"<p>Preis ist ohne Transportkosten<\/p>\n<p>Material : 3 mm Cortenstahl<br \/>\nGewicht :102kg<br \/>\nAbmessungen \u00f81200mm H400mm<br \/>\nRobust und Stabil<br \/>\nWetterfest<\/p>\n","protected":false},"featured_media":58489,"template":"","meta":{"_acf_changed":false},"product_brand":[],"product_cat":[391],"product_tag":[],"class_list":{"0":"post-53931","1":"product","2":"type-product","3":"status-publish","4":"has-post-thumbnail","6":"product_cat-feuerstelle-fur-garten","7":"description-off","8":"tm-has-options","10":"first","11":"instock","12":"shipping-taxable","13":"purchasable","14":"product-type-simple"},"acf":[],"yoast_head":"<!-- This site is optimized with the Yoast SEO plugin v27.5 - https:\/\/yoast.com\/product\/yoast-seo-wordpress\/ -->\n<title>Feuerstelle f\u00fcr Garten Fiamma | World of Flowerpots - producent donic ozdobnych<\/title>\n<meta name=\"robots\" content=\"index, follow, max-snippet:-1, max-image-preview:large, max-video-preview:-1\" \/>\n<link rel=\"canonical\" href=\"https:\/\/worldofflowerpots.com\/sklep\/feuerstelle-fur-garten-fiamma\/\" \/>\n<meta property=\"og:locale\" content=\"de_DE\" \/>\n<meta property=\"og:type\" content=\"article\" \/>\n<meta property=\"og:title\" content=\"Feuerstelle f\u00fcr Garten Fiamma | World of Flowerpots - producent donic ozdobnych\" \/>\n<meta property=\"og:description\" content=\"Preis ist ohne Transportkosten  Material : 3 mm Cortenstahl Gewicht :102kg Abmessungen \u00f81200mm H400mm Robust und Stabil Wetterfest\" \/>\n<meta property=\"og:url\" content=\"https:\/\/worldofflowerpots.com\/sklep\/feuerstelle-fur-garten-fiamma\/\" \/>\n<meta property=\"og:site_name\" content=\"World of Flowerpots\" \/>\n<meta property=\"article:modified_time\" content=\"2019-04-11T11:51:07+00:00\" \/>\n<meta property=\"og:image\" content=\"https:\/\/worldofflowerpots.com\/wp-content\/uploads\/2019\/01\/Feuerstelle-f\u00fcr-Garten-Fiamma.jpg\" \/>\n\t<meta property=\"og:image:width\" content=\"1920\" \/>\n\t<meta property=\"og:image:height\" content=\"1080\" \/>\n\t<meta property=\"og:image:type\" content=\"image\/jpeg\" \/>\n<meta name=\"twitter:card\" content=\"summary_large_image\" \/>\n<meta name=\"twitter:label1\" content=\"Est. reading time\" \/>\n\t<meta name=\"twitter:data1\" content=\"1 minute\" \/>\n<script type=\"application\/ld+json\" class=\"yoast-schema-graph\">{\"@context\":\"https:\\\/\\\/schema.org\",\"@graph\":[{\"@type\":\"WebPage\",\"@id\":\"https:\\\/\\\/worldofflowerpots.com\\\/sklep\\\/feuerstelle-fur-garten-fiamma\\\/\",\"url\":\"https:\\\/\\\/worldofflowerpots.com\\\/sklep\\\/feuerstelle-fur-garten-fiamma\\\/\",\"name\":\"Feuerstelle f\u00fcr Garten Fiamma | World of Flowerpots - producent donic ozdobnych\",\"isPartOf\":{\"@id\":\"https:\\\/\\\/worldofflowerpots.com\\\/#website\"},\"primaryImageOfPage\":{\"@id\":\"https:\\\/\\\/worldofflowerpots.com\\\/sklep\\\/feuerstelle-fur-garten-fiamma\\\/#primaryimage\"},\"image\":{\"@id\":\"https:\\\/\\\/worldofflowerpots.com\\\/sklep\\\/feuerstelle-fur-garten-fiamma\\\/#primaryimage\"},\"thumbnailUrl\":\"https:\\\/\\\/worldofflowerpots.com\\\/wp-content\\\/uploads\\\/2019\\\/01\\\/Feuerstelle-f\u00fcr-Garten-Fiamma.jpg\",\"datePublished\":\"2019-01-18T14:13:37+00:00\",\"dateModified\":\"2019-04-11T11:51:07+00:00\",\"breadcrumb\":{\"@id\":\"https:\\\/\\\/worldofflowerpots.com\\\/sklep\\\/feuerstelle-fur-garten-fiamma\\\/#breadcrumb\"},\"inLanguage\":\"de-AUT\",\"potentialAction\":[{\"@type\":\"ReadAction\",\"target\":[\"https:\\\/\\\/worldofflowerpots.com\\\/sklep\\\/feuerstelle-fur-garten-fiamma\\\/\"]}]},{\"@type\":\"ImageObject\",\"inLanguage\":\"de-AUT\",\"@id\":\"https:\\\/\\\/worldofflowerpots.com\\\/sklep\\\/feuerstelle-fur-garten-fiamma\\\/#primaryimage\",\"url\":\"https:\\\/\\\/worldofflowerpots.com\\\/wp-content\\\/uploads\\\/2019\\\/01\\\/Feuerstelle-f\u00fcr-Garten-Fiamma.jpg\",\"contentUrl\":\"https:\\\/\\\/worldofflowerpots.com\\\/wp-content\\\/uploads\\\/2019\\\/01\\\/Feuerstelle-f\u00fcr-Garten-Fiamma.jpg\",\"width\":1920,\"height\":1080},{\"@type\":\"BreadcrumbList\",\"@id\":\"https:\\\/\\\/worldofflowerpots.com\\\/sklep\\\/feuerstelle-fur-garten-fiamma\\\/#breadcrumb\",\"itemListElement\":[{\"@type\":\"ListItem\",\"position\":1,\"name\":\"Strona g\u0142\u00f3wna\",\"item\":\"https:\\\/\\\/worldofflowerpots.com\\\/home\\\/\"},{\"@type\":\"ListItem\",\"position\":2,\"name\":\"Shop\",\"item\":\"https:\\\/\\\/worldofflowerpots.com\\\/sortiment\\\/\"},{\"@type\":\"ListItem\",\"position\":3,\"name\":\"Feuerstelle f\u00fcr Garten Fiamma\"}]},{\"@type\":\"WebSite\",\"@id\":\"https:\\\/\\\/worldofflowerpots.com\\\/#website\",\"url\":\"https:\\\/\\\/worldofflowerpots.com\\\/\",\"name\":\"World of Flowerpots\",\"description\":\"producent donic ozdobnych\",\"potentialAction\":[{\"@type\":\"SearchAction\",\"target\":{\"@type\":\"EntryPoint\",\"urlTemplate\":\"https:\\\/\\\/worldofflowerpots.com\\\/?s={search_term_string}\"},\"query-input\":{\"@type\":\"PropertyValueSpecification\",\"valueRequired\":true,\"valueName\":\"search_term_string\"}}],\"inLanguage\":\"de-AUT\"}]}<\/script>\n<!-- \/ Yoast SEO plugin. -->","yoast_head_json":{"title":"Feuerstelle f\u00fcr Garten Fiamma | World of Flowerpots - producent donic ozdobnych","robots":{"index":"index","follow":"follow","max-snippet":"max-snippet:-1","max-image-preview":"max-image-preview:large","max-video-preview":"max-video-preview:-1"},"canonical":"https:\/\/worldofflowerpots.com\/sklep\/feuerstelle-fur-garten-fiamma\/","og_locale":"de_DE","og_type":"article","og_title":"Feuerstelle f\u00fcr Garten Fiamma | World of Flowerpots - producent donic ozdobnych","og_description":"Preis ist ohne Transportkosten  Material : 3 mm Cortenstahl Gewicht :102kg Abmessungen \u00f81200mm H400mm Robust und Stabil Wetterfest","og_url":"https:\/\/worldofflowerpots.com\/sklep\/feuerstelle-fur-garten-fiamma\/","og_site_name":"World of Flowerpots","article_modified_time":"2019-04-11T11:51:07+00:00","og_image":[{"width":1920,"height":1080,"url":"https:\/\/worldofflowerpots.com\/wp-content\/uploads\/2019\/01\/Feuerstelle-f\u00fcr-Garten-Fiamma.jpg","type":"image\/jpeg"}],"twitter_card":"summary_large_image","twitter_misc":{"Est. reading time":"1 minute"},"schema":{"@context":"https:\/\/schema.org","@graph":[{"@type":"WebPage","@id":"https:\/\/worldofflowerpots.com\/sklep\/feuerstelle-fur-garten-fiamma\/","url":"https:\/\/worldofflowerpots.com\/sklep\/feuerstelle-fur-garten-fiamma\/","name":"Feuerstelle f\u00fcr Garten Fiamma | World of Flowerpots - producent donic ozdobnych","isPartOf":{"@id":"https:\/\/worldofflowerpots.com\/#website"},"primaryImageOfPage":{"@id":"https:\/\/worldofflowerpots.com\/sklep\/feuerstelle-fur-garten-fiamma\/#primaryimage"},"image":{"@id":"https:\/\/worldofflowerpots.com\/sklep\/feuerstelle-fur-garten-fiamma\/#primaryimage"},"thumbnailUrl":"https:\/\/worldofflowerpots.com\/wp-content\/uploads\/2019\/01\/Feuerstelle-f\u00fcr-Garten-Fiamma.jpg","datePublished":"2019-01-18T14:13:37+00:00","dateModified":"2019-04-11T11:51:07+00:00","breadcrumb":{"@id":"https:\/\/worldofflowerpots.com\/sklep\/feuerstelle-fur-garten-fiamma\/#breadcrumb"},"inLanguage":"de-AUT","potentialAction":[{"@type":"ReadAction","target":["https:\/\/worldofflowerpots.com\/sklep\/feuerstelle-fur-garten-fiamma\/"]}]},{"@type":"ImageObject","inLanguage":"de-AUT","@id":"https:\/\/worldofflowerpots.com\/sklep\/feuerstelle-fur-garten-fiamma\/#primaryimage","url":"https:\/\/worldofflowerpots.com\/wp-content\/uploads\/2019\/01\/Feuerstelle-f\u00fcr-Garten-Fiamma.jpg","contentUrl":"https:\/\/worldofflowerpots.com\/wp-content\/uploads\/2019\/01\/Feuerstelle-f\u00fcr-Garten-Fiamma.jpg","width":1920,"height":1080},{"@type":"BreadcrumbList","@id":"https:\/\/worldofflowerpots.com\/sklep\/feuerstelle-fur-garten-fiamma\/#breadcrumb","itemListElement":[{"@type":"ListItem","position":1,"name":"Strona g\u0142\u00f3wna","item":"https:\/\/worldofflowerpots.com\/home\/"},{"@type":"ListItem","position":2,"name":"Shop","item":"https:\/\/worldofflowerpots.com\/sortiment\/"},{"@type":"ListItem","position":3,"name":"Feuerstelle f\u00fcr Garten Fiamma"}]},{"@type":"WebSite","@id":"https:\/\/worldofflowerpots.com\/#website","url":"https:\/\/worldofflowerpots.com\/","name":"World of Flowerpots","description":"producent donic ozdobnych","potentialAction":[{"@type":"SearchAction","target":{"@type":"EntryPoint","urlTemplate":"https:\/\/worldofflowerpots.com\/?s={search_term_string}"},"query-input":{"@type":"PropertyValueSpecification","valueRequired":true,"valueName":"search_term_string"}}],"inLanguage":"de-AUT"}]}},"_links":{"self":[{"href":"https:\/\/worldofflowerpots.com\/aut\/wp-json\/wp\/v2\/product\/53931","targetHints":{"allow":["GET"]}}],"collection":[{"href":"https:\/\/worldofflowerpots.com\/aut\/wp-json\/wp\/v2\/product"}],"about":[{"href":"https:\/\/worldofflowerpots.com\/aut\/wp-json\/wp\/v2\/types\/product"}],"wp:featuredmedia":[{"embeddable":true,"href":"https:\/\/worldofflowerpots.com\/aut\/wp-json\/wp\/v2\/media\/58489"}],"wp:attachment":[{"href":"https:\/\/worldofflowerpots.com\/aut\/wp-json\/wp\/v2\/media?parent=53931"}],"wp:term":[{"taxonomy":"product_brand","embeddable":true,"href":"https:\/\/worldofflowerpots.com\/aut\/wp-json\/wp\/v2\/product_brand?post=53931"},{"taxonomy":"product_cat","embeddable":true,"href":"https:\/\/worldofflowerpots.com\/aut\/wp-json\/wp\/v2\/product_cat?post=53931"},{"taxonomy":"product_tag","embeddable":true,"href":"https:\/\/worldofflowerpots.com\/aut\/wp-json\/wp\/v2\/product_tag?post=53931"}],"curies":[{"name":"wp","href":"https:\/\/api.w.org\/{rel}","templated":true}]}}