{"id":53938,"date":"2019-01-18T15:13:12","date_gmt":"2019-01-18T14:13:12","guid":{"rendered":"https:\/\/worldofflowerpots.com\/sklep\/pflanztrog-metall-tiziano-2\/"},"modified":"2019-04-12T09:17:27","modified_gmt":"2019-04-12T07:17:27","slug":"pflanztrog-metall-tiziano-2","status":"publish","type":"product","link":"https:\/\/worldofflowerpots.com\/aut\/sortiment\/pflanztrog-metall-tiziano-2\/","title":{"rendered":"Pflanztrog Metall Tiziano 2"},"content":{"rendered":"<h2>Rundes Pflanztrog metall Aluminium Tiziano 2<\/h2>\n<p>Der grosse runde pflanztrog metall Tiziano 2 aus Aluminium ist nicht nur ein sehr hochwertiger K\u00fcbel, er besticht zudem auch mit seinem exklusiven Design. Besonders in der Farbe Anthrazit macht das Pflanzengef\u00e4\u00df eine perfekte Figur und f\u00fcgt sich sehr gut in eine vorhandene Einrichtung ein. Egal, ob auf der heimischen Terrasse, am Balkon oder im Eingangsbereich eines Unternehmens, der pflanztrog sorgt stets f\u00fcr einen angenehmen Blickfang. Hergestellt aus Metall, bietet der Pflanzenk\u00fcbel nat\u00fcrlich auch eine lange Haltbarkeit. Pflanzen und Blumen die ein wenig mehr Platz ben\u00f6tigen, werden sich im Pflanzenk\u00fcbel Anthrazit Tiziano 2 sicherlich sehr wohl f\u00fchlen. Sollte die Farbe Anthrazit nicht den W\u00fcnschen und Vorstellungen entsprechen, k\u00f6nnen Sie den Blumentopf selbstverst\u00e4ndlich auch in jeder RAL Farbe bestellen. Die Serie Tiziano \u00fcberzeugt in allen Facetten mit einer ansprechender Optik und einer sehr guten Verarbeitung.<\/p>\n<h2>Der K\u00fcbel ist komplett in ovale Form und zeitlos gestaltet<\/h2>\n<p>Wenn Sie auf der Suche nach einem einzigartigen und zugleich langlebigen Pflanzengef\u00e4\u00df sind, haben Sie mit dem Blumentopf sicherlich die richtige Entscheidung getroffen.Trotz des hohen Gewichtes, kann der pflanztrog metall jedoch m\u00fchelos transportiert werden. Ein au\u00dfergew\u00f6hnliches Design, eine hochwertige Verarbeitung und nat\u00fcrlich das gro\u00dfz\u00fcgige Platzangebot f\u00fcr verschiedenste Blumen und Pflanzen runden das Angebot der Serie Tiziano ab.Tiziano 2 ist ein Grosserunde Pflanzk\u00fcbel aus Metall in einem sehr ansprechenden Design. Der Rand wurde oben komplett abgerundet. Sie erhalten den grosse pflanzk\u00fcbel in anthrazit sowie in wei\u00df und grau.<\/p>\n<h2>F\u00fcr die n\u00f6tige Stabilit\u00e4t sorgt das hohe Gewicht des Pflanzk\u00fcbels<\/h2>\n<p>Mit einem Gewicht von 24 Kilogramm l\u00e4sst sich der grosse K\u00fcbel noch gut transportieren. Trotzdem k\u00f6nnen relativ gro\u00dfe Pflanzen in den, im Durchmesser 800mm, gro\u00dfen und bis zu 400 Liter fassenden grosse Pflanzk\u00fcbel gestellt werden. Er ist besonders f\u00fcr repr\u00e4sentative Eingangsbereiche geeignet. Ab einer Bestellmenge von 5 St\u00fcck, k\u00f6nnen Sie das Model auch mit einer RAL Farbe bestellen.<\/p>\n","protected":false},"excerpt":{"rendered":"<p>Material: 2 mm Aluminiumblech<br \/>\nFarbe: Pulverbeschichtung<br \/>\nStandard: RAL9016,7012,7021<br \/>\nAb 5 St\u00fcck jede Ral Farbe m\u00f6glich<br \/>\nGewicht : 24kg<br \/>\nAbmessungen \u2205800mm H800mm<br \/>\nUV-resistent, Wetterfest<br \/>\nFrostbest\u00e4ndig bei gew\u00e4hrleistetem Wasserablauf<\/p>\n","protected":false},"featured_media":58782,"template":"","meta":{"_acf_changed":false},"product_brand":[],"product_cat":[392],"product_tag":[],"class_list":{"0":"post-53938","1":"product","2":"type-product","3":"status-publish","4":"has-post-thumbnail","6":"product_cat-pflanzkubel-aluminium","7":"description-off","8":"tm-has-options","10":"first","11":"instock","12":"shipping-taxable","13":"purchasable","14":"product-type-simple"},"acf":[],"yoast_head":"<!-- This site is optimized with the Yoast SEO plugin v27.5 - https:\/\/yoast.com\/product\/yoast-seo-wordpress\/ -->\n<title>Pflanztrog Metall Tiziano 2 | World of Flowerpots - producent donic ozdobnych<\/title>\n<meta name=\"robots\" content=\"index, follow, max-snippet:-1, max-image-preview:large, max-video-preview:-1\" \/>\n<link rel=\"canonical\" href=\"https:\/\/worldofflowerpots.com\/sklep\/pflanztrog-metall-tiziano-2\/\" \/>\n<meta property=\"og:locale\" content=\"de_DE\" \/>\n<meta property=\"og:type\" content=\"article\" \/>\n<meta property=\"og:title\" content=\"Pflanztrog Metall Tiziano 2 | World of Flowerpots - producent donic ozdobnych\" \/>\n<meta property=\"og:description\" content=\"Material: 2 mm Aluminiumblech Farbe: Pulverbeschichtung Standard: RAL9016,7012,7021 Ab 5 St\u00fcck jede Ral Farbe m\u00f6glich Gewicht : 24kg Abmessungen \u2205800mm H800mm UV-resistent, Wetterfest Frostbest\u00e4ndig bei gew\u00e4hrleistetem Wasserablauf\" \/>\n<meta property=\"og:url\" content=\"https:\/\/worldofflowerpots.com\/sklep\/pflanztrog-metall-tiziano-2\/\" \/>\n<meta property=\"og:site_name\" content=\"World of Flowerpots\" \/>\n<meta property=\"article:modified_time\" content=\"2019-04-12T07:17:27+00:00\" \/>\n<meta property=\"og:image\" content=\"https:\/\/worldofflowerpots.com\/wp-content\/uploads\/2019\/01\/pflanztrog-metall-Tiziano-2.jpg\" \/>\n\t<meta property=\"og:image:width\" content=\"2280\" \/>\n\t<meta property=\"og:image:height\" content=\"1612\" \/>\n\t<meta property=\"og:image:type\" content=\"image\/jpeg\" \/>\n<meta name=\"twitter:card\" content=\"summary_large_image\" \/>\n<meta name=\"twitter:label1\" content=\"Est. reading time\" \/>\n\t<meta name=\"twitter:data1\" content=\"2 minutes\" \/>\n<script type=\"application\/ld+json\" class=\"yoast-schema-graph\">{\"@context\":\"https:\\\/\\\/schema.org\",\"@graph\":[{\"@type\":\"WebPage\",\"@id\":\"https:\\\/\\\/worldofflowerpots.com\\\/sklep\\\/pflanztrog-metall-tiziano-2\\\/\",\"url\":\"https:\\\/\\\/worldofflowerpots.com\\\/sklep\\\/pflanztrog-metall-tiziano-2\\\/\",\"name\":\"Pflanztrog Metall Tiziano 2 | World of Flowerpots - producent donic ozdobnych\",\"isPartOf\":{\"@id\":\"https:\\\/\\\/worldofflowerpots.com\\\/#website\"},\"primaryImageOfPage\":{\"@id\":\"https:\\\/\\\/worldofflowerpots.com\\\/sklep\\\/pflanztrog-metall-tiziano-2\\\/#primaryimage\"},\"image\":{\"@id\":\"https:\\\/\\\/worldofflowerpots.com\\\/sklep\\\/pflanztrog-metall-tiziano-2\\\/#primaryimage\"},\"thumbnailUrl\":\"https:\\\/\\\/worldofflowerpots.com\\\/wp-content\\\/uploads\\\/2019\\\/01\\\/pflanztrog-metall-Tiziano-2.jpg\",\"datePublished\":\"2019-01-18T14:13:12+00:00\",\"dateModified\":\"2019-04-12T07:17:27+00:00\",\"breadcrumb\":{\"@id\":\"https:\\\/\\\/worldofflowerpots.com\\\/sklep\\\/pflanztrog-metall-tiziano-2\\\/#breadcrumb\"},\"inLanguage\":\"de-AUT\",\"potentialAction\":[{\"@type\":\"ReadAction\",\"target\":[\"https:\\\/\\\/worldofflowerpots.com\\\/sklep\\\/pflanztrog-metall-tiziano-2\\\/\"]}]},{\"@type\":\"ImageObject\",\"inLanguage\":\"de-AUT\",\"@id\":\"https:\\\/\\\/worldofflowerpots.com\\\/sklep\\\/pflanztrog-metall-tiziano-2\\\/#primaryimage\",\"url\":\"https:\\\/\\\/worldofflowerpots.com\\\/wp-content\\\/uploads\\\/2019\\\/01\\\/pflanztrog-metall-Tiziano-2.jpg\",\"contentUrl\":\"https:\\\/\\\/worldofflowerpots.com\\\/wp-content\\\/uploads\\\/2019\\\/01\\\/pflanztrog-metall-Tiziano-2.jpg\",\"width\":2280,\"height\":1612},{\"@type\":\"BreadcrumbList\",\"@id\":\"https:\\\/\\\/worldofflowerpots.com\\\/sklep\\\/pflanztrog-metall-tiziano-2\\\/#breadcrumb\",\"itemListElement\":[{\"@type\":\"ListItem\",\"position\":1,\"name\":\"Strona g\u0142\u00f3wna\",\"item\":\"https:\\\/\\\/worldofflowerpots.com\\\/home\\\/\"},{\"@type\":\"ListItem\",\"position\":2,\"name\":\"Shop\",\"item\":\"https:\\\/\\\/worldofflowerpots.com\\\/sortiment\\\/\"},{\"@type\":\"ListItem\",\"position\":3,\"name\":\"Pflanztrog Metall Tiziano 2\"}]},{\"@type\":\"WebSite\",\"@id\":\"https:\\\/\\\/worldofflowerpots.com\\\/#website\",\"url\":\"https:\\\/\\\/worldofflowerpots.com\\\/\",\"name\":\"World of Flowerpots\",\"description\":\"producent donic ozdobnych\",\"potentialAction\":[{\"@type\":\"SearchAction\",\"target\":{\"@type\":\"EntryPoint\",\"urlTemplate\":\"https:\\\/\\\/worldofflowerpots.com\\\/?s={search_term_string}\"},\"query-input\":{\"@type\":\"PropertyValueSpecification\",\"valueRequired\":true,\"valueName\":\"search_term_string\"}}],\"inLanguage\":\"de-AUT\"}]}<\/script>\n<!-- \/ Yoast SEO plugin. -->","yoast_head_json":{"title":"Pflanztrog Metall Tiziano 2 | World of Flowerpots - producent donic ozdobnych","robots":{"index":"index","follow":"follow","max-snippet":"max-snippet:-1","max-image-preview":"max-image-preview:large","max-video-preview":"max-video-preview:-1"},"canonical":"https:\/\/worldofflowerpots.com\/sklep\/pflanztrog-metall-tiziano-2\/","og_locale":"de_DE","og_type":"article","og_title":"Pflanztrog Metall Tiziano 2 | World of Flowerpots - producent donic ozdobnych","og_description":"Material: 2 mm Aluminiumblech Farbe: Pulverbeschichtung Standard: RAL9016,7012,7021 Ab 5 St\u00fcck jede Ral Farbe m\u00f6glich Gewicht : 24kg Abmessungen \u2205800mm H800mm UV-resistent, Wetterfest Frostbest\u00e4ndig bei gew\u00e4hrleistetem Wasserablauf","og_url":"https:\/\/worldofflowerpots.com\/sklep\/pflanztrog-metall-tiziano-2\/","og_site_name":"World of Flowerpots","article_modified_time":"2019-04-12T07:17:27+00:00","og_image":[{"width":2280,"height":1612,"url":"https:\/\/worldofflowerpots.com\/wp-content\/uploads\/2019\/01\/pflanztrog-metall-Tiziano-2.jpg","type":"image\/jpeg"}],"twitter_card":"summary_large_image","twitter_misc":{"Est. reading time":"2 minutes"},"schema":{"@context":"https:\/\/schema.org","@graph":[{"@type":"WebPage","@id":"https:\/\/worldofflowerpots.com\/sklep\/pflanztrog-metall-tiziano-2\/","url":"https:\/\/worldofflowerpots.com\/sklep\/pflanztrog-metall-tiziano-2\/","name":"Pflanztrog Metall Tiziano 2 | World of Flowerpots - producent donic ozdobnych","isPartOf":{"@id":"https:\/\/worldofflowerpots.com\/#website"},"primaryImageOfPage":{"@id":"https:\/\/worldofflowerpots.com\/sklep\/pflanztrog-metall-tiziano-2\/#primaryimage"},"image":{"@id":"https:\/\/worldofflowerpots.com\/sklep\/pflanztrog-metall-tiziano-2\/#primaryimage"},"thumbnailUrl":"https:\/\/worldofflowerpots.com\/wp-content\/uploads\/2019\/01\/pflanztrog-metall-Tiziano-2.jpg","datePublished":"2019-01-18T14:13:12+00:00","dateModified":"2019-04-12T07:17:27+00:00","breadcrumb":{"@id":"https:\/\/worldofflowerpots.com\/sklep\/pflanztrog-metall-tiziano-2\/#breadcrumb"},"inLanguage":"de-AUT","potentialAction":[{"@type":"ReadAction","target":["https:\/\/worldofflowerpots.com\/sklep\/pflanztrog-metall-tiziano-2\/"]}]},{"@type":"ImageObject","inLanguage":"de-AUT","@id":"https:\/\/worldofflowerpots.com\/sklep\/pflanztrog-metall-tiziano-2\/#primaryimage","url":"https:\/\/worldofflowerpots.com\/wp-content\/uploads\/2019\/01\/pflanztrog-metall-Tiziano-2.jpg","contentUrl":"https:\/\/worldofflowerpots.com\/wp-content\/uploads\/2019\/01\/pflanztrog-metall-Tiziano-2.jpg","width":2280,"height":1612},{"@type":"BreadcrumbList","@id":"https:\/\/worldofflowerpots.com\/sklep\/pflanztrog-metall-tiziano-2\/#breadcrumb","itemListElement":[{"@type":"ListItem","position":1,"name":"Strona g\u0142\u00f3wna","item":"https:\/\/worldofflowerpots.com\/home\/"},{"@type":"ListItem","position":2,"name":"Shop","item":"https:\/\/worldofflowerpots.com\/sortiment\/"},{"@type":"ListItem","position":3,"name":"Pflanztrog Metall Tiziano 2"}]},{"@type":"WebSite","@id":"https:\/\/worldofflowerpots.com\/#website","url":"https:\/\/worldofflowerpots.com\/","name":"World of Flowerpots","description":"producent donic ozdobnych","potentialAction":[{"@type":"SearchAction","target":{"@type":"EntryPoint","urlTemplate":"https:\/\/worldofflowerpots.com\/?s={search_term_string}"},"query-input":{"@type":"PropertyValueSpecification","valueRequired":true,"valueName":"search_term_string"}}],"inLanguage":"de-AUT"}]}},"_links":{"self":[{"href":"https:\/\/worldofflowerpots.com\/aut\/wp-json\/wp\/v2\/product\/53938","targetHints":{"allow":["GET"]}}],"collection":[{"href":"https:\/\/worldofflowerpots.com\/aut\/wp-json\/wp\/v2\/product"}],"about":[{"href":"https:\/\/worldofflowerpots.com\/aut\/wp-json\/wp\/v2\/types\/product"}],"wp:featuredmedia":[{"embeddable":true,"href":"https:\/\/worldofflowerpots.com\/aut\/wp-json\/wp\/v2\/media\/58782"}],"wp:attachment":[{"href":"https:\/\/worldofflowerpots.com\/aut\/wp-json\/wp\/v2\/media?parent=53938"}],"wp:term":[{"taxonomy":"product_brand","embeddable":true,"href":"https:\/\/worldofflowerpots.com\/aut\/wp-json\/wp\/v2\/product_brand?post=53938"},{"taxonomy":"product_cat","embeddable":true,"href":"https:\/\/worldofflowerpots.com\/aut\/wp-json\/wp\/v2\/product_cat?post=53938"},{"taxonomy":"product_tag","embeddable":true,"href":"https:\/\/worldofflowerpots.com\/aut\/wp-json\/wp\/v2\/product_tag?post=53938"}],"curies":[{"name":"wp","href":"https:\/\/api.w.org\/{rel}","templated":true}]}}