{"id":53941,"date":"2019-01-18T15:12:51","date_gmt":"2019-01-18T14:12:51","guid":{"rendered":"https:\/\/worldofflowerpots.com\/sklep\/pflanzgefasse-metall-silvestro-2\/"},"modified":"2019-04-12T09:26:21","modified_gmt":"2019-04-12T07:26:21","slug":"pflanzgefasse-metall-silvestro-2","status":"publish","type":"product","link":"https:\/\/worldofflowerpots.com\/aut\/sortiment\/pflanzgefasse-metall-silvestro-2\/","title":{"rendered":"Pflanzgef\u00e4sse Metall Silvestro 2"},"content":{"rendered":"<h2>Pflanzengef\u00e4sse Metall: Stilvoll, individuell und edel<\/h2>\n<p>Pflanzengef\u00e4sse metall sind ein Eyecatcher, der optisch die Blicke auf sich zieht und Pflanzen sicher unterbringt. Statt Mainstream bieten Pflanzenk\u00fcbel viel Raum f\u00fcr individuelle Gestaltung und vereinen Funktion mit Design. Ob auf der Dachterrasse, im Garten oder der Au\u00dfenterrasse. Ein Blumenk\u00fcbel zeugt von gehobenem Geschmack und schafft eine stilvolle Atmosph\u00e4re im Freien.<\/p>\n<h2>Pflanzenk\u00fcbel: Allrounder mit Individualit\u00e4t<\/h2>\n<p>Ein Pflanzenk\u00fcbel kann auf die gestalterischen Anspr\u00fcche angepasst werden und findet \u00fcberall dort Platz, wo Gr\u00fcnes oder Blumen Einzug finden sollen. Ob einzeln oder in der Gruppe arrangiert. Pflanzengef\u00e4sse Metall ziehen die Blicke auf sich und sorgen f\u00fcr Atmosph\u00e4re. Ob romantisch, verspielt oder puristitisch. Ein Pflanzenk\u00fcbel wirkt hochwertig und wertet Garten oder Terrasse optisch auf. Blumenk\u00fcbel geben Pflanzen das richtige Zuhause, denn sie sorgen f\u00fcr eine optimale Unterbringung. Blumen in allen Farben k\u00f6nnen in einem passenden Blumenk\u00fcbel anthrazit perfekt in Szene gesetzt werden. Die neutrale und edle Farbe gibt den Blumen die richtige Umgebung, um zu wirken. Auf einem Balkon sorgt der Blumenk\u00fcbel anthrazit f\u00fcr Akzente und auf einer Dachterrasse schafft er eine edle Atmosph\u00e4re.<\/p>\n<h2>Blumenk\u00fcbel setzen Pflanzen in Szene<\/h2>\n<p>Edel und im Design an die eigenen Anspr\u00fcche anpassbar sorgen Blumenk\u00fcbel in anthrazit f\u00fcr einen Anblick, der \u00fcberzeugt.Mit Silvestro 2 ist ein Pflanzk\u00fcbel aus Metall auf dem Markt der auch h\u00f6chsten Anspr\u00fcchen gerecht wird.Mit einem Au\u00dfendurchmesser von 800mm ist der Pflanzk\u00fcbel ausreichend gro\u00df und dient als Schmuckst\u00fcck in vielen Lebenslagen. So kann der K\u00fcbel in Privatwohnungen aber auch in \u00f6ffentlichen Bereichen gut aufgestellt werden und macht eine zeitlose Zierde aus. Ebenfalls ist die Dekoration mit Kunstblumen m\u00f6glich.<\/p>\n<h2>Der Blumenk\u00fcbel anthrazit vereint funktionelle Aspekte mit viel Stil.<\/h2>\n<p>Der Blumenk\u00fcbel ist in anthrazit sowie wei\u00df und grau erh\u00e4ltlich. Zus\u00e4tzlich kann ab f\u00fcnf bestellten Artikeln aus der RAL Farbpalette individuell ausgew\u00e4hlt werden. Mit einem Fassungsverm\u00f6gen von 120 Litern kann eine gr\u00f6\u00dfere Pflanze oder ein Busch gut in den K\u00fcbel gepflanzt werden.<\/p>\n","protected":false},"excerpt":{"rendered":"<p>Material: 2 mm Aluminiumblech<br \/>\nFarbe: Pulverbeschichtung<br \/>\nStandard: RAL9016,7012,7021<br \/>\nAb 5 St\u00fcck jede Ral Farbe m\u00f6glich<br \/>\nGewicht : 23kg<br \/>\nAbmessungen: \u2300800mm, H800mm<br \/>\nUV-resistent, Wetterfest<br \/>\nFrostbest\u00e4ndig bei gew\u00e4hrleistetem Wasserablauf<\/p>\n","protected":false},"featured_media":58812,"template":"","meta":{"_acf_changed":false},"product_brand":[],"product_cat":[392],"product_tag":[],"class_list":{"0":"post-53941","1":"product","2":"type-product","3":"status-publish","4":"has-post-thumbnail","6":"product_cat-pflanzkubel-aluminium","7":"description-off","8":"tm-has-options","10":"first","11":"instock","12":"shipping-taxable","13":"purchasable","14":"product-type-simple"},"acf":[],"yoast_head":"<!-- This site is optimized with the Yoast SEO plugin v27.5 - https:\/\/yoast.com\/product\/yoast-seo-wordpress\/ -->\n<title>Pflanzgef\u00e4sse Metall Silvestro 2 | World of Flowerpots - producent donic ozdobnych<\/title>\n<meta name=\"robots\" content=\"index, follow, max-snippet:-1, max-image-preview:large, max-video-preview:-1\" \/>\n<link rel=\"canonical\" href=\"https:\/\/worldofflowerpots.com\/sklep\/pflanzgefasse-metall-silvestro-2\/\" \/>\n<meta property=\"og:locale\" content=\"de_DE\" \/>\n<meta property=\"og:type\" content=\"article\" \/>\n<meta property=\"og:title\" content=\"Pflanzgef\u00e4sse Metall Silvestro 2 | World of Flowerpots - producent donic ozdobnych\" \/>\n<meta property=\"og:description\" content=\"Material: 2 mm Aluminiumblech Farbe: Pulverbeschichtung Standard: RAL9016,7012,7021 Ab 5 St\u00fcck jede Ral Farbe m\u00f6glich Gewicht : 23kg Abmessungen: \u2300800mm, H800mm UV-resistent, Wetterfest Frostbest\u00e4ndig bei gew\u00e4hrleistetem Wasserablauf\" \/>\n<meta property=\"og:url\" content=\"https:\/\/worldofflowerpots.com\/sklep\/pflanzgefasse-metall-silvestro-2\/\" \/>\n<meta property=\"og:site_name\" content=\"World of Flowerpots\" \/>\n<meta property=\"article:modified_time\" content=\"2019-04-12T07:26:21+00:00\" \/>\n<meta property=\"og:image\" content=\"https:\/\/worldofflowerpots.com\/wp-content\/uploads\/2019\/01\/Pflanzgef\u00e4sse-Metall-Silvestro-2.jpg\" \/>\n\t<meta property=\"og:image:width\" content=\"2280\" \/>\n\t<meta property=\"og:image:height\" content=\"1612\" \/>\n\t<meta property=\"og:image:type\" content=\"image\/jpeg\" \/>\n<meta name=\"twitter:card\" content=\"summary_large_image\" \/>\n<meta name=\"twitter:label1\" content=\"Est. reading time\" \/>\n\t<meta name=\"twitter:data1\" content=\"2 minutes\" \/>\n<script type=\"application\/ld+json\" class=\"yoast-schema-graph\">{\"@context\":\"https:\\\/\\\/schema.org\",\"@graph\":[{\"@type\":\"WebPage\",\"@id\":\"https:\\\/\\\/worldofflowerpots.com\\\/sklep\\\/pflanzgefasse-metall-silvestro-2\\\/\",\"url\":\"https:\\\/\\\/worldofflowerpots.com\\\/sklep\\\/pflanzgefasse-metall-silvestro-2\\\/\",\"name\":\"Pflanzgef\u00e4sse Metall Silvestro 2 | World of Flowerpots - producent donic ozdobnych\",\"isPartOf\":{\"@id\":\"https:\\\/\\\/worldofflowerpots.com\\\/#website\"},\"primaryImageOfPage\":{\"@id\":\"https:\\\/\\\/worldofflowerpots.com\\\/sklep\\\/pflanzgefasse-metall-silvestro-2\\\/#primaryimage\"},\"image\":{\"@id\":\"https:\\\/\\\/worldofflowerpots.com\\\/sklep\\\/pflanzgefasse-metall-silvestro-2\\\/#primaryimage\"},\"thumbnailUrl\":\"https:\\\/\\\/worldofflowerpots.com\\\/wp-content\\\/uploads\\\/2019\\\/01\\\/Pflanzgef\u00e4sse-Metall-Silvestro-2.jpg\",\"datePublished\":\"2019-01-18T14:12:51+00:00\",\"dateModified\":\"2019-04-12T07:26:21+00:00\",\"breadcrumb\":{\"@id\":\"https:\\\/\\\/worldofflowerpots.com\\\/sklep\\\/pflanzgefasse-metall-silvestro-2\\\/#breadcrumb\"},\"inLanguage\":\"de-AUT\",\"potentialAction\":[{\"@type\":\"ReadAction\",\"target\":[\"https:\\\/\\\/worldofflowerpots.com\\\/sklep\\\/pflanzgefasse-metall-silvestro-2\\\/\"]}]},{\"@type\":\"ImageObject\",\"inLanguage\":\"de-AUT\",\"@id\":\"https:\\\/\\\/worldofflowerpots.com\\\/sklep\\\/pflanzgefasse-metall-silvestro-2\\\/#primaryimage\",\"url\":\"https:\\\/\\\/worldofflowerpots.com\\\/wp-content\\\/uploads\\\/2019\\\/01\\\/Pflanzgef\u00e4sse-Metall-Silvestro-2.jpg\",\"contentUrl\":\"https:\\\/\\\/worldofflowerpots.com\\\/wp-content\\\/uploads\\\/2019\\\/01\\\/Pflanzgef\u00e4sse-Metall-Silvestro-2.jpg\",\"width\":2280,\"height\":1612},{\"@type\":\"BreadcrumbList\",\"@id\":\"https:\\\/\\\/worldofflowerpots.com\\\/sklep\\\/pflanzgefasse-metall-silvestro-2\\\/#breadcrumb\",\"itemListElement\":[{\"@type\":\"ListItem\",\"position\":1,\"name\":\"Strona g\u0142\u00f3wna\",\"item\":\"https:\\\/\\\/worldofflowerpots.com\\\/home\\\/\"},{\"@type\":\"ListItem\",\"position\":2,\"name\":\"Shop\",\"item\":\"https:\\\/\\\/worldofflowerpots.com\\\/sortiment\\\/\"},{\"@type\":\"ListItem\",\"position\":3,\"name\":\"Pflanzgef\u00e4sse Metall Silvestro 2\"}]},{\"@type\":\"WebSite\",\"@id\":\"https:\\\/\\\/worldofflowerpots.com\\\/#website\",\"url\":\"https:\\\/\\\/worldofflowerpots.com\\\/\",\"name\":\"World of Flowerpots\",\"description\":\"producent donic ozdobnych\",\"potentialAction\":[{\"@type\":\"SearchAction\",\"target\":{\"@type\":\"EntryPoint\",\"urlTemplate\":\"https:\\\/\\\/worldofflowerpots.com\\\/?s={search_term_string}\"},\"query-input\":{\"@type\":\"PropertyValueSpecification\",\"valueRequired\":true,\"valueName\":\"search_term_string\"}}],\"inLanguage\":\"de-AUT\"}]}<\/script>\n<!-- \/ Yoast SEO plugin. -->","yoast_head_json":{"title":"Pflanzgef\u00e4sse Metall Silvestro 2 | World of Flowerpots - producent donic ozdobnych","robots":{"index":"index","follow":"follow","max-snippet":"max-snippet:-1","max-image-preview":"max-image-preview:large","max-video-preview":"max-video-preview:-1"},"canonical":"https:\/\/worldofflowerpots.com\/sklep\/pflanzgefasse-metall-silvestro-2\/","og_locale":"de_DE","og_type":"article","og_title":"Pflanzgef\u00e4sse Metall Silvestro 2 | World of Flowerpots - producent donic ozdobnych","og_description":"Material: 2 mm Aluminiumblech Farbe: Pulverbeschichtung Standard: RAL9016,7012,7021 Ab 5 St\u00fcck jede Ral Farbe m\u00f6glich Gewicht : 23kg Abmessungen: \u2300800mm, H800mm UV-resistent, Wetterfest Frostbest\u00e4ndig bei gew\u00e4hrleistetem Wasserablauf","og_url":"https:\/\/worldofflowerpots.com\/sklep\/pflanzgefasse-metall-silvestro-2\/","og_site_name":"World of Flowerpots","article_modified_time":"2019-04-12T07:26:21+00:00","og_image":[{"width":2280,"height":1612,"url":"https:\/\/worldofflowerpots.com\/wp-content\/uploads\/2019\/01\/Pflanzgef\u00e4sse-Metall-Silvestro-2.jpg","type":"image\/jpeg"}],"twitter_card":"summary_large_image","twitter_misc":{"Est. reading time":"2 minutes"},"schema":{"@context":"https:\/\/schema.org","@graph":[{"@type":"WebPage","@id":"https:\/\/worldofflowerpots.com\/sklep\/pflanzgefasse-metall-silvestro-2\/","url":"https:\/\/worldofflowerpots.com\/sklep\/pflanzgefasse-metall-silvestro-2\/","name":"Pflanzgef\u00e4sse Metall Silvestro 2 | World of Flowerpots - producent donic ozdobnych","isPartOf":{"@id":"https:\/\/worldofflowerpots.com\/#website"},"primaryImageOfPage":{"@id":"https:\/\/worldofflowerpots.com\/sklep\/pflanzgefasse-metall-silvestro-2\/#primaryimage"},"image":{"@id":"https:\/\/worldofflowerpots.com\/sklep\/pflanzgefasse-metall-silvestro-2\/#primaryimage"},"thumbnailUrl":"https:\/\/worldofflowerpots.com\/wp-content\/uploads\/2019\/01\/Pflanzgef\u00e4sse-Metall-Silvestro-2.jpg","datePublished":"2019-01-18T14:12:51+00:00","dateModified":"2019-04-12T07:26:21+00:00","breadcrumb":{"@id":"https:\/\/worldofflowerpots.com\/sklep\/pflanzgefasse-metall-silvestro-2\/#breadcrumb"},"inLanguage":"de-AUT","potentialAction":[{"@type":"ReadAction","target":["https:\/\/worldofflowerpots.com\/sklep\/pflanzgefasse-metall-silvestro-2\/"]}]},{"@type":"ImageObject","inLanguage":"de-AUT","@id":"https:\/\/worldofflowerpots.com\/sklep\/pflanzgefasse-metall-silvestro-2\/#primaryimage","url":"https:\/\/worldofflowerpots.com\/wp-content\/uploads\/2019\/01\/Pflanzgef\u00e4sse-Metall-Silvestro-2.jpg","contentUrl":"https:\/\/worldofflowerpots.com\/wp-content\/uploads\/2019\/01\/Pflanzgef\u00e4sse-Metall-Silvestro-2.jpg","width":2280,"height":1612},{"@type":"BreadcrumbList","@id":"https:\/\/worldofflowerpots.com\/sklep\/pflanzgefasse-metall-silvestro-2\/#breadcrumb","itemListElement":[{"@type":"ListItem","position":1,"name":"Strona g\u0142\u00f3wna","item":"https:\/\/worldofflowerpots.com\/home\/"},{"@type":"ListItem","position":2,"name":"Shop","item":"https:\/\/worldofflowerpots.com\/sortiment\/"},{"@type":"ListItem","position":3,"name":"Pflanzgef\u00e4sse Metall Silvestro 2"}]},{"@type":"WebSite","@id":"https:\/\/worldofflowerpots.com\/#website","url":"https:\/\/worldofflowerpots.com\/","name":"World of Flowerpots","description":"producent donic ozdobnych","potentialAction":[{"@type":"SearchAction","target":{"@type":"EntryPoint","urlTemplate":"https:\/\/worldofflowerpots.com\/?s={search_term_string}"},"query-input":{"@type":"PropertyValueSpecification","valueRequired":true,"valueName":"search_term_string"}}],"inLanguage":"de-AUT"}]}},"_links":{"self":[{"href":"https:\/\/worldofflowerpots.com\/aut\/wp-json\/wp\/v2\/product\/53941","targetHints":{"allow":["GET"]}}],"collection":[{"href":"https:\/\/worldofflowerpots.com\/aut\/wp-json\/wp\/v2\/product"}],"about":[{"href":"https:\/\/worldofflowerpots.com\/aut\/wp-json\/wp\/v2\/types\/product"}],"wp:featuredmedia":[{"embeddable":true,"href":"https:\/\/worldofflowerpots.com\/aut\/wp-json\/wp\/v2\/media\/58812"}],"wp:attachment":[{"href":"https:\/\/worldofflowerpots.com\/aut\/wp-json\/wp\/v2\/media?parent=53941"}],"wp:term":[{"taxonomy":"product_brand","embeddable":true,"href":"https:\/\/worldofflowerpots.com\/aut\/wp-json\/wp\/v2\/product_brand?post=53941"},{"taxonomy":"product_cat","embeddable":true,"href":"https:\/\/worldofflowerpots.com\/aut\/wp-json\/wp\/v2\/product_cat?post=53941"},{"taxonomy":"product_tag","embeddable":true,"href":"https:\/\/worldofflowerpots.com\/aut\/wp-json\/wp\/v2\/product_tag?post=53941"}],"curies":[{"name":"wp","href":"https:\/\/api.w.org\/{rel}","templated":true}]}}