{"id":53943,"date":"2019-01-18T15:12:51","date_gmt":"2019-01-18T14:12:51","guid":{"rendered":"https:\/\/worldofflowerpots.com\/sklep\/grosse-pflanzkubel-edoardo-5\/"},"modified":"2019-04-12T09:29:41","modified_gmt":"2019-04-12T07:29:41","slug":"grosse-pflanzkubel-edoardo-5","status":"publish","type":"product","link":"https:\/\/worldofflowerpots.com\/aut\/sortiment\/grosse-pflanzkubel-edoardo-5\/","title":{"rendered":"Grosse Pflanzk\u00fcbel Edoardo 5"},"content":{"rendered":"<h2>Edoardo 5 \u2013 modernes Pflanzgef\u00e4\u00df<\/h2>\n<p>Sollten Sie auf der Suche nach einem eleganten und optisch ansprechenden Grosse Pflanzk\u00fcbel sein? Der Edoardo 5 ist dann eventuell genau das Richtige f\u00fcr Sie. Ob auf der Dachterrasse oder am Balkon, der gro\u00dfe Pflanzk\u00fcbel Metall macht immer eine gute Figur.<\/p>\n<h2>Pflangef\u00e4\u00dfe Aluminium \u2013 lange Haltbarkeit und modernes Design<\/h2>\n<p>Mit einer Abmessung von 1500 x 500 x 500 mm, bietet dieses Pflanzgef\u00e4\u00df die n\u00f6tigen Platzverh\u00e4ltnisse f\u00fcr zahlreiche Pflanzen und Blumen. Das hochwertige Aluminium sorgt f\u00fcr eine lange Lebensdauer. Eine aufwendige Pflege ist nat\u00fcrlich bei diesem Pflanzgef\u00e4\u00df nicht notwendig. Das Designkonzept wird auch Sie begeistern und Ihre hohen Anforderungen und Erwartungen erf\u00fcllen k\u00f6nnen.<\/p>\n<p>Ein positiver Nebeneffekt des Materials ist, dass es besonders widerstandsf\u00e4hig ist und Wind und Wetter dem Gef\u00e4\u00df nichts anhaben k\u00f6nnen. Somit ist ein Einsatzgebiet im Au\u00dfenbereich kein Problem. Der gro\u00dfe Pflanzk\u00fcbel f\u00fcgt sich harmonisch ein und bietet jede Menge Platz f\u00fcr Ihre Lieblingsblumen. Sollten Sie mit der Farbauswahl nicht zufrieden sein, k\u00f6nnen Sie das Pflanzgef\u00e4\u00df auch in einer anderen Farbe anfertigen lassen. Ihren W\u00fcnschen und Bed\u00fcrfnissen steht mit diesem Pflanzgef\u00e4\u00df nichts im Weg. F\u00fcr den Farbwunsch ist jedoch eine Abnahme von mindestens 5 St\u00fcck notwendig.<\/p>\n<h2>Die rechteckige Form \u00fcberzeugt beim Edoardo 5 \u2013 Pflanzgef\u00e4\u00dfe Aluminium<\/h2>\n<p>Es spielt keine Rolle, wo und wie Sie den Edoardo 5 nutzen m\u00f6chten, es handelt sich auf alle F\u00e4lle um eine zeitlose und langfristige Anschaffung. Ob im Garten, Terrasse oder im Innenbereich, der gro\u00dfe Pflanzk\u00fcbel ist in seinem Verwendungszweck \u00fcberaus flexibel. Sie k\u00f6nnen diesen Pflanzk\u00fcbel Metall nat\u00fcrlich auch f\u00fcr Kunstpflanzen verwenden. Am besten Sie \u00fcberzeugen sich jedoch ganz einfach selbst vom neuen gro\u00dfen Modell \u2013 dem Edoardo 5.<\/p>\n<h2>Pflanzgef\u00e4\u00dfe Aluminium \u2013 der Edoardo 5<\/h2>\n<p>Die Verarbeitung ist selbstverst\u00e4ndlich auf einem sehr hohen Niveau. Wenn Sie bis dato noch kein Pflanzgef\u00e4\u00df gefunden haben, ist diese Modellausf\u00fchrung auf alle F\u00e4lle einen Blick wert. Sie werden von der Qualit\u00e4t und nat\u00fcrlich auch vom g\u00fcnstigen Preis begeistert sein.<\/p>\n","protected":false},"excerpt":{"rendered":"<p>Material: 2 mm Aluminiumblech<br \/>\nFarbe: Pulverbeschichtung<br \/>\nStandard: RAL9016,7012,7021<br \/>\nAb 5 St\u00fcck jede Ral Farbe m\u00f6glich<br \/>\nGewicht : 50kg<br \/>\nAbmessungen B500mm H800mm L1500mm<br \/>\nUV-resistent, Wetterfest<br \/>\nFrostbest\u00e4ndig bei gew\u00e4hrleistetem Wasserablauf<\/p>\n","protected":false},"featured_media":58832,"template":"","meta":{"_acf_changed":false},"product_brand":[],"product_cat":[392],"product_tag":[],"class_list":{"0":"post-53943","1":"product","2":"type-product","3":"status-publish","4":"has-post-thumbnail","6":"product_cat-pflanzkubel-aluminium","7":"description-off","8":"tm-has-options","10":"first","11":"instock","12":"shipping-taxable","13":"purchasable","14":"product-type-simple"},"acf":[],"yoast_head":"<!-- This site is optimized with the Yoast SEO plugin v27.5 - https:\/\/yoast.com\/product\/yoast-seo-wordpress\/ -->\n<title>Grosse Pflanzk\u00fcbel Edoardo 5 | World of Flowerpots - producent donic ozdobnych<\/title>\n<meta name=\"robots\" content=\"index, follow, max-snippet:-1, max-image-preview:large, max-video-preview:-1\" \/>\n<link rel=\"canonical\" href=\"https:\/\/worldofflowerpots.com\/sklep\/grosse-pflanzkubel-edoardo-5\/\" \/>\n<meta property=\"og:locale\" content=\"de_DE\" \/>\n<meta property=\"og:type\" content=\"article\" \/>\n<meta property=\"og:title\" content=\"Grosse Pflanzk\u00fcbel Edoardo 5 | World of Flowerpots - producent donic ozdobnych\" \/>\n<meta property=\"og:description\" content=\"Material: 2 mm Aluminiumblech Farbe: Pulverbeschichtung Standard: RAL9016,7012,7021 Ab 5 St\u00fcck jede Ral Farbe m\u00f6glich Gewicht : 50kg Abmessungen B500mm H800mm L1500mm UV-resistent, Wetterfest Frostbest\u00e4ndig bei gew\u00e4hrleistetem Wasserablauf\" \/>\n<meta property=\"og:url\" content=\"https:\/\/worldofflowerpots.com\/sklep\/grosse-pflanzkubel-edoardo-5\/\" \/>\n<meta property=\"og:site_name\" content=\"World of Flowerpots\" \/>\n<meta property=\"article:modified_time\" content=\"2019-04-12T07:29:41+00:00\" \/>\n<meta property=\"og:image\" content=\"https:\/\/worldofflowerpots.com\/wp-content\/uploads\/2019\/01\/Grosse-pflanzk\u00fcbel-Edoard-5.jpg\" \/>\n\t<meta property=\"og:image:width\" content=\"1920\" \/>\n\t<meta property=\"og:image:height\" content=\"1080\" \/>\n\t<meta property=\"og:image:type\" content=\"image\/jpeg\" \/>\n<meta name=\"twitter:card\" content=\"summary_large_image\" \/>\n<meta name=\"twitter:label1\" content=\"Est. reading time\" \/>\n\t<meta name=\"twitter:data1\" content=\"2 minutes\" \/>\n<script type=\"application\/ld+json\" class=\"yoast-schema-graph\">{\"@context\":\"https:\\\/\\\/schema.org\",\"@graph\":[{\"@type\":\"WebPage\",\"@id\":\"https:\\\/\\\/worldofflowerpots.com\\\/sklep\\\/grosse-pflanzkubel-edoardo-5\\\/\",\"url\":\"https:\\\/\\\/worldofflowerpots.com\\\/sklep\\\/grosse-pflanzkubel-edoardo-5\\\/\",\"name\":\"Grosse Pflanzk\u00fcbel Edoardo 5 | World of Flowerpots - producent donic ozdobnych\",\"isPartOf\":{\"@id\":\"https:\\\/\\\/worldofflowerpots.com\\\/#website\"},\"primaryImageOfPage\":{\"@id\":\"https:\\\/\\\/worldofflowerpots.com\\\/sklep\\\/grosse-pflanzkubel-edoardo-5\\\/#primaryimage\"},\"image\":{\"@id\":\"https:\\\/\\\/worldofflowerpots.com\\\/sklep\\\/grosse-pflanzkubel-edoardo-5\\\/#primaryimage\"},\"thumbnailUrl\":\"https:\\\/\\\/worldofflowerpots.com\\\/wp-content\\\/uploads\\\/2019\\\/01\\\/Grosse-pflanzk\u00fcbel-Edoard-5.jpg\",\"datePublished\":\"2019-01-18T14:12:51+00:00\",\"dateModified\":\"2019-04-12T07:29:41+00:00\",\"breadcrumb\":{\"@id\":\"https:\\\/\\\/worldofflowerpots.com\\\/sklep\\\/grosse-pflanzkubel-edoardo-5\\\/#breadcrumb\"},\"inLanguage\":\"de-AUT\",\"potentialAction\":[{\"@type\":\"ReadAction\",\"target\":[\"https:\\\/\\\/worldofflowerpots.com\\\/sklep\\\/grosse-pflanzkubel-edoardo-5\\\/\"]}]},{\"@type\":\"ImageObject\",\"inLanguage\":\"de-AUT\",\"@id\":\"https:\\\/\\\/worldofflowerpots.com\\\/sklep\\\/grosse-pflanzkubel-edoardo-5\\\/#primaryimage\",\"url\":\"https:\\\/\\\/worldofflowerpots.com\\\/wp-content\\\/uploads\\\/2019\\\/01\\\/Grosse-pflanzk\u00fcbel-Edoard-5.jpg\",\"contentUrl\":\"https:\\\/\\\/worldofflowerpots.com\\\/wp-content\\\/uploads\\\/2019\\\/01\\\/Grosse-pflanzk\u00fcbel-Edoard-5.jpg\",\"width\":1920,\"height\":1080},{\"@type\":\"BreadcrumbList\",\"@id\":\"https:\\\/\\\/worldofflowerpots.com\\\/sklep\\\/grosse-pflanzkubel-edoardo-5\\\/#breadcrumb\",\"itemListElement\":[{\"@type\":\"ListItem\",\"position\":1,\"name\":\"Strona g\u0142\u00f3wna\",\"item\":\"https:\\\/\\\/worldofflowerpots.com\\\/home\\\/\"},{\"@type\":\"ListItem\",\"position\":2,\"name\":\"Shop\",\"item\":\"https:\\\/\\\/worldofflowerpots.com\\\/sortiment\\\/\"},{\"@type\":\"ListItem\",\"position\":3,\"name\":\"Grosse Pflanzk\u00fcbel Edoardo 5\"}]},{\"@type\":\"WebSite\",\"@id\":\"https:\\\/\\\/worldofflowerpots.com\\\/#website\",\"url\":\"https:\\\/\\\/worldofflowerpots.com\\\/\",\"name\":\"World of Flowerpots\",\"description\":\"producent donic ozdobnych\",\"potentialAction\":[{\"@type\":\"SearchAction\",\"target\":{\"@type\":\"EntryPoint\",\"urlTemplate\":\"https:\\\/\\\/worldofflowerpots.com\\\/?s={search_term_string}\"},\"query-input\":{\"@type\":\"PropertyValueSpecification\",\"valueRequired\":true,\"valueName\":\"search_term_string\"}}],\"inLanguage\":\"de-AUT\"}]}<\/script>\n<!-- \/ Yoast SEO plugin. -->","yoast_head_json":{"title":"Grosse Pflanzk\u00fcbel Edoardo 5 | World of Flowerpots - producent donic ozdobnych","robots":{"index":"index","follow":"follow","max-snippet":"max-snippet:-1","max-image-preview":"max-image-preview:large","max-video-preview":"max-video-preview:-1"},"canonical":"https:\/\/worldofflowerpots.com\/sklep\/grosse-pflanzkubel-edoardo-5\/","og_locale":"de_DE","og_type":"article","og_title":"Grosse Pflanzk\u00fcbel Edoardo 5 | World of Flowerpots - producent donic ozdobnych","og_description":"Material: 2 mm Aluminiumblech Farbe: Pulverbeschichtung Standard: RAL9016,7012,7021 Ab 5 St\u00fcck jede Ral Farbe m\u00f6glich Gewicht : 50kg Abmessungen B500mm H800mm L1500mm UV-resistent, Wetterfest Frostbest\u00e4ndig bei gew\u00e4hrleistetem Wasserablauf","og_url":"https:\/\/worldofflowerpots.com\/sklep\/grosse-pflanzkubel-edoardo-5\/","og_site_name":"World of Flowerpots","article_modified_time":"2019-04-12T07:29:41+00:00","og_image":[{"width":1920,"height":1080,"url":"https:\/\/worldofflowerpots.com\/wp-content\/uploads\/2019\/01\/Grosse-pflanzk\u00fcbel-Edoard-5.jpg","type":"image\/jpeg"}],"twitter_card":"summary_large_image","twitter_misc":{"Est. reading time":"2 minutes"},"schema":{"@context":"https:\/\/schema.org","@graph":[{"@type":"WebPage","@id":"https:\/\/worldofflowerpots.com\/sklep\/grosse-pflanzkubel-edoardo-5\/","url":"https:\/\/worldofflowerpots.com\/sklep\/grosse-pflanzkubel-edoardo-5\/","name":"Grosse Pflanzk\u00fcbel Edoardo 5 | World of Flowerpots - producent donic ozdobnych","isPartOf":{"@id":"https:\/\/worldofflowerpots.com\/#website"},"primaryImageOfPage":{"@id":"https:\/\/worldofflowerpots.com\/sklep\/grosse-pflanzkubel-edoardo-5\/#primaryimage"},"image":{"@id":"https:\/\/worldofflowerpots.com\/sklep\/grosse-pflanzkubel-edoardo-5\/#primaryimage"},"thumbnailUrl":"https:\/\/worldofflowerpots.com\/wp-content\/uploads\/2019\/01\/Grosse-pflanzk\u00fcbel-Edoard-5.jpg","datePublished":"2019-01-18T14:12:51+00:00","dateModified":"2019-04-12T07:29:41+00:00","breadcrumb":{"@id":"https:\/\/worldofflowerpots.com\/sklep\/grosse-pflanzkubel-edoardo-5\/#breadcrumb"},"inLanguage":"de-AUT","potentialAction":[{"@type":"ReadAction","target":["https:\/\/worldofflowerpots.com\/sklep\/grosse-pflanzkubel-edoardo-5\/"]}]},{"@type":"ImageObject","inLanguage":"de-AUT","@id":"https:\/\/worldofflowerpots.com\/sklep\/grosse-pflanzkubel-edoardo-5\/#primaryimage","url":"https:\/\/worldofflowerpots.com\/wp-content\/uploads\/2019\/01\/Grosse-pflanzk\u00fcbel-Edoard-5.jpg","contentUrl":"https:\/\/worldofflowerpots.com\/wp-content\/uploads\/2019\/01\/Grosse-pflanzk\u00fcbel-Edoard-5.jpg","width":1920,"height":1080},{"@type":"BreadcrumbList","@id":"https:\/\/worldofflowerpots.com\/sklep\/grosse-pflanzkubel-edoardo-5\/#breadcrumb","itemListElement":[{"@type":"ListItem","position":1,"name":"Strona g\u0142\u00f3wna","item":"https:\/\/worldofflowerpots.com\/home\/"},{"@type":"ListItem","position":2,"name":"Shop","item":"https:\/\/worldofflowerpots.com\/sortiment\/"},{"@type":"ListItem","position":3,"name":"Grosse Pflanzk\u00fcbel Edoardo 5"}]},{"@type":"WebSite","@id":"https:\/\/worldofflowerpots.com\/#website","url":"https:\/\/worldofflowerpots.com\/","name":"World of Flowerpots","description":"producent donic ozdobnych","potentialAction":[{"@type":"SearchAction","target":{"@type":"EntryPoint","urlTemplate":"https:\/\/worldofflowerpots.com\/?s={search_term_string}"},"query-input":{"@type":"PropertyValueSpecification","valueRequired":true,"valueName":"search_term_string"}}],"inLanguage":"de-AUT"}]}},"_links":{"self":[{"href":"https:\/\/worldofflowerpots.com\/aut\/wp-json\/wp\/v2\/product\/53943","targetHints":{"allow":["GET"]}}],"collection":[{"href":"https:\/\/worldofflowerpots.com\/aut\/wp-json\/wp\/v2\/product"}],"about":[{"href":"https:\/\/worldofflowerpots.com\/aut\/wp-json\/wp\/v2\/types\/product"}],"wp:featuredmedia":[{"embeddable":true,"href":"https:\/\/worldofflowerpots.com\/aut\/wp-json\/wp\/v2\/media\/58832"}],"wp:attachment":[{"href":"https:\/\/worldofflowerpots.com\/aut\/wp-json\/wp\/v2\/media?parent=53943"}],"wp:term":[{"taxonomy":"product_brand","embeddable":true,"href":"https:\/\/worldofflowerpots.com\/aut\/wp-json\/wp\/v2\/product_brand?post=53943"},{"taxonomy":"product_cat","embeddable":true,"href":"https:\/\/worldofflowerpots.com\/aut\/wp-json\/wp\/v2\/product_cat?post=53943"},{"taxonomy":"product_tag","embeddable":true,"href":"https:\/\/worldofflowerpots.com\/aut\/wp-json\/wp\/v2\/product_tag?post=53943"}],"curies":[{"name":"wp","href":"https:\/\/api.w.org\/{rel}","templated":true}]}}