{"id":53948,"date":"2019-01-18T15:12:21","date_gmt":"2019-01-18T14:12:21","guid":{"rendered":"https:\/\/worldofflowerpots.com\/sklep\/pflanzkubel-anthrazit-rechteckig-alessio-3\/"},"modified":"2019-04-12T10:29:07","modified_gmt":"2019-04-12T08:29:07","slug":"pflanzkubel-anthrazit-rechteckig-alessio-3","status":"publish","type":"product","link":"https:\/\/worldofflowerpots.com\/aut\/sortiment\/pflanzkubel-anthrazit-rechteckig-alessio-3\/","title":{"rendered":"Pflanzk\u00fcbel anthrazit rechteckig Alessio 3"},"content":{"rendered":"<h2>Der Pflanzk\u00fcbel anthrazit rechteckig f\u00fcr ein harmonisches Ambiente<\/h2>\n<p>Wenn Sie Ihrer Wohnung, Ihrem Balkon oder Ihrem Garten ein ganz neues und vor allem gem\u00fctliches Ambiente verleihen m\u00f6chten, k\u00f6nnen Ihnen Pflanzk\u00fcbel rechteckig eine sehr gro\u00dfe Hilfe sein. Pflanzt\u00f6pfe sind eine ideale Wahl als Dekorationsm\u00f6glichkeit, sowohl f\u00fcr den Innen- wie auch f\u00fcr den Au\u00dfenbereich. Ein sehr modernes Aussehen bietet Ihnen der Pflanzk\u00fcbel anthrazit, in dem die unterschiedlichsten Pflanzen gepflanzt werden k\u00f6nnen.<\/p>\n<h2>Die Vorteile des Pflanzk\u00fcbel rechteckig<\/h2>\n<p>Ein rechteckiger Pflanzk\u00fcbel bringt Ihnen gro\u00dfe Vorteile mit. So kann dieser, selbst in kleineren R\u00e4umen oder auf engeren Terrassen platzsparend aufgestellt werden, da er sich problemlos in jede Ecke einf\u00fcgt. Zudem ist die eckige Form sehr modern, wodurch der Pflanztopf zu einem kleinen Highlight wird. Pflanzk\u00fcbel anthrazit bringen zudem auch noch eine sehr angesagt Farbe mit, die sich beinahe jedem Einrichtungsstil anpasst und somit gleichzeitig ein sehr interessantes und angenehmes Ambiente schafft.<\/p>\n<h2>Viele Dekorationsm\u00f6glichkeiten mit dem Pflanzk\u00fcbel anthrazit<\/h2>\n<p>Mit dem Pflanzk\u00fcbel anthrazit rechteckig haben Sie die unterschiedlichsten Gestaltungsm\u00f6glichkeiten. So k\u00f6nnen mehrere diese Pflanzentr\u00f6ge beispielsweise auch Raumteiler im Innenbereich oder als M\u00f6glichkeit des Sichtschutzes im Au\u00dfenbereich dienen. Dicht an dicht nebeneinander gestellt und mit h\u00f6heren Pflanzen bepflanzt, k\u00f6nnen Sie so Ihre eigene, kleine Oase genie\u00dfen und sich rundum wohlf\u00fchlen. So schaffen Sie mit einem solchen Modell ein Ambiente, welches durch sein einmaliges Design faszinierend wirken wird. Dadurch entsteht ein Gesamtbild, von dem nicht nur Sie selbst, sondern auch Ihre Besucher beeindruckt sein werden. Nutzen sie die Macht dieses Pflanzk\u00fcbels und lassen Sie einen ganz besonderen Ort voller herrlicher Pflanzen und mit einer einmaligen Ausstrahlung entstehen.<\/p>\n","protected":false},"excerpt":{"rendered":"<p>Material: 2 mm Aluminiumblech<br \/>\nFarbe: Pulverbeschichtung<br \/>\nStandard: RAL9016,7012,7021<br \/>\nAb 5 St\u00fcck jede Ral Farbe m\u00f6glich<br \/>\nGewicht : 22kg<br \/>\nAbmessungen: B700mm H700mm L700mm<br \/>\nUV-resistent, Wetterfest<br \/>\nFrostbest\u00e4ndig bei gew\u00e4hrleistetem Wasserablauf<\/p>\n","protected":false},"featured_media":58932,"template":"","meta":{"_acf_changed":false},"product_brand":[],"product_cat":[392],"product_tag":[],"class_list":{"0":"post-53948","1":"product","2":"type-product","3":"status-publish","4":"has-post-thumbnail","6":"product_cat-pflanzkubel-aluminium","7":"description-off","8":"tm-has-options","10":"first","11":"instock","12":"shipping-taxable","13":"purchasable","14":"product-type-simple"},"acf":[],"yoast_head":"<!-- This site is optimized with the Yoast SEO plugin v27.5 - https:\/\/yoast.com\/product\/yoast-seo-wordpress\/ -->\n<title>Pflanzk\u00fcbel anthrazit rechteckig Alessio 3 | World of Flowerpots - producent donic ozdobnych<\/title>\n<meta name=\"robots\" content=\"index, follow, max-snippet:-1, max-image-preview:large, max-video-preview:-1\" \/>\n<link rel=\"canonical\" href=\"https:\/\/worldofflowerpots.com\/sklep\/pflanzkubel-anthrazit-rechteckig-alessio-3\/\" \/>\n<meta property=\"og:locale\" content=\"de_DE\" \/>\n<meta property=\"og:type\" content=\"article\" \/>\n<meta property=\"og:title\" content=\"Pflanzk\u00fcbel anthrazit rechteckig Alessio 3 | World of Flowerpots - producent donic ozdobnych\" \/>\n<meta property=\"og:description\" content=\"Material: 2 mm Aluminiumblech Farbe: Pulverbeschichtung Standard: RAL9016,7012,7021 Ab 5 St\u00fcck jede Ral Farbe m\u00f6glich Gewicht : 22kg Abmessungen: B700mm H700mm L700mm UV-resistent, Wetterfest Frostbest\u00e4ndig bei gew\u00e4hrleistetem Wasserablauf\" \/>\n<meta property=\"og:url\" content=\"https:\/\/worldofflowerpots.com\/sklep\/pflanzkubel-anthrazit-rechteckig-alessio-3\/\" \/>\n<meta property=\"og:site_name\" content=\"World of Flowerpots\" \/>\n<meta property=\"article:modified_time\" content=\"2019-04-12T08:29:07+00:00\" \/>\n<meta property=\"og:image\" content=\"https:\/\/worldofflowerpots.com\/wp-content\/uploads\/2019\/01\/pflanzk\u00fcbel-anthrazit-rechteckig-Alessio-3.jpg\" \/>\n\t<meta property=\"og:image:width\" content=\"2280\" \/>\n\t<meta property=\"og:image:height\" content=\"1612\" \/>\n\t<meta property=\"og:image:type\" content=\"image\/jpeg\" \/>\n<meta name=\"twitter:card\" content=\"summary_large_image\" \/>\n<meta name=\"twitter:label1\" content=\"Est. reading time\" \/>\n\t<meta name=\"twitter:data1\" content=\"1 minute\" \/>\n<script type=\"application\/ld+json\" class=\"yoast-schema-graph\">{\"@context\":\"https:\\\/\\\/schema.org\",\"@graph\":[{\"@type\":\"WebPage\",\"@id\":\"https:\\\/\\\/worldofflowerpots.com\\\/sklep\\\/pflanzkubel-anthrazit-rechteckig-alessio-3\\\/\",\"url\":\"https:\\\/\\\/worldofflowerpots.com\\\/sklep\\\/pflanzkubel-anthrazit-rechteckig-alessio-3\\\/\",\"name\":\"Pflanzk\u00fcbel anthrazit rechteckig Alessio 3 | World of Flowerpots - producent donic ozdobnych\",\"isPartOf\":{\"@id\":\"https:\\\/\\\/worldofflowerpots.com\\\/#website\"},\"primaryImageOfPage\":{\"@id\":\"https:\\\/\\\/worldofflowerpots.com\\\/sklep\\\/pflanzkubel-anthrazit-rechteckig-alessio-3\\\/#primaryimage\"},\"image\":{\"@id\":\"https:\\\/\\\/worldofflowerpots.com\\\/sklep\\\/pflanzkubel-anthrazit-rechteckig-alessio-3\\\/#primaryimage\"},\"thumbnailUrl\":\"https:\\\/\\\/worldofflowerpots.com\\\/wp-content\\\/uploads\\\/2019\\\/01\\\/pflanzk\u00fcbel-anthrazit-rechteckig-Alessio-3.jpg\",\"datePublished\":\"2019-01-18T14:12:21+00:00\",\"dateModified\":\"2019-04-12T08:29:07+00:00\",\"breadcrumb\":{\"@id\":\"https:\\\/\\\/worldofflowerpots.com\\\/sklep\\\/pflanzkubel-anthrazit-rechteckig-alessio-3\\\/#breadcrumb\"},\"inLanguage\":\"de-AUT\",\"potentialAction\":[{\"@type\":\"ReadAction\",\"target\":[\"https:\\\/\\\/worldofflowerpots.com\\\/sklep\\\/pflanzkubel-anthrazit-rechteckig-alessio-3\\\/\"]}]},{\"@type\":\"ImageObject\",\"inLanguage\":\"de-AUT\",\"@id\":\"https:\\\/\\\/worldofflowerpots.com\\\/sklep\\\/pflanzkubel-anthrazit-rechteckig-alessio-3\\\/#primaryimage\",\"url\":\"https:\\\/\\\/worldofflowerpots.com\\\/wp-content\\\/uploads\\\/2019\\\/01\\\/pflanzk\u00fcbel-anthrazit-rechteckig-Alessio-3.jpg\",\"contentUrl\":\"https:\\\/\\\/worldofflowerpots.com\\\/wp-content\\\/uploads\\\/2019\\\/01\\\/pflanzk\u00fcbel-anthrazit-rechteckig-Alessio-3.jpg\",\"width\":2280,\"height\":1612},{\"@type\":\"BreadcrumbList\",\"@id\":\"https:\\\/\\\/worldofflowerpots.com\\\/sklep\\\/pflanzkubel-anthrazit-rechteckig-alessio-3\\\/#breadcrumb\",\"itemListElement\":[{\"@type\":\"ListItem\",\"position\":1,\"name\":\"Strona g\u0142\u00f3wna\",\"item\":\"https:\\\/\\\/worldofflowerpots.com\\\/home\\\/\"},{\"@type\":\"ListItem\",\"position\":2,\"name\":\"Shop\",\"item\":\"https:\\\/\\\/worldofflowerpots.com\\\/sortiment\\\/\"},{\"@type\":\"ListItem\",\"position\":3,\"name\":\"Pflanzk\u00fcbel anthrazit rechteckig Alessio 3\"}]},{\"@type\":\"WebSite\",\"@id\":\"https:\\\/\\\/worldofflowerpots.com\\\/#website\",\"url\":\"https:\\\/\\\/worldofflowerpots.com\\\/\",\"name\":\"World of Flowerpots\",\"description\":\"producent donic ozdobnych\",\"potentialAction\":[{\"@type\":\"SearchAction\",\"target\":{\"@type\":\"EntryPoint\",\"urlTemplate\":\"https:\\\/\\\/worldofflowerpots.com\\\/?s={search_term_string}\"},\"query-input\":{\"@type\":\"PropertyValueSpecification\",\"valueRequired\":true,\"valueName\":\"search_term_string\"}}],\"inLanguage\":\"de-AUT\"}]}<\/script>\n<!-- \/ Yoast SEO plugin. -->","yoast_head_json":{"title":"Pflanzk\u00fcbel anthrazit rechteckig Alessio 3 | World of Flowerpots - producent donic ozdobnych","robots":{"index":"index","follow":"follow","max-snippet":"max-snippet:-1","max-image-preview":"max-image-preview:large","max-video-preview":"max-video-preview:-1"},"canonical":"https:\/\/worldofflowerpots.com\/sklep\/pflanzkubel-anthrazit-rechteckig-alessio-3\/","og_locale":"de_DE","og_type":"article","og_title":"Pflanzk\u00fcbel anthrazit rechteckig Alessio 3 | World of Flowerpots - producent donic ozdobnych","og_description":"Material: 2 mm Aluminiumblech Farbe: Pulverbeschichtung Standard: RAL9016,7012,7021 Ab 5 St\u00fcck jede Ral Farbe m\u00f6glich Gewicht : 22kg Abmessungen: B700mm H700mm L700mm UV-resistent, Wetterfest Frostbest\u00e4ndig bei gew\u00e4hrleistetem Wasserablauf","og_url":"https:\/\/worldofflowerpots.com\/sklep\/pflanzkubel-anthrazit-rechteckig-alessio-3\/","og_site_name":"World of Flowerpots","article_modified_time":"2019-04-12T08:29:07+00:00","og_image":[{"width":2280,"height":1612,"url":"https:\/\/worldofflowerpots.com\/wp-content\/uploads\/2019\/01\/pflanzk\u00fcbel-anthrazit-rechteckig-Alessio-3.jpg","type":"image\/jpeg"}],"twitter_card":"summary_large_image","twitter_misc":{"Est. reading time":"1 minute"},"schema":{"@context":"https:\/\/schema.org","@graph":[{"@type":"WebPage","@id":"https:\/\/worldofflowerpots.com\/sklep\/pflanzkubel-anthrazit-rechteckig-alessio-3\/","url":"https:\/\/worldofflowerpots.com\/sklep\/pflanzkubel-anthrazit-rechteckig-alessio-3\/","name":"Pflanzk\u00fcbel anthrazit rechteckig Alessio 3 | World of Flowerpots - producent donic ozdobnych","isPartOf":{"@id":"https:\/\/worldofflowerpots.com\/#website"},"primaryImageOfPage":{"@id":"https:\/\/worldofflowerpots.com\/sklep\/pflanzkubel-anthrazit-rechteckig-alessio-3\/#primaryimage"},"image":{"@id":"https:\/\/worldofflowerpots.com\/sklep\/pflanzkubel-anthrazit-rechteckig-alessio-3\/#primaryimage"},"thumbnailUrl":"https:\/\/worldofflowerpots.com\/wp-content\/uploads\/2019\/01\/pflanzk\u00fcbel-anthrazit-rechteckig-Alessio-3.jpg","datePublished":"2019-01-18T14:12:21+00:00","dateModified":"2019-04-12T08:29:07+00:00","breadcrumb":{"@id":"https:\/\/worldofflowerpots.com\/sklep\/pflanzkubel-anthrazit-rechteckig-alessio-3\/#breadcrumb"},"inLanguage":"de-AUT","potentialAction":[{"@type":"ReadAction","target":["https:\/\/worldofflowerpots.com\/sklep\/pflanzkubel-anthrazit-rechteckig-alessio-3\/"]}]},{"@type":"ImageObject","inLanguage":"de-AUT","@id":"https:\/\/worldofflowerpots.com\/sklep\/pflanzkubel-anthrazit-rechteckig-alessio-3\/#primaryimage","url":"https:\/\/worldofflowerpots.com\/wp-content\/uploads\/2019\/01\/pflanzk\u00fcbel-anthrazit-rechteckig-Alessio-3.jpg","contentUrl":"https:\/\/worldofflowerpots.com\/wp-content\/uploads\/2019\/01\/pflanzk\u00fcbel-anthrazit-rechteckig-Alessio-3.jpg","width":2280,"height":1612},{"@type":"BreadcrumbList","@id":"https:\/\/worldofflowerpots.com\/sklep\/pflanzkubel-anthrazit-rechteckig-alessio-3\/#breadcrumb","itemListElement":[{"@type":"ListItem","position":1,"name":"Strona g\u0142\u00f3wna","item":"https:\/\/worldofflowerpots.com\/home\/"},{"@type":"ListItem","position":2,"name":"Shop","item":"https:\/\/worldofflowerpots.com\/sortiment\/"},{"@type":"ListItem","position":3,"name":"Pflanzk\u00fcbel anthrazit rechteckig Alessio 3"}]},{"@type":"WebSite","@id":"https:\/\/worldofflowerpots.com\/#website","url":"https:\/\/worldofflowerpots.com\/","name":"World of Flowerpots","description":"producent donic ozdobnych","potentialAction":[{"@type":"SearchAction","target":{"@type":"EntryPoint","urlTemplate":"https:\/\/worldofflowerpots.com\/?s={search_term_string}"},"query-input":{"@type":"PropertyValueSpecification","valueRequired":true,"valueName":"search_term_string"}}],"inLanguage":"de-AUT"}]}},"_links":{"self":[{"href":"https:\/\/worldofflowerpots.com\/aut\/wp-json\/wp\/v2\/product\/53948","targetHints":{"allow":["GET"]}}],"collection":[{"href":"https:\/\/worldofflowerpots.com\/aut\/wp-json\/wp\/v2\/product"}],"about":[{"href":"https:\/\/worldofflowerpots.com\/aut\/wp-json\/wp\/v2\/types\/product"}],"wp:featuredmedia":[{"embeddable":true,"href":"https:\/\/worldofflowerpots.com\/aut\/wp-json\/wp\/v2\/media\/58932"}],"wp:attachment":[{"href":"https:\/\/worldofflowerpots.com\/aut\/wp-json\/wp\/v2\/media?parent=53948"}],"wp:term":[{"taxonomy":"product_brand","embeddable":true,"href":"https:\/\/worldofflowerpots.com\/aut\/wp-json\/wp\/v2\/product_brand?post=53948"},{"taxonomy":"product_cat","embeddable":true,"href":"https:\/\/worldofflowerpots.com\/aut\/wp-json\/wp\/v2\/product_cat?post=53948"},{"taxonomy":"product_tag","embeddable":true,"href":"https:\/\/worldofflowerpots.com\/aut\/wp-json\/wp\/v2\/product_tag?post=53948"}],"curies":[{"name":"wp","href":"https:\/\/api.w.org\/{rel}","templated":true}]}}