{"id":53949,"date":"2019-01-18T15:12:21","date_gmt":"2019-01-18T14:12:21","guid":{"rendered":"https:\/\/worldofflowerpots.com\/sklep\/pflanzkubel-rechteckig-anthrazit-alessio-8\/"},"modified":"2019-04-12T10:08:57","modified_gmt":"2019-04-12T08:08:57","slug":"pflanzkubel-rechteckig-anthrazit-alessio-8","status":"publish","type":"product","link":"https:\/\/worldofflowerpots.com\/aut\/sortiment\/pflanzkubel-rechteckig-anthrazit-alessio-8\/","title":{"rendered":"Pflanzk\u00fcbel rechteckig anthrazit Alessio 8"},"content":{"rendered":"<h2>Pflanzk\u00fcbel rechteckig anthrazit in XXL Alessio 8<\/h2>\n<p>Der Pflanzk\u00fcbel rechteckig anthrazit aus der Serie Alessio. Mit seiner rechteckigen Form und einem sehr schicken und eleganten Design \u00fcberzeugt. Hergestellt wurde der Alessio 8 Pflanzk\u00fcbel XXL aus einem hochwertigen Metall Aluminium. Die Verarbeitung l\u00e4sst nat\u00fcrlich ebenfalls keine W\u00fcnsche und Anforderungen offen. Der Blumenk\u00fcbel ist in der Farbe Anthrazit, Wei\u00df und Grau erh\u00e4ltlich. Somit ist sichergestellt, dass sich der Pflanzk\u00fcbel XXL perfekt in eine vorhandene Einrichtung einf\u00fcgen kann.<\/p>\n<h2>Pflanzk\u00fcbel aus Metall der Serie Alessio 8 ist ein rechteckiger K\u00fcbel der sich super als Begrenzung lohnt.<\/h2>\n<p>Das sehr hohe Gewicht sorgt f\u00fcr einen robusten Halt und der gro\u00dfz\u00fcgige Innenbereich bietet den Pflanzen und Blumen den n\u00f6tigen Platz zum Wachsen. Egal, ob Blumen die nur \u00fcber einen gewissen Zeitraum wachsen oder Str\u00e4ucher die das ganze Jahr \u00fcber bl\u00fchen. Der Pflanzk\u00fcbel XXL ist der perfekte und ideale Blumenk\u00fcbel. Ein besonderes Highlight ist, dass ab einer Bestellmenge es auch m\u00f6glich ist, dass Kunden die gew\u00fcnschte Farbe bzw. Lackierung selbst bestimmen k\u00f6nnen. Der Pflanzk\u00fcbel rechteckig anthrazit ist optisch sicherlich ein Blickfang und im Bereich Qualit\u00e4t und Verarbeitung, gibt es ebenfalls keinen Grund f\u00fcr Beanstandungen. Egal, ob auf einem Balkon, einer Terrasse oder in einem Eingangsbereich bei Unternehmen, der Pflanzk\u00fcbel XXL aus der Serie Alessio 8 macht immer eine sehr gute und ansehnliche Figur.<\/p>\n<h2>Der Blumenk\u00fcbel anthrazit ist nicht nur in der einen Farbe erh\u00e4ltlich sondern kann auch in wei\u00df und in grau geordert werden<\/h2>\n<p>In den K\u00fcbel k\u00f6nnen gut ganzj\u00e4hrige Str\u00e4ucher oder auch kleine B\u00e4ume gepflanzt werden die dann einen ganz nat\u00fcrlichen Zaun und damit eine Abgrenzung gegen\u00fcber dem Nachbar ergeben.Ab f\u00fcnf bestellten Exemplaren ist es auch m\u00f6glich eine individuelle Lackierung vorzunehmen. In den Ma\u00dfen 1400\u00d71400 mm und einem Gewicht von 58 Kilogramm kann der K\u00fcbel als Zaun oder auch Abgrenzung einer Terrasse gut angewendet werden.<\/p>\n","protected":false},"excerpt":{"rendered":"<p>Material: 2 mm Aluminiumblech<br \/>\nFarbe: Pulverbeschichtung<br \/>\nStandard: RAL9016,7012,7021<br \/>\nAb 5 St\u00fcck jede Ral Farbe m\u00f6glich<br \/>\nGewicht : 58kg<br \/>\nAbmessungen B1400mm H800mm L1400mm<br \/>\nUV-resistent, Wetterfest<br \/>\nFrostbest\u00e4ndig bei gew\u00e4hrleistetem Wasserablauf<\/p>\n","protected":false},"featured_media":58882,"template":"","meta":{"_acf_changed":false},"product_brand":[],"product_cat":[392],"product_tag":[],"class_list":{"0":"post-53949","1":"product","2":"type-product","3":"status-publish","4":"has-post-thumbnail","6":"product_cat-pflanzkubel-aluminium","7":"description-off","8":"tm-has-options","10":"first","11":"instock","12":"shipping-taxable","13":"purchasable","14":"product-type-simple"},"acf":[],"yoast_head":"<!-- This site is optimized with the Yoast SEO plugin v27.5 - https:\/\/yoast.com\/product\/yoast-seo-wordpress\/ -->\n<title>Pflanzk\u00fcbel rechteckig anthrazit Alessio 8 | World of Flowerpots - producent donic ozdobnych<\/title>\n<meta name=\"robots\" content=\"index, follow, max-snippet:-1, max-image-preview:large, max-video-preview:-1\" \/>\n<link rel=\"canonical\" href=\"https:\/\/worldofflowerpots.com\/sklep\/pflanzkubel-rechteckig-anthrazit-alessio-8\/\" \/>\n<meta property=\"og:locale\" content=\"de_DE\" \/>\n<meta property=\"og:type\" content=\"article\" \/>\n<meta property=\"og:title\" content=\"Pflanzk\u00fcbel rechteckig anthrazit Alessio 8 | World of Flowerpots - producent donic ozdobnych\" \/>\n<meta property=\"og:description\" content=\"Material: 2 mm Aluminiumblech Farbe: Pulverbeschichtung Standard: RAL9016,7012,7021 Ab 5 St\u00fcck jede Ral Farbe m\u00f6glich Gewicht : 58kg Abmessungen B1400mm H800mm L1400mm UV-resistent, Wetterfest Frostbest\u00e4ndig bei gew\u00e4hrleistetem Wasserablauf\" \/>\n<meta property=\"og:url\" content=\"https:\/\/worldofflowerpots.com\/sklep\/pflanzkubel-rechteckig-anthrazit-alessio-8\/\" \/>\n<meta property=\"og:site_name\" content=\"World of Flowerpots\" \/>\n<meta property=\"article:modified_time\" content=\"2019-04-12T08:08:57+00:00\" \/>\n<meta property=\"og:image\" content=\"https:\/\/worldofflowerpots.com\/wp-content\/uploads\/2019\/01\/pflanzk\u00fcbel-rechteckig-anthrazit-Alessio-8.jpg\" \/>\n\t<meta property=\"og:image:width\" content=\"2280\" \/>\n\t<meta property=\"og:image:height\" content=\"1612\" \/>\n\t<meta property=\"og:image:type\" content=\"image\/jpeg\" \/>\n<meta name=\"twitter:card\" content=\"summary_large_image\" \/>\n<meta name=\"twitter:label1\" content=\"Est. reading time\" \/>\n\t<meta name=\"twitter:data1\" content=\"2 minutes\" \/>\n<script type=\"application\/ld+json\" class=\"yoast-schema-graph\">{\"@context\":\"https:\\\/\\\/schema.org\",\"@graph\":[{\"@type\":\"WebPage\",\"@id\":\"https:\\\/\\\/worldofflowerpots.com\\\/sklep\\\/pflanzkubel-rechteckig-anthrazit-alessio-8\\\/\",\"url\":\"https:\\\/\\\/worldofflowerpots.com\\\/sklep\\\/pflanzkubel-rechteckig-anthrazit-alessio-8\\\/\",\"name\":\"Pflanzk\u00fcbel rechteckig anthrazit Alessio 8 | World of Flowerpots - producent donic ozdobnych\",\"isPartOf\":{\"@id\":\"https:\\\/\\\/worldofflowerpots.com\\\/#website\"},\"primaryImageOfPage\":{\"@id\":\"https:\\\/\\\/worldofflowerpots.com\\\/sklep\\\/pflanzkubel-rechteckig-anthrazit-alessio-8\\\/#primaryimage\"},\"image\":{\"@id\":\"https:\\\/\\\/worldofflowerpots.com\\\/sklep\\\/pflanzkubel-rechteckig-anthrazit-alessio-8\\\/#primaryimage\"},\"thumbnailUrl\":\"https:\\\/\\\/worldofflowerpots.com\\\/wp-content\\\/uploads\\\/2019\\\/01\\\/pflanzk\u00fcbel-rechteckig-anthrazit-Alessio-8.jpg\",\"datePublished\":\"2019-01-18T14:12:21+00:00\",\"dateModified\":\"2019-04-12T08:08:57+00:00\",\"breadcrumb\":{\"@id\":\"https:\\\/\\\/worldofflowerpots.com\\\/sklep\\\/pflanzkubel-rechteckig-anthrazit-alessio-8\\\/#breadcrumb\"},\"inLanguage\":\"de-AUT\",\"potentialAction\":[{\"@type\":\"ReadAction\",\"target\":[\"https:\\\/\\\/worldofflowerpots.com\\\/sklep\\\/pflanzkubel-rechteckig-anthrazit-alessio-8\\\/\"]}]},{\"@type\":\"ImageObject\",\"inLanguage\":\"de-AUT\",\"@id\":\"https:\\\/\\\/worldofflowerpots.com\\\/sklep\\\/pflanzkubel-rechteckig-anthrazit-alessio-8\\\/#primaryimage\",\"url\":\"https:\\\/\\\/worldofflowerpots.com\\\/wp-content\\\/uploads\\\/2019\\\/01\\\/pflanzk\u00fcbel-rechteckig-anthrazit-Alessio-8.jpg\",\"contentUrl\":\"https:\\\/\\\/worldofflowerpots.com\\\/wp-content\\\/uploads\\\/2019\\\/01\\\/pflanzk\u00fcbel-rechteckig-anthrazit-Alessio-8.jpg\",\"width\":2280,\"height\":1612},{\"@type\":\"BreadcrumbList\",\"@id\":\"https:\\\/\\\/worldofflowerpots.com\\\/sklep\\\/pflanzkubel-rechteckig-anthrazit-alessio-8\\\/#breadcrumb\",\"itemListElement\":[{\"@type\":\"ListItem\",\"position\":1,\"name\":\"Strona g\u0142\u00f3wna\",\"item\":\"https:\\\/\\\/worldofflowerpots.com\\\/home\\\/\"},{\"@type\":\"ListItem\",\"position\":2,\"name\":\"Shop\",\"item\":\"https:\\\/\\\/worldofflowerpots.com\\\/sortiment\\\/\"},{\"@type\":\"ListItem\",\"position\":3,\"name\":\"Pflanzk\u00fcbel rechteckig anthrazit Alessio 8\"}]},{\"@type\":\"WebSite\",\"@id\":\"https:\\\/\\\/worldofflowerpots.com\\\/#website\",\"url\":\"https:\\\/\\\/worldofflowerpots.com\\\/\",\"name\":\"World of Flowerpots\",\"description\":\"producent donic ozdobnych\",\"potentialAction\":[{\"@type\":\"SearchAction\",\"target\":{\"@type\":\"EntryPoint\",\"urlTemplate\":\"https:\\\/\\\/worldofflowerpots.com\\\/?s={search_term_string}\"},\"query-input\":{\"@type\":\"PropertyValueSpecification\",\"valueRequired\":true,\"valueName\":\"search_term_string\"}}],\"inLanguage\":\"de-AUT\"}]}<\/script>\n<!-- \/ Yoast SEO plugin. -->","yoast_head_json":{"title":"Pflanzk\u00fcbel rechteckig anthrazit Alessio 8 | World of Flowerpots - producent donic ozdobnych","robots":{"index":"index","follow":"follow","max-snippet":"max-snippet:-1","max-image-preview":"max-image-preview:large","max-video-preview":"max-video-preview:-1"},"canonical":"https:\/\/worldofflowerpots.com\/sklep\/pflanzkubel-rechteckig-anthrazit-alessio-8\/","og_locale":"de_DE","og_type":"article","og_title":"Pflanzk\u00fcbel rechteckig anthrazit Alessio 8 | World of Flowerpots - producent donic ozdobnych","og_description":"Material: 2 mm Aluminiumblech Farbe: Pulverbeschichtung Standard: RAL9016,7012,7021 Ab 5 St\u00fcck jede Ral Farbe m\u00f6glich Gewicht : 58kg Abmessungen B1400mm H800mm L1400mm UV-resistent, Wetterfest Frostbest\u00e4ndig bei gew\u00e4hrleistetem Wasserablauf","og_url":"https:\/\/worldofflowerpots.com\/sklep\/pflanzkubel-rechteckig-anthrazit-alessio-8\/","og_site_name":"World of Flowerpots","article_modified_time":"2019-04-12T08:08:57+00:00","og_image":[{"width":2280,"height":1612,"url":"https:\/\/worldofflowerpots.com\/wp-content\/uploads\/2019\/01\/pflanzk\u00fcbel-rechteckig-anthrazit-Alessio-8.jpg","type":"image\/jpeg"}],"twitter_card":"summary_large_image","twitter_misc":{"Est. reading time":"2 minutes"},"schema":{"@context":"https:\/\/schema.org","@graph":[{"@type":"WebPage","@id":"https:\/\/worldofflowerpots.com\/sklep\/pflanzkubel-rechteckig-anthrazit-alessio-8\/","url":"https:\/\/worldofflowerpots.com\/sklep\/pflanzkubel-rechteckig-anthrazit-alessio-8\/","name":"Pflanzk\u00fcbel rechteckig anthrazit Alessio 8 | World of Flowerpots - producent donic ozdobnych","isPartOf":{"@id":"https:\/\/worldofflowerpots.com\/#website"},"primaryImageOfPage":{"@id":"https:\/\/worldofflowerpots.com\/sklep\/pflanzkubel-rechteckig-anthrazit-alessio-8\/#primaryimage"},"image":{"@id":"https:\/\/worldofflowerpots.com\/sklep\/pflanzkubel-rechteckig-anthrazit-alessio-8\/#primaryimage"},"thumbnailUrl":"https:\/\/worldofflowerpots.com\/wp-content\/uploads\/2019\/01\/pflanzk\u00fcbel-rechteckig-anthrazit-Alessio-8.jpg","datePublished":"2019-01-18T14:12:21+00:00","dateModified":"2019-04-12T08:08:57+00:00","breadcrumb":{"@id":"https:\/\/worldofflowerpots.com\/sklep\/pflanzkubel-rechteckig-anthrazit-alessio-8\/#breadcrumb"},"inLanguage":"de-AUT","potentialAction":[{"@type":"ReadAction","target":["https:\/\/worldofflowerpots.com\/sklep\/pflanzkubel-rechteckig-anthrazit-alessio-8\/"]}]},{"@type":"ImageObject","inLanguage":"de-AUT","@id":"https:\/\/worldofflowerpots.com\/sklep\/pflanzkubel-rechteckig-anthrazit-alessio-8\/#primaryimage","url":"https:\/\/worldofflowerpots.com\/wp-content\/uploads\/2019\/01\/pflanzk\u00fcbel-rechteckig-anthrazit-Alessio-8.jpg","contentUrl":"https:\/\/worldofflowerpots.com\/wp-content\/uploads\/2019\/01\/pflanzk\u00fcbel-rechteckig-anthrazit-Alessio-8.jpg","width":2280,"height":1612},{"@type":"BreadcrumbList","@id":"https:\/\/worldofflowerpots.com\/sklep\/pflanzkubel-rechteckig-anthrazit-alessio-8\/#breadcrumb","itemListElement":[{"@type":"ListItem","position":1,"name":"Strona g\u0142\u00f3wna","item":"https:\/\/worldofflowerpots.com\/home\/"},{"@type":"ListItem","position":2,"name":"Shop","item":"https:\/\/worldofflowerpots.com\/sortiment\/"},{"@type":"ListItem","position":3,"name":"Pflanzk\u00fcbel rechteckig anthrazit Alessio 8"}]},{"@type":"WebSite","@id":"https:\/\/worldofflowerpots.com\/#website","url":"https:\/\/worldofflowerpots.com\/","name":"World of Flowerpots","description":"producent donic ozdobnych","potentialAction":[{"@type":"SearchAction","target":{"@type":"EntryPoint","urlTemplate":"https:\/\/worldofflowerpots.com\/?s={search_term_string}"},"query-input":{"@type":"PropertyValueSpecification","valueRequired":true,"valueName":"search_term_string"}}],"inLanguage":"de-AUT"}]}},"_links":{"self":[{"href":"https:\/\/worldofflowerpots.com\/aut\/wp-json\/wp\/v2\/product\/53949","targetHints":{"allow":["GET"]}}],"collection":[{"href":"https:\/\/worldofflowerpots.com\/aut\/wp-json\/wp\/v2\/product"}],"about":[{"href":"https:\/\/worldofflowerpots.com\/aut\/wp-json\/wp\/v2\/types\/product"}],"wp:featuredmedia":[{"embeddable":true,"href":"https:\/\/worldofflowerpots.com\/aut\/wp-json\/wp\/v2\/media\/58882"}],"wp:attachment":[{"href":"https:\/\/worldofflowerpots.com\/aut\/wp-json\/wp\/v2\/media?parent=53949"}],"wp:term":[{"taxonomy":"product_brand","embeddable":true,"href":"https:\/\/worldofflowerpots.com\/aut\/wp-json\/wp\/v2\/product_brand?post=53949"},{"taxonomy":"product_cat","embeddable":true,"href":"https:\/\/worldofflowerpots.com\/aut\/wp-json\/wp\/v2\/product_cat?post=53949"},{"taxonomy":"product_tag","embeddable":true,"href":"https:\/\/worldofflowerpots.com\/aut\/wp-json\/wp\/v2\/product_tag?post=53949"}],"curies":[{"name":"wp","href":"https:\/\/api.w.org\/{rel}","templated":true}]}}