{"id":53950,"date":"2019-01-18T15:12:21","date_gmt":"2019-01-18T14:12:21","guid":{"rendered":"https:\/\/worldofflowerpots.com\/sklep\/blumenkubel-anthrazit-eckig-alessio-4\/"},"modified":"2019-04-12T10:26:14","modified_gmt":"2019-04-12T08:26:14","slug":"blumenkubel-anthrazit-eckig-alessio-4","status":"publish","type":"product","link":"https:\/\/worldofflowerpots.com\/aut\/sortiment\/blumenkubel-anthrazit-eckig-alessio-4\/","title":{"rendered":"Blumenk\u00fcbel anthrazit eckig Alessio 4"},"content":{"rendered":"<h2>Der Blumenk\u00fcbel anthrazit eckig versch\u00f6nert stilvoll Ihren Gartenbereich<\/h2>\n<p>Um ein gem\u00fctliches Ambiente im Garten herzustellen, bedarf es neben einem professionellen Beleuchtungskonzept und einem individuellen Gartenmobiliar, vor allem eine stillvolle Gartengestaltung. Diese kann anhand von verschiedenen K\u00fcbeln f\u00fcr den Au\u00dfenbereich realisiert werden. Eine perfekte Variante stellt der quadratische Pflanzentopf Alessio4 dar, der den Garten dekorativ in einem neuen Glanz erstrahlen lassen kann. Je nach Ambiente kann aus drei unterschiedlichen Lackierungen die f\u00fcr sich passende ausgew\u00e4hlt werden. Aufgrund seiner quadratischen und dadurch angenehmen Passform lassen sich Pflanzen aller Art hervorragend integrieren und gewinnen durch sein modernes Design nochmals an Glanz. Je nach Belieben kann der Pflanzentopf Alessio 4 im Haus oder im Au\u00dfenbereich zum Einsatz kommen. Aufgrund seiner erstklassigen Verarbeitung wird eine hochwertige Qualit\u00e4t gew\u00e4hrleistet, die eine lange Haltbarkeit garantiert<\/p>\n<h2>Pflanzen und Blumen werden mit diesem Blumenk\u00fcbel anthrazit eckig zum Blickfang<\/h2>\n<p>Sie wollen Ihre neuen Pflanzen und Blumen so richtig in Szene setzen? Dann ist der Alessio Pflanzenk\u00fcbel mit Sicherheit das richtige Stilelement f\u00fcr Balkon, Terrasse oder den Wohnbereich.<\/p>\n<h3>Pflanzk\u00fcbel rechteckig \u2013 ideal f\u00fcr den Innen- und Au\u00dfenbereich geeignet<\/h3>\n<p>Der wohl gr\u00f6\u00dfte Vorteil dieses Pflanzentroges ist, dass er aufgrund seiner rechteckigen Bauweise nur sehr wenig Platz in Anspruch nimmt. Mit einem Eigengewicht von lediglich 12 Kilogramm, ist der Blumenk\u00fcbel anthrazit eckig aus Aluminium ein regelrechtes Leichtgewicht. Das Gesamtvolumen von 110 Liter, sollte sicherlich f\u00fcr zahlreiche Pflanzen und Blumen ausreichend Platz bieten. Der Alessio Pflanzenk\u00fcbel ist nicht umsonst aus Aluminium hergestellt, denn dieses Material ist besonders witterungsbest\u00e4ndig und sch\u00fctzt Blumen und Pflanzen vor Wind und Wetter.<\/p>\n<h2>Alessio \u2013 ein wahrer Blickfang<\/h2>\n<p>Der Hersteller World of Flowerpots hat mit der Serie Alessio sicherlich viele Geschm\u00e4cker getroffen. Mit einer edlen schwarzen RAL-Lackierung passt der Pflanzk\u00fcbel rechteckig sicherlich auch zu Ihrer vorhandenen Einrichtung im Au\u00dfen- oder Innenbereich. Was n\u00fctzen die sch\u00f6nsten Pflanzen, wenn der \u00dcbertopf bzw. der Blumenk\u00fcbel aus schlichten und g\u00fcnstigen Plastik ist? Die Alessio Pflanzgef\u00e4\u00dfe au\u00dfen, \u00fcberzeugen mit einer ganz besonderen Optik und Ihre Blumen werden somit auf alle F\u00e4lle zu einem Blickfang.<\/p>\n","protected":false},"excerpt":{"rendered":"<p>Material: 2 mm Aluminiumblech<br \/>\nFarbe: Pulverbeschichtung<br \/>\nStandard: RAL9016,7012,7021<br \/>\nAb 5 St\u00fcck jede Ral Farbe m\u00f6glich<br \/>\nGewicht : 29kg<br \/>\nAbmessungen B800mm H800mm L800mm<br \/>\nUV-resistent, Wetterfest<br \/>\nFrostbest\u00e4ndig bei gew\u00e4hrleistetem Wasserablauf<\/p>\n","protected":false},"featured_media":58922,"template":"","meta":{"_acf_changed":false},"product_brand":[],"product_cat":[392],"product_tag":[],"class_list":{"0":"post-53950","1":"product","2":"type-product","3":"status-publish","4":"has-post-thumbnail","6":"product_cat-pflanzkubel-aluminium","7":"description-off","8":"tm-has-options","10":"first","11":"instock","12":"shipping-taxable","13":"purchasable","14":"product-type-simple"},"acf":[],"yoast_head":"<!-- This site is optimized with the Yoast SEO plugin v27.5 - https:\/\/yoast.com\/product\/yoast-seo-wordpress\/ -->\n<title>Blumenk\u00fcbel anthrazit eckig Alessio 4 | World of Flowerpots - producent donic ozdobnych<\/title>\n<meta name=\"robots\" content=\"index, follow, max-snippet:-1, max-image-preview:large, max-video-preview:-1\" \/>\n<link rel=\"canonical\" href=\"https:\/\/worldofflowerpots.com\/sklep\/blumenkubel-anthrazit-eckig-alessio-4\/\" \/>\n<meta property=\"og:locale\" content=\"de_DE\" \/>\n<meta property=\"og:type\" content=\"article\" \/>\n<meta property=\"og:title\" content=\"Blumenk\u00fcbel anthrazit eckig Alessio 4 | World of Flowerpots - producent donic ozdobnych\" \/>\n<meta property=\"og:description\" content=\"Material: 2 mm Aluminiumblech Farbe: Pulverbeschichtung Standard: RAL9016,7012,7021 Ab 5 St\u00fcck jede Ral Farbe m\u00f6glich Gewicht : 29kg Abmessungen B800mm H800mm L800mm UV-resistent, Wetterfest Frostbest\u00e4ndig bei gew\u00e4hrleistetem Wasserablauf\" \/>\n<meta property=\"og:url\" content=\"https:\/\/worldofflowerpots.com\/sklep\/blumenkubel-anthrazit-eckig-alessio-4\/\" \/>\n<meta property=\"og:site_name\" content=\"World of Flowerpots\" \/>\n<meta property=\"article:modified_time\" content=\"2019-04-12T08:26:14+00:00\" \/>\n<meta property=\"og:image\" content=\"https:\/\/worldofflowerpots.com\/wp-content\/uploads\/2019\/01\/blumenk\u00fcbel-anthrazit-eckig-Alessio-4.jpg\" \/>\n\t<meta property=\"og:image:width\" content=\"2280\" \/>\n\t<meta property=\"og:image:height\" content=\"1612\" \/>\n\t<meta property=\"og:image:type\" content=\"image\/jpeg\" \/>\n<meta name=\"twitter:card\" content=\"summary_large_image\" \/>\n<meta name=\"twitter:label1\" content=\"Est. reading time\" \/>\n\t<meta name=\"twitter:data1\" content=\"2 minutes\" \/>\n<script type=\"application\/ld+json\" class=\"yoast-schema-graph\">{\"@context\":\"https:\\\/\\\/schema.org\",\"@graph\":[{\"@type\":\"WebPage\",\"@id\":\"https:\\\/\\\/worldofflowerpots.com\\\/sklep\\\/blumenkubel-anthrazit-eckig-alessio-4\\\/\",\"url\":\"https:\\\/\\\/worldofflowerpots.com\\\/sklep\\\/blumenkubel-anthrazit-eckig-alessio-4\\\/\",\"name\":\"Blumenk\u00fcbel anthrazit eckig Alessio 4 | World of Flowerpots - producent donic ozdobnych\",\"isPartOf\":{\"@id\":\"https:\\\/\\\/worldofflowerpots.com\\\/#website\"},\"primaryImageOfPage\":{\"@id\":\"https:\\\/\\\/worldofflowerpots.com\\\/sklep\\\/blumenkubel-anthrazit-eckig-alessio-4\\\/#primaryimage\"},\"image\":{\"@id\":\"https:\\\/\\\/worldofflowerpots.com\\\/sklep\\\/blumenkubel-anthrazit-eckig-alessio-4\\\/#primaryimage\"},\"thumbnailUrl\":\"https:\\\/\\\/worldofflowerpots.com\\\/wp-content\\\/uploads\\\/2019\\\/01\\\/blumenk\u00fcbel-anthrazit-eckig-Alessio-4.jpg\",\"datePublished\":\"2019-01-18T14:12:21+00:00\",\"dateModified\":\"2019-04-12T08:26:14+00:00\",\"breadcrumb\":{\"@id\":\"https:\\\/\\\/worldofflowerpots.com\\\/sklep\\\/blumenkubel-anthrazit-eckig-alessio-4\\\/#breadcrumb\"},\"inLanguage\":\"de-AUT\",\"potentialAction\":[{\"@type\":\"ReadAction\",\"target\":[\"https:\\\/\\\/worldofflowerpots.com\\\/sklep\\\/blumenkubel-anthrazit-eckig-alessio-4\\\/\"]}]},{\"@type\":\"ImageObject\",\"inLanguage\":\"de-AUT\",\"@id\":\"https:\\\/\\\/worldofflowerpots.com\\\/sklep\\\/blumenkubel-anthrazit-eckig-alessio-4\\\/#primaryimage\",\"url\":\"https:\\\/\\\/worldofflowerpots.com\\\/wp-content\\\/uploads\\\/2019\\\/01\\\/blumenk\u00fcbel-anthrazit-eckig-Alessio-4.jpg\",\"contentUrl\":\"https:\\\/\\\/worldofflowerpots.com\\\/wp-content\\\/uploads\\\/2019\\\/01\\\/blumenk\u00fcbel-anthrazit-eckig-Alessio-4.jpg\",\"width\":2280,\"height\":1612},{\"@type\":\"BreadcrumbList\",\"@id\":\"https:\\\/\\\/worldofflowerpots.com\\\/sklep\\\/blumenkubel-anthrazit-eckig-alessio-4\\\/#breadcrumb\",\"itemListElement\":[{\"@type\":\"ListItem\",\"position\":1,\"name\":\"Strona g\u0142\u00f3wna\",\"item\":\"https:\\\/\\\/worldofflowerpots.com\\\/home\\\/\"},{\"@type\":\"ListItem\",\"position\":2,\"name\":\"Shop\",\"item\":\"https:\\\/\\\/worldofflowerpots.com\\\/sortiment\\\/\"},{\"@type\":\"ListItem\",\"position\":3,\"name\":\"Blumenk\u00fcbel anthrazit eckig Alessio 4\"}]},{\"@type\":\"WebSite\",\"@id\":\"https:\\\/\\\/worldofflowerpots.com\\\/#website\",\"url\":\"https:\\\/\\\/worldofflowerpots.com\\\/\",\"name\":\"World of Flowerpots\",\"description\":\"producent donic ozdobnych\",\"potentialAction\":[{\"@type\":\"SearchAction\",\"target\":{\"@type\":\"EntryPoint\",\"urlTemplate\":\"https:\\\/\\\/worldofflowerpots.com\\\/?s={search_term_string}\"},\"query-input\":{\"@type\":\"PropertyValueSpecification\",\"valueRequired\":true,\"valueName\":\"search_term_string\"}}],\"inLanguage\":\"de-AUT\"}]}<\/script>\n<!-- \/ Yoast SEO plugin. -->","yoast_head_json":{"title":"Blumenk\u00fcbel anthrazit eckig Alessio 4 | World of Flowerpots - producent donic ozdobnych","robots":{"index":"index","follow":"follow","max-snippet":"max-snippet:-1","max-image-preview":"max-image-preview:large","max-video-preview":"max-video-preview:-1"},"canonical":"https:\/\/worldofflowerpots.com\/sklep\/blumenkubel-anthrazit-eckig-alessio-4\/","og_locale":"de_DE","og_type":"article","og_title":"Blumenk\u00fcbel anthrazit eckig Alessio 4 | World of Flowerpots - producent donic ozdobnych","og_description":"Material: 2 mm Aluminiumblech Farbe: Pulverbeschichtung Standard: RAL9016,7012,7021 Ab 5 St\u00fcck jede Ral Farbe m\u00f6glich Gewicht : 29kg Abmessungen B800mm H800mm L800mm UV-resistent, Wetterfest Frostbest\u00e4ndig bei gew\u00e4hrleistetem Wasserablauf","og_url":"https:\/\/worldofflowerpots.com\/sklep\/blumenkubel-anthrazit-eckig-alessio-4\/","og_site_name":"World of Flowerpots","article_modified_time":"2019-04-12T08:26:14+00:00","og_image":[{"width":2280,"height":1612,"url":"https:\/\/worldofflowerpots.com\/wp-content\/uploads\/2019\/01\/blumenk\u00fcbel-anthrazit-eckig-Alessio-4.jpg","type":"image\/jpeg"}],"twitter_card":"summary_large_image","twitter_misc":{"Est. reading time":"2 minutes"},"schema":{"@context":"https:\/\/schema.org","@graph":[{"@type":"WebPage","@id":"https:\/\/worldofflowerpots.com\/sklep\/blumenkubel-anthrazit-eckig-alessio-4\/","url":"https:\/\/worldofflowerpots.com\/sklep\/blumenkubel-anthrazit-eckig-alessio-4\/","name":"Blumenk\u00fcbel anthrazit eckig Alessio 4 | World of Flowerpots - producent donic ozdobnych","isPartOf":{"@id":"https:\/\/worldofflowerpots.com\/#website"},"primaryImageOfPage":{"@id":"https:\/\/worldofflowerpots.com\/sklep\/blumenkubel-anthrazit-eckig-alessio-4\/#primaryimage"},"image":{"@id":"https:\/\/worldofflowerpots.com\/sklep\/blumenkubel-anthrazit-eckig-alessio-4\/#primaryimage"},"thumbnailUrl":"https:\/\/worldofflowerpots.com\/wp-content\/uploads\/2019\/01\/blumenk\u00fcbel-anthrazit-eckig-Alessio-4.jpg","datePublished":"2019-01-18T14:12:21+00:00","dateModified":"2019-04-12T08:26:14+00:00","breadcrumb":{"@id":"https:\/\/worldofflowerpots.com\/sklep\/blumenkubel-anthrazit-eckig-alessio-4\/#breadcrumb"},"inLanguage":"de-AUT","potentialAction":[{"@type":"ReadAction","target":["https:\/\/worldofflowerpots.com\/sklep\/blumenkubel-anthrazit-eckig-alessio-4\/"]}]},{"@type":"ImageObject","inLanguage":"de-AUT","@id":"https:\/\/worldofflowerpots.com\/sklep\/blumenkubel-anthrazit-eckig-alessio-4\/#primaryimage","url":"https:\/\/worldofflowerpots.com\/wp-content\/uploads\/2019\/01\/blumenk\u00fcbel-anthrazit-eckig-Alessio-4.jpg","contentUrl":"https:\/\/worldofflowerpots.com\/wp-content\/uploads\/2019\/01\/blumenk\u00fcbel-anthrazit-eckig-Alessio-4.jpg","width":2280,"height":1612},{"@type":"BreadcrumbList","@id":"https:\/\/worldofflowerpots.com\/sklep\/blumenkubel-anthrazit-eckig-alessio-4\/#breadcrumb","itemListElement":[{"@type":"ListItem","position":1,"name":"Strona g\u0142\u00f3wna","item":"https:\/\/worldofflowerpots.com\/home\/"},{"@type":"ListItem","position":2,"name":"Shop","item":"https:\/\/worldofflowerpots.com\/sortiment\/"},{"@type":"ListItem","position":3,"name":"Blumenk\u00fcbel anthrazit eckig Alessio 4"}]},{"@type":"WebSite","@id":"https:\/\/worldofflowerpots.com\/#website","url":"https:\/\/worldofflowerpots.com\/","name":"World of Flowerpots","description":"producent donic ozdobnych","potentialAction":[{"@type":"SearchAction","target":{"@type":"EntryPoint","urlTemplate":"https:\/\/worldofflowerpots.com\/?s={search_term_string}"},"query-input":{"@type":"PropertyValueSpecification","valueRequired":true,"valueName":"search_term_string"}}],"inLanguage":"de-AUT"}]}},"_links":{"self":[{"href":"https:\/\/worldofflowerpots.com\/aut\/wp-json\/wp\/v2\/product\/53950","targetHints":{"allow":["GET"]}}],"collection":[{"href":"https:\/\/worldofflowerpots.com\/aut\/wp-json\/wp\/v2\/product"}],"about":[{"href":"https:\/\/worldofflowerpots.com\/aut\/wp-json\/wp\/v2\/types\/product"}],"wp:featuredmedia":[{"embeddable":true,"href":"https:\/\/worldofflowerpots.com\/aut\/wp-json\/wp\/v2\/media\/58922"}],"wp:attachment":[{"href":"https:\/\/worldofflowerpots.com\/aut\/wp-json\/wp\/v2\/media?parent=53950"}],"wp:term":[{"taxonomy":"product_brand","embeddable":true,"href":"https:\/\/worldofflowerpots.com\/aut\/wp-json\/wp\/v2\/product_brand?post=53950"},{"taxonomy":"product_cat","embeddable":true,"href":"https:\/\/worldofflowerpots.com\/aut\/wp-json\/wp\/v2\/product_cat?post=53950"},{"taxonomy":"product_tag","embeddable":true,"href":"https:\/\/worldofflowerpots.com\/aut\/wp-json\/wp\/v2\/product_tag?post=53950"}],"curies":[{"name":"wp","href":"https:\/\/api.w.org\/{rel}","templated":true}]}}