{"id":53951,"date":"2019-01-18T15:12:21","date_gmt":"2019-01-18T14:12:21","guid":{"rendered":"https:\/\/worldofflowerpots.com\/sklep\/pflanzkubel-anthrazit-eckig-alessio-5\/"},"modified":"2019-04-12T10:23:55","modified_gmt":"2019-04-12T08:23:55","slug":"pflanzkubel-anthrazit-eckig-alessio-5","status":"publish","type":"product","link":"https:\/\/worldofflowerpots.com\/aut\/sortiment\/pflanzkubel-anthrazit-eckig-alessio-5\/","title":{"rendered":"Pflanzk\u00fcbel anthrazit eckig Alessio 5"},"content":{"rendered":"<h2>Pflanzk\u00fcbel anthrazit eckig f\u00fcr drau\u00dfen und ihre vielen Gestaltungsm\u00f6glichkeiten<\/h2>\n<p>Wenn Sie sich schon lange \u00fcberlegt haben, wie Sie Ihren Au\u00dfenbereich am besten gestalten k\u00f6nnen, so sollten Sie sich f\u00fcr diesen sch\u00f6nen, modernen Blumentopf Alessio 5 entscheiden. Diese Pflanzgef\u00e4\u00dfe Au\u00dfenbereich haben nicht nur eine sehr moderne Optik, sondern sind auch vielf\u00e4ltig einsetzbar. So k\u00f6nnen Sie Ihren Au\u00dfenbereich auf eine einmalige Art aufpeppen und versch\u00f6nern. Um Pflanzen im Garten auch dekorativ zur Geltung zu bringen, muss das passende Beh\u00e4ltnis gew\u00e4hlt werden. Der quadratische Pflanzk\u00fcbel Alessio 5 setzt Ihre Pflanzen aufgrund seines modernen Designs gekonnt in Szene.<\/p>\n<h2>Stilvoll und gleichzeitig praktisch<\/h2>\n<p>Wenn Sie Ihrer Terrasse und Ihrem Garten eine neue Optik verpassen und gleichzeitig Ihre Pflanzen bestens zur Geltung bringen m\u00f6chten, so sind Pflanzgef\u00e4\u00dfe Au\u00dfenbereich ideal geeignet. Mit dem modernen, quadratischen Pflanzk\u00fcbel anthrazit eckig haben Sie die M\u00f6glichkeit, Ihre Pflanzen so in Szene zu setzen, dass ein absolut harmonisches Gesamtbild entsteht. Diese Blument\u00f6pfe f\u00fcr drau\u00dfen beeindrucken zudem durch ein sehr modernes Design. Je nachdem, wie Sie den Rest Ihres Au\u00dfenbereiches gestaltet haben, k\u00f6nnen Sie hier auch eine passende Farbe f\u00fcr Ihre neuen Blumentr\u00f6ge w\u00e4hlen. Zur Wahl steht Ihnen hierbei schwarz, grau oder wei\u00df. So passen sich die Blument\u00f6pfe f\u00fcr drau\u00dfen bestens der Umgebung an, wodurch ein harmonischer Gesamteindruck entsteht. Ob im Garten, im Wintergarten oder auf dem Balkon, \u00fcberall sorgt der quadratische Pflanzenbeh\u00e4lter f\u00fcr ein stillvolles Ambiente.<\/p>\n<h2>Viele Vorteile durch die Pflanzgef\u00e4\u00dfe Au\u00dfenbereich<\/h2>\n<p>Durch die quadratische Form bringen diese Pflanzk\u00fcbel anthrazit eckig f\u00fcr drau\u00dfen mehrere Vorteile mit sich. Das Gr\u00f6\u00dfte ist jedoch, dass sie auch ganz platzsparend aufgestellt werden k\u00f6nnen. Sie f\u00fcgen sich bestens in jede Ecke ein sorgen dort f\u00fcr ein eine sehr sch\u00f6ne Optik. \u00dcberzeugen Sie sich selbst von dem K\u00f6nnen dieser Pflanzgef\u00e4\u00dfe und wie sie positiv auf Ihre komplette Au\u00dfengestaltung einwirken k\u00f6nnen. Nutzen Sie diese, um einen ganz neuen, harmonisch gestalteten Gartenbereich zu bekommen. Je nach Geschmack kann man aus einer Auswahl von drei unterschiedlichen Lackierungen die f\u00fcr sich passende ausw\u00e4hlen, sodass sich Alessio5 individuell in jeden Au\u00dfenbereich integrieren l\u00e4sst. Aufgrund seiner schlichten Farbgebung l\u00e4sst sich Alessio5 hervorragend mit anderen Farben kombinieren. Die jeweilige Farbe kann dabei ab einer Bestellmenge von 5 St\u00fcck individuell gestaltet werden. Wegen seiner hochwertigen Verarbeitung, zeigt sich der Aluminium K\u00fcbel extrem robust, haltbar und wetterfest.<\/p>\n","protected":false},"excerpt":{"rendered":"<p>Material: 2 mm Aluminiumblech<br \/>\nFarbe: Pulverbeschichtung<br \/>\nStandard: RAL9016,7012,7021<br \/>\nAb 5 St\u00fcck jede Ral Farbe m\u00f6glich<br \/>\nGewicht : 34kg<br \/>\nAbmessungen B1000mm H800mm L1000mm<br \/>\nUV-resistent, Wetterfest<br \/>\nFrostbest\u00e4ndig bei gew\u00e4hrleistetem Wasserablauf<\/p>\n","protected":false},"featured_media":58912,"template":"","meta":{"_acf_changed":false},"product_brand":[],"product_cat":[392],"product_tag":[],"class_list":{"0":"post-53951","1":"product","2":"type-product","3":"status-publish","4":"has-post-thumbnail","6":"product_cat-pflanzkubel-aluminium","7":"description-off","8":"tm-has-options","10":"first","11":"instock","12":"shipping-taxable","13":"purchasable","14":"product-type-simple"},"acf":[],"yoast_head":"<!-- This site is optimized with the Yoast SEO plugin v27.5 - https:\/\/yoast.com\/product\/yoast-seo-wordpress\/ -->\n<title>Pflanzk\u00fcbel anthrazit eckig Alessio 5 | World of Flowerpots - producent donic ozdobnych<\/title>\n<meta name=\"robots\" content=\"index, follow, max-snippet:-1, max-image-preview:large, max-video-preview:-1\" \/>\n<link rel=\"canonical\" href=\"https:\/\/worldofflowerpots.com\/sklep\/pflanzkubel-anthrazit-eckig-alessio-5\/\" \/>\n<meta property=\"og:locale\" content=\"de_DE\" \/>\n<meta property=\"og:type\" content=\"article\" \/>\n<meta property=\"og:title\" content=\"Pflanzk\u00fcbel anthrazit eckig Alessio 5 | World of Flowerpots - producent donic ozdobnych\" \/>\n<meta property=\"og:description\" content=\"Material: 2 mm Aluminiumblech Farbe: Pulverbeschichtung Standard: RAL9016,7012,7021 Ab 5 St\u00fcck jede Ral Farbe m\u00f6glich Gewicht : 34kg Abmessungen B1000mm H800mm L1000mm UV-resistent, Wetterfest Frostbest\u00e4ndig bei gew\u00e4hrleistetem Wasserablauf\" \/>\n<meta property=\"og:url\" content=\"https:\/\/worldofflowerpots.com\/sklep\/pflanzkubel-anthrazit-eckig-alessio-5\/\" \/>\n<meta property=\"og:site_name\" content=\"World of Flowerpots\" \/>\n<meta property=\"article:modified_time\" content=\"2019-04-12T08:23:55+00:00\" \/>\n<meta property=\"og:image\" content=\"https:\/\/worldofflowerpots.com\/wp-content\/uploads\/2019\/01\/pflanzk\u00fcbel-anthrazit-eckig-Alessio-5.jpg\" \/>\n\t<meta property=\"og:image:width\" content=\"2280\" \/>\n\t<meta property=\"og:image:height\" content=\"1612\" \/>\n\t<meta property=\"og:image:type\" content=\"image\/jpeg\" \/>\n<meta name=\"twitter:card\" content=\"summary_large_image\" \/>\n<meta name=\"twitter:label1\" content=\"Est. reading time\" \/>\n\t<meta name=\"twitter:data1\" content=\"2 minutes\" \/>\n<script type=\"application\/ld+json\" class=\"yoast-schema-graph\">{\"@context\":\"https:\\\/\\\/schema.org\",\"@graph\":[{\"@type\":\"WebPage\",\"@id\":\"https:\\\/\\\/worldofflowerpots.com\\\/sklep\\\/pflanzkubel-anthrazit-eckig-alessio-5\\\/\",\"url\":\"https:\\\/\\\/worldofflowerpots.com\\\/sklep\\\/pflanzkubel-anthrazit-eckig-alessio-5\\\/\",\"name\":\"Pflanzk\u00fcbel anthrazit eckig Alessio 5 | World of Flowerpots - producent donic ozdobnych\",\"isPartOf\":{\"@id\":\"https:\\\/\\\/worldofflowerpots.com\\\/#website\"},\"primaryImageOfPage\":{\"@id\":\"https:\\\/\\\/worldofflowerpots.com\\\/sklep\\\/pflanzkubel-anthrazit-eckig-alessio-5\\\/#primaryimage\"},\"image\":{\"@id\":\"https:\\\/\\\/worldofflowerpots.com\\\/sklep\\\/pflanzkubel-anthrazit-eckig-alessio-5\\\/#primaryimage\"},\"thumbnailUrl\":\"https:\\\/\\\/worldofflowerpots.com\\\/wp-content\\\/uploads\\\/2019\\\/01\\\/pflanzk\u00fcbel-anthrazit-eckig-Alessio-5.jpg\",\"datePublished\":\"2019-01-18T14:12:21+00:00\",\"dateModified\":\"2019-04-12T08:23:55+00:00\",\"breadcrumb\":{\"@id\":\"https:\\\/\\\/worldofflowerpots.com\\\/sklep\\\/pflanzkubel-anthrazit-eckig-alessio-5\\\/#breadcrumb\"},\"inLanguage\":\"de-AUT\",\"potentialAction\":[{\"@type\":\"ReadAction\",\"target\":[\"https:\\\/\\\/worldofflowerpots.com\\\/sklep\\\/pflanzkubel-anthrazit-eckig-alessio-5\\\/\"]}]},{\"@type\":\"ImageObject\",\"inLanguage\":\"de-AUT\",\"@id\":\"https:\\\/\\\/worldofflowerpots.com\\\/sklep\\\/pflanzkubel-anthrazit-eckig-alessio-5\\\/#primaryimage\",\"url\":\"https:\\\/\\\/worldofflowerpots.com\\\/wp-content\\\/uploads\\\/2019\\\/01\\\/pflanzk\u00fcbel-anthrazit-eckig-Alessio-5.jpg\",\"contentUrl\":\"https:\\\/\\\/worldofflowerpots.com\\\/wp-content\\\/uploads\\\/2019\\\/01\\\/pflanzk\u00fcbel-anthrazit-eckig-Alessio-5.jpg\",\"width\":2280,\"height\":1612},{\"@type\":\"BreadcrumbList\",\"@id\":\"https:\\\/\\\/worldofflowerpots.com\\\/sklep\\\/pflanzkubel-anthrazit-eckig-alessio-5\\\/#breadcrumb\",\"itemListElement\":[{\"@type\":\"ListItem\",\"position\":1,\"name\":\"Strona g\u0142\u00f3wna\",\"item\":\"https:\\\/\\\/worldofflowerpots.com\\\/home\\\/\"},{\"@type\":\"ListItem\",\"position\":2,\"name\":\"Shop\",\"item\":\"https:\\\/\\\/worldofflowerpots.com\\\/sortiment\\\/\"},{\"@type\":\"ListItem\",\"position\":3,\"name\":\"Pflanzk\u00fcbel anthrazit eckig Alessio 5\"}]},{\"@type\":\"WebSite\",\"@id\":\"https:\\\/\\\/worldofflowerpots.com\\\/#website\",\"url\":\"https:\\\/\\\/worldofflowerpots.com\\\/\",\"name\":\"World of Flowerpots\",\"description\":\"producent donic ozdobnych\",\"potentialAction\":[{\"@type\":\"SearchAction\",\"target\":{\"@type\":\"EntryPoint\",\"urlTemplate\":\"https:\\\/\\\/worldofflowerpots.com\\\/?s={search_term_string}\"},\"query-input\":{\"@type\":\"PropertyValueSpecification\",\"valueRequired\":true,\"valueName\":\"search_term_string\"}}],\"inLanguage\":\"de-AUT\"}]}<\/script>\n<!-- \/ Yoast SEO plugin. -->","yoast_head_json":{"title":"Pflanzk\u00fcbel anthrazit eckig Alessio 5 | World of Flowerpots - producent donic ozdobnych","robots":{"index":"index","follow":"follow","max-snippet":"max-snippet:-1","max-image-preview":"max-image-preview:large","max-video-preview":"max-video-preview:-1"},"canonical":"https:\/\/worldofflowerpots.com\/sklep\/pflanzkubel-anthrazit-eckig-alessio-5\/","og_locale":"de_DE","og_type":"article","og_title":"Pflanzk\u00fcbel anthrazit eckig Alessio 5 | World of Flowerpots - producent donic ozdobnych","og_description":"Material: 2 mm Aluminiumblech Farbe: Pulverbeschichtung Standard: RAL9016,7012,7021 Ab 5 St\u00fcck jede Ral Farbe m\u00f6glich Gewicht : 34kg Abmessungen B1000mm H800mm L1000mm UV-resistent, Wetterfest Frostbest\u00e4ndig bei gew\u00e4hrleistetem Wasserablauf","og_url":"https:\/\/worldofflowerpots.com\/sklep\/pflanzkubel-anthrazit-eckig-alessio-5\/","og_site_name":"World of Flowerpots","article_modified_time":"2019-04-12T08:23:55+00:00","og_image":[{"width":2280,"height":1612,"url":"https:\/\/worldofflowerpots.com\/wp-content\/uploads\/2019\/01\/pflanzk\u00fcbel-anthrazit-eckig-Alessio-5.jpg","type":"image\/jpeg"}],"twitter_card":"summary_large_image","twitter_misc":{"Est. reading time":"2 minutes"},"schema":{"@context":"https:\/\/schema.org","@graph":[{"@type":"WebPage","@id":"https:\/\/worldofflowerpots.com\/sklep\/pflanzkubel-anthrazit-eckig-alessio-5\/","url":"https:\/\/worldofflowerpots.com\/sklep\/pflanzkubel-anthrazit-eckig-alessio-5\/","name":"Pflanzk\u00fcbel anthrazit eckig Alessio 5 | World of Flowerpots - producent donic ozdobnych","isPartOf":{"@id":"https:\/\/worldofflowerpots.com\/#website"},"primaryImageOfPage":{"@id":"https:\/\/worldofflowerpots.com\/sklep\/pflanzkubel-anthrazit-eckig-alessio-5\/#primaryimage"},"image":{"@id":"https:\/\/worldofflowerpots.com\/sklep\/pflanzkubel-anthrazit-eckig-alessio-5\/#primaryimage"},"thumbnailUrl":"https:\/\/worldofflowerpots.com\/wp-content\/uploads\/2019\/01\/pflanzk\u00fcbel-anthrazit-eckig-Alessio-5.jpg","datePublished":"2019-01-18T14:12:21+00:00","dateModified":"2019-04-12T08:23:55+00:00","breadcrumb":{"@id":"https:\/\/worldofflowerpots.com\/sklep\/pflanzkubel-anthrazit-eckig-alessio-5\/#breadcrumb"},"inLanguage":"de-AUT","potentialAction":[{"@type":"ReadAction","target":["https:\/\/worldofflowerpots.com\/sklep\/pflanzkubel-anthrazit-eckig-alessio-5\/"]}]},{"@type":"ImageObject","inLanguage":"de-AUT","@id":"https:\/\/worldofflowerpots.com\/sklep\/pflanzkubel-anthrazit-eckig-alessio-5\/#primaryimage","url":"https:\/\/worldofflowerpots.com\/wp-content\/uploads\/2019\/01\/pflanzk\u00fcbel-anthrazit-eckig-Alessio-5.jpg","contentUrl":"https:\/\/worldofflowerpots.com\/wp-content\/uploads\/2019\/01\/pflanzk\u00fcbel-anthrazit-eckig-Alessio-5.jpg","width":2280,"height":1612},{"@type":"BreadcrumbList","@id":"https:\/\/worldofflowerpots.com\/sklep\/pflanzkubel-anthrazit-eckig-alessio-5\/#breadcrumb","itemListElement":[{"@type":"ListItem","position":1,"name":"Strona g\u0142\u00f3wna","item":"https:\/\/worldofflowerpots.com\/home\/"},{"@type":"ListItem","position":2,"name":"Shop","item":"https:\/\/worldofflowerpots.com\/sortiment\/"},{"@type":"ListItem","position":3,"name":"Pflanzk\u00fcbel anthrazit eckig Alessio 5"}]},{"@type":"WebSite","@id":"https:\/\/worldofflowerpots.com\/#website","url":"https:\/\/worldofflowerpots.com\/","name":"World of Flowerpots","description":"producent donic ozdobnych","potentialAction":[{"@type":"SearchAction","target":{"@type":"EntryPoint","urlTemplate":"https:\/\/worldofflowerpots.com\/?s={search_term_string}"},"query-input":{"@type":"PropertyValueSpecification","valueRequired":true,"valueName":"search_term_string"}}],"inLanguage":"de-AUT"}]}},"_links":{"self":[{"href":"https:\/\/worldofflowerpots.com\/aut\/wp-json\/wp\/v2\/product\/53951","targetHints":{"allow":["GET"]}}],"collection":[{"href":"https:\/\/worldofflowerpots.com\/aut\/wp-json\/wp\/v2\/product"}],"about":[{"href":"https:\/\/worldofflowerpots.com\/aut\/wp-json\/wp\/v2\/types\/product"}],"wp:featuredmedia":[{"embeddable":true,"href":"https:\/\/worldofflowerpots.com\/aut\/wp-json\/wp\/v2\/media\/58912"}],"wp:attachment":[{"href":"https:\/\/worldofflowerpots.com\/aut\/wp-json\/wp\/v2\/media?parent=53951"}],"wp:term":[{"taxonomy":"product_brand","embeddable":true,"href":"https:\/\/worldofflowerpots.com\/aut\/wp-json\/wp\/v2\/product_brand?post=53951"},{"taxonomy":"product_cat","embeddable":true,"href":"https:\/\/worldofflowerpots.com\/aut\/wp-json\/wp\/v2\/product_cat?post=53951"},{"taxonomy":"product_tag","embeddable":true,"href":"https:\/\/worldofflowerpots.com\/aut\/wp-json\/wp\/v2\/product_tag?post=53951"}],"curies":[{"name":"wp","href":"https:\/\/api.w.org\/{rel}","templated":true}]}}