{"id":53954,"date":"2019-01-18T15:11:58","date_gmt":"2019-01-18T14:11:58","guid":{"rendered":"https:\/\/worldofflowerpots.com\/sklep\/pflanzkubel-eckig-anthrazit-alessio-2\/"},"modified":"2019-04-12T12:27:56","modified_gmt":"2019-04-12T10:27:56","slug":"pflanzkubel-eckig-anthrazit-alessio-2","status":"publish","type":"product","link":"https:\/\/worldofflowerpots.com\/aut\/sortiment\/pflanzkubel-eckig-anthrazit-alessio-2\/","title":{"rendered":"Pflanzk\u00fcbel eckig anthrazit Alessio 2"},"content":{"rendered":"<h2>Alessio 2 \u2013 Pflanzk\u00fcbel eckig anthrazit au\u00dfen f\u00fcr das moderne Gestalten von G\u00e4rten!<\/h2>\n<p>Der Sommer r\u00fcckt n\u00e4her, die Temperaturen klettern h\u00f6her und allm\u00e4hlich ist es an der Zeit, den Garten f\u00fcr hei\u00dfe Tage und laue N\u00e4chte vorzubereiten. Verleihen Sie Ihren Au\u00dfenanlagen ganzj\u00e4hrig ein elegantes und modernes Aussehen mit einem Pflanzk\u00fcbel anthrazit. Alessio 2 eignet sich hervorragend, um Ihren Au\u00dfenbereich harmonisch zu gestalten. Der Pflanzk\u00fcbel anthrazit ist f\u00fcr s\u00e4mtliche Pflanzen auch bei k\u00e4lteren Temperaturen geeignet \u2013 dank einer Isolierung aus Styropor. Hier kann der G\u00e4rtner sch\u00f6ne Blumenwelten schaffen und dazu mit drei Farbnuancen daf\u00fcr sorgen, dass auch eine schlichte Hauswand oder eine Terrasse einen sch\u00f6nen Blickfang erhalten kann. So begeistern Farben wie Wei\u00df, Hellgrau oder Dunkelgrau als schlichter Kontrast, wenn man in die K\u00fcbel die buntesten Blumen gepflanzt hat.<\/p>\n<h2>Pflanzk\u00fcbel eckig anthrazit \u2013 Alessio 2 f\u00fcr mehr Eleganz im Garten<\/h2>\n<p>Alessio 2 \u00fcberzeugt mit einem gro\u00dfen Volumen von 198 Litern. Mit seinen Au\u00dfenma\u00dfen\u00a0 ist Alessio 2 hervorragend zum Gestalten von Terrassen oder G\u00e4rten geeignet. Das au\u00dfenliegende Aluminiumblech weist eine St\u00e4rke von zwei Millimetern auf und in anthrazit zeigt der K\u00fcbel schnell, was er kann: Farbenfrohe Blumen kommen durch das elegant wirkende \u00c4u\u00dfere noch besser zur Geltung. Der Pflanzk\u00fcbel anthrazit ist damit ein echter Blickf\u00e4nger und bereichert Ihren Garten.Das hochwertige \u00c4u\u00dfere des Pflanzgef\u00e4\u00dfes Alessio 2 l\u00e4sst Sie zu keiner Jahreszeit im Stich, denn das Material ist enorm lange haltbar. Mit Alessio 2 erhalten Sie einen Blumenk\u00fcbel, der Harmonie und Luxus ideal in sich vereint. Genie\u00dfen Sie das elegante Aussehen des quadratischen K\u00fcbels und \u00fcberzeugen Sie sich von seiner hohen Stabilit\u00e4t bei einem Gewicht von 16 Kilogramm. Alessio 2 ist das ideale Pflanzgef\u00e4\u00df f\u00fcr au\u00dfen: Das luxuri\u00f6ses Design vereint Moderne mit Klassik \u2013 vollkommen harmonisch!<\/p>\n<h2>Durch ein Material wie Alumium ist der Pflanzk\u00fcbel Alessio 2 lange haltbar<\/h2>\n<p>wenn das Wetter einen regnerischen Sommer bringt. Und im Winter beweist der Alessio 2 seine Qualit\u00e4t, wenn Frost und Schnee an der Tagesordnung sind. Der Alessio 2 Pflanzk\u00fcbel f\u00fcgt sich mit seiner quadratischen Form harmonisch in die Gartengestaltung ein und l\u00e4sst ganz neue Pflanzkonzepte m\u00f6glich werden.Pflanzk\u00fcbel eckig anthrazit ist aus hochwertigem Aluminiumblech, dass hier in eine St\u00e4rke von 2 mm verwendet wurde. Der Pflanzk\u00fcbel rechteckig kann mit seinen Ma\u00dfen von 60 x 60 x 60 cm zum praktischen Beh\u00e4lter f\u00fcr Pflanzen vielerlei Art werden.<\/p>\n","protected":false},"excerpt":{"rendered":"<p>Material: 2 mm Aluminiumblech<br \/>\nFarbe: Pulverbeschichtung<br \/>\nStandard: RAL9016,7012,7021<br \/>\nAb 5 St\u00fcck jede Ral Farbe m\u00f6glich<br \/>\nGewicht : 16kg<br \/>\nAbmessungen B600mm H600mm L600mm<br \/>\nUV-resistent, Wetterfest<br \/>\nFrostbest\u00e4ndig bei gew\u00e4hrleistetem Wasserablauf<\/p>\n","protected":false},"featured_media":58972,"template":"","meta":{"_acf_changed":false},"product_brand":[],"product_cat":[392],"product_tag":[],"class_list":{"0":"post-53954","1":"product","2":"type-product","3":"status-publish","4":"has-post-thumbnail","6":"product_cat-pflanzkubel-aluminium","7":"description-off","8":"tm-has-options","10":"first","11":"instock","12":"shipping-taxable","13":"purchasable","14":"product-type-simple"},"acf":[],"yoast_head":"<!-- This site is optimized with the Yoast SEO plugin v27.5 - https:\/\/yoast.com\/product\/yoast-seo-wordpress\/ -->\n<title>Pflanzk\u00fcbel eckig anthrazit Alessio 2 | World of Flowerpots - producent donic ozdobnych<\/title>\n<meta name=\"robots\" content=\"index, follow, max-snippet:-1, max-image-preview:large, max-video-preview:-1\" \/>\n<link rel=\"canonical\" href=\"https:\/\/worldofflowerpots.com\/sklep\/pflanzkubel-eckig-anthrazit-alessio-2\/\" \/>\n<meta property=\"og:locale\" content=\"de_DE\" \/>\n<meta property=\"og:type\" content=\"article\" \/>\n<meta property=\"og:title\" content=\"Pflanzk\u00fcbel eckig anthrazit Alessio 2 | World of Flowerpots - producent donic ozdobnych\" \/>\n<meta property=\"og:description\" content=\"Material: 2 mm Aluminiumblech Farbe: Pulverbeschichtung Standard: RAL9016,7012,7021 Ab 5 St\u00fcck jede Ral Farbe m\u00f6glich Gewicht : 16kg Abmessungen B600mm H600mm L600mm UV-resistent, Wetterfest Frostbest\u00e4ndig bei gew\u00e4hrleistetem Wasserablauf\" \/>\n<meta property=\"og:url\" content=\"https:\/\/worldofflowerpots.com\/sklep\/pflanzkubel-eckig-anthrazit-alessio-2\/\" \/>\n<meta property=\"og:site_name\" content=\"World of Flowerpots\" \/>\n<meta property=\"article:modified_time\" content=\"2019-04-12T10:27:56+00:00\" \/>\n<meta property=\"og:image\" content=\"https:\/\/worldofflowerpots.com\/wp-content\/uploads\/2019\/01\/pflanzk\u00fcbel-eckig-anthrazit-Alessio-2.jpg\" \/>\n\t<meta property=\"og:image:width\" content=\"2280\" \/>\n\t<meta property=\"og:image:height\" content=\"1612\" \/>\n\t<meta property=\"og:image:type\" content=\"image\/jpeg\" \/>\n<meta name=\"twitter:card\" content=\"summary_large_image\" \/>\n<meta name=\"twitter:label1\" content=\"Est. reading time\" \/>\n\t<meta name=\"twitter:data1\" content=\"2 minutes\" \/>\n<script type=\"application\/ld+json\" class=\"yoast-schema-graph\">{\"@context\":\"https:\\\/\\\/schema.org\",\"@graph\":[{\"@type\":\"WebPage\",\"@id\":\"https:\\\/\\\/worldofflowerpots.com\\\/sklep\\\/pflanzkubel-eckig-anthrazit-alessio-2\\\/\",\"url\":\"https:\\\/\\\/worldofflowerpots.com\\\/sklep\\\/pflanzkubel-eckig-anthrazit-alessio-2\\\/\",\"name\":\"Pflanzk\u00fcbel eckig anthrazit Alessio 2 | World of Flowerpots - producent donic ozdobnych\",\"isPartOf\":{\"@id\":\"https:\\\/\\\/worldofflowerpots.com\\\/#website\"},\"primaryImageOfPage\":{\"@id\":\"https:\\\/\\\/worldofflowerpots.com\\\/sklep\\\/pflanzkubel-eckig-anthrazit-alessio-2\\\/#primaryimage\"},\"image\":{\"@id\":\"https:\\\/\\\/worldofflowerpots.com\\\/sklep\\\/pflanzkubel-eckig-anthrazit-alessio-2\\\/#primaryimage\"},\"thumbnailUrl\":\"https:\\\/\\\/worldofflowerpots.com\\\/wp-content\\\/uploads\\\/2019\\\/01\\\/pflanzk\u00fcbel-eckig-anthrazit-Alessio-2.jpg\",\"datePublished\":\"2019-01-18T14:11:58+00:00\",\"dateModified\":\"2019-04-12T10:27:56+00:00\",\"breadcrumb\":{\"@id\":\"https:\\\/\\\/worldofflowerpots.com\\\/sklep\\\/pflanzkubel-eckig-anthrazit-alessio-2\\\/#breadcrumb\"},\"inLanguage\":\"de-AUT\",\"potentialAction\":[{\"@type\":\"ReadAction\",\"target\":[\"https:\\\/\\\/worldofflowerpots.com\\\/sklep\\\/pflanzkubel-eckig-anthrazit-alessio-2\\\/\"]}]},{\"@type\":\"ImageObject\",\"inLanguage\":\"de-AUT\",\"@id\":\"https:\\\/\\\/worldofflowerpots.com\\\/sklep\\\/pflanzkubel-eckig-anthrazit-alessio-2\\\/#primaryimage\",\"url\":\"https:\\\/\\\/worldofflowerpots.com\\\/wp-content\\\/uploads\\\/2019\\\/01\\\/pflanzk\u00fcbel-eckig-anthrazit-Alessio-2.jpg\",\"contentUrl\":\"https:\\\/\\\/worldofflowerpots.com\\\/wp-content\\\/uploads\\\/2019\\\/01\\\/pflanzk\u00fcbel-eckig-anthrazit-Alessio-2.jpg\",\"width\":2280,\"height\":1612},{\"@type\":\"BreadcrumbList\",\"@id\":\"https:\\\/\\\/worldofflowerpots.com\\\/sklep\\\/pflanzkubel-eckig-anthrazit-alessio-2\\\/#breadcrumb\",\"itemListElement\":[{\"@type\":\"ListItem\",\"position\":1,\"name\":\"Strona g\u0142\u00f3wna\",\"item\":\"https:\\\/\\\/worldofflowerpots.com\\\/home\\\/\"},{\"@type\":\"ListItem\",\"position\":2,\"name\":\"Shop\",\"item\":\"https:\\\/\\\/worldofflowerpots.com\\\/sortiment\\\/\"},{\"@type\":\"ListItem\",\"position\":3,\"name\":\"Pflanzk\u00fcbel eckig anthrazit Alessio 2\"}]},{\"@type\":\"WebSite\",\"@id\":\"https:\\\/\\\/worldofflowerpots.com\\\/#website\",\"url\":\"https:\\\/\\\/worldofflowerpots.com\\\/\",\"name\":\"World of Flowerpots\",\"description\":\"producent donic ozdobnych\",\"potentialAction\":[{\"@type\":\"SearchAction\",\"target\":{\"@type\":\"EntryPoint\",\"urlTemplate\":\"https:\\\/\\\/worldofflowerpots.com\\\/?s={search_term_string}\"},\"query-input\":{\"@type\":\"PropertyValueSpecification\",\"valueRequired\":true,\"valueName\":\"search_term_string\"}}],\"inLanguage\":\"de-AUT\"}]}<\/script>\n<!-- \/ Yoast SEO plugin. -->","yoast_head_json":{"title":"Pflanzk\u00fcbel eckig anthrazit Alessio 2 | World of Flowerpots - producent donic ozdobnych","robots":{"index":"index","follow":"follow","max-snippet":"max-snippet:-1","max-image-preview":"max-image-preview:large","max-video-preview":"max-video-preview:-1"},"canonical":"https:\/\/worldofflowerpots.com\/sklep\/pflanzkubel-eckig-anthrazit-alessio-2\/","og_locale":"de_DE","og_type":"article","og_title":"Pflanzk\u00fcbel eckig anthrazit Alessio 2 | World of Flowerpots - producent donic ozdobnych","og_description":"Material: 2 mm Aluminiumblech Farbe: Pulverbeschichtung Standard: RAL9016,7012,7021 Ab 5 St\u00fcck jede Ral Farbe m\u00f6glich Gewicht : 16kg Abmessungen B600mm H600mm L600mm UV-resistent, Wetterfest Frostbest\u00e4ndig bei gew\u00e4hrleistetem Wasserablauf","og_url":"https:\/\/worldofflowerpots.com\/sklep\/pflanzkubel-eckig-anthrazit-alessio-2\/","og_site_name":"World of Flowerpots","article_modified_time":"2019-04-12T10:27:56+00:00","og_image":[{"width":2280,"height":1612,"url":"https:\/\/worldofflowerpots.com\/wp-content\/uploads\/2019\/01\/pflanzk\u00fcbel-eckig-anthrazit-Alessio-2.jpg","type":"image\/jpeg"}],"twitter_card":"summary_large_image","twitter_misc":{"Est. reading time":"2 minutes"},"schema":{"@context":"https:\/\/schema.org","@graph":[{"@type":"WebPage","@id":"https:\/\/worldofflowerpots.com\/sklep\/pflanzkubel-eckig-anthrazit-alessio-2\/","url":"https:\/\/worldofflowerpots.com\/sklep\/pflanzkubel-eckig-anthrazit-alessio-2\/","name":"Pflanzk\u00fcbel eckig anthrazit Alessio 2 | World of Flowerpots - producent donic ozdobnych","isPartOf":{"@id":"https:\/\/worldofflowerpots.com\/#website"},"primaryImageOfPage":{"@id":"https:\/\/worldofflowerpots.com\/sklep\/pflanzkubel-eckig-anthrazit-alessio-2\/#primaryimage"},"image":{"@id":"https:\/\/worldofflowerpots.com\/sklep\/pflanzkubel-eckig-anthrazit-alessio-2\/#primaryimage"},"thumbnailUrl":"https:\/\/worldofflowerpots.com\/wp-content\/uploads\/2019\/01\/pflanzk\u00fcbel-eckig-anthrazit-Alessio-2.jpg","datePublished":"2019-01-18T14:11:58+00:00","dateModified":"2019-04-12T10:27:56+00:00","breadcrumb":{"@id":"https:\/\/worldofflowerpots.com\/sklep\/pflanzkubel-eckig-anthrazit-alessio-2\/#breadcrumb"},"inLanguage":"de-AUT","potentialAction":[{"@type":"ReadAction","target":["https:\/\/worldofflowerpots.com\/sklep\/pflanzkubel-eckig-anthrazit-alessio-2\/"]}]},{"@type":"ImageObject","inLanguage":"de-AUT","@id":"https:\/\/worldofflowerpots.com\/sklep\/pflanzkubel-eckig-anthrazit-alessio-2\/#primaryimage","url":"https:\/\/worldofflowerpots.com\/wp-content\/uploads\/2019\/01\/pflanzk\u00fcbel-eckig-anthrazit-Alessio-2.jpg","contentUrl":"https:\/\/worldofflowerpots.com\/wp-content\/uploads\/2019\/01\/pflanzk\u00fcbel-eckig-anthrazit-Alessio-2.jpg","width":2280,"height":1612},{"@type":"BreadcrumbList","@id":"https:\/\/worldofflowerpots.com\/sklep\/pflanzkubel-eckig-anthrazit-alessio-2\/#breadcrumb","itemListElement":[{"@type":"ListItem","position":1,"name":"Strona g\u0142\u00f3wna","item":"https:\/\/worldofflowerpots.com\/home\/"},{"@type":"ListItem","position":2,"name":"Shop","item":"https:\/\/worldofflowerpots.com\/sortiment\/"},{"@type":"ListItem","position":3,"name":"Pflanzk\u00fcbel eckig anthrazit Alessio 2"}]},{"@type":"WebSite","@id":"https:\/\/worldofflowerpots.com\/#website","url":"https:\/\/worldofflowerpots.com\/","name":"World of Flowerpots","description":"producent donic ozdobnych","potentialAction":[{"@type":"SearchAction","target":{"@type":"EntryPoint","urlTemplate":"https:\/\/worldofflowerpots.com\/?s={search_term_string}"},"query-input":{"@type":"PropertyValueSpecification","valueRequired":true,"valueName":"search_term_string"}}],"inLanguage":"de-AUT"}]}},"_links":{"self":[{"href":"https:\/\/worldofflowerpots.com\/aut\/wp-json\/wp\/v2\/product\/53954","targetHints":{"allow":["GET"]}}],"collection":[{"href":"https:\/\/worldofflowerpots.com\/aut\/wp-json\/wp\/v2\/product"}],"about":[{"href":"https:\/\/worldofflowerpots.com\/aut\/wp-json\/wp\/v2\/types\/product"}],"wp:featuredmedia":[{"embeddable":true,"href":"https:\/\/worldofflowerpots.com\/aut\/wp-json\/wp\/v2\/media\/58972"}],"wp:attachment":[{"href":"https:\/\/worldofflowerpots.com\/aut\/wp-json\/wp\/v2\/media?parent=53954"}],"wp:term":[{"taxonomy":"product_brand","embeddable":true,"href":"https:\/\/worldofflowerpots.com\/aut\/wp-json\/wp\/v2\/product_brand?post=53954"},{"taxonomy":"product_cat","embeddable":true,"href":"https:\/\/worldofflowerpots.com\/aut\/wp-json\/wp\/v2\/product_cat?post=53954"},{"taxonomy":"product_tag","embeddable":true,"href":"https:\/\/worldofflowerpots.com\/aut\/wp-json\/wp\/v2\/product_tag?post=53954"}],"curies":[{"name":"wp","href":"https:\/\/api.w.org\/{rel}","templated":true}]}}