{"id":53956,"date":"2019-01-18T15:11:58","date_gmt":"2019-01-18T14:11:58","guid":{"rendered":"https:\/\/worldofflowerpots.com\/sklep\/blumentopf-fiberglas-emilio-5\/"},"modified":"2019-04-15T13:59:20","modified_gmt":"2019-04-15T11:59:20","slug":"blumentopf-fiberglas-emilio-5","status":"publish","type":"product","link":"https:\/\/worldofflowerpots.com\/aut\/sortiment\/blumentopf-fiberglas-emilio-5\/","title":{"rendered":"Blumentopf Fiberglas Emilio 5"},"content":{"rendered":"<h2>Blumentopf Fiberglas Emilio 5 \u2013 der extragro\u00dfe aber leichte Balkonkasten<\/h2>\n<p>Dieser Blumentopf fiberglas\u00a0 hat besonders gro\u00dfe Abmessungen, so dass auch Pflanzen mit gr\u00f6\u00dferen Wurzeln ihren Platz finden. Au\u00dferdem bietet er mit einer L\u00e4nge von zwei Metern gen\u00fcgend Raum f\u00fcr mehrere Pflanzen nebeneinander. So ist es m\u00f6glich einen gr\u00fcnen Sichtschutz aufzustellen. Kunden, die gern ihre Terrasse, Balkon aber auch Caf\u00e9 oder Restaurant bzw. B\u00fcro mit Hilfe gr\u00fcner Pflanzen gestalten wollen, sind mit Pflanzenk\u00fcbeln des Anbieter World Of Flowerpots gut beraten. Die Pflanzenk\u00fcbel der Kollektion Emilio eigen sich beispielsweise hervorragend dazu, darin Pflanzen zu ziehen, die zu kleinen Hecken oder interessanten Pflanzen-Ensembles heranwachsen.<\/p>\n<h2>Ein blumenk\u00fcbel anthrazit mit Grossen Volumen<\/h2>\n<p>Der Blumentopf fiberglas ist vom Volumen her mit einem Fassungsverm\u00f6gen von 550 Liter das gr\u00f6\u00dfte Gef\u00e4\u00df aus der Reihe Emilio. Trotzdem ist er leer lediglich ganze 24 Kilogramm leicht. Seine L\u00e4ngsseite misst 200 Zentimeter, seine Breite betr\u00e4gt 50 Zentimeter und seine H\u00f6he 60 Zentimeter. Mit diesen Dimensionen eignet sich Emilio 5 vor allem f\u00fcr den Au\u00dfenbereich oder f\u00fcr gro\u00dfe Innenr\u00e4ume. Der Pflanzenk\u00fcbel ist in vielen verschiedenen Farben erh\u00e4ltlich, so dass der Kunde eine Ausf\u00fchrung w\u00e4hlen kann, die seinem pers\u00f6nlichen Geschmack am besten entspricht. Werden mindestens 4 St\u00fcck bestellt, besteht die M\u00f6glichkeit, die Farbe des Pflanzenk\u00fcbels individuell zu gestalten.<\/p>\n<h2>Blumenk\u00fcbel in der XXL Gr\u00f6sse mit kleinem Gewicht<\/h2>\n<p>Durch das leichte aber widerstandsf\u00e4hige Material Fiberglas ist die Handhabung des Pflanzk\u00fcbels sehr leicht. Ein weiterer Vorteil besteht in der leichten Ver\u00e4nderbarkeit der Farbe des Materials. So k\u00f6nnen sie aus mehreren Farben ausw\u00e4hlen. Ab einer Bestellmenge von vier K\u00e4sten ist ihre Farbe frei w\u00e4hlbar. So k\u00f6nnen sie ihre Blumen kasten perfekt auf ihre Umgebung und ihre Bepflanzung anpassen.<\/p>\n<h2>Rahmen sie so ihre Terrasse ein<\/h2>\n<p>Bepflanzen sie mit niedrigen Koniferen, einj\u00e4hrigen Zypressen, Sonnenblumen oder hochwachsenden Stauden wie Fackellilie und Rittersporn. Vielleicht befindet sich in ihrem Garten eine kleine Mauer. Ideal sie zu einer Trockenmauer umzugestalten als Aufenthaltsort f\u00fcr viele anspruchslosere Pflanzen, die verschiedensten Insekten und Schmetterlingen. Erg\u00e4nzt mit einem bunt gestalteten Blumen kasten Emilio 5 ist ihr Garten dann um einen farbenfrohen Blickpunkt bereichert.<\/p>\n<p>Aber auch f\u00fcr den Innenbereich ist dieser leicht zu bewegende Blumenk\u00fcbel in Form eines Balkonkastens gut zu verwenden. Eine gro\u00dfe Fensterbank kann so optimal begr\u00fcnt werden.<\/p>\n","protected":false},"excerpt":{"rendered":"<p>Material : Fiberglas<br \/>\nFarben: RAL 9010,9016,7045,7012,7021,9005<br \/>\nAndere RAL Farben Mindestabnahme 5 St\u00fcck<br \/>\nUV-resistent Isoliert mit Styropor<br \/>\nGewicht :24kg<br \/>\nAbmessungen B500mm H600mm L2000mm<br \/>\nWetterfest<br \/>\nFrostbest\u00e4ndig bei gew\u00e4hrleistetem Wasserablauf<\/p>\n","protected":false},"featured_media":59077,"template":"","meta":{"_acf_changed":false},"product_brand":[],"product_cat":[396],"product_tag":[],"class_list":{"0":"post-53956","1":"product","2":"type-product","3":"status-publish","4":"has-post-thumbnail","6":"product_cat-pflanzkubel-fiberglas","7":"description-off","8":"tm-has-options","10":"first","11":"instock","12":"shipping-taxable","13":"purchasable","14":"product-type-simple"},"acf":[],"yoast_head":"<!-- This site is optimized with the Yoast SEO plugin v27.5 - https:\/\/yoast.com\/product\/yoast-seo-wordpress\/ -->\n<title>Blumentopf Fiberglas - der extragro\u00dfe aber leichte Balkonkasten<\/title>\n<meta name=\"description\" content=\"Der Blumentopf fiberglas ist vom Volumen her mit einem Fassungsverm\u00f6gen von 550 Liter das gr\u00f6\u00dfte Gef\u00e4\u00df aus der Reihe Emilio.\" \/>\n<meta name=\"robots\" content=\"index, follow, max-snippet:-1, max-image-preview:large, max-video-preview:-1\" \/>\n<link rel=\"canonical\" href=\"https:\/\/worldofflowerpots.com\/sklep\/blumentopf-fiberglas-emilio-5\/\" \/>\n<meta property=\"og:locale\" content=\"de_DE\" \/>\n<meta property=\"og:type\" content=\"article\" \/>\n<meta property=\"og:title\" content=\"Blumentopf Fiberglas - der extragro\u00dfe aber leichte Balkonkasten\" \/>\n<meta property=\"og:description\" content=\"Der Blumentopf fiberglas ist vom Volumen her mit einem Fassungsverm\u00f6gen von 550 Liter das gr\u00f6\u00dfte Gef\u00e4\u00df aus der Reihe Emilio.\" \/>\n<meta property=\"og:url\" content=\"https:\/\/worldofflowerpots.com\/sklep\/blumentopf-fiberglas-emilio-5\/\" \/>\n<meta property=\"og:site_name\" content=\"World of Flowerpots\" \/>\n<meta property=\"article:modified_time\" content=\"2019-04-15T11:59:20+00:00\" \/>\n<meta property=\"og:image\" content=\"https:\/\/worldofflowerpots.com\/wp-content\/uploads\/2019\/01\/blumentopf-fiberglas-Emilio-5.jpg\" \/>\n\t<meta property=\"og:image:width\" content=\"1920\" \/>\n\t<meta property=\"og:image:height\" content=\"1080\" \/>\n\t<meta property=\"og:image:type\" content=\"image\/jpeg\" \/>\n<meta name=\"twitter:card\" content=\"summary_large_image\" \/>\n<meta name=\"twitter:label1\" content=\"Est. reading time\" \/>\n\t<meta name=\"twitter:data1\" content=\"2 minutes\" \/>\n<script type=\"application\/ld+json\" class=\"yoast-schema-graph\">{\"@context\":\"https:\\\/\\\/schema.org\",\"@graph\":[{\"@type\":\"WebPage\",\"@id\":\"https:\\\/\\\/worldofflowerpots.com\\\/sklep\\\/blumentopf-fiberglas-emilio-5\\\/\",\"url\":\"https:\\\/\\\/worldofflowerpots.com\\\/sklep\\\/blumentopf-fiberglas-emilio-5\\\/\",\"name\":\"Blumentopf Fiberglas - der extragro\u00dfe aber leichte Balkonkasten\",\"isPartOf\":{\"@id\":\"https:\\\/\\\/worldofflowerpots.com\\\/#website\"},\"primaryImageOfPage\":{\"@id\":\"https:\\\/\\\/worldofflowerpots.com\\\/sklep\\\/blumentopf-fiberglas-emilio-5\\\/#primaryimage\"},\"image\":{\"@id\":\"https:\\\/\\\/worldofflowerpots.com\\\/sklep\\\/blumentopf-fiberglas-emilio-5\\\/#primaryimage\"},\"thumbnailUrl\":\"https:\\\/\\\/worldofflowerpots.com\\\/wp-content\\\/uploads\\\/2019\\\/01\\\/blumentopf-fiberglas-Emilio-5.jpg\",\"datePublished\":\"2019-01-18T14:11:58+00:00\",\"dateModified\":\"2019-04-15T11:59:20+00:00\",\"description\":\"Der Blumentopf fiberglas ist vom Volumen her mit einem Fassungsverm\u00f6gen von 550 Liter das gr\u00f6\u00dfte Gef\u00e4\u00df aus der Reihe Emilio.\",\"breadcrumb\":{\"@id\":\"https:\\\/\\\/worldofflowerpots.com\\\/sklep\\\/blumentopf-fiberglas-emilio-5\\\/#breadcrumb\"},\"inLanguage\":\"de-AUT\",\"potentialAction\":[{\"@type\":\"ReadAction\",\"target\":[\"https:\\\/\\\/worldofflowerpots.com\\\/sklep\\\/blumentopf-fiberglas-emilio-5\\\/\"]}]},{\"@type\":\"ImageObject\",\"inLanguage\":\"de-AUT\",\"@id\":\"https:\\\/\\\/worldofflowerpots.com\\\/sklep\\\/blumentopf-fiberglas-emilio-5\\\/#primaryimage\",\"url\":\"https:\\\/\\\/worldofflowerpots.com\\\/wp-content\\\/uploads\\\/2019\\\/01\\\/blumentopf-fiberglas-Emilio-5.jpg\",\"contentUrl\":\"https:\\\/\\\/worldofflowerpots.com\\\/wp-content\\\/uploads\\\/2019\\\/01\\\/blumentopf-fiberglas-Emilio-5.jpg\",\"width\":1920,\"height\":1080},{\"@type\":\"BreadcrumbList\",\"@id\":\"https:\\\/\\\/worldofflowerpots.com\\\/sklep\\\/blumentopf-fiberglas-emilio-5\\\/#breadcrumb\",\"itemListElement\":[{\"@type\":\"ListItem\",\"position\":1,\"name\":\"Strona g\u0142\u00f3wna\",\"item\":\"https:\\\/\\\/worldofflowerpots.com\\\/home\\\/\"},{\"@type\":\"ListItem\",\"position\":2,\"name\":\"Shop\",\"item\":\"https:\\\/\\\/worldofflowerpots.com\\\/sortiment\\\/\"},{\"@type\":\"ListItem\",\"position\":3,\"name\":\"Blumentopf Fiberglas Emilio 5\"}]},{\"@type\":\"WebSite\",\"@id\":\"https:\\\/\\\/worldofflowerpots.com\\\/#website\",\"url\":\"https:\\\/\\\/worldofflowerpots.com\\\/\",\"name\":\"World of Flowerpots\",\"description\":\"producent donic ozdobnych\",\"potentialAction\":[{\"@type\":\"SearchAction\",\"target\":{\"@type\":\"EntryPoint\",\"urlTemplate\":\"https:\\\/\\\/worldofflowerpots.com\\\/?s={search_term_string}\"},\"query-input\":{\"@type\":\"PropertyValueSpecification\",\"valueRequired\":true,\"valueName\":\"search_term_string\"}}],\"inLanguage\":\"de-AUT\"}]}<\/script>\n<!-- \/ Yoast SEO plugin. -->","yoast_head_json":{"title":"Blumentopf Fiberglas - der extragro\u00dfe aber leichte Balkonkasten","description":"Der Blumentopf fiberglas ist vom Volumen her mit einem Fassungsverm\u00f6gen von 550 Liter das gr\u00f6\u00dfte Gef\u00e4\u00df aus der Reihe Emilio.","robots":{"index":"index","follow":"follow","max-snippet":"max-snippet:-1","max-image-preview":"max-image-preview:large","max-video-preview":"max-video-preview:-1"},"canonical":"https:\/\/worldofflowerpots.com\/sklep\/blumentopf-fiberglas-emilio-5\/","og_locale":"de_DE","og_type":"article","og_title":"Blumentopf Fiberglas - der extragro\u00dfe aber leichte Balkonkasten","og_description":"Der Blumentopf fiberglas ist vom Volumen her mit einem Fassungsverm\u00f6gen von 550 Liter das gr\u00f6\u00dfte Gef\u00e4\u00df aus der Reihe Emilio.","og_url":"https:\/\/worldofflowerpots.com\/sklep\/blumentopf-fiberglas-emilio-5\/","og_site_name":"World of Flowerpots","article_modified_time":"2019-04-15T11:59:20+00:00","og_image":[{"width":1920,"height":1080,"url":"https:\/\/worldofflowerpots.com\/wp-content\/uploads\/2019\/01\/blumentopf-fiberglas-Emilio-5.jpg","type":"image\/jpeg"}],"twitter_card":"summary_large_image","twitter_misc":{"Est. reading time":"2 minutes"},"schema":{"@context":"https:\/\/schema.org","@graph":[{"@type":"WebPage","@id":"https:\/\/worldofflowerpots.com\/sklep\/blumentopf-fiberglas-emilio-5\/","url":"https:\/\/worldofflowerpots.com\/sklep\/blumentopf-fiberglas-emilio-5\/","name":"Blumentopf Fiberglas - der extragro\u00dfe aber leichte Balkonkasten","isPartOf":{"@id":"https:\/\/worldofflowerpots.com\/#website"},"primaryImageOfPage":{"@id":"https:\/\/worldofflowerpots.com\/sklep\/blumentopf-fiberglas-emilio-5\/#primaryimage"},"image":{"@id":"https:\/\/worldofflowerpots.com\/sklep\/blumentopf-fiberglas-emilio-5\/#primaryimage"},"thumbnailUrl":"https:\/\/worldofflowerpots.com\/wp-content\/uploads\/2019\/01\/blumentopf-fiberglas-Emilio-5.jpg","datePublished":"2019-01-18T14:11:58+00:00","dateModified":"2019-04-15T11:59:20+00:00","description":"Der Blumentopf fiberglas ist vom Volumen her mit einem Fassungsverm\u00f6gen von 550 Liter das gr\u00f6\u00dfte Gef\u00e4\u00df aus der Reihe Emilio.","breadcrumb":{"@id":"https:\/\/worldofflowerpots.com\/sklep\/blumentopf-fiberglas-emilio-5\/#breadcrumb"},"inLanguage":"de-AUT","potentialAction":[{"@type":"ReadAction","target":["https:\/\/worldofflowerpots.com\/sklep\/blumentopf-fiberglas-emilio-5\/"]}]},{"@type":"ImageObject","inLanguage":"de-AUT","@id":"https:\/\/worldofflowerpots.com\/sklep\/blumentopf-fiberglas-emilio-5\/#primaryimage","url":"https:\/\/worldofflowerpots.com\/wp-content\/uploads\/2019\/01\/blumentopf-fiberglas-Emilio-5.jpg","contentUrl":"https:\/\/worldofflowerpots.com\/wp-content\/uploads\/2019\/01\/blumentopf-fiberglas-Emilio-5.jpg","width":1920,"height":1080},{"@type":"BreadcrumbList","@id":"https:\/\/worldofflowerpots.com\/sklep\/blumentopf-fiberglas-emilio-5\/#breadcrumb","itemListElement":[{"@type":"ListItem","position":1,"name":"Strona g\u0142\u00f3wna","item":"https:\/\/worldofflowerpots.com\/home\/"},{"@type":"ListItem","position":2,"name":"Shop","item":"https:\/\/worldofflowerpots.com\/sortiment\/"},{"@type":"ListItem","position":3,"name":"Blumentopf Fiberglas Emilio 5"}]},{"@type":"WebSite","@id":"https:\/\/worldofflowerpots.com\/#website","url":"https:\/\/worldofflowerpots.com\/","name":"World of Flowerpots","description":"producent donic ozdobnych","potentialAction":[{"@type":"SearchAction","target":{"@type":"EntryPoint","urlTemplate":"https:\/\/worldofflowerpots.com\/?s={search_term_string}"},"query-input":{"@type":"PropertyValueSpecification","valueRequired":true,"valueName":"search_term_string"}}],"inLanguage":"de-AUT"}]}},"_links":{"self":[{"href":"https:\/\/worldofflowerpots.com\/aut\/wp-json\/wp\/v2\/product\/53956","targetHints":{"allow":["GET"]}}],"collection":[{"href":"https:\/\/worldofflowerpots.com\/aut\/wp-json\/wp\/v2\/product"}],"about":[{"href":"https:\/\/worldofflowerpots.com\/aut\/wp-json\/wp\/v2\/types\/product"}],"wp:featuredmedia":[{"embeddable":true,"href":"https:\/\/worldofflowerpots.com\/aut\/wp-json\/wp\/v2\/media\/59077"}],"wp:attachment":[{"href":"https:\/\/worldofflowerpots.com\/aut\/wp-json\/wp\/v2\/media?parent=53956"}],"wp:term":[{"taxonomy":"product_brand","embeddable":true,"href":"https:\/\/worldofflowerpots.com\/aut\/wp-json\/wp\/v2\/product_brand?post=53956"},{"taxonomy":"product_cat","embeddable":true,"href":"https:\/\/worldofflowerpots.com\/aut\/wp-json\/wp\/v2\/product_cat?post=53956"},{"taxonomy":"product_tag","embeddable":true,"href":"https:\/\/worldofflowerpots.com\/aut\/wp-json\/wp\/v2\/product_tag?post=53956"}],"curies":[{"name":"wp","href":"https:\/\/api.w.org\/{rel}","templated":true}]}}