{"id":53963,"date":"2019-01-18T15:11:05","date_gmt":"2019-01-18T14:11:05","guid":{"rendered":"https:\/\/worldofflowerpots.com\/sklep\/pflanzkubel-rechteckig-hoch-carlo-4\/"},"modified":"2019-04-15T14:23:35","modified_gmt":"2019-04-15T12:23:35","slug":"pflanzkubel-rechteckig-hoch-carlo-4","status":"publish","type":"product","link":"https:\/\/worldofflowerpots.com\/aut\/sortiment\/pflanzkubel-rechteckig-hoch-carlo-4\/","title":{"rendered":"Pflanzk\u00fcbel rechteckig hoch Carlo 4"},"content":{"rendered":"<h2>Der Pflanzk\u00fcbel rechteckig hoch Carlo 4 besteht aus Fiberglas<\/h2>\n<p>Der Werkstoff ist \u00e4u\u00dferst widerstandsf\u00e4higes Verbundmaterial, das sowohl innen als auch im Au\u00dfenbereich verwendet werden kann. Der Pflanzk\u00fcbel ist wetterfest, UV best\u00e4ndig und korrodiert nicht. Im Gegensatz zu Beton hat Fiberglas ein bedeutend geringeres Eigengewicht.<\/p>\n<h2>Ein rechteckiger Pflanzk\u00fcbel Fiberglas mit einem geringen Eigengewicht<\/h2>\n<p>Der Pflanzk\u00fcbel rechteckig hoch Carlos 4 ist je 50 Zentimeter lang und breit und dabei 80 Zentimeter hoch. Mit diesen Abmessungen eignet er sich ausgezeichnet als Gef\u00e4\u00df f\u00fcr gr\u00f6\u00dfere, tief wurzelnde Pflanzen. Zum Beispiel kleinere B\u00e4ume oder Str\u00e4ucher. Dazu kommt, dass Carlo 4 in einer ganzen Palette von Standardfarben angeboten wird, die von Wei\u00df \u00fcber Anthrazit bis hin zu Rot reichen. Dadurch ist es kein Problem, den Farbton zu finden der perfekt zum Ambiente in der Wohnung, auf der Terrasse oder im B\u00fcro passt. Ab einer Bestellmenge von 4 St\u00fcck ist es m\u00f6glich, die Farbe individuell zu gestalten.<\/p>\n<h2>Ideal f\u00fcr Haus und Garten geeignet<\/h2>\n<p>Das sch\u00f6ne Blumen kasten Carlo 4, das in es in verschiedenen Farben gibt, bietet mit nur 14 Kilogramm auch f\u00fcr alle Hobby-G\u00e4rtner die perfekte Grundlage f\u00fcr die Gestaltung des Gartens, der Terrasse, des Balkons und des Wintergartens, denn nach dem Kauf ist er rasch ohne fremde Hilfe ideal platziert.<\/p>\n<h2>Par Tipps f\u00fcr wie und was<\/h2>\n<p>Das Volumen von 180 Litern im Blumen kasten Carlo 4 bietet ausreichend Platz f\u00fcr alle gro\u00dfen Pflanzen, B\u00e4umchen und B\u00fcsche, deren Wurzelwerk sich gerne weit in der Erde verzweigt. In diesem K\u00fcbel gedeihen auch anspruchsvolle Pflanzen wie unter nat\u00fcrlichen Bedingungen im Erdreich auf dem Boden. Im Pflanzk\u00fcbel Fiberglas k\u00f6nnen sie aber im Winter an k\u00fchlen Tag ins Haus getragen werden, so dass sie vor Frost und anderen Wetterbedingungen gesch\u00fctzt sind. Auch f\u00fcr alle unempfindlichen Pflanzen ist das Modell Carlo 4 aus Fiberglas bestens geeignet, da dieser K\u00fcbel witterungsfest gestaltet ist.<\/p>\n","protected":false},"excerpt":{"rendered":"<p>Material : Fiberglas<br \/>\nFarben: RAL 9010,9016,7045,7012,7021,9005<br \/>\nAndere RAL Farben Mindestabnahme 5 St\u00fcck<br \/>\nUV-resistent Isoliert mit Styropor<br \/>\nGewicht :14kg<br \/>\nAbmessungen B500mm H800mm L500mm<br \/>\nWetterfest<br \/>\nFrostbest\u00e4ndig bei gew\u00e4hrleistetem Wasserablauf<\/p>\n","protected":false},"featured_media":59137,"template":"","meta":{"_acf_changed":false},"product_brand":[],"product_cat":[396],"product_tag":[],"class_list":{"0":"post-53963","1":"product","2":"type-product","3":"status-publish","4":"has-post-thumbnail","6":"product_cat-pflanzkubel-fiberglas","7":"description-off","8":"tm-has-options","10":"first","11":"instock","12":"shipping-taxable","13":"purchasable","14":"product-type-simple"},"acf":[],"yoast_head":"<!-- This site is optimized with the Yoast SEO plugin v27.5 - https:\/\/yoast.com\/product\/yoast-seo-wordpress\/ -->\n<title>Ein Pflanzk\u00fcbel rechteckig hoch aus Fiberglas mit geringen Eigengewicht<\/title>\n<meta name=\"description\" content=\"Pflanzk\u00fcbel rechteckig hoch Carlos 4 ist je 50 Zentimeter lang und breit und dabei 80 Zentimeter hoch die perfekte Grundlage f\u00fcr die Gestaltung des Gartens\" \/>\n<meta name=\"robots\" content=\"index, follow, max-snippet:-1, max-image-preview:large, max-video-preview:-1\" \/>\n<link rel=\"canonical\" href=\"https:\/\/worldofflowerpots.com\/sklep\/pflanzkubel-rechteckig-hoch-carlo-4\/\" \/>\n<meta property=\"og:locale\" content=\"de_DE\" \/>\n<meta property=\"og:type\" content=\"article\" \/>\n<meta property=\"og:title\" content=\"Ein Pflanzk\u00fcbel rechteckig hoch aus Fiberglas mit geringen Eigengewicht\" \/>\n<meta property=\"og:description\" content=\"Pflanzk\u00fcbel rechteckig hoch Carlos 4 ist je 50 Zentimeter lang und breit und dabei 80 Zentimeter hoch die perfekte Grundlage f\u00fcr die Gestaltung des Gartens\" \/>\n<meta property=\"og:url\" content=\"https:\/\/worldofflowerpots.com\/sklep\/pflanzkubel-rechteckig-hoch-carlo-4\/\" \/>\n<meta property=\"og:site_name\" content=\"World of Flowerpots\" \/>\n<meta property=\"article:modified_time\" content=\"2019-04-15T12:23:35+00:00\" \/>\n<meta property=\"og:image\" content=\"https:\/\/worldofflowerpots.com\/wp-content\/uploads\/2019\/01\/pflanzk\u00fcbel-rechteckig-hoch-Carlo-4.jpg\" \/>\n\t<meta property=\"og:image:width\" content=\"1920\" \/>\n\t<meta property=\"og:image:height\" content=\"1080\" \/>\n\t<meta property=\"og:image:type\" content=\"image\/jpeg\" \/>\n<meta name=\"twitter:card\" content=\"summary_large_image\" \/>\n<meta name=\"twitter:label1\" content=\"Est. reading time\" \/>\n\t<meta name=\"twitter:data1\" content=\"2 minutes\" \/>\n<script type=\"application\/ld+json\" class=\"yoast-schema-graph\">{\"@context\":\"https:\\\/\\\/schema.org\",\"@graph\":[{\"@type\":\"WebPage\",\"@id\":\"https:\\\/\\\/worldofflowerpots.com\\\/sklep\\\/pflanzkubel-rechteckig-hoch-carlo-4\\\/\",\"url\":\"https:\\\/\\\/worldofflowerpots.com\\\/sklep\\\/pflanzkubel-rechteckig-hoch-carlo-4\\\/\",\"name\":\"Ein Pflanzk\u00fcbel rechteckig hoch aus Fiberglas mit geringen Eigengewicht\",\"isPartOf\":{\"@id\":\"https:\\\/\\\/worldofflowerpots.com\\\/#website\"},\"primaryImageOfPage\":{\"@id\":\"https:\\\/\\\/worldofflowerpots.com\\\/sklep\\\/pflanzkubel-rechteckig-hoch-carlo-4\\\/#primaryimage\"},\"image\":{\"@id\":\"https:\\\/\\\/worldofflowerpots.com\\\/sklep\\\/pflanzkubel-rechteckig-hoch-carlo-4\\\/#primaryimage\"},\"thumbnailUrl\":\"https:\\\/\\\/worldofflowerpots.com\\\/wp-content\\\/uploads\\\/2019\\\/01\\\/pflanzk\u00fcbel-rechteckig-hoch-Carlo-4.jpg\",\"datePublished\":\"2019-01-18T14:11:05+00:00\",\"dateModified\":\"2019-04-15T12:23:35+00:00\",\"description\":\"Pflanzk\u00fcbel rechteckig hoch Carlos 4 ist je 50 Zentimeter lang und breit und dabei 80 Zentimeter hoch die perfekte Grundlage f\u00fcr die Gestaltung des Gartens\",\"breadcrumb\":{\"@id\":\"https:\\\/\\\/worldofflowerpots.com\\\/sklep\\\/pflanzkubel-rechteckig-hoch-carlo-4\\\/#breadcrumb\"},\"inLanguage\":\"de-AUT\",\"potentialAction\":[{\"@type\":\"ReadAction\",\"target\":[\"https:\\\/\\\/worldofflowerpots.com\\\/sklep\\\/pflanzkubel-rechteckig-hoch-carlo-4\\\/\"]}]},{\"@type\":\"ImageObject\",\"inLanguage\":\"de-AUT\",\"@id\":\"https:\\\/\\\/worldofflowerpots.com\\\/sklep\\\/pflanzkubel-rechteckig-hoch-carlo-4\\\/#primaryimage\",\"url\":\"https:\\\/\\\/worldofflowerpots.com\\\/wp-content\\\/uploads\\\/2019\\\/01\\\/pflanzk\u00fcbel-rechteckig-hoch-Carlo-4.jpg\",\"contentUrl\":\"https:\\\/\\\/worldofflowerpots.com\\\/wp-content\\\/uploads\\\/2019\\\/01\\\/pflanzk\u00fcbel-rechteckig-hoch-Carlo-4.jpg\",\"width\":1920,\"height\":1080},{\"@type\":\"BreadcrumbList\",\"@id\":\"https:\\\/\\\/worldofflowerpots.com\\\/sklep\\\/pflanzkubel-rechteckig-hoch-carlo-4\\\/#breadcrumb\",\"itemListElement\":[{\"@type\":\"ListItem\",\"position\":1,\"name\":\"Strona g\u0142\u00f3wna\",\"item\":\"https:\\\/\\\/worldofflowerpots.com\\\/home\\\/\"},{\"@type\":\"ListItem\",\"position\":2,\"name\":\"Shop\",\"item\":\"https:\\\/\\\/worldofflowerpots.com\\\/sortiment\\\/\"},{\"@type\":\"ListItem\",\"position\":3,\"name\":\"Pflanzk\u00fcbel rechteckig hoch Carlo 4\"}]},{\"@type\":\"WebSite\",\"@id\":\"https:\\\/\\\/worldofflowerpots.com\\\/#website\",\"url\":\"https:\\\/\\\/worldofflowerpots.com\\\/\",\"name\":\"World of Flowerpots\",\"description\":\"producent donic ozdobnych\",\"potentialAction\":[{\"@type\":\"SearchAction\",\"target\":{\"@type\":\"EntryPoint\",\"urlTemplate\":\"https:\\\/\\\/worldofflowerpots.com\\\/?s={search_term_string}\"},\"query-input\":{\"@type\":\"PropertyValueSpecification\",\"valueRequired\":true,\"valueName\":\"search_term_string\"}}],\"inLanguage\":\"de-AUT\"}]}<\/script>\n<!-- \/ Yoast SEO plugin. -->","yoast_head_json":{"title":"Ein Pflanzk\u00fcbel rechteckig hoch aus Fiberglas mit geringen Eigengewicht","description":"Pflanzk\u00fcbel rechteckig hoch Carlos 4 ist je 50 Zentimeter lang und breit und dabei 80 Zentimeter hoch die perfekte Grundlage f\u00fcr die Gestaltung des Gartens","robots":{"index":"index","follow":"follow","max-snippet":"max-snippet:-1","max-image-preview":"max-image-preview:large","max-video-preview":"max-video-preview:-1"},"canonical":"https:\/\/worldofflowerpots.com\/sklep\/pflanzkubel-rechteckig-hoch-carlo-4\/","og_locale":"de_DE","og_type":"article","og_title":"Ein Pflanzk\u00fcbel rechteckig hoch aus Fiberglas mit geringen Eigengewicht","og_description":"Pflanzk\u00fcbel rechteckig hoch Carlos 4 ist je 50 Zentimeter lang und breit und dabei 80 Zentimeter hoch die perfekte Grundlage f\u00fcr die Gestaltung des Gartens","og_url":"https:\/\/worldofflowerpots.com\/sklep\/pflanzkubel-rechteckig-hoch-carlo-4\/","og_site_name":"World of Flowerpots","article_modified_time":"2019-04-15T12:23:35+00:00","og_image":[{"width":1920,"height":1080,"url":"https:\/\/worldofflowerpots.com\/wp-content\/uploads\/2019\/01\/pflanzk\u00fcbel-rechteckig-hoch-Carlo-4.jpg","type":"image\/jpeg"}],"twitter_card":"summary_large_image","twitter_misc":{"Est. reading time":"2 minutes"},"schema":{"@context":"https:\/\/schema.org","@graph":[{"@type":"WebPage","@id":"https:\/\/worldofflowerpots.com\/sklep\/pflanzkubel-rechteckig-hoch-carlo-4\/","url":"https:\/\/worldofflowerpots.com\/sklep\/pflanzkubel-rechteckig-hoch-carlo-4\/","name":"Ein Pflanzk\u00fcbel rechteckig hoch aus Fiberglas mit geringen Eigengewicht","isPartOf":{"@id":"https:\/\/worldofflowerpots.com\/#website"},"primaryImageOfPage":{"@id":"https:\/\/worldofflowerpots.com\/sklep\/pflanzkubel-rechteckig-hoch-carlo-4\/#primaryimage"},"image":{"@id":"https:\/\/worldofflowerpots.com\/sklep\/pflanzkubel-rechteckig-hoch-carlo-4\/#primaryimage"},"thumbnailUrl":"https:\/\/worldofflowerpots.com\/wp-content\/uploads\/2019\/01\/pflanzk\u00fcbel-rechteckig-hoch-Carlo-4.jpg","datePublished":"2019-01-18T14:11:05+00:00","dateModified":"2019-04-15T12:23:35+00:00","description":"Pflanzk\u00fcbel rechteckig hoch Carlos 4 ist je 50 Zentimeter lang und breit und dabei 80 Zentimeter hoch die perfekte Grundlage f\u00fcr die Gestaltung des Gartens","breadcrumb":{"@id":"https:\/\/worldofflowerpots.com\/sklep\/pflanzkubel-rechteckig-hoch-carlo-4\/#breadcrumb"},"inLanguage":"de-AUT","potentialAction":[{"@type":"ReadAction","target":["https:\/\/worldofflowerpots.com\/sklep\/pflanzkubel-rechteckig-hoch-carlo-4\/"]}]},{"@type":"ImageObject","inLanguage":"de-AUT","@id":"https:\/\/worldofflowerpots.com\/sklep\/pflanzkubel-rechteckig-hoch-carlo-4\/#primaryimage","url":"https:\/\/worldofflowerpots.com\/wp-content\/uploads\/2019\/01\/pflanzk\u00fcbel-rechteckig-hoch-Carlo-4.jpg","contentUrl":"https:\/\/worldofflowerpots.com\/wp-content\/uploads\/2019\/01\/pflanzk\u00fcbel-rechteckig-hoch-Carlo-4.jpg","width":1920,"height":1080},{"@type":"BreadcrumbList","@id":"https:\/\/worldofflowerpots.com\/sklep\/pflanzkubel-rechteckig-hoch-carlo-4\/#breadcrumb","itemListElement":[{"@type":"ListItem","position":1,"name":"Strona g\u0142\u00f3wna","item":"https:\/\/worldofflowerpots.com\/home\/"},{"@type":"ListItem","position":2,"name":"Shop","item":"https:\/\/worldofflowerpots.com\/sortiment\/"},{"@type":"ListItem","position":3,"name":"Pflanzk\u00fcbel rechteckig hoch Carlo 4"}]},{"@type":"WebSite","@id":"https:\/\/worldofflowerpots.com\/#website","url":"https:\/\/worldofflowerpots.com\/","name":"World of Flowerpots","description":"producent donic ozdobnych","potentialAction":[{"@type":"SearchAction","target":{"@type":"EntryPoint","urlTemplate":"https:\/\/worldofflowerpots.com\/?s={search_term_string}"},"query-input":{"@type":"PropertyValueSpecification","valueRequired":true,"valueName":"search_term_string"}}],"inLanguage":"de-AUT"}]}},"_links":{"self":[{"href":"https:\/\/worldofflowerpots.com\/aut\/wp-json\/wp\/v2\/product\/53963","targetHints":{"allow":["GET"]}}],"collection":[{"href":"https:\/\/worldofflowerpots.com\/aut\/wp-json\/wp\/v2\/product"}],"about":[{"href":"https:\/\/worldofflowerpots.com\/aut\/wp-json\/wp\/v2\/types\/product"}],"wp:featuredmedia":[{"embeddable":true,"href":"https:\/\/worldofflowerpots.com\/aut\/wp-json\/wp\/v2\/media\/59137"}],"wp:attachment":[{"href":"https:\/\/worldofflowerpots.com\/aut\/wp-json\/wp\/v2\/media?parent=53963"}],"wp:term":[{"taxonomy":"product_brand","embeddable":true,"href":"https:\/\/worldofflowerpots.com\/aut\/wp-json\/wp\/v2\/product_brand?post=53963"},{"taxonomy":"product_cat","embeddable":true,"href":"https:\/\/worldofflowerpots.com\/aut\/wp-json\/wp\/v2\/product_cat?post=53963"},{"taxonomy":"product_tag","embeddable":true,"href":"https:\/\/worldofflowerpots.com\/aut\/wp-json\/wp\/v2\/product_tag?post=53963"}],"curies":[{"name":"wp","href":"https:\/\/api.w.org\/{rel}","templated":true}]}}