{"id":53964,"date":"2019-01-18T15:11:05","date_gmt":"2019-01-18T14:11:05","guid":{"rendered":"https:\/\/worldofflowerpots.com\/sklep\/pflanzkubel-fiberglas-100-cm-hoch-carlo-2\/"},"modified":"2019-04-15T14:21:56","modified_gmt":"2019-04-15T12:21:56","slug":"pflanzkubel-fiberglas-100-cm-hoch-carlo-2","status":"publish","type":"product","link":"https:\/\/worldofflowerpots.com\/aut\/sortiment\/pflanzkubel-fiberglas-100-cm-hoch-carlo-2\/","title":{"rendered":"Pflanzk\u00fcbel fiberglas 100 cm hoch Carlo 2"},"content":{"rendered":"<h2>Pflanzk\u00fcbel und fiberglas-Pflanzk\u00fcbel fiberglas 100 cm hoch<\/h2>\n<p>Fiberglas ist als Material f\u00fcr Pflanzk\u00fcbel fiberglas 100 cm hoch besonders beliebt, weil es mehrere Vorteile in sich vereint. Es besitzt eine hohe mechanische Festigkeit und ist gleichzeitig leicht und witterungsbest\u00e4ndig. Im Onlineshop World Of Flowerpots finden Kunden Pflanzengef\u00e4\u00dfe aus verschiedenen Materialien und in verschiedenen Formen.<\/p>\n<h2>Nicht nur ihnen auch au\u00dfen kann Blumen kasten Carlo 2 vor die T\u00fcr<\/h2>\n<p>Der Pflanzenk\u00fcbel Carlo 2 besteht aus Fiberglas und hat einen quadratischen Querschnitt. Beide Seiten sind je 40 Zentimeter lang. Die H\u00f6he des K\u00fcbels betr\u00e4gt 100 Zentimeter und er besitzt ein Fassungsverm\u00f6gen von 140 Litern. Trotz dieses gro\u00dfen Volumens betr\u00e4gt sein Gewicht lediglich 15 Kilogramm. Der Pflanzenk\u00fcbel ist in mehreren Farben erh\u00e4ltlich, die man auf der Webseite ausw\u00e4hlen kann. Ab einer Mindestbestellmenge von 4 St\u00fcck besteht die M\u00f6glichkeit, die Farbe individuell zu gestalten.<\/p>\n<h2>Gestallten Sie die Terrasse oder Balkon mit Blumen kasten Carlo 2<\/h2>\n<p>Durch seine Form eignet sich der Pflanzk\u00fcbel fiberglas 100 cm hoch Carlo 2 besonders gut f\u00fcr einzelne Pflanzen oder Str\u00e4ucher, die mehr in die H\u00f6he und nicht so sehr in die Breite wachsen. Auch tief wurzelnde Pflanzen k\u00f6nnen sich in dem Pflanzenk\u00fcbel gut verankern. Der gro\u00dfz\u00fcgig arrangierte K\u00fcbel aus leichtem Fiberglas passt dank der vielseitigen Farbauswahl in jeden Garten, auf jeden Balkon und auf alle Terrassen. Er sorgt auch im Wintergarten f\u00fcr eine wohnliche Atmosph\u00e4re.<\/p>\n<p>Die sch\u00f6ne Oberfl\u00e4che kann sowohl glatt als auch strukturiert gestaltet werden. Dank des geringen Eigengewichts ist der Blumenk\u00fcbel Fiberglas Carlo 2 m\u00fchelos an jedem Platz aufgestellt. Das leichte Material, das aus innovativem Kunststoff und robusten Glasfasermatten besteht, ist zu 100 Prozent witterungsbest\u00e4ndig, so dass weder Wind noch Wetter oder Temperaturschwankungen dem exklusiven Look des K\u00fcbels schaden k\u00f6nnen. Der aktuelle Blumenk\u00fcbel Fiberglas Carlo 2 \u00fcberzeugt rund um die Uhr mit einer modernen Optik, die von jeder sch\u00f6nen Pflanze optimal erg\u00e4nzt wird. Insbesondere B\u00fcsche und B\u00e4ume haben ausreichend Raum in diesem K\u00fcbel, um auch innerhalb des Hauses im Wintergarten zu gedeihen.<\/p>\n","protected":false},"excerpt":{"rendered":"<p>Material : Fiberglas<br \/>\nFarben: RAL 9010,9016,7045,7012,7021,9005<br \/>\nAndere RAL Farben Mindestabnahme 5 St\u00fcck<br \/>\nUV-resistent Isoliert mit Styropor<br \/>\nGewicht :15kg<br \/>\nAbmessungen B400mm H1000mm L400mm<br \/>\nWetterfest<br \/>\nFrostbest\u00e4ndig bei gew\u00e4hrleistetem Wasserablauf<\/p>\n","protected":false},"featured_media":59127,"template":"","meta":{"_acf_changed":false},"product_brand":[],"product_cat":[396],"product_tag":[],"class_list":{"0":"post-53964","1":"product","2":"type-product","3":"status-publish","4":"has-post-thumbnail","6":"product_cat-pflanzkubel-fiberglas","7":"description-off","8":"tm-has-options","10":"first","11":"instock","12":"shipping-taxable","13":"purchasable","14":"product-type-simple"},"acf":[],"yoast_head":"<!-- This site is optimized with the Yoast SEO plugin v27.5 - https:\/\/yoast.com\/product\/yoast-seo-wordpress\/ -->\n<title>Pflanzk\u00fcbel fiberglas 100 cm hoch besonders beliebt<\/title>\n<meta name=\"description\" content=\"Durch seine Form eignet sich der Pflanzk\u00fcbel fiberglas 100 cm hoch Carlo 2 besonders gut f\u00fcr einzelne Pflanzen oder Str\u00e4ucher\" \/>\n<meta name=\"robots\" content=\"index, follow, max-snippet:-1, max-image-preview:large, max-video-preview:-1\" \/>\n<link rel=\"canonical\" href=\"https:\/\/worldofflowerpots.com\/sklep\/pflanzkubel-fiberglas-100-cm-hoch-carlo-2\/\" \/>\n<meta property=\"og:locale\" content=\"de_DE\" \/>\n<meta property=\"og:type\" content=\"article\" \/>\n<meta property=\"og:title\" content=\"Pflanzk\u00fcbel fiberglas 100 cm hoch besonders beliebt\" \/>\n<meta property=\"og:description\" content=\"Durch seine Form eignet sich der Pflanzk\u00fcbel fiberglas 100 cm hoch Carlo 2 besonders gut f\u00fcr einzelne Pflanzen oder Str\u00e4ucher\" \/>\n<meta property=\"og:url\" content=\"https:\/\/worldofflowerpots.com\/sklep\/pflanzkubel-fiberglas-100-cm-hoch-carlo-2\/\" \/>\n<meta property=\"og:site_name\" content=\"World of Flowerpots\" \/>\n<meta property=\"article:modified_time\" content=\"2019-04-15T12:21:56+00:00\" \/>\n<meta property=\"og:image\" content=\"https:\/\/worldofflowerpots.com\/wp-content\/uploads\/2019\/01\/pflanzk\u00fcbel-rechteckig-100-cm-Carlo-2.jpg\" \/>\n\t<meta property=\"og:image:width\" content=\"1920\" \/>\n\t<meta property=\"og:image:height\" content=\"1080\" \/>\n\t<meta property=\"og:image:type\" content=\"image\/jpeg\" \/>\n<meta name=\"twitter:card\" content=\"summary_large_image\" \/>\n<meta name=\"twitter:label1\" content=\"Est. reading time\" \/>\n\t<meta name=\"twitter:data1\" content=\"2 minutes\" \/>\n<script type=\"application\/ld+json\" class=\"yoast-schema-graph\">{\"@context\":\"https:\\\/\\\/schema.org\",\"@graph\":[{\"@type\":\"WebPage\",\"@id\":\"https:\\\/\\\/worldofflowerpots.com\\\/sklep\\\/pflanzkubel-fiberglas-100-cm-hoch-carlo-2\\\/\",\"url\":\"https:\\\/\\\/worldofflowerpots.com\\\/sklep\\\/pflanzkubel-fiberglas-100-cm-hoch-carlo-2\\\/\",\"name\":\"Pflanzk\u00fcbel fiberglas 100 cm hoch besonders beliebt\",\"isPartOf\":{\"@id\":\"https:\\\/\\\/worldofflowerpots.com\\\/#website\"},\"primaryImageOfPage\":{\"@id\":\"https:\\\/\\\/worldofflowerpots.com\\\/sklep\\\/pflanzkubel-fiberglas-100-cm-hoch-carlo-2\\\/#primaryimage\"},\"image\":{\"@id\":\"https:\\\/\\\/worldofflowerpots.com\\\/sklep\\\/pflanzkubel-fiberglas-100-cm-hoch-carlo-2\\\/#primaryimage\"},\"thumbnailUrl\":\"https:\\\/\\\/worldofflowerpots.com\\\/wp-content\\\/uploads\\\/2019\\\/01\\\/pflanzk\u00fcbel-rechteckig-100-cm-Carlo-2.jpg\",\"datePublished\":\"2019-01-18T14:11:05+00:00\",\"dateModified\":\"2019-04-15T12:21:56+00:00\",\"description\":\"Durch seine Form eignet sich der Pflanzk\u00fcbel fiberglas 100 cm hoch Carlo 2 besonders gut f\u00fcr einzelne Pflanzen oder Str\u00e4ucher\",\"breadcrumb\":{\"@id\":\"https:\\\/\\\/worldofflowerpots.com\\\/sklep\\\/pflanzkubel-fiberglas-100-cm-hoch-carlo-2\\\/#breadcrumb\"},\"inLanguage\":\"de-AUT\",\"potentialAction\":[{\"@type\":\"ReadAction\",\"target\":[\"https:\\\/\\\/worldofflowerpots.com\\\/sklep\\\/pflanzkubel-fiberglas-100-cm-hoch-carlo-2\\\/\"]}]},{\"@type\":\"ImageObject\",\"inLanguage\":\"de-AUT\",\"@id\":\"https:\\\/\\\/worldofflowerpots.com\\\/sklep\\\/pflanzkubel-fiberglas-100-cm-hoch-carlo-2\\\/#primaryimage\",\"url\":\"https:\\\/\\\/worldofflowerpots.com\\\/wp-content\\\/uploads\\\/2019\\\/01\\\/pflanzk\u00fcbel-rechteckig-100-cm-Carlo-2.jpg\",\"contentUrl\":\"https:\\\/\\\/worldofflowerpots.com\\\/wp-content\\\/uploads\\\/2019\\\/01\\\/pflanzk\u00fcbel-rechteckig-100-cm-Carlo-2.jpg\",\"width\":1920,\"height\":1080},{\"@type\":\"BreadcrumbList\",\"@id\":\"https:\\\/\\\/worldofflowerpots.com\\\/sklep\\\/pflanzkubel-fiberglas-100-cm-hoch-carlo-2\\\/#breadcrumb\",\"itemListElement\":[{\"@type\":\"ListItem\",\"position\":1,\"name\":\"Strona g\u0142\u00f3wna\",\"item\":\"https:\\\/\\\/worldofflowerpots.com\\\/home\\\/\"},{\"@type\":\"ListItem\",\"position\":2,\"name\":\"Shop\",\"item\":\"https:\\\/\\\/worldofflowerpots.com\\\/sortiment\\\/\"},{\"@type\":\"ListItem\",\"position\":3,\"name\":\"Pflanzk\u00fcbel fiberglas 100 cm hoch Carlo 2\"}]},{\"@type\":\"WebSite\",\"@id\":\"https:\\\/\\\/worldofflowerpots.com\\\/#website\",\"url\":\"https:\\\/\\\/worldofflowerpots.com\\\/\",\"name\":\"World of Flowerpots\",\"description\":\"producent donic ozdobnych\",\"potentialAction\":[{\"@type\":\"SearchAction\",\"target\":{\"@type\":\"EntryPoint\",\"urlTemplate\":\"https:\\\/\\\/worldofflowerpots.com\\\/?s={search_term_string}\"},\"query-input\":{\"@type\":\"PropertyValueSpecification\",\"valueRequired\":true,\"valueName\":\"search_term_string\"}}],\"inLanguage\":\"de-AUT\"}]}<\/script>\n<!-- \/ Yoast SEO plugin. -->","yoast_head_json":{"title":"Pflanzk\u00fcbel fiberglas 100 cm hoch besonders beliebt","description":"Durch seine Form eignet sich der Pflanzk\u00fcbel fiberglas 100 cm hoch Carlo 2 besonders gut f\u00fcr einzelne Pflanzen oder Str\u00e4ucher","robots":{"index":"index","follow":"follow","max-snippet":"max-snippet:-1","max-image-preview":"max-image-preview:large","max-video-preview":"max-video-preview:-1"},"canonical":"https:\/\/worldofflowerpots.com\/sklep\/pflanzkubel-fiberglas-100-cm-hoch-carlo-2\/","og_locale":"de_DE","og_type":"article","og_title":"Pflanzk\u00fcbel fiberglas 100 cm hoch besonders beliebt","og_description":"Durch seine Form eignet sich der Pflanzk\u00fcbel fiberglas 100 cm hoch Carlo 2 besonders gut f\u00fcr einzelne Pflanzen oder Str\u00e4ucher","og_url":"https:\/\/worldofflowerpots.com\/sklep\/pflanzkubel-fiberglas-100-cm-hoch-carlo-2\/","og_site_name":"World of Flowerpots","article_modified_time":"2019-04-15T12:21:56+00:00","og_image":[{"width":1920,"height":1080,"url":"https:\/\/worldofflowerpots.com\/wp-content\/uploads\/2019\/01\/pflanzk\u00fcbel-rechteckig-100-cm-Carlo-2.jpg","type":"image\/jpeg"}],"twitter_card":"summary_large_image","twitter_misc":{"Est. reading time":"2 minutes"},"schema":{"@context":"https:\/\/schema.org","@graph":[{"@type":"WebPage","@id":"https:\/\/worldofflowerpots.com\/sklep\/pflanzkubel-fiberglas-100-cm-hoch-carlo-2\/","url":"https:\/\/worldofflowerpots.com\/sklep\/pflanzkubel-fiberglas-100-cm-hoch-carlo-2\/","name":"Pflanzk\u00fcbel fiberglas 100 cm hoch besonders beliebt","isPartOf":{"@id":"https:\/\/worldofflowerpots.com\/#website"},"primaryImageOfPage":{"@id":"https:\/\/worldofflowerpots.com\/sklep\/pflanzkubel-fiberglas-100-cm-hoch-carlo-2\/#primaryimage"},"image":{"@id":"https:\/\/worldofflowerpots.com\/sklep\/pflanzkubel-fiberglas-100-cm-hoch-carlo-2\/#primaryimage"},"thumbnailUrl":"https:\/\/worldofflowerpots.com\/wp-content\/uploads\/2019\/01\/pflanzk\u00fcbel-rechteckig-100-cm-Carlo-2.jpg","datePublished":"2019-01-18T14:11:05+00:00","dateModified":"2019-04-15T12:21:56+00:00","description":"Durch seine Form eignet sich der Pflanzk\u00fcbel fiberglas 100 cm hoch Carlo 2 besonders gut f\u00fcr einzelne Pflanzen oder Str\u00e4ucher","breadcrumb":{"@id":"https:\/\/worldofflowerpots.com\/sklep\/pflanzkubel-fiberglas-100-cm-hoch-carlo-2\/#breadcrumb"},"inLanguage":"de-AUT","potentialAction":[{"@type":"ReadAction","target":["https:\/\/worldofflowerpots.com\/sklep\/pflanzkubel-fiberglas-100-cm-hoch-carlo-2\/"]}]},{"@type":"ImageObject","inLanguage":"de-AUT","@id":"https:\/\/worldofflowerpots.com\/sklep\/pflanzkubel-fiberglas-100-cm-hoch-carlo-2\/#primaryimage","url":"https:\/\/worldofflowerpots.com\/wp-content\/uploads\/2019\/01\/pflanzk\u00fcbel-rechteckig-100-cm-Carlo-2.jpg","contentUrl":"https:\/\/worldofflowerpots.com\/wp-content\/uploads\/2019\/01\/pflanzk\u00fcbel-rechteckig-100-cm-Carlo-2.jpg","width":1920,"height":1080},{"@type":"BreadcrumbList","@id":"https:\/\/worldofflowerpots.com\/sklep\/pflanzkubel-fiberglas-100-cm-hoch-carlo-2\/#breadcrumb","itemListElement":[{"@type":"ListItem","position":1,"name":"Strona g\u0142\u00f3wna","item":"https:\/\/worldofflowerpots.com\/home\/"},{"@type":"ListItem","position":2,"name":"Shop","item":"https:\/\/worldofflowerpots.com\/sortiment\/"},{"@type":"ListItem","position":3,"name":"Pflanzk\u00fcbel fiberglas 100 cm hoch Carlo 2"}]},{"@type":"WebSite","@id":"https:\/\/worldofflowerpots.com\/#website","url":"https:\/\/worldofflowerpots.com\/","name":"World of Flowerpots","description":"producent donic ozdobnych","potentialAction":[{"@type":"SearchAction","target":{"@type":"EntryPoint","urlTemplate":"https:\/\/worldofflowerpots.com\/?s={search_term_string}"},"query-input":{"@type":"PropertyValueSpecification","valueRequired":true,"valueName":"search_term_string"}}],"inLanguage":"de-AUT"}]}},"_links":{"self":[{"href":"https:\/\/worldofflowerpots.com\/aut\/wp-json\/wp\/v2\/product\/53964","targetHints":{"allow":["GET"]}}],"collection":[{"href":"https:\/\/worldofflowerpots.com\/aut\/wp-json\/wp\/v2\/product"}],"about":[{"href":"https:\/\/worldofflowerpots.com\/aut\/wp-json\/wp\/v2\/types\/product"}],"wp:featuredmedia":[{"embeddable":true,"href":"https:\/\/worldofflowerpots.com\/aut\/wp-json\/wp\/v2\/media\/59127"}],"wp:attachment":[{"href":"https:\/\/worldofflowerpots.com\/aut\/wp-json\/wp\/v2\/media?parent=53964"}],"wp:term":[{"taxonomy":"product_brand","embeddable":true,"href":"https:\/\/worldofflowerpots.com\/aut\/wp-json\/wp\/v2\/product_brand?post=53964"},{"taxonomy":"product_cat","embeddable":true,"href":"https:\/\/worldofflowerpots.com\/aut\/wp-json\/wp\/v2\/product_cat?post=53964"},{"taxonomy":"product_tag","embeddable":true,"href":"https:\/\/worldofflowerpots.com\/aut\/wp-json\/wp\/v2\/product_tag?post=53964"}],"curies":[{"name":"wp","href":"https:\/\/api.w.org\/{rel}","templated":true}]}}