{"id":53966,"date":"2019-01-18T15:10:34","date_gmt":"2019-01-18T14:10:34","guid":{"rendered":"https:\/\/worldofflowerpots.com\/sklep\/fiberglas-pflanzkubel-sofia1\/"},"modified":"2019-03-26T16:23:30","modified_gmt":"2019-03-26T15:23:30","slug":"fiberglas-pflanzkubel-sofia1","status":"publish","type":"product","link":"https:\/\/worldofflowerpots.com\/aut\/sortiment\/fiberglas-pflanzkubel-sofia1\/","title":{"rendered":"Fiberglas pflanzk\u00fcbel Sofia1"},"content":{"rendered":"<h2>Pflanzk\u00fcbel als Vase<\/h2>\n<p>Der Fiberglas pflanzk\u00fcbel Sofia 1 ist ein formsch\u00f6nes Accessoire, das sich auf der Terrasse oder auf dem Balkon oder auch im Flur sehr sch\u00f6n macht. Die Form diese K\u00fcbels ist rund bzw. bauchig, was ihn sehr gem\u00fctlich und ansprechend wirken l\u00e4sst. Dieser K\u00fcbel besteht aus haltbarem Fiberglas, das sich perfekt f\u00fcr den Gebrauch im Outdoor-Bereich eignet. Erh\u00e4ltlich ist das Modell Sofia 1 in diversen sch\u00f6nen Farben, die von dezent klassisch, wie Grau oder Anthrazit, bis zu lebhaft, also Orange oder ein kr\u00e4ftiges Rot, variieren. Die H\u00f6he betr\u00e4gt bei diesem Modell 52 cm, der untere Bereich weist 35 cm im Durchmesser auf.<\/p>\n<h2>Wohnung mit Pflanzen erg\u00e4nzen<\/h2>\n<p>Es ist wichtig, eine Wohnung immer korrekt durch zu planen. Bei all der Planung sollten nat\u00fcrlich auch Pflanzen nicht in Vergessenheit geraten. Denn Pflanzen sind gut und werden sich auch positiv in jedes Wohnkonzept einbringen lassen. Damit die Pflanze aber auch gut passen kann, braucht es einen sch\u00f6nen Pflanztopf. Dieser sollte nie willk\u00fcrlich ausgesucht werden, sondern an das jeweilige Wohnkonzept angepasst werden. Dadurch lassen sich die sch\u00f6nsten R\u00e4ume zaubern, die dann auch noch viel Ruhe ausstrahlen werden. Bei einem Fiberglas pflanzk\u00fcbel handelt es sich um einen Blumentopf, der rustikal wirkt und dadurch sehr gut zum Shabby chic Stil passt oder auch zu modernen Wohnstilen.<\/p>\n<h2>Sofia versch\u00f6nert<\/h2>\n<p>Mit diesem Pflanztopf kann jeder sich austoben und vor allem Pflanzen seiner Wahl in die Wohnung bringen. Die T\u00f6pfe sind sehr gut und werden auch viel aushalten. Es ist v\u00f6llig gleich, welche Pflanzen dort eingetopft werden. Dabei kann es sich um Bl\u00fch- oder auch Gr\u00fcnpflanzen handeln.<\/p>\n<p>Im Inneren des K\u00fcbels befindet sich Styropor, das als Stabilisator und als Isolierung dient und die Pflanzen somit zus\u00e4tzlich sch\u00fctzt. Insgesamt ist das Modell Sofia 1 ein spannungsreiches Accessoire, das sich durch seine sch\u00f6nen Farben, sein haltbares, pflegeleichtes Material und seine angenehme Form auszeichnet.<\/p>\n","protected":false},"excerpt":{"rendered":"<p>Material : Fiberglas<br \/>\nFarben: RAL 9010,9016,7045,7012,7021,9005<br \/>\nAndere RAL Farben Mindestabnahme 5 St\u00fcck<br \/>\nUV-resistent<br \/>\n<strong>Ausf\u00fchrung<\/strong><strong>: nur in Hochglanz<\/strong><br \/>\nGewicht :11kg<br \/>\nAbmessungen \u2205630mm H520mm<br \/>\nWetterfest<br \/>\nFrostbest\u00e4ndig bei gew\u00e4hrleistetem Wasserablauf<\/p>\n","protected":false},"featured_media":52503,"template":"","meta":{"_acf_changed":false},"product_brand":[],"product_cat":[396],"product_tag":[],"class_list":{"0":"post-53966","1":"product","2":"type-product","3":"status-publish","4":"has-post-thumbnail","6":"product_cat-pflanzkubel-fiberglas","7":"description-off","8":"tm-has-options","10":"first","11":"instock","12":"shipping-taxable","13":"purchasable","14":"product-type-simple"},"acf":[],"yoast_head":"<!-- This site is optimized with the Yoast SEO plugin v27.5 - https:\/\/yoast.com\/product\/yoast-seo-wordpress\/ -->\n<title>Fiberglas und pflanzkubel perfekt f\u00fcr den Gebrauch im Outdoor<\/title>\n<meta name=\"description\" content=\"Bei einem Fiberglas pflanzk\u00fcbel handelt es sich um einen Blumentopf, der rustikal wirkt und dadurch sehr gut zum Shabby chic Stil passt\" \/>\n<meta name=\"robots\" content=\"index, follow, max-snippet:-1, max-image-preview:large, max-video-preview:-1\" \/>\n<link rel=\"canonical\" href=\"https:\/\/worldofflowerpots.com\/sklep\/fiberglas-pflanzkubel-sofia1\/\" \/>\n<meta property=\"og:locale\" content=\"de_DE\" \/>\n<meta property=\"og:type\" content=\"article\" \/>\n<meta property=\"og:title\" content=\"Fiberglas und pflanzkubel perfekt f\u00fcr den Gebrauch im Outdoor\" \/>\n<meta property=\"og:description\" content=\"Bei einem Fiberglas pflanzk\u00fcbel handelt es sich um einen Blumentopf, der rustikal wirkt und dadurch sehr gut zum Shabby chic Stil passt\" \/>\n<meta property=\"og:url\" content=\"https:\/\/worldofflowerpots.com\/sklep\/fiberglas-pflanzkubel-sofia1\/\" \/>\n<meta property=\"og:site_name\" content=\"World of Flowerpots\" \/>\n<meta property=\"article:modified_time\" content=\"2019-03-26T15:23:30+00:00\" \/>\n<meta property=\"og:image\" content=\"https:\/\/worldofflowerpots.com\/wp-content\/uploads\/2019\/01\/Donica-plastikowa-Sofia-1-z-wlokna-szklanego-na-taras.jpg\" \/>\n\t<meta property=\"og:image:width\" content=\"1920\" \/>\n\t<meta property=\"og:image:height\" content=\"1080\" \/>\n\t<meta property=\"og:image:type\" content=\"image\/jpeg\" \/>\n<meta name=\"twitter:card\" content=\"summary_large_image\" \/>\n<meta name=\"twitter:label1\" content=\"Est. reading time\" \/>\n\t<meta name=\"twitter:data1\" content=\"2 minutes\" \/>\n<script type=\"application\/ld+json\" class=\"yoast-schema-graph\">{\"@context\":\"https:\\\/\\\/schema.org\",\"@graph\":[{\"@type\":\"WebPage\",\"@id\":\"https:\\\/\\\/worldofflowerpots.com\\\/sklep\\\/fiberglas-pflanzkubel-sofia1\\\/\",\"url\":\"https:\\\/\\\/worldofflowerpots.com\\\/sklep\\\/fiberglas-pflanzkubel-sofia1\\\/\",\"name\":\"Fiberglas und pflanzkubel perfekt f\u00fcr den Gebrauch im Outdoor\",\"isPartOf\":{\"@id\":\"https:\\\/\\\/worldofflowerpots.com\\\/#website\"},\"primaryImageOfPage\":{\"@id\":\"https:\\\/\\\/worldofflowerpots.com\\\/sklep\\\/fiberglas-pflanzkubel-sofia1\\\/#primaryimage\"},\"image\":{\"@id\":\"https:\\\/\\\/worldofflowerpots.com\\\/sklep\\\/fiberglas-pflanzkubel-sofia1\\\/#primaryimage\"},\"thumbnailUrl\":\"https:\\\/\\\/worldofflowerpots.com\\\/wp-content\\\/uploads\\\/2019\\\/01\\\/Donica-plastikowa-Sofia-1-z-wlokna-szklanego-na-taras.jpg\",\"datePublished\":\"2019-01-18T14:10:34+00:00\",\"dateModified\":\"2019-03-26T15:23:30+00:00\",\"description\":\"Bei einem Fiberglas pflanzk\u00fcbel handelt es sich um einen Blumentopf, der rustikal wirkt und dadurch sehr gut zum Shabby chic Stil passt\",\"breadcrumb\":{\"@id\":\"https:\\\/\\\/worldofflowerpots.com\\\/sklep\\\/fiberglas-pflanzkubel-sofia1\\\/#breadcrumb\"},\"inLanguage\":\"de-AUT\",\"potentialAction\":[{\"@type\":\"ReadAction\",\"target\":[\"https:\\\/\\\/worldofflowerpots.com\\\/sklep\\\/fiberglas-pflanzkubel-sofia1\\\/\"]}]},{\"@type\":\"ImageObject\",\"inLanguage\":\"de-AUT\",\"@id\":\"https:\\\/\\\/worldofflowerpots.com\\\/sklep\\\/fiberglas-pflanzkubel-sofia1\\\/#primaryimage\",\"url\":\"https:\\\/\\\/worldofflowerpots.com\\\/wp-content\\\/uploads\\\/2019\\\/01\\\/Donica-plastikowa-Sofia-1-z-wlokna-szklanego-na-taras.jpg\",\"contentUrl\":\"https:\\\/\\\/worldofflowerpots.com\\\/wp-content\\\/uploads\\\/2019\\\/01\\\/Donica-plastikowa-Sofia-1-z-wlokna-szklanego-na-taras.jpg\",\"width\":1920,\"height\":1080},{\"@type\":\"BreadcrumbList\",\"@id\":\"https:\\\/\\\/worldofflowerpots.com\\\/sklep\\\/fiberglas-pflanzkubel-sofia1\\\/#breadcrumb\",\"itemListElement\":[{\"@type\":\"ListItem\",\"position\":1,\"name\":\"Strona g\u0142\u00f3wna\",\"item\":\"https:\\\/\\\/worldofflowerpots.com\\\/home\\\/\"},{\"@type\":\"ListItem\",\"position\":2,\"name\":\"Shop\",\"item\":\"https:\\\/\\\/worldofflowerpots.com\\\/sortiment\\\/\"},{\"@type\":\"ListItem\",\"position\":3,\"name\":\"Fiberglas pflanzk\u00fcbel Sofia1\"}]},{\"@type\":\"WebSite\",\"@id\":\"https:\\\/\\\/worldofflowerpots.com\\\/#website\",\"url\":\"https:\\\/\\\/worldofflowerpots.com\\\/\",\"name\":\"World of Flowerpots\",\"description\":\"producent donic ozdobnych\",\"potentialAction\":[{\"@type\":\"SearchAction\",\"target\":{\"@type\":\"EntryPoint\",\"urlTemplate\":\"https:\\\/\\\/worldofflowerpots.com\\\/?s={search_term_string}\"},\"query-input\":{\"@type\":\"PropertyValueSpecification\",\"valueRequired\":true,\"valueName\":\"search_term_string\"}}],\"inLanguage\":\"de-AUT\"}]}<\/script>\n<!-- \/ Yoast SEO plugin. -->","yoast_head_json":{"title":"Fiberglas und pflanzkubel perfekt f\u00fcr den Gebrauch im Outdoor","description":"Bei einem Fiberglas pflanzk\u00fcbel handelt es sich um einen Blumentopf, der rustikal wirkt und dadurch sehr gut zum Shabby chic Stil passt","robots":{"index":"index","follow":"follow","max-snippet":"max-snippet:-1","max-image-preview":"max-image-preview:large","max-video-preview":"max-video-preview:-1"},"canonical":"https:\/\/worldofflowerpots.com\/sklep\/fiberglas-pflanzkubel-sofia1\/","og_locale":"de_DE","og_type":"article","og_title":"Fiberglas und pflanzkubel perfekt f\u00fcr den Gebrauch im Outdoor","og_description":"Bei einem Fiberglas pflanzk\u00fcbel handelt es sich um einen Blumentopf, der rustikal wirkt und dadurch sehr gut zum Shabby chic Stil passt","og_url":"https:\/\/worldofflowerpots.com\/sklep\/fiberglas-pflanzkubel-sofia1\/","og_site_name":"World of Flowerpots","article_modified_time":"2019-03-26T15:23:30+00:00","og_image":[{"width":1920,"height":1080,"url":"https:\/\/worldofflowerpots.com\/wp-content\/uploads\/2019\/01\/Donica-plastikowa-Sofia-1-z-wlokna-szklanego-na-taras.jpg","type":"image\/jpeg"}],"twitter_card":"summary_large_image","twitter_misc":{"Est. reading time":"2 minutes"},"schema":{"@context":"https:\/\/schema.org","@graph":[{"@type":"WebPage","@id":"https:\/\/worldofflowerpots.com\/sklep\/fiberglas-pflanzkubel-sofia1\/","url":"https:\/\/worldofflowerpots.com\/sklep\/fiberglas-pflanzkubel-sofia1\/","name":"Fiberglas und pflanzkubel perfekt f\u00fcr den Gebrauch im Outdoor","isPartOf":{"@id":"https:\/\/worldofflowerpots.com\/#website"},"primaryImageOfPage":{"@id":"https:\/\/worldofflowerpots.com\/sklep\/fiberglas-pflanzkubel-sofia1\/#primaryimage"},"image":{"@id":"https:\/\/worldofflowerpots.com\/sklep\/fiberglas-pflanzkubel-sofia1\/#primaryimage"},"thumbnailUrl":"https:\/\/worldofflowerpots.com\/wp-content\/uploads\/2019\/01\/Donica-plastikowa-Sofia-1-z-wlokna-szklanego-na-taras.jpg","datePublished":"2019-01-18T14:10:34+00:00","dateModified":"2019-03-26T15:23:30+00:00","description":"Bei einem Fiberglas pflanzk\u00fcbel handelt es sich um einen Blumentopf, der rustikal wirkt und dadurch sehr gut zum Shabby chic Stil passt","breadcrumb":{"@id":"https:\/\/worldofflowerpots.com\/sklep\/fiberglas-pflanzkubel-sofia1\/#breadcrumb"},"inLanguage":"de-AUT","potentialAction":[{"@type":"ReadAction","target":["https:\/\/worldofflowerpots.com\/sklep\/fiberglas-pflanzkubel-sofia1\/"]}]},{"@type":"ImageObject","inLanguage":"de-AUT","@id":"https:\/\/worldofflowerpots.com\/sklep\/fiberglas-pflanzkubel-sofia1\/#primaryimage","url":"https:\/\/worldofflowerpots.com\/wp-content\/uploads\/2019\/01\/Donica-plastikowa-Sofia-1-z-wlokna-szklanego-na-taras.jpg","contentUrl":"https:\/\/worldofflowerpots.com\/wp-content\/uploads\/2019\/01\/Donica-plastikowa-Sofia-1-z-wlokna-szklanego-na-taras.jpg","width":1920,"height":1080},{"@type":"BreadcrumbList","@id":"https:\/\/worldofflowerpots.com\/sklep\/fiberglas-pflanzkubel-sofia1\/#breadcrumb","itemListElement":[{"@type":"ListItem","position":1,"name":"Strona g\u0142\u00f3wna","item":"https:\/\/worldofflowerpots.com\/home\/"},{"@type":"ListItem","position":2,"name":"Shop","item":"https:\/\/worldofflowerpots.com\/sortiment\/"},{"@type":"ListItem","position":3,"name":"Fiberglas pflanzk\u00fcbel Sofia1"}]},{"@type":"WebSite","@id":"https:\/\/worldofflowerpots.com\/#website","url":"https:\/\/worldofflowerpots.com\/","name":"World of Flowerpots","description":"producent donic ozdobnych","potentialAction":[{"@type":"SearchAction","target":{"@type":"EntryPoint","urlTemplate":"https:\/\/worldofflowerpots.com\/?s={search_term_string}"},"query-input":{"@type":"PropertyValueSpecification","valueRequired":true,"valueName":"search_term_string"}}],"inLanguage":"de-AUT"}]}},"_links":{"self":[{"href":"https:\/\/worldofflowerpots.com\/aut\/wp-json\/wp\/v2\/product\/53966","targetHints":{"allow":["GET"]}}],"collection":[{"href":"https:\/\/worldofflowerpots.com\/aut\/wp-json\/wp\/v2\/product"}],"about":[{"href":"https:\/\/worldofflowerpots.com\/aut\/wp-json\/wp\/v2\/types\/product"}],"wp:featuredmedia":[{"embeddable":true,"href":"https:\/\/worldofflowerpots.com\/aut\/wp-json\/wp\/v2\/media\/52503"}],"wp:attachment":[{"href":"https:\/\/worldofflowerpots.com\/aut\/wp-json\/wp\/v2\/media?parent=53966"}],"wp:term":[{"taxonomy":"product_brand","embeddable":true,"href":"https:\/\/worldofflowerpots.com\/aut\/wp-json\/wp\/v2\/product_brand?post=53966"},{"taxonomy":"product_cat","embeddable":true,"href":"https:\/\/worldofflowerpots.com\/aut\/wp-json\/wp\/v2\/product_cat?post=53966"},{"taxonomy":"product_tag","embeddable":true,"href":"https:\/\/worldofflowerpots.com\/aut\/wp-json\/wp\/v2\/product_tag?post=53966"}],"curies":[{"name":"wp","href":"https:\/\/api.w.org\/{rel}","templated":true}]}}