{"id":53967,"date":"2019-01-18T15:10:34","date_gmt":"2019-01-18T14:10:34","guid":{"rendered":"https:\/\/worldofflowerpots.com\/sklep\/blumenkubel-fiberglas-sofia2\/"},"modified":"2019-01-18T15:10:34","modified_gmt":"2019-01-18T14:10:34","slug":"blumenkubel-fiberglas-sofia2","status":"publish","type":"product","link":"https:\/\/worldofflowerpots.com\/aut\/sortiment\/blumenkubel-fiberglas-sofia2\/","title":{"rendered":"Blumenk\u00fcbel fiberglas Sofia2"},"content":{"rendered":"<h2>Sie wollen eine Terrasse oder einen Garten aufwerten?<\/h2>\n<p>Dann verwenden Sie einfach den Blumenk\u00fcbel fiberglas anthrazit Sofia f\u00fcr Ihren Plan. Dieser Pflanztopf hat das gewisse Etwas f\u00fcr jeden Garten und jeden Terrasse. Er kann mit ein wenig Geschick in jedes Ambiente eingef\u00fcgt werden und eignet sich hervorragend f\u00fcr den Innen- aber auch Aussenbereich. In dem Pflanzenk\u00fcbel k\u00f6nnen Gr\u00fcnpflanzen aber auch Zimmerpflanzen eingetopft werden. Damit k\u00f6nnen Wohnkonzepte perfekt abgerundet werden. Auch auf dem Balkon oder der Terrasse eignet sich der Pflanzenk\u00fcbel Sofia. Er sieht robust aus und wird diese Eigenschaft auch zur vollsten Zufriedenheit erf\u00fcllen. Darin ist viel Platz f\u00fcr die Pflanzen, wobei der Topf in mehreren Gr\u00f6\u00dfen zu finden ist.<\/p>\n<h2>Sofia 2 die schlanke Vase als Blumenk\u00fcbel fiberglas<\/h2>\n<p>Bei dem Produkt Sofia 2 handelt es sich um einen schlichten aber dennoch eleganten Pflanzenk\u00fcbel. Das Produkt wird aus haltbarem Fiberglas gefertigt. Damit k\u00f6nnen alle Pflanzen in diesem Topf eingef\u00fcgt werden. Wird die gesamte Wohnung mit dem Blumentopf ausgestattet, dann wird Ruhe in die Wohnung kommen. Die T\u00f6pfe sind schlicht gehalten und werden keine bunten und grellen Farben in die Wohnung bringen. Dennoch passen sie zu mehreren Wohnkonzepten.<\/p>\n<h2>Die filigrane Blumenk\u00fcbel fiberglas anthrazit<\/h2>\n<p>Das Material ist bekannt f\u00fcr seine Robustheit und verspricht Langlebigkeit. Das Gesamtgewicht des K\u00fcbels betr\u00e4gt 12 Kilo. Dadurch ist er nicht zu schwer und kann je nach Belieben positioniert und verschoben werden. Mit einem Durchmesser von 55 cm und einer H\u00f6he von 76 cm fasst das Modell ein Volumen von bis zu 130 Litern und bietet demnach gen\u00fcgend Platz f\u00fcr gr\u00f6\u00dfere Pflanzen. Der Pflanzenk\u00fcbel ist in einer Vielzahl von Farben erh\u00e4ltlich \u2013 ab einer Bestellmenge von vier St\u00fcck k\u00f6nnen Farben zudem individuell gestaltet werden.<\/p>\n<\/div>\n<\/div>\n<\/div>\n<\/div>\n","protected":false},"excerpt":{"rendered":"<p>Material : Fiberglas<br \/>\nFarben: RAL 9010,9016,7045,7012,7021,9005<br \/>\nAndere RAL Farben Mindestabnahme 5 St\u00fcck<br \/>\nUV-resistent<br \/>\n<strong>Ausf\u00fchrung<\/strong><strong>: nur in Hochglanz<\/strong><br \/>\nGewicht :12kg<br \/>\nAbmessungen \u2205550mm H760mm<br \/>\nWetterfest<br \/>\nFrostbest\u00e4ndig bei gew\u00e4hrleistetem Wasserablauf<\/p>\n","protected":false},"featured_media":52500,"template":"","meta":{"_acf_changed":false},"product_brand":[],"product_cat":[396],"product_tag":[],"class_list":{"0":"post-53967","1":"product","2":"type-product","3":"status-publish","4":"has-post-thumbnail","6":"product_cat-pflanzkubel-fiberglas","7":"description-off","8":"tm-has-options","10":"first","11":"instock","12":"shipping-taxable","13":"purchasable","14":"product-type-simple"},"acf":[],"yoast_head":"<!-- This site is optimized with the Yoast SEO plugin v27.5 - https:\/\/yoast.com\/product\/yoast-seo-wordpress\/ -->\n<title>Blumenk\u00fcbel fiberglas Sofia2 | World of Flowerpots - producent donic ozdobnych<\/title>\n<meta name=\"robots\" content=\"index, follow, max-snippet:-1, max-image-preview:large, max-video-preview:-1\" \/>\n<link rel=\"canonical\" href=\"https:\/\/worldofflowerpots.com\/sklep\/blumenkubel-fiberglas-sofia2\/\" \/>\n<meta property=\"og:locale\" content=\"de_DE\" \/>\n<meta property=\"og:type\" content=\"article\" \/>\n<meta property=\"og:title\" content=\"Blumenk\u00fcbel fiberglas Sofia2 | World of Flowerpots - producent donic ozdobnych\" \/>\n<meta property=\"og:description\" content=\"Material : Fiberglas Farben: RAL 9010,9016,7045,7012,7021,9005 Andere RAL Farben Mindestabnahme 5 St\u00fcck UV-resistent Ausf\u00fchrung: nur in Hochglanz Gewicht :12kg Abmessungen \u2205550mm H760mm Wetterfest Frostbest\u00e4ndig bei gew\u00e4hrleistetem Wasserablauf\" \/>\n<meta property=\"og:url\" content=\"https:\/\/worldofflowerpots.com\/sklep\/blumenkubel-fiberglas-sofia2\/\" \/>\n<meta property=\"og:site_name\" content=\"World of Flowerpots\" \/>\n<meta property=\"og:image\" content=\"https:\/\/worldofflowerpots.com\/wp-content\/uploads\/2019\/01\/Donica-plastikowa-Sofia-2-z-wlokna-szklanego-na-taras.jpg\" \/>\n\t<meta property=\"og:image:width\" content=\"1920\" \/>\n\t<meta property=\"og:image:height\" content=\"1080\" \/>\n\t<meta property=\"og:image:type\" content=\"image\/jpeg\" \/>\n<meta name=\"twitter:card\" content=\"summary_large_image\" \/>\n<meta name=\"twitter:label1\" content=\"Est. reading time\" \/>\n\t<meta name=\"twitter:data1\" content=\"1 minute\" \/>\n<script type=\"application\/ld+json\" class=\"yoast-schema-graph\">{\"@context\":\"https:\\\/\\\/schema.org\",\"@graph\":[{\"@type\":\"WebPage\",\"@id\":\"https:\\\/\\\/worldofflowerpots.com\\\/sklep\\\/blumenkubel-fiberglas-sofia2\\\/\",\"url\":\"https:\\\/\\\/worldofflowerpots.com\\\/sklep\\\/blumenkubel-fiberglas-sofia2\\\/\",\"name\":\"Blumenk\u00fcbel fiberglas Sofia2 | World of Flowerpots - producent donic ozdobnych\",\"isPartOf\":{\"@id\":\"https:\\\/\\\/worldofflowerpots.com\\\/#website\"},\"primaryImageOfPage\":{\"@id\":\"https:\\\/\\\/worldofflowerpots.com\\\/sklep\\\/blumenkubel-fiberglas-sofia2\\\/#primaryimage\"},\"image\":{\"@id\":\"https:\\\/\\\/worldofflowerpots.com\\\/sklep\\\/blumenkubel-fiberglas-sofia2\\\/#primaryimage\"},\"thumbnailUrl\":\"https:\\\/\\\/worldofflowerpots.com\\\/wp-content\\\/uploads\\\/2019\\\/01\\\/Donica-plastikowa-Sofia-2-z-wlokna-szklanego-na-taras.jpg\",\"datePublished\":\"2019-01-18T14:10:34+00:00\",\"breadcrumb\":{\"@id\":\"https:\\\/\\\/worldofflowerpots.com\\\/sklep\\\/blumenkubel-fiberglas-sofia2\\\/#breadcrumb\"},\"inLanguage\":\"de-AUT\",\"potentialAction\":[{\"@type\":\"ReadAction\",\"target\":[\"https:\\\/\\\/worldofflowerpots.com\\\/sklep\\\/blumenkubel-fiberglas-sofia2\\\/\"]}]},{\"@type\":\"ImageObject\",\"inLanguage\":\"de-AUT\",\"@id\":\"https:\\\/\\\/worldofflowerpots.com\\\/sklep\\\/blumenkubel-fiberglas-sofia2\\\/#primaryimage\",\"url\":\"https:\\\/\\\/worldofflowerpots.com\\\/wp-content\\\/uploads\\\/2019\\\/01\\\/Donica-plastikowa-Sofia-2-z-wlokna-szklanego-na-taras.jpg\",\"contentUrl\":\"https:\\\/\\\/worldofflowerpots.com\\\/wp-content\\\/uploads\\\/2019\\\/01\\\/Donica-plastikowa-Sofia-2-z-wlokna-szklanego-na-taras.jpg\",\"width\":1920,\"height\":1080},{\"@type\":\"BreadcrumbList\",\"@id\":\"https:\\\/\\\/worldofflowerpots.com\\\/sklep\\\/blumenkubel-fiberglas-sofia2\\\/#breadcrumb\",\"itemListElement\":[{\"@type\":\"ListItem\",\"position\":1,\"name\":\"Strona g\u0142\u00f3wna\",\"item\":\"https:\\\/\\\/worldofflowerpots.com\\\/home\\\/\"},{\"@type\":\"ListItem\",\"position\":2,\"name\":\"Shop\",\"item\":\"https:\\\/\\\/worldofflowerpots.com\\\/sortiment\\\/\"},{\"@type\":\"ListItem\",\"position\":3,\"name\":\"Blumenk\u00fcbel fiberglas Sofia2\"}]},{\"@type\":\"WebSite\",\"@id\":\"https:\\\/\\\/worldofflowerpots.com\\\/#website\",\"url\":\"https:\\\/\\\/worldofflowerpots.com\\\/\",\"name\":\"World of Flowerpots\",\"description\":\"producent donic ozdobnych\",\"potentialAction\":[{\"@type\":\"SearchAction\",\"target\":{\"@type\":\"EntryPoint\",\"urlTemplate\":\"https:\\\/\\\/worldofflowerpots.com\\\/?s={search_term_string}\"},\"query-input\":{\"@type\":\"PropertyValueSpecification\",\"valueRequired\":true,\"valueName\":\"search_term_string\"}}],\"inLanguage\":\"de-AUT\"}]}<\/script>\n<!-- \/ Yoast SEO plugin. -->","yoast_head_json":{"title":"Blumenk\u00fcbel fiberglas Sofia2 | World of Flowerpots - producent donic ozdobnych","robots":{"index":"index","follow":"follow","max-snippet":"max-snippet:-1","max-image-preview":"max-image-preview:large","max-video-preview":"max-video-preview:-1"},"canonical":"https:\/\/worldofflowerpots.com\/sklep\/blumenkubel-fiberglas-sofia2\/","og_locale":"de_DE","og_type":"article","og_title":"Blumenk\u00fcbel fiberglas Sofia2 | World of Flowerpots - producent donic ozdobnych","og_description":"Material : Fiberglas Farben: RAL 9010,9016,7045,7012,7021,9005 Andere RAL Farben Mindestabnahme 5 St\u00fcck UV-resistent Ausf\u00fchrung: nur in Hochglanz Gewicht :12kg Abmessungen \u2205550mm H760mm Wetterfest Frostbest\u00e4ndig bei gew\u00e4hrleistetem Wasserablauf","og_url":"https:\/\/worldofflowerpots.com\/sklep\/blumenkubel-fiberglas-sofia2\/","og_site_name":"World of Flowerpots","og_image":[{"width":1920,"height":1080,"url":"https:\/\/worldofflowerpots.com\/wp-content\/uploads\/2019\/01\/Donica-plastikowa-Sofia-2-z-wlokna-szklanego-na-taras.jpg","type":"image\/jpeg"}],"twitter_card":"summary_large_image","twitter_misc":{"Est. reading time":"1 minute"},"schema":{"@context":"https:\/\/schema.org","@graph":[{"@type":"WebPage","@id":"https:\/\/worldofflowerpots.com\/sklep\/blumenkubel-fiberglas-sofia2\/","url":"https:\/\/worldofflowerpots.com\/sklep\/blumenkubel-fiberglas-sofia2\/","name":"Blumenk\u00fcbel fiberglas Sofia2 | World of Flowerpots - producent donic ozdobnych","isPartOf":{"@id":"https:\/\/worldofflowerpots.com\/#website"},"primaryImageOfPage":{"@id":"https:\/\/worldofflowerpots.com\/sklep\/blumenkubel-fiberglas-sofia2\/#primaryimage"},"image":{"@id":"https:\/\/worldofflowerpots.com\/sklep\/blumenkubel-fiberglas-sofia2\/#primaryimage"},"thumbnailUrl":"https:\/\/worldofflowerpots.com\/wp-content\/uploads\/2019\/01\/Donica-plastikowa-Sofia-2-z-wlokna-szklanego-na-taras.jpg","datePublished":"2019-01-18T14:10:34+00:00","breadcrumb":{"@id":"https:\/\/worldofflowerpots.com\/sklep\/blumenkubel-fiberglas-sofia2\/#breadcrumb"},"inLanguage":"de-AUT","potentialAction":[{"@type":"ReadAction","target":["https:\/\/worldofflowerpots.com\/sklep\/blumenkubel-fiberglas-sofia2\/"]}]},{"@type":"ImageObject","inLanguage":"de-AUT","@id":"https:\/\/worldofflowerpots.com\/sklep\/blumenkubel-fiberglas-sofia2\/#primaryimage","url":"https:\/\/worldofflowerpots.com\/wp-content\/uploads\/2019\/01\/Donica-plastikowa-Sofia-2-z-wlokna-szklanego-na-taras.jpg","contentUrl":"https:\/\/worldofflowerpots.com\/wp-content\/uploads\/2019\/01\/Donica-plastikowa-Sofia-2-z-wlokna-szklanego-na-taras.jpg","width":1920,"height":1080},{"@type":"BreadcrumbList","@id":"https:\/\/worldofflowerpots.com\/sklep\/blumenkubel-fiberglas-sofia2\/#breadcrumb","itemListElement":[{"@type":"ListItem","position":1,"name":"Strona g\u0142\u00f3wna","item":"https:\/\/worldofflowerpots.com\/home\/"},{"@type":"ListItem","position":2,"name":"Shop","item":"https:\/\/worldofflowerpots.com\/sortiment\/"},{"@type":"ListItem","position":3,"name":"Blumenk\u00fcbel fiberglas Sofia2"}]},{"@type":"WebSite","@id":"https:\/\/worldofflowerpots.com\/#website","url":"https:\/\/worldofflowerpots.com\/","name":"World of Flowerpots","description":"producent donic ozdobnych","potentialAction":[{"@type":"SearchAction","target":{"@type":"EntryPoint","urlTemplate":"https:\/\/worldofflowerpots.com\/?s={search_term_string}"},"query-input":{"@type":"PropertyValueSpecification","valueRequired":true,"valueName":"search_term_string"}}],"inLanguage":"de-AUT"}]}},"_links":{"self":[{"href":"https:\/\/worldofflowerpots.com\/aut\/wp-json\/wp\/v2\/product\/53967","targetHints":{"allow":["GET"]}}],"collection":[{"href":"https:\/\/worldofflowerpots.com\/aut\/wp-json\/wp\/v2\/product"}],"about":[{"href":"https:\/\/worldofflowerpots.com\/aut\/wp-json\/wp\/v2\/types\/product"}],"wp:featuredmedia":[{"embeddable":true,"href":"https:\/\/worldofflowerpots.com\/aut\/wp-json\/wp\/v2\/media\/52500"}],"wp:attachment":[{"href":"https:\/\/worldofflowerpots.com\/aut\/wp-json\/wp\/v2\/media?parent=53967"}],"wp:term":[{"taxonomy":"product_brand","embeddable":true,"href":"https:\/\/worldofflowerpots.com\/aut\/wp-json\/wp\/v2\/product_brand?post=53967"},{"taxonomy":"product_cat","embeddable":true,"href":"https:\/\/worldofflowerpots.com\/aut\/wp-json\/wp\/v2\/product_cat?post=53967"},{"taxonomy":"product_tag","embeddable":true,"href":"https:\/\/worldofflowerpots.com\/aut\/wp-json\/wp\/v2\/product_tag?post=53967"}],"curies":[{"name":"wp","href":"https:\/\/api.w.org\/{rel}","templated":true}]}}