{"id":53968,"date":"2019-01-18T15:10:10","date_gmt":"2019-01-18T14:10:10","guid":{"rendered":"https:\/\/worldofflowerpots.com\/sklep\/pflanzgefasse-xxl-marco-13\/"},"modified":"2019-04-15T14:28:25","modified_gmt":"2019-04-15T12:28:25","slug":"pflanzgefasse-xxl-marco-13","status":"publish","type":"product","link":"https:\/\/worldofflowerpots.com\/aut\/sortiment\/pflanzgefasse-xxl-marco-13\/","title":{"rendered":"Pflanzgef\u00e4sse xxl Marco 13"},"content":{"rendered":"<h2>Marco 13 unsere gr\u00f6sste pflanzgef\u00e4sse xxl<\/h2>\n<p>Der Blumen kasten Marco 13 hat eine grosse Grundfl\u00e4che mit einer Seitenl\u00e4nge von jeweils 160 Zentimeter. Seine H\u00f6he betr\u00e4gt 50 Zentimeter. Wie die anderen Pflanzgef\u00e4sse xxl der Serie Marco auch, ist Marco 13 aus Fiberglas gefertigt. Obwohl dieses gro\u00dfe Gef\u00e4\u00df stolze 1.230 Liter Nutzinhalt fasst, hat er ein Eigengewicht von lediglich 36 Kilogramm, weil Fiberglas leichter als die meisten anderen Werkstoffe ist. Dazu hat es noch den Vorteil, dass es nicht korrodiert und witterungsbest\u00e4ndig ist.<\/p>\n<h2>Pflanzk\u00fcbel xxl als kleine garten<\/h2>\n<p>Der Blumen kasten Marco 13 wird in 10 unterschiedlichen Farben angeboten, die von Wei\u00df \u00fcber Grau, Blau, Gr\u00fcn und Rot bis zum dunklen Anthrazit reichen. Kunden, die mindestens 4 Pflanzgef\u00e4sse xxl bestellen, k\u00f6nnen die Farbe individuell gestalten. Der Pflanzenk\u00fcbel Marco 13 ist ein repr\u00e4sentatives Gef\u00e4\u00df, dass sich beispielsweise gut in der Lobby eines Hotels oder im Empfangsbereich einer Firma macht. Dank seiner gro\u00dfen Oberfl\u00e4che von mehr als 2,5 Quadratmetern k\u00f6nnen Kunden damit ein kleines St\u00fcck Natur mitten in den Innenbereich ihres Geb\u00e4udes holen.<\/p>\n<h2>Kleine garten in Geb\u00e4ude<\/h2>\n<p>Da Fiberglas ein \u00e4u\u00dferst widerstandsf\u00e4higer und robuster Werkstoff ist nutzen immer mehr Menschen diese Pflanzgef\u00e4sse xxl f\u00fcr ihren Garten. Dieser Stoff eignet sich bestens, um volumin\u00f6se Pflanzen und Str\u00e4ucher bestens unterzubringen. Fiberglas wurde bereits vor ca 100 Jahren zur Hausd\u00e4mmung verwendet. Seit ca 1950 wurde der Stoff immer weiter entwickelt und dient bis heute z.B. auch beim Flugzeugbau. Aufgrund der vielen positiven Eigenschaften des Materials hat sich auch bei der Herstellung von Pflanzk\u00fcbeln, Fiberglas als sehr n\u00fctzlich herausgestellt. Fiberglas ist wetterbest\u00e4ndig bei starkem Regen und auch bei hei\u00dfer UV Strahlung. Zudem ist das Material sehr leicht, sodass Sie ihren Pflanzk\u00fcbel xxl bequem und leicht an den Wunschort transportieren k\u00f6nnen. Fiberglas kann durch au\u00dfergew\u00f6hnliche Lackierungen noch zus\u00e4tzlich als Blickfang dienen. Die breitgef\u00e4cherte Kundschaft erfreut sich \u00fcberwiegend an dunkleren T\u00f6nen f\u00fcr die Pflanzk\u00fcbel xxl, gerne\u00a0 in Hochglanz. Sie verleihen edles Aussehen und h\u00fcbschen nicht nur die G\u00e4rten und Terrassen auf, sondern auch B\u00fcros oder Eingangsbereiche. Auch Blumen kasten mit einer seidenmatten Oberfl\u00e4che erfreuen sich immer mehr Beliebtheit. Da diese K\u00fcbel auch des \u00d6fteren im Innenbereich verwendet werden, m\u00fcssen noch Ablaufl\u00f6cher gebohrt werden, damit keine Staun\u00e4sse entsteht. Bei der Herstellung wird genaustens darauf geachtet das keinerlei Steingemische hinzugef\u00fcgt werden. Dadurch werden Sie lange Freude an ihren K\u00fcbeln haben.<\/p>\n","protected":false},"excerpt":{"rendered":"<p>Material : Fiberglas<br \/>\nFarben: RAL 9010,9016,7045,7012,7021,9005<br \/>\nAndere RAL Farben Mindestabnahme 5 St\u00fcck<br \/>\nUV-resistent Isoliert mit Styropor<br \/>\nGewicht :35kg<br \/>\nAbmessungen B1600mm H500mm L1600mm<br \/>\nWetterfest<br \/>\nFrostbest\u00e4ndig bei gew\u00e4hrleistetem Wasserablauf<\/p>\n","protected":false},"featured_media":59157,"template":"","meta":{"_acf_changed":false},"product_brand":[],"product_cat":[396],"product_tag":[],"class_list":{"0":"post-53968","1":"product","2":"type-product","3":"status-publish","4":"has-post-thumbnail","6":"product_cat-pflanzkubel-fiberglas","7":"description-off","8":"tm-has-options","10":"first","11":"instock","12":"shipping-taxable","13":"purchasable","14":"product-type-simple"},"acf":[],"yoast_head":"<!-- This site is optimized with the Yoast SEO plugin v27.5 - https:\/\/yoast.com\/product\/yoast-seo-wordpress\/ -->\n<title>Pflanzgef\u00e4sse xxl Marco 13 | World of Flowerpots - producent donic ozdobnych<\/title>\n<meta name=\"robots\" content=\"index, follow, max-snippet:-1, max-image-preview:large, max-video-preview:-1\" \/>\n<link rel=\"canonical\" href=\"https:\/\/worldofflowerpots.com\/sklep\/pflanzgefasse-xxl-marco-13\/\" \/>\n<meta property=\"og:locale\" content=\"de_DE\" \/>\n<meta property=\"og:type\" content=\"article\" \/>\n<meta property=\"og:title\" content=\"Pflanzgef\u00e4sse xxl Marco 13 | World of Flowerpots - producent donic ozdobnych\" \/>\n<meta property=\"og:description\" content=\"Material : Fiberglas Farben: RAL 9010,9016,7045,7012,7021,9005 Andere RAL Farben Mindestabnahme 5 St\u00fcck UV-resistent Isoliert mit Styropor Gewicht :35kg Abmessungen B1600mm H500mm L1600mm Wetterfest Frostbest\u00e4ndig bei gew\u00e4hrleistetem Wasserablauf\" \/>\n<meta property=\"og:url\" content=\"https:\/\/worldofflowerpots.com\/sklep\/pflanzgefasse-xxl-marco-13\/\" \/>\n<meta property=\"og:site_name\" content=\"World of Flowerpots\" \/>\n<meta property=\"article:modified_time\" content=\"2019-04-15T12:28:25+00:00\" \/>\n<meta property=\"og:image\" content=\"https:\/\/worldofflowerpots.com\/wp-content\/uploads\/2019\/01\/pflanzgef\u00e4sse-xxl-Marco-13.jpg\" \/>\n\t<meta property=\"og:image:width\" content=\"1920\" \/>\n\t<meta property=\"og:image:height\" content=\"1080\" \/>\n\t<meta property=\"og:image:type\" content=\"image\/jpeg\" \/>\n<meta name=\"twitter:card\" content=\"summary_large_image\" \/>\n<meta name=\"twitter:label1\" content=\"Est. reading time\" \/>\n\t<meta name=\"twitter:data1\" content=\"2 minutes\" \/>\n<script type=\"application\/ld+json\" class=\"yoast-schema-graph\">{\"@context\":\"https:\\\/\\\/schema.org\",\"@graph\":[{\"@type\":\"WebPage\",\"@id\":\"https:\\\/\\\/worldofflowerpots.com\\\/sklep\\\/pflanzgefasse-xxl-marco-13\\\/\",\"url\":\"https:\\\/\\\/worldofflowerpots.com\\\/sklep\\\/pflanzgefasse-xxl-marco-13\\\/\",\"name\":\"Pflanzgef\u00e4sse xxl Marco 13 | World of Flowerpots - producent donic ozdobnych\",\"isPartOf\":{\"@id\":\"https:\\\/\\\/worldofflowerpots.com\\\/#website\"},\"primaryImageOfPage\":{\"@id\":\"https:\\\/\\\/worldofflowerpots.com\\\/sklep\\\/pflanzgefasse-xxl-marco-13\\\/#primaryimage\"},\"image\":{\"@id\":\"https:\\\/\\\/worldofflowerpots.com\\\/sklep\\\/pflanzgefasse-xxl-marco-13\\\/#primaryimage\"},\"thumbnailUrl\":\"https:\\\/\\\/worldofflowerpots.com\\\/wp-content\\\/uploads\\\/2019\\\/01\\\/pflanzgef\u00e4sse-xxl-Marco-13.jpg\",\"datePublished\":\"2019-01-18T14:10:10+00:00\",\"dateModified\":\"2019-04-15T12:28:25+00:00\",\"breadcrumb\":{\"@id\":\"https:\\\/\\\/worldofflowerpots.com\\\/sklep\\\/pflanzgefasse-xxl-marco-13\\\/#breadcrumb\"},\"inLanguage\":\"de-AUT\",\"potentialAction\":[{\"@type\":\"ReadAction\",\"target\":[\"https:\\\/\\\/worldofflowerpots.com\\\/sklep\\\/pflanzgefasse-xxl-marco-13\\\/\"]}]},{\"@type\":\"ImageObject\",\"inLanguage\":\"de-AUT\",\"@id\":\"https:\\\/\\\/worldofflowerpots.com\\\/sklep\\\/pflanzgefasse-xxl-marco-13\\\/#primaryimage\",\"url\":\"https:\\\/\\\/worldofflowerpots.com\\\/wp-content\\\/uploads\\\/2019\\\/01\\\/pflanzgef\u00e4sse-xxl-Marco-13.jpg\",\"contentUrl\":\"https:\\\/\\\/worldofflowerpots.com\\\/wp-content\\\/uploads\\\/2019\\\/01\\\/pflanzgef\u00e4sse-xxl-Marco-13.jpg\",\"width\":1920,\"height\":1080},{\"@type\":\"BreadcrumbList\",\"@id\":\"https:\\\/\\\/worldofflowerpots.com\\\/sklep\\\/pflanzgefasse-xxl-marco-13\\\/#breadcrumb\",\"itemListElement\":[{\"@type\":\"ListItem\",\"position\":1,\"name\":\"Strona g\u0142\u00f3wna\",\"item\":\"https:\\\/\\\/worldofflowerpots.com\\\/home\\\/\"},{\"@type\":\"ListItem\",\"position\":2,\"name\":\"Shop\",\"item\":\"https:\\\/\\\/worldofflowerpots.com\\\/sortiment\\\/\"},{\"@type\":\"ListItem\",\"position\":3,\"name\":\"Pflanzgef\u00e4sse xxl Marco 13\"}]},{\"@type\":\"WebSite\",\"@id\":\"https:\\\/\\\/worldofflowerpots.com\\\/#website\",\"url\":\"https:\\\/\\\/worldofflowerpots.com\\\/\",\"name\":\"World of Flowerpots\",\"description\":\"producent donic ozdobnych\",\"potentialAction\":[{\"@type\":\"SearchAction\",\"target\":{\"@type\":\"EntryPoint\",\"urlTemplate\":\"https:\\\/\\\/worldofflowerpots.com\\\/?s={search_term_string}\"},\"query-input\":{\"@type\":\"PropertyValueSpecification\",\"valueRequired\":true,\"valueName\":\"search_term_string\"}}],\"inLanguage\":\"de-AUT\"}]}<\/script>\n<!-- \/ Yoast SEO plugin. -->","yoast_head_json":{"title":"Pflanzgef\u00e4sse xxl Marco 13 | World of Flowerpots - producent donic ozdobnych","robots":{"index":"index","follow":"follow","max-snippet":"max-snippet:-1","max-image-preview":"max-image-preview:large","max-video-preview":"max-video-preview:-1"},"canonical":"https:\/\/worldofflowerpots.com\/sklep\/pflanzgefasse-xxl-marco-13\/","og_locale":"de_DE","og_type":"article","og_title":"Pflanzgef\u00e4sse xxl Marco 13 | World of Flowerpots - producent donic ozdobnych","og_description":"Material : Fiberglas Farben: RAL 9010,9016,7045,7012,7021,9005 Andere RAL Farben Mindestabnahme 5 St\u00fcck UV-resistent Isoliert mit Styropor Gewicht :35kg Abmessungen B1600mm H500mm L1600mm Wetterfest Frostbest\u00e4ndig bei gew\u00e4hrleistetem Wasserablauf","og_url":"https:\/\/worldofflowerpots.com\/sklep\/pflanzgefasse-xxl-marco-13\/","og_site_name":"World of Flowerpots","article_modified_time":"2019-04-15T12:28:25+00:00","og_image":[{"width":1920,"height":1080,"url":"https:\/\/worldofflowerpots.com\/wp-content\/uploads\/2019\/01\/pflanzgef\u00e4sse-xxl-Marco-13.jpg","type":"image\/jpeg"}],"twitter_card":"summary_large_image","twitter_misc":{"Est. reading time":"2 minutes"},"schema":{"@context":"https:\/\/schema.org","@graph":[{"@type":"WebPage","@id":"https:\/\/worldofflowerpots.com\/sklep\/pflanzgefasse-xxl-marco-13\/","url":"https:\/\/worldofflowerpots.com\/sklep\/pflanzgefasse-xxl-marco-13\/","name":"Pflanzgef\u00e4sse xxl Marco 13 | World of Flowerpots - producent donic ozdobnych","isPartOf":{"@id":"https:\/\/worldofflowerpots.com\/#website"},"primaryImageOfPage":{"@id":"https:\/\/worldofflowerpots.com\/sklep\/pflanzgefasse-xxl-marco-13\/#primaryimage"},"image":{"@id":"https:\/\/worldofflowerpots.com\/sklep\/pflanzgefasse-xxl-marco-13\/#primaryimage"},"thumbnailUrl":"https:\/\/worldofflowerpots.com\/wp-content\/uploads\/2019\/01\/pflanzgef\u00e4sse-xxl-Marco-13.jpg","datePublished":"2019-01-18T14:10:10+00:00","dateModified":"2019-04-15T12:28:25+00:00","breadcrumb":{"@id":"https:\/\/worldofflowerpots.com\/sklep\/pflanzgefasse-xxl-marco-13\/#breadcrumb"},"inLanguage":"de-AUT","potentialAction":[{"@type":"ReadAction","target":["https:\/\/worldofflowerpots.com\/sklep\/pflanzgefasse-xxl-marco-13\/"]}]},{"@type":"ImageObject","inLanguage":"de-AUT","@id":"https:\/\/worldofflowerpots.com\/sklep\/pflanzgefasse-xxl-marco-13\/#primaryimage","url":"https:\/\/worldofflowerpots.com\/wp-content\/uploads\/2019\/01\/pflanzgef\u00e4sse-xxl-Marco-13.jpg","contentUrl":"https:\/\/worldofflowerpots.com\/wp-content\/uploads\/2019\/01\/pflanzgef\u00e4sse-xxl-Marco-13.jpg","width":1920,"height":1080},{"@type":"BreadcrumbList","@id":"https:\/\/worldofflowerpots.com\/sklep\/pflanzgefasse-xxl-marco-13\/#breadcrumb","itemListElement":[{"@type":"ListItem","position":1,"name":"Strona g\u0142\u00f3wna","item":"https:\/\/worldofflowerpots.com\/home\/"},{"@type":"ListItem","position":2,"name":"Shop","item":"https:\/\/worldofflowerpots.com\/sortiment\/"},{"@type":"ListItem","position":3,"name":"Pflanzgef\u00e4sse xxl Marco 13"}]},{"@type":"WebSite","@id":"https:\/\/worldofflowerpots.com\/#website","url":"https:\/\/worldofflowerpots.com\/","name":"World of Flowerpots","description":"producent donic ozdobnych","potentialAction":[{"@type":"SearchAction","target":{"@type":"EntryPoint","urlTemplate":"https:\/\/worldofflowerpots.com\/?s={search_term_string}"},"query-input":{"@type":"PropertyValueSpecification","valueRequired":true,"valueName":"search_term_string"}}],"inLanguage":"de-AUT"}]}},"_links":{"self":[{"href":"https:\/\/worldofflowerpots.com\/aut\/wp-json\/wp\/v2\/product\/53968","targetHints":{"allow":["GET"]}}],"collection":[{"href":"https:\/\/worldofflowerpots.com\/aut\/wp-json\/wp\/v2\/product"}],"about":[{"href":"https:\/\/worldofflowerpots.com\/aut\/wp-json\/wp\/v2\/types\/product"}],"wp:featuredmedia":[{"embeddable":true,"href":"https:\/\/worldofflowerpots.com\/aut\/wp-json\/wp\/v2\/media\/59157"}],"wp:attachment":[{"href":"https:\/\/worldofflowerpots.com\/aut\/wp-json\/wp\/v2\/media?parent=53968"}],"wp:term":[{"taxonomy":"product_brand","embeddable":true,"href":"https:\/\/worldofflowerpots.com\/aut\/wp-json\/wp\/v2\/product_brand?post=53968"},{"taxonomy":"product_cat","embeddable":true,"href":"https:\/\/worldofflowerpots.com\/aut\/wp-json\/wp\/v2\/product_cat?post=53968"},{"taxonomy":"product_tag","embeddable":true,"href":"https:\/\/worldofflowerpots.com\/aut\/wp-json\/wp\/v2\/product_tag?post=53968"}],"curies":[{"name":"wp","href":"https:\/\/api.w.org\/{rel}","templated":true}]}}