{"id":53969,"date":"2019-01-18T15:10:10","date_gmt":"2019-01-18T14:10:10","guid":{"rendered":"https:\/\/worldofflowerpots.com\/sklep\/pflanzgefase-ausenbereich-xxl-marco-12\/"},"modified":"2019-04-15T14:40:04","modified_gmt":"2019-04-15T12:40:04","slug":"pflanzgefase-ausenbereich-xxl-marco-12","status":"publish","type":"product","link":"https:\/\/worldofflowerpots.com\/aut\/sortiment\/pflanzgefase-ausenbereich-xxl-marco-12\/","title":{"rendered":"Pflanzgef\u00e4\u00dfe Au\u00dfenbereich XXL Marco 12"},"content":{"rendered":"<h2>Handgemachte Marco 12 in XXL format<\/h2>\n<p>Unter den zahlreichen Pflanzgef\u00e4\u00dfe au\u00dfenbereich xxl von World Of Flowerpots ragt der Blumen kasten Marco 12 besonders heraus. Der Blumenk\u00fcbel wurde in der Gestalt eines W\u00fcrfels designed, dessen Kanten jeweils 120 Zentimeter lang sind. Seine H\u00f6he betr\u00e4gt ebenfalls 120 Zentimeter. Darin finden bis zu 1.670 Liter Erde oder Substrat Platz. Da der Pflanzenk\u00fcbel wie alle Gef\u00e4\u00dfe der Reihe Marco aus Fiberglas gefertigt ist, hat er ein vergleichsweises geringes Eigengewicht von 48 Kilogramm.<\/p>\n<h2>Marco 12 Pflanzk\u00fcbel xxl unsere gr\u00f6sste W\u00fcrfel<\/h2>\n<p>Ebenso wie bei den anderen Pflanzgef\u00e4\u00dfe au\u00dfenbereich xxl Serie Marco hat der Kunde auch bei Marco 12 die Wahl zwischen verschiedenen Farben, in denen das Fiberglas gehalten ist. Das Spektrum reicht dabei von Wei\u00df \u00fcber Grau und Blau bis hin zu Anthrazit, einer besonders popul\u00e4ren Farbe. Wenn der Kunde mindestens 4 Pflanzenk\u00fcbel bestellt, hat er die M\u00f6glichkeit, die Farbe individuell zu gestalten. Das ist ein gro\u00dfer Vorteil, da sich damit der Blumen kasten Marco 12 harmonisch in seine Umgebung einf\u00fcgen kann und zu einem Blickfang wird.<\/p>\n<h2>F\u00fcr die welche extrem grosse Blumenk\u00fcbel suchen<\/h2>\n<p>Wer elegantes Design auf seiner Terrasse oder auch seinem Balkon m\u00f6chte, der greift immer h\u00e4ufiger auf Pflanzk\u00fcbel xxl in Fiberglas \u2013 Qualit\u00e4t zur\u00fcck. Sie sind extrem robust und widerstandsf\u00e4hig. Ihnen machen starke Temperaturschwankungen nichts aus, sodass man sie in der prallen Sonne stehen lassen kann ebenso wie bei Minusgraden. Bedenken Sie das lediglich Ablaufl\u00f6cher f\u00fcr das Wasser gebohrt werden m\u00fcssen, damit keine Staun\u00e4sse entsteht. Besonders das Fiberglas -Material welches hochgl\u00e4nzend poliert wurde erfreut sich immer mehr K\u00e4ufer zu gewinnen. Aber nicht nur f\u00fcr den Au\u00dfenbereich werden die Pflanzenk\u00fcbel genutzt. Auch f\u00fcr Innenr\u00e4ume wie z.B. B\u00fcros oder Dielen sind diese au\u00dfergew\u00f6hnlichen Beh\u00e4lter ein Blickfang. Sie sind komplett wetterfest und verf\u00fcgen \u00fcber zus\u00e4tzliche Glasfasermatten, welche die K\u00fcbel leichter machen. So k\u00f6nnen Sie ihre Pflanzen bequem zu der beliebigen Stelle r\u00fccken. Sie sind unter besonders hoher Qualit\u00e4t hergestellt und verf\u00fcgen \u00fcber keinerlei Beigemische von Steinen. So wird sichergestellt, dass auch bei kalten Temperaturen kein Wasser an den K\u00fcbelw\u00e4nden bersten kann. Im Moment sind eher die dunklen T\u00f6ne die perfekte Akzente setzen und durch ihr Design in alles Gr\u00f6\u00dfen \u00fcberzeugen. Auch die gr\u00f6\u00dften Pflanzk\u00fcbel sind immer noch leicht zu h\u00e4ndeln und nicht so schwer wie andere Blumen kasten in einem wesentlich kleinerem Format. Alle wurden handgefertigt und verf\u00fcgen \u00fcber eine Garantie von zwei Jahren.<\/p>\n","protected":false},"excerpt":{"rendered":"<p>Material : Fiberglas<br \/>\nFarben: RAL 9010,9016,7045,7012,7021,9005<br \/>\nAndere RAL Farben Mindestabnahme 5 St\u00fcck<br \/>\nUV-resistent Isoliert mit Styropor<br \/>\nGewicht :42kg<br \/>\nAbmessungen B1200mm H1200mm L1200mm<br \/>\nWetterfest<br \/>\nFrostbest\u00e4ndig bei gew\u00e4hrleistetem Wasserablauf<\/p>\n","protected":false},"featured_media":59167,"template":"","meta":{"_acf_changed":false},"product_brand":[],"product_cat":[396],"product_tag":[],"class_list":{"0":"post-53969","1":"product","2":"type-product","3":"status-publish","4":"has-post-thumbnail","6":"product_cat-pflanzkubel-fiberglas","7":"description-off","8":"tm-has-options","10":"first","11":"instock","12":"shipping-taxable","13":"purchasable","14":"product-type-simple"},"acf":[],"yoast_head":"<!-- This site is optimized with the Yoast SEO plugin v27.5 - https:\/\/yoast.com\/product\/yoast-seo-wordpress\/ -->\n<title>Pflanzgef\u00e4\u00dfe Au\u00dfenbereich XXL Marco 12 | World of Flowerpots - producent donic ozdobnych<\/title>\n<meta name=\"robots\" content=\"index, follow, max-snippet:-1, max-image-preview:large, max-video-preview:-1\" \/>\n<link rel=\"canonical\" href=\"https:\/\/worldofflowerpots.com\/sklep\/pflanzgefase-ausenbereich-xxl-marco-12\/\" \/>\n<meta property=\"og:locale\" content=\"de_DE\" \/>\n<meta property=\"og:type\" content=\"article\" \/>\n<meta property=\"og:title\" content=\"Pflanzgef\u00e4\u00dfe Au\u00dfenbereich XXL Marco 12 | World of Flowerpots - producent donic ozdobnych\" \/>\n<meta property=\"og:description\" content=\"Material : Fiberglas Farben: RAL 9010,9016,7045,7012,7021,9005 Andere RAL Farben Mindestabnahme 5 St\u00fcck UV-resistent Isoliert mit Styropor Gewicht :42kg Abmessungen B1200mm H1200mm L1200mm Wetterfest Frostbest\u00e4ndig bei gew\u00e4hrleistetem Wasserablauf\" \/>\n<meta property=\"og:url\" content=\"https:\/\/worldofflowerpots.com\/sklep\/pflanzgefase-ausenbereich-xxl-marco-12\/\" \/>\n<meta property=\"og:site_name\" content=\"World of Flowerpots\" \/>\n<meta property=\"article:modified_time\" content=\"2019-04-15T12:40:04+00:00\" \/>\n<meta property=\"og:image\" content=\"https:\/\/worldofflowerpots.com\/wp-content\/uploads\/2019\/01\/pflanzgef\u00e4\u00dfe-au\u00dfenbereich-xxl-Marco-12.jpg\" \/>\n\t<meta property=\"og:image:width\" content=\"1920\" \/>\n\t<meta property=\"og:image:height\" content=\"1080\" \/>\n\t<meta property=\"og:image:type\" content=\"image\/jpeg\" \/>\n<meta name=\"twitter:card\" content=\"summary_large_image\" \/>\n<meta name=\"twitter:label1\" content=\"Est. reading time\" \/>\n\t<meta name=\"twitter:data1\" content=\"2 minutes\" \/>\n<script type=\"application\/ld+json\" class=\"yoast-schema-graph\">{\"@context\":\"https:\\\/\\\/schema.org\",\"@graph\":[{\"@type\":\"WebPage\",\"@id\":\"https:\\\/\\\/worldofflowerpots.com\\\/sklep\\\/pflanzgefase-ausenbereich-xxl-marco-12\\\/\",\"url\":\"https:\\\/\\\/worldofflowerpots.com\\\/sklep\\\/pflanzgefase-ausenbereich-xxl-marco-12\\\/\",\"name\":\"Pflanzgef\u00e4\u00dfe Au\u00dfenbereich XXL Marco 12 | World of Flowerpots - producent donic ozdobnych\",\"isPartOf\":{\"@id\":\"https:\\\/\\\/worldofflowerpots.com\\\/#website\"},\"primaryImageOfPage\":{\"@id\":\"https:\\\/\\\/worldofflowerpots.com\\\/sklep\\\/pflanzgefase-ausenbereich-xxl-marco-12\\\/#primaryimage\"},\"image\":{\"@id\":\"https:\\\/\\\/worldofflowerpots.com\\\/sklep\\\/pflanzgefase-ausenbereich-xxl-marco-12\\\/#primaryimage\"},\"thumbnailUrl\":\"https:\\\/\\\/worldofflowerpots.com\\\/wp-content\\\/uploads\\\/2019\\\/01\\\/pflanzgef\u00e4\u00dfe-au\u00dfenbereich-xxl-Marco-12.jpg\",\"datePublished\":\"2019-01-18T14:10:10+00:00\",\"dateModified\":\"2019-04-15T12:40:04+00:00\",\"breadcrumb\":{\"@id\":\"https:\\\/\\\/worldofflowerpots.com\\\/sklep\\\/pflanzgefase-ausenbereich-xxl-marco-12\\\/#breadcrumb\"},\"inLanguage\":\"de-AUT\",\"potentialAction\":[{\"@type\":\"ReadAction\",\"target\":[\"https:\\\/\\\/worldofflowerpots.com\\\/sklep\\\/pflanzgefase-ausenbereich-xxl-marco-12\\\/\"]}]},{\"@type\":\"ImageObject\",\"inLanguage\":\"de-AUT\",\"@id\":\"https:\\\/\\\/worldofflowerpots.com\\\/sklep\\\/pflanzgefase-ausenbereich-xxl-marco-12\\\/#primaryimage\",\"url\":\"https:\\\/\\\/worldofflowerpots.com\\\/wp-content\\\/uploads\\\/2019\\\/01\\\/pflanzgef\u00e4\u00dfe-au\u00dfenbereich-xxl-Marco-12.jpg\",\"contentUrl\":\"https:\\\/\\\/worldofflowerpots.com\\\/wp-content\\\/uploads\\\/2019\\\/01\\\/pflanzgef\u00e4\u00dfe-au\u00dfenbereich-xxl-Marco-12.jpg\",\"width\":1920,\"height\":1080},{\"@type\":\"BreadcrumbList\",\"@id\":\"https:\\\/\\\/worldofflowerpots.com\\\/sklep\\\/pflanzgefase-ausenbereich-xxl-marco-12\\\/#breadcrumb\",\"itemListElement\":[{\"@type\":\"ListItem\",\"position\":1,\"name\":\"Strona g\u0142\u00f3wna\",\"item\":\"https:\\\/\\\/worldofflowerpots.com\\\/home\\\/\"},{\"@type\":\"ListItem\",\"position\":2,\"name\":\"Shop\",\"item\":\"https:\\\/\\\/worldofflowerpots.com\\\/sortiment\\\/\"},{\"@type\":\"ListItem\",\"position\":3,\"name\":\"Pflanzgef\u00e4\u00dfe Au\u00dfenbereich XXL Marco 12\"}]},{\"@type\":\"WebSite\",\"@id\":\"https:\\\/\\\/worldofflowerpots.com\\\/#website\",\"url\":\"https:\\\/\\\/worldofflowerpots.com\\\/\",\"name\":\"World of Flowerpots\",\"description\":\"producent donic ozdobnych\",\"potentialAction\":[{\"@type\":\"SearchAction\",\"target\":{\"@type\":\"EntryPoint\",\"urlTemplate\":\"https:\\\/\\\/worldofflowerpots.com\\\/?s={search_term_string}\"},\"query-input\":{\"@type\":\"PropertyValueSpecification\",\"valueRequired\":true,\"valueName\":\"search_term_string\"}}],\"inLanguage\":\"de-AUT\"}]}<\/script>\n<!-- \/ Yoast SEO plugin. -->","yoast_head_json":{"title":"Pflanzgef\u00e4\u00dfe Au\u00dfenbereich XXL Marco 12 | World of Flowerpots - producent donic ozdobnych","robots":{"index":"index","follow":"follow","max-snippet":"max-snippet:-1","max-image-preview":"max-image-preview:large","max-video-preview":"max-video-preview:-1"},"canonical":"https:\/\/worldofflowerpots.com\/sklep\/pflanzgefase-ausenbereich-xxl-marco-12\/","og_locale":"de_DE","og_type":"article","og_title":"Pflanzgef\u00e4\u00dfe Au\u00dfenbereich XXL Marco 12 | World of Flowerpots - producent donic ozdobnych","og_description":"Material : Fiberglas Farben: RAL 9010,9016,7045,7012,7021,9005 Andere RAL Farben Mindestabnahme 5 St\u00fcck UV-resistent Isoliert mit Styropor Gewicht :42kg Abmessungen B1200mm H1200mm L1200mm Wetterfest Frostbest\u00e4ndig bei gew\u00e4hrleistetem Wasserablauf","og_url":"https:\/\/worldofflowerpots.com\/sklep\/pflanzgefase-ausenbereich-xxl-marco-12\/","og_site_name":"World of Flowerpots","article_modified_time":"2019-04-15T12:40:04+00:00","og_image":[{"width":1920,"height":1080,"url":"https:\/\/worldofflowerpots.com\/wp-content\/uploads\/2019\/01\/pflanzgef\u00e4\u00dfe-au\u00dfenbereich-xxl-Marco-12.jpg","type":"image\/jpeg"}],"twitter_card":"summary_large_image","twitter_misc":{"Est. reading time":"2 minutes"},"schema":{"@context":"https:\/\/schema.org","@graph":[{"@type":"WebPage","@id":"https:\/\/worldofflowerpots.com\/sklep\/pflanzgefase-ausenbereich-xxl-marco-12\/","url":"https:\/\/worldofflowerpots.com\/sklep\/pflanzgefase-ausenbereich-xxl-marco-12\/","name":"Pflanzgef\u00e4\u00dfe Au\u00dfenbereich XXL Marco 12 | World of Flowerpots - producent donic ozdobnych","isPartOf":{"@id":"https:\/\/worldofflowerpots.com\/#website"},"primaryImageOfPage":{"@id":"https:\/\/worldofflowerpots.com\/sklep\/pflanzgefase-ausenbereich-xxl-marco-12\/#primaryimage"},"image":{"@id":"https:\/\/worldofflowerpots.com\/sklep\/pflanzgefase-ausenbereich-xxl-marco-12\/#primaryimage"},"thumbnailUrl":"https:\/\/worldofflowerpots.com\/wp-content\/uploads\/2019\/01\/pflanzgef\u00e4\u00dfe-au\u00dfenbereich-xxl-Marco-12.jpg","datePublished":"2019-01-18T14:10:10+00:00","dateModified":"2019-04-15T12:40:04+00:00","breadcrumb":{"@id":"https:\/\/worldofflowerpots.com\/sklep\/pflanzgefase-ausenbereich-xxl-marco-12\/#breadcrumb"},"inLanguage":"de-AUT","potentialAction":[{"@type":"ReadAction","target":["https:\/\/worldofflowerpots.com\/sklep\/pflanzgefase-ausenbereich-xxl-marco-12\/"]}]},{"@type":"ImageObject","inLanguage":"de-AUT","@id":"https:\/\/worldofflowerpots.com\/sklep\/pflanzgefase-ausenbereich-xxl-marco-12\/#primaryimage","url":"https:\/\/worldofflowerpots.com\/wp-content\/uploads\/2019\/01\/pflanzgef\u00e4\u00dfe-au\u00dfenbereich-xxl-Marco-12.jpg","contentUrl":"https:\/\/worldofflowerpots.com\/wp-content\/uploads\/2019\/01\/pflanzgef\u00e4\u00dfe-au\u00dfenbereich-xxl-Marco-12.jpg","width":1920,"height":1080},{"@type":"BreadcrumbList","@id":"https:\/\/worldofflowerpots.com\/sklep\/pflanzgefase-ausenbereich-xxl-marco-12\/#breadcrumb","itemListElement":[{"@type":"ListItem","position":1,"name":"Strona g\u0142\u00f3wna","item":"https:\/\/worldofflowerpots.com\/home\/"},{"@type":"ListItem","position":2,"name":"Shop","item":"https:\/\/worldofflowerpots.com\/sortiment\/"},{"@type":"ListItem","position":3,"name":"Pflanzgef\u00e4\u00dfe Au\u00dfenbereich XXL Marco 12"}]},{"@type":"WebSite","@id":"https:\/\/worldofflowerpots.com\/#website","url":"https:\/\/worldofflowerpots.com\/","name":"World of Flowerpots","description":"producent donic ozdobnych","potentialAction":[{"@type":"SearchAction","target":{"@type":"EntryPoint","urlTemplate":"https:\/\/worldofflowerpots.com\/?s={search_term_string}"},"query-input":{"@type":"PropertyValueSpecification","valueRequired":true,"valueName":"search_term_string"}}],"inLanguage":"de-AUT"}]}},"_links":{"self":[{"href":"https:\/\/worldofflowerpots.com\/aut\/wp-json\/wp\/v2\/product\/53969","targetHints":{"allow":["GET"]}}],"collection":[{"href":"https:\/\/worldofflowerpots.com\/aut\/wp-json\/wp\/v2\/product"}],"about":[{"href":"https:\/\/worldofflowerpots.com\/aut\/wp-json\/wp\/v2\/types\/product"}],"wp:featuredmedia":[{"embeddable":true,"href":"https:\/\/worldofflowerpots.com\/aut\/wp-json\/wp\/v2\/media\/59167"}],"wp:attachment":[{"href":"https:\/\/worldofflowerpots.com\/aut\/wp-json\/wp\/v2\/media?parent=53969"}],"wp:term":[{"taxonomy":"product_brand","embeddable":true,"href":"https:\/\/worldofflowerpots.com\/aut\/wp-json\/wp\/v2\/product_brand?post=53969"},{"taxonomy":"product_cat","embeddable":true,"href":"https:\/\/worldofflowerpots.com\/aut\/wp-json\/wp\/v2\/product_cat?post=53969"},{"taxonomy":"product_tag","embeddable":true,"href":"https:\/\/worldofflowerpots.com\/aut\/wp-json\/wp\/v2\/product_tag?post=53969"}],"curies":[{"name":"wp","href":"https:\/\/api.w.org\/{rel}","templated":true}]}}