{"id":53971,"date":"2019-01-18T15:10:10","date_gmt":"2019-01-18T14:10:10","guid":{"rendered":"https:\/\/worldofflowerpots.com\/sklep\/pflanzkubel-outdoor-xxl-marco-11\/"},"modified":"2019-04-15T14:41:49","modified_gmt":"2019-04-15T12:41:49","slug":"pflanzkubel-outdoor-xxl-marco-11","status":"publish","type":"product","link":"https:\/\/worldofflowerpots.com\/aut\/sortiment\/pflanzkubel-outdoor-xxl-marco-11\/","title":{"rendered":"Pflanzk\u00fcbel outdoor xxl Marco 11"},"content":{"rendered":"<h2>Marco 11 \u2013 Der Topf mit dem gewissen Etwas!<\/h2>\n<p>Sie \u00fcberlegen noch, wie es ist mit einem sch\u00f6nen Pflanzk\u00fcbel outdoor xxl auf der Terrasse? \u00dcberlegen Sie nicht l\u00e4nger, sondern kaufen Sie einfach den Pflanztopf Marco. Dieser Pflanzenk\u00fcbel ist im XXL Format erh\u00e4ltlich. Er wird Platz f\u00fcr eine gro\u00dfe Pflanze haben und Sie m\u00fcssen nun nicht mehr suchen. Der Pflanzenk\u00fcbel XXL ist stabil und wird sich als sicher erweisen. Er ist aus Fiberglas hergestellt. Sie werden sehen, durch seine Farbe passt der Blumen kasten in jedes Wohnkonzept oder auf jede Terrasse. Sie k\u00f6nnen ihn perfekt ins Raumkonzept einf\u00fcgen. Nun ist Ihre Fantasie gefragt. Sie werden den Pflanztopf schon bald nicht mehr missen wollen. Damit k\u00f6nnen Sie auch Ihren Eingangsbereich perfekt aufwerten. Stellen Sie den Pflanzk\u00fcbel outdoor xxl einfach auf und bepflanzen Sie ihn dann direkt. Der Pflanzenk\u00fcbel verf\u00fcgt \u00fcber eine hochwertige Lackierung, die sehr robust ist. Das alles ist f\u00fcr Sie sicher schon bald Realit\u00e4t und Sie k\u00f6nnen den Pflanzenk\u00fcbel XXL aufstellen. Sie werden sehen diese K\u00fcbel sind perfekt.<\/p>\n<h2>Mit 1100L Volumen geh\u00f6rt Blumen kasten Marco 11 zu XXL gr\u00f6sse<\/h2>\n<p>Geschickt positioniert und geschickt bepflanzt hinterl\u00e4sst der Pflanzenk\u00fcbel Marco 11 einen imposanten Eindruck. Kein Wunder, fasst doch dieser riesige Pflanzenk\u00fcbel mehr als einen Kubikmeter Erde oder Substrat. Der quaderf\u00f6rmige Pflanzenk\u00fcbel hat eine quadratische Grundfl\u00e4che mit einer Seitenl\u00e4nge von 120 Zentimetern. Seine H\u00f6he betr\u00e4gt 100 Zentimetern. Daraus ergibt sich ein nutzbarer Inhalt von 1.100 Litern bei einer Leermasse von 36 Kilogramm.<\/p>\n<h2>Der Grosse Bruder von Marco 10<\/h2>\n<p>Ein so grosse Pflanzk\u00fcbel outdoor xxl wie Marco 11 werden hohe Anspr\u00fcche gestellt, die die Produkte von Worldofflowerpots erf\u00fcllen. Marco 11 ist aus Fiberglas hergestellt, dass elastisch und widerstandsf\u00e4hig ist. Derartige Blumen kasten halten viele Jahre und trotzen den Witterungsunbilden. Wie die anderen Fiberglas-Pflanzenk\u00fcbel auch, kann Marco 11 in 10 verschiedenen Farben bestellt werden, so dass sich das Gef\u00e4\u00df optimal seiner Umgebung anpasst. Ab einer Mindestbestellmenge von 4 St\u00fcck hat der Kunde die M\u00f6glichkeit, seinen individuellen Wunsch bei der Farbgestaltung zu \u00e4u\u00dfern. Der Pflanzenk\u00fcbel Marco 11 ist ein repr\u00e4sentatives Produkt, in dem gro\u00dfe Pflanzen gut in Szene gesetzt werden k\u00f6nnen.<\/p>\n","protected":false},"excerpt":{"rendered":"<p>Material : Fiberglas<br \/>\nFarben: RAL 9010,9016,7045,7012,7021,9005<br \/>\nAndere RAL Farben Mindestabnahme 5 St\u00fcck<br \/>\nUV-resistent Isoliert mit Styropor<br \/>\nGewicht :42kg<br \/>\nAbmessungen B1200mm H1000mm L1200mm<br \/>\nWetterfest<br \/>\nFrostbest\u00e4ndig bei gew\u00e4hrleistetem Wasserablauf<\/p>\n","protected":false},"featured_media":59177,"template":"","meta":{"_acf_changed":false},"product_brand":[],"product_cat":[396],"product_tag":[],"class_list":{"0":"post-53971","1":"product","2":"type-product","3":"status-publish","4":"has-post-thumbnail","6":"product_cat-pflanzkubel-fiberglas","7":"description-off","8":"tm-has-options","10":"first","11":"instock","12":"shipping-taxable","13":"purchasable","14":"product-type-simple"},"acf":[],"yoast_head":"<!-- This site is optimized with the Yoast SEO plugin v27.5 - https:\/\/yoast.com\/product\/yoast-seo-wordpress\/ -->\n<title>Pflanzk\u00fcbel outdoor xxl Marco 11 | World of Flowerpots - producent donic ozdobnych<\/title>\n<meta name=\"robots\" content=\"index, follow, max-snippet:-1, max-image-preview:large, max-video-preview:-1\" \/>\n<link rel=\"canonical\" href=\"https:\/\/worldofflowerpots.com\/sklep\/pflanzkubel-outdoor-xxl-marco-11\/\" \/>\n<meta property=\"og:locale\" content=\"de_DE\" \/>\n<meta property=\"og:type\" content=\"article\" \/>\n<meta property=\"og:title\" content=\"Pflanzk\u00fcbel outdoor xxl Marco 11 | World of Flowerpots - producent donic ozdobnych\" \/>\n<meta property=\"og:description\" content=\"Material : Fiberglas Farben: RAL 9010,9016,7045,7012,7021,9005 Andere RAL Farben Mindestabnahme 5 St\u00fcck UV-resistent Isoliert mit Styropor Gewicht :42kg Abmessungen B1200mm H1000mm L1200mm Wetterfest Frostbest\u00e4ndig bei gew\u00e4hrleistetem Wasserablauf\" \/>\n<meta property=\"og:url\" content=\"https:\/\/worldofflowerpots.com\/sklep\/pflanzkubel-outdoor-xxl-marco-11\/\" \/>\n<meta property=\"og:site_name\" content=\"World of Flowerpots\" \/>\n<meta property=\"article:modified_time\" content=\"2019-04-15T12:41:49+00:00\" \/>\n<meta property=\"og:image\" content=\"https:\/\/worldofflowerpots.com\/wp-content\/uploads\/2019\/01\/pflanzk\u00fcbel-outdoor-xxl-Marco-11.jpg\" \/>\n\t<meta property=\"og:image:width\" content=\"1920\" \/>\n\t<meta property=\"og:image:height\" content=\"1080\" \/>\n\t<meta property=\"og:image:type\" content=\"image\/jpeg\" \/>\n<meta name=\"twitter:card\" content=\"summary_large_image\" \/>\n<meta name=\"twitter:label1\" content=\"Est. reading time\" \/>\n\t<meta name=\"twitter:data1\" content=\"2 minutes\" \/>\n<script type=\"application\/ld+json\" class=\"yoast-schema-graph\">{\"@context\":\"https:\\\/\\\/schema.org\",\"@graph\":[{\"@type\":\"WebPage\",\"@id\":\"https:\\\/\\\/worldofflowerpots.com\\\/sklep\\\/pflanzkubel-outdoor-xxl-marco-11\\\/\",\"url\":\"https:\\\/\\\/worldofflowerpots.com\\\/sklep\\\/pflanzkubel-outdoor-xxl-marco-11\\\/\",\"name\":\"Pflanzk\u00fcbel outdoor xxl Marco 11 | World of Flowerpots - producent donic ozdobnych\",\"isPartOf\":{\"@id\":\"https:\\\/\\\/worldofflowerpots.com\\\/#website\"},\"primaryImageOfPage\":{\"@id\":\"https:\\\/\\\/worldofflowerpots.com\\\/sklep\\\/pflanzkubel-outdoor-xxl-marco-11\\\/#primaryimage\"},\"image\":{\"@id\":\"https:\\\/\\\/worldofflowerpots.com\\\/sklep\\\/pflanzkubel-outdoor-xxl-marco-11\\\/#primaryimage\"},\"thumbnailUrl\":\"https:\\\/\\\/worldofflowerpots.com\\\/wp-content\\\/uploads\\\/2019\\\/01\\\/pflanzk\u00fcbel-outdoor-xxl-Marco-11.jpg\",\"datePublished\":\"2019-01-18T14:10:10+00:00\",\"dateModified\":\"2019-04-15T12:41:49+00:00\",\"breadcrumb\":{\"@id\":\"https:\\\/\\\/worldofflowerpots.com\\\/sklep\\\/pflanzkubel-outdoor-xxl-marco-11\\\/#breadcrumb\"},\"inLanguage\":\"de-AUT\",\"potentialAction\":[{\"@type\":\"ReadAction\",\"target\":[\"https:\\\/\\\/worldofflowerpots.com\\\/sklep\\\/pflanzkubel-outdoor-xxl-marco-11\\\/\"]}]},{\"@type\":\"ImageObject\",\"inLanguage\":\"de-AUT\",\"@id\":\"https:\\\/\\\/worldofflowerpots.com\\\/sklep\\\/pflanzkubel-outdoor-xxl-marco-11\\\/#primaryimage\",\"url\":\"https:\\\/\\\/worldofflowerpots.com\\\/wp-content\\\/uploads\\\/2019\\\/01\\\/pflanzk\u00fcbel-outdoor-xxl-Marco-11.jpg\",\"contentUrl\":\"https:\\\/\\\/worldofflowerpots.com\\\/wp-content\\\/uploads\\\/2019\\\/01\\\/pflanzk\u00fcbel-outdoor-xxl-Marco-11.jpg\",\"width\":1920,\"height\":1080},{\"@type\":\"BreadcrumbList\",\"@id\":\"https:\\\/\\\/worldofflowerpots.com\\\/sklep\\\/pflanzkubel-outdoor-xxl-marco-11\\\/#breadcrumb\",\"itemListElement\":[{\"@type\":\"ListItem\",\"position\":1,\"name\":\"Strona g\u0142\u00f3wna\",\"item\":\"https:\\\/\\\/worldofflowerpots.com\\\/home\\\/\"},{\"@type\":\"ListItem\",\"position\":2,\"name\":\"Shop\",\"item\":\"https:\\\/\\\/worldofflowerpots.com\\\/sortiment\\\/\"},{\"@type\":\"ListItem\",\"position\":3,\"name\":\"Pflanzk\u00fcbel outdoor xxl Marco 11\"}]},{\"@type\":\"WebSite\",\"@id\":\"https:\\\/\\\/worldofflowerpots.com\\\/#website\",\"url\":\"https:\\\/\\\/worldofflowerpots.com\\\/\",\"name\":\"World of Flowerpots\",\"description\":\"producent donic ozdobnych\",\"potentialAction\":[{\"@type\":\"SearchAction\",\"target\":{\"@type\":\"EntryPoint\",\"urlTemplate\":\"https:\\\/\\\/worldofflowerpots.com\\\/?s={search_term_string}\"},\"query-input\":{\"@type\":\"PropertyValueSpecification\",\"valueRequired\":true,\"valueName\":\"search_term_string\"}}],\"inLanguage\":\"de-AUT\"}]}<\/script>\n<!-- \/ Yoast SEO plugin. -->","yoast_head_json":{"title":"Pflanzk\u00fcbel outdoor xxl Marco 11 | World of Flowerpots - producent donic ozdobnych","robots":{"index":"index","follow":"follow","max-snippet":"max-snippet:-1","max-image-preview":"max-image-preview:large","max-video-preview":"max-video-preview:-1"},"canonical":"https:\/\/worldofflowerpots.com\/sklep\/pflanzkubel-outdoor-xxl-marco-11\/","og_locale":"de_DE","og_type":"article","og_title":"Pflanzk\u00fcbel outdoor xxl Marco 11 | World of Flowerpots - producent donic ozdobnych","og_description":"Material : Fiberglas Farben: RAL 9010,9016,7045,7012,7021,9005 Andere RAL Farben Mindestabnahme 5 St\u00fcck UV-resistent Isoliert mit Styropor Gewicht :42kg Abmessungen B1200mm H1000mm L1200mm Wetterfest Frostbest\u00e4ndig bei gew\u00e4hrleistetem Wasserablauf","og_url":"https:\/\/worldofflowerpots.com\/sklep\/pflanzkubel-outdoor-xxl-marco-11\/","og_site_name":"World of Flowerpots","article_modified_time":"2019-04-15T12:41:49+00:00","og_image":[{"width":1920,"height":1080,"url":"https:\/\/worldofflowerpots.com\/wp-content\/uploads\/2019\/01\/pflanzk\u00fcbel-outdoor-xxl-Marco-11.jpg","type":"image\/jpeg"}],"twitter_card":"summary_large_image","twitter_misc":{"Est. reading time":"2 minutes"},"schema":{"@context":"https:\/\/schema.org","@graph":[{"@type":"WebPage","@id":"https:\/\/worldofflowerpots.com\/sklep\/pflanzkubel-outdoor-xxl-marco-11\/","url":"https:\/\/worldofflowerpots.com\/sklep\/pflanzkubel-outdoor-xxl-marco-11\/","name":"Pflanzk\u00fcbel outdoor xxl Marco 11 | World of Flowerpots - producent donic ozdobnych","isPartOf":{"@id":"https:\/\/worldofflowerpots.com\/#website"},"primaryImageOfPage":{"@id":"https:\/\/worldofflowerpots.com\/sklep\/pflanzkubel-outdoor-xxl-marco-11\/#primaryimage"},"image":{"@id":"https:\/\/worldofflowerpots.com\/sklep\/pflanzkubel-outdoor-xxl-marco-11\/#primaryimage"},"thumbnailUrl":"https:\/\/worldofflowerpots.com\/wp-content\/uploads\/2019\/01\/pflanzk\u00fcbel-outdoor-xxl-Marco-11.jpg","datePublished":"2019-01-18T14:10:10+00:00","dateModified":"2019-04-15T12:41:49+00:00","breadcrumb":{"@id":"https:\/\/worldofflowerpots.com\/sklep\/pflanzkubel-outdoor-xxl-marco-11\/#breadcrumb"},"inLanguage":"de-AUT","potentialAction":[{"@type":"ReadAction","target":["https:\/\/worldofflowerpots.com\/sklep\/pflanzkubel-outdoor-xxl-marco-11\/"]}]},{"@type":"ImageObject","inLanguage":"de-AUT","@id":"https:\/\/worldofflowerpots.com\/sklep\/pflanzkubel-outdoor-xxl-marco-11\/#primaryimage","url":"https:\/\/worldofflowerpots.com\/wp-content\/uploads\/2019\/01\/pflanzk\u00fcbel-outdoor-xxl-Marco-11.jpg","contentUrl":"https:\/\/worldofflowerpots.com\/wp-content\/uploads\/2019\/01\/pflanzk\u00fcbel-outdoor-xxl-Marco-11.jpg","width":1920,"height":1080},{"@type":"BreadcrumbList","@id":"https:\/\/worldofflowerpots.com\/sklep\/pflanzkubel-outdoor-xxl-marco-11\/#breadcrumb","itemListElement":[{"@type":"ListItem","position":1,"name":"Strona g\u0142\u00f3wna","item":"https:\/\/worldofflowerpots.com\/home\/"},{"@type":"ListItem","position":2,"name":"Shop","item":"https:\/\/worldofflowerpots.com\/sortiment\/"},{"@type":"ListItem","position":3,"name":"Pflanzk\u00fcbel outdoor xxl Marco 11"}]},{"@type":"WebSite","@id":"https:\/\/worldofflowerpots.com\/#website","url":"https:\/\/worldofflowerpots.com\/","name":"World of Flowerpots","description":"producent donic ozdobnych","potentialAction":[{"@type":"SearchAction","target":{"@type":"EntryPoint","urlTemplate":"https:\/\/worldofflowerpots.com\/?s={search_term_string}"},"query-input":{"@type":"PropertyValueSpecification","valueRequired":true,"valueName":"search_term_string"}}],"inLanguage":"de-AUT"}]}},"_links":{"self":[{"href":"https:\/\/worldofflowerpots.com\/aut\/wp-json\/wp\/v2\/product\/53971","targetHints":{"allow":["GET"]}}],"collection":[{"href":"https:\/\/worldofflowerpots.com\/aut\/wp-json\/wp\/v2\/product"}],"about":[{"href":"https:\/\/worldofflowerpots.com\/aut\/wp-json\/wp\/v2\/types\/product"}],"wp:featuredmedia":[{"embeddable":true,"href":"https:\/\/worldofflowerpots.com\/aut\/wp-json\/wp\/v2\/media\/59177"}],"wp:attachment":[{"href":"https:\/\/worldofflowerpots.com\/aut\/wp-json\/wp\/v2\/media?parent=53971"}],"wp:term":[{"taxonomy":"product_brand","embeddable":true,"href":"https:\/\/worldofflowerpots.com\/aut\/wp-json\/wp\/v2\/product_brand?post=53971"},{"taxonomy":"product_cat","embeddable":true,"href":"https:\/\/worldofflowerpots.com\/aut\/wp-json\/wp\/v2\/product_cat?post=53971"},{"taxonomy":"product_tag","embeddable":true,"href":"https:\/\/worldofflowerpots.com\/aut\/wp-json\/wp\/v2\/product_tag?post=53971"}],"curies":[{"name":"wp","href":"https:\/\/api.w.org\/{rel}","templated":true}]}}