{"id":53974,"date":"2019-01-18T15:09:48","date_gmt":"2019-01-18T14:09:48","guid":{"rendered":"https:\/\/worldofflowerpots.com\/sklep\/pflanzkubel-gross-fur-aussen-marco-9\/"},"modified":"2019-04-16T09:08:59","modified_gmt":"2019-04-16T07:08:59","slug":"pflanzkubel-gross-fur-aussen-marco-9","status":"publish","type":"product","link":"https:\/\/worldofflowerpots.com\/aut\/sortiment\/pflanzkubel-gross-fur-aussen-marco-9\/","title":{"rendered":"Pflanzk\u00fcbel gross f\u00fcr aussen Marco 9"},"content":{"rendered":"<h2>Sie sind stolzer Besitzer einer Terrasse<\/h2>\n<p>Suchen einen ausgefallenen Pflanzk\u00fcbel gross f\u00fcr aussen um eine gro\u00dfe Pflanze darin unterzubringen? Mit dem Modell Marco 9 kaufen Sie den besonderen Blumen kasten. Dieses Produkt hebt sich vor allem durch seine Gr\u00f6\u00dfe von anderen Pflanzenk\u00fcbel Modellen an. Seine Form ist quadratisch. Sie diesen Pflanzk\u00fcbel ohne Aufwand flexibel transportieren und demnach so positionieren wie es Ihnen passt. Marco 9 ist ein Blumen kasten gefetigt aus hochwertigem sehr robustem Fiberglas. Das Material punktet mit Langlebigkeit und hochwertig verarbeiteten Ecken und Kanten.<\/p>\n<h2>Pflanzen wie Palmen oder Agaven sehen darin sehr ansprechend aus<\/h2>\n<p>Insgesamt macht dieser Pflanzk\u00fcbel gross f\u00fcr aussen World fo Flowerpots , den Sie in einer gro\u00dfen Zahl von Farben kaufen k\u00f6nnen hochwertigen und eleganten Eindruck. Setzen Sie zum Beispiel Zitronen in den Marco 9. Der Baum kann sich darin in Ruhe entfalten und sch\u00f6ne Fr\u00fcchte produzieren zudem ist der Zitronenbaum sehr dekorativ. Das Produkt unterscheidet sich vor allem in seiner Gr\u00f6\u00dfe von den anderen Modellen.<\/p>\n<h2>Bei dem Modell Marco 9 handelt es sich um einen ganz besonderen Pflanzenk\u00fcbel gross f\u00fcr aussen<\/h2>\n<p>Die Form des K\u00fcbels ist quadratisch. An beiden Seiten misst er 120 cm, sodass er insgesamt ein Volumen von 800 Litern fassen kann. Mit einem Gewicht von 24kg ist es trotzdem ohne gro\u00dfen Aufwand m\u00f6glich, den K\u00fcbel flexibel zu transportieren und nach Blieben zu positionieren. Hergestellt wird Marco 9 aus hochwertigem und robustem Fiberglas. Dieses Material \u00fcberzeugt vor allem durch seine Langlebigkeit. Die Ecken und Kanten des Modells sind \u00e4u\u00dfert hochwertig verarbeitet. Insgesamt macht der Pflanzenk\u00fcbel, der in einer Vielzahl von Farben erh\u00e4ltlich ist, einen sehr eleganten und hochwertigen Eindruck.<\/p>\n","protected":false},"excerpt":{"rendered":"<p>Material : Fiberglas<br \/>\nFarben: RAL 9010,9016,7045,7012,7021,9005<br \/>\nAndere RAL Farben Mindestabnahme 5 St\u00fcck<br \/>\nUV-resistent Isoliert mit Styropor<br \/>\nGewicht :24kg<br \/>\nAbmessungen B1200mm H600mm L1200mm<br \/>\nWetterfest<br \/>\nFrostbest\u00e4ndig bei gew\u00e4hrleistetem Wasserablauf<\/p>\n","protected":false},"featured_media":59230,"template":"","meta":{"_acf_changed":false},"product_brand":[],"product_cat":[396],"product_tag":[],"class_list":{"0":"post-53974","1":"product","2":"type-product","3":"status-publish","4":"has-post-thumbnail","6":"product_cat-pflanzkubel-fiberglas","7":"description-off","8":"tm-has-options","10":"first","11":"instock","12":"shipping-taxable","13":"purchasable","14":"product-type-simple"},"acf":[],"yoast_head":"<!-- This site is optimized with the Yoast SEO plugin v27.5 - https:\/\/yoast.com\/product\/yoast-seo-wordpress\/ -->\n<title>Pflanzk\u00fcbel gross f\u00fcr aussen Marco 9 | World of Flowerpots - producent donic ozdobnych<\/title>\n<meta name=\"robots\" content=\"index, follow, max-snippet:-1, max-image-preview:large, max-video-preview:-1\" \/>\n<link rel=\"canonical\" href=\"https:\/\/worldofflowerpots.com\/sklep\/pflanzkubel-gross-fur-aussen-marco-9\/\" \/>\n<meta property=\"og:locale\" content=\"de_DE\" \/>\n<meta property=\"og:type\" content=\"article\" \/>\n<meta property=\"og:title\" content=\"Pflanzk\u00fcbel gross f\u00fcr aussen Marco 9 | World of Flowerpots - producent donic ozdobnych\" \/>\n<meta property=\"og:description\" content=\"Material : Fiberglas Farben: RAL 9010,9016,7045,7012,7021,9005 Andere RAL Farben Mindestabnahme 5 St\u00fcck UV-resistent Isoliert mit Styropor Gewicht :24kg Abmessungen B1200mm H600mm L1200mm Wetterfest Frostbest\u00e4ndig bei gew\u00e4hrleistetem Wasserablauf\" \/>\n<meta property=\"og:url\" content=\"https:\/\/worldofflowerpots.com\/sklep\/pflanzkubel-gross-fur-aussen-marco-9\/\" \/>\n<meta property=\"og:site_name\" content=\"World of Flowerpots\" \/>\n<meta property=\"article:modified_time\" content=\"2019-04-16T07:08:59+00:00\" \/>\n<meta property=\"og:image\" content=\"https:\/\/worldofflowerpots.com\/wp-content\/uploads\/2019\/01\/pflanzk\u00fcbel-gross-f\u00fcr-aussen-Marco-9.jpg\" \/>\n\t<meta property=\"og:image:width\" content=\"1920\" \/>\n\t<meta property=\"og:image:height\" content=\"1080\" \/>\n\t<meta property=\"og:image:type\" content=\"image\/jpeg\" \/>\n<meta name=\"twitter:card\" content=\"summary_large_image\" \/>\n<meta name=\"twitter:label1\" content=\"Est. reading time\" \/>\n\t<meta name=\"twitter:data1\" content=\"1 minute\" \/>\n<script type=\"application\/ld+json\" class=\"yoast-schema-graph\">{\"@context\":\"https:\\\/\\\/schema.org\",\"@graph\":[{\"@type\":\"WebPage\",\"@id\":\"https:\\\/\\\/worldofflowerpots.com\\\/sklep\\\/pflanzkubel-gross-fur-aussen-marco-9\\\/\",\"url\":\"https:\\\/\\\/worldofflowerpots.com\\\/sklep\\\/pflanzkubel-gross-fur-aussen-marco-9\\\/\",\"name\":\"Pflanzk\u00fcbel gross f\u00fcr aussen Marco 9 | World of Flowerpots - producent donic ozdobnych\",\"isPartOf\":{\"@id\":\"https:\\\/\\\/worldofflowerpots.com\\\/#website\"},\"primaryImageOfPage\":{\"@id\":\"https:\\\/\\\/worldofflowerpots.com\\\/sklep\\\/pflanzkubel-gross-fur-aussen-marco-9\\\/#primaryimage\"},\"image\":{\"@id\":\"https:\\\/\\\/worldofflowerpots.com\\\/sklep\\\/pflanzkubel-gross-fur-aussen-marco-9\\\/#primaryimage\"},\"thumbnailUrl\":\"https:\\\/\\\/worldofflowerpots.com\\\/wp-content\\\/uploads\\\/2019\\\/01\\\/pflanzk\u00fcbel-gross-f\u00fcr-aussen-Marco-9.jpg\",\"datePublished\":\"2019-01-18T14:09:48+00:00\",\"dateModified\":\"2019-04-16T07:08:59+00:00\",\"breadcrumb\":{\"@id\":\"https:\\\/\\\/worldofflowerpots.com\\\/sklep\\\/pflanzkubel-gross-fur-aussen-marco-9\\\/#breadcrumb\"},\"inLanguage\":\"de-AUT\",\"potentialAction\":[{\"@type\":\"ReadAction\",\"target\":[\"https:\\\/\\\/worldofflowerpots.com\\\/sklep\\\/pflanzkubel-gross-fur-aussen-marco-9\\\/\"]}]},{\"@type\":\"ImageObject\",\"inLanguage\":\"de-AUT\",\"@id\":\"https:\\\/\\\/worldofflowerpots.com\\\/sklep\\\/pflanzkubel-gross-fur-aussen-marco-9\\\/#primaryimage\",\"url\":\"https:\\\/\\\/worldofflowerpots.com\\\/wp-content\\\/uploads\\\/2019\\\/01\\\/pflanzk\u00fcbel-gross-f\u00fcr-aussen-Marco-9.jpg\",\"contentUrl\":\"https:\\\/\\\/worldofflowerpots.com\\\/wp-content\\\/uploads\\\/2019\\\/01\\\/pflanzk\u00fcbel-gross-f\u00fcr-aussen-Marco-9.jpg\",\"width\":1920,\"height\":1080},{\"@type\":\"BreadcrumbList\",\"@id\":\"https:\\\/\\\/worldofflowerpots.com\\\/sklep\\\/pflanzkubel-gross-fur-aussen-marco-9\\\/#breadcrumb\",\"itemListElement\":[{\"@type\":\"ListItem\",\"position\":1,\"name\":\"Strona g\u0142\u00f3wna\",\"item\":\"https:\\\/\\\/worldofflowerpots.com\\\/home\\\/\"},{\"@type\":\"ListItem\",\"position\":2,\"name\":\"Shop\",\"item\":\"https:\\\/\\\/worldofflowerpots.com\\\/sortiment\\\/\"},{\"@type\":\"ListItem\",\"position\":3,\"name\":\"Pflanzk\u00fcbel gross f\u00fcr aussen Marco 9\"}]},{\"@type\":\"WebSite\",\"@id\":\"https:\\\/\\\/worldofflowerpots.com\\\/#website\",\"url\":\"https:\\\/\\\/worldofflowerpots.com\\\/\",\"name\":\"World of Flowerpots\",\"description\":\"producent donic ozdobnych\",\"potentialAction\":[{\"@type\":\"SearchAction\",\"target\":{\"@type\":\"EntryPoint\",\"urlTemplate\":\"https:\\\/\\\/worldofflowerpots.com\\\/?s={search_term_string}\"},\"query-input\":{\"@type\":\"PropertyValueSpecification\",\"valueRequired\":true,\"valueName\":\"search_term_string\"}}],\"inLanguage\":\"de-AUT\"}]}<\/script>\n<!-- \/ Yoast SEO plugin. -->","yoast_head_json":{"title":"Pflanzk\u00fcbel gross f\u00fcr aussen Marco 9 | World of Flowerpots - producent donic ozdobnych","robots":{"index":"index","follow":"follow","max-snippet":"max-snippet:-1","max-image-preview":"max-image-preview:large","max-video-preview":"max-video-preview:-1"},"canonical":"https:\/\/worldofflowerpots.com\/sklep\/pflanzkubel-gross-fur-aussen-marco-9\/","og_locale":"de_DE","og_type":"article","og_title":"Pflanzk\u00fcbel gross f\u00fcr aussen Marco 9 | World of Flowerpots - producent donic ozdobnych","og_description":"Material : Fiberglas Farben: RAL 9010,9016,7045,7012,7021,9005 Andere RAL Farben Mindestabnahme 5 St\u00fcck UV-resistent Isoliert mit Styropor Gewicht :24kg Abmessungen B1200mm H600mm L1200mm Wetterfest Frostbest\u00e4ndig bei gew\u00e4hrleistetem Wasserablauf","og_url":"https:\/\/worldofflowerpots.com\/sklep\/pflanzkubel-gross-fur-aussen-marco-9\/","og_site_name":"World of Flowerpots","article_modified_time":"2019-04-16T07:08:59+00:00","og_image":[{"width":1920,"height":1080,"url":"https:\/\/worldofflowerpots.com\/wp-content\/uploads\/2019\/01\/pflanzk\u00fcbel-gross-f\u00fcr-aussen-Marco-9.jpg","type":"image\/jpeg"}],"twitter_card":"summary_large_image","twitter_misc":{"Est. reading time":"1 minute"},"schema":{"@context":"https:\/\/schema.org","@graph":[{"@type":"WebPage","@id":"https:\/\/worldofflowerpots.com\/sklep\/pflanzkubel-gross-fur-aussen-marco-9\/","url":"https:\/\/worldofflowerpots.com\/sklep\/pflanzkubel-gross-fur-aussen-marco-9\/","name":"Pflanzk\u00fcbel gross f\u00fcr aussen Marco 9 | World of Flowerpots - producent donic ozdobnych","isPartOf":{"@id":"https:\/\/worldofflowerpots.com\/#website"},"primaryImageOfPage":{"@id":"https:\/\/worldofflowerpots.com\/sklep\/pflanzkubel-gross-fur-aussen-marco-9\/#primaryimage"},"image":{"@id":"https:\/\/worldofflowerpots.com\/sklep\/pflanzkubel-gross-fur-aussen-marco-9\/#primaryimage"},"thumbnailUrl":"https:\/\/worldofflowerpots.com\/wp-content\/uploads\/2019\/01\/pflanzk\u00fcbel-gross-f\u00fcr-aussen-Marco-9.jpg","datePublished":"2019-01-18T14:09:48+00:00","dateModified":"2019-04-16T07:08:59+00:00","breadcrumb":{"@id":"https:\/\/worldofflowerpots.com\/sklep\/pflanzkubel-gross-fur-aussen-marco-9\/#breadcrumb"},"inLanguage":"de-AUT","potentialAction":[{"@type":"ReadAction","target":["https:\/\/worldofflowerpots.com\/sklep\/pflanzkubel-gross-fur-aussen-marco-9\/"]}]},{"@type":"ImageObject","inLanguage":"de-AUT","@id":"https:\/\/worldofflowerpots.com\/sklep\/pflanzkubel-gross-fur-aussen-marco-9\/#primaryimage","url":"https:\/\/worldofflowerpots.com\/wp-content\/uploads\/2019\/01\/pflanzk\u00fcbel-gross-f\u00fcr-aussen-Marco-9.jpg","contentUrl":"https:\/\/worldofflowerpots.com\/wp-content\/uploads\/2019\/01\/pflanzk\u00fcbel-gross-f\u00fcr-aussen-Marco-9.jpg","width":1920,"height":1080},{"@type":"BreadcrumbList","@id":"https:\/\/worldofflowerpots.com\/sklep\/pflanzkubel-gross-fur-aussen-marco-9\/#breadcrumb","itemListElement":[{"@type":"ListItem","position":1,"name":"Strona g\u0142\u00f3wna","item":"https:\/\/worldofflowerpots.com\/home\/"},{"@type":"ListItem","position":2,"name":"Shop","item":"https:\/\/worldofflowerpots.com\/sortiment\/"},{"@type":"ListItem","position":3,"name":"Pflanzk\u00fcbel gross f\u00fcr aussen Marco 9"}]},{"@type":"WebSite","@id":"https:\/\/worldofflowerpots.com\/#website","url":"https:\/\/worldofflowerpots.com\/","name":"World of Flowerpots","description":"producent donic ozdobnych","potentialAction":[{"@type":"SearchAction","target":{"@type":"EntryPoint","urlTemplate":"https:\/\/worldofflowerpots.com\/?s={search_term_string}"},"query-input":{"@type":"PropertyValueSpecification","valueRequired":true,"valueName":"search_term_string"}}],"inLanguage":"de-AUT"}]}},"_links":{"self":[{"href":"https:\/\/worldofflowerpots.com\/aut\/wp-json\/wp\/v2\/product\/53974","targetHints":{"allow":["GET"]}}],"collection":[{"href":"https:\/\/worldofflowerpots.com\/aut\/wp-json\/wp\/v2\/product"}],"about":[{"href":"https:\/\/worldofflowerpots.com\/aut\/wp-json\/wp\/v2\/types\/product"}],"wp:featuredmedia":[{"embeddable":true,"href":"https:\/\/worldofflowerpots.com\/aut\/wp-json\/wp\/v2\/media\/59230"}],"wp:attachment":[{"href":"https:\/\/worldofflowerpots.com\/aut\/wp-json\/wp\/v2\/media?parent=53974"}],"wp:term":[{"taxonomy":"product_brand","embeddable":true,"href":"https:\/\/worldofflowerpots.com\/aut\/wp-json\/wp\/v2\/product_brand?post=53974"},{"taxonomy":"product_cat","embeddable":true,"href":"https:\/\/worldofflowerpots.com\/aut\/wp-json\/wp\/v2\/product_cat?post=53974"},{"taxonomy":"product_tag","embeddable":true,"href":"https:\/\/worldofflowerpots.com\/aut\/wp-json\/wp\/v2\/product_tag?post=53974"}],"curies":[{"name":"wp","href":"https:\/\/api.w.org\/{rel}","templated":true}]}}