{"id":53975,"date":"2019-01-18T15:09:48","date_gmt":"2019-01-18T14:09:48","guid":{"rendered":"https:\/\/worldofflowerpots.com\/sklep\/blumentopf-gross-marco-10\/"},"modified":"2019-04-16T09:06:50","modified_gmt":"2019-04-16T07:06:50","slug":"blumentopf-gross-marco-10","status":"publish","type":"product","link":"https:\/\/worldofflowerpots.com\/aut\/sortiment\/blumentopf-gross-marco-10\/","title":{"rendered":"Blumentopf gross Marco 10"},"content":{"rendered":"<h2>So gestalten Sie Ihren Garten oder Ihre Dachterrasse mit dem Blumentopf gross Marco 10<\/h2>\n<p>Der Blumentopf gross Marco ist schlicht und \u00fcberzeugt durch eine besondere Eleganz. Er besteht aus Fiberglas und ist dadurch auch noch richtig robust. Wenn Sie zu den Menschen geh\u00f6ren, die schon immer wissen wollten, was einen solchen Pflanzk\u00fcbel XXL ausmacht, dann sollten Sie nun weiterlesen.<\/p>\n<h2>\u00dcberall ein Hingucker!<\/h2>\n<p>Mit einem Blumenk\u00fcbel k\u00f6nnen Sie schon eine besondere Aufwertung bekommen. Der Blumen kasten ist rechteckig und wird sich daher besonders in den Ecken sehr gut stellen lassen. Pflanzen Sie einfach einen Buchsbaum oder auch etwas anderes und gr\u00f6\u00dferes hinein, denn Platz ist ausreichend vorhanden in dem Pflanzenk\u00fcbel. Der K\u00fcbel l\u00e4sst sich \u00fcbrigens leicht aufstellen, wenn er noch leer ist. Sie sollten bedenken, dass das Gewicht erst dann wichtig wird, wenn sich darin Blumenerde befindet und auch eine Pflanze. Dann wird es vielleicht nicht mehr so leicht sein, den Topf zu bef\u00f6rdern. Sollten Sie zwei K\u00fcbel kaufen wollen, dann k\u00f6nnen Sie diese perfekt in Ihrem Eingangsbereich platzieren.<\/p>\n<h2>World Of Flowerpots f\u00fchrt in seinem Angebot sowohl kleine als auch gr\u00f6\u00dfere Gef\u00e4\u00dfe<\/h2>\n<p>Zu den XL Modellen im Angebot z\u00e4hlt der Blumentopf gross Marco 10 aus der beliebten Reihe von Fiberglas-Pflanzenk\u00fcbeln. Seine beiden Seiten sind je 120 Zentimeter lang bei einer H\u00f6he von 80 Zentimetern. Daraus ergibt sich ein nutzbarer Inhalt von 1.100 Litern bei einem Eigengewicht von 36 Kilogramm. Zu den beliebtesten Farben, in denen der Pflanzenk\u00fcbel Marco 10 bestellt werden kann, geh\u00f6rt anthrazit. Daneben stehen jedoch noch 9 andere Farben zur Auswahl. Wenn sich der Kunde entscheidet, mindestens 4 Pflanzenk\u00fcbel zu kaufen, hat er die M\u00f6glichkeit, die Farbe individuell zu gestalten. Bei einem so gro\u00dfen Pflanzenk\u00fcbel wie Marco 10 sollte der Standort sorgf\u00e4ltig gew\u00e4hlt werden, weil er gef\u00fcllt mit Erde bzw. Substrat und bepflanzt ein hohes Gewicht besitzt und nur unter gro\u00dfem Aufwand bewegt werden kann.<\/p>\n","protected":false},"excerpt":{"rendered":"<p>Material : Fiberglas<br \/>\nFarben: RAL 9010,9016,7045,7012,7021,9005<br \/>\nAndere RAL Farben Mindestabnahme 5 St\u00fcck<br \/>\nUV-resistent Isoliert mit Styropor<br \/>\nGewicht :36kg<br \/>\nAbmessungen B1200mm H800mm L1200mm<br \/>\nWetterfest<br \/>\nFrostbest\u00e4ndig bei gew\u00e4hrleistetem Wasserablauf<\/p>\n","protected":false},"featured_media":59220,"template":"","meta":{"_acf_changed":false},"product_brand":[],"product_cat":[396],"product_tag":[],"class_list":{"0":"post-53975","1":"product","2":"type-product","3":"status-publish","4":"has-post-thumbnail","6":"product_cat-pflanzkubel-fiberglas","7":"description-off","8":"tm-has-options","10":"first","11":"instock","12":"shipping-taxable","13":"purchasable","14":"product-type-simple"},"acf":[],"yoast_head":"<!-- This site is optimized with the Yoast SEO plugin v27.5 - https:\/\/yoast.com\/product\/yoast-seo-wordpress\/ -->\n<title>Blumentopf gross Marco 10 | World of Flowerpots - producent donic ozdobnych<\/title>\n<meta name=\"robots\" content=\"index, follow, max-snippet:-1, max-image-preview:large, max-video-preview:-1\" \/>\n<link rel=\"canonical\" href=\"https:\/\/worldofflowerpots.com\/sklep\/blumentopf-gross-marco-10\/\" \/>\n<meta property=\"og:locale\" content=\"de_DE\" \/>\n<meta property=\"og:type\" content=\"article\" \/>\n<meta property=\"og:title\" content=\"Blumentopf gross Marco 10 | World of Flowerpots - producent donic ozdobnych\" \/>\n<meta property=\"og:description\" content=\"Material : Fiberglas Farben: RAL 9010,9016,7045,7012,7021,9005 Andere RAL Farben Mindestabnahme 5 St\u00fcck UV-resistent Isoliert mit Styropor Gewicht :36kg Abmessungen B1200mm H800mm L1200mm Wetterfest Frostbest\u00e4ndig bei gew\u00e4hrleistetem Wasserablauf\" \/>\n<meta property=\"og:url\" content=\"https:\/\/worldofflowerpots.com\/sklep\/blumentopf-gross-marco-10\/\" \/>\n<meta property=\"og:site_name\" content=\"World of Flowerpots\" \/>\n<meta property=\"article:modified_time\" content=\"2019-04-16T07:06:50+00:00\" \/>\n<meta property=\"og:image\" content=\"https:\/\/worldofflowerpots.com\/wp-content\/uploads\/2019\/01\/Blumentopf-gross-Marco-10.jpg\" \/>\n\t<meta property=\"og:image:width\" content=\"1920\" \/>\n\t<meta property=\"og:image:height\" content=\"1080\" \/>\n\t<meta property=\"og:image:type\" content=\"image\/jpeg\" \/>\n<meta name=\"twitter:card\" content=\"summary_large_image\" \/>\n<meta name=\"twitter:label1\" content=\"Est. reading time\" \/>\n\t<meta name=\"twitter:data1\" content=\"2 minutes\" \/>\n<script type=\"application\/ld+json\" class=\"yoast-schema-graph\">{\"@context\":\"https:\\\/\\\/schema.org\",\"@graph\":[{\"@type\":\"WebPage\",\"@id\":\"https:\\\/\\\/worldofflowerpots.com\\\/sklep\\\/blumentopf-gross-marco-10\\\/\",\"url\":\"https:\\\/\\\/worldofflowerpots.com\\\/sklep\\\/blumentopf-gross-marco-10\\\/\",\"name\":\"Blumentopf gross Marco 10 | World of Flowerpots - producent donic ozdobnych\",\"isPartOf\":{\"@id\":\"https:\\\/\\\/worldofflowerpots.com\\\/#website\"},\"primaryImageOfPage\":{\"@id\":\"https:\\\/\\\/worldofflowerpots.com\\\/sklep\\\/blumentopf-gross-marco-10\\\/#primaryimage\"},\"image\":{\"@id\":\"https:\\\/\\\/worldofflowerpots.com\\\/sklep\\\/blumentopf-gross-marco-10\\\/#primaryimage\"},\"thumbnailUrl\":\"https:\\\/\\\/worldofflowerpots.com\\\/wp-content\\\/uploads\\\/2019\\\/01\\\/Blumentopf-gross-Marco-10.jpg\",\"datePublished\":\"2019-01-18T14:09:48+00:00\",\"dateModified\":\"2019-04-16T07:06:50+00:00\",\"breadcrumb\":{\"@id\":\"https:\\\/\\\/worldofflowerpots.com\\\/sklep\\\/blumentopf-gross-marco-10\\\/#breadcrumb\"},\"inLanguage\":\"de-AUT\",\"potentialAction\":[{\"@type\":\"ReadAction\",\"target\":[\"https:\\\/\\\/worldofflowerpots.com\\\/sklep\\\/blumentopf-gross-marco-10\\\/\"]}]},{\"@type\":\"ImageObject\",\"inLanguage\":\"de-AUT\",\"@id\":\"https:\\\/\\\/worldofflowerpots.com\\\/sklep\\\/blumentopf-gross-marco-10\\\/#primaryimage\",\"url\":\"https:\\\/\\\/worldofflowerpots.com\\\/wp-content\\\/uploads\\\/2019\\\/01\\\/Blumentopf-gross-Marco-10.jpg\",\"contentUrl\":\"https:\\\/\\\/worldofflowerpots.com\\\/wp-content\\\/uploads\\\/2019\\\/01\\\/Blumentopf-gross-Marco-10.jpg\",\"width\":1920,\"height\":1080},{\"@type\":\"BreadcrumbList\",\"@id\":\"https:\\\/\\\/worldofflowerpots.com\\\/sklep\\\/blumentopf-gross-marco-10\\\/#breadcrumb\",\"itemListElement\":[{\"@type\":\"ListItem\",\"position\":1,\"name\":\"Strona g\u0142\u00f3wna\",\"item\":\"https:\\\/\\\/worldofflowerpots.com\\\/home\\\/\"},{\"@type\":\"ListItem\",\"position\":2,\"name\":\"Shop\",\"item\":\"https:\\\/\\\/worldofflowerpots.com\\\/sortiment\\\/\"},{\"@type\":\"ListItem\",\"position\":3,\"name\":\"Blumentopf gross Marco 10\"}]},{\"@type\":\"WebSite\",\"@id\":\"https:\\\/\\\/worldofflowerpots.com\\\/#website\",\"url\":\"https:\\\/\\\/worldofflowerpots.com\\\/\",\"name\":\"World of Flowerpots\",\"description\":\"producent donic ozdobnych\",\"potentialAction\":[{\"@type\":\"SearchAction\",\"target\":{\"@type\":\"EntryPoint\",\"urlTemplate\":\"https:\\\/\\\/worldofflowerpots.com\\\/?s={search_term_string}\"},\"query-input\":{\"@type\":\"PropertyValueSpecification\",\"valueRequired\":true,\"valueName\":\"search_term_string\"}}],\"inLanguage\":\"de-AUT\"}]}<\/script>\n<!-- \/ Yoast SEO plugin. -->","yoast_head_json":{"title":"Blumentopf gross Marco 10 | World of Flowerpots - producent donic ozdobnych","robots":{"index":"index","follow":"follow","max-snippet":"max-snippet:-1","max-image-preview":"max-image-preview:large","max-video-preview":"max-video-preview:-1"},"canonical":"https:\/\/worldofflowerpots.com\/sklep\/blumentopf-gross-marco-10\/","og_locale":"de_DE","og_type":"article","og_title":"Blumentopf gross Marco 10 | World of Flowerpots - producent donic ozdobnych","og_description":"Material : Fiberglas Farben: RAL 9010,9016,7045,7012,7021,9005 Andere RAL Farben Mindestabnahme 5 St\u00fcck UV-resistent Isoliert mit Styropor Gewicht :36kg Abmessungen B1200mm H800mm L1200mm Wetterfest Frostbest\u00e4ndig bei gew\u00e4hrleistetem Wasserablauf","og_url":"https:\/\/worldofflowerpots.com\/sklep\/blumentopf-gross-marco-10\/","og_site_name":"World of Flowerpots","article_modified_time":"2019-04-16T07:06:50+00:00","og_image":[{"width":1920,"height":1080,"url":"https:\/\/worldofflowerpots.com\/wp-content\/uploads\/2019\/01\/Blumentopf-gross-Marco-10.jpg","type":"image\/jpeg"}],"twitter_card":"summary_large_image","twitter_misc":{"Est. reading time":"2 minutes"},"schema":{"@context":"https:\/\/schema.org","@graph":[{"@type":"WebPage","@id":"https:\/\/worldofflowerpots.com\/sklep\/blumentopf-gross-marco-10\/","url":"https:\/\/worldofflowerpots.com\/sklep\/blumentopf-gross-marco-10\/","name":"Blumentopf gross Marco 10 | World of Flowerpots - producent donic ozdobnych","isPartOf":{"@id":"https:\/\/worldofflowerpots.com\/#website"},"primaryImageOfPage":{"@id":"https:\/\/worldofflowerpots.com\/sklep\/blumentopf-gross-marco-10\/#primaryimage"},"image":{"@id":"https:\/\/worldofflowerpots.com\/sklep\/blumentopf-gross-marco-10\/#primaryimage"},"thumbnailUrl":"https:\/\/worldofflowerpots.com\/wp-content\/uploads\/2019\/01\/Blumentopf-gross-Marco-10.jpg","datePublished":"2019-01-18T14:09:48+00:00","dateModified":"2019-04-16T07:06:50+00:00","breadcrumb":{"@id":"https:\/\/worldofflowerpots.com\/sklep\/blumentopf-gross-marco-10\/#breadcrumb"},"inLanguage":"de-AUT","potentialAction":[{"@type":"ReadAction","target":["https:\/\/worldofflowerpots.com\/sklep\/blumentopf-gross-marco-10\/"]}]},{"@type":"ImageObject","inLanguage":"de-AUT","@id":"https:\/\/worldofflowerpots.com\/sklep\/blumentopf-gross-marco-10\/#primaryimage","url":"https:\/\/worldofflowerpots.com\/wp-content\/uploads\/2019\/01\/Blumentopf-gross-Marco-10.jpg","contentUrl":"https:\/\/worldofflowerpots.com\/wp-content\/uploads\/2019\/01\/Blumentopf-gross-Marco-10.jpg","width":1920,"height":1080},{"@type":"BreadcrumbList","@id":"https:\/\/worldofflowerpots.com\/sklep\/blumentopf-gross-marco-10\/#breadcrumb","itemListElement":[{"@type":"ListItem","position":1,"name":"Strona g\u0142\u00f3wna","item":"https:\/\/worldofflowerpots.com\/home\/"},{"@type":"ListItem","position":2,"name":"Shop","item":"https:\/\/worldofflowerpots.com\/sortiment\/"},{"@type":"ListItem","position":3,"name":"Blumentopf gross Marco 10"}]},{"@type":"WebSite","@id":"https:\/\/worldofflowerpots.com\/#website","url":"https:\/\/worldofflowerpots.com\/","name":"World of Flowerpots","description":"producent donic ozdobnych","potentialAction":[{"@type":"SearchAction","target":{"@type":"EntryPoint","urlTemplate":"https:\/\/worldofflowerpots.com\/?s={search_term_string}"},"query-input":{"@type":"PropertyValueSpecification","valueRequired":true,"valueName":"search_term_string"}}],"inLanguage":"de-AUT"}]}},"_links":{"self":[{"href":"https:\/\/worldofflowerpots.com\/aut\/wp-json\/wp\/v2\/product\/53975","targetHints":{"allow":["GET"]}}],"collection":[{"href":"https:\/\/worldofflowerpots.com\/aut\/wp-json\/wp\/v2\/product"}],"about":[{"href":"https:\/\/worldofflowerpots.com\/aut\/wp-json\/wp\/v2\/types\/product"}],"wp:featuredmedia":[{"embeddable":true,"href":"https:\/\/worldofflowerpots.com\/aut\/wp-json\/wp\/v2\/media\/59220"}],"wp:attachment":[{"href":"https:\/\/worldofflowerpots.com\/aut\/wp-json\/wp\/v2\/media?parent=53975"}],"wp:term":[{"taxonomy":"product_brand","embeddable":true,"href":"https:\/\/worldofflowerpots.com\/aut\/wp-json\/wp\/v2\/product_brand?post=53975"},{"taxonomy":"product_cat","embeddable":true,"href":"https:\/\/worldofflowerpots.com\/aut\/wp-json\/wp\/v2\/product_cat?post=53975"},{"taxonomy":"product_tag","embeddable":true,"href":"https:\/\/worldofflowerpots.com\/aut\/wp-json\/wp\/v2\/product_tag?post=53975"}],"curies":[{"name":"wp","href":"https:\/\/api.w.org\/{rel}","templated":true}]}}