{"id":53976,"date":"2019-01-18T15:09:20","date_gmt":"2019-01-18T14:09:20","guid":{"rendered":"https:\/\/worldofflowerpots.com\/sklep\/blumenkubel-gross-kunststoff-marco-6\/"},"modified":"2019-04-16T09:14:37","modified_gmt":"2019-04-16T07:14:37","slug":"blumenkubel-gross-kunststoff-marco-6","status":"publish","type":"product","link":"https:\/\/worldofflowerpots.com\/aut\/sortiment\/blumenkubel-gross-kunststoff-marco-6\/","title":{"rendered":"Blumenk\u00fcbel gross kunststoff Marco 6"},"content":{"rendered":"<h2>Marco 6 unsere Blumenk\u00fcbel gross kunststoff in XXL Format<\/h2>\n<p>Wenn die Tage wieder l\u00e4nger werden und die Natur wieder erwacht, ist die Zeit gekommen sich wieder au\u00dferhalb des Hauses aufzuhalten. Die eigene Terrasse oder Gartenterrasse bietet sich daf\u00fcr an. Durch den geschickten Einsatz von einem Pflanzenk\u00fcbel oder mehreren von ihnen, machen Sie diese Bereiche Ihres Haus zu einem angenehmen Platz, wo Sie sich gerne aufhalten. Pflanzenk\u00fcbel k\u00f6nnen als Schmuck f\u00fcr die Terrasse, als Blickfang oder Blickschutz verwenden.<\/p>\n<p>Der Blumenk\u00fcbel gross kunststoff\u00a0 Marco bietet Gew\u00e4chsen viel Raum, um sich zu entfalten. Da er nicht allzu hoch ist, kommen in ihm auch relativ kleinw\u00fcchsige Pflanzen gut zur Geltung. Gut genutzt kann der Pflanzenk\u00fcbel Marco 6 ein kleines St\u00fcck Natur ins B\u00fcro oder auf die Terrasse holen.<\/p>\n<h2>Damit lassen sich auch sch\u00f6ne optische Akzente setzen<\/h2>\n<p>Der quadratische Blumen kasten xxl Marco 6 ist besonders ideal f\u00fcr gro\u00dfe Bereiche und dort wo Gew\u00e4chse Platz brauchen, um sich voll zu entfalten. Da der Pflanzk\u00fcbel xxl nicht sehr hoch ist, ist er sehr gut f\u00fcr niedrig wachsende Pflanzen geeignet. Sie kommen dann auf Mauern oder Absetzen gut durch den Pflanzk\u00fcbel xxl zur Geltung. Sch\u00f6ne, bunte Blumeninseln schaffen eine besondere Atmosph\u00e4re.<\/p>\n<h2>Der Blumen kasten Marco 6 hat das Name XXL verdient<\/h2>\n<p>Der Blumenk\u00fcbel gross kunststoff Marco 6 hat einen quadratischen Grundriss. Bei einer Seitenl\u00e4nge von jeweils 100 Zentimeter ist das Gef\u00e4\u00df 40 Zentimeter hoch. Damit ergibt sich ein nutzbares Volumen von 350 Liter bei einem Eigengewicht von gerade einmal 15 Kilogramm.<\/p>\n<p>Das niedrige Gewicht kommt daher, weil Marco 6 aus Fiberglas gefertigt ist, einem Verbundmaterial, das gern f\u00fcr Pflanzenk\u00fcbel verwendet wird, weil es leicht und witterungsbest\u00e4ndig ist, aber trotzdem eine hohe mechanische Festigkeit aufweist. Kunden k\u00f6nnen den Pflanzenk\u00fcbel Marco 6 in unterschiedlichen Farben bestellen. Die Skala reicht von Wei\u00df \u00fcber Grau, Blau, Gr\u00fcn und Rot bis hin zu Anthrazit. Werden mehr als 4 St\u00fcck bestellt, kann die Farbe individuell gestaltet werden.<\/p>\n","protected":false},"excerpt":{"rendered":"<p>Material : Fiberglas<br \/>\nFarben: RAL 9010,9016,7045,7012,7021,9005<br \/>\nAndere RAL Farben Mindestabnahme 5 St\u00fcck<br \/>\nUV-resistent Isoliert mit Styropor<br \/>\nGewicht :15kg<br \/>\nAbmessungen B1000mm H400mm L1000mm<br \/>\nWetterfest<br \/>\nFrostbest\u00e4ndig bei gew\u00e4hrleistetem Wasserablauf<\/p>\n","protected":false},"featured_media":59260,"template":"","meta":{"_acf_changed":false},"product_brand":[],"product_cat":[396],"product_tag":[],"class_list":{"0":"post-53976","1":"product","2":"type-product","3":"status-publish","4":"has-post-thumbnail","6":"product_cat-pflanzkubel-fiberglas","7":"description-off","8":"tm-has-options","10":"first","11":"instock","12":"shipping-taxable","13":"purchasable","14":"product-type-simple"},"acf":[],"yoast_head":"<!-- This site is optimized with the Yoast SEO plugin v27.5 - https:\/\/yoast.com\/product\/yoast-seo-wordpress\/ -->\n<title>Blumenk\u00fcbel gross kunststoff Marco 6 | World of Flowerpots - producent donic ozdobnych<\/title>\n<meta name=\"robots\" content=\"index, follow, max-snippet:-1, max-image-preview:large, max-video-preview:-1\" \/>\n<link rel=\"canonical\" href=\"https:\/\/worldofflowerpots.com\/sklep\/blumenkubel-gross-kunststoff-marco-6\/\" \/>\n<meta property=\"og:locale\" content=\"de_DE\" \/>\n<meta property=\"og:type\" content=\"article\" \/>\n<meta property=\"og:title\" content=\"Blumenk\u00fcbel gross kunststoff Marco 6 | World of Flowerpots - producent donic ozdobnych\" \/>\n<meta property=\"og:description\" content=\"Material : Fiberglas Farben: RAL 9010,9016,7045,7012,7021,9005 Andere RAL Farben Mindestabnahme 5 St\u00fcck UV-resistent Isoliert mit Styropor Gewicht :15kg Abmessungen B1000mm H400mm L1000mm Wetterfest Frostbest\u00e4ndig bei gew\u00e4hrleistetem Wasserablauf\" \/>\n<meta property=\"og:url\" content=\"https:\/\/worldofflowerpots.com\/sklep\/blumenkubel-gross-kunststoff-marco-6\/\" \/>\n<meta property=\"og:site_name\" content=\"World of Flowerpots\" \/>\n<meta property=\"article:modified_time\" content=\"2019-04-16T07:14:37+00:00\" \/>\n<meta property=\"og:image\" content=\"https:\/\/worldofflowerpots.com\/wp-content\/uploads\/2019\/01\/blumenk\u00fcbel-gross-kunststoff-Marco-6.jpg\" \/>\n\t<meta property=\"og:image:width\" content=\"1920\" \/>\n\t<meta property=\"og:image:height\" content=\"1080\" \/>\n\t<meta property=\"og:image:type\" content=\"image\/jpeg\" \/>\n<meta name=\"twitter:card\" content=\"summary_large_image\" \/>\n<meta name=\"twitter:label1\" content=\"Est. reading time\" \/>\n\t<meta name=\"twitter:data1\" content=\"2 minutes\" \/>\n<script type=\"application\/ld+json\" class=\"yoast-schema-graph\">{\"@context\":\"https:\\\/\\\/schema.org\",\"@graph\":[{\"@type\":\"WebPage\",\"@id\":\"https:\\\/\\\/worldofflowerpots.com\\\/sklep\\\/blumenkubel-gross-kunststoff-marco-6\\\/\",\"url\":\"https:\\\/\\\/worldofflowerpots.com\\\/sklep\\\/blumenkubel-gross-kunststoff-marco-6\\\/\",\"name\":\"Blumenk\u00fcbel gross kunststoff Marco 6 | World of Flowerpots - producent donic ozdobnych\",\"isPartOf\":{\"@id\":\"https:\\\/\\\/worldofflowerpots.com\\\/#website\"},\"primaryImageOfPage\":{\"@id\":\"https:\\\/\\\/worldofflowerpots.com\\\/sklep\\\/blumenkubel-gross-kunststoff-marco-6\\\/#primaryimage\"},\"image\":{\"@id\":\"https:\\\/\\\/worldofflowerpots.com\\\/sklep\\\/blumenkubel-gross-kunststoff-marco-6\\\/#primaryimage\"},\"thumbnailUrl\":\"https:\\\/\\\/worldofflowerpots.com\\\/wp-content\\\/uploads\\\/2019\\\/01\\\/blumenk\u00fcbel-gross-kunststoff-Marco-6.jpg\",\"datePublished\":\"2019-01-18T14:09:20+00:00\",\"dateModified\":\"2019-04-16T07:14:37+00:00\",\"breadcrumb\":{\"@id\":\"https:\\\/\\\/worldofflowerpots.com\\\/sklep\\\/blumenkubel-gross-kunststoff-marco-6\\\/#breadcrumb\"},\"inLanguage\":\"de-AUT\",\"potentialAction\":[{\"@type\":\"ReadAction\",\"target\":[\"https:\\\/\\\/worldofflowerpots.com\\\/sklep\\\/blumenkubel-gross-kunststoff-marco-6\\\/\"]}]},{\"@type\":\"ImageObject\",\"inLanguage\":\"de-AUT\",\"@id\":\"https:\\\/\\\/worldofflowerpots.com\\\/sklep\\\/blumenkubel-gross-kunststoff-marco-6\\\/#primaryimage\",\"url\":\"https:\\\/\\\/worldofflowerpots.com\\\/wp-content\\\/uploads\\\/2019\\\/01\\\/blumenk\u00fcbel-gross-kunststoff-Marco-6.jpg\",\"contentUrl\":\"https:\\\/\\\/worldofflowerpots.com\\\/wp-content\\\/uploads\\\/2019\\\/01\\\/blumenk\u00fcbel-gross-kunststoff-Marco-6.jpg\",\"width\":1920,\"height\":1080},{\"@type\":\"BreadcrumbList\",\"@id\":\"https:\\\/\\\/worldofflowerpots.com\\\/sklep\\\/blumenkubel-gross-kunststoff-marco-6\\\/#breadcrumb\",\"itemListElement\":[{\"@type\":\"ListItem\",\"position\":1,\"name\":\"Strona g\u0142\u00f3wna\",\"item\":\"https:\\\/\\\/worldofflowerpots.com\\\/home\\\/\"},{\"@type\":\"ListItem\",\"position\":2,\"name\":\"Shop\",\"item\":\"https:\\\/\\\/worldofflowerpots.com\\\/sortiment\\\/\"},{\"@type\":\"ListItem\",\"position\":3,\"name\":\"Blumenk\u00fcbel gross kunststoff Marco 6\"}]},{\"@type\":\"WebSite\",\"@id\":\"https:\\\/\\\/worldofflowerpots.com\\\/#website\",\"url\":\"https:\\\/\\\/worldofflowerpots.com\\\/\",\"name\":\"World of Flowerpots\",\"description\":\"producent donic ozdobnych\",\"potentialAction\":[{\"@type\":\"SearchAction\",\"target\":{\"@type\":\"EntryPoint\",\"urlTemplate\":\"https:\\\/\\\/worldofflowerpots.com\\\/?s={search_term_string}\"},\"query-input\":{\"@type\":\"PropertyValueSpecification\",\"valueRequired\":true,\"valueName\":\"search_term_string\"}}],\"inLanguage\":\"de-AUT\"}]}<\/script>\n<!-- \/ Yoast SEO plugin. -->","yoast_head_json":{"title":"Blumenk\u00fcbel gross kunststoff Marco 6 | World of Flowerpots - producent donic ozdobnych","robots":{"index":"index","follow":"follow","max-snippet":"max-snippet:-1","max-image-preview":"max-image-preview:large","max-video-preview":"max-video-preview:-1"},"canonical":"https:\/\/worldofflowerpots.com\/sklep\/blumenkubel-gross-kunststoff-marco-6\/","og_locale":"de_DE","og_type":"article","og_title":"Blumenk\u00fcbel gross kunststoff Marco 6 | World of Flowerpots - producent donic ozdobnych","og_description":"Material : Fiberglas Farben: RAL 9010,9016,7045,7012,7021,9005 Andere RAL Farben Mindestabnahme 5 St\u00fcck UV-resistent Isoliert mit Styropor Gewicht :15kg Abmessungen B1000mm H400mm L1000mm Wetterfest Frostbest\u00e4ndig bei gew\u00e4hrleistetem Wasserablauf","og_url":"https:\/\/worldofflowerpots.com\/sklep\/blumenkubel-gross-kunststoff-marco-6\/","og_site_name":"World of Flowerpots","article_modified_time":"2019-04-16T07:14:37+00:00","og_image":[{"width":1920,"height":1080,"url":"https:\/\/worldofflowerpots.com\/wp-content\/uploads\/2019\/01\/blumenk\u00fcbel-gross-kunststoff-Marco-6.jpg","type":"image\/jpeg"}],"twitter_card":"summary_large_image","twitter_misc":{"Est. reading time":"2 minutes"},"schema":{"@context":"https:\/\/schema.org","@graph":[{"@type":"WebPage","@id":"https:\/\/worldofflowerpots.com\/sklep\/blumenkubel-gross-kunststoff-marco-6\/","url":"https:\/\/worldofflowerpots.com\/sklep\/blumenkubel-gross-kunststoff-marco-6\/","name":"Blumenk\u00fcbel gross kunststoff Marco 6 | World of Flowerpots - producent donic ozdobnych","isPartOf":{"@id":"https:\/\/worldofflowerpots.com\/#website"},"primaryImageOfPage":{"@id":"https:\/\/worldofflowerpots.com\/sklep\/blumenkubel-gross-kunststoff-marco-6\/#primaryimage"},"image":{"@id":"https:\/\/worldofflowerpots.com\/sklep\/blumenkubel-gross-kunststoff-marco-6\/#primaryimage"},"thumbnailUrl":"https:\/\/worldofflowerpots.com\/wp-content\/uploads\/2019\/01\/blumenk\u00fcbel-gross-kunststoff-Marco-6.jpg","datePublished":"2019-01-18T14:09:20+00:00","dateModified":"2019-04-16T07:14:37+00:00","breadcrumb":{"@id":"https:\/\/worldofflowerpots.com\/sklep\/blumenkubel-gross-kunststoff-marco-6\/#breadcrumb"},"inLanguage":"de-AUT","potentialAction":[{"@type":"ReadAction","target":["https:\/\/worldofflowerpots.com\/sklep\/blumenkubel-gross-kunststoff-marco-6\/"]}]},{"@type":"ImageObject","inLanguage":"de-AUT","@id":"https:\/\/worldofflowerpots.com\/sklep\/blumenkubel-gross-kunststoff-marco-6\/#primaryimage","url":"https:\/\/worldofflowerpots.com\/wp-content\/uploads\/2019\/01\/blumenk\u00fcbel-gross-kunststoff-Marco-6.jpg","contentUrl":"https:\/\/worldofflowerpots.com\/wp-content\/uploads\/2019\/01\/blumenk\u00fcbel-gross-kunststoff-Marco-6.jpg","width":1920,"height":1080},{"@type":"BreadcrumbList","@id":"https:\/\/worldofflowerpots.com\/sklep\/blumenkubel-gross-kunststoff-marco-6\/#breadcrumb","itemListElement":[{"@type":"ListItem","position":1,"name":"Strona g\u0142\u00f3wna","item":"https:\/\/worldofflowerpots.com\/home\/"},{"@type":"ListItem","position":2,"name":"Shop","item":"https:\/\/worldofflowerpots.com\/sortiment\/"},{"@type":"ListItem","position":3,"name":"Blumenk\u00fcbel gross kunststoff Marco 6"}]},{"@type":"WebSite","@id":"https:\/\/worldofflowerpots.com\/#website","url":"https:\/\/worldofflowerpots.com\/","name":"World of Flowerpots","description":"producent donic ozdobnych","potentialAction":[{"@type":"SearchAction","target":{"@type":"EntryPoint","urlTemplate":"https:\/\/worldofflowerpots.com\/?s={search_term_string}"},"query-input":{"@type":"PropertyValueSpecification","valueRequired":true,"valueName":"search_term_string"}}],"inLanguage":"de-AUT"}]}},"_links":{"self":[{"href":"https:\/\/worldofflowerpots.com\/aut\/wp-json\/wp\/v2\/product\/53976","targetHints":{"allow":["GET"]}}],"collection":[{"href":"https:\/\/worldofflowerpots.com\/aut\/wp-json\/wp\/v2\/product"}],"about":[{"href":"https:\/\/worldofflowerpots.com\/aut\/wp-json\/wp\/v2\/types\/product"}],"wp:featuredmedia":[{"embeddable":true,"href":"https:\/\/worldofflowerpots.com\/aut\/wp-json\/wp\/v2\/media\/59260"}],"wp:attachment":[{"href":"https:\/\/worldofflowerpots.com\/aut\/wp-json\/wp\/v2\/media?parent=53976"}],"wp:term":[{"taxonomy":"product_brand","embeddable":true,"href":"https:\/\/worldofflowerpots.com\/aut\/wp-json\/wp\/v2\/product_brand?post=53976"},{"taxonomy":"product_cat","embeddable":true,"href":"https:\/\/worldofflowerpots.com\/aut\/wp-json\/wp\/v2\/product_cat?post=53976"},{"taxonomy":"product_tag","embeddable":true,"href":"https:\/\/worldofflowerpots.com\/aut\/wp-json\/wp\/v2\/product_tag?post=53976"}],"curies":[{"name":"wp","href":"https:\/\/api.w.org\/{rel}","templated":true}]}}