{"id":53977,"date":"2019-01-18T15:09:20","date_gmt":"2019-01-18T14:09:20","guid":{"rendered":"https:\/\/worldofflowerpots.com\/sklep\/pflanztrog-fiberglas-marco-4\/"},"modified":"2019-04-16T09:21:59","modified_gmt":"2019-04-16T07:21:59","slug":"pflanztrog-fiberglas-marco-4","status":"publish","type":"product","link":"https:\/\/worldofflowerpots.com\/aut\/sortiment\/pflanztrog-fiberglas-marco-4\/","title":{"rendered":"Pflanztrog Fiberglas Marco 4"},"content":{"rendered":"<h2>Pflanztrog fiberglas der Reihe Marco sind quadratisch<\/h2>\n<p>Bei World Of Flowerpots finden Sie einen Pflanztopf aus besonders robusten Materialien f\u00fcr verschiedenste Einsatzm\u00f6glichkeiten. Durch ihre kompakte Form sind sie hervorragend zum Raumteiler oder Sichtschutz geeignet. Pflanzen, die Sie darin anpflanzen, finden darin viel Platz und k\u00f6nnen auch dekorative Hecke ausbilden.<\/p>\n<h2>Marco in Innenr\u00e4umen<\/h2>\n<p>Der Pflanztrog fiberglas\u00a0 Marco 4 ist aus witterungsbest\u00e4ndigem sehr dekorativen anthrazitfarbenen Fiberglas gefertigt. Damit eignet sich der Marco 4 sowohl f\u00fcr die Terrasse als auch f\u00fcr Balkon, er ist auch in Innenr\u00e4umen ein Blickfang Kunden lieben die Farbe Anthrazit, doch gibt es den Marco 4 auch in anderen Farben zu kaufen. Sie k\u00f6nnen die Farben miteinander kombinieren. Stellen Sie Ihn zentral auf und pflanzen Sie darin eine gro\u00dfe Palme an. Die Begeisterung Ihrer Besucher wird Ihnen sicher sein.<\/p>\n<h2>Raumklima mit pflanzk\u00fcbel fiberglas gut gestalten<\/h2>\n<p>Gr\u00fcnpflanzen werden als Raumschmuck immer beliebter, nicht nur weil sie sch\u00f6n aussehen, sondern weil sie dazu beitragen, das Raumklima zu verbessern. Um richtig wachsen und gedeihen zu k\u00f6nnen, ben\u00f6tigen sie jedoch die entsprechenden Pflanzenk\u00fcbel. Auf der Webseite von World Of Flowerpots k\u00f6nnen sich die Kunden aus einem reichhaltigen Sortiment den passenden Blumen kasten aussuchen.<\/p>\n<h2>Marco 4 und die M\u00f6glichkeiten<\/h2>\n<p>Der Blumen kasten Marco 4 hat die Form eines W\u00fcrfels, bei dem jede Kante 70 Zentimeter lang ist. Dadurch hat er ein nutzbares Volumen von 340 Liter, wiegt aber nur 14 Kilogramm, weil er aus Fiberglas gefertigt ist. Das Material ist leicht aber trotzdem stabil und wird in einer ganzen Reihe von Farben geliefert. Kunden k\u00f6nnen sich bei der Bestellung ihre Lieblingsfarbe aussuchen. Werden mindestens 4 Pflanzenk\u00fcbel bestellt, haben sie auch die M\u00f6glichkeit, ihre W\u00fcnsche zur individuellen Farbgestaltung zu \u00e4u\u00dfern. Der Pflanzenk\u00fcbel Marco 4 kann sowohl im Innenbereich als auch im Freien verwendet werden, da Fiberglas wetterbest\u00e4ndig ist.<\/p>\n","protected":false},"excerpt":{"rendered":"<p>Material : Fiberglas<br \/>\nFarben: RAL 9010,9016,7045,7012,7021,9005<br \/>\nAndere RAL Farben Mindestabnahme 5 St\u00fcck<br \/>\nWetterfestIsoliert mit Styropor<br \/>\nGewicht :14kg<br \/>\nAbmessungen B700mm H700mm L700mm<br \/>\nWetterfest und UV resistent<br \/>\nFrostbest\u00e4ndig bei gew\u00e4hrleistetem Wasserablauf<\/p>\n","protected":false},"featured_media":59280,"template":"","meta":{"_acf_changed":false},"product_brand":[],"product_cat":[396],"product_tag":[482],"class_list":{"0":"post-53977","1":"product","2":"type-product","3":"status-publish","4":"has-post-thumbnail","6":"product_cat-pflanzkubel-fiberglas","7":"product_tag-donice-ogrodowe-de-aut","8":"description-off","9":"tm-has-options","11":"first","12":"instock","13":"shipping-taxable","14":"purchasable","15":"product-type-simple"},"acf":[],"yoast_head":"<!-- This site is optimized with the Yoast SEO plugin v27.5 - https:\/\/yoast.com\/product\/yoast-seo-wordpress\/ -->\n<title>Pflanztrog fiberglas f\u00fcr verschiedenste Einsatzm\u00f6glichkeiten<\/title>\n<meta name=\"description\" content=\"Raumklima mit pflanzk\u00fcbel fiberglas gut gestalten als Raumschmuck immer beliebter weil sie dazu beitragen, das Raumklima zu verbessern.\" \/>\n<meta name=\"robots\" content=\"index, follow, max-snippet:-1, max-image-preview:large, max-video-preview:-1\" \/>\n<link rel=\"canonical\" href=\"https:\/\/worldofflowerpots.com\/sklep\/pflanztrog-fiberglas-marco-4\/\" \/>\n<meta property=\"og:locale\" content=\"de_DE\" \/>\n<meta property=\"og:type\" content=\"article\" \/>\n<meta property=\"og:title\" content=\"Pflanztrog fiberglas f\u00fcr verschiedenste Einsatzm\u00f6glichkeiten\" \/>\n<meta property=\"og:description\" content=\"Raumklima mit pflanzk\u00fcbel fiberglas gut gestalten als Raumschmuck immer beliebter weil sie dazu beitragen, das Raumklima zu verbessern.\" \/>\n<meta property=\"og:url\" content=\"https:\/\/worldofflowerpots.com\/sklep\/pflanztrog-fiberglas-marco-4\/\" \/>\n<meta property=\"og:site_name\" content=\"World of Flowerpots\" \/>\n<meta property=\"article:modified_time\" content=\"2019-04-16T07:21:59+00:00\" \/>\n<meta property=\"og:image\" content=\"https:\/\/worldofflowerpots.com\/wp-content\/uploads\/2019\/01\/pflanztrog-fiberglas-Marco-4.jpg\" \/>\n\t<meta property=\"og:image:width\" content=\"1920\" \/>\n\t<meta property=\"og:image:height\" content=\"1080\" \/>\n\t<meta property=\"og:image:type\" content=\"image\/jpeg\" \/>\n<meta name=\"twitter:card\" content=\"summary_large_image\" \/>\n<meta name=\"twitter:label1\" content=\"Est. reading time\" \/>\n\t<meta name=\"twitter:data1\" content=\"2 minutes\" \/>\n<script type=\"application\/ld+json\" class=\"yoast-schema-graph\">{\"@context\":\"https:\\\/\\\/schema.org\",\"@graph\":[{\"@type\":\"WebPage\",\"@id\":\"https:\\\/\\\/worldofflowerpots.com\\\/sklep\\\/pflanztrog-fiberglas-marco-4\\\/\",\"url\":\"https:\\\/\\\/worldofflowerpots.com\\\/sklep\\\/pflanztrog-fiberglas-marco-4\\\/\",\"name\":\"Pflanztrog fiberglas f\u00fcr verschiedenste Einsatzm\u00f6glichkeiten\",\"isPartOf\":{\"@id\":\"https:\\\/\\\/worldofflowerpots.com\\\/#website\"},\"primaryImageOfPage\":{\"@id\":\"https:\\\/\\\/worldofflowerpots.com\\\/sklep\\\/pflanztrog-fiberglas-marco-4\\\/#primaryimage\"},\"image\":{\"@id\":\"https:\\\/\\\/worldofflowerpots.com\\\/sklep\\\/pflanztrog-fiberglas-marco-4\\\/#primaryimage\"},\"thumbnailUrl\":\"https:\\\/\\\/worldofflowerpots.com\\\/wp-content\\\/uploads\\\/2019\\\/01\\\/pflanztrog-fiberglas-Marco-4.jpg\",\"datePublished\":\"2019-01-18T14:09:20+00:00\",\"dateModified\":\"2019-04-16T07:21:59+00:00\",\"description\":\"Raumklima mit pflanzk\u00fcbel fiberglas gut gestalten als Raumschmuck immer beliebter weil sie dazu beitragen, das Raumklima zu verbessern.\",\"breadcrumb\":{\"@id\":\"https:\\\/\\\/worldofflowerpots.com\\\/sklep\\\/pflanztrog-fiberglas-marco-4\\\/#breadcrumb\"},\"inLanguage\":\"de-AUT\",\"potentialAction\":[{\"@type\":\"ReadAction\",\"target\":[\"https:\\\/\\\/worldofflowerpots.com\\\/sklep\\\/pflanztrog-fiberglas-marco-4\\\/\"]}]},{\"@type\":\"ImageObject\",\"inLanguage\":\"de-AUT\",\"@id\":\"https:\\\/\\\/worldofflowerpots.com\\\/sklep\\\/pflanztrog-fiberglas-marco-4\\\/#primaryimage\",\"url\":\"https:\\\/\\\/worldofflowerpots.com\\\/wp-content\\\/uploads\\\/2019\\\/01\\\/pflanztrog-fiberglas-Marco-4.jpg\",\"contentUrl\":\"https:\\\/\\\/worldofflowerpots.com\\\/wp-content\\\/uploads\\\/2019\\\/01\\\/pflanztrog-fiberglas-Marco-4.jpg\",\"width\":1920,\"height\":1080},{\"@type\":\"BreadcrumbList\",\"@id\":\"https:\\\/\\\/worldofflowerpots.com\\\/sklep\\\/pflanztrog-fiberglas-marco-4\\\/#breadcrumb\",\"itemListElement\":[{\"@type\":\"ListItem\",\"position\":1,\"name\":\"Strona g\u0142\u00f3wna\",\"item\":\"https:\\\/\\\/worldofflowerpots.com\\\/home\\\/\"},{\"@type\":\"ListItem\",\"position\":2,\"name\":\"Shop\",\"item\":\"https:\\\/\\\/worldofflowerpots.com\\\/sortiment\\\/\"},{\"@type\":\"ListItem\",\"position\":3,\"name\":\"Pflanztrog Fiberglas Marco 4\"}]},{\"@type\":\"WebSite\",\"@id\":\"https:\\\/\\\/worldofflowerpots.com\\\/#website\",\"url\":\"https:\\\/\\\/worldofflowerpots.com\\\/\",\"name\":\"World of Flowerpots\",\"description\":\"producent donic ozdobnych\",\"potentialAction\":[{\"@type\":\"SearchAction\",\"target\":{\"@type\":\"EntryPoint\",\"urlTemplate\":\"https:\\\/\\\/worldofflowerpots.com\\\/?s={search_term_string}\"},\"query-input\":{\"@type\":\"PropertyValueSpecification\",\"valueRequired\":true,\"valueName\":\"search_term_string\"}}],\"inLanguage\":\"de-AUT\"}]}<\/script>\n<!-- \/ Yoast SEO plugin. -->","yoast_head_json":{"title":"Pflanztrog fiberglas f\u00fcr verschiedenste Einsatzm\u00f6glichkeiten","description":"Raumklima mit pflanzk\u00fcbel fiberglas gut gestalten als Raumschmuck immer beliebter weil sie dazu beitragen, das Raumklima zu verbessern.","robots":{"index":"index","follow":"follow","max-snippet":"max-snippet:-1","max-image-preview":"max-image-preview:large","max-video-preview":"max-video-preview:-1"},"canonical":"https:\/\/worldofflowerpots.com\/sklep\/pflanztrog-fiberglas-marco-4\/","og_locale":"de_DE","og_type":"article","og_title":"Pflanztrog fiberglas f\u00fcr verschiedenste Einsatzm\u00f6glichkeiten","og_description":"Raumklima mit pflanzk\u00fcbel fiberglas gut gestalten als Raumschmuck immer beliebter weil sie dazu beitragen, das Raumklima zu verbessern.","og_url":"https:\/\/worldofflowerpots.com\/sklep\/pflanztrog-fiberglas-marco-4\/","og_site_name":"World of Flowerpots","article_modified_time":"2019-04-16T07:21:59+00:00","og_image":[{"width":1920,"height":1080,"url":"https:\/\/worldofflowerpots.com\/wp-content\/uploads\/2019\/01\/pflanztrog-fiberglas-Marco-4.jpg","type":"image\/jpeg"}],"twitter_card":"summary_large_image","twitter_misc":{"Est. reading time":"2 minutes"},"schema":{"@context":"https:\/\/schema.org","@graph":[{"@type":"WebPage","@id":"https:\/\/worldofflowerpots.com\/sklep\/pflanztrog-fiberglas-marco-4\/","url":"https:\/\/worldofflowerpots.com\/sklep\/pflanztrog-fiberglas-marco-4\/","name":"Pflanztrog fiberglas f\u00fcr verschiedenste Einsatzm\u00f6glichkeiten","isPartOf":{"@id":"https:\/\/worldofflowerpots.com\/#website"},"primaryImageOfPage":{"@id":"https:\/\/worldofflowerpots.com\/sklep\/pflanztrog-fiberglas-marco-4\/#primaryimage"},"image":{"@id":"https:\/\/worldofflowerpots.com\/sklep\/pflanztrog-fiberglas-marco-4\/#primaryimage"},"thumbnailUrl":"https:\/\/worldofflowerpots.com\/wp-content\/uploads\/2019\/01\/pflanztrog-fiberglas-Marco-4.jpg","datePublished":"2019-01-18T14:09:20+00:00","dateModified":"2019-04-16T07:21:59+00:00","description":"Raumklima mit pflanzk\u00fcbel fiberglas gut gestalten als Raumschmuck immer beliebter weil sie dazu beitragen, das Raumklima zu verbessern.","breadcrumb":{"@id":"https:\/\/worldofflowerpots.com\/sklep\/pflanztrog-fiberglas-marco-4\/#breadcrumb"},"inLanguage":"de-AUT","potentialAction":[{"@type":"ReadAction","target":["https:\/\/worldofflowerpots.com\/sklep\/pflanztrog-fiberglas-marco-4\/"]}]},{"@type":"ImageObject","inLanguage":"de-AUT","@id":"https:\/\/worldofflowerpots.com\/sklep\/pflanztrog-fiberglas-marco-4\/#primaryimage","url":"https:\/\/worldofflowerpots.com\/wp-content\/uploads\/2019\/01\/pflanztrog-fiberglas-Marco-4.jpg","contentUrl":"https:\/\/worldofflowerpots.com\/wp-content\/uploads\/2019\/01\/pflanztrog-fiberglas-Marco-4.jpg","width":1920,"height":1080},{"@type":"BreadcrumbList","@id":"https:\/\/worldofflowerpots.com\/sklep\/pflanztrog-fiberglas-marco-4\/#breadcrumb","itemListElement":[{"@type":"ListItem","position":1,"name":"Strona g\u0142\u00f3wna","item":"https:\/\/worldofflowerpots.com\/home\/"},{"@type":"ListItem","position":2,"name":"Shop","item":"https:\/\/worldofflowerpots.com\/sortiment\/"},{"@type":"ListItem","position":3,"name":"Pflanztrog Fiberglas Marco 4"}]},{"@type":"WebSite","@id":"https:\/\/worldofflowerpots.com\/#website","url":"https:\/\/worldofflowerpots.com\/","name":"World of Flowerpots","description":"producent donic ozdobnych","potentialAction":[{"@type":"SearchAction","target":{"@type":"EntryPoint","urlTemplate":"https:\/\/worldofflowerpots.com\/?s={search_term_string}"},"query-input":{"@type":"PropertyValueSpecification","valueRequired":true,"valueName":"search_term_string"}}],"inLanguage":"de-AUT"}]}},"_links":{"self":[{"href":"https:\/\/worldofflowerpots.com\/aut\/wp-json\/wp\/v2\/product\/53977","targetHints":{"allow":["GET"]}}],"collection":[{"href":"https:\/\/worldofflowerpots.com\/aut\/wp-json\/wp\/v2\/product"}],"about":[{"href":"https:\/\/worldofflowerpots.com\/aut\/wp-json\/wp\/v2\/types\/product"}],"wp:featuredmedia":[{"embeddable":true,"href":"https:\/\/worldofflowerpots.com\/aut\/wp-json\/wp\/v2\/media\/59280"}],"wp:attachment":[{"href":"https:\/\/worldofflowerpots.com\/aut\/wp-json\/wp\/v2\/media?parent=53977"}],"wp:term":[{"taxonomy":"product_brand","embeddable":true,"href":"https:\/\/worldofflowerpots.com\/aut\/wp-json\/wp\/v2\/product_brand?post=53977"},{"taxonomy":"product_cat","embeddable":true,"href":"https:\/\/worldofflowerpots.com\/aut\/wp-json\/wp\/v2\/product_cat?post=53977"},{"taxonomy":"product_tag","embeddable":true,"href":"https:\/\/worldofflowerpots.com\/aut\/wp-json\/wp\/v2\/product_tag?post=53977"}],"curies":[{"name":"wp","href":"https:\/\/api.w.org\/{rel}","templated":true}]}}