{"id":53979,"date":"2019-01-18T15:08:59","date_gmt":"2019-01-18T14:08:59","guid":{"rendered":"https:\/\/worldofflowerpots.com\/sklep\/fiberglas-pflanzkubel-marco-3\/"},"modified":"2019-04-16T09:36:57","modified_gmt":"2019-04-16T07:36:57","slug":"fiberglas-pflanzkubel-marco-3","status":"publish","type":"product","link":"https:\/\/worldofflowerpots.com\/aut\/sortiment\/fiberglas-pflanzkubel-marco-3\/","title":{"rendered":"Fiberglas pflanzk\u00fcbel Marco 3"},"content":{"rendered":"<h2>Fiberglas pflanzk\u00fcbel Marco 3<\/h2>\n<p>Wie w\u00e4re es mit ein paar h\u00fcbschen Blumen, frischen Kr\u00e4utern oder gar Obst und Gem\u00fcse? Es gibt eine Vielzahl an M\u00f6glichkeiten, Ihr Zuhause der Natur ein St\u00fcck n\u00e4her zu bringen und somit ein Gef\u00fchl von Wohlbefinden zu verleihen. Unsere Blumen kasten machen dies sogar auf ihrem Balkon m\u00f6glich. Das wetterfeste Fiberglas macht sie besonders best\u00e4ndig. Durch ihr geringes Gewicht sind sie zudem sehr leicht zu transportieren und wirken aber dennoch massiv. Die simpel gehaltene Form, in Kombination mit der Farbe Anthrazit, ist zeitlos sch\u00f6n und wohl f\u00fcr so gut wie jeden Standort und Geschmack passend. Egal ob f\u00fcr Garten oder Balkon, die Blumenk\u00fcbel Anthrazit machen sich einfach \u00fcberall gut.<\/p>\n<h2>Pflanzk\u00fcbel fiberglas Marco 3 der W\u00fcrfel<\/h2>\n<p>Der fiberglas pflanzk\u00fcbel Marco 3 ist sozusagen der \u201egr\u00f6\u00dfere Bruder\u201d des K\u00fcbels Marco 1 aus der beliebten Marco-Reihe. Wie auch sein \u201ekleinerer Bruder\u201d ist der Pflanzenk\u00fcbel Marco 3 ebenfalls w\u00fcrfelf\u00f6rmig gebaut. Jede der Seiten ist 60 Zentimeter lang. Die H\u00f6he des Gef\u00e4\u00dfes betr\u00e4gt ebenfalls 60 Zentimeter. Bei einem Fassungsverm\u00f6gen von insgesamt 160 Liter bringt Marco 3 gerade einmal 16 Kilogramm Eigengewicht auf die Waage.<\/p>\n<h2>Mehr W\u00fcrfel bei Blumen kasten Marco 3 geht nicht<\/h2>\n<p>Der Pflanzenw\u00fcrfel wird aus Fiberglas gefertigt, was ihn besonders leicht, aber trotzdem widerstandsf\u00e4hig macht. Das Verbundmaterial kann in beinahe jede beliebige Form gebracht werden und ist in 10 verschiedenen Farben lieferbar. Bei den Kunden ist Anthrazit besonders beliebt, auf Wunsch ist Marco 3 aber auch in anderen Farben wie Wei\u00df, Grau oder Rot erh\u00e4ltlich. Wenn mindestens 4 St\u00fcck auf einmal bestellt werden, hat der Kunde die M\u00f6glichkeit, die Farbe individuell zu gestalten. Marco 3 bietet viel Raum f\u00fcr Gestaltungsm\u00f6glichkeiten und kann sowohl mit solit\u00e4ren Pflanzen als auch mit Pflanzengruppen bepflanzt werden.<\/p>\n","protected":false},"excerpt":{"rendered":"<p>Material : Fiberglas<br \/>\nFarben: RAL 9010,9016,7045,7012,7021,9005<br \/>\nAndere RAL Farben Mindestabnahme 5 St\u00fcck<br \/>\nUV-resistent Isoliert mit Styropor<br \/>\nGewicht :12kg<br \/>\nAbmessungen B600mm H600mm L600mm<br \/>\nWetterfest<br \/>\nFrostbest\u00e4ndig bei gew\u00e4hrleistetem Wasserablauf<\/p>\n","protected":false},"featured_media":59290,"template":"","meta":{"_acf_changed":false},"product_brand":[],"product_cat":[396],"product_tag":[482],"class_list":{"0":"post-53979","1":"product","2":"type-product","3":"status-publish","4":"has-post-thumbnail","6":"product_cat-pflanzkubel-fiberglas","7":"product_tag-donice-ogrodowe-de-aut","8":"description-off","9":"tm-has-options","11":"first","12":"instock","13":"shipping-taxable","14":"purchasable","15":"product-type-simple"},"acf":[],"yoast_head":"<!-- This site is optimized with the Yoast SEO plugin v27.5 - https:\/\/yoast.com\/product\/yoast-seo-wordpress\/ -->\n<title>Fiberglas pflanzk\u00fcbel besonders leicht, aber trotzdem widerstandsf\u00e4hig<\/title>\n<meta name=\"description\" content=\"Das wetterfeste Fiberglas pflanzk\u00fcbel durch ihr geringes Gewicht sind sehr leicht zu transportieren und wirken aber dennoch massiv\" \/>\n<meta name=\"robots\" content=\"index, follow, max-snippet:-1, max-image-preview:large, max-video-preview:-1\" \/>\n<link rel=\"canonical\" href=\"https:\/\/worldofflowerpots.com\/sklep\/fiberglas-pflanzkubel-marco-3\/\" \/>\n<meta property=\"og:locale\" content=\"de_DE\" \/>\n<meta property=\"og:type\" content=\"article\" \/>\n<meta property=\"og:title\" content=\"Fiberglas pflanzk\u00fcbel besonders leicht, aber trotzdem widerstandsf\u00e4hig\" \/>\n<meta property=\"og:description\" content=\"Das wetterfeste Fiberglas pflanzk\u00fcbel durch ihr geringes Gewicht sind sehr leicht zu transportieren und wirken aber dennoch massiv\" \/>\n<meta property=\"og:url\" content=\"https:\/\/worldofflowerpots.com\/sklep\/fiberglas-pflanzkubel-marco-3\/\" \/>\n<meta property=\"og:site_name\" content=\"World of Flowerpots\" \/>\n<meta property=\"article:modified_time\" content=\"2019-04-16T07:36:57+00:00\" \/>\n<meta property=\"og:image\" content=\"https:\/\/worldofflowerpots.com\/wp-content\/uploads\/2019\/01\/fiberglas-pflanzk\u00fcbel-Marco-3.jpg\" \/>\n\t<meta property=\"og:image:width\" content=\"1920\" \/>\n\t<meta property=\"og:image:height\" content=\"1080\" \/>\n\t<meta property=\"og:image:type\" content=\"image\/jpeg\" \/>\n<meta name=\"twitter:card\" content=\"summary_large_image\" \/>\n<meta name=\"twitter:label1\" content=\"Est. reading time\" \/>\n\t<meta name=\"twitter:data1\" content=\"2 minutes\" \/>\n<script type=\"application\/ld+json\" class=\"yoast-schema-graph\">{\"@context\":\"https:\\\/\\\/schema.org\",\"@graph\":[{\"@type\":\"WebPage\",\"@id\":\"https:\\\/\\\/worldofflowerpots.com\\\/sklep\\\/fiberglas-pflanzkubel-marco-3\\\/\",\"url\":\"https:\\\/\\\/worldofflowerpots.com\\\/sklep\\\/fiberglas-pflanzkubel-marco-3\\\/\",\"name\":\"Fiberglas pflanzk\u00fcbel besonders leicht, aber trotzdem widerstandsf\u00e4hig\",\"isPartOf\":{\"@id\":\"https:\\\/\\\/worldofflowerpots.com\\\/#website\"},\"primaryImageOfPage\":{\"@id\":\"https:\\\/\\\/worldofflowerpots.com\\\/sklep\\\/fiberglas-pflanzkubel-marco-3\\\/#primaryimage\"},\"image\":{\"@id\":\"https:\\\/\\\/worldofflowerpots.com\\\/sklep\\\/fiberglas-pflanzkubel-marco-3\\\/#primaryimage\"},\"thumbnailUrl\":\"https:\\\/\\\/worldofflowerpots.com\\\/wp-content\\\/uploads\\\/2019\\\/01\\\/fiberglas-pflanzk\u00fcbel-Marco-3.jpg\",\"datePublished\":\"2019-01-18T14:08:59+00:00\",\"dateModified\":\"2019-04-16T07:36:57+00:00\",\"description\":\"Das wetterfeste Fiberglas pflanzk\u00fcbel durch ihr geringes Gewicht sind sehr leicht zu transportieren und wirken aber dennoch massiv\",\"breadcrumb\":{\"@id\":\"https:\\\/\\\/worldofflowerpots.com\\\/sklep\\\/fiberglas-pflanzkubel-marco-3\\\/#breadcrumb\"},\"inLanguage\":\"de-AUT\",\"potentialAction\":[{\"@type\":\"ReadAction\",\"target\":[\"https:\\\/\\\/worldofflowerpots.com\\\/sklep\\\/fiberglas-pflanzkubel-marco-3\\\/\"]}]},{\"@type\":\"ImageObject\",\"inLanguage\":\"de-AUT\",\"@id\":\"https:\\\/\\\/worldofflowerpots.com\\\/sklep\\\/fiberglas-pflanzkubel-marco-3\\\/#primaryimage\",\"url\":\"https:\\\/\\\/worldofflowerpots.com\\\/wp-content\\\/uploads\\\/2019\\\/01\\\/fiberglas-pflanzk\u00fcbel-Marco-3.jpg\",\"contentUrl\":\"https:\\\/\\\/worldofflowerpots.com\\\/wp-content\\\/uploads\\\/2019\\\/01\\\/fiberglas-pflanzk\u00fcbel-Marco-3.jpg\",\"width\":1920,\"height\":1080},{\"@type\":\"BreadcrumbList\",\"@id\":\"https:\\\/\\\/worldofflowerpots.com\\\/sklep\\\/fiberglas-pflanzkubel-marco-3\\\/#breadcrumb\",\"itemListElement\":[{\"@type\":\"ListItem\",\"position\":1,\"name\":\"Strona g\u0142\u00f3wna\",\"item\":\"https:\\\/\\\/worldofflowerpots.com\\\/home\\\/\"},{\"@type\":\"ListItem\",\"position\":2,\"name\":\"Shop\",\"item\":\"https:\\\/\\\/worldofflowerpots.com\\\/sortiment\\\/\"},{\"@type\":\"ListItem\",\"position\":3,\"name\":\"Fiberglas pflanzk\u00fcbel Marco 3\"}]},{\"@type\":\"WebSite\",\"@id\":\"https:\\\/\\\/worldofflowerpots.com\\\/#website\",\"url\":\"https:\\\/\\\/worldofflowerpots.com\\\/\",\"name\":\"World of Flowerpots\",\"description\":\"producent donic ozdobnych\",\"potentialAction\":[{\"@type\":\"SearchAction\",\"target\":{\"@type\":\"EntryPoint\",\"urlTemplate\":\"https:\\\/\\\/worldofflowerpots.com\\\/?s={search_term_string}\"},\"query-input\":{\"@type\":\"PropertyValueSpecification\",\"valueRequired\":true,\"valueName\":\"search_term_string\"}}],\"inLanguage\":\"de-AUT\"}]}<\/script>\n<!-- \/ Yoast SEO plugin. -->","yoast_head_json":{"title":"Fiberglas pflanzk\u00fcbel besonders leicht, aber trotzdem widerstandsf\u00e4hig","description":"Das wetterfeste Fiberglas pflanzk\u00fcbel durch ihr geringes Gewicht sind sehr leicht zu transportieren und wirken aber dennoch massiv","robots":{"index":"index","follow":"follow","max-snippet":"max-snippet:-1","max-image-preview":"max-image-preview:large","max-video-preview":"max-video-preview:-1"},"canonical":"https:\/\/worldofflowerpots.com\/sklep\/fiberglas-pflanzkubel-marco-3\/","og_locale":"de_DE","og_type":"article","og_title":"Fiberglas pflanzk\u00fcbel besonders leicht, aber trotzdem widerstandsf\u00e4hig","og_description":"Das wetterfeste Fiberglas pflanzk\u00fcbel durch ihr geringes Gewicht sind sehr leicht zu transportieren und wirken aber dennoch massiv","og_url":"https:\/\/worldofflowerpots.com\/sklep\/fiberglas-pflanzkubel-marco-3\/","og_site_name":"World of Flowerpots","article_modified_time":"2019-04-16T07:36:57+00:00","og_image":[{"width":1920,"height":1080,"url":"https:\/\/worldofflowerpots.com\/wp-content\/uploads\/2019\/01\/fiberglas-pflanzk\u00fcbel-Marco-3.jpg","type":"image\/jpeg"}],"twitter_card":"summary_large_image","twitter_misc":{"Est. reading time":"2 minutes"},"schema":{"@context":"https:\/\/schema.org","@graph":[{"@type":"WebPage","@id":"https:\/\/worldofflowerpots.com\/sklep\/fiberglas-pflanzkubel-marco-3\/","url":"https:\/\/worldofflowerpots.com\/sklep\/fiberglas-pflanzkubel-marco-3\/","name":"Fiberglas pflanzk\u00fcbel besonders leicht, aber trotzdem widerstandsf\u00e4hig","isPartOf":{"@id":"https:\/\/worldofflowerpots.com\/#website"},"primaryImageOfPage":{"@id":"https:\/\/worldofflowerpots.com\/sklep\/fiberglas-pflanzkubel-marco-3\/#primaryimage"},"image":{"@id":"https:\/\/worldofflowerpots.com\/sklep\/fiberglas-pflanzkubel-marco-3\/#primaryimage"},"thumbnailUrl":"https:\/\/worldofflowerpots.com\/wp-content\/uploads\/2019\/01\/fiberglas-pflanzk\u00fcbel-Marco-3.jpg","datePublished":"2019-01-18T14:08:59+00:00","dateModified":"2019-04-16T07:36:57+00:00","description":"Das wetterfeste Fiberglas pflanzk\u00fcbel durch ihr geringes Gewicht sind sehr leicht zu transportieren und wirken aber dennoch massiv","breadcrumb":{"@id":"https:\/\/worldofflowerpots.com\/sklep\/fiberglas-pflanzkubel-marco-3\/#breadcrumb"},"inLanguage":"de-AUT","potentialAction":[{"@type":"ReadAction","target":["https:\/\/worldofflowerpots.com\/sklep\/fiberglas-pflanzkubel-marco-3\/"]}]},{"@type":"ImageObject","inLanguage":"de-AUT","@id":"https:\/\/worldofflowerpots.com\/sklep\/fiberglas-pflanzkubel-marco-3\/#primaryimage","url":"https:\/\/worldofflowerpots.com\/wp-content\/uploads\/2019\/01\/fiberglas-pflanzk\u00fcbel-Marco-3.jpg","contentUrl":"https:\/\/worldofflowerpots.com\/wp-content\/uploads\/2019\/01\/fiberglas-pflanzk\u00fcbel-Marco-3.jpg","width":1920,"height":1080},{"@type":"BreadcrumbList","@id":"https:\/\/worldofflowerpots.com\/sklep\/fiberglas-pflanzkubel-marco-3\/#breadcrumb","itemListElement":[{"@type":"ListItem","position":1,"name":"Strona g\u0142\u00f3wna","item":"https:\/\/worldofflowerpots.com\/home\/"},{"@type":"ListItem","position":2,"name":"Shop","item":"https:\/\/worldofflowerpots.com\/sortiment\/"},{"@type":"ListItem","position":3,"name":"Fiberglas pflanzk\u00fcbel Marco 3"}]},{"@type":"WebSite","@id":"https:\/\/worldofflowerpots.com\/#website","url":"https:\/\/worldofflowerpots.com\/","name":"World of Flowerpots","description":"producent donic ozdobnych","potentialAction":[{"@type":"SearchAction","target":{"@type":"EntryPoint","urlTemplate":"https:\/\/worldofflowerpots.com\/?s={search_term_string}"},"query-input":{"@type":"PropertyValueSpecification","valueRequired":true,"valueName":"search_term_string"}}],"inLanguage":"de-AUT"}]}},"_links":{"self":[{"href":"https:\/\/worldofflowerpots.com\/aut\/wp-json\/wp\/v2\/product\/53979","targetHints":{"allow":["GET"]}}],"collection":[{"href":"https:\/\/worldofflowerpots.com\/aut\/wp-json\/wp\/v2\/product"}],"about":[{"href":"https:\/\/worldofflowerpots.com\/aut\/wp-json\/wp\/v2\/types\/product"}],"wp:featuredmedia":[{"embeddable":true,"href":"https:\/\/worldofflowerpots.com\/aut\/wp-json\/wp\/v2\/media\/59290"}],"wp:attachment":[{"href":"https:\/\/worldofflowerpots.com\/aut\/wp-json\/wp\/v2\/media?parent=53979"}],"wp:term":[{"taxonomy":"product_brand","embeddable":true,"href":"https:\/\/worldofflowerpots.com\/aut\/wp-json\/wp\/v2\/product_brand?post=53979"},{"taxonomy":"product_cat","embeddable":true,"href":"https:\/\/worldofflowerpots.com\/aut\/wp-json\/wp\/v2\/product_cat?post=53979"},{"taxonomy":"product_tag","embeddable":true,"href":"https:\/\/worldofflowerpots.com\/aut\/wp-json\/wp\/v2\/product_tag?post=53979"}],"curies":[{"name":"wp","href":"https:\/\/api.w.org\/{rel}","templated":true}]}}