{"id":53982,"date":"2019-01-18T15:08:28","date_gmt":"2019-01-18T14:08:28","guid":{"rendered":"https:\/\/worldofflowerpots.com\/sklep\/pflanzkubel-beton-rund-grande\/"},"modified":"2019-04-15T09:10:40","modified_gmt":"2019-04-15T07:10:40","slug":"pflanzkubel-beton-rund-grande","status":"publish","type":"product","link":"https:\/\/worldofflowerpots.com\/aut\/sortiment\/pflanzkubel-beton-rund-grande\/","title":{"rendered":"Pflanzk\u00fcbel Beton rund Model Grande"},"content":{"rendered":"<div id=\"attachment_58959\" style=\"width: 1034px\" class=\"wp-caption aligncenter\"><img loading=\"lazy\" decoding=\"async\" aria-describedby=\"caption-attachment-58959\" class=\"wp-image-58959 size-large\" src=\"https:\/\/worldofflowerpots.com\/wp-content\/uploads\/2017\/01\/Richtig-bepflanzen--1024x576.jpg\" alt=\"\" width=\"1024\" height=\"576\" srcset=\"https:\/\/worldofflowerpots.com\/wp-content\/uploads\/2017\/01\/Richtig-bepflanzen--1024x576.jpg 1024w, https:\/\/worldofflowerpots.com\/wp-content\/uploads\/2017\/01\/Richtig-bepflanzen--300x169.jpg 300w, https:\/\/worldofflowerpots.com\/wp-content\/uploads\/2017\/01\/Richtig-bepflanzen--768x432.jpg 768w, https:\/\/worldofflowerpots.com\/wp-content\/uploads\/2017\/01\/Richtig-bepflanzen--600x338.jpg 600w, https:\/\/worldofflowerpots.com\/wp-content\/uploads\/2017\/01\/Richtig-bepflanzen-.jpg 1920w\" sizes=\"auto, (max-width: 1024px) 100vw, 1024px\" \/><p id=\"caption-attachment-58959\" class=\"wp-caption-text\">Richtig bepflanzen<\/p><\/div>\n<h2>Pflanzk\u00fcbel beton rund xxl Model Grande<\/h2>\n<p>Der Pflanzk\u00fcbel Beton rund Modell Grande besteht aus robustem Ultrabeton, einem nahezu unzerst\u00f6rbaren Material. Die Modellbezeichnung Grande erhielt der Beton Pflanzk\u00fcbel aufgrund seiner Gr\u00f6\u00dfe. Mit einer H\u00f6he von 50 Zentimetern und einem Durchmesser von 150 Zentimetern bietet das ger\u00e4umige Pflanzgef\u00e4\u00df ausreichend Platz f\u00fcr stattliche Solit\u00e4rpflanzen oder komplette Minig\u00e4rten. Das Gesamtvolumen des Blumenk\u00fcbels betr\u00e4gt 700 Liter, die maximale Belastbarkeit wird vom Hersteller mit 270 Kilogramm angegeben.<\/p>\n<h2>Der Beton Pflanzk\u00fcbel wurde in Trogform designt.<\/h2>\n<p>Er l\u00e4sst sich sowohl im Innenbereich als auch im Outdoorbereich zur Gestaltung von gr\u00fcnen Oasen einsetzen, an denen sich jeder Betrachter erfreut. Damit sich der Blumenk\u00fcbel Beton stilvoll und harmonisch in jede Umgebung einf\u00fcgen l\u00e4sst, wurde der Blumentopf in einem schlichten, edlen Grau gestaltet. Die reliefartige Oberfl\u00e4che verleiht dem Grande Beton Pflanzk\u00fcbel eine schlichte, zeitlose Eleganz.<\/p>\n<h2>Pflanzk\u00fcbel aus High Tech Werkstoff<\/h2>\n<p>Ultraeton ist ein besonders langlebiger Werkstoff, der K\u00e4lte, Frost, Wind, Sonne und N\u00e4sse abweist, sodass die Pflanzen optimal gedeihen und eine \u00fcppige Bl\u00fctenpracht entwickeln k\u00f6nnen. Pflanztrog bieten weiterhin den Vorteil, dass sie sich \u00fcber Jahrzehnte hinweg nicht verformen und falls erforderlich, leicht und schnell zu reinigen sind.<\/p>\n<h2>High Tech und Zeitlos<\/h2>\n<p>Der pflanztrog wirkt stilvoll, dezent und exklusiv, jedoch nicht aufdringlich. Da sich der Blumentopf harmonisch in jede Umgebung einf\u00fcgt, wird das gestalterische Gesamtbild positiv beeinflusst. Bepflanzt setzt der qualitativ hochwertige Blumenk\u00fcbel Beton, der zu einem sehr guten Preis-Leistungs-Verh\u00e4ltnis bestellbar ist, stilvolle Akzente im Wintergarten, auf dem Balkon, auf der Terrasse oder in den verschiedensten Au\u00dfenbereichen. Da Ultrabeton ein sehr witterungsbest\u00e4ndiges Material ist, muss der Blumentopf in keiner Jahreszeit gegen Witterungen gesch\u00fctzt werden.<\/p>\n","protected":false},"excerpt":{"rendered":"<p>Gewicht :270kg<br \/>\nAbmessungen \u00a0H500mm \u22051500mm<br \/>\nFarben: Grau, Schwarz, Weiss<br \/>\nUV-resistent<br \/>\nRobust und Stabil<br \/>\nWetterfest<br \/>\n<strong>Frostbest\u00e4ndig bei gew\u00e4hrleistetem Wasserablauf<\/strong><\/p>\n","protected":false},"featured_media":58225,"template":"","meta":{"_acf_changed":false},"product_brand":[],"product_cat":[393],"product_tag":[],"class_list":{"0":"post-53982","1":"product","2":"type-product","3":"status-publish","4":"has-post-thumbnail","6":"product_cat-pflanzkubel-beton","7":"description-off","8":"tm-has-options","10":"first","11":"instock","12":"shipping-taxable","13":"purchasable","14":"product-type-simple"},"acf":[],"yoast_head":"<!-- This site is optimized with the Yoast SEO plugin v27.5 - https:\/\/yoast.com\/product\/yoast-seo-wordpress\/ -->\n<title>Pflanzk\u00fcbel beton rund Robust und Stabil Wetterfest<\/title>\n<meta name=\"description\" content=\"Pflanzk\u00fcbel beton rund aus UHPC ein besonders langlebiger Werkstoff, der K\u00e4lte, Wind, Sonne und N\u00e4sse abweist, sodass die Pflanzen optimal gedeihen.\" \/>\n<meta name=\"robots\" content=\"index, follow, max-snippet:-1, max-image-preview:large, max-video-preview:-1\" \/>\n<link rel=\"canonical\" href=\"https:\/\/worldofflowerpots.com\/sklep\/pflanzkubel-beton-rund-grande\/\" \/>\n<meta property=\"og:locale\" content=\"de_DE\" \/>\n<meta property=\"og:type\" content=\"article\" \/>\n<meta property=\"og:title\" content=\"Pflanzk\u00fcbel beton rund Robust und Stabil Wetterfest\" \/>\n<meta property=\"og:description\" content=\"Pflanzk\u00fcbel beton rund aus UHPC ein besonders langlebiger Werkstoff, der K\u00e4lte, Wind, Sonne und N\u00e4sse abweist, sodass die Pflanzen optimal gedeihen.\" \/>\n<meta property=\"og:url\" content=\"https:\/\/worldofflowerpots.com\/sklep\/pflanzkubel-beton-rund-grande\/\" \/>\n<meta property=\"og:site_name\" content=\"World of Flowerpots\" \/>\n<meta property=\"article:modified_time\" content=\"2019-04-15T07:10:40+00:00\" \/>\n<meta property=\"og:image\" content=\"https:\/\/worldofflowerpots.com\/wp-content\/uploads\/2019\/01\/Pflanzk\u00fcbel-beton-rund-Grande.jpg\" \/>\n\t<meta property=\"og:image:width\" content=\"1920\" \/>\n\t<meta property=\"og:image:height\" content=\"1080\" \/>\n\t<meta property=\"og:image:type\" content=\"image\/jpeg\" \/>\n<meta name=\"twitter:card\" content=\"summary_large_image\" \/>\n<meta name=\"twitter:label1\" content=\"Est. reading time\" \/>\n\t<meta name=\"twitter:data1\" content=\"1 minute\" \/>\n<script type=\"application\/ld+json\" class=\"yoast-schema-graph\">{\"@context\":\"https:\\\/\\\/schema.org\",\"@graph\":[{\"@type\":\"WebPage\",\"@id\":\"https:\\\/\\\/worldofflowerpots.com\\\/sklep\\\/pflanzkubel-beton-rund-grande\\\/\",\"url\":\"https:\\\/\\\/worldofflowerpots.com\\\/sklep\\\/pflanzkubel-beton-rund-grande\\\/\",\"name\":\"Pflanzk\u00fcbel beton rund Robust und Stabil Wetterfest\",\"isPartOf\":{\"@id\":\"https:\\\/\\\/worldofflowerpots.com\\\/#website\"},\"primaryImageOfPage\":{\"@id\":\"https:\\\/\\\/worldofflowerpots.com\\\/sklep\\\/pflanzkubel-beton-rund-grande\\\/#primaryimage\"},\"image\":{\"@id\":\"https:\\\/\\\/worldofflowerpots.com\\\/sklep\\\/pflanzkubel-beton-rund-grande\\\/#primaryimage\"},\"thumbnailUrl\":\"https:\\\/\\\/worldofflowerpots.com\\\/wp-content\\\/uploads\\\/2019\\\/01\\\/Pflanzk\u00fcbel-beton-rund-Grande.jpg\",\"datePublished\":\"2019-01-18T14:08:28+00:00\",\"dateModified\":\"2019-04-15T07:10:40+00:00\",\"description\":\"Pflanzk\u00fcbel beton rund aus UHPC ein besonders langlebiger Werkstoff, der K\u00e4lte, Wind, Sonne und N\u00e4sse abweist, sodass die Pflanzen optimal gedeihen.\",\"breadcrumb\":{\"@id\":\"https:\\\/\\\/worldofflowerpots.com\\\/sklep\\\/pflanzkubel-beton-rund-grande\\\/#breadcrumb\"},\"inLanguage\":\"de-AUT\",\"potentialAction\":[{\"@type\":\"ReadAction\",\"target\":[\"https:\\\/\\\/worldofflowerpots.com\\\/sklep\\\/pflanzkubel-beton-rund-grande\\\/\"]}]},{\"@type\":\"ImageObject\",\"inLanguage\":\"de-AUT\",\"@id\":\"https:\\\/\\\/worldofflowerpots.com\\\/sklep\\\/pflanzkubel-beton-rund-grande\\\/#primaryimage\",\"url\":\"https:\\\/\\\/worldofflowerpots.com\\\/wp-content\\\/uploads\\\/2019\\\/01\\\/Pflanzk\u00fcbel-beton-rund-Grande.jpg\",\"contentUrl\":\"https:\\\/\\\/worldofflowerpots.com\\\/wp-content\\\/uploads\\\/2019\\\/01\\\/Pflanzk\u00fcbel-beton-rund-Grande.jpg\",\"width\":1920,\"height\":1080},{\"@type\":\"BreadcrumbList\",\"@id\":\"https:\\\/\\\/worldofflowerpots.com\\\/sklep\\\/pflanzkubel-beton-rund-grande\\\/#breadcrumb\",\"itemListElement\":[{\"@type\":\"ListItem\",\"position\":1,\"name\":\"Strona g\u0142\u00f3wna\",\"item\":\"https:\\\/\\\/worldofflowerpots.com\\\/home\\\/\"},{\"@type\":\"ListItem\",\"position\":2,\"name\":\"Shop\",\"item\":\"https:\\\/\\\/worldofflowerpots.com\\\/sortiment\\\/\"},{\"@type\":\"ListItem\",\"position\":3,\"name\":\"Pflanzk\u00fcbel Beton rund Model Grande\"}]},{\"@type\":\"WebSite\",\"@id\":\"https:\\\/\\\/worldofflowerpots.com\\\/#website\",\"url\":\"https:\\\/\\\/worldofflowerpots.com\\\/\",\"name\":\"World of Flowerpots\",\"description\":\"producent donic ozdobnych\",\"potentialAction\":[{\"@type\":\"SearchAction\",\"target\":{\"@type\":\"EntryPoint\",\"urlTemplate\":\"https:\\\/\\\/worldofflowerpots.com\\\/?s={search_term_string}\"},\"query-input\":{\"@type\":\"PropertyValueSpecification\",\"valueRequired\":true,\"valueName\":\"search_term_string\"}}],\"inLanguage\":\"de-AUT\"}]}<\/script>\n<!-- \/ Yoast SEO plugin. -->","yoast_head_json":{"title":"Pflanzk\u00fcbel beton rund Robust und Stabil Wetterfest","description":"Pflanzk\u00fcbel beton rund aus UHPC ein besonders langlebiger Werkstoff, der K\u00e4lte, Wind, Sonne und N\u00e4sse abweist, sodass die Pflanzen optimal gedeihen.","robots":{"index":"index","follow":"follow","max-snippet":"max-snippet:-1","max-image-preview":"max-image-preview:large","max-video-preview":"max-video-preview:-1"},"canonical":"https:\/\/worldofflowerpots.com\/sklep\/pflanzkubel-beton-rund-grande\/","og_locale":"de_DE","og_type":"article","og_title":"Pflanzk\u00fcbel beton rund Robust und Stabil Wetterfest","og_description":"Pflanzk\u00fcbel beton rund aus UHPC ein besonders langlebiger Werkstoff, der K\u00e4lte, Wind, Sonne und N\u00e4sse abweist, sodass die Pflanzen optimal gedeihen.","og_url":"https:\/\/worldofflowerpots.com\/sklep\/pflanzkubel-beton-rund-grande\/","og_site_name":"World of Flowerpots","article_modified_time":"2019-04-15T07:10:40+00:00","og_image":[{"width":1920,"height":1080,"url":"https:\/\/worldofflowerpots.com\/wp-content\/uploads\/2019\/01\/Pflanzk\u00fcbel-beton-rund-Grande.jpg","type":"image\/jpeg"}],"twitter_card":"summary_large_image","twitter_misc":{"Est. reading time":"1 minute"},"schema":{"@context":"https:\/\/schema.org","@graph":[{"@type":"WebPage","@id":"https:\/\/worldofflowerpots.com\/sklep\/pflanzkubel-beton-rund-grande\/","url":"https:\/\/worldofflowerpots.com\/sklep\/pflanzkubel-beton-rund-grande\/","name":"Pflanzk\u00fcbel beton rund Robust und Stabil Wetterfest","isPartOf":{"@id":"https:\/\/worldofflowerpots.com\/#website"},"primaryImageOfPage":{"@id":"https:\/\/worldofflowerpots.com\/sklep\/pflanzkubel-beton-rund-grande\/#primaryimage"},"image":{"@id":"https:\/\/worldofflowerpots.com\/sklep\/pflanzkubel-beton-rund-grande\/#primaryimage"},"thumbnailUrl":"https:\/\/worldofflowerpots.com\/wp-content\/uploads\/2019\/01\/Pflanzk\u00fcbel-beton-rund-Grande.jpg","datePublished":"2019-01-18T14:08:28+00:00","dateModified":"2019-04-15T07:10:40+00:00","description":"Pflanzk\u00fcbel beton rund aus UHPC ein besonders langlebiger Werkstoff, der K\u00e4lte, Wind, Sonne und N\u00e4sse abweist, sodass die Pflanzen optimal gedeihen.","breadcrumb":{"@id":"https:\/\/worldofflowerpots.com\/sklep\/pflanzkubel-beton-rund-grande\/#breadcrumb"},"inLanguage":"de-AUT","potentialAction":[{"@type":"ReadAction","target":["https:\/\/worldofflowerpots.com\/sklep\/pflanzkubel-beton-rund-grande\/"]}]},{"@type":"ImageObject","inLanguage":"de-AUT","@id":"https:\/\/worldofflowerpots.com\/sklep\/pflanzkubel-beton-rund-grande\/#primaryimage","url":"https:\/\/worldofflowerpots.com\/wp-content\/uploads\/2019\/01\/Pflanzk\u00fcbel-beton-rund-Grande.jpg","contentUrl":"https:\/\/worldofflowerpots.com\/wp-content\/uploads\/2019\/01\/Pflanzk\u00fcbel-beton-rund-Grande.jpg","width":1920,"height":1080},{"@type":"BreadcrumbList","@id":"https:\/\/worldofflowerpots.com\/sklep\/pflanzkubel-beton-rund-grande\/#breadcrumb","itemListElement":[{"@type":"ListItem","position":1,"name":"Strona g\u0142\u00f3wna","item":"https:\/\/worldofflowerpots.com\/home\/"},{"@type":"ListItem","position":2,"name":"Shop","item":"https:\/\/worldofflowerpots.com\/sortiment\/"},{"@type":"ListItem","position":3,"name":"Pflanzk\u00fcbel Beton rund Model Grande"}]},{"@type":"WebSite","@id":"https:\/\/worldofflowerpots.com\/#website","url":"https:\/\/worldofflowerpots.com\/","name":"World of Flowerpots","description":"producent donic ozdobnych","potentialAction":[{"@type":"SearchAction","target":{"@type":"EntryPoint","urlTemplate":"https:\/\/worldofflowerpots.com\/?s={search_term_string}"},"query-input":{"@type":"PropertyValueSpecification","valueRequired":true,"valueName":"search_term_string"}}],"inLanguage":"de-AUT"}]}},"_links":{"self":[{"href":"https:\/\/worldofflowerpots.com\/aut\/wp-json\/wp\/v2\/product\/53982","targetHints":{"allow":["GET"]}}],"collection":[{"href":"https:\/\/worldofflowerpots.com\/aut\/wp-json\/wp\/v2\/product"}],"about":[{"href":"https:\/\/worldofflowerpots.com\/aut\/wp-json\/wp\/v2\/types\/product"}],"wp:featuredmedia":[{"embeddable":true,"href":"https:\/\/worldofflowerpots.com\/aut\/wp-json\/wp\/v2\/media\/58225"}],"wp:attachment":[{"href":"https:\/\/worldofflowerpots.com\/aut\/wp-json\/wp\/v2\/media?parent=53982"}],"wp:term":[{"taxonomy":"product_brand","embeddable":true,"href":"https:\/\/worldofflowerpots.com\/aut\/wp-json\/wp\/v2\/product_brand?post=53982"},{"taxonomy":"product_cat","embeddable":true,"href":"https:\/\/worldofflowerpots.com\/aut\/wp-json\/wp\/v2\/product_cat?post=53982"},{"taxonomy":"product_tag","embeddable":true,"href":"https:\/\/worldofflowerpots.com\/aut\/wp-json\/wp\/v2\/product_tag?post=53982"}],"curies":[{"name":"wp","href":"https:\/\/api.w.org\/{rel}","templated":true}]}}