{"id":53985,"date":"2019-01-18T15:08:06","date_gmt":"2019-01-18T14:08:06","guid":{"rendered":"https:\/\/worldofflowerpots.com\/sklep\/pflanzkubel-rund-beton-la-piccola\/"},"modified":"2019-04-15T09:13:34","modified_gmt":"2019-04-15T07:13:34","slug":"pflanzkubel-rund-beton-la-piccola","status":"publish","type":"product","link":"https:\/\/worldofflowerpots.com\/aut\/sortiment\/pflanzkubel-rund-beton-la-piccola\/","title":{"rendered":"Pflanzk\u00fcbel rund beton Model La Piccola"},"content":{"rendered":"<div id=\"attachment_58959\" style=\"width: 1034px\" class=\"wp-caption aligncenter\"><img loading=\"lazy\" decoding=\"async\" aria-describedby=\"caption-attachment-58959\" class=\"wp-image-58959 size-large\" src=\"https:\/\/worldofflowerpots.com\/wp-content\/uploads\/2017\/01\/Richtig-bepflanzen--1024x576.jpg\" alt=\"\" width=\"1024\" height=\"576\" srcset=\"https:\/\/worldofflowerpots.com\/wp-content\/uploads\/2017\/01\/Richtig-bepflanzen--1024x576.jpg 1024w, https:\/\/worldofflowerpots.com\/wp-content\/uploads\/2017\/01\/Richtig-bepflanzen--300x169.jpg 300w, https:\/\/worldofflowerpots.com\/wp-content\/uploads\/2017\/01\/Richtig-bepflanzen--768x432.jpg 768w, https:\/\/worldofflowerpots.com\/wp-content\/uploads\/2017\/01\/Richtig-bepflanzen--600x338.jpg 600w, https:\/\/worldofflowerpots.com\/wp-content\/uploads\/2017\/01\/Richtig-bepflanzen-.jpg 1920w\" sizes=\"auto, (max-width: 1024px) 100vw, 1024px\" \/><p id=\"caption-attachment-58959\" class=\"wp-caption-text\">Richtig bepflanzen<\/p><\/div>\n<h2>La Piccola: Beton Pflanztr\u00f6ge f\u00fcr ein exklusives Ambiente<\/h2>\n<p>Der charismatische Pflanzk\u00fcbel rund Beton La Piccola zeichnet sich durch ein innovatives Design und au\u00dferordentliche Qualit\u00e4t aus. Die raffinierte Beton-Optik der Pflanztr\u00f6ge entfaltet in Innenr\u00e4umen sowie im Au\u00dfenbereich eine individuelle, trendstarke Ausstrahlung. So setzten die stilvollen pflanzkasten attraktive Akzente in jeder Umgebung und verleihen dem modernen Exterieur eine edle Note. Die auff\u00e4llige Beton-Optik besticht beim Modell La Piccola durch eine strukturierte Oberfl\u00e4che mit effektvollen Unregelm\u00e4\u00dfigkeiten. Der raue Industrie-Look der Pflanztr\u00f6ge in Betongrau harmoniert exzellent mit dem saftigen Gr\u00fcn der Pflanzen sowie mit hochwertigen Gartenm\u00f6beln in klassischen Nuancen wie Schwarz und Wei\u00df. In der Terrakotta-Variante passt der Blumenk\u00fcbel hervorragend zu Outdoor-Mobiliar aus Rattan.<\/p>\n<h2>Beton Pflanztr\u00f6ge La Piccola in erstklassiger Qualit\u00e4t<\/h2>\n<p>Die kompakte Ausf\u00fchrung der La Piccola Pflanzk\u00fcbel rund Beton erm\u00f6glicht die Verwendung der Pflanztr\u00f6ge auch bei begrenztem Platzangebot. Ob auf dem Balkon oder auf einer schmal geschnittenen Terrasse \u2013 diese exquisiten Gef\u00e4\u00dfe entfalten \u00fcberall ihren reizvollen Charme und bereichern das Ambiente durch ihr imponierendes \u00c4u\u00dfere. Neben einer entz\u00fcckenden Erscheinung zeichnen sich die La Piccola Pflanztr\u00f6ge durch kompromisslose Qualit\u00e4t aus. Die verwendeten Materialien verleihen jedem Pflanztrog optimierte Dauerhaftigkeit sowie besten Wetterschutz. Regen, Wind und Temperaturschwankungen \u00fcberstehen die La Piccola Pflanztr\u00f6ge unbeschadet. Daher eignen sich die Pflanzk\u00fcbel Beton hervorragend f\u00fcr einen ganzj\u00e4hrigen Einsatz im Freien. Der innovative Ultrabeton verbindet hohe Widerstandsf\u00e4higkeit mit Pflegeleichtigkeit und verwandelt die pflanzt\u00f6pfe in trendaktuelle architektonische Elemente von besonderer Eleganz und Finesse.<\/p>\n","protected":false},"excerpt":{"rendered":"<p>Gewicht :68kg<br \/>\nAbmessungen \u00a0H580mm \u2205580mm<br \/>\nFarben: Grau, Schwarz, Weiss<br \/>\nUV-resistent<br \/>\nRobust und Stabil<br \/>\nWetterfest<br \/>\n<strong>Frostbest\u00e4ndig bei gew\u00e4hrleistetem Wasserablauf<\/strong><\/p>\n","protected":false},"featured_media":58195,"template":"","meta":{"_acf_changed":false},"product_brand":[],"product_cat":[393],"product_tag":[482],"class_list":{"0":"post-53985","1":"product","2":"type-product","3":"status-publish","4":"has-post-thumbnail","6":"product_cat-pflanzkubel-beton","7":"product_tag-donice-ogrodowe-de-aut","8":"description-off","9":"tm-has-options","11":"first","12":"instock","13":"shipping-taxable","14":"purchasable","15":"product-type-simple"},"acf":[],"yoast_head":"<!-- This site is optimized with the Yoast SEO plugin v27.5 - https:\/\/yoast.com\/product\/yoast-seo-wordpress\/ -->\n<title>Pflanzk\u00fcbel rund beton Wetterfest in drei farben erch\u00e4ltlich<\/title>\n<meta name=\"description\" content=\"Pflanzk\u00fcbel rund beton in drei farben. Die kompakte Ausf\u00fchrung der La Piccola erm\u00f6glicht die Verwendung der Pflanztr\u00f6ge auch bei begrenztem Platzangebot.\" \/>\n<meta name=\"robots\" content=\"index, follow, max-snippet:-1, max-image-preview:large, max-video-preview:-1\" \/>\n<link rel=\"canonical\" href=\"https:\/\/worldofflowerpots.com\/sklep\/pflanzkubel-rund-beton-la-piccola\/\" \/>\n<meta property=\"og:locale\" content=\"de_DE\" \/>\n<meta property=\"og:type\" content=\"article\" \/>\n<meta property=\"og:title\" content=\"Pflanzk\u00fcbel rund beton Wetterfest in drei farben erch\u00e4ltlich\" \/>\n<meta property=\"og:description\" content=\"Pflanzk\u00fcbel rund beton in drei farben. Die kompakte Ausf\u00fchrung der La Piccola erm\u00f6glicht die Verwendung der Pflanztr\u00f6ge auch bei begrenztem Platzangebot.\" \/>\n<meta property=\"og:url\" content=\"https:\/\/worldofflowerpots.com\/sklep\/pflanzkubel-rund-beton-la-piccola\/\" \/>\n<meta property=\"og:site_name\" content=\"World of Flowerpots\" \/>\n<meta property=\"article:modified_time\" content=\"2019-04-15T07:13:34+00:00\" \/>\n<meta property=\"og:image\" content=\"https:\/\/worldofflowerpots.com\/wp-content\/uploads\/2019\/01\/Pflanzk\u00fcbel-rund-beton-La-Piccola.jpg\" \/>\n\t<meta property=\"og:image:width\" content=\"1920\" \/>\n\t<meta property=\"og:image:height\" content=\"1080\" \/>\n\t<meta property=\"og:image:type\" content=\"image\/jpeg\" \/>\n<meta name=\"twitter:card\" content=\"summary_large_image\" \/>\n<meta name=\"twitter:label1\" content=\"Est. reading time\" \/>\n\t<meta name=\"twitter:data1\" content=\"1 minute\" \/>\n<script type=\"application\/ld+json\" class=\"yoast-schema-graph\">{\"@context\":\"https:\\\/\\\/schema.org\",\"@graph\":[{\"@type\":\"WebPage\",\"@id\":\"https:\\\/\\\/worldofflowerpots.com\\\/sklep\\\/pflanzkubel-rund-beton-la-piccola\\\/\",\"url\":\"https:\\\/\\\/worldofflowerpots.com\\\/sklep\\\/pflanzkubel-rund-beton-la-piccola\\\/\",\"name\":\"Pflanzk\u00fcbel rund beton Wetterfest in drei farben erch\u00e4ltlich\",\"isPartOf\":{\"@id\":\"https:\\\/\\\/worldofflowerpots.com\\\/#website\"},\"primaryImageOfPage\":{\"@id\":\"https:\\\/\\\/worldofflowerpots.com\\\/sklep\\\/pflanzkubel-rund-beton-la-piccola\\\/#primaryimage\"},\"image\":{\"@id\":\"https:\\\/\\\/worldofflowerpots.com\\\/sklep\\\/pflanzkubel-rund-beton-la-piccola\\\/#primaryimage\"},\"thumbnailUrl\":\"https:\\\/\\\/worldofflowerpots.com\\\/wp-content\\\/uploads\\\/2019\\\/01\\\/Pflanzk\u00fcbel-rund-beton-La-Piccola.jpg\",\"datePublished\":\"2019-01-18T14:08:06+00:00\",\"dateModified\":\"2019-04-15T07:13:34+00:00\",\"description\":\"Pflanzk\u00fcbel rund beton in drei farben. Die kompakte Ausf\u00fchrung der La Piccola erm\u00f6glicht die Verwendung der Pflanztr\u00f6ge auch bei begrenztem Platzangebot.\",\"breadcrumb\":{\"@id\":\"https:\\\/\\\/worldofflowerpots.com\\\/sklep\\\/pflanzkubel-rund-beton-la-piccola\\\/#breadcrumb\"},\"inLanguage\":\"de-AUT\",\"potentialAction\":[{\"@type\":\"ReadAction\",\"target\":[\"https:\\\/\\\/worldofflowerpots.com\\\/sklep\\\/pflanzkubel-rund-beton-la-piccola\\\/\"]}]},{\"@type\":\"ImageObject\",\"inLanguage\":\"de-AUT\",\"@id\":\"https:\\\/\\\/worldofflowerpots.com\\\/sklep\\\/pflanzkubel-rund-beton-la-piccola\\\/#primaryimage\",\"url\":\"https:\\\/\\\/worldofflowerpots.com\\\/wp-content\\\/uploads\\\/2019\\\/01\\\/Pflanzk\u00fcbel-rund-beton-La-Piccola.jpg\",\"contentUrl\":\"https:\\\/\\\/worldofflowerpots.com\\\/wp-content\\\/uploads\\\/2019\\\/01\\\/Pflanzk\u00fcbel-rund-beton-La-Piccola.jpg\",\"width\":1920,\"height\":1080},{\"@type\":\"BreadcrumbList\",\"@id\":\"https:\\\/\\\/worldofflowerpots.com\\\/sklep\\\/pflanzkubel-rund-beton-la-piccola\\\/#breadcrumb\",\"itemListElement\":[{\"@type\":\"ListItem\",\"position\":1,\"name\":\"Strona g\u0142\u00f3wna\",\"item\":\"https:\\\/\\\/worldofflowerpots.com\\\/home\\\/\"},{\"@type\":\"ListItem\",\"position\":2,\"name\":\"Shop\",\"item\":\"https:\\\/\\\/worldofflowerpots.com\\\/sortiment\\\/\"},{\"@type\":\"ListItem\",\"position\":3,\"name\":\"Pflanzk\u00fcbel rund beton Model La Piccola\"}]},{\"@type\":\"WebSite\",\"@id\":\"https:\\\/\\\/worldofflowerpots.com\\\/#website\",\"url\":\"https:\\\/\\\/worldofflowerpots.com\\\/\",\"name\":\"World of Flowerpots\",\"description\":\"producent donic ozdobnych\",\"potentialAction\":[{\"@type\":\"SearchAction\",\"target\":{\"@type\":\"EntryPoint\",\"urlTemplate\":\"https:\\\/\\\/worldofflowerpots.com\\\/?s={search_term_string}\"},\"query-input\":{\"@type\":\"PropertyValueSpecification\",\"valueRequired\":true,\"valueName\":\"search_term_string\"}}],\"inLanguage\":\"de-AUT\"}]}<\/script>\n<!-- \/ Yoast SEO plugin. -->","yoast_head_json":{"title":"Pflanzk\u00fcbel rund beton Wetterfest in drei farben erch\u00e4ltlich","description":"Pflanzk\u00fcbel rund beton in drei farben. Die kompakte Ausf\u00fchrung der La Piccola erm\u00f6glicht die Verwendung der Pflanztr\u00f6ge auch bei begrenztem Platzangebot.","robots":{"index":"index","follow":"follow","max-snippet":"max-snippet:-1","max-image-preview":"max-image-preview:large","max-video-preview":"max-video-preview:-1"},"canonical":"https:\/\/worldofflowerpots.com\/sklep\/pflanzkubel-rund-beton-la-piccola\/","og_locale":"de_DE","og_type":"article","og_title":"Pflanzk\u00fcbel rund beton Wetterfest in drei farben erch\u00e4ltlich","og_description":"Pflanzk\u00fcbel rund beton in drei farben. Die kompakte Ausf\u00fchrung der La Piccola erm\u00f6glicht die Verwendung der Pflanztr\u00f6ge auch bei begrenztem Platzangebot.","og_url":"https:\/\/worldofflowerpots.com\/sklep\/pflanzkubel-rund-beton-la-piccola\/","og_site_name":"World of Flowerpots","article_modified_time":"2019-04-15T07:13:34+00:00","og_image":[{"width":1920,"height":1080,"url":"https:\/\/worldofflowerpots.com\/wp-content\/uploads\/2019\/01\/Pflanzk\u00fcbel-rund-beton-La-Piccola.jpg","type":"image\/jpeg"}],"twitter_card":"summary_large_image","twitter_misc":{"Est. reading time":"1 minute"},"schema":{"@context":"https:\/\/schema.org","@graph":[{"@type":"WebPage","@id":"https:\/\/worldofflowerpots.com\/sklep\/pflanzkubel-rund-beton-la-piccola\/","url":"https:\/\/worldofflowerpots.com\/sklep\/pflanzkubel-rund-beton-la-piccola\/","name":"Pflanzk\u00fcbel rund beton Wetterfest in drei farben erch\u00e4ltlich","isPartOf":{"@id":"https:\/\/worldofflowerpots.com\/#website"},"primaryImageOfPage":{"@id":"https:\/\/worldofflowerpots.com\/sklep\/pflanzkubel-rund-beton-la-piccola\/#primaryimage"},"image":{"@id":"https:\/\/worldofflowerpots.com\/sklep\/pflanzkubel-rund-beton-la-piccola\/#primaryimage"},"thumbnailUrl":"https:\/\/worldofflowerpots.com\/wp-content\/uploads\/2019\/01\/Pflanzk\u00fcbel-rund-beton-La-Piccola.jpg","datePublished":"2019-01-18T14:08:06+00:00","dateModified":"2019-04-15T07:13:34+00:00","description":"Pflanzk\u00fcbel rund beton in drei farben. Die kompakte Ausf\u00fchrung der La Piccola erm\u00f6glicht die Verwendung der Pflanztr\u00f6ge auch bei begrenztem Platzangebot.","breadcrumb":{"@id":"https:\/\/worldofflowerpots.com\/sklep\/pflanzkubel-rund-beton-la-piccola\/#breadcrumb"},"inLanguage":"de-AUT","potentialAction":[{"@type":"ReadAction","target":["https:\/\/worldofflowerpots.com\/sklep\/pflanzkubel-rund-beton-la-piccola\/"]}]},{"@type":"ImageObject","inLanguage":"de-AUT","@id":"https:\/\/worldofflowerpots.com\/sklep\/pflanzkubel-rund-beton-la-piccola\/#primaryimage","url":"https:\/\/worldofflowerpots.com\/wp-content\/uploads\/2019\/01\/Pflanzk\u00fcbel-rund-beton-La-Piccola.jpg","contentUrl":"https:\/\/worldofflowerpots.com\/wp-content\/uploads\/2019\/01\/Pflanzk\u00fcbel-rund-beton-La-Piccola.jpg","width":1920,"height":1080},{"@type":"BreadcrumbList","@id":"https:\/\/worldofflowerpots.com\/sklep\/pflanzkubel-rund-beton-la-piccola\/#breadcrumb","itemListElement":[{"@type":"ListItem","position":1,"name":"Strona g\u0142\u00f3wna","item":"https:\/\/worldofflowerpots.com\/home\/"},{"@type":"ListItem","position":2,"name":"Shop","item":"https:\/\/worldofflowerpots.com\/sortiment\/"},{"@type":"ListItem","position":3,"name":"Pflanzk\u00fcbel rund beton Model La Piccola"}]},{"@type":"WebSite","@id":"https:\/\/worldofflowerpots.com\/#website","url":"https:\/\/worldofflowerpots.com\/","name":"World of Flowerpots","description":"producent donic ozdobnych","potentialAction":[{"@type":"SearchAction","target":{"@type":"EntryPoint","urlTemplate":"https:\/\/worldofflowerpots.com\/?s={search_term_string}"},"query-input":{"@type":"PropertyValueSpecification","valueRequired":true,"valueName":"search_term_string"}}],"inLanguage":"de-AUT"}]}},"_links":{"self":[{"href":"https:\/\/worldofflowerpots.com\/aut\/wp-json\/wp\/v2\/product\/53985","targetHints":{"allow":["GET"]}}],"collection":[{"href":"https:\/\/worldofflowerpots.com\/aut\/wp-json\/wp\/v2\/product"}],"about":[{"href":"https:\/\/worldofflowerpots.com\/aut\/wp-json\/wp\/v2\/types\/product"}],"wp:featuredmedia":[{"embeddable":true,"href":"https:\/\/worldofflowerpots.com\/aut\/wp-json\/wp\/v2\/media\/58195"}],"wp:attachment":[{"href":"https:\/\/worldofflowerpots.com\/aut\/wp-json\/wp\/v2\/media?parent=53985"}],"wp:term":[{"taxonomy":"product_brand","embeddable":true,"href":"https:\/\/worldofflowerpots.com\/aut\/wp-json\/wp\/v2\/product_brand?post=53985"},{"taxonomy":"product_cat","embeddable":true,"href":"https:\/\/worldofflowerpots.com\/aut\/wp-json\/wp\/v2\/product_cat?post=53985"},{"taxonomy":"product_tag","embeddable":true,"href":"https:\/\/worldofflowerpots.com\/aut\/wp-json\/wp\/v2\/product_tag?post=53985"}],"curies":[{"name":"wp","href":"https:\/\/api.w.org\/{rel}","templated":true}]}}