{"id":53986,"date":"2019-01-18T15:07:38","date_gmt":"2019-01-18T14:07:38","guid":{"rendered":"https:\/\/worldofflowerpots.com\/sklep\/blumenkubel-beton-rund-hydra-3\/"},"modified":"2019-02-26T10:25:09","modified_gmt":"2019-02-26T09:25:09","slug":"blumenkubel-beton-rund-hydra-3","status":"publish","type":"product","link":"https:\/\/worldofflowerpots.com\/aut\/sortiment\/blumenkubel-beton-rund-hydra-3\/","title":{"rendered":"Blumenk\u00fcbel beton rund Hydra 3"},"content":{"rendered":"<h2>Gro\u00dfer Blumenk\u00fcbel beton rund f\u00fcr hohe anspruchsvolle Lieblingspflanzen<\/h2>\n<p>Der moderne Blumenk\u00fcbel beton rund Hydra 3 aus der Serie Hydra ist der gr\u00f6\u00dfte Pflanzk\u00fcbel Beton mit dem sch\u00f6nen Design in Hellgrau. Die Hydra 3 Blumentrog sind ideal f\u00fcr Terrasse und Garten geeignet. Sie sch\u00fctzen die Wurzelwerke empfindlicher Pflanzen im Winter und k\u00f6nnen nach Lust und Laune immer wieder an anderen Stellen im Garten platziert werden.<\/p>\n<h2>Standsicher und robust \u2013 ein Blumenk\u00fcbel beton<\/h2>\n<p>Dank des schweren Eigengewichts des Modells Hydra 3 von 220 Kilogramm bietet dieser Pflanztrog auch bei Sturm und Regen Sicherheit in jedem Winkel des Gartens. Ist der aparte Pflanzk\u00fcbel Beton mit Erdreich gef\u00fcllt, steht er noch einmal so stabil auf Terrasse und Balkon, denn ganze 960 Liter Erde haben Platz im Inneren des K\u00fcbels. Daher ist das Modell Hydra 3 auch besonders gut f\u00fcr B\u00e4ume geeignet. Im Wintergarten gedeihen Oliven und Zitrusfr\u00fcchte in jeder Region der Erde.<\/p>\n<h2>Hochwertige K\u00fcbel in Haus und Garten<\/h2>\n<p>Ein moderner Blumenk\u00fcbel beton findet im gesamten Bereich des Hauses und des Gartens seinen Platz. Er ist nicht nur ein n\u00fctzlicher Gegenstand, in dem Pflanzen gesch\u00fctzt gedeihen. Der aparte Blumenk\u00fcbel beton rund Hydra 3 ist immer auch ein Accessoire, das das Ambiente von Haus und Garten ma\u00dfgeblich pr\u00e4gt. Daher lohnt sich auch die Kombination verschiedener K\u00fcbel aus Beton f\u00fcr die unterschiedlichen Pflanzen.<\/p>\n","protected":false},"excerpt":{"rendered":"<p>Gewicht :220kg<br \/>\nAbmessungen \u00a0H1000mm \u22051200mm<br \/>\nFarben: Grau, Schwarz, Weiss<br \/>\nUV-resistent<br \/>\nRobust und Stabil<br \/>\nWetterfest<br \/>\n<strong>Frostbest\u00e4ndig bei gew\u00e4hrleistetem Wasserablauf<\/strong><\/p>\n","protected":false},"featured_media":57993,"template":"","meta":{"_acf_changed":false},"product_brand":[],"product_cat":[393],"product_tag":[482],"class_list":{"0":"post-53986","1":"product","2":"type-product","3":"status-publish","4":"has-post-thumbnail","6":"product_cat-pflanzkubel-beton","7":"product_tag-donice-ogrodowe-de-aut","8":"description-off","9":"tm-has-options","11":"first","12":"instock","13":"shipping-taxable","14":"purchasable","15":"product-type-simple"},"acf":[],"yoast_head":"<!-- This site is optimized with the Yoast SEO plugin v27.5 - https:\/\/yoast.com\/product\/yoast-seo-wordpress\/ -->\n<title>Blumenk\u00fcbel beton rund gross f\u00fcr hohe anspruchsvolle Lieblingspflanzen<\/title>\n<meta name=\"description\" content=\"Ein moderner Blumenk\u00fcbel beton rund findet im gesamten Bereich des Hauses und des Gartens seinen Platz. Im Wintergarten gedeihen Oliven und Zitrusfr\u00fcchte\" \/>\n<meta name=\"robots\" content=\"index, follow, max-snippet:-1, max-image-preview:large, max-video-preview:-1\" \/>\n<link rel=\"canonical\" href=\"https:\/\/worldofflowerpots.com\/sklep\/blumenkubel-beton-rund-hydra-3\/\" \/>\n<meta property=\"og:locale\" content=\"de_DE\" \/>\n<meta property=\"og:type\" content=\"article\" \/>\n<meta property=\"og:title\" content=\"Blumenk\u00fcbel beton rund gross f\u00fcr hohe anspruchsvolle Lieblingspflanzen\" \/>\n<meta property=\"og:description\" content=\"Ein moderner Blumenk\u00fcbel beton rund findet im gesamten Bereich des Hauses und des Gartens seinen Platz. Im Wintergarten gedeihen Oliven und Zitrusfr\u00fcchte\" \/>\n<meta property=\"og:url\" content=\"https:\/\/worldofflowerpots.com\/sklep\/blumenkubel-beton-rund-hydra-3\/\" \/>\n<meta property=\"og:site_name\" content=\"World of Flowerpots\" \/>\n<meta property=\"article:modified_time\" content=\"2019-02-26T09:25:09+00:00\" \/>\n<meta property=\"og:image\" content=\"https:\/\/worldofflowerpots.com\/wp-content\/uploads\/2019\/01\/donice-z-betonu-architektonicznego-Hydra-3-1.jpg\" \/>\n\t<meta property=\"og:image:width\" content=\"1920\" \/>\n\t<meta property=\"og:image:height\" content=\"1080\" \/>\n\t<meta property=\"og:image:type\" content=\"image\/jpeg\" \/>\n<meta name=\"twitter:card\" content=\"summary_large_image\" \/>\n<meta name=\"twitter:label1\" content=\"Est. reading time\" \/>\n\t<meta name=\"twitter:data1\" content=\"1 minute\" \/>\n<script type=\"application\/ld+json\" class=\"yoast-schema-graph\">{\"@context\":\"https:\\\/\\\/schema.org\",\"@graph\":[{\"@type\":\"WebPage\",\"@id\":\"https:\\\/\\\/worldofflowerpots.com\\\/sklep\\\/blumenkubel-beton-rund-hydra-3\\\/\",\"url\":\"https:\\\/\\\/worldofflowerpots.com\\\/sklep\\\/blumenkubel-beton-rund-hydra-3\\\/\",\"name\":\"Blumenk\u00fcbel beton rund gross f\u00fcr hohe anspruchsvolle Lieblingspflanzen\",\"isPartOf\":{\"@id\":\"https:\\\/\\\/worldofflowerpots.com\\\/#website\"},\"primaryImageOfPage\":{\"@id\":\"https:\\\/\\\/worldofflowerpots.com\\\/sklep\\\/blumenkubel-beton-rund-hydra-3\\\/#primaryimage\"},\"image\":{\"@id\":\"https:\\\/\\\/worldofflowerpots.com\\\/sklep\\\/blumenkubel-beton-rund-hydra-3\\\/#primaryimage\"},\"thumbnailUrl\":\"https:\\\/\\\/worldofflowerpots.com\\\/wp-content\\\/uploads\\\/2019\\\/01\\\/donice-z-betonu-architektonicznego-Hydra-3-1.jpg\",\"datePublished\":\"2019-01-18T14:07:38+00:00\",\"dateModified\":\"2019-02-26T09:25:09+00:00\",\"description\":\"Ein moderner Blumenk\u00fcbel beton rund findet im gesamten Bereich des Hauses und des Gartens seinen Platz. Im Wintergarten gedeihen Oliven und Zitrusfr\u00fcchte\",\"breadcrumb\":{\"@id\":\"https:\\\/\\\/worldofflowerpots.com\\\/sklep\\\/blumenkubel-beton-rund-hydra-3\\\/#breadcrumb\"},\"inLanguage\":\"de-AUT\",\"potentialAction\":[{\"@type\":\"ReadAction\",\"target\":[\"https:\\\/\\\/worldofflowerpots.com\\\/sklep\\\/blumenkubel-beton-rund-hydra-3\\\/\"]}]},{\"@type\":\"ImageObject\",\"inLanguage\":\"de-AUT\",\"@id\":\"https:\\\/\\\/worldofflowerpots.com\\\/sklep\\\/blumenkubel-beton-rund-hydra-3\\\/#primaryimage\",\"url\":\"https:\\\/\\\/worldofflowerpots.com\\\/wp-content\\\/uploads\\\/2019\\\/01\\\/donice-z-betonu-architektonicznego-Hydra-3-1.jpg\",\"contentUrl\":\"https:\\\/\\\/worldofflowerpots.com\\\/wp-content\\\/uploads\\\/2019\\\/01\\\/donice-z-betonu-architektonicznego-Hydra-3-1.jpg\",\"width\":1920,\"height\":1080},{\"@type\":\"BreadcrumbList\",\"@id\":\"https:\\\/\\\/worldofflowerpots.com\\\/sklep\\\/blumenkubel-beton-rund-hydra-3\\\/#breadcrumb\",\"itemListElement\":[{\"@type\":\"ListItem\",\"position\":1,\"name\":\"Strona g\u0142\u00f3wna\",\"item\":\"https:\\\/\\\/worldofflowerpots.com\\\/home\\\/\"},{\"@type\":\"ListItem\",\"position\":2,\"name\":\"Shop\",\"item\":\"https:\\\/\\\/worldofflowerpots.com\\\/sortiment\\\/\"},{\"@type\":\"ListItem\",\"position\":3,\"name\":\"Blumenk\u00fcbel beton rund Hydra 3\"}]},{\"@type\":\"WebSite\",\"@id\":\"https:\\\/\\\/worldofflowerpots.com\\\/#website\",\"url\":\"https:\\\/\\\/worldofflowerpots.com\\\/\",\"name\":\"World of Flowerpots\",\"description\":\"producent donic ozdobnych\",\"potentialAction\":[{\"@type\":\"SearchAction\",\"target\":{\"@type\":\"EntryPoint\",\"urlTemplate\":\"https:\\\/\\\/worldofflowerpots.com\\\/?s={search_term_string}\"},\"query-input\":{\"@type\":\"PropertyValueSpecification\",\"valueRequired\":true,\"valueName\":\"search_term_string\"}}],\"inLanguage\":\"de-AUT\"}]}<\/script>\n<!-- \/ Yoast SEO plugin. -->","yoast_head_json":{"title":"Blumenk\u00fcbel beton rund gross f\u00fcr hohe anspruchsvolle Lieblingspflanzen","description":"Ein moderner Blumenk\u00fcbel beton rund findet im gesamten Bereich des Hauses und des Gartens seinen Platz. Im Wintergarten gedeihen Oliven und Zitrusfr\u00fcchte","robots":{"index":"index","follow":"follow","max-snippet":"max-snippet:-1","max-image-preview":"max-image-preview:large","max-video-preview":"max-video-preview:-1"},"canonical":"https:\/\/worldofflowerpots.com\/sklep\/blumenkubel-beton-rund-hydra-3\/","og_locale":"de_DE","og_type":"article","og_title":"Blumenk\u00fcbel beton rund gross f\u00fcr hohe anspruchsvolle Lieblingspflanzen","og_description":"Ein moderner Blumenk\u00fcbel beton rund findet im gesamten Bereich des Hauses und des Gartens seinen Platz. Im Wintergarten gedeihen Oliven und Zitrusfr\u00fcchte","og_url":"https:\/\/worldofflowerpots.com\/sklep\/blumenkubel-beton-rund-hydra-3\/","og_site_name":"World of Flowerpots","article_modified_time":"2019-02-26T09:25:09+00:00","og_image":[{"width":1920,"height":1080,"url":"https:\/\/worldofflowerpots.com\/wp-content\/uploads\/2019\/01\/donice-z-betonu-architektonicznego-Hydra-3-1.jpg","type":"image\/jpeg"}],"twitter_card":"summary_large_image","twitter_misc":{"Est. reading time":"1 minute"},"schema":{"@context":"https:\/\/schema.org","@graph":[{"@type":"WebPage","@id":"https:\/\/worldofflowerpots.com\/sklep\/blumenkubel-beton-rund-hydra-3\/","url":"https:\/\/worldofflowerpots.com\/sklep\/blumenkubel-beton-rund-hydra-3\/","name":"Blumenk\u00fcbel beton rund gross f\u00fcr hohe anspruchsvolle Lieblingspflanzen","isPartOf":{"@id":"https:\/\/worldofflowerpots.com\/#website"},"primaryImageOfPage":{"@id":"https:\/\/worldofflowerpots.com\/sklep\/blumenkubel-beton-rund-hydra-3\/#primaryimage"},"image":{"@id":"https:\/\/worldofflowerpots.com\/sklep\/blumenkubel-beton-rund-hydra-3\/#primaryimage"},"thumbnailUrl":"https:\/\/worldofflowerpots.com\/wp-content\/uploads\/2019\/01\/donice-z-betonu-architektonicznego-Hydra-3-1.jpg","datePublished":"2019-01-18T14:07:38+00:00","dateModified":"2019-02-26T09:25:09+00:00","description":"Ein moderner Blumenk\u00fcbel beton rund findet im gesamten Bereich des Hauses und des Gartens seinen Platz. Im Wintergarten gedeihen Oliven und Zitrusfr\u00fcchte","breadcrumb":{"@id":"https:\/\/worldofflowerpots.com\/sklep\/blumenkubel-beton-rund-hydra-3\/#breadcrumb"},"inLanguage":"de-AUT","potentialAction":[{"@type":"ReadAction","target":["https:\/\/worldofflowerpots.com\/sklep\/blumenkubel-beton-rund-hydra-3\/"]}]},{"@type":"ImageObject","inLanguage":"de-AUT","@id":"https:\/\/worldofflowerpots.com\/sklep\/blumenkubel-beton-rund-hydra-3\/#primaryimage","url":"https:\/\/worldofflowerpots.com\/wp-content\/uploads\/2019\/01\/donice-z-betonu-architektonicznego-Hydra-3-1.jpg","contentUrl":"https:\/\/worldofflowerpots.com\/wp-content\/uploads\/2019\/01\/donice-z-betonu-architektonicznego-Hydra-3-1.jpg","width":1920,"height":1080},{"@type":"BreadcrumbList","@id":"https:\/\/worldofflowerpots.com\/sklep\/blumenkubel-beton-rund-hydra-3\/#breadcrumb","itemListElement":[{"@type":"ListItem","position":1,"name":"Strona g\u0142\u00f3wna","item":"https:\/\/worldofflowerpots.com\/home\/"},{"@type":"ListItem","position":2,"name":"Shop","item":"https:\/\/worldofflowerpots.com\/sortiment\/"},{"@type":"ListItem","position":3,"name":"Blumenk\u00fcbel beton rund Hydra 3"}]},{"@type":"WebSite","@id":"https:\/\/worldofflowerpots.com\/#website","url":"https:\/\/worldofflowerpots.com\/","name":"World of Flowerpots","description":"producent donic ozdobnych","potentialAction":[{"@type":"SearchAction","target":{"@type":"EntryPoint","urlTemplate":"https:\/\/worldofflowerpots.com\/?s={search_term_string}"},"query-input":{"@type":"PropertyValueSpecification","valueRequired":true,"valueName":"search_term_string"}}],"inLanguage":"de-AUT"}]}},"_links":{"self":[{"href":"https:\/\/worldofflowerpots.com\/aut\/wp-json\/wp\/v2\/product\/53986","targetHints":{"allow":["GET"]}}],"collection":[{"href":"https:\/\/worldofflowerpots.com\/aut\/wp-json\/wp\/v2\/product"}],"about":[{"href":"https:\/\/worldofflowerpots.com\/aut\/wp-json\/wp\/v2\/types\/product"}],"wp:featuredmedia":[{"embeddable":true,"href":"https:\/\/worldofflowerpots.com\/aut\/wp-json\/wp\/v2\/media\/57993"}],"wp:attachment":[{"href":"https:\/\/worldofflowerpots.com\/aut\/wp-json\/wp\/v2\/media?parent=53986"}],"wp:term":[{"taxonomy":"product_brand","embeddable":true,"href":"https:\/\/worldofflowerpots.com\/aut\/wp-json\/wp\/v2\/product_brand?post=53986"},{"taxonomy":"product_cat","embeddable":true,"href":"https:\/\/worldofflowerpots.com\/aut\/wp-json\/wp\/v2\/product_cat?post=53986"},{"taxonomy":"product_tag","embeddable":true,"href":"https:\/\/worldofflowerpots.com\/aut\/wp-json\/wp\/v2\/product_tag?post=53986"}],"curies":[{"name":"wp","href":"https:\/\/api.w.org\/{rel}","templated":true}]}}