{"id":53987,"date":"2019-01-18T15:07:38","date_gmt":"2019-01-18T14:07:38","guid":{"rendered":"https:\/\/worldofflowerpots.com\/sklep\/pflanzkubel-beton-anthrazit-cristina\/"},"modified":"2019-04-15T09:56:37","modified_gmt":"2019-04-15T07:56:37","slug":"pflanzkubel-beton-anthrazit-cristina","status":"publish","type":"product","link":"https:\/\/worldofflowerpots.com\/aut\/sortiment\/pflanzkubel-beton-anthrazit-cristina\/","title":{"rendered":"Pflanzk\u00fcbel beton anthrazit Cristina"},"content":{"rendered":"<div id=\"attachment_58959\" style=\"width: 1034px\" class=\"wp-caption aligncenter\"><img loading=\"lazy\" decoding=\"async\" aria-describedby=\"caption-attachment-58959\" class=\"wp-image-58959 size-large\" src=\"https:\/\/worldofflowerpots.com\/wp-content\/uploads\/2017\/01\/Richtig-bepflanzen--1024x576.jpg\" alt=\"\" width=\"1024\" height=\"576\" srcset=\"https:\/\/worldofflowerpots.com\/wp-content\/uploads\/2017\/01\/Richtig-bepflanzen--1024x576.jpg 1024w, https:\/\/worldofflowerpots.com\/wp-content\/uploads\/2017\/01\/Richtig-bepflanzen--300x169.jpg 300w, https:\/\/worldofflowerpots.com\/wp-content\/uploads\/2017\/01\/Richtig-bepflanzen--768x432.jpg 768w, https:\/\/worldofflowerpots.com\/wp-content\/uploads\/2017\/01\/Richtig-bepflanzen--600x338.jpg 600w, https:\/\/worldofflowerpots.com\/wp-content\/uploads\/2017\/01\/Richtig-bepflanzen-.jpg 1920w\" sizes=\"auto, (max-width: 1024px) 100vw, 1024px\" \/><p id=\"caption-attachment-58959\" class=\"wp-caption-text\">Richtig bepflanzen<\/p><\/div>\n<h2>Akzente f\u00fcr Eing\u00e4nge, Treppen und Gartentore \u2013 Der Pflanzk\u00fcbel Beton anthrazit Cristina<\/h2>\n<p>Mit seiner quadratischen Grundfl\u00e4che setzt der Blumenk\u00fcbel Beton Cristina neue Akzente: Denken Sie in gro\u00dfen Ma\u00dfst\u00e4ben und betonen Sie den Hauseingang, das Gartentor oder die Glasfassade eines B\u00fcrogeb\u00e4udes mit dem Betonpflanzk\u00fcbel Cristina. Anders als Pflanzk\u00fcbel Beton rechteckig, f\u00fcgt sich die quadratische Grundfl\u00e4che von Cristina harmonisch ein und schafft eine einzigartige Atmosph\u00e4re. Mit dem Pflanztrog Beton Cristina k\u00f6nnen Sie Ihren Eingang einladend f\u00fcr G\u00e4ste und Freunde gestalten.<\/p>\n<h2>Praktisch zum Quadrat<\/h2>\n<p>Ein schlichter W\u00fcrfel als Gef\u00e4\u00df lenkt ganz die Aufmerksamkeit auf die Pflanzen darin. Eine einzelne Staudenpflanze mit einem Bodendecker zusammen oder mehrere Kr\u00e4uter k\u00e4men gut zur Geltung. Durch das robuste Material ist der Pflanzk\u00fcbel beton anthrazit nicht nur f\u00fcr Zimmerpflanzen geeignet, sondern auch f\u00fcr den Balkon, die Terrasse oder zur Begr\u00fcnung einer Treppe. Vielleicht braucht ein Vorgarten einen Hingucker, bei dem man die Bepflanzung leicht \u00e4ndern kann? Oder ein kleiner Platz wird abgegrenzt, indem man ein oder zwei Pflanzk\u00fcbel in geringem Abstand mit gleicher Bepflanzung aufstellt. Oder man lenkt die Aufmerksamkeit auf die W\u00fcrfelform des K\u00fcbels und bepflanzt nur mit verschiedenen Steinbrechgew\u00e4chsen. Das Pflanzgef\u00e4\u00df Christina, ein schlichtes Gef\u00e4\u00df und vielen M\u00f6glichkeiten.<\/p>\n<h2>Kleine Cristina<\/h2>\n<p>Das Pflanzgef\u00e4\u00df Christina aus Beton ist der kleinste Pflanzk\u00fcbel mit quadratischem Grundma\u00df. Der Pflanzk\u00fcbel Beton Cristina kommt wahlweise in hellgrau, dunkelgrau oder schwarz zu Ihnen. Aufstellen l\u00e4sst sich Cristina mit oder ohne F\u00fc\u00dfe. Wenn Sie es m\u00f6chten, ist eine Au\u00dfenlackierung m\u00f6glich.<\/p>\n","protected":false},"excerpt":{"rendered":"<p>Pflanzk\u00fcbel beton Cristina<br \/>\nMaterial Beton (UHPC)<br \/>\nGewicht :80kg<br \/>\nAbmessungen B 500mm H500mm L500mm<br \/>\nFarben: Grau, Schwarz, Weiss<br \/>\nUV-resistent<br \/>\nRobust und Stabil<br \/>\nWetterfest<br \/>\nFrostbest\u00e4ndig bei gew\u00e4hrleistetem Wasserablauf<\/p>\n","protected":false},"featured_media":58266,"template":"","meta":{"_acf_changed":false},"product_brand":[],"product_cat":[393],"product_tag":[482],"class_list":{"0":"post-53987","1":"product","2":"type-product","3":"status-publish","4":"has-post-thumbnail","6":"product_cat-pflanzkubel-beton","7":"product_tag-donice-ogrodowe-de-aut","8":"description-off","9":"tm-has-options","11":"first","12":"instock","13":"shipping-taxable","14":"purchasable","15":"product-type-simple"},"acf":[],"yoast_head":"<!-- This site is optimized with the Yoast SEO plugin v27.5 - https:\/\/yoast.com\/product\/yoast-seo-wordpress\/ -->\n<title>Pflanzk\u00fcbel aus Beton in anthrazit mit seiner quadratischen Grundfl\u00e4che<\/title>\n<meta name=\"description\" content=\"Pflanzk\u00fcbel beton anthrazit nicht nur f\u00fcr Zimmerpflanzen geeignet, sondern auch f\u00fcr Terrasse.Pflanzk\u00fcbel mit quadratischem Grundmass.\" \/>\n<meta name=\"robots\" content=\"index, follow, max-snippet:-1, max-image-preview:large, max-video-preview:-1\" \/>\n<link rel=\"canonical\" href=\"https:\/\/worldofflowerpots.com\/sklep\/pflanzkubel-beton-anthrazit-cristina\/\" \/>\n<meta property=\"og:locale\" content=\"de_DE\" \/>\n<meta property=\"og:type\" content=\"article\" \/>\n<meta property=\"og:title\" content=\"Pflanzk\u00fcbel aus Beton in anthrazit mit seiner quadratischen Grundfl\u00e4che\" \/>\n<meta property=\"og:description\" content=\"Pflanzk\u00fcbel beton anthrazit nicht nur f\u00fcr Zimmerpflanzen geeignet, sondern auch f\u00fcr Terrasse.Pflanzk\u00fcbel mit quadratischem Grundmass.\" \/>\n<meta property=\"og:url\" content=\"https:\/\/worldofflowerpots.com\/sklep\/pflanzkubel-beton-anthrazit-cristina\/\" \/>\n<meta property=\"og:site_name\" content=\"World of Flowerpots\" \/>\n<meta property=\"article:modified_time\" content=\"2019-04-15T07:56:37+00:00\" \/>\n<meta property=\"og:image\" content=\"https:\/\/worldofflowerpots.com\/wp-content\/uploads\/2019\/01\/Pflanzk\u00fcbel-beton-anthrazit-Cristina.jpg\" \/>\n\t<meta property=\"og:image:width\" content=\"2280\" \/>\n\t<meta property=\"og:image:height\" content=\"1612\" \/>\n\t<meta property=\"og:image:type\" content=\"image\/jpeg\" \/>\n<meta name=\"twitter:card\" content=\"summary_large_image\" \/>\n<meta name=\"twitter:label1\" content=\"Est. reading time\" \/>\n\t<meta name=\"twitter:data1\" content=\"1 minute\" \/>\n<script type=\"application\/ld+json\" class=\"yoast-schema-graph\">{\"@context\":\"https:\\\/\\\/schema.org\",\"@graph\":[{\"@type\":\"WebPage\",\"@id\":\"https:\\\/\\\/worldofflowerpots.com\\\/sklep\\\/pflanzkubel-beton-anthrazit-cristina\\\/\",\"url\":\"https:\\\/\\\/worldofflowerpots.com\\\/sklep\\\/pflanzkubel-beton-anthrazit-cristina\\\/\",\"name\":\"Pflanzk\u00fcbel aus Beton in anthrazit mit seiner quadratischen Grundfl\u00e4che\",\"isPartOf\":{\"@id\":\"https:\\\/\\\/worldofflowerpots.com\\\/#website\"},\"primaryImageOfPage\":{\"@id\":\"https:\\\/\\\/worldofflowerpots.com\\\/sklep\\\/pflanzkubel-beton-anthrazit-cristina\\\/#primaryimage\"},\"image\":{\"@id\":\"https:\\\/\\\/worldofflowerpots.com\\\/sklep\\\/pflanzkubel-beton-anthrazit-cristina\\\/#primaryimage\"},\"thumbnailUrl\":\"https:\\\/\\\/worldofflowerpots.com\\\/wp-content\\\/uploads\\\/2019\\\/01\\\/Pflanzk\u00fcbel-beton-anthrazit-Cristina.jpg\",\"datePublished\":\"2019-01-18T14:07:38+00:00\",\"dateModified\":\"2019-04-15T07:56:37+00:00\",\"description\":\"Pflanzk\u00fcbel beton anthrazit nicht nur f\u00fcr Zimmerpflanzen geeignet, sondern auch f\u00fcr Terrasse.Pflanzk\u00fcbel mit quadratischem Grundmass.\",\"breadcrumb\":{\"@id\":\"https:\\\/\\\/worldofflowerpots.com\\\/sklep\\\/pflanzkubel-beton-anthrazit-cristina\\\/#breadcrumb\"},\"inLanguage\":\"de-AUT\",\"potentialAction\":[{\"@type\":\"ReadAction\",\"target\":[\"https:\\\/\\\/worldofflowerpots.com\\\/sklep\\\/pflanzkubel-beton-anthrazit-cristina\\\/\"]}]},{\"@type\":\"ImageObject\",\"inLanguage\":\"de-AUT\",\"@id\":\"https:\\\/\\\/worldofflowerpots.com\\\/sklep\\\/pflanzkubel-beton-anthrazit-cristina\\\/#primaryimage\",\"url\":\"https:\\\/\\\/worldofflowerpots.com\\\/wp-content\\\/uploads\\\/2019\\\/01\\\/Pflanzk\u00fcbel-beton-anthrazit-Cristina.jpg\",\"contentUrl\":\"https:\\\/\\\/worldofflowerpots.com\\\/wp-content\\\/uploads\\\/2019\\\/01\\\/Pflanzk\u00fcbel-beton-anthrazit-Cristina.jpg\",\"width\":2280,\"height\":1612},{\"@type\":\"BreadcrumbList\",\"@id\":\"https:\\\/\\\/worldofflowerpots.com\\\/sklep\\\/pflanzkubel-beton-anthrazit-cristina\\\/#breadcrumb\",\"itemListElement\":[{\"@type\":\"ListItem\",\"position\":1,\"name\":\"Strona g\u0142\u00f3wna\",\"item\":\"https:\\\/\\\/worldofflowerpots.com\\\/home\\\/\"},{\"@type\":\"ListItem\",\"position\":2,\"name\":\"Shop\",\"item\":\"https:\\\/\\\/worldofflowerpots.com\\\/sortiment\\\/\"},{\"@type\":\"ListItem\",\"position\":3,\"name\":\"Pflanzk\u00fcbel beton anthrazit Cristina\"}]},{\"@type\":\"WebSite\",\"@id\":\"https:\\\/\\\/worldofflowerpots.com\\\/#website\",\"url\":\"https:\\\/\\\/worldofflowerpots.com\\\/\",\"name\":\"World of Flowerpots\",\"description\":\"producent donic ozdobnych\",\"potentialAction\":[{\"@type\":\"SearchAction\",\"target\":{\"@type\":\"EntryPoint\",\"urlTemplate\":\"https:\\\/\\\/worldofflowerpots.com\\\/?s={search_term_string}\"},\"query-input\":{\"@type\":\"PropertyValueSpecification\",\"valueRequired\":true,\"valueName\":\"search_term_string\"}}],\"inLanguage\":\"de-AUT\"}]}<\/script>\n<!-- \/ Yoast SEO plugin. -->","yoast_head_json":{"title":"Pflanzk\u00fcbel aus Beton in anthrazit mit seiner quadratischen Grundfl\u00e4che","description":"Pflanzk\u00fcbel beton anthrazit nicht nur f\u00fcr Zimmerpflanzen geeignet, sondern auch f\u00fcr Terrasse.Pflanzk\u00fcbel mit quadratischem Grundmass.","robots":{"index":"index","follow":"follow","max-snippet":"max-snippet:-1","max-image-preview":"max-image-preview:large","max-video-preview":"max-video-preview:-1"},"canonical":"https:\/\/worldofflowerpots.com\/sklep\/pflanzkubel-beton-anthrazit-cristina\/","og_locale":"de_DE","og_type":"article","og_title":"Pflanzk\u00fcbel aus Beton in anthrazit mit seiner quadratischen Grundfl\u00e4che","og_description":"Pflanzk\u00fcbel beton anthrazit nicht nur f\u00fcr Zimmerpflanzen geeignet, sondern auch f\u00fcr Terrasse.Pflanzk\u00fcbel mit quadratischem Grundmass.","og_url":"https:\/\/worldofflowerpots.com\/sklep\/pflanzkubel-beton-anthrazit-cristina\/","og_site_name":"World of Flowerpots","article_modified_time":"2019-04-15T07:56:37+00:00","og_image":[{"width":2280,"height":1612,"url":"https:\/\/worldofflowerpots.com\/wp-content\/uploads\/2019\/01\/Pflanzk\u00fcbel-beton-anthrazit-Cristina.jpg","type":"image\/jpeg"}],"twitter_card":"summary_large_image","twitter_misc":{"Est. reading time":"1 minute"},"schema":{"@context":"https:\/\/schema.org","@graph":[{"@type":"WebPage","@id":"https:\/\/worldofflowerpots.com\/sklep\/pflanzkubel-beton-anthrazit-cristina\/","url":"https:\/\/worldofflowerpots.com\/sklep\/pflanzkubel-beton-anthrazit-cristina\/","name":"Pflanzk\u00fcbel aus Beton in anthrazit mit seiner quadratischen Grundfl\u00e4che","isPartOf":{"@id":"https:\/\/worldofflowerpots.com\/#website"},"primaryImageOfPage":{"@id":"https:\/\/worldofflowerpots.com\/sklep\/pflanzkubel-beton-anthrazit-cristina\/#primaryimage"},"image":{"@id":"https:\/\/worldofflowerpots.com\/sklep\/pflanzkubel-beton-anthrazit-cristina\/#primaryimage"},"thumbnailUrl":"https:\/\/worldofflowerpots.com\/wp-content\/uploads\/2019\/01\/Pflanzk\u00fcbel-beton-anthrazit-Cristina.jpg","datePublished":"2019-01-18T14:07:38+00:00","dateModified":"2019-04-15T07:56:37+00:00","description":"Pflanzk\u00fcbel beton anthrazit nicht nur f\u00fcr Zimmerpflanzen geeignet, sondern auch f\u00fcr Terrasse.Pflanzk\u00fcbel mit quadratischem Grundmass.","breadcrumb":{"@id":"https:\/\/worldofflowerpots.com\/sklep\/pflanzkubel-beton-anthrazit-cristina\/#breadcrumb"},"inLanguage":"de-AUT","potentialAction":[{"@type":"ReadAction","target":["https:\/\/worldofflowerpots.com\/sklep\/pflanzkubel-beton-anthrazit-cristina\/"]}]},{"@type":"ImageObject","inLanguage":"de-AUT","@id":"https:\/\/worldofflowerpots.com\/sklep\/pflanzkubel-beton-anthrazit-cristina\/#primaryimage","url":"https:\/\/worldofflowerpots.com\/wp-content\/uploads\/2019\/01\/Pflanzk\u00fcbel-beton-anthrazit-Cristina.jpg","contentUrl":"https:\/\/worldofflowerpots.com\/wp-content\/uploads\/2019\/01\/Pflanzk\u00fcbel-beton-anthrazit-Cristina.jpg","width":2280,"height":1612},{"@type":"BreadcrumbList","@id":"https:\/\/worldofflowerpots.com\/sklep\/pflanzkubel-beton-anthrazit-cristina\/#breadcrumb","itemListElement":[{"@type":"ListItem","position":1,"name":"Strona g\u0142\u00f3wna","item":"https:\/\/worldofflowerpots.com\/home\/"},{"@type":"ListItem","position":2,"name":"Shop","item":"https:\/\/worldofflowerpots.com\/sortiment\/"},{"@type":"ListItem","position":3,"name":"Pflanzk\u00fcbel beton anthrazit Cristina"}]},{"@type":"WebSite","@id":"https:\/\/worldofflowerpots.com\/#website","url":"https:\/\/worldofflowerpots.com\/","name":"World of Flowerpots","description":"producent donic ozdobnych","potentialAction":[{"@type":"SearchAction","target":{"@type":"EntryPoint","urlTemplate":"https:\/\/worldofflowerpots.com\/?s={search_term_string}"},"query-input":{"@type":"PropertyValueSpecification","valueRequired":true,"valueName":"search_term_string"}}],"inLanguage":"de-AUT"}]}},"_links":{"self":[{"href":"https:\/\/worldofflowerpots.com\/aut\/wp-json\/wp\/v2\/product\/53987","targetHints":{"allow":["GET"]}}],"collection":[{"href":"https:\/\/worldofflowerpots.com\/aut\/wp-json\/wp\/v2\/product"}],"about":[{"href":"https:\/\/worldofflowerpots.com\/aut\/wp-json\/wp\/v2\/types\/product"}],"wp:featuredmedia":[{"embeddable":true,"href":"https:\/\/worldofflowerpots.com\/aut\/wp-json\/wp\/v2\/media\/58266"}],"wp:attachment":[{"href":"https:\/\/worldofflowerpots.com\/aut\/wp-json\/wp\/v2\/media?parent=53987"}],"wp:term":[{"taxonomy":"product_brand","embeddable":true,"href":"https:\/\/worldofflowerpots.com\/aut\/wp-json\/wp\/v2\/product_brand?post=53987"},{"taxonomy":"product_cat","embeddable":true,"href":"https:\/\/worldofflowerpots.com\/aut\/wp-json\/wp\/v2\/product_cat?post=53987"},{"taxonomy":"product_tag","embeddable":true,"href":"https:\/\/worldofflowerpots.com\/aut\/wp-json\/wp\/v2\/product_tag?post=53987"}],"curies":[{"name":"wp","href":"https:\/\/api.w.org\/{rel}","templated":true}]}}