{"id":53988,"date":"2019-01-18T15:07:38","date_gmt":"2019-01-18T14:07:38","guid":{"rendered":"https:\/\/worldofflowerpots.com\/sklep\/pflanzkubel-60-cm-beton-alice\/"},"modified":"2019-04-15T09:33:22","modified_gmt":"2019-04-15T07:33:22","slug":"pflanzkubel-60-cm-beton-alice","status":"publish","type":"product","link":"https:\/\/worldofflowerpots.com\/aut\/sortiment\/pflanzkubel-60-cm-beton-alice\/","title":{"rendered":"Pflanzk\u00fcbel 60 cm beton Alice"},"content":{"rendered":"<div id=\"attachment_58959\" style=\"width: 1034px\" class=\"wp-caption aligncenter\"><img loading=\"lazy\" decoding=\"async\" aria-describedby=\"caption-attachment-58959\" class=\"wp-image-58959 size-large\" src=\"https:\/\/worldofflowerpots.com\/wp-content\/uploads\/2017\/01\/Richtig-bepflanzen--1024x576.jpg\" alt=\"\" width=\"1024\" height=\"576\" srcset=\"https:\/\/worldofflowerpots.com\/wp-content\/uploads\/2017\/01\/Richtig-bepflanzen--1024x576.jpg 1024w, https:\/\/worldofflowerpots.com\/wp-content\/uploads\/2017\/01\/Richtig-bepflanzen--300x169.jpg 300w, https:\/\/worldofflowerpots.com\/wp-content\/uploads\/2017\/01\/Richtig-bepflanzen--768x432.jpg 768w, https:\/\/worldofflowerpots.com\/wp-content\/uploads\/2017\/01\/Richtig-bepflanzen--600x338.jpg 600w, https:\/\/worldofflowerpots.com\/wp-content\/uploads\/2017\/01\/Richtig-bepflanzen-.jpg 1920w\" sizes=\"auto, (max-width: 1024px) 100vw, 1024px\" \/><p id=\"caption-attachment-58959\" class=\"wp-caption-text\">Richtig bepflanzen<\/p><\/div>\n<h2>Alice ein<span class=\"spGb-e spGb-h\"> Pflanzk\u00fcbel 60 cm<\/span><a class=\"spGb-f\">\u00a0<\/a>eignet sich f\u00fcr Tiefwurzler<\/h2>\n<p>Durch die hohe Form ist er vor allem f\u00fcr Pflanzen geeignet, die eine tiefe Wurzel ausbilden und Platz im Erdreich ben\u00f6tigen. Das Wasser kann durch ein Loch im Boden abrinnen. Alice ist eigentlich ein W\u00fcrfel mit gleichen Kantenl\u00e4ngen. Neben dem Hauseingang platziert, bereichert der Pflanzk\u00fcbel jede Eingangssituation und gibt dieser eine besondere Note. Die dezenten Farben nehmen dabei den Pflanztrog in seiner Erscheinung zur\u00fcck, und lassen die Pflanze selbst voll zur Wirkung kommen.<\/p>\n<h2>Betonpflanzk\u00fcbel Alice \u2013 Akzente f\u00fcr Eing\u00e4nge und Treppen<\/h2>\n<p>Der P<span class=\"spGb-e spGb-h\">flanzk\u00fcbel 60 cm<\/span><a class=\"spGb-f\">\u00a0<\/a> aus Beton Alice hat eine quadratische Grundfl\u00e4che von 600 x 600 mm und ist damit ideal geeignet f\u00fcr Eing\u00e4nge oder Treppen. Mit 97 kg Gewicht geh\u00f6rt Alice zu den mittelschweren Pflanztr\u00f6gen. Gerade vor einer Glasfront lassen sich mit Alice gr\u00fcne Akzente setzen: Pflanzen Sie kleine Str\u00e4ucher oder bl\u00fchende Gr\u00e4ser hinein und schaffen Sie so in Ihrem zu Hause eine ganz eigene Atmosph\u00e4re. Es ist nachgewiesen, dass gr\u00fcne Gestaltungselementen gerade in oder vor Gesch\u00e4ftsr\u00e4umen f\u00fcr ein entspannteres Raumklima sorgen.<\/p>\n<h2>Der Pflanzk\u00fcbel besticht durch seine Feinheit und Geradlinigkeit<\/h2>\n<p>Nutzen Sie den Pflanztrog Beton Alice, um gr\u00fcne Stilelemente an Ihrem Eingang zu setzen \u2013 auch m\u00f6glich in Vorr\u00e4umen oder Empfangshallen. In jedem Fall ist der Betonpflanzk\u00fcbel Alice ein echter Eyecatcher f\u00fcr Besucher oder Kunden.<\/p>\n","protected":false},"excerpt":{"rendered":"<p>Pflanzk\u00fcbel Alice<br \/>\nMaterial Beton (UHPC)<br \/>\nGewicht : 97kg<br \/>\nAbmessungen B 600mm H 600mm L 600mm<br \/>\nFarben: Grau,Schwarz,Weiss<br \/>\nUV-resistent<br \/>\nRobust und Stabil<br \/>\nWetterfest<br \/>\nFrostbest\u00e4ndig bei gew\u00e4hrleistetem Wasserablauf<\/p>\n","protected":false},"featured_media":58255,"template":"","meta":{"_acf_changed":false},"product_brand":[],"product_cat":[393],"product_tag":[482],"class_list":{"0":"post-53988","1":"product","2":"type-product","3":"status-publish","4":"has-post-thumbnail","6":"product_cat-pflanzkubel-beton","7":"product_tag-donice-ogrodowe-de-aut","8":"description-off","9":"tm-has-options","11":"first","12":"instock","13":"shipping-taxable","14":"purchasable","15":"product-type-simple"},"acf":[],"yoast_head":"<!-- This site is optimized with the Yoast SEO plugin v27.5 - https:\/\/yoast.com\/product\/yoast-seo-wordpress\/ -->\n<title>Pflanzk\u00fcbel 60 cm\u00a0eignet sich f\u00fcr Tiefwurzler neben dem Hauseingang<\/title>\n<meta name=\"description\" content=\"Pflanzk\u00fcbel aus beton mit eine quadratische Grundfl\u00e4che von 600 x 600 mm und ist damit ideal geeignet f\u00fcr Eing\u00e4nge oder Treppen.\" \/>\n<meta name=\"robots\" content=\"index, follow, max-snippet:-1, max-image-preview:large, max-video-preview:-1\" \/>\n<link rel=\"canonical\" href=\"https:\/\/worldofflowerpots.com\/sklep\/pflanzkubel-60-cm-beton-alice\/\" \/>\n<meta property=\"og:locale\" content=\"de_DE\" \/>\n<meta property=\"og:type\" content=\"article\" \/>\n<meta property=\"og:title\" content=\"Pflanzk\u00fcbel 60 cm\u00a0eignet sich f\u00fcr Tiefwurzler neben dem Hauseingang\" \/>\n<meta property=\"og:description\" content=\"Pflanzk\u00fcbel aus beton mit eine quadratische Grundfl\u00e4che von 600 x 600 mm und ist damit ideal geeignet f\u00fcr Eing\u00e4nge oder Treppen.\" \/>\n<meta property=\"og:url\" content=\"https:\/\/worldofflowerpots.com\/sklep\/pflanzkubel-60-cm-beton-alice\/\" \/>\n<meta property=\"og:site_name\" content=\"World of Flowerpots\" \/>\n<meta property=\"article:modified_time\" content=\"2019-04-15T07:33:22+00:00\" \/>\n<meta property=\"og:image\" content=\"https:\/\/worldofflowerpots.com\/wp-content\/uploads\/2019\/01\/pflanzk\u00fcbel-60-cm-Alice.jpg\" \/>\n\t<meta property=\"og:image:width\" content=\"2280\" \/>\n\t<meta property=\"og:image:height\" content=\"1612\" \/>\n\t<meta property=\"og:image:type\" content=\"image\/jpeg\" \/>\n<meta name=\"twitter:card\" content=\"summary_large_image\" \/>\n<meta name=\"twitter:label1\" content=\"Est. reading time\" \/>\n\t<meta name=\"twitter:data1\" content=\"1 minute\" \/>\n<script type=\"application\/ld+json\" class=\"yoast-schema-graph\">{\"@context\":\"https:\\\/\\\/schema.org\",\"@graph\":[{\"@type\":\"WebPage\",\"@id\":\"https:\\\/\\\/worldofflowerpots.com\\\/sklep\\\/pflanzkubel-60-cm-beton-alice\\\/\",\"url\":\"https:\\\/\\\/worldofflowerpots.com\\\/sklep\\\/pflanzkubel-60-cm-beton-alice\\\/\",\"name\":\"Pflanzk\u00fcbel 60 cm\u00a0eignet sich f\u00fcr Tiefwurzler neben dem Hauseingang\",\"isPartOf\":{\"@id\":\"https:\\\/\\\/worldofflowerpots.com\\\/#website\"},\"primaryImageOfPage\":{\"@id\":\"https:\\\/\\\/worldofflowerpots.com\\\/sklep\\\/pflanzkubel-60-cm-beton-alice\\\/#primaryimage\"},\"image\":{\"@id\":\"https:\\\/\\\/worldofflowerpots.com\\\/sklep\\\/pflanzkubel-60-cm-beton-alice\\\/#primaryimage\"},\"thumbnailUrl\":\"https:\\\/\\\/worldofflowerpots.com\\\/wp-content\\\/uploads\\\/2019\\\/01\\\/pflanzk\u00fcbel-60-cm-Alice.jpg\",\"datePublished\":\"2019-01-18T14:07:38+00:00\",\"dateModified\":\"2019-04-15T07:33:22+00:00\",\"description\":\"Pflanzk\u00fcbel aus beton mit eine quadratische Grundfl\u00e4che von 600 x 600 mm und ist damit ideal geeignet f\u00fcr Eing\u00e4nge oder Treppen.\",\"breadcrumb\":{\"@id\":\"https:\\\/\\\/worldofflowerpots.com\\\/sklep\\\/pflanzkubel-60-cm-beton-alice\\\/#breadcrumb\"},\"inLanguage\":\"de-AUT\",\"potentialAction\":[{\"@type\":\"ReadAction\",\"target\":[\"https:\\\/\\\/worldofflowerpots.com\\\/sklep\\\/pflanzkubel-60-cm-beton-alice\\\/\"]}]},{\"@type\":\"ImageObject\",\"inLanguage\":\"de-AUT\",\"@id\":\"https:\\\/\\\/worldofflowerpots.com\\\/sklep\\\/pflanzkubel-60-cm-beton-alice\\\/#primaryimage\",\"url\":\"https:\\\/\\\/worldofflowerpots.com\\\/wp-content\\\/uploads\\\/2019\\\/01\\\/pflanzk\u00fcbel-60-cm-Alice.jpg\",\"contentUrl\":\"https:\\\/\\\/worldofflowerpots.com\\\/wp-content\\\/uploads\\\/2019\\\/01\\\/pflanzk\u00fcbel-60-cm-Alice.jpg\",\"width\":2280,\"height\":1612},{\"@type\":\"BreadcrumbList\",\"@id\":\"https:\\\/\\\/worldofflowerpots.com\\\/sklep\\\/pflanzkubel-60-cm-beton-alice\\\/#breadcrumb\",\"itemListElement\":[{\"@type\":\"ListItem\",\"position\":1,\"name\":\"Strona g\u0142\u00f3wna\",\"item\":\"https:\\\/\\\/worldofflowerpots.com\\\/home\\\/\"},{\"@type\":\"ListItem\",\"position\":2,\"name\":\"Shop\",\"item\":\"https:\\\/\\\/worldofflowerpots.com\\\/sortiment\\\/\"},{\"@type\":\"ListItem\",\"position\":3,\"name\":\"Pflanzk\u00fcbel 60 cm beton Alice\"}]},{\"@type\":\"WebSite\",\"@id\":\"https:\\\/\\\/worldofflowerpots.com\\\/#website\",\"url\":\"https:\\\/\\\/worldofflowerpots.com\\\/\",\"name\":\"World of Flowerpots\",\"description\":\"producent donic ozdobnych\",\"potentialAction\":[{\"@type\":\"SearchAction\",\"target\":{\"@type\":\"EntryPoint\",\"urlTemplate\":\"https:\\\/\\\/worldofflowerpots.com\\\/?s={search_term_string}\"},\"query-input\":{\"@type\":\"PropertyValueSpecification\",\"valueRequired\":true,\"valueName\":\"search_term_string\"}}],\"inLanguage\":\"de-AUT\"}]}<\/script>\n<!-- \/ Yoast SEO plugin. -->","yoast_head_json":{"title":"Pflanzk\u00fcbel 60 cm\u00a0eignet sich f\u00fcr Tiefwurzler neben dem Hauseingang","description":"Pflanzk\u00fcbel aus beton mit eine quadratische Grundfl\u00e4che von 600 x 600 mm und ist damit ideal geeignet f\u00fcr Eing\u00e4nge oder Treppen.","robots":{"index":"index","follow":"follow","max-snippet":"max-snippet:-1","max-image-preview":"max-image-preview:large","max-video-preview":"max-video-preview:-1"},"canonical":"https:\/\/worldofflowerpots.com\/sklep\/pflanzkubel-60-cm-beton-alice\/","og_locale":"de_DE","og_type":"article","og_title":"Pflanzk\u00fcbel 60 cm\u00a0eignet sich f\u00fcr Tiefwurzler neben dem Hauseingang","og_description":"Pflanzk\u00fcbel aus beton mit eine quadratische Grundfl\u00e4che von 600 x 600 mm und ist damit ideal geeignet f\u00fcr Eing\u00e4nge oder Treppen.","og_url":"https:\/\/worldofflowerpots.com\/sklep\/pflanzkubel-60-cm-beton-alice\/","og_site_name":"World of Flowerpots","article_modified_time":"2019-04-15T07:33:22+00:00","og_image":[{"width":2280,"height":1612,"url":"https:\/\/worldofflowerpots.com\/wp-content\/uploads\/2019\/01\/pflanzk\u00fcbel-60-cm-Alice.jpg","type":"image\/jpeg"}],"twitter_card":"summary_large_image","twitter_misc":{"Est. reading time":"1 minute"},"schema":{"@context":"https:\/\/schema.org","@graph":[{"@type":"WebPage","@id":"https:\/\/worldofflowerpots.com\/sklep\/pflanzkubel-60-cm-beton-alice\/","url":"https:\/\/worldofflowerpots.com\/sklep\/pflanzkubel-60-cm-beton-alice\/","name":"Pflanzk\u00fcbel 60 cm\u00a0eignet sich f\u00fcr Tiefwurzler neben dem Hauseingang","isPartOf":{"@id":"https:\/\/worldofflowerpots.com\/#website"},"primaryImageOfPage":{"@id":"https:\/\/worldofflowerpots.com\/sklep\/pflanzkubel-60-cm-beton-alice\/#primaryimage"},"image":{"@id":"https:\/\/worldofflowerpots.com\/sklep\/pflanzkubel-60-cm-beton-alice\/#primaryimage"},"thumbnailUrl":"https:\/\/worldofflowerpots.com\/wp-content\/uploads\/2019\/01\/pflanzk\u00fcbel-60-cm-Alice.jpg","datePublished":"2019-01-18T14:07:38+00:00","dateModified":"2019-04-15T07:33:22+00:00","description":"Pflanzk\u00fcbel aus beton mit eine quadratische Grundfl\u00e4che von 600 x 600 mm und ist damit ideal geeignet f\u00fcr Eing\u00e4nge oder Treppen.","breadcrumb":{"@id":"https:\/\/worldofflowerpots.com\/sklep\/pflanzkubel-60-cm-beton-alice\/#breadcrumb"},"inLanguage":"de-AUT","potentialAction":[{"@type":"ReadAction","target":["https:\/\/worldofflowerpots.com\/sklep\/pflanzkubel-60-cm-beton-alice\/"]}]},{"@type":"ImageObject","inLanguage":"de-AUT","@id":"https:\/\/worldofflowerpots.com\/sklep\/pflanzkubel-60-cm-beton-alice\/#primaryimage","url":"https:\/\/worldofflowerpots.com\/wp-content\/uploads\/2019\/01\/pflanzk\u00fcbel-60-cm-Alice.jpg","contentUrl":"https:\/\/worldofflowerpots.com\/wp-content\/uploads\/2019\/01\/pflanzk\u00fcbel-60-cm-Alice.jpg","width":2280,"height":1612},{"@type":"BreadcrumbList","@id":"https:\/\/worldofflowerpots.com\/sklep\/pflanzkubel-60-cm-beton-alice\/#breadcrumb","itemListElement":[{"@type":"ListItem","position":1,"name":"Strona g\u0142\u00f3wna","item":"https:\/\/worldofflowerpots.com\/home\/"},{"@type":"ListItem","position":2,"name":"Shop","item":"https:\/\/worldofflowerpots.com\/sortiment\/"},{"@type":"ListItem","position":3,"name":"Pflanzk\u00fcbel 60 cm beton Alice"}]},{"@type":"WebSite","@id":"https:\/\/worldofflowerpots.com\/#website","url":"https:\/\/worldofflowerpots.com\/","name":"World of Flowerpots","description":"producent donic ozdobnych","potentialAction":[{"@type":"SearchAction","target":{"@type":"EntryPoint","urlTemplate":"https:\/\/worldofflowerpots.com\/?s={search_term_string}"},"query-input":{"@type":"PropertyValueSpecification","valueRequired":true,"valueName":"search_term_string"}}],"inLanguage":"de-AUT"}]}},"_links":{"self":[{"href":"https:\/\/worldofflowerpots.com\/aut\/wp-json\/wp\/v2\/product\/53988","targetHints":{"allow":["GET"]}}],"collection":[{"href":"https:\/\/worldofflowerpots.com\/aut\/wp-json\/wp\/v2\/product"}],"about":[{"href":"https:\/\/worldofflowerpots.com\/aut\/wp-json\/wp\/v2\/types\/product"}],"wp:featuredmedia":[{"embeddable":true,"href":"https:\/\/worldofflowerpots.com\/aut\/wp-json\/wp\/v2\/media\/58255"}],"wp:attachment":[{"href":"https:\/\/worldofflowerpots.com\/aut\/wp-json\/wp\/v2\/media?parent=53988"}],"wp:term":[{"taxonomy":"product_brand","embeddable":true,"href":"https:\/\/worldofflowerpots.com\/aut\/wp-json\/wp\/v2\/product_brand?post=53988"},{"taxonomy":"product_cat","embeddable":true,"href":"https:\/\/worldofflowerpots.com\/aut\/wp-json\/wp\/v2\/product_cat?post=53988"},{"taxonomy":"product_tag","embeddable":true,"href":"https:\/\/worldofflowerpots.com\/aut\/wp-json\/wp\/v2\/product_tag?post=53988"}],"curies":[{"name":"wp","href":"https:\/\/api.w.org\/{rel}","templated":true}]}}