{"id":53999,"date":"2019-01-18T15:06:46","date_gmt":"2019-01-18T14:06:46","guid":{"rendered":"https:\/\/worldofflowerpots.com\/sklep\/blumentroge-beton-gaia\/"},"modified":"2019-04-15T11:08:04","modified_gmt":"2019-04-15T09:08:04","slug":"blumentroge-beton-gaia","status":"publish","type":"product","link":"https:\/\/worldofflowerpots.com\/aut\/sortiment\/blumentroge-beton-gaia\/","title":{"rendered":"Blumentr\u00f6ge beton Gaia"},"content":{"rendered":"<div id=\"attachment_58959\" style=\"width: 1034px\" class=\"wp-caption aligncenter\"><img loading=\"lazy\" decoding=\"async\" aria-describedby=\"caption-attachment-58959\" class=\"wp-image-58959 size-large\" src=\"https:\/\/worldofflowerpots.com\/wp-content\/uploads\/2017\/01\/Richtig-bepflanzen--1024x576.jpg\" alt=\"\" width=\"1024\" height=\"576\" srcset=\"https:\/\/worldofflowerpots.com\/wp-content\/uploads\/2017\/01\/Richtig-bepflanzen--1024x576.jpg 1024w, https:\/\/worldofflowerpots.com\/wp-content\/uploads\/2017\/01\/Richtig-bepflanzen--300x169.jpg 300w, https:\/\/worldofflowerpots.com\/wp-content\/uploads\/2017\/01\/Richtig-bepflanzen--768x432.jpg 768w, https:\/\/worldofflowerpots.com\/wp-content\/uploads\/2017\/01\/Richtig-bepflanzen--600x338.jpg 600w, https:\/\/worldofflowerpots.com\/wp-content\/uploads\/2017\/01\/Richtig-bepflanzen-.jpg 1920w\" sizes=\"auto, (max-width: 1024px) 100vw, 1024px\" \/><p id=\"caption-attachment-58959\" class=\"wp-caption-text\">Richtig bepflanzen<\/p><\/div>\n<h2>Die Blumentr\u00f6ge beton Gaia vereinen ein zeitloses Design mit einer hohen Standfestigkeit<\/h2>\n<p>Bei einem Pflanztrog aus Beton k\u00f6nnen Sie sicher sein, dass dieser nicht vom Wind umgeweht wird und Ihre Pflanzen herausfallen k\u00f6nnen.Schaffen Sie f\u00fcr Ihr zu Hause einzigartige Stilelemente im Garten oder vor Ihrer Haust\u00fcr \u2013 mit dem Blumenk\u00fcbel Modell Gaia liegen Sie in jedem Fall richtig.Den Pflanztrog Beton Gaia gibt es in verschiedenen farblichen Ausf\u00fchrungen: In den Beton Standard Farben hellgrau, dunkelgrau und schwarz und auf Wunsch auch mit Au\u00dfenlackierung.<\/p>\n<h2>Gaia eine Alternative f\u00fcr draussen<\/h2>\n<p>Treffen Sie f\u00fcr sich und Ihre Pflanzen die richtige Wahl: Der Betonpflanzk\u00fcbel Gaia bietet Ihnen viel Erdvolumen, eine hohe Standfestigkeit und ein ansprechendes Design. Beim Blumentr\u00f6ge beton ist sichergestellt, dass dieser vom Wind nicht zu Fall gebracht wird und die Pflanzen von schlechten Witterungseinfl\u00fcssen nicht besch\u00e4digt werden.<\/p>\n<h2>Blumentr\u00f6ge beton eine Gute Investition<\/h2>\n<p>Mit diesem wundersch\u00f6nen Pflanzenk\u00fcbel Beton k\u00f6nnen Sie relativ einfach ein unverkennbares Stilelement schaffen. Mit dem Betonpflanzenk\u00fcbel t\u00e4tigen Sie eine sinnvolle Anschaffung und Sie profitieren von einer schicken Optik zum g\u00fcnstigen Preis. Neben der extrem hohen Standfestigkeit, ist auch das gro\u00dfz\u00fcgige Erdvolumen positiv hervorzuheben. Mit dem Pflanzenk\u00fcbel Beton liegen Sie also goldrichtig.<\/p>\n","protected":false},"excerpt":{"rendered":"<p>Pflanzk\u00fcbel beton Gaia<br \/>\nMaterial Beton (UHPC)<br \/>\nGewicht :60kg<br \/>\nAbmessungen: \u29b0600mm H610mm<br \/>\nFarben: Grau, Schwarz, Weiss<br \/>\nUV-resistent<br \/>\nRobust und Stabil<br \/>\nWetterfest<br \/>\nFrostbest\u00e4ndig bei gew\u00e4hrleistetem Wasserablauf<\/p>\n","protected":false},"featured_media":58341,"template":"","meta":{"_acf_changed":false},"product_brand":[],"product_cat":[393],"product_tag":[482],"class_list":{"0":"post-53999","1":"product","2":"type-product","3":"status-publish","4":"has-post-thumbnail","6":"product_cat-pflanzkubel-beton","7":"product_tag-donice-ogrodowe-de-aut","8":"description-off","9":"tm-has-options","11":"first","12":"instock","13":"shipping-taxable","14":"purchasable","15":"product-type-simple"},"acf":[],"yoast_head":"<!-- This site is optimized with the Yoast SEO plugin v27.5 - https:\/\/yoast.com\/product\/yoast-seo-wordpress\/ -->\n<title>Blumentr\u00f6ge aus beton einer hohen Standfestigkeit<\/title>\n<meta name=\"description\" content=\"Bei einem Pflanztrog aus Beton k\u00f6nnen Sie sicher sein, dass dieser nicht vom Wind umgeweht wird und Ihre Pflanzen herausfallen k\u00f6nnen.\" \/>\n<meta name=\"robots\" content=\"index, follow, max-snippet:-1, max-image-preview:large, max-video-preview:-1\" \/>\n<link rel=\"canonical\" href=\"https:\/\/worldofflowerpots.com\/sklep\/blumentroge-beton-gaia\/\" \/>\n<meta property=\"og:locale\" content=\"de_DE\" \/>\n<meta property=\"og:type\" content=\"article\" \/>\n<meta property=\"og:title\" content=\"Blumentr\u00f6ge aus beton einer hohen Standfestigkeit\" \/>\n<meta property=\"og:description\" content=\"Bei einem Pflanztrog aus Beton k\u00f6nnen Sie sicher sein, dass dieser nicht vom Wind umgeweht wird und Ihre Pflanzen herausfallen k\u00f6nnen.\" \/>\n<meta property=\"og:url\" content=\"https:\/\/worldofflowerpots.com\/sklep\/blumentroge-beton-gaia\/\" \/>\n<meta property=\"og:site_name\" content=\"World of Flowerpots\" \/>\n<meta property=\"article:modified_time\" content=\"2019-04-15T09:08:04+00:00\" \/>\n<meta property=\"og:image\" content=\"https:\/\/worldofflowerpots.com\/wp-content\/uploads\/2019\/01\/blumentr\u00f6ge-beton-Gaia.jpg\" \/>\n\t<meta property=\"og:image:width\" content=\"1920\" \/>\n\t<meta property=\"og:image:height\" content=\"1080\" \/>\n\t<meta property=\"og:image:type\" content=\"image\/jpeg\" \/>\n<meta name=\"twitter:card\" content=\"summary_large_image\" \/>\n<meta name=\"twitter:label1\" content=\"Est. reading time\" \/>\n\t<meta name=\"twitter:data1\" content=\"1 minute\" \/>\n<script type=\"application\/ld+json\" class=\"yoast-schema-graph\">{\"@context\":\"https:\\\/\\\/schema.org\",\"@graph\":[{\"@type\":\"WebPage\",\"@id\":\"https:\\\/\\\/worldofflowerpots.com\\\/sklep\\\/blumentroge-beton-gaia\\\/\",\"url\":\"https:\\\/\\\/worldofflowerpots.com\\\/sklep\\\/blumentroge-beton-gaia\\\/\",\"name\":\"Blumentr\u00f6ge aus beton einer hohen Standfestigkeit\",\"isPartOf\":{\"@id\":\"https:\\\/\\\/worldofflowerpots.com\\\/#website\"},\"primaryImageOfPage\":{\"@id\":\"https:\\\/\\\/worldofflowerpots.com\\\/sklep\\\/blumentroge-beton-gaia\\\/#primaryimage\"},\"image\":{\"@id\":\"https:\\\/\\\/worldofflowerpots.com\\\/sklep\\\/blumentroge-beton-gaia\\\/#primaryimage\"},\"thumbnailUrl\":\"https:\\\/\\\/worldofflowerpots.com\\\/wp-content\\\/uploads\\\/2019\\\/01\\\/blumentr\u00f6ge-beton-Gaia.jpg\",\"datePublished\":\"2019-01-18T14:06:46+00:00\",\"dateModified\":\"2019-04-15T09:08:04+00:00\",\"description\":\"Bei einem Pflanztrog aus Beton k\u00f6nnen Sie sicher sein, dass dieser nicht vom Wind umgeweht wird und Ihre Pflanzen herausfallen k\u00f6nnen.\",\"breadcrumb\":{\"@id\":\"https:\\\/\\\/worldofflowerpots.com\\\/sklep\\\/blumentroge-beton-gaia\\\/#breadcrumb\"},\"inLanguage\":\"de-AUT\",\"potentialAction\":[{\"@type\":\"ReadAction\",\"target\":[\"https:\\\/\\\/worldofflowerpots.com\\\/sklep\\\/blumentroge-beton-gaia\\\/\"]}]},{\"@type\":\"ImageObject\",\"inLanguage\":\"de-AUT\",\"@id\":\"https:\\\/\\\/worldofflowerpots.com\\\/sklep\\\/blumentroge-beton-gaia\\\/#primaryimage\",\"url\":\"https:\\\/\\\/worldofflowerpots.com\\\/wp-content\\\/uploads\\\/2019\\\/01\\\/blumentr\u00f6ge-beton-Gaia.jpg\",\"contentUrl\":\"https:\\\/\\\/worldofflowerpots.com\\\/wp-content\\\/uploads\\\/2019\\\/01\\\/blumentr\u00f6ge-beton-Gaia.jpg\",\"width\":1920,\"height\":1080},{\"@type\":\"BreadcrumbList\",\"@id\":\"https:\\\/\\\/worldofflowerpots.com\\\/sklep\\\/blumentroge-beton-gaia\\\/#breadcrumb\",\"itemListElement\":[{\"@type\":\"ListItem\",\"position\":1,\"name\":\"Strona g\u0142\u00f3wna\",\"item\":\"https:\\\/\\\/worldofflowerpots.com\\\/home\\\/\"},{\"@type\":\"ListItem\",\"position\":2,\"name\":\"Shop\",\"item\":\"https:\\\/\\\/worldofflowerpots.com\\\/sortiment\\\/\"},{\"@type\":\"ListItem\",\"position\":3,\"name\":\"Blumentr\u00f6ge beton Gaia\"}]},{\"@type\":\"WebSite\",\"@id\":\"https:\\\/\\\/worldofflowerpots.com\\\/#website\",\"url\":\"https:\\\/\\\/worldofflowerpots.com\\\/\",\"name\":\"World of Flowerpots\",\"description\":\"producent donic ozdobnych\",\"potentialAction\":[{\"@type\":\"SearchAction\",\"target\":{\"@type\":\"EntryPoint\",\"urlTemplate\":\"https:\\\/\\\/worldofflowerpots.com\\\/?s={search_term_string}\"},\"query-input\":{\"@type\":\"PropertyValueSpecification\",\"valueRequired\":true,\"valueName\":\"search_term_string\"}}],\"inLanguage\":\"de-AUT\"}]}<\/script>\n<!-- \/ Yoast SEO plugin. -->","yoast_head_json":{"title":"Blumentr\u00f6ge aus beton einer hohen Standfestigkeit","description":"Bei einem Pflanztrog aus Beton k\u00f6nnen Sie sicher sein, dass dieser nicht vom Wind umgeweht wird und Ihre Pflanzen herausfallen k\u00f6nnen.","robots":{"index":"index","follow":"follow","max-snippet":"max-snippet:-1","max-image-preview":"max-image-preview:large","max-video-preview":"max-video-preview:-1"},"canonical":"https:\/\/worldofflowerpots.com\/sklep\/blumentroge-beton-gaia\/","og_locale":"de_DE","og_type":"article","og_title":"Blumentr\u00f6ge aus beton einer hohen Standfestigkeit","og_description":"Bei einem Pflanztrog aus Beton k\u00f6nnen Sie sicher sein, dass dieser nicht vom Wind umgeweht wird und Ihre Pflanzen herausfallen k\u00f6nnen.","og_url":"https:\/\/worldofflowerpots.com\/sklep\/blumentroge-beton-gaia\/","og_site_name":"World of Flowerpots","article_modified_time":"2019-04-15T09:08:04+00:00","og_image":[{"width":1920,"height":1080,"url":"https:\/\/worldofflowerpots.com\/wp-content\/uploads\/2019\/01\/blumentr\u00f6ge-beton-Gaia.jpg","type":"image\/jpeg"}],"twitter_card":"summary_large_image","twitter_misc":{"Est. reading time":"1 minute"},"schema":{"@context":"https:\/\/schema.org","@graph":[{"@type":"WebPage","@id":"https:\/\/worldofflowerpots.com\/sklep\/blumentroge-beton-gaia\/","url":"https:\/\/worldofflowerpots.com\/sklep\/blumentroge-beton-gaia\/","name":"Blumentr\u00f6ge aus beton einer hohen Standfestigkeit","isPartOf":{"@id":"https:\/\/worldofflowerpots.com\/#website"},"primaryImageOfPage":{"@id":"https:\/\/worldofflowerpots.com\/sklep\/blumentroge-beton-gaia\/#primaryimage"},"image":{"@id":"https:\/\/worldofflowerpots.com\/sklep\/blumentroge-beton-gaia\/#primaryimage"},"thumbnailUrl":"https:\/\/worldofflowerpots.com\/wp-content\/uploads\/2019\/01\/blumentr\u00f6ge-beton-Gaia.jpg","datePublished":"2019-01-18T14:06:46+00:00","dateModified":"2019-04-15T09:08:04+00:00","description":"Bei einem Pflanztrog aus Beton k\u00f6nnen Sie sicher sein, dass dieser nicht vom Wind umgeweht wird und Ihre Pflanzen herausfallen k\u00f6nnen.","breadcrumb":{"@id":"https:\/\/worldofflowerpots.com\/sklep\/blumentroge-beton-gaia\/#breadcrumb"},"inLanguage":"de-AUT","potentialAction":[{"@type":"ReadAction","target":["https:\/\/worldofflowerpots.com\/sklep\/blumentroge-beton-gaia\/"]}]},{"@type":"ImageObject","inLanguage":"de-AUT","@id":"https:\/\/worldofflowerpots.com\/sklep\/blumentroge-beton-gaia\/#primaryimage","url":"https:\/\/worldofflowerpots.com\/wp-content\/uploads\/2019\/01\/blumentr\u00f6ge-beton-Gaia.jpg","contentUrl":"https:\/\/worldofflowerpots.com\/wp-content\/uploads\/2019\/01\/blumentr\u00f6ge-beton-Gaia.jpg","width":1920,"height":1080},{"@type":"BreadcrumbList","@id":"https:\/\/worldofflowerpots.com\/sklep\/blumentroge-beton-gaia\/#breadcrumb","itemListElement":[{"@type":"ListItem","position":1,"name":"Strona g\u0142\u00f3wna","item":"https:\/\/worldofflowerpots.com\/home\/"},{"@type":"ListItem","position":2,"name":"Shop","item":"https:\/\/worldofflowerpots.com\/sortiment\/"},{"@type":"ListItem","position":3,"name":"Blumentr\u00f6ge beton Gaia"}]},{"@type":"WebSite","@id":"https:\/\/worldofflowerpots.com\/#website","url":"https:\/\/worldofflowerpots.com\/","name":"World of Flowerpots","description":"producent donic ozdobnych","potentialAction":[{"@type":"SearchAction","target":{"@type":"EntryPoint","urlTemplate":"https:\/\/worldofflowerpots.com\/?s={search_term_string}"},"query-input":{"@type":"PropertyValueSpecification","valueRequired":true,"valueName":"search_term_string"}}],"inLanguage":"de-AUT"}]}},"_links":{"self":[{"href":"https:\/\/worldofflowerpots.com\/aut\/wp-json\/wp\/v2\/product\/53999","targetHints":{"allow":["GET"]}}],"collection":[{"href":"https:\/\/worldofflowerpots.com\/aut\/wp-json\/wp\/v2\/product"}],"about":[{"href":"https:\/\/worldofflowerpots.com\/aut\/wp-json\/wp\/v2\/types\/product"}],"wp:featuredmedia":[{"embeddable":true,"href":"https:\/\/worldofflowerpots.com\/aut\/wp-json\/wp\/v2\/media\/58341"}],"wp:attachment":[{"href":"https:\/\/worldofflowerpots.com\/aut\/wp-json\/wp\/v2\/media?parent=53999"}],"wp:term":[{"taxonomy":"product_brand","embeddable":true,"href":"https:\/\/worldofflowerpots.com\/aut\/wp-json\/wp\/v2\/product_brand?post=53999"},{"taxonomy":"product_cat","embeddable":true,"href":"https:\/\/worldofflowerpots.com\/aut\/wp-json\/wp\/v2\/product_cat?post=53999"},{"taxonomy":"product_tag","embeddable":true,"href":"https:\/\/worldofflowerpots.com\/aut\/wp-json\/wp\/v2\/product_tag?post=53999"}],"curies":[{"name":"wp","href":"https:\/\/api.w.org\/{rel}","templated":true}]}}