{"id":54000,"date":"2019-01-18T15:06:46","date_gmt":"2019-01-18T14:06:46","guid":{"rendered":"https:\/\/worldofflowerpots.com\/sklep\/pflanztroge-aus-beton-isabelle\/"},"modified":"2019-04-15T11:12:21","modified_gmt":"2019-04-15T09:12:21","slug":"pflanztroge-aus-beton-isabelle","status":"publish","type":"product","link":"https:\/\/worldofflowerpots.com\/aut\/sortiment\/pflanztroge-aus-beton-isabelle\/","title":{"rendered":"Pflanztr\u00f6ge aus beton Isabelle"},"content":{"rendered":"<div id=\"attachment_58959\" style=\"width: 1034px\" class=\"wp-caption aligncenter\"><img loading=\"lazy\" decoding=\"async\" aria-describedby=\"caption-attachment-58959\" class=\"wp-image-58959 size-large\" src=\"https:\/\/worldofflowerpots.com\/wp-content\/uploads\/2017\/01\/Richtig-bepflanzen--1024x576.jpg\" alt=\"\" width=\"1024\" height=\"576\" srcset=\"https:\/\/worldofflowerpots.com\/wp-content\/uploads\/2017\/01\/Richtig-bepflanzen--1024x576.jpg 1024w, https:\/\/worldofflowerpots.com\/wp-content\/uploads\/2017\/01\/Richtig-bepflanzen--300x169.jpg 300w, https:\/\/worldofflowerpots.com\/wp-content\/uploads\/2017\/01\/Richtig-bepflanzen--768x432.jpg 768w, https:\/\/worldofflowerpots.com\/wp-content\/uploads\/2017\/01\/Richtig-bepflanzen--600x338.jpg 600w, https:\/\/worldofflowerpots.com\/wp-content\/uploads\/2017\/01\/Richtig-bepflanzen-.jpg 1920w\" sizes=\"auto, (max-width: 1024px) 100vw, 1024px\" \/><p id=\"caption-attachment-58959\" class=\"wp-caption-text\">Richtig bepflanzen<\/p><\/div>\n<h2>Isabelle schaut aus, wie ein gro\u00dfer Blumentopf<\/h2>\n<p>Pflanztr\u00f6ge aus beton , die f\u00fcr zierliche Eins\u00e4tze geeignet sind, zum Beispiel vor Hauseing\u00e4ngen oder als Eyecatcher auf der Terrasse. Dies entspricht der eleganten hohen Form. Die Halskrause gibt dem Betontopf eine gro\u00dfe Unverw\u00fcstbarkeit, was Besch\u00e4digungen anbelangt. Isabelle ist in den Farben Schwarz, Wei\u00df und Grau erh\u00e4ltlich: Die Farben nehmen sich zur\u00fcck und bringen die Pflanze \u00e4sthetisch voll zur Wirkung.<\/p>\n<h2>Isabelle \u2013 die Pflanztr\u00f6ge aus beton mit der Halskrause<\/h2>\n<p>Der Pflanzk\u00fcbel Isabelle ist ein schmaler runder gro\u00dfer Betontopf mit einer H\u00f6he von 66,5 cm und einem Gewicht von 85 kg. Er \u00f6ffnet sich nach oben konisch. Das Besondere von Isabelle ist die Halskrause. Am oberen Rand hat Isabelle n\u00e4mlich eine 17 cm verbreiterte Halskrause, die wie ein Ring das Gef\u00e4\u00df abschlie\u00dft. Die Bodenfl\u00e4che ist rund und eher schmal mit einem Durchmesser von 44 cm. Oben hat der Pflanzk\u00fcbel einen Durchmesser von 66 cm au\u00dfen und 59 cm innen. Der Topf fasst 126 Liter.<\/p>\n<h2>Isabelle die zeitlose Blumentopf<\/h2>\n<p>Ein Pflanzk\u00fcbel aus Beton ist dieser mit dem Namen Isabelle. Das besonders harte und best\u00e4ndige Material dient im Au\u00dfenbereich der Bepflanzung. Solche Pflanztr\u00f6ge aus beton werden oftmals in \u00f6ffentlichen Bereichen verwendet, denn sie sind robust und k\u00f6nnen auch schon einmal Frost unbeschadet \u00fcberstehen. Dabei ist ein Bl\u00fcmenk\u00fcbel aus Beton langlebig und besonders preiswert in der Anschaffung. Es wird aber nicht auf die Qualit\u00e4t verzichtet, ein solcher Pflanztrog aus Beton wird so ausgestattet, dass er viele Jahre die wundersch\u00f6nen Pflanzen aufnehmen kann. Selbstverst\u00e4ndlich ist dieser auch f\u00fcr G\u00e4rten und andere Bereiche geeignet. Neben Blumen sind auch Stauden und kleinere B\u00fcsche problemlos in diesen Pflanzk\u00fcbeln unterzubringen.<\/p>\n","protected":false},"excerpt":{"rendered":"<p>Pflanzk\u00fcbel beton Isabelle<br \/>\nMaterial Beton (UHPC)<br \/>\nGewicht :85kg<br \/>\nAbmessungen: \u2300660mm, H665mm<br \/>\nFarben: Grau, Schwarz, Weiss<br \/>\nUV-resistent<br \/>\nRobust und Stabil<br \/>\nWetterfest<br \/>\nFrostbest\u00e4ndig bei gew\u00e4hrleistetem Wasserablauf<\/p>\n","protected":false},"featured_media":58352,"template":"","meta":{"_acf_changed":false},"product_brand":[],"product_cat":[393],"product_tag":[482],"class_list":{"0":"post-54000","1":"product","2":"type-product","3":"status-publish","4":"has-post-thumbnail","6":"product_cat-pflanzkubel-beton","7":"product_tag-donice-ogrodowe-de-aut","8":"description-off","9":"tm-has-options","11":"first","12":"instock","13":"shipping-taxable","14":"purchasable","15":"product-type-simple"},"acf":[],"yoast_head":"<!-- This site is optimized with the Yoast SEO plugin v27.5 - https:\/\/yoast.com\/product\/yoast-seo-wordpress\/ -->\n<title>Isabelle \u2013 die Pflanztr\u00f6ge aus beton mit der Halskrause<\/title>\n<meta name=\"description\" content=\"Pflanztr\u00f6ge aus beton , die f\u00fcr zierliche Eins\u00e4tze geeignet sind, zum Beispiel vor Hauseing\u00e4ngen oder als Eyecatcher auf der Terrasse.\" \/>\n<meta name=\"robots\" content=\"index, follow, max-snippet:-1, max-image-preview:large, max-video-preview:-1\" \/>\n<link rel=\"canonical\" href=\"https:\/\/worldofflowerpots.com\/sklep\/pflanztroge-aus-beton-isabelle\/\" \/>\n<meta property=\"og:locale\" content=\"de_DE\" \/>\n<meta property=\"og:type\" content=\"article\" \/>\n<meta property=\"og:title\" content=\"Isabelle \u2013 die Pflanztr\u00f6ge aus beton mit der Halskrause\" \/>\n<meta property=\"og:description\" content=\"Pflanztr\u00f6ge aus beton , die f\u00fcr zierliche Eins\u00e4tze geeignet sind, zum Beispiel vor Hauseing\u00e4ngen oder als Eyecatcher auf der Terrasse.\" \/>\n<meta property=\"og:url\" content=\"https:\/\/worldofflowerpots.com\/sklep\/pflanztroge-aus-beton-isabelle\/\" \/>\n<meta property=\"og:site_name\" content=\"World of Flowerpots\" \/>\n<meta property=\"article:modified_time\" content=\"2019-04-15T09:12:21+00:00\" \/>\n<meta property=\"og:image\" content=\"https:\/\/worldofflowerpots.com\/wp-content\/uploads\/2019\/01\/pflanztr\u00f6ge-aus-beton-Isabelle.jpg\" \/>\n\t<meta property=\"og:image:width\" content=\"1920\" \/>\n\t<meta property=\"og:image:height\" content=\"1080\" \/>\n\t<meta property=\"og:image:type\" content=\"image\/jpeg\" \/>\n<meta name=\"twitter:card\" content=\"summary_large_image\" \/>\n<meta name=\"twitter:label1\" content=\"Est. reading time\" \/>\n\t<meta name=\"twitter:data1\" content=\"2 minutes\" \/>\n<script type=\"application\/ld+json\" class=\"yoast-schema-graph\">{\"@context\":\"https:\\\/\\\/schema.org\",\"@graph\":[{\"@type\":\"WebPage\",\"@id\":\"https:\\\/\\\/worldofflowerpots.com\\\/sklep\\\/pflanztroge-aus-beton-isabelle\\\/\",\"url\":\"https:\\\/\\\/worldofflowerpots.com\\\/sklep\\\/pflanztroge-aus-beton-isabelle\\\/\",\"name\":\"Isabelle \u2013 die Pflanztr\u00f6ge aus beton mit der Halskrause\",\"isPartOf\":{\"@id\":\"https:\\\/\\\/worldofflowerpots.com\\\/#website\"},\"primaryImageOfPage\":{\"@id\":\"https:\\\/\\\/worldofflowerpots.com\\\/sklep\\\/pflanztroge-aus-beton-isabelle\\\/#primaryimage\"},\"image\":{\"@id\":\"https:\\\/\\\/worldofflowerpots.com\\\/sklep\\\/pflanztroge-aus-beton-isabelle\\\/#primaryimage\"},\"thumbnailUrl\":\"https:\\\/\\\/worldofflowerpots.com\\\/wp-content\\\/uploads\\\/2019\\\/01\\\/pflanztr\u00f6ge-aus-beton-Isabelle.jpg\",\"datePublished\":\"2019-01-18T14:06:46+00:00\",\"dateModified\":\"2019-04-15T09:12:21+00:00\",\"description\":\"Pflanztr\u00f6ge aus beton , die f\u00fcr zierliche Eins\u00e4tze geeignet sind, zum Beispiel vor Hauseing\u00e4ngen oder als Eyecatcher auf der Terrasse.\",\"breadcrumb\":{\"@id\":\"https:\\\/\\\/worldofflowerpots.com\\\/sklep\\\/pflanztroge-aus-beton-isabelle\\\/#breadcrumb\"},\"inLanguage\":\"de-AUT\",\"potentialAction\":[{\"@type\":\"ReadAction\",\"target\":[\"https:\\\/\\\/worldofflowerpots.com\\\/sklep\\\/pflanztroge-aus-beton-isabelle\\\/\"]}]},{\"@type\":\"ImageObject\",\"inLanguage\":\"de-AUT\",\"@id\":\"https:\\\/\\\/worldofflowerpots.com\\\/sklep\\\/pflanztroge-aus-beton-isabelle\\\/#primaryimage\",\"url\":\"https:\\\/\\\/worldofflowerpots.com\\\/wp-content\\\/uploads\\\/2019\\\/01\\\/pflanztr\u00f6ge-aus-beton-Isabelle.jpg\",\"contentUrl\":\"https:\\\/\\\/worldofflowerpots.com\\\/wp-content\\\/uploads\\\/2019\\\/01\\\/pflanztr\u00f6ge-aus-beton-Isabelle.jpg\",\"width\":1920,\"height\":1080},{\"@type\":\"BreadcrumbList\",\"@id\":\"https:\\\/\\\/worldofflowerpots.com\\\/sklep\\\/pflanztroge-aus-beton-isabelle\\\/#breadcrumb\",\"itemListElement\":[{\"@type\":\"ListItem\",\"position\":1,\"name\":\"Strona g\u0142\u00f3wna\",\"item\":\"https:\\\/\\\/worldofflowerpots.com\\\/home\\\/\"},{\"@type\":\"ListItem\",\"position\":2,\"name\":\"Shop\",\"item\":\"https:\\\/\\\/worldofflowerpots.com\\\/sortiment\\\/\"},{\"@type\":\"ListItem\",\"position\":3,\"name\":\"Pflanztr\u00f6ge aus beton Isabelle\"}]},{\"@type\":\"WebSite\",\"@id\":\"https:\\\/\\\/worldofflowerpots.com\\\/#website\",\"url\":\"https:\\\/\\\/worldofflowerpots.com\\\/\",\"name\":\"World of Flowerpots\",\"description\":\"producent donic ozdobnych\",\"potentialAction\":[{\"@type\":\"SearchAction\",\"target\":{\"@type\":\"EntryPoint\",\"urlTemplate\":\"https:\\\/\\\/worldofflowerpots.com\\\/?s={search_term_string}\"},\"query-input\":{\"@type\":\"PropertyValueSpecification\",\"valueRequired\":true,\"valueName\":\"search_term_string\"}}],\"inLanguage\":\"de-AUT\"}]}<\/script>\n<!-- \/ Yoast SEO plugin. -->","yoast_head_json":{"title":"Isabelle \u2013 die Pflanztr\u00f6ge aus beton mit der Halskrause","description":"Pflanztr\u00f6ge aus beton , die f\u00fcr zierliche Eins\u00e4tze geeignet sind, zum Beispiel vor Hauseing\u00e4ngen oder als Eyecatcher auf der Terrasse.","robots":{"index":"index","follow":"follow","max-snippet":"max-snippet:-1","max-image-preview":"max-image-preview:large","max-video-preview":"max-video-preview:-1"},"canonical":"https:\/\/worldofflowerpots.com\/sklep\/pflanztroge-aus-beton-isabelle\/","og_locale":"de_DE","og_type":"article","og_title":"Isabelle \u2013 die Pflanztr\u00f6ge aus beton mit der Halskrause","og_description":"Pflanztr\u00f6ge aus beton , die f\u00fcr zierliche Eins\u00e4tze geeignet sind, zum Beispiel vor Hauseing\u00e4ngen oder als Eyecatcher auf der Terrasse.","og_url":"https:\/\/worldofflowerpots.com\/sklep\/pflanztroge-aus-beton-isabelle\/","og_site_name":"World of Flowerpots","article_modified_time":"2019-04-15T09:12:21+00:00","og_image":[{"width":1920,"height":1080,"url":"https:\/\/worldofflowerpots.com\/wp-content\/uploads\/2019\/01\/pflanztr\u00f6ge-aus-beton-Isabelle.jpg","type":"image\/jpeg"}],"twitter_card":"summary_large_image","twitter_misc":{"Est. reading time":"2 minutes"},"schema":{"@context":"https:\/\/schema.org","@graph":[{"@type":"WebPage","@id":"https:\/\/worldofflowerpots.com\/sklep\/pflanztroge-aus-beton-isabelle\/","url":"https:\/\/worldofflowerpots.com\/sklep\/pflanztroge-aus-beton-isabelle\/","name":"Isabelle \u2013 die Pflanztr\u00f6ge aus beton mit der Halskrause","isPartOf":{"@id":"https:\/\/worldofflowerpots.com\/#website"},"primaryImageOfPage":{"@id":"https:\/\/worldofflowerpots.com\/sklep\/pflanztroge-aus-beton-isabelle\/#primaryimage"},"image":{"@id":"https:\/\/worldofflowerpots.com\/sklep\/pflanztroge-aus-beton-isabelle\/#primaryimage"},"thumbnailUrl":"https:\/\/worldofflowerpots.com\/wp-content\/uploads\/2019\/01\/pflanztr\u00f6ge-aus-beton-Isabelle.jpg","datePublished":"2019-01-18T14:06:46+00:00","dateModified":"2019-04-15T09:12:21+00:00","description":"Pflanztr\u00f6ge aus beton , die f\u00fcr zierliche Eins\u00e4tze geeignet sind, zum Beispiel vor Hauseing\u00e4ngen oder als Eyecatcher auf der Terrasse.","breadcrumb":{"@id":"https:\/\/worldofflowerpots.com\/sklep\/pflanztroge-aus-beton-isabelle\/#breadcrumb"},"inLanguage":"de-AUT","potentialAction":[{"@type":"ReadAction","target":["https:\/\/worldofflowerpots.com\/sklep\/pflanztroge-aus-beton-isabelle\/"]}]},{"@type":"ImageObject","inLanguage":"de-AUT","@id":"https:\/\/worldofflowerpots.com\/sklep\/pflanztroge-aus-beton-isabelle\/#primaryimage","url":"https:\/\/worldofflowerpots.com\/wp-content\/uploads\/2019\/01\/pflanztr\u00f6ge-aus-beton-Isabelle.jpg","contentUrl":"https:\/\/worldofflowerpots.com\/wp-content\/uploads\/2019\/01\/pflanztr\u00f6ge-aus-beton-Isabelle.jpg","width":1920,"height":1080},{"@type":"BreadcrumbList","@id":"https:\/\/worldofflowerpots.com\/sklep\/pflanztroge-aus-beton-isabelle\/#breadcrumb","itemListElement":[{"@type":"ListItem","position":1,"name":"Strona g\u0142\u00f3wna","item":"https:\/\/worldofflowerpots.com\/home\/"},{"@type":"ListItem","position":2,"name":"Shop","item":"https:\/\/worldofflowerpots.com\/sortiment\/"},{"@type":"ListItem","position":3,"name":"Pflanztr\u00f6ge aus beton Isabelle"}]},{"@type":"WebSite","@id":"https:\/\/worldofflowerpots.com\/#website","url":"https:\/\/worldofflowerpots.com\/","name":"World of Flowerpots","description":"producent donic ozdobnych","potentialAction":[{"@type":"SearchAction","target":{"@type":"EntryPoint","urlTemplate":"https:\/\/worldofflowerpots.com\/?s={search_term_string}"},"query-input":{"@type":"PropertyValueSpecification","valueRequired":true,"valueName":"search_term_string"}}],"inLanguage":"de-AUT"}]}},"_links":{"self":[{"href":"https:\/\/worldofflowerpots.com\/aut\/wp-json\/wp\/v2\/product\/54000","targetHints":{"allow":["GET"]}}],"collection":[{"href":"https:\/\/worldofflowerpots.com\/aut\/wp-json\/wp\/v2\/product"}],"about":[{"href":"https:\/\/worldofflowerpots.com\/aut\/wp-json\/wp\/v2\/types\/product"}],"wp:featuredmedia":[{"embeddable":true,"href":"https:\/\/worldofflowerpots.com\/aut\/wp-json\/wp\/v2\/media\/58352"}],"wp:attachment":[{"href":"https:\/\/worldofflowerpots.com\/aut\/wp-json\/wp\/v2\/media?parent=54000"}],"wp:term":[{"taxonomy":"product_brand","embeddable":true,"href":"https:\/\/worldofflowerpots.com\/aut\/wp-json\/wp\/v2\/product_brand?post=54000"},{"taxonomy":"product_cat","embeddable":true,"href":"https:\/\/worldofflowerpots.com\/aut\/wp-json\/wp\/v2\/product_cat?post=54000"},{"taxonomy":"product_tag","embeddable":true,"href":"https:\/\/worldofflowerpots.com\/aut\/wp-json\/wp\/v2\/product_tag?post=54000"}],"curies":[{"name":"wp","href":"https:\/\/api.w.org\/{rel}","templated":true}]}}