{"id":54003,"date":"2019-01-18T15:06:45","date_gmt":"2019-01-18T14:06:45","guid":{"rendered":"https:\/\/worldofflowerpots.com\/sklep\/beton-blumentopf-rebecca\/"},"modified":"2019-04-15T11:21:17","modified_gmt":"2019-04-15T09:21:17","slug":"beton-blumentopf-rebecca","status":"publish","type":"product","link":"https:\/\/worldofflowerpots.com\/aut\/sortiment\/beton-blumentopf-rebecca\/","title":{"rendered":"Beton Blumentopf Rebecca"},"content":{"rendered":"<div id=\"attachment_58959\" style=\"width: 1034px\" class=\"wp-caption aligncenter\"><img loading=\"lazy\" decoding=\"async\" aria-describedby=\"caption-attachment-58959\" class=\"wp-image-58959 size-large\" src=\"https:\/\/worldofflowerpots.com\/wp-content\/uploads\/2017\/01\/Richtig-bepflanzen--1024x576.jpg\" alt=\"\" width=\"1024\" height=\"576\" srcset=\"https:\/\/worldofflowerpots.com\/wp-content\/uploads\/2017\/01\/Richtig-bepflanzen--1024x576.jpg 1024w, https:\/\/worldofflowerpots.com\/wp-content\/uploads\/2017\/01\/Richtig-bepflanzen--300x169.jpg 300w, https:\/\/worldofflowerpots.com\/wp-content\/uploads\/2017\/01\/Richtig-bepflanzen--768x432.jpg 768w, https:\/\/worldofflowerpots.com\/wp-content\/uploads\/2017\/01\/Richtig-bepflanzen--600x338.jpg 600w, https:\/\/worldofflowerpots.com\/wp-content\/uploads\/2017\/01\/Richtig-bepflanzen-.jpg 1920w\" sizes=\"auto, (max-width: 1024px) 100vw, 1024px\" \/><p id=\"caption-attachment-58959\" class=\"wp-caption-text\">Richtig bepflanzen<\/p><\/div>\n<h3>Rebecca, der stilvolle beton Blumentopf<\/h3>\n<p>Dieser sch\u00f6ne elegante beton Blumentopf sorgt sowohl im Au\u00dfen- als auch Innenbereich f\u00fcr ein stilvolles Ambiente. Mit 126 Litern Fassungsverm\u00f6gen bietet der Pflanzk\u00fcbel Beton viel Platz f\u00fcr sch\u00f6ne Blumen- und Pflanzenarrangements, die das Auge erfreuen. Durch sein Gewicht von 75 kg bleibt dieser Blumenk\u00fcbel Beton ganz sicher auch bei Sturm an seinem Platz. Das Material ist generell sehr witterungsbest\u00e4ndig und bleibt viele Jahre genauso sch\u00f6n und ansprechend wie zu Anfang. Wenn Sie m\u00f6chten, k\u00f6nnen Sie diesen Pflanzk\u00fcbel auch gut mit anderen dazu passenden Blumenk\u00fcbeln kombinieren.<\/p>\n<h3>Ihr Blumenk\u00fcbel Beton in vielen sch\u00f6nen Farben<\/h3>\n<p>Nicht nur mit anderen Blumenk\u00fcbeln l\u00e4sst sich der Pflanzk\u00fcbel Rebecca gut kombinieren. Sie haben auch die M\u00f6glichkeit, damit Ihre Garten-Arrangements durch unterschiedliche Farbzusammenstellungen optisch immer wieder anders zu gestalten. Einmal ist dieser sch\u00f6ne Pflanzk\u00fcbel Beton in drei tollen Naturt\u00f6nen lieferbar. Dabei handelt es sich um die Betonfarben Hellgrau, Dunkelgrau und Schwarz, die richtig zusammengestellt sehr gut miteinander harmonieren.<\/p>\n<h3>W\u00e4hlen Sie eine Lackierung f\u00fcr Ihren Pflanzk\u00fcbel Rebecca<\/h3>\n<p>Wenn Sie es w\u00fcnschen, kennen Sie auch lackieren\u00a0 Ihren beton Blumentopf Rebecca . Das ist prinzipiell in jeder nur erdenklichen RAL Farbe m\u00f6glich. Sie brauchen eine Polyurethan Farbe und Grundierung . Wir garantieren Ihnen auch in diesem Fall, dass Sie lange Freude an Ihren von u lackierten Pflanzk\u00fcbeln haben werden.<\/p>\n","protected":false},"excerpt":{"rendered":"<p>Pflanzk\u00fcbel beton Rebecca<br \/>\nMaterial Beton (UHPC)<br \/>\nGewicht :75kg<br \/>\nAbmessungen: \u2300660mm, H665mm<br \/>\nFarben: Grau, Schwarz, Weiss<br \/>\nUV-resistent<br \/>\nRobust und Stabil<br \/>\nWetterfest<br \/>\nFrostbest\u00e4ndig bei gew\u00e4hrleistetem Wasserablauf<\/p>\n","protected":false},"featured_media":58388,"template":"","meta":{"_acf_changed":false},"product_brand":[],"product_cat":[393],"product_tag":[482],"class_list":{"0":"post-54003","1":"product","2":"type-product","3":"status-publish","4":"has-post-thumbnail","6":"product_cat-pflanzkubel-beton","7":"product_tag-donice-ogrodowe-de-aut","8":"description-off","9":"tm-has-options","11":"first","12":"instock","13":"shipping-taxable","14":"purchasable","15":"product-type-simple"},"acf":[],"yoast_head":"<!-- This site is optimized with the Yoast SEO plugin v27.5 - https:\/\/yoast.com\/product\/yoast-seo-wordpress\/ -->\n<title>Beton blumentopf Au\u00dfen- als auch Innenbereich f\u00fcr ein stilvolles Ambiente<\/title>\n<meta name=\"description\" content=\"Das Beton blumentopf ist generell sehr witterungsbest\u00e4ndig und bleibt viele Jahre genauso sch\u00f6n und ansprechend wie zu Anfang.Der Platz f\u00fcr sch\u00f6ne Blumen.\" \/>\n<meta name=\"robots\" content=\"index, follow, max-snippet:-1, max-image-preview:large, max-video-preview:-1\" \/>\n<link rel=\"canonical\" href=\"https:\/\/worldofflowerpots.com\/sklep\/beton-blumentopf-rebecca\/\" \/>\n<meta property=\"og:locale\" content=\"de_DE\" \/>\n<meta property=\"og:type\" content=\"article\" \/>\n<meta property=\"og:title\" content=\"Beton blumentopf Au\u00dfen- als auch Innenbereich f\u00fcr ein stilvolles Ambiente\" \/>\n<meta property=\"og:description\" content=\"Das Beton blumentopf ist generell sehr witterungsbest\u00e4ndig und bleibt viele Jahre genauso sch\u00f6n und ansprechend wie zu Anfang.Der Platz f\u00fcr sch\u00f6ne Blumen.\" \/>\n<meta property=\"og:url\" content=\"https:\/\/worldofflowerpots.com\/sklep\/beton-blumentopf-rebecca\/\" \/>\n<meta property=\"og:site_name\" content=\"World of Flowerpots\" \/>\n<meta property=\"article:modified_time\" content=\"2019-04-15T09:21:17+00:00\" \/>\n<meta property=\"og:image\" content=\"https:\/\/worldofflowerpots.com\/wp-content\/uploads\/2019\/01\/beton-blumentopf-Rebecca.jpg\" \/>\n\t<meta property=\"og:image:width\" content=\"1920\" \/>\n\t<meta property=\"og:image:height\" content=\"1080\" \/>\n\t<meta property=\"og:image:type\" content=\"image\/jpeg\" \/>\n<meta name=\"twitter:card\" content=\"summary_large_image\" \/>\n<meta name=\"twitter:label1\" content=\"Est. reading time\" \/>\n\t<meta name=\"twitter:data1\" content=\"1 minute\" \/>\n<script type=\"application\/ld+json\" class=\"yoast-schema-graph\">{\"@context\":\"https:\\\/\\\/schema.org\",\"@graph\":[{\"@type\":\"WebPage\",\"@id\":\"https:\\\/\\\/worldofflowerpots.com\\\/sklep\\\/beton-blumentopf-rebecca\\\/\",\"url\":\"https:\\\/\\\/worldofflowerpots.com\\\/sklep\\\/beton-blumentopf-rebecca\\\/\",\"name\":\"Beton blumentopf Au\u00dfen- als auch Innenbereich f\u00fcr ein stilvolles Ambiente\",\"isPartOf\":{\"@id\":\"https:\\\/\\\/worldofflowerpots.com\\\/#website\"},\"primaryImageOfPage\":{\"@id\":\"https:\\\/\\\/worldofflowerpots.com\\\/sklep\\\/beton-blumentopf-rebecca\\\/#primaryimage\"},\"image\":{\"@id\":\"https:\\\/\\\/worldofflowerpots.com\\\/sklep\\\/beton-blumentopf-rebecca\\\/#primaryimage\"},\"thumbnailUrl\":\"https:\\\/\\\/worldofflowerpots.com\\\/wp-content\\\/uploads\\\/2019\\\/01\\\/beton-blumentopf-Rebecca.jpg\",\"datePublished\":\"2019-01-18T14:06:45+00:00\",\"dateModified\":\"2019-04-15T09:21:17+00:00\",\"description\":\"Das Beton blumentopf ist generell sehr witterungsbest\u00e4ndig und bleibt viele Jahre genauso sch\u00f6n und ansprechend wie zu Anfang.Der Platz f\u00fcr sch\u00f6ne Blumen.\",\"breadcrumb\":{\"@id\":\"https:\\\/\\\/worldofflowerpots.com\\\/sklep\\\/beton-blumentopf-rebecca\\\/#breadcrumb\"},\"inLanguage\":\"de-AUT\",\"potentialAction\":[{\"@type\":\"ReadAction\",\"target\":[\"https:\\\/\\\/worldofflowerpots.com\\\/sklep\\\/beton-blumentopf-rebecca\\\/\"]}]},{\"@type\":\"ImageObject\",\"inLanguage\":\"de-AUT\",\"@id\":\"https:\\\/\\\/worldofflowerpots.com\\\/sklep\\\/beton-blumentopf-rebecca\\\/#primaryimage\",\"url\":\"https:\\\/\\\/worldofflowerpots.com\\\/wp-content\\\/uploads\\\/2019\\\/01\\\/beton-blumentopf-Rebecca.jpg\",\"contentUrl\":\"https:\\\/\\\/worldofflowerpots.com\\\/wp-content\\\/uploads\\\/2019\\\/01\\\/beton-blumentopf-Rebecca.jpg\",\"width\":1920,\"height\":1080},{\"@type\":\"BreadcrumbList\",\"@id\":\"https:\\\/\\\/worldofflowerpots.com\\\/sklep\\\/beton-blumentopf-rebecca\\\/#breadcrumb\",\"itemListElement\":[{\"@type\":\"ListItem\",\"position\":1,\"name\":\"Strona g\u0142\u00f3wna\",\"item\":\"https:\\\/\\\/worldofflowerpots.com\\\/home\\\/\"},{\"@type\":\"ListItem\",\"position\":2,\"name\":\"Shop\",\"item\":\"https:\\\/\\\/worldofflowerpots.com\\\/sortiment\\\/\"},{\"@type\":\"ListItem\",\"position\":3,\"name\":\"Beton Blumentopf Rebecca\"}]},{\"@type\":\"WebSite\",\"@id\":\"https:\\\/\\\/worldofflowerpots.com\\\/#website\",\"url\":\"https:\\\/\\\/worldofflowerpots.com\\\/\",\"name\":\"World of Flowerpots\",\"description\":\"producent donic ozdobnych\",\"potentialAction\":[{\"@type\":\"SearchAction\",\"target\":{\"@type\":\"EntryPoint\",\"urlTemplate\":\"https:\\\/\\\/worldofflowerpots.com\\\/?s={search_term_string}\"},\"query-input\":{\"@type\":\"PropertyValueSpecification\",\"valueRequired\":true,\"valueName\":\"search_term_string\"}}],\"inLanguage\":\"de-AUT\"}]}<\/script>\n<!-- \/ Yoast SEO plugin. -->","yoast_head_json":{"title":"Beton blumentopf Au\u00dfen- als auch Innenbereich f\u00fcr ein stilvolles Ambiente","description":"Das Beton blumentopf ist generell sehr witterungsbest\u00e4ndig und bleibt viele Jahre genauso sch\u00f6n und ansprechend wie zu Anfang.Der Platz f\u00fcr sch\u00f6ne Blumen.","robots":{"index":"index","follow":"follow","max-snippet":"max-snippet:-1","max-image-preview":"max-image-preview:large","max-video-preview":"max-video-preview:-1"},"canonical":"https:\/\/worldofflowerpots.com\/sklep\/beton-blumentopf-rebecca\/","og_locale":"de_DE","og_type":"article","og_title":"Beton blumentopf Au\u00dfen- als auch Innenbereich f\u00fcr ein stilvolles Ambiente","og_description":"Das Beton blumentopf ist generell sehr witterungsbest\u00e4ndig und bleibt viele Jahre genauso sch\u00f6n und ansprechend wie zu Anfang.Der Platz f\u00fcr sch\u00f6ne Blumen.","og_url":"https:\/\/worldofflowerpots.com\/sklep\/beton-blumentopf-rebecca\/","og_site_name":"World of Flowerpots","article_modified_time":"2019-04-15T09:21:17+00:00","og_image":[{"width":1920,"height":1080,"url":"https:\/\/worldofflowerpots.com\/wp-content\/uploads\/2019\/01\/beton-blumentopf-Rebecca.jpg","type":"image\/jpeg"}],"twitter_card":"summary_large_image","twitter_misc":{"Est. reading time":"1 minute"},"schema":{"@context":"https:\/\/schema.org","@graph":[{"@type":"WebPage","@id":"https:\/\/worldofflowerpots.com\/sklep\/beton-blumentopf-rebecca\/","url":"https:\/\/worldofflowerpots.com\/sklep\/beton-blumentopf-rebecca\/","name":"Beton blumentopf Au\u00dfen- als auch Innenbereich f\u00fcr ein stilvolles Ambiente","isPartOf":{"@id":"https:\/\/worldofflowerpots.com\/#website"},"primaryImageOfPage":{"@id":"https:\/\/worldofflowerpots.com\/sklep\/beton-blumentopf-rebecca\/#primaryimage"},"image":{"@id":"https:\/\/worldofflowerpots.com\/sklep\/beton-blumentopf-rebecca\/#primaryimage"},"thumbnailUrl":"https:\/\/worldofflowerpots.com\/wp-content\/uploads\/2019\/01\/beton-blumentopf-Rebecca.jpg","datePublished":"2019-01-18T14:06:45+00:00","dateModified":"2019-04-15T09:21:17+00:00","description":"Das Beton blumentopf ist generell sehr witterungsbest\u00e4ndig und bleibt viele Jahre genauso sch\u00f6n und ansprechend wie zu Anfang.Der Platz f\u00fcr sch\u00f6ne Blumen.","breadcrumb":{"@id":"https:\/\/worldofflowerpots.com\/sklep\/beton-blumentopf-rebecca\/#breadcrumb"},"inLanguage":"de-AUT","potentialAction":[{"@type":"ReadAction","target":["https:\/\/worldofflowerpots.com\/sklep\/beton-blumentopf-rebecca\/"]}]},{"@type":"ImageObject","inLanguage":"de-AUT","@id":"https:\/\/worldofflowerpots.com\/sklep\/beton-blumentopf-rebecca\/#primaryimage","url":"https:\/\/worldofflowerpots.com\/wp-content\/uploads\/2019\/01\/beton-blumentopf-Rebecca.jpg","contentUrl":"https:\/\/worldofflowerpots.com\/wp-content\/uploads\/2019\/01\/beton-blumentopf-Rebecca.jpg","width":1920,"height":1080},{"@type":"BreadcrumbList","@id":"https:\/\/worldofflowerpots.com\/sklep\/beton-blumentopf-rebecca\/#breadcrumb","itemListElement":[{"@type":"ListItem","position":1,"name":"Strona g\u0142\u00f3wna","item":"https:\/\/worldofflowerpots.com\/home\/"},{"@type":"ListItem","position":2,"name":"Shop","item":"https:\/\/worldofflowerpots.com\/sortiment\/"},{"@type":"ListItem","position":3,"name":"Beton Blumentopf Rebecca"}]},{"@type":"WebSite","@id":"https:\/\/worldofflowerpots.com\/#website","url":"https:\/\/worldofflowerpots.com\/","name":"World of Flowerpots","description":"producent donic ozdobnych","potentialAction":[{"@type":"SearchAction","target":{"@type":"EntryPoint","urlTemplate":"https:\/\/worldofflowerpots.com\/?s={search_term_string}"},"query-input":{"@type":"PropertyValueSpecification","valueRequired":true,"valueName":"search_term_string"}}],"inLanguage":"de-AUT"}]}},"_links":{"self":[{"href":"https:\/\/worldofflowerpots.com\/aut\/wp-json\/wp\/v2\/product\/54003","targetHints":{"allow":["GET"]}}],"collection":[{"href":"https:\/\/worldofflowerpots.com\/aut\/wp-json\/wp\/v2\/product"}],"about":[{"href":"https:\/\/worldofflowerpots.com\/aut\/wp-json\/wp\/v2\/types\/product"}],"wp:featuredmedia":[{"embeddable":true,"href":"https:\/\/worldofflowerpots.com\/aut\/wp-json\/wp\/v2\/media\/58388"}],"wp:attachment":[{"href":"https:\/\/worldofflowerpots.com\/aut\/wp-json\/wp\/v2\/media?parent=54003"}],"wp:term":[{"taxonomy":"product_brand","embeddable":true,"href":"https:\/\/worldofflowerpots.com\/aut\/wp-json\/wp\/v2\/product_brand?post=54003"},{"taxonomy":"product_cat","embeddable":true,"href":"https:\/\/worldofflowerpots.com\/aut\/wp-json\/wp\/v2\/product_cat?post=54003"},{"taxonomy":"product_tag","embeddable":true,"href":"https:\/\/worldofflowerpots.com\/aut\/wp-json\/wp\/v2\/product_tag?post=54003"}],"curies":[{"name":"wp","href":"https:\/\/api.w.org\/{rel}","templated":true}]}}