{"id":54004,"date":"2019-01-18T15:06:24","date_gmt":"2019-01-18T14:06:24","guid":{"rendered":"https:\/\/worldofflowerpots.com\/sklep\/blumenkubel-gros-drausen-pietro\/"},"modified":"2019-04-15T11:23:20","modified_gmt":"2019-04-15T09:23:20","slug":"blumenkubel-gros-drausen-pietro","status":"publish","type":"product","link":"https:\/\/worldofflowerpots.com\/aut\/sortiment\/blumenkubel-gros-drausen-pietro\/","title":{"rendered":"Blumenk\u00fcbel gro\u00df drau\u00dfen Pietro"},"content":{"rendered":"<div id=\"attachment_58959\" style=\"width: 1034px\" class=\"wp-caption aligncenter\"><img loading=\"lazy\" decoding=\"async\" aria-describedby=\"caption-attachment-58959\" class=\"wp-image-58959 size-large\" src=\"https:\/\/worldofflowerpots.com\/wp-content\/uploads\/2017\/01\/Richtig-bepflanzen--1024x576.jpg\" alt=\"\" width=\"1024\" height=\"576\" srcset=\"https:\/\/worldofflowerpots.com\/wp-content\/uploads\/2017\/01\/Richtig-bepflanzen--1024x576.jpg 1024w, https:\/\/worldofflowerpots.com\/wp-content\/uploads\/2017\/01\/Richtig-bepflanzen--300x169.jpg 300w, https:\/\/worldofflowerpots.com\/wp-content\/uploads\/2017\/01\/Richtig-bepflanzen--768x432.jpg 768w, https:\/\/worldofflowerpots.com\/wp-content\/uploads\/2017\/01\/Richtig-bepflanzen--600x338.jpg 600w, https:\/\/worldofflowerpots.com\/wp-content\/uploads\/2017\/01\/Richtig-bepflanzen-.jpg 1920w\" sizes=\"auto, (max-width: 1024px) 100vw, 1024px\" \/><p id=\"caption-attachment-58959\" class=\"wp-caption-text\">Richtig bepflanzen<\/p><\/div>\n<h2>Ein sehr ansprechend geformter\u00a0Blumenk\u00fcbel gro\u00df drau\u00dfen ist das Modell Pietro<\/h2>\n<p>Der Blumenk\u00fcbel gro\u00df drau\u00dfen Pietro ist ein sehr schlichter gro\u00dfer Betontopf mit einer H\u00f6he von 84 cm und einem Gewicht von 200 kg. Er ist rund und seine Form \u00f6ffnet sich nach oben. Pietro eignet sich besonders f\u00fcr Orte, an denen der Topf nicht so leicht verschiebbar sein soll, also auf Pl\u00e4tzen oder bei \u00f6ffentlichen Geb\u00e4uden und Innenh\u00f6fen. Gef\u00fcllt hat der Topf ein Fassungsverm\u00f6gen von 560 Liter. Er stellt somit schon die etwas gr\u00f6\u00dfere Form eines Pflanzk\u00fcbels dar.<\/p>\n<h3>Pietro \u2013 ein feiner Betonguss ohne Rand<\/h3>\n<p>Der Pflanzenk\u00fcbel Pietro ist aus Beton gegossen, man kann ihn in den klassischen Farben Wei\u00df, Grau und Schwarz erhalten. Der Topf steht sehr stabil, der Durchmesser des Topfes auf dem Boden betr\u00e4gt 70 cm, oben weitet er sich zu 126,7 cm. Der Topf ist an der Kante oben sehr schlicht. Lediglich die Betonbreite von 3 cm ist sichtbar, wodurch der Topf so sehr elegant wirkt. Der Pflanzk\u00fcbel aus Beton ist nicht rechteckig sondern rund und damit ohne irgendwelche Kanten verarbeitet.<\/p>\n<h3>Pietro \u2013 der elegante Klassiker<\/h3>\n<p>Der Blumenk\u00fcbel gro\u00df drau\u00dfen ist vollst\u00e4ndig massiv gearbeitet und zum Bepflanzen mit mehreren unterschiedlichen Pflanzen geeignet. Dabei kann der Betonpflanzk\u00fcbel am Besten in Au\u00dfenbereichen und dort besonders in gro\u00dfen G\u00e4rten eingesetzt werden. Der Pflanztrog aus Beton mit dem Eigengewicht steht sehr sicher und kann nur schlecht verr\u00fcckt werden. Damit eignet er sich besonders f\u00fcr \u00f6ffentliche Bereiche wie Parks oder auch Firmenauffahrten. Den Pflanztrog Beton Pietro erhalten Sie in den Farben weiss,grau sowie schwarz.<\/p>\n","protected":false},"excerpt":{"rendered":"<p>Pflanzk\u00fcbel beton Pietro<br \/>\nMaterial Beton (UHPC)<br \/>\nGewicht :200kg<br \/>\nAbmessungen: \u23001265mm, H840mm<br \/>\nFarben: Grau, Schwarz, Weiss<br \/>\nUV-resistent<br \/>\nRobust und Stabil<br \/>\nWetterfest<br \/>\nFrostbest\u00e4ndig bei gew\u00e4hrleistetem Wasserablauf<\/p>\n","protected":false},"featured_media":58399,"template":"","meta":{"_acf_changed":false},"product_brand":[],"product_cat":[393],"product_tag":[482],"class_list":{"0":"post-54004","1":"product","2":"type-product","3":"status-publish","4":"has-post-thumbnail","6":"product_cat-pflanzkubel-beton","7":"product_tag-donice-ogrodowe-de-aut","8":"description-off","9":"tm-has-options","11":"first","12":"instock","13":"shipping-taxable","14":"purchasable","15":"product-type-simple"},"acf":[],"yoast_head":"<!-- This site is optimized with the Yoast SEO plugin v27.5 - https:\/\/yoast.com\/product\/yoast-seo-wordpress\/ -->\n<title>Blumenk\u00fcbel gro\u00df f\u00fcr drau\u00dfen ist das Modell Pietro<\/title>\n<meta name=\"description\" content=\"Der Blumenk\u00fcbel gro\u00df f\u00fcr drau\u00dfen Pietro ist ein schlichter gro\u00dfer Betontopf aus Beton. Damit eignet er sich f\u00fcr \u00f6ffentliche Bereiche oder Firmenauffahrten.\" \/>\n<meta name=\"robots\" content=\"index, follow, max-snippet:-1, max-image-preview:large, max-video-preview:-1\" \/>\n<link rel=\"canonical\" href=\"https:\/\/worldofflowerpots.com\/sklep\/blumenkubel-gros-drausen-pietro\/\" \/>\n<meta property=\"og:locale\" content=\"de_DE\" \/>\n<meta property=\"og:type\" content=\"article\" \/>\n<meta property=\"og:title\" content=\"Blumenk\u00fcbel gro\u00df f\u00fcr drau\u00dfen ist das Modell Pietro\" \/>\n<meta property=\"og:description\" content=\"Der Blumenk\u00fcbel gro\u00df f\u00fcr drau\u00dfen Pietro ist ein schlichter gro\u00dfer Betontopf aus Beton. Damit eignet er sich f\u00fcr \u00f6ffentliche Bereiche oder Firmenauffahrten.\" \/>\n<meta property=\"og:url\" content=\"https:\/\/worldofflowerpots.com\/sklep\/blumenkubel-gros-drausen-pietro\/\" \/>\n<meta property=\"og:site_name\" content=\"World of Flowerpots\" \/>\n<meta property=\"article:modified_time\" content=\"2019-04-15T09:23:20+00:00\" \/>\n<meta property=\"og:image\" content=\"https:\/\/worldofflowerpots.com\/wp-content\/uploads\/2019\/01\/blumenk\u00fcbel-gro\u00df-drau\u00dfen-Pietro.jpg\" \/>\n\t<meta property=\"og:image:width\" content=\"1920\" \/>\n\t<meta property=\"og:image:height\" content=\"1080\" \/>\n\t<meta property=\"og:image:type\" content=\"image\/jpeg\" \/>\n<meta name=\"twitter:card\" content=\"summary_large_image\" \/>\n<meta name=\"twitter:label1\" content=\"Est. reading time\" \/>\n\t<meta name=\"twitter:data1\" content=\"1 minute\" \/>\n<script type=\"application\/ld+json\" class=\"yoast-schema-graph\">{\"@context\":\"https:\\\/\\\/schema.org\",\"@graph\":[{\"@type\":\"WebPage\",\"@id\":\"https:\\\/\\\/worldofflowerpots.com\\\/sklep\\\/blumenkubel-gros-drausen-pietro\\\/\",\"url\":\"https:\\\/\\\/worldofflowerpots.com\\\/sklep\\\/blumenkubel-gros-drausen-pietro\\\/\",\"name\":\"Blumenk\u00fcbel gro\u00df f\u00fcr drau\u00dfen ist das Modell Pietro\",\"isPartOf\":{\"@id\":\"https:\\\/\\\/worldofflowerpots.com\\\/#website\"},\"primaryImageOfPage\":{\"@id\":\"https:\\\/\\\/worldofflowerpots.com\\\/sklep\\\/blumenkubel-gros-drausen-pietro\\\/#primaryimage\"},\"image\":{\"@id\":\"https:\\\/\\\/worldofflowerpots.com\\\/sklep\\\/blumenkubel-gros-drausen-pietro\\\/#primaryimage\"},\"thumbnailUrl\":\"https:\\\/\\\/worldofflowerpots.com\\\/wp-content\\\/uploads\\\/2019\\\/01\\\/blumenk\u00fcbel-gro\u00df-drau\u00dfen-Pietro.jpg\",\"datePublished\":\"2019-01-18T14:06:24+00:00\",\"dateModified\":\"2019-04-15T09:23:20+00:00\",\"description\":\"Der Blumenk\u00fcbel gro\u00df f\u00fcr drau\u00dfen Pietro ist ein schlichter gro\u00dfer Betontopf aus Beton. Damit eignet er sich f\u00fcr \u00f6ffentliche Bereiche oder Firmenauffahrten.\",\"breadcrumb\":{\"@id\":\"https:\\\/\\\/worldofflowerpots.com\\\/sklep\\\/blumenkubel-gros-drausen-pietro\\\/#breadcrumb\"},\"inLanguage\":\"de-AUT\",\"potentialAction\":[{\"@type\":\"ReadAction\",\"target\":[\"https:\\\/\\\/worldofflowerpots.com\\\/sklep\\\/blumenkubel-gros-drausen-pietro\\\/\"]}]},{\"@type\":\"ImageObject\",\"inLanguage\":\"de-AUT\",\"@id\":\"https:\\\/\\\/worldofflowerpots.com\\\/sklep\\\/blumenkubel-gros-drausen-pietro\\\/#primaryimage\",\"url\":\"https:\\\/\\\/worldofflowerpots.com\\\/wp-content\\\/uploads\\\/2019\\\/01\\\/blumenk\u00fcbel-gro\u00df-drau\u00dfen-Pietro.jpg\",\"contentUrl\":\"https:\\\/\\\/worldofflowerpots.com\\\/wp-content\\\/uploads\\\/2019\\\/01\\\/blumenk\u00fcbel-gro\u00df-drau\u00dfen-Pietro.jpg\",\"width\":1920,\"height\":1080},{\"@type\":\"BreadcrumbList\",\"@id\":\"https:\\\/\\\/worldofflowerpots.com\\\/sklep\\\/blumenkubel-gros-drausen-pietro\\\/#breadcrumb\",\"itemListElement\":[{\"@type\":\"ListItem\",\"position\":1,\"name\":\"Strona g\u0142\u00f3wna\",\"item\":\"https:\\\/\\\/worldofflowerpots.com\\\/home\\\/\"},{\"@type\":\"ListItem\",\"position\":2,\"name\":\"Shop\",\"item\":\"https:\\\/\\\/worldofflowerpots.com\\\/sortiment\\\/\"},{\"@type\":\"ListItem\",\"position\":3,\"name\":\"Blumenk\u00fcbel gro\u00df drau\u00dfen Pietro\"}]},{\"@type\":\"WebSite\",\"@id\":\"https:\\\/\\\/worldofflowerpots.com\\\/#website\",\"url\":\"https:\\\/\\\/worldofflowerpots.com\\\/\",\"name\":\"World of Flowerpots\",\"description\":\"producent donic ozdobnych\",\"potentialAction\":[{\"@type\":\"SearchAction\",\"target\":{\"@type\":\"EntryPoint\",\"urlTemplate\":\"https:\\\/\\\/worldofflowerpots.com\\\/?s={search_term_string}\"},\"query-input\":{\"@type\":\"PropertyValueSpecification\",\"valueRequired\":true,\"valueName\":\"search_term_string\"}}],\"inLanguage\":\"de-AUT\"}]}<\/script>\n<!-- \/ Yoast SEO plugin. -->","yoast_head_json":{"title":"Blumenk\u00fcbel gro\u00df f\u00fcr drau\u00dfen ist das Modell Pietro","description":"Der Blumenk\u00fcbel gro\u00df f\u00fcr drau\u00dfen Pietro ist ein schlichter gro\u00dfer Betontopf aus Beton. Damit eignet er sich f\u00fcr \u00f6ffentliche Bereiche oder Firmenauffahrten.","robots":{"index":"index","follow":"follow","max-snippet":"max-snippet:-1","max-image-preview":"max-image-preview:large","max-video-preview":"max-video-preview:-1"},"canonical":"https:\/\/worldofflowerpots.com\/sklep\/blumenkubel-gros-drausen-pietro\/","og_locale":"de_DE","og_type":"article","og_title":"Blumenk\u00fcbel gro\u00df f\u00fcr drau\u00dfen ist das Modell Pietro","og_description":"Der Blumenk\u00fcbel gro\u00df f\u00fcr drau\u00dfen Pietro ist ein schlichter gro\u00dfer Betontopf aus Beton. Damit eignet er sich f\u00fcr \u00f6ffentliche Bereiche oder Firmenauffahrten.","og_url":"https:\/\/worldofflowerpots.com\/sklep\/blumenkubel-gros-drausen-pietro\/","og_site_name":"World of Flowerpots","article_modified_time":"2019-04-15T09:23:20+00:00","og_image":[{"width":1920,"height":1080,"url":"https:\/\/worldofflowerpots.com\/wp-content\/uploads\/2019\/01\/blumenk\u00fcbel-gro\u00df-drau\u00dfen-Pietro.jpg","type":"image\/jpeg"}],"twitter_card":"summary_large_image","twitter_misc":{"Est. reading time":"1 minute"},"schema":{"@context":"https:\/\/schema.org","@graph":[{"@type":"WebPage","@id":"https:\/\/worldofflowerpots.com\/sklep\/blumenkubel-gros-drausen-pietro\/","url":"https:\/\/worldofflowerpots.com\/sklep\/blumenkubel-gros-drausen-pietro\/","name":"Blumenk\u00fcbel gro\u00df f\u00fcr drau\u00dfen ist das Modell Pietro","isPartOf":{"@id":"https:\/\/worldofflowerpots.com\/#website"},"primaryImageOfPage":{"@id":"https:\/\/worldofflowerpots.com\/sklep\/blumenkubel-gros-drausen-pietro\/#primaryimage"},"image":{"@id":"https:\/\/worldofflowerpots.com\/sklep\/blumenkubel-gros-drausen-pietro\/#primaryimage"},"thumbnailUrl":"https:\/\/worldofflowerpots.com\/wp-content\/uploads\/2019\/01\/blumenk\u00fcbel-gro\u00df-drau\u00dfen-Pietro.jpg","datePublished":"2019-01-18T14:06:24+00:00","dateModified":"2019-04-15T09:23:20+00:00","description":"Der Blumenk\u00fcbel gro\u00df f\u00fcr drau\u00dfen Pietro ist ein schlichter gro\u00dfer Betontopf aus Beton. Damit eignet er sich f\u00fcr \u00f6ffentliche Bereiche oder Firmenauffahrten.","breadcrumb":{"@id":"https:\/\/worldofflowerpots.com\/sklep\/blumenkubel-gros-drausen-pietro\/#breadcrumb"},"inLanguage":"de-AUT","potentialAction":[{"@type":"ReadAction","target":["https:\/\/worldofflowerpots.com\/sklep\/blumenkubel-gros-drausen-pietro\/"]}]},{"@type":"ImageObject","inLanguage":"de-AUT","@id":"https:\/\/worldofflowerpots.com\/sklep\/blumenkubel-gros-drausen-pietro\/#primaryimage","url":"https:\/\/worldofflowerpots.com\/wp-content\/uploads\/2019\/01\/blumenk\u00fcbel-gro\u00df-drau\u00dfen-Pietro.jpg","contentUrl":"https:\/\/worldofflowerpots.com\/wp-content\/uploads\/2019\/01\/blumenk\u00fcbel-gro\u00df-drau\u00dfen-Pietro.jpg","width":1920,"height":1080},{"@type":"BreadcrumbList","@id":"https:\/\/worldofflowerpots.com\/sklep\/blumenkubel-gros-drausen-pietro\/#breadcrumb","itemListElement":[{"@type":"ListItem","position":1,"name":"Strona g\u0142\u00f3wna","item":"https:\/\/worldofflowerpots.com\/home\/"},{"@type":"ListItem","position":2,"name":"Shop","item":"https:\/\/worldofflowerpots.com\/sortiment\/"},{"@type":"ListItem","position":3,"name":"Blumenk\u00fcbel gro\u00df drau\u00dfen Pietro"}]},{"@type":"WebSite","@id":"https:\/\/worldofflowerpots.com\/#website","url":"https:\/\/worldofflowerpots.com\/","name":"World of Flowerpots","description":"producent donic ozdobnych","potentialAction":[{"@type":"SearchAction","target":{"@type":"EntryPoint","urlTemplate":"https:\/\/worldofflowerpots.com\/?s={search_term_string}"},"query-input":{"@type":"PropertyValueSpecification","valueRequired":true,"valueName":"search_term_string"}}],"inLanguage":"de-AUT"}]}},"_links":{"self":[{"href":"https:\/\/worldofflowerpots.com\/aut\/wp-json\/wp\/v2\/product\/54004","targetHints":{"allow":["GET"]}}],"collection":[{"href":"https:\/\/worldofflowerpots.com\/aut\/wp-json\/wp\/v2\/product"}],"about":[{"href":"https:\/\/worldofflowerpots.com\/aut\/wp-json\/wp\/v2\/types\/product"}],"wp:featuredmedia":[{"embeddable":true,"href":"https:\/\/worldofflowerpots.com\/aut\/wp-json\/wp\/v2\/media\/58399"}],"wp:attachment":[{"href":"https:\/\/worldofflowerpots.com\/aut\/wp-json\/wp\/v2\/media?parent=54004"}],"wp:term":[{"taxonomy":"product_brand","embeddable":true,"href":"https:\/\/worldofflowerpots.com\/aut\/wp-json\/wp\/v2\/product_brand?post=54004"},{"taxonomy":"product_cat","embeddable":true,"href":"https:\/\/worldofflowerpots.com\/aut\/wp-json\/wp\/v2\/product_cat?post=54004"},{"taxonomy":"product_tag","embeddable":true,"href":"https:\/\/worldofflowerpots.com\/aut\/wp-json\/wp\/v2\/product_tag?post=54004"}],"curies":[{"name":"wp","href":"https:\/\/api.w.org\/{rel}","templated":true}]}}