{"id":54005,"date":"2019-01-18T15:06:24","date_gmt":"2019-01-18T14:06:24","guid":{"rendered":"https:\/\/worldofflowerpots.com\/sklep\/pflanzkasten-150-cm-lang-martina\/"},"modified":"2019-04-15T11:42:36","modified_gmt":"2019-04-15T09:42:36","slug":"pflanzkasten-150-cm-lang-martina","status":"publish","type":"product","link":"https:\/\/worldofflowerpots.com\/aut\/sortiment\/pflanzkasten-150-cm-lang-martina\/","title":{"rendered":"pflanzkasten 150 cm lang Martina"},"content":{"rendered":"<div id=\"attachment_58959\" style=\"width: 1034px\" class=\"wp-caption aligncenter\"><img loading=\"lazy\" decoding=\"async\" aria-describedby=\"caption-attachment-58959\" class=\"wp-image-58959 size-large\" src=\"https:\/\/worldofflowerpots.com\/wp-content\/uploads\/2017\/01\/Richtig-bepflanzen--1024x576.jpg\" alt=\"\" width=\"1024\" height=\"576\" srcset=\"https:\/\/worldofflowerpots.com\/wp-content\/uploads\/2017\/01\/Richtig-bepflanzen--1024x576.jpg 1024w, https:\/\/worldofflowerpots.com\/wp-content\/uploads\/2017\/01\/Richtig-bepflanzen--300x169.jpg 300w, https:\/\/worldofflowerpots.com\/wp-content\/uploads\/2017\/01\/Richtig-bepflanzen--768x432.jpg 768w, https:\/\/worldofflowerpots.com\/wp-content\/uploads\/2017\/01\/Richtig-bepflanzen--600x338.jpg 600w, https:\/\/worldofflowerpots.com\/wp-content\/uploads\/2017\/01\/Richtig-bepflanzen-.jpg 1920w\" sizes=\"auto, (max-width: 1024px) 100vw, 1024px\" \/><p id=\"caption-attachment-58959\" class=\"wp-caption-text\">Richtig bepflanzen<\/p><\/div>\n<h3>P<span class=\"spGb-e spGb-h\">flanzkasten 150 cm lang<\/span><a class=\"spGb-f\">\u00a0<\/a> mit vielen M\u00f6glichkeiten<\/h3>\n<p>Martina besticht optisch durch ihre zeitlose Eleganz mit den geraden Formen und Linien. Dadurch l\u00e4sst sich der Pflanzk\u00fcbel in nahezu jeden Garten integrieren. Der Blumenk\u00fcbel besteht aus Beton und zeichnet sich durch eine H\u00f6he von 500 mm und einer Breite von 1500mm aus. Eine weitere Besonderheit ist das enorme Fassungsverm\u00f6gen von 300 Litern. Mit dem Pflanzk\u00fcbel aus Beton aus der Serie Martina erwerben Sie ein Qualit\u00e4tsprodukt.<\/p>\n<h3>Ein Blick auf die M\u00f6glichkeiten<\/h3>\n<p>Aufgrund des Fassungsverm\u00f6gens sind bei der Bepflanzung kaum Grenzen gesetzt. Farblich k\u00f6nnen im Garten Akzente gesetzt werden. Martina muss nicht nur mit kleinen Balkonpflanzen bepflanzt werden, auch gr\u00f6\u00dfere Pflanzen z.B. Jasmin pflanzen finden im K\u00fcbel Platz. Die Langlebigkeit wird durch den Betonstein garantiert. Dadurch h\u00e4lt dieser P<span class=\"spGb-e spGb-h\">flanzkasten 150 cm lang<\/span><a class=\"spGb-f\">\u00a0<\/a> Wind und Wetter stand. Bepflanzt wiegt Martina ca. 250 kg und l\u00e4sst sich durch keinen Sturm aus der Ruhe bringen.<\/p>\n<h3>Eine gute l\u00e4nge<\/h3>\n<p>Insgesamt ist Martina eine richtige Wahl f\u00fcr Personen, die ihren Garten kreativ gestalten und dabei alle M\u00f6glichkeiten aussch\u00f6pfen m\u00f6chten. Der Blumenk\u00fcbel aus Beton ist in den Farben wei\u00df, grau und anthrazit erh\u00e4ltlich und von h\u00f6chster Qualit\u00e4t. Damit kann er in Aussenbereichen gut als Begrenzung oder \u00e4hnliche eingesetzt werden. Der Pflanzk\u00fcbel aus Beton ist rechteckig und kann mit weiteren K\u00fcbeln gut kombiniert werden.<\/p>\n","protected":false},"excerpt":{"rendered":"<p>Pflanzk\u00fcbel beton Martina<br \/>\nMaterial Beton (UHPC)<br \/>\nGewicht :180kg<br \/>\nAbmessungen B500mm H500mm L1500mm<br \/>\nFarben: Grau, Schwarz, Weiss<br \/>\nUV-resistent<br \/>\nRobust und Stabil<br \/>\nWetterfest<br \/>\nFrostbest\u00e4ndig bei gew\u00e4hrleistetem Wasserablauf<\/p>\n","protected":false},"featured_media":58449,"template":"","meta":{"_acf_changed":false},"product_brand":[],"product_cat":[393],"product_tag":[482],"class_list":{"0":"post-54005","1":"product","2":"type-product","3":"status-publish","4":"has-post-thumbnail","6":"product_cat-pflanzkubel-beton","7":"product_tag-donice-ogrodowe-de-aut","8":"description-off","9":"tm-has-options","11":"first","12":"instock","13":"shipping-taxable","14":"purchasable","15":"product-type-simple"},"acf":[],"yoast_head":"<!-- This site is optimized with the Yoast SEO plugin v27.5 - https:\/\/yoast.com\/product\/yoast-seo-wordpress\/ -->\n<title>Pflanzkasten 150 cm lang\u00a0gut als Begrenzung oder Trennung<\/title>\n<meta name=\"description\" content=\"Ein Pflanzkasten 150 cm lang\u00a0 mit vielen M\u00f6glichkeiten optisch durch ihre zeitlose Eleganz in Aussenbereichen gut als Begrenzung oder \u00e4hnliche .\" \/>\n<meta name=\"robots\" content=\"index, follow, max-snippet:-1, max-image-preview:large, max-video-preview:-1\" \/>\n<link rel=\"canonical\" href=\"https:\/\/worldofflowerpots.com\/sklep\/pflanzkasten-150-cm-lang-martina\/\" \/>\n<meta property=\"og:locale\" content=\"de_DE\" \/>\n<meta property=\"og:type\" content=\"article\" \/>\n<meta property=\"og:title\" content=\"Pflanzkasten 150 cm lang\u00a0gut als Begrenzung oder Trennung\" \/>\n<meta property=\"og:description\" content=\"Ein Pflanzkasten 150 cm lang\u00a0 mit vielen M\u00f6glichkeiten optisch durch ihre zeitlose Eleganz in Aussenbereichen gut als Begrenzung oder \u00e4hnliche .\" \/>\n<meta property=\"og:url\" content=\"https:\/\/worldofflowerpots.com\/sklep\/pflanzkasten-150-cm-lang-martina\/\" \/>\n<meta property=\"og:site_name\" content=\"World of Flowerpots\" \/>\n<meta property=\"article:modified_time\" content=\"2019-04-15T09:42:36+00:00\" \/>\n<meta property=\"og:image\" content=\"https:\/\/worldofflowerpots.com\/wp-content\/uploads\/2019\/01\/pflanzkasten-150-cm-lang-Martina.jpg\" \/>\n\t<meta property=\"og:image:width\" content=\"2280\" \/>\n\t<meta property=\"og:image:height\" content=\"1612\" \/>\n\t<meta property=\"og:image:type\" content=\"image\/jpeg\" \/>\n<meta name=\"twitter:card\" content=\"summary_large_image\" \/>\n<meta name=\"twitter:label1\" content=\"Est. reading time\" \/>\n\t<meta name=\"twitter:data1\" content=\"1 minute\" \/>\n<script type=\"application\/ld+json\" class=\"yoast-schema-graph\">{\"@context\":\"https:\\\/\\\/schema.org\",\"@graph\":[{\"@type\":\"WebPage\",\"@id\":\"https:\\\/\\\/worldofflowerpots.com\\\/sklep\\\/pflanzkasten-150-cm-lang-martina\\\/\",\"url\":\"https:\\\/\\\/worldofflowerpots.com\\\/sklep\\\/pflanzkasten-150-cm-lang-martina\\\/\",\"name\":\"Pflanzkasten 150 cm lang\u00a0gut als Begrenzung oder Trennung\",\"isPartOf\":{\"@id\":\"https:\\\/\\\/worldofflowerpots.com\\\/#website\"},\"primaryImageOfPage\":{\"@id\":\"https:\\\/\\\/worldofflowerpots.com\\\/sklep\\\/pflanzkasten-150-cm-lang-martina\\\/#primaryimage\"},\"image\":{\"@id\":\"https:\\\/\\\/worldofflowerpots.com\\\/sklep\\\/pflanzkasten-150-cm-lang-martina\\\/#primaryimage\"},\"thumbnailUrl\":\"https:\\\/\\\/worldofflowerpots.com\\\/wp-content\\\/uploads\\\/2019\\\/01\\\/pflanzkasten-150-cm-lang-Martina.jpg\",\"datePublished\":\"2019-01-18T14:06:24+00:00\",\"dateModified\":\"2019-04-15T09:42:36+00:00\",\"description\":\"Ein Pflanzkasten 150 cm lang\u00a0 mit vielen M\u00f6glichkeiten optisch durch ihre zeitlose Eleganz in Aussenbereichen gut als Begrenzung oder \u00e4hnliche .\",\"breadcrumb\":{\"@id\":\"https:\\\/\\\/worldofflowerpots.com\\\/sklep\\\/pflanzkasten-150-cm-lang-martina\\\/#breadcrumb\"},\"inLanguage\":\"de-AUT\",\"potentialAction\":[{\"@type\":\"ReadAction\",\"target\":[\"https:\\\/\\\/worldofflowerpots.com\\\/sklep\\\/pflanzkasten-150-cm-lang-martina\\\/\"]}]},{\"@type\":\"ImageObject\",\"inLanguage\":\"de-AUT\",\"@id\":\"https:\\\/\\\/worldofflowerpots.com\\\/sklep\\\/pflanzkasten-150-cm-lang-martina\\\/#primaryimage\",\"url\":\"https:\\\/\\\/worldofflowerpots.com\\\/wp-content\\\/uploads\\\/2019\\\/01\\\/pflanzkasten-150-cm-lang-Martina.jpg\",\"contentUrl\":\"https:\\\/\\\/worldofflowerpots.com\\\/wp-content\\\/uploads\\\/2019\\\/01\\\/pflanzkasten-150-cm-lang-Martina.jpg\",\"width\":2280,\"height\":1612},{\"@type\":\"BreadcrumbList\",\"@id\":\"https:\\\/\\\/worldofflowerpots.com\\\/sklep\\\/pflanzkasten-150-cm-lang-martina\\\/#breadcrumb\",\"itemListElement\":[{\"@type\":\"ListItem\",\"position\":1,\"name\":\"Strona g\u0142\u00f3wna\",\"item\":\"https:\\\/\\\/worldofflowerpots.com\\\/home\\\/\"},{\"@type\":\"ListItem\",\"position\":2,\"name\":\"Shop\",\"item\":\"https:\\\/\\\/worldofflowerpots.com\\\/sortiment\\\/\"},{\"@type\":\"ListItem\",\"position\":3,\"name\":\"pflanzkasten 150 cm lang Martina\"}]},{\"@type\":\"WebSite\",\"@id\":\"https:\\\/\\\/worldofflowerpots.com\\\/#website\",\"url\":\"https:\\\/\\\/worldofflowerpots.com\\\/\",\"name\":\"World of Flowerpots\",\"description\":\"producent donic ozdobnych\",\"potentialAction\":[{\"@type\":\"SearchAction\",\"target\":{\"@type\":\"EntryPoint\",\"urlTemplate\":\"https:\\\/\\\/worldofflowerpots.com\\\/?s={search_term_string}\"},\"query-input\":{\"@type\":\"PropertyValueSpecification\",\"valueRequired\":true,\"valueName\":\"search_term_string\"}}],\"inLanguage\":\"de-AUT\"}]}<\/script>\n<!-- \/ Yoast SEO plugin. -->","yoast_head_json":{"title":"Pflanzkasten 150 cm lang\u00a0gut als Begrenzung oder Trennung","description":"Ein Pflanzkasten 150 cm lang\u00a0 mit vielen M\u00f6glichkeiten optisch durch ihre zeitlose Eleganz in Aussenbereichen gut als Begrenzung oder \u00e4hnliche .","robots":{"index":"index","follow":"follow","max-snippet":"max-snippet:-1","max-image-preview":"max-image-preview:large","max-video-preview":"max-video-preview:-1"},"canonical":"https:\/\/worldofflowerpots.com\/sklep\/pflanzkasten-150-cm-lang-martina\/","og_locale":"de_DE","og_type":"article","og_title":"Pflanzkasten 150 cm lang\u00a0gut als Begrenzung oder Trennung","og_description":"Ein Pflanzkasten 150 cm lang\u00a0 mit vielen M\u00f6glichkeiten optisch durch ihre zeitlose Eleganz in Aussenbereichen gut als Begrenzung oder \u00e4hnliche .","og_url":"https:\/\/worldofflowerpots.com\/sklep\/pflanzkasten-150-cm-lang-martina\/","og_site_name":"World of Flowerpots","article_modified_time":"2019-04-15T09:42:36+00:00","og_image":[{"width":2280,"height":1612,"url":"https:\/\/worldofflowerpots.com\/wp-content\/uploads\/2019\/01\/pflanzkasten-150-cm-lang-Martina.jpg","type":"image\/jpeg"}],"twitter_card":"summary_large_image","twitter_misc":{"Est. reading time":"1 minute"},"schema":{"@context":"https:\/\/schema.org","@graph":[{"@type":"WebPage","@id":"https:\/\/worldofflowerpots.com\/sklep\/pflanzkasten-150-cm-lang-martina\/","url":"https:\/\/worldofflowerpots.com\/sklep\/pflanzkasten-150-cm-lang-martina\/","name":"Pflanzkasten 150 cm lang\u00a0gut als Begrenzung oder Trennung","isPartOf":{"@id":"https:\/\/worldofflowerpots.com\/#website"},"primaryImageOfPage":{"@id":"https:\/\/worldofflowerpots.com\/sklep\/pflanzkasten-150-cm-lang-martina\/#primaryimage"},"image":{"@id":"https:\/\/worldofflowerpots.com\/sklep\/pflanzkasten-150-cm-lang-martina\/#primaryimage"},"thumbnailUrl":"https:\/\/worldofflowerpots.com\/wp-content\/uploads\/2019\/01\/pflanzkasten-150-cm-lang-Martina.jpg","datePublished":"2019-01-18T14:06:24+00:00","dateModified":"2019-04-15T09:42:36+00:00","description":"Ein Pflanzkasten 150 cm lang\u00a0 mit vielen M\u00f6glichkeiten optisch durch ihre zeitlose Eleganz in Aussenbereichen gut als Begrenzung oder \u00e4hnliche .","breadcrumb":{"@id":"https:\/\/worldofflowerpots.com\/sklep\/pflanzkasten-150-cm-lang-martina\/#breadcrumb"},"inLanguage":"de-AUT","potentialAction":[{"@type":"ReadAction","target":["https:\/\/worldofflowerpots.com\/sklep\/pflanzkasten-150-cm-lang-martina\/"]}]},{"@type":"ImageObject","inLanguage":"de-AUT","@id":"https:\/\/worldofflowerpots.com\/sklep\/pflanzkasten-150-cm-lang-martina\/#primaryimage","url":"https:\/\/worldofflowerpots.com\/wp-content\/uploads\/2019\/01\/pflanzkasten-150-cm-lang-Martina.jpg","contentUrl":"https:\/\/worldofflowerpots.com\/wp-content\/uploads\/2019\/01\/pflanzkasten-150-cm-lang-Martina.jpg","width":2280,"height":1612},{"@type":"BreadcrumbList","@id":"https:\/\/worldofflowerpots.com\/sklep\/pflanzkasten-150-cm-lang-martina\/#breadcrumb","itemListElement":[{"@type":"ListItem","position":1,"name":"Strona g\u0142\u00f3wna","item":"https:\/\/worldofflowerpots.com\/home\/"},{"@type":"ListItem","position":2,"name":"Shop","item":"https:\/\/worldofflowerpots.com\/sortiment\/"},{"@type":"ListItem","position":3,"name":"pflanzkasten 150 cm lang Martina"}]},{"@type":"WebSite","@id":"https:\/\/worldofflowerpots.com\/#website","url":"https:\/\/worldofflowerpots.com\/","name":"World of Flowerpots","description":"producent donic ozdobnych","potentialAction":[{"@type":"SearchAction","target":{"@type":"EntryPoint","urlTemplate":"https:\/\/worldofflowerpots.com\/?s={search_term_string}"},"query-input":{"@type":"PropertyValueSpecification","valueRequired":true,"valueName":"search_term_string"}}],"inLanguage":"de-AUT"}]}},"_links":{"self":[{"href":"https:\/\/worldofflowerpots.com\/aut\/wp-json\/wp\/v2\/product\/54005","targetHints":{"allow":["GET"]}}],"collection":[{"href":"https:\/\/worldofflowerpots.com\/aut\/wp-json\/wp\/v2\/product"}],"about":[{"href":"https:\/\/worldofflowerpots.com\/aut\/wp-json\/wp\/v2\/types\/product"}],"wp:featuredmedia":[{"embeddable":true,"href":"https:\/\/worldofflowerpots.com\/aut\/wp-json\/wp\/v2\/media\/58449"}],"wp:attachment":[{"href":"https:\/\/worldofflowerpots.com\/aut\/wp-json\/wp\/v2\/media?parent=54005"}],"wp:term":[{"taxonomy":"product_brand","embeddable":true,"href":"https:\/\/worldofflowerpots.com\/aut\/wp-json\/wp\/v2\/product_brand?post=54005"},{"taxonomy":"product_cat","embeddable":true,"href":"https:\/\/worldofflowerpots.com\/aut\/wp-json\/wp\/v2\/product_cat?post=54005"},{"taxonomy":"product_tag","embeddable":true,"href":"https:\/\/worldofflowerpots.com\/aut\/wp-json\/wp\/v2\/product_tag?post=54005"}],"curies":[{"name":"wp","href":"https:\/\/api.w.org\/{rel}","templated":true}]}}