{"id":54006,"date":"2019-01-18T15:06:24","date_gmt":"2019-01-18T14:06:24","guid":{"rendered":"https:\/\/worldofflowerpots.com\/sklep\/pflanzkubel-200-cm-massimo\/"},"modified":"2019-04-15T11:40:22","modified_gmt":"2019-04-15T09:40:22","slug":"pflanzkubel-200-cm-massimo","status":"publish","type":"product","link":"https:\/\/worldofflowerpots.com\/aut\/sortiment\/pflanzkubel-200-cm-massimo\/","title":{"rendered":"Pflanzk\u00fcbel 200 cm Massimo"},"content":{"rendered":"<div id=\"attachment_58959\" style=\"width: 1034px\" class=\"wp-caption aligncenter\"><img loading=\"lazy\" decoding=\"async\" aria-describedby=\"caption-attachment-58959\" class=\"wp-image-58959 size-large\" src=\"https:\/\/worldofflowerpots.com\/wp-content\/uploads\/2017\/01\/Richtig-bepflanzen--1024x576.jpg\" alt=\"\" width=\"1024\" height=\"576\" srcset=\"https:\/\/worldofflowerpots.com\/wp-content\/uploads\/2017\/01\/Richtig-bepflanzen--1024x576.jpg 1024w, https:\/\/worldofflowerpots.com\/wp-content\/uploads\/2017\/01\/Richtig-bepflanzen--300x169.jpg 300w, https:\/\/worldofflowerpots.com\/wp-content\/uploads\/2017\/01\/Richtig-bepflanzen--768x432.jpg 768w, https:\/\/worldofflowerpots.com\/wp-content\/uploads\/2017\/01\/Richtig-bepflanzen--600x338.jpg 600w, https:\/\/worldofflowerpots.com\/wp-content\/uploads\/2017\/01\/Richtig-bepflanzen-.jpg 1920w\" sizes=\"auto, (max-width: 1024px) 100vw, 1024px\" \/><p id=\"caption-attachment-58959\" class=\"wp-caption-text\">Richtig bepflanzen<\/p><\/div>\n<h3>Klassisches Blumenkasten Design neu entdeckt \u2013 Der Pflanzk\u00fcbel 200 cm Beton Rechteckig Massimo<\/h3>\n<p>Auf den ersten Blick sieht der Pflanzk\u00fcbel 200 cm\u00a0 Beton Massimo aus wie der klassische Blumenk\u00fcbel Beton f\u00fcr Balkon und Terrasse. Durch sein zeitloses Design und die Fertigung aus Beton allerdings setzen Sie mit dem Betonpflanzk\u00fcbel Massimo neue Akzente. Schaffen Sie durch die Bepflanzung von Massimo ein St\u00fcck einzigartiger Gartengestaltung. Der Pflanztrog Beton bietet mit 470 mm eine ausreichende Tiefe auch f\u00fcr gr\u00f6\u00dfere Pflanzen. Bei Massimo haben Sie auch Platz f\u00fcr andere dekorative Gartenelemente, wie Kugeln, Figuren oder akzentuierende Solarbeleuchtung.<\/p>\n<h3>Der extragro\u00dfe Balkonkasten f\u00fcr die Terrasse<\/h3>\n<p>Der Pflanzk\u00fcbel 200 cm Massimo hat das Design eines klassischen Balkonkastens, nur ist er mit 200 cm L\u00e4nge und 50 cm Breite ger\u00e4umiger als ein gew\u00f6hnlicher Kasten. Au\u00dferdem ist das frostfeste und sehr best\u00e4ndige Material des Betonk\u00fcbels sehr viel schwerer und damit stabiler. Das macht den Blumenk\u00fcbel Massimo vielseitig einsetzbar.Mit hohen Gr\u00e4sern bepflanzt grenzt er zum Beispiel hervorragend Gartenbereiche sichtbar ab. Mit buntbl\u00fchenden Stauden best\u00fcckt rahmt er Gartenpl\u00e4tze und Terrassen ein. Und als Hingucker auf einer stabilen Mauer platziert, mit Stauden, niedrigen Koniferen, Seggen oder einj\u00e4hrigen Balkonpflanzen besetzt gl\u00e4nzt der Blumenk\u00fcbel Massimo im klassischen Design mit neuer Wirkkraft.<\/p>\n<h3>Der Extra lange K\u00fcbel in drei Ausf\u00fchrungen<\/h3>\n<p>Der Pflanzk\u00fcbel Beton Massimo ist in den Farben hell- und dunkelgrau und schwarz erh\u00e4ltlich. Auf Wunsch ist auch eine Au\u00dfenlackierung oder die Anbringung von F\u00fc\u00dfen m\u00f6glich.<\/p>\n","protected":false},"excerpt":{"rendered":"<p>Pflanzk\u00fcbel beton Massimo<br \/>\nMaterial Beton (UHPC)<br \/>\nGewicht :220kg<br \/>\nAbmessungen B500mm H500mm L2000mm<br \/>\nFarben: Grau, Schwarz, Weiss<br \/>\nUV-resistent<br \/>\nRobust und Stabil<br \/>\nWetterfest<br \/>\nFrostbest\u00e4ndig bei gew\u00e4hrleistetem Wasserablauf<\/p>\n","protected":false},"featured_media":58439,"template":"","meta":{"_acf_changed":false},"product_brand":[],"product_cat":[393],"product_tag":[482],"class_list":{"0":"post-54006","1":"product","2":"type-product","3":"status-publish","4":"has-post-thumbnail","6":"product_cat-pflanzkubel-beton","7":"product_tag-donice-ogrodowe-de-aut","8":"description-off","9":"tm-has-options","11":"first","12":"instock","13":"shipping-taxable","14":"purchasable","15":"product-type-simple"},"acf":[],"yoast_head":"<!-- This site is optimized with the Yoast SEO plugin v27.5 - https:\/\/yoast.com\/product\/yoast-seo-wordpress\/ -->\n<title>Pflanzk\u00fcbel 200 cm\u00a0aus Beton f\u00fcr Balkon und Terrasse<\/title>\n<meta name=\"description\" content=\"Pflanzk\u00fcbel 200 cm hat das Design eines klassischen Balkonkastens, nur ist er mit 200 cm L\u00e4nge und 50 cm Breite ger\u00e4umiger als ein gew\u00f6hnlicher Kasten.\" \/>\n<meta name=\"robots\" content=\"index, follow, max-snippet:-1, max-image-preview:large, max-video-preview:-1\" \/>\n<link rel=\"canonical\" href=\"https:\/\/worldofflowerpots.com\/sklep\/pflanzkubel-200-cm-massimo\/\" \/>\n<meta property=\"og:locale\" content=\"de_DE\" \/>\n<meta property=\"og:type\" content=\"article\" \/>\n<meta property=\"og:title\" content=\"Pflanzk\u00fcbel 200 cm\u00a0aus Beton f\u00fcr Balkon und Terrasse\" \/>\n<meta property=\"og:description\" content=\"Pflanzk\u00fcbel 200 cm hat das Design eines klassischen Balkonkastens, nur ist er mit 200 cm L\u00e4nge und 50 cm Breite ger\u00e4umiger als ein gew\u00f6hnlicher Kasten.\" \/>\n<meta property=\"og:url\" content=\"https:\/\/worldofflowerpots.com\/sklep\/pflanzkubel-200-cm-massimo\/\" \/>\n<meta property=\"og:site_name\" content=\"World of Flowerpots\" \/>\n<meta property=\"article:modified_time\" content=\"2019-04-15T09:40:22+00:00\" \/>\n<meta property=\"og:image\" content=\"https:\/\/worldofflowerpots.com\/wp-content\/uploads\/2019\/01\/pflanzk\u00fcbel-200-cm-Massimo.jpg\" \/>\n\t<meta property=\"og:image:width\" content=\"2280\" \/>\n\t<meta property=\"og:image:height\" content=\"1612\" \/>\n\t<meta property=\"og:image:type\" content=\"image\/jpeg\" \/>\n<meta name=\"twitter:card\" content=\"summary_large_image\" \/>\n<meta name=\"twitter:label1\" content=\"Est. reading time\" \/>\n\t<meta name=\"twitter:data1\" content=\"1 minute\" \/>\n<script type=\"application\/ld+json\" class=\"yoast-schema-graph\">{\"@context\":\"https:\\\/\\\/schema.org\",\"@graph\":[{\"@type\":\"WebPage\",\"@id\":\"https:\\\/\\\/worldofflowerpots.com\\\/sklep\\\/pflanzkubel-200-cm-massimo\\\/\",\"url\":\"https:\\\/\\\/worldofflowerpots.com\\\/sklep\\\/pflanzkubel-200-cm-massimo\\\/\",\"name\":\"Pflanzk\u00fcbel 200 cm\u00a0aus Beton f\u00fcr Balkon und Terrasse\",\"isPartOf\":{\"@id\":\"https:\\\/\\\/worldofflowerpots.com\\\/#website\"},\"primaryImageOfPage\":{\"@id\":\"https:\\\/\\\/worldofflowerpots.com\\\/sklep\\\/pflanzkubel-200-cm-massimo\\\/#primaryimage\"},\"image\":{\"@id\":\"https:\\\/\\\/worldofflowerpots.com\\\/sklep\\\/pflanzkubel-200-cm-massimo\\\/#primaryimage\"},\"thumbnailUrl\":\"https:\\\/\\\/worldofflowerpots.com\\\/wp-content\\\/uploads\\\/2019\\\/01\\\/pflanzk\u00fcbel-200-cm-Massimo.jpg\",\"datePublished\":\"2019-01-18T14:06:24+00:00\",\"dateModified\":\"2019-04-15T09:40:22+00:00\",\"description\":\"Pflanzk\u00fcbel 200 cm hat das Design eines klassischen Balkonkastens, nur ist er mit 200 cm L\u00e4nge und 50 cm Breite ger\u00e4umiger als ein gew\u00f6hnlicher Kasten.\",\"breadcrumb\":{\"@id\":\"https:\\\/\\\/worldofflowerpots.com\\\/sklep\\\/pflanzkubel-200-cm-massimo\\\/#breadcrumb\"},\"inLanguage\":\"de-AUT\",\"potentialAction\":[{\"@type\":\"ReadAction\",\"target\":[\"https:\\\/\\\/worldofflowerpots.com\\\/sklep\\\/pflanzkubel-200-cm-massimo\\\/\"]}]},{\"@type\":\"ImageObject\",\"inLanguage\":\"de-AUT\",\"@id\":\"https:\\\/\\\/worldofflowerpots.com\\\/sklep\\\/pflanzkubel-200-cm-massimo\\\/#primaryimage\",\"url\":\"https:\\\/\\\/worldofflowerpots.com\\\/wp-content\\\/uploads\\\/2019\\\/01\\\/pflanzk\u00fcbel-200-cm-Massimo.jpg\",\"contentUrl\":\"https:\\\/\\\/worldofflowerpots.com\\\/wp-content\\\/uploads\\\/2019\\\/01\\\/pflanzk\u00fcbel-200-cm-Massimo.jpg\",\"width\":2280,\"height\":1612},{\"@type\":\"BreadcrumbList\",\"@id\":\"https:\\\/\\\/worldofflowerpots.com\\\/sklep\\\/pflanzkubel-200-cm-massimo\\\/#breadcrumb\",\"itemListElement\":[{\"@type\":\"ListItem\",\"position\":1,\"name\":\"Strona g\u0142\u00f3wna\",\"item\":\"https:\\\/\\\/worldofflowerpots.com\\\/home\\\/\"},{\"@type\":\"ListItem\",\"position\":2,\"name\":\"Shop\",\"item\":\"https:\\\/\\\/worldofflowerpots.com\\\/sortiment\\\/\"},{\"@type\":\"ListItem\",\"position\":3,\"name\":\"Pflanzk\u00fcbel 200 cm Massimo\"}]},{\"@type\":\"WebSite\",\"@id\":\"https:\\\/\\\/worldofflowerpots.com\\\/#website\",\"url\":\"https:\\\/\\\/worldofflowerpots.com\\\/\",\"name\":\"World of Flowerpots\",\"description\":\"producent donic ozdobnych\",\"potentialAction\":[{\"@type\":\"SearchAction\",\"target\":{\"@type\":\"EntryPoint\",\"urlTemplate\":\"https:\\\/\\\/worldofflowerpots.com\\\/?s={search_term_string}\"},\"query-input\":{\"@type\":\"PropertyValueSpecification\",\"valueRequired\":true,\"valueName\":\"search_term_string\"}}],\"inLanguage\":\"de-AUT\"}]}<\/script>\n<!-- \/ Yoast SEO plugin. -->","yoast_head_json":{"title":"Pflanzk\u00fcbel 200 cm\u00a0aus Beton f\u00fcr Balkon und Terrasse","description":"Pflanzk\u00fcbel 200 cm hat das Design eines klassischen Balkonkastens, nur ist er mit 200 cm L\u00e4nge und 50 cm Breite ger\u00e4umiger als ein gew\u00f6hnlicher Kasten.","robots":{"index":"index","follow":"follow","max-snippet":"max-snippet:-1","max-image-preview":"max-image-preview:large","max-video-preview":"max-video-preview:-1"},"canonical":"https:\/\/worldofflowerpots.com\/sklep\/pflanzkubel-200-cm-massimo\/","og_locale":"de_DE","og_type":"article","og_title":"Pflanzk\u00fcbel 200 cm\u00a0aus Beton f\u00fcr Balkon und Terrasse","og_description":"Pflanzk\u00fcbel 200 cm hat das Design eines klassischen Balkonkastens, nur ist er mit 200 cm L\u00e4nge und 50 cm Breite ger\u00e4umiger als ein gew\u00f6hnlicher Kasten.","og_url":"https:\/\/worldofflowerpots.com\/sklep\/pflanzkubel-200-cm-massimo\/","og_site_name":"World of Flowerpots","article_modified_time":"2019-04-15T09:40:22+00:00","og_image":[{"width":2280,"height":1612,"url":"https:\/\/worldofflowerpots.com\/wp-content\/uploads\/2019\/01\/pflanzk\u00fcbel-200-cm-Massimo.jpg","type":"image\/jpeg"}],"twitter_card":"summary_large_image","twitter_misc":{"Est. reading time":"1 minute"},"schema":{"@context":"https:\/\/schema.org","@graph":[{"@type":"WebPage","@id":"https:\/\/worldofflowerpots.com\/sklep\/pflanzkubel-200-cm-massimo\/","url":"https:\/\/worldofflowerpots.com\/sklep\/pflanzkubel-200-cm-massimo\/","name":"Pflanzk\u00fcbel 200 cm\u00a0aus Beton f\u00fcr Balkon und Terrasse","isPartOf":{"@id":"https:\/\/worldofflowerpots.com\/#website"},"primaryImageOfPage":{"@id":"https:\/\/worldofflowerpots.com\/sklep\/pflanzkubel-200-cm-massimo\/#primaryimage"},"image":{"@id":"https:\/\/worldofflowerpots.com\/sklep\/pflanzkubel-200-cm-massimo\/#primaryimage"},"thumbnailUrl":"https:\/\/worldofflowerpots.com\/wp-content\/uploads\/2019\/01\/pflanzk\u00fcbel-200-cm-Massimo.jpg","datePublished":"2019-01-18T14:06:24+00:00","dateModified":"2019-04-15T09:40:22+00:00","description":"Pflanzk\u00fcbel 200 cm hat das Design eines klassischen Balkonkastens, nur ist er mit 200 cm L\u00e4nge und 50 cm Breite ger\u00e4umiger als ein gew\u00f6hnlicher Kasten.","breadcrumb":{"@id":"https:\/\/worldofflowerpots.com\/sklep\/pflanzkubel-200-cm-massimo\/#breadcrumb"},"inLanguage":"de-AUT","potentialAction":[{"@type":"ReadAction","target":["https:\/\/worldofflowerpots.com\/sklep\/pflanzkubel-200-cm-massimo\/"]}]},{"@type":"ImageObject","inLanguage":"de-AUT","@id":"https:\/\/worldofflowerpots.com\/sklep\/pflanzkubel-200-cm-massimo\/#primaryimage","url":"https:\/\/worldofflowerpots.com\/wp-content\/uploads\/2019\/01\/pflanzk\u00fcbel-200-cm-Massimo.jpg","contentUrl":"https:\/\/worldofflowerpots.com\/wp-content\/uploads\/2019\/01\/pflanzk\u00fcbel-200-cm-Massimo.jpg","width":2280,"height":1612},{"@type":"BreadcrumbList","@id":"https:\/\/worldofflowerpots.com\/sklep\/pflanzkubel-200-cm-massimo\/#breadcrumb","itemListElement":[{"@type":"ListItem","position":1,"name":"Strona g\u0142\u00f3wna","item":"https:\/\/worldofflowerpots.com\/home\/"},{"@type":"ListItem","position":2,"name":"Shop","item":"https:\/\/worldofflowerpots.com\/sortiment\/"},{"@type":"ListItem","position":3,"name":"Pflanzk\u00fcbel 200 cm Massimo"}]},{"@type":"WebSite","@id":"https:\/\/worldofflowerpots.com\/#website","url":"https:\/\/worldofflowerpots.com\/","name":"World of Flowerpots","description":"producent donic ozdobnych","potentialAction":[{"@type":"SearchAction","target":{"@type":"EntryPoint","urlTemplate":"https:\/\/worldofflowerpots.com\/?s={search_term_string}"},"query-input":{"@type":"PropertyValueSpecification","valueRequired":true,"valueName":"search_term_string"}}],"inLanguage":"de-AUT"}]}},"_links":{"self":[{"href":"https:\/\/worldofflowerpots.com\/aut\/wp-json\/wp\/v2\/product\/54006","targetHints":{"allow":["GET"]}}],"collection":[{"href":"https:\/\/worldofflowerpots.com\/aut\/wp-json\/wp\/v2\/product"}],"about":[{"href":"https:\/\/worldofflowerpots.com\/aut\/wp-json\/wp\/v2\/types\/product"}],"wp:featuredmedia":[{"embeddable":true,"href":"https:\/\/worldofflowerpots.com\/aut\/wp-json\/wp\/v2\/media\/58439"}],"wp:attachment":[{"href":"https:\/\/worldofflowerpots.com\/aut\/wp-json\/wp\/v2\/media?parent=54006"}],"wp:term":[{"taxonomy":"product_brand","embeddable":true,"href":"https:\/\/worldofflowerpots.com\/aut\/wp-json\/wp\/v2\/product_brand?post=54006"},{"taxonomy":"product_cat","embeddable":true,"href":"https:\/\/worldofflowerpots.com\/aut\/wp-json\/wp\/v2\/product_cat?post=54006"},{"taxonomy":"product_tag","embeddable":true,"href":"https:\/\/worldofflowerpots.com\/aut\/wp-json\/wp\/v2\/product_tag?post=54006"}],"curies":[{"name":"wp","href":"https:\/\/api.w.org\/{rel}","templated":true}]}}