{"id":54008,"date":"2019-01-18T15:06:23","date_gmt":"2019-01-18T14:06:23","guid":{"rendered":"https:\/\/worldofflowerpots.com\/sklep\/pflanzkubel-100-cm-roberto\/"},"modified":"2019-04-15T15:12:14","modified_gmt":"2019-04-15T13:12:14","slug":"pflanzkubel-100-cm-roberto","status":"publish","type":"product","link":"https:\/\/worldofflowerpots.com\/aut\/sortiment\/pflanzkubel-100-cm-roberto\/","title":{"rendered":"Pflanzk\u00fcbel 100 cm Roberto"},"content":{"rendered":"<div id=\"attachment_58959\" style=\"width: 1034px\" class=\"wp-caption aligncenter\"><img loading=\"lazy\" decoding=\"async\" aria-describedby=\"caption-attachment-58959\" class=\"wp-image-58959 size-large\" src=\"https:\/\/worldofflowerpots.com\/wp-content\/uploads\/2017\/01\/Richtig-bepflanzen--1024x576.jpg\" alt=\"\" width=\"1024\" height=\"576\" srcset=\"https:\/\/worldofflowerpots.com\/wp-content\/uploads\/2017\/01\/Richtig-bepflanzen--1024x576.jpg 1024w, https:\/\/worldofflowerpots.com\/wp-content\/uploads\/2017\/01\/Richtig-bepflanzen--300x169.jpg 300w, https:\/\/worldofflowerpots.com\/wp-content\/uploads\/2017\/01\/Richtig-bepflanzen--768x432.jpg 768w, https:\/\/worldofflowerpots.com\/wp-content\/uploads\/2017\/01\/Richtig-bepflanzen--600x338.jpg 600w, https:\/\/worldofflowerpots.com\/wp-content\/uploads\/2017\/01\/Richtig-bepflanzen-.jpg 1920w\" sizes=\"auto, (max-width: 1024px) 100vw, 1024px\" \/><p id=\"caption-attachment-58959\" class=\"wp-caption-text\">Richtig bepflanzen<\/p><\/div>\n<h3>Mehr als ein Betonpflanzk\u00fcbel \u2013 Gartenelement Roberto<\/h3>\n<p>Der Pflanzk\u00fcbel 100 cm aus beton Roberto hat eine rechteckige Grundfl\u00e4che. Damit eignet er sich ideal f\u00fcr die Einfassung von G\u00e4rten oder die optische Trennung von einzelnen Gartenbereichen wie zum Beispiel Rasen und Terrasse. Bepflanzen Sie den Pflanzk\u00fcbel Roberto mit Kr\u00e4utern, Blumen oder kleinen Str\u00e4uchern \u2013 aufgrund des gro\u00dfen Fassungsverm\u00f6gens ist das problemlos m\u00f6glich. Setzen Sie Akzente in Ihrem Garten \u2013 entscheiden Sie sich f\u00fcr Roberto!<\/p>\n<h3>Roberto versch\u00f6nert den Garten<\/h3>\n<p>Blumen, Kr\u00e4uter und andere Pflanzen m\u00fcssen einen Beh\u00e4lter haben, in welchem sie aufbewahrt werden. Der rechteckige Pflanzk\u00fcbel 100 cm\u00a0 versch\u00f6nert dank seines tollen Designs den Garten. Roberto ist edel, modern und wandelbar. Jegliche Pflanzenart oder Blumenart kommt in ihm zur Geltung und wird in das passende Licht ger\u00fcckt. W\u00e4hlen Sie aus verschiedenen Farben, passend zu den Pflanzen, welche Sie in Roberto einsetzen wollen. Entscheiden Sie dar\u00fcber, ob Ihr Pflanzentrog F\u00fc\u00dfe haben soll, oder nicht und finden Sie dann einen passenden Ort f\u00fcr Roberto. Egal, wo Sie ihn aufstellen, der Ort wird sichtbar versch\u00f6nert werden. Da Roberto in seinem Design sehr wandelbar und anpassbar ist, k\u00f6nnen Sie ihn aufstellen, wo Sie wollen und, wo Roberto gebraucht wird. Verleihen Sie ihrem Garten mit dem tollen Design von Roberto das gewisse Etwas und schenken Sie Ihren Pflanzen einen, f\u00fcr sie perfekten, Ort zum Wachsen und Gedeihen.<\/p>\n<h3>Unsere Standards bei Pflanzk\u00fcbel 100 cm Roberto<\/h3>\n<p>Sie erhalten den Blumenk\u00fcbel Beton ganz nach Ihren W\u00fcnschen in den Betonfarben hell- oder dunkelgrau sowie schwarz. Au\u00dferdem ist eine Lieferung mit Au\u00dfenlackierung m\u00f6glich. Falls Ihr Pflanztrog Beton Roberto F\u00fc\u00dfe haben soll, geben Sie das einfach bei der Bestellung mit an.<\/p>\n","protected":false},"excerpt":{"rendered":"<p>Pflanzk\u00fcbel beton Roberto<br \/>\nMaterial Beton (UHPC)<br \/>\nGewicht :120g<br \/>\nAbmessungen: B500mm H500mm L1000mm<br \/>\nFarben: Grau, Schwarz, Weiss<br \/>\nUV-resistent<br \/>\nRobust und Stabil<br \/>\nWetterfest<br \/>\nFrostbest\u00e4ndig bei gew\u00e4hrleistetem Wasserablauf<\/p>\n","protected":false},"featured_media":58479,"template":"","meta":{"_acf_changed":false},"product_brand":[],"product_cat":[393],"product_tag":[482],"class_list":{"0":"post-54008","1":"product","2":"type-product","3":"status-publish","4":"has-post-thumbnail","6":"product_cat-pflanzkubel-beton","7":"product_tag-donice-ogrodowe-de-aut","8":"description-off","9":"tm-has-options","11":"first","12":"instock","13":"shipping-taxable","14":"purchasable","15":"product-type-simple"},"acf":[],"yoast_head":"<!-- This site is optimized with the Yoast SEO plugin v27.5 - https:\/\/yoast.com\/product\/yoast-seo-wordpress\/ -->\n<title>Pflanzk\u00fcbel 100 cm lang aus beton robust in drei farben<\/title>\n<meta name=\"description\" content=\"Der rechteckige Pflanzk\u00fcbel 100 cm land aus beton versch\u00f6nert dank seines Designs den Garten. Roberto ist edel, Zeitlos und modern.\" \/>\n<meta name=\"robots\" content=\"index, follow, max-snippet:-1, max-image-preview:large, max-video-preview:-1\" \/>\n<link rel=\"canonical\" href=\"https:\/\/worldofflowerpots.com\/sklep\/pflanzkubel-100-cm-roberto\/\" \/>\n<meta property=\"og:locale\" content=\"de_DE\" \/>\n<meta property=\"og:type\" content=\"article\" \/>\n<meta property=\"og:title\" content=\"Pflanzk\u00fcbel 100 cm lang aus beton robust in drei farben\" \/>\n<meta property=\"og:description\" content=\"Der rechteckige Pflanzk\u00fcbel 100 cm land aus beton versch\u00f6nert dank seines Designs den Garten. Roberto ist edel, Zeitlos und modern.\" \/>\n<meta property=\"og:url\" content=\"https:\/\/worldofflowerpots.com\/sklep\/pflanzkubel-100-cm-roberto\/\" \/>\n<meta property=\"og:site_name\" content=\"World of Flowerpots\" \/>\n<meta property=\"article:modified_time\" content=\"2019-04-15T13:12:14+00:00\" \/>\n<meta property=\"og:image\" content=\"https:\/\/worldofflowerpots.com\/wp-content\/uploads\/2019\/01\/pflanzk\u00fcbel-100-cm-Roberto.jpg\" \/>\n\t<meta property=\"og:image:width\" content=\"2280\" \/>\n\t<meta property=\"og:image:height\" content=\"1612\" \/>\n\t<meta property=\"og:image:type\" content=\"image\/jpeg\" \/>\n<meta name=\"twitter:card\" content=\"summary_large_image\" \/>\n<meta name=\"twitter:label1\" content=\"Est. reading time\" \/>\n\t<meta name=\"twitter:data1\" content=\"2 minutes\" \/>\n<script type=\"application\/ld+json\" class=\"yoast-schema-graph\">{\"@context\":\"https:\\\/\\\/schema.org\",\"@graph\":[{\"@type\":\"WebPage\",\"@id\":\"https:\\\/\\\/worldofflowerpots.com\\\/sklep\\\/pflanzkubel-100-cm-roberto\\\/\",\"url\":\"https:\\\/\\\/worldofflowerpots.com\\\/sklep\\\/pflanzkubel-100-cm-roberto\\\/\",\"name\":\"Pflanzk\u00fcbel 100 cm lang aus beton robust in drei farben\",\"isPartOf\":{\"@id\":\"https:\\\/\\\/worldofflowerpots.com\\\/#website\"},\"primaryImageOfPage\":{\"@id\":\"https:\\\/\\\/worldofflowerpots.com\\\/sklep\\\/pflanzkubel-100-cm-roberto\\\/#primaryimage\"},\"image\":{\"@id\":\"https:\\\/\\\/worldofflowerpots.com\\\/sklep\\\/pflanzkubel-100-cm-roberto\\\/#primaryimage\"},\"thumbnailUrl\":\"https:\\\/\\\/worldofflowerpots.com\\\/wp-content\\\/uploads\\\/2019\\\/01\\\/pflanzk\u00fcbel-100-cm-Roberto.jpg\",\"datePublished\":\"2019-01-18T14:06:23+00:00\",\"dateModified\":\"2019-04-15T13:12:14+00:00\",\"description\":\"Der rechteckige Pflanzk\u00fcbel 100 cm land aus beton versch\u00f6nert dank seines Designs den Garten. Roberto ist edel, Zeitlos und modern.\",\"breadcrumb\":{\"@id\":\"https:\\\/\\\/worldofflowerpots.com\\\/sklep\\\/pflanzkubel-100-cm-roberto\\\/#breadcrumb\"},\"inLanguage\":\"de-AUT\",\"potentialAction\":[{\"@type\":\"ReadAction\",\"target\":[\"https:\\\/\\\/worldofflowerpots.com\\\/sklep\\\/pflanzkubel-100-cm-roberto\\\/\"]}]},{\"@type\":\"ImageObject\",\"inLanguage\":\"de-AUT\",\"@id\":\"https:\\\/\\\/worldofflowerpots.com\\\/sklep\\\/pflanzkubel-100-cm-roberto\\\/#primaryimage\",\"url\":\"https:\\\/\\\/worldofflowerpots.com\\\/wp-content\\\/uploads\\\/2019\\\/01\\\/pflanzk\u00fcbel-100-cm-Roberto.jpg\",\"contentUrl\":\"https:\\\/\\\/worldofflowerpots.com\\\/wp-content\\\/uploads\\\/2019\\\/01\\\/pflanzk\u00fcbel-100-cm-Roberto.jpg\",\"width\":2280,\"height\":1612},{\"@type\":\"BreadcrumbList\",\"@id\":\"https:\\\/\\\/worldofflowerpots.com\\\/sklep\\\/pflanzkubel-100-cm-roberto\\\/#breadcrumb\",\"itemListElement\":[{\"@type\":\"ListItem\",\"position\":1,\"name\":\"Strona g\u0142\u00f3wna\",\"item\":\"https:\\\/\\\/worldofflowerpots.com\\\/home\\\/\"},{\"@type\":\"ListItem\",\"position\":2,\"name\":\"Shop\",\"item\":\"https:\\\/\\\/worldofflowerpots.com\\\/sortiment\\\/\"},{\"@type\":\"ListItem\",\"position\":3,\"name\":\"Pflanzk\u00fcbel 100 cm Roberto\"}]},{\"@type\":\"WebSite\",\"@id\":\"https:\\\/\\\/worldofflowerpots.com\\\/#website\",\"url\":\"https:\\\/\\\/worldofflowerpots.com\\\/\",\"name\":\"World of Flowerpots\",\"description\":\"producent donic ozdobnych\",\"potentialAction\":[{\"@type\":\"SearchAction\",\"target\":{\"@type\":\"EntryPoint\",\"urlTemplate\":\"https:\\\/\\\/worldofflowerpots.com\\\/?s={search_term_string}\"},\"query-input\":{\"@type\":\"PropertyValueSpecification\",\"valueRequired\":true,\"valueName\":\"search_term_string\"}}],\"inLanguage\":\"de-AUT\"}]}<\/script>\n<!-- \/ Yoast SEO plugin. -->","yoast_head_json":{"title":"Pflanzk\u00fcbel 100 cm lang aus beton robust in drei farben","description":"Der rechteckige Pflanzk\u00fcbel 100 cm land aus beton versch\u00f6nert dank seines Designs den Garten. Roberto ist edel, Zeitlos und modern.","robots":{"index":"index","follow":"follow","max-snippet":"max-snippet:-1","max-image-preview":"max-image-preview:large","max-video-preview":"max-video-preview:-1"},"canonical":"https:\/\/worldofflowerpots.com\/sklep\/pflanzkubel-100-cm-roberto\/","og_locale":"de_DE","og_type":"article","og_title":"Pflanzk\u00fcbel 100 cm lang aus beton robust in drei farben","og_description":"Der rechteckige Pflanzk\u00fcbel 100 cm land aus beton versch\u00f6nert dank seines Designs den Garten. Roberto ist edel, Zeitlos und modern.","og_url":"https:\/\/worldofflowerpots.com\/sklep\/pflanzkubel-100-cm-roberto\/","og_site_name":"World of Flowerpots","article_modified_time":"2019-04-15T13:12:14+00:00","og_image":[{"width":2280,"height":1612,"url":"https:\/\/worldofflowerpots.com\/wp-content\/uploads\/2019\/01\/pflanzk\u00fcbel-100-cm-Roberto.jpg","type":"image\/jpeg"}],"twitter_card":"summary_large_image","twitter_misc":{"Est. reading time":"2 minutes"},"schema":{"@context":"https:\/\/schema.org","@graph":[{"@type":"WebPage","@id":"https:\/\/worldofflowerpots.com\/sklep\/pflanzkubel-100-cm-roberto\/","url":"https:\/\/worldofflowerpots.com\/sklep\/pflanzkubel-100-cm-roberto\/","name":"Pflanzk\u00fcbel 100 cm lang aus beton robust in drei farben","isPartOf":{"@id":"https:\/\/worldofflowerpots.com\/#website"},"primaryImageOfPage":{"@id":"https:\/\/worldofflowerpots.com\/sklep\/pflanzkubel-100-cm-roberto\/#primaryimage"},"image":{"@id":"https:\/\/worldofflowerpots.com\/sklep\/pflanzkubel-100-cm-roberto\/#primaryimage"},"thumbnailUrl":"https:\/\/worldofflowerpots.com\/wp-content\/uploads\/2019\/01\/pflanzk\u00fcbel-100-cm-Roberto.jpg","datePublished":"2019-01-18T14:06:23+00:00","dateModified":"2019-04-15T13:12:14+00:00","description":"Der rechteckige Pflanzk\u00fcbel 100 cm land aus beton versch\u00f6nert dank seines Designs den Garten. Roberto ist edel, Zeitlos und modern.","breadcrumb":{"@id":"https:\/\/worldofflowerpots.com\/sklep\/pflanzkubel-100-cm-roberto\/#breadcrumb"},"inLanguage":"de-AUT","potentialAction":[{"@type":"ReadAction","target":["https:\/\/worldofflowerpots.com\/sklep\/pflanzkubel-100-cm-roberto\/"]}]},{"@type":"ImageObject","inLanguage":"de-AUT","@id":"https:\/\/worldofflowerpots.com\/sklep\/pflanzkubel-100-cm-roberto\/#primaryimage","url":"https:\/\/worldofflowerpots.com\/wp-content\/uploads\/2019\/01\/pflanzk\u00fcbel-100-cm-Roberto.jpg","contentUrl":"https:\/\/worldofflowerpots.com\/wp-content\/uploads\/2019\/01\/pflanzk\u00fcbel-100-cm-Roberto.jpg","width":2280,"height":1612},{"@type":"BreadcrumbList","@id":"https:\/\/worldofflowerpots.com\/sklep\/pflanzkubel-100-cm-roberto\/#breadcrumb","itemListElement":[{"@type":"ListItem","position":1,"name":"Strona g\u0142\u00f3wna","item":"https:\/\/worldofflowerpots.com\/home\/"},{"@type":"ListItem","position":2,"name":"Shop","item":"https:\/\/worldofflowerpots.com\/sortiment\/"},{"@type":"ListItem","position":3,"name":"Pflanzk\u00fcbel 100 cm Roberto"}]},{"@type":"WebSite","@id":"https:\/\/worldofflowerpots.com\/#website","url":"https:\/\/worldofflowerpots.com\/","name":"World of Flowerpots","description":"producent donic ozdobnych","potentialAction":[{"@type":"SearchAction","target":{"@type":"EntryPoint","urlTemplate":"https:\/\/worldofflowerpots.com\/?s={search_term_string}"},"query-input":{"@type":"PropertyValueSpecification","valueRequired":true,"valueName":"search_term_string"}}],"inLanguage":"de-AUT"}]}},"_links":{"self":[{"href":"https:\/\/worldofflowerpots.com\/aut\/wp-json\/wp\/v2\/product\/54008","targetHints":{"allow":["GET"]}}],"collection":[{"href":"https:\/\/worldofflowerpots.com\/aut\/wp-json\/wp\/v2\/product"}],"about":[{"href":"https:\/\/worldofflowerpots.com\/aut\/wp-json\/wp\/v2\/types\/product"}],"wp:featuredmedia":[{"embeddable":true,"href":"https:\/\/worldofflowerpots.com\/aut\/wp-json\/wp\/v2\/media\/58479"}],"wp:attachment":[{"href":"https:\/\/worldofflowerpots.com\/aut\/wp-json\/wp\/v2\/media?parent=54008"}],"wp:term":[{"taxonomy":"product_brand","embeddable":true,"href":"https:\/\/worldofflowerpots.com\/aut\/wp-json\/wp\/v2\/product_brand?post=54008"},{"taxonomy":"product_cat","embeddable":true,"href":"https:\/\/worldofflowerpots.com\/aut\/wp-json\/wp\/v2\/product_cat?post=54008"},{"taxonomy":"product_tag","embeddable":true,"href":"https:\/\/worldofflowerpots.com\/aut\/wp-json\/wp\/v2\/product_tag?post=54008"}],"curies":[{"name":"wp","href":"https:\/\/api.w.org\/{rel}","templated":true}]}}