{"id":54009,"date":"2019-01-18T15:06:23","date_gmt":"2019-01-18T14:06:23","guid":{"rendered":"https:\/\/worldofflowerpots.com\/sklep\/pflanzkubel-draussen-angelo\/"},"modified":"2019-04-15T11:50:38","modified_gmt":"2019-04-15T09:50:38","slug":"pflanzkubel-draussen-angelo","status":"publish","type":"product","link":"https:\/\/worldofflowerpots.com\/aut\/sortiment\/pflanzkubel-draussen-angelo\/","title":{"rendered":"Pflanzk\u00fcbel draussen Angelo"},"content":{"rendered":"<div id=\"attachment_58959\" style=\"width: 1034px\" class=\"wp-caption aligncenter\"><img loading=\"lazy\" decoding=\"async\" aria-describedby=\"caption-attachment-58959\" class=\"wp-image-58959 size-large\" src=\"https:\/\/worldofflowerpots.com\/wp-content\/uploads\/2017\/01\/Richtig-bepflanzen--1024x576.jpg\" alt=\"\" width=\"1024\" height=\"576\" srcset=\"https:\/\/worldofflowerpots.com\/wp-content\/uploads\/2017\/01\/Richtig-bepflanzen--1024x576.jpg 1024w, https:\/\/worldofflowerpots.com\/wp-content\/uploads\/2017\/01\/Richtig-bepflanzen--300x169.jpg 300w, https:\/\/worldofflowerpots.com\/wp-content\/uploads\/2017\/01\/Richtig-bepflanzen--768x432.jpg 768w, https:\/\/worldofflowerpots.com\/wp-content\/uploads\/2017\/01\/Richtig-bepflanzen--600x338.jpg 600w, https:\/\/worldofflowerpots.com\/wp-content\/uploads\/2017\/01\/Richtig-bepflanzen-.jpg 1920w\" sizes=\"auto, (max-width: 1024px) 100vw, 1024px\" \/><p id=\"caption-attachment-58959\" class=\"wp-caption-text\">Richtig bepflanzen<\/p><\/div>\n<h3>Pflanzk\u00fcbel draussen<\/h3>\n<p>Mit unserem aus hochwertigem Beton hergestellten Blumenk\u00fcbel \u201eAngelo\u201d bieten Sie Ihren Pflanzen eine ideale Grundlage zum Wachsen und lassen sie gleichzeitig sch\u00f6n aussehen. Das Produkt bietet mit seinen Fassungsverm\u00f6gen von 240 Litern Platz f\u00fcr die verschiedensten Pflanzen. Mit seinen Abmessungen von 1200\u00d7500 mm hat es au\u00dferdem die optimale Gr\u00f6\u00dfe f\u00fcr die meisten G\u00e4rten und Terrassen. Das moderne und zugleich zeitlose Design sorgt daf\u00fcr, dass Sie \u201eAngelo\u201d in jedem Bereich Ihres Grundst\u00fccks passend platzieren k\u00f6nnen.<\/p>\n<h3>Pflanzk\u00fcbel Beton rechteckig Angelo<\/h3>\n<p>Der Pflanzk\u00fcbel draussen aus Beton Angelo besitzt eine rechteckige Grundform und ist damit ideal f\u00fcr Balkon und Terrasse. Durch sein gro\u00dfes Fassungsverm\u00f6gen und seine hohe Standfestigkeit bietet der Pflanzk\u00fcbel aus beton Angelo Ihnen f\u00fcr Ihre Pflanzen einen optimalen Standort. Im Gegensatz zu oft monoton aussehenden Mauern oder Z\u00e4unen k\u00f6nnen Sie \u201eAngelo\u201d als begr\u00fcnte Abgrenzung verschiedener Teile Ihres Grundst\u00fcckes benutzen, beispielsweise k\u00f6nnen Sie ihn im Garten platzieren und damit Ihr Grundst\u00fcck von dem des Nachbarn abgrenzen. Alternativ k\u00f6nnen Sie den K\u00fcbel nat\u00fcrlich auch in Kombination mit unseren anderen Blument\u00f6pfen einsetzen.<\/p>\n<h3>Angelo kann \u00fcberall eingesetzt werden, ob Begrenzung oder Sperre<\/h3>\n<p>Nutzen Sie den rechteckigen Pflanzk\u00fcbel Angelo auch, um zum Beispiel einen farbigen Abschluss an Hecken oder Gartenz\u00e4unen zu setzen. Auch an Treppen zum Haus hin oder als gr\u00fcne Begrenzung f\u00fcr einen PKW Stellplatz ist Angelo ideal geeignet. Abgesehen von der Kombination mit unseren anderen Angeboten haben Sie zus\u00e4tzlich die M\u00f6glichkeit, \u201eAngelo\u201d in verschiedenen Farben zu bestellen. So k\u00f6nnen Sie beispielsweise eine neue Au\u00dfenlackierung w\u00e4hlen oder den Pflanzk\u00fcbel in Betonfarben bestellen. Hier stehen f\u00fcr Sie die Farben hellgrau, dunkelgrau, aber auch schwarz zur Auswahl.<\/p>\n","protected":false},"excerpt":{"rendered":"<p>Pflanzk\u00fcbel beton Angelo<br \/>\nMaterial Beton (UHPC)<br \/>\nGewicht : 150kg<br \/>\nAbmessungen: B500mm H500mm L1200mm<br \/>\nFarben: Grau, Schwarz, Weiss<br \/>\nUV-resistent<br \/>\nRobust und Stabil<br \/>\nWetterfest<br \/>\nFrostbest\u00e4ndig bei gew\u00e4hrleistetem Wasserablauf<\/p>\n","protected":false},"featured_media":58469,"template":"","meta":{"_acf_changed":false},"product_brand":[],"product_cat":[393],"product_tag":[482],"class_list":{"0":"post-54009","1":"product","2":"type-product","3":"status-publish","4":"has-post-thumbnail","6":"product_cat-pflanzkubel-beton","7":"product_tag-donice-ogrodowe-de-aut","8":"description-off","9":"tm-has-options","11":"first","12":"instock","13":"shipping-taxable","14":"purchasable","15":"product-type-simple"},"acf":[],"yoast_head":"<!-- This site is optimized with the Yoast SEO plugin v27.5 - https:\/\/yoast.com\/product\/yoast-seo-wordpress\/ -->\n<title>Pflanzk\u00fcbel draussen aus Beton kann \u00fcberall eingesetzt werden<\/title>\n<meta name=\"description\" content=\"Pflanzk\u00fcbel f\u00fcr draussen besitzt eine rechteckige Grundform und ist damit ideal f\u00fcr grosse Balkon und Terrasse kann auch als Begrenzung platziert.\" \/>\n<meta name=\"robots\" content=\"index, follow, max-snippet:-1, max-image-preview:large, max-video-preview:-1\" \/>\n<link rel=\"canonical\" href=\"https:\/\/worldofflowerpots.com\/sklep\/pflanzkubel-draussen-angelo\/\" \/>\n<meta property=\"og:locale\" content=\"de_DE\" \/>\n<meta property=\"og:type\" content=\"article\" \/>\n<meta property=\"og:title\" content=\"Pflanzk\u00fcbel draussen aus Beton kann \u00fcberall eingesetzt werden\" \/>\n<meta property=\"og:description\" content=\"Pflanzk\u00fcbel f\u00fcr draussen besitzt eine rechteckige Grundform und ist damit ideal f\u00fcr grosse Balkon und Terrasse kann auch als Begrenzung platziert.\" \/>\n<meta property=\"og:url\" content=\"https:\/\/worldofflowerpots.com\/sklep\/pflanzkubel-draussen-angelo\/\" \/>\n<meta property=\"og:site_name\" content=\"World of Flowerpots\" \/>\n<meta property=\"article:modified_time\" content=\"2019-04-15T09:50:38+00:00\" \/>\n<meta property=\"og:image\" content=\"https:\/\/worldofflowerpots.com\/wp-content\/uploads\/2019\/01\/pflanzk\u00fcbel-draussen-Angelo.jpg\" \/>\n\t<meta property=\"og:image:width\" content=\"2280\" \/>\n\t<meta property=\"og:image:height\" content=\"1612\" \/>\n\t<meta property=\"og:image:type\" content=\"image\/jpeg\" \/>\n<meta name=\"twitter:card\" content=\"summary_large_image\" \/>\n<meta name=\"twitter:label1\" content=\"Est. reading time\" \/>\n\t<meta name=\"twitter:data1\" content=\"2 minutes\" \/>\n<script type=\"application\/ld+json\" class=\"yoast-schema-graph\">{\"@context\":\"https:\\\/\\\/schema.org\",\"@graph\":[{\"@type\":\"WebPage\",\"@id\":\"https:\\\/\\\/worldofflowerpots.com\\\/sklep\\\/pflanzkubel-draussen-angelo\\\/\",\"url\":\"https:\\\/\\\/worldofflowerpots.com\\\/sklep\\\/pflanzkubel-draussen-angelo\\\/\",\"name\":\"Pflanzk\u00fcbel draussen aus Beton kann \u00fcberall eingesetzt werden\",\"isPartOf\":{\"@id\":\"https:\\\/\\\/worldofflowerpots.com\\\/#website\"},\"primaryImageOfPage\":{\"@id\":\"https:\\\/\\\/worldofflowerpots.com\\\/sklep\\\/pflanzkubel-draussen-angelo\\\/#primaryimage\"},\"image\":{\"@id\":\"https:\\\/\\\/worldofflowerpots.com\\\/sklep\\\/pflanzkubel-draussen-angelo\\\/#primaryimage\"},\"thumbnailUrl\":\"https:\\\/\\\/worldofflowerpots.com\\\/wp-content\\\/uploads\\\/2019\\\/01\\\/pflanzk\u00fcbel-draussen-Angelo.jpg\",\"datePublished\":\"2019-01-18T14:06:23+00:00\",\"dateModified\":\"2019-04-15T09:50:38+00:00\",\"description\":\"Pflanzk\u00fcbel f\u00fcr draussen besitzt eine rechteckige Grundform und ist damit ideal f\u00fcr grosse Balkon und Terrasse kann auch als Begrenzung platziert.\",\"breadcrumb\":{\"@id\":\"https:\\\/\\\/worldofflowerpots.com\\\/sklep\\\/pflanzkubel-draussen-angelo\\\/#breadcrumb\"},\"inLanguage\":\"de-AUT\",\"potentialAction\":[{\"@type\":\"ReadAction\",\"target\":[\"https:\\\/\\\/worldofflowerpots.com\\\/sklep\\\/pflanzkubel-draussen-angelo\\\/\"]}]},{\"@type\":\"ImageObject\",\"inLanguage\":\"de-AUT\",\"@id\":\"https:\\\/\\\/worldofflowerpots.com\\\/sklep\\\/pflanzkubel-draussen-angelo\\\/#primaryimage\",\"url\":\"https:\\\/\\\/worldofflowerpots.com\\\/wp-content\\\/uploads\\\/2019\\\/01\\\/pflanzk\u00fcbel-draussen-Angelo.jpg\",\"contentUrl\":\"https:\\\/\\\/worldofflowerpots.com\\\/wp-content\\\/uploads\\\/2019\\\/01\\\/pflanzk\u00fcbel-draussen-Angelo.jpg\",\"width\":2280,\"height\":1612},{\"@type\":\"BreadcrumbList\",\"@id\":\"https:\\\/\\\/worldofflowerpots.com\\\/sklep\\\/pflanzkubel-draussen-angelo\\\/#breadcrumb\",\"itemListElement\":[{\"@type\":\"ListItem\",\"position\":1,\"name\":\"Strona g\u0142\u00f3wna\",\"item\":\"https:\\\/\\\/worldofflowerpots.com\\\/home\\\/\"},{\"@type\":\"ListItem\",\"position\":2,\"name\":\"Shop\",\"item\":\"https:\\\/\\\/worldofflowerpots.com\\\/sortiment\\\/\"},{\"@type\":\"ListItem\",\"position\":3,\"name\":\"Pflanzk\u00fcbel draussen Angelo\"}]},{\"@type\":\"WebSite\",\"@id\":\"https:\\\/\\\/worldofflowerpots.com\\\/#website\",\"url\":\"https:\\\/\\\/worldofflowerpots.com\\\/\",\"name\":\"World of Flowerpots\",\"description\":\"producent donic ozdobnych\",\"potentialAction\":[{\"@type\":\"SearchAction\",\"target\":{\"@type\":\"EntryPoint\",\"urlTemplate\":\"https:\\\/\\\/worldofflowerpots.com\\\/?s={search_term_string}\"},\"query-input\":{\"@type\":\"PropertyValueSpecification\",\"valueRequired\":true,\"valueName\":\"search_term_string\"}}],\"inLanguage\":\"de-AUT\"}]}<\/script>\n<!-- \/ Yoast SEO plugin. -->","yoast_head_json":{"title":"Pflanzk\u00fcbel draussen aus Beton kann \u00fcberall eingesetzt werden","description":"Pflanzk\u00fcbel f\u00fcr draussen besitzt eine rechteckige Grundform und ist damit ideal f\u00fcr grosse Balkon und Terrasse kann auch als Begrenzung platziert.","robots":{"index":"index","follow":"follow","max-snippet":"max-snippet:-1","max-image-preview":"max-image-preview:large","max-video-preview":"max-video-preview:-1"},"canonical":"https:\/\/worldofflowerpots.com\/sklep\/pflanzkubel-draussen-angelo\/","og_locale":"de_DE","og_type":"article","og_title":"Pflanzk\u00fcbel draussen aus Beton kann \u00fcberall eingesetzt werden","og_description":"Pflanzk\u00fcbel f\u00fcr draussen besitzt eine rechteckige Grundform und ist damit ideal f\u00fcr grosse Balkon und Terrasse kann auch als Begrenzung platziert.","og_url":"https:\/\/worldofflowerpots.com\/sklep\/pflanzkubel-draussen-angelo\/","og_site_name":"World of Flowerpots","article_modified_time":"2019-04-15T09:50:38+00:00","og_image":[{"width":2280,"height":1612,"url":"https:\/\/worldofflowerpots.com\/wp-content\/uploads\/2019\/01\/pflanzk\u00fcbel-draussen-Angelo.jpg","type":"image\/jpeg"}],"twitter_card":"summary_large_image","twitter_misc":{"Est. reading time":"2 minutes"},"schema":{"@context":"https:\/\/schema.org","@graph":[{"@type":"WebPage","@id":"https:\/\/worldofflowerpots.com\/sklep\/pflanzkubel-draussen-angelo\/","url":"https:\/\/worldofflowerpots.com\/sklep\/pflanzkubel-draussen-angelo\/","name":"Pflanzk\u00fcbel draussen aus Beton kann \u00fcberall eingesetzt werden","isPartOf":{"@id":"https:\/\/worldofflowerpots.com\/#website"},"primaryImageOfPage":{"@id":"https:\/\/worldofflowerpots.com\/sklep\/pflanzkubel-draussen-angelo\/#primaryimage"},"image":{"@id":"https:\/\/worldofflowerpots.com\/sklep\/pflanzkubel-draussen-angelo\/#primaryimage"},"thumbnailUrl":"https:\/\/worldofflowerpots.com\/wp-content\/uploads\/2019\/01\/pflanzk\u00fcbel-draussen-Angelo.jpg","datePublished":"2019-01-18T14:06:23+00:00","dateModified":"2019-04-15T09:50:38+00:00","description":"Pflanzk\u00fcbel f\u00fcr draussen besitzt eine rechteckige Grundform und ist damit ideal f\u00fcr grosse Balkon und Terrasse kann auch als Begrenzung platziert.","breadcrumb":{"@id":"https:\/\/worldofflowerpots.com\/sklep\/pflanzkubel-draussen-angelo\/#breadcrumb"},"inLanguage":"de-AUT","potentialAction":[{"@type":"ReadAction","target":["https:\/\/worldofflowerpots.com\/sklep\/pflanzkubel-draussen-angelo\/"]}]},{"@type":"ImageObject","inLanguage":"de-AUT","@id":"https:\/\/worldofflowerpots.com\/sklep\/pflanzkubel-draussen-angelo\/#primaryimage","url":"https:\/\/worldofflowerpots.com\/wp-content\/uploads\/2019\/01\/pflanzk\u00fcbel-draussen-Angelo.jpg","contentUrl":"https:\/\/worldofflowerpots.com\/wp-content\/uploads\/2019\/01\/pflanzk\u00fcbel-draussen-Angelo.jpg","width":2280,"height":1612},{"@type":"BreadcrumbList","@id":"https:\/\/worldofflowerpots.com\/sklep\/pflanzkubel-draussen-angelo\/#breadcrumb","itemListElement":[{"@type":"ListItem","position":1,"name":"Strona g\u0142\u00f3wna","item":"https:\/\/worldofflowerpots.com\/home\/"},{"@type":"ListItem","position":2,"name":"Shop","item":"https:\/\/worldofflowerpots.com\/sortiment\/"},{"@type":"ListItem","position":3,"name":"Pflanzk\u00fcbel draussen Angelo"}]},{"@type":"WebSite","@id":"https:\/\/worldofflowerpots.com\/#website","url":"https:\/\/worldofflowerpots.com\/","name":"World of Flowerpots","description":"producent donic ozdobnych","potentialAction":[{"@type":"SearchAction","target":{"@type":"EntryPoint","urlTemplate":"https:\/\/worldofflowerpots.com\/?s={search_term_string}"},"query-input":{"@type":"PropertyValueSpecification","valueRequired":true,"valueName":"search_term_string"}}],"inLanguage":"de-AUT"}]}},"_links":{"self":[{"href":"https:\/\/worldofflowerpots.com\/aut\/wp-json\/wp\/v2\/product\/54009","targetHints":{"allow":["GET"]}}],"collection":[{"href":"https:\/\/worldofflowerpots.com\/aut\/wp-json\/wp\/v2\/product"}],"about":[{"href":"https:\/\/worldofflowerpots.com\/aut\/wp-json\/wp\/v2\/types\/product"}],"wp:featuredmedia":[{"embeddable":true,"href":"https:\/\/worldofflowerpots.com\/aut\/wp-json\/wp\/v2\/media\/58469"}],"wp:attachment":[{"href":"https:\/\/worldofflowerpots.com\/aut\/wp-json\/wp\/v2\/media?parent=54009"}],"wp:term":[{"taxonomy":"product_brand","embeddable":true,"href":"https:\/\/worldofflowerpots.com\/aut\/wp-json\/wp\/v2\/product_brand?post=54009"},{"taxonomy":"product_cat","embeddable":true,"href":"https:\/\/worldofflowerpots.com\/aut\/wp-json\/wp\/v2\/product_cat?post=54009"},{"taxonomy":"product_tag","embeddable":true,"href":"https:\/\/worldofflowerpots.com\/aut\/wp-json\/wp\/v2\/product_tag?post=54009"}],"curies":[{"name":"wp","href":"https:\/\/api.w.org\/{rel}","templated":true}]}}