{"id":54010,"date":"2019-01-18T15:06:23","date_gmt":"2019-01-18T14:06:23","guid":{"rendered":"https:\/\/worldofflowerpots.com\/sklep\/cortenstahl-pflanzkubel-cubi-7\/"},"modified":"2019-04-11T14:11:49","modified_gmt":"2019-04-11T12:11:49","slug":"cortenstahl-pflanzkubel-cubi-7","status":"publish","type":"product","link":"https:\/\/worldofflowerpots.com\/aut\/sortiment\/cortenstahl-pflanzkubel-cubi-7\/","title":{"rendered":"Cortenstahl Pflanzk\u00fcbel Cubi 7"},"content":{"rendered":"<h2>Cubi 7 \u2013 Ihr Cortenstahl Pflanzk\u00fcbel XXL f\u00fcr den Au\u00dfenbereich<\/h2>\n<p>Quadratisch , schwer und mit einem gro\u00dfen Fassungsverm\u00f6gen f\u00fcr eine tolle Bepflanzung pr\u00e4sentiert sich Cubi 7, ein\u00a0Cortenstahl Pflanzk\u00fcbel XXL der Extraklasse. Wenn Sie ein wundersch\u00f6nes stilvolles Pflanztrog f\u00fcr den Au\u00dfenbereich suchen, haben Sie es mit unserem Pflanzk\u00fcbel Cubi 7 gefunden. Wenn der Untergrund tragf\u00e4hig und stabil ist, eignet sich dieser Pflanztrog aber auch f\u00fcr ein attraktives Ambiente in gro\u00dfen Innenr\u00e4umen.<\/p>\n<h2>Pflanzgef\u00e4\u00dfe au\u00dfen aus Cortenstahl<\/h2>\n<p>Cubi 7 besteht aus Cortenstahl. Diese Form von Stahl mit einer wundersch\u00f6nen Patina ist f\u00fcr sch\u00f6ne Pflanzgef\u00e4\u00dfe au\u00dfen wie gemacht. Das lebendige Material bildet im Laufe der Jahre diese witterungsbest\u00e4ndige Patina aus, die zun\u00e4chst einmal diese Pflanzgef\u00e4\u00dfe au\u00dfen so haltbar macht. Unser Pflanzk\u00fcbel XXL Cubi 7 und alle anderen dazu passenden Cortenstahl Pflanzk\u00fcbel wirken aber durch diese Rost Optik sehr klassisch. Diese warme Optik sieht sehr ansprechend aus und passt zu jeden Form von Bepflanzung.<\/p>\n<h2>Lassen Sie sich beraten<\/h2>\n<p>Wenn Sie noch Fragen zu unseren Pflanzk\u00fcbeln aus Cortenstahl oder speziell zum Pflanzk\u00fcbel Cubi 7 haben, z\u00f6gern Sie nicht, uns anzusprechen. Wir helfen Ihnen gern durch eine pers\u00f6nliche und gr\u00fcndliche Beratung vor Ihrer endg\u00fcltigen Kaufentscheidung. Schlie\u00dflich sind diese Produkte\u00a0 eine Anschaffung f\u00fcrs Leben, die gut \u00fcberlegt sein will.<\/p>\n","protected":false},"excerpt":{"rendered":"<p>Material : 2 mm Cortenstahl<br \/>\nIsoliert mit Styropor<br \/>\nGewicht :92kg<br \/>\nAbmessungen B1200mm H800mm L1200mm<br \/>\nRobust und Stabil<br \/>\nWetterfest<br \/>\nFrostbest\u00e4ndig bei gew\u00e4hrleistetem Wasserablauf<\/p>\n","protected":false},"featured_media":58559,"template":"","meta":{"_acf_changed":false},"product_brand":[],"product_cat":[395],"product_tag":[],"class_list":{"0":"post-54010","1":"product","2":"type-product","3":"status-publish","4":"has-post-thumbnail","6":"product_cat-pflanzkubel-cortenstahl","7":"description-off","8":"tm-has-options","10":"first","11":"instock","12":"shipping-taxable","13":"purchasable","14":"product-type-simple"},"acf":[],"yoast_head":"<!-- This site is optimized with the Yoast SEO plugin v27.5 - https:\/\/yoast.com\/product\/yoast-seo-wordpress\/ -->\n<title>Cortenstahl Pflanzk\u00fcbel f\u00fcr den Au\u00dfenbereich Gross<\/title>\n<meta name=\"description\" content=\"Ihr Cortenstahl Pflanzk\u00fcbel XXL mit einem gro\u00dfen Fassungsverm\u00f6gen f\u00fcr eine tolle Bepflanzung.Schlie\u00dflich sind diese Produkte\u00a0 eine Anschaffung f\u00fcrs Leben.\" \/>\n<meta name=\"robots\" content=\"index, follow, max-snippet:-1, max-image-preview:large, max-video-preview:-1\" \/>\n<link rel=\"canonical\" href=\"https:\/\/worldofflowerpots.com\/sklep\/cortenstahl-pflanzkubel-cubi-7\/\" \/>\n<meta property=\"og:locale\" content=\"de_DE\" \/>\n<meta property=\"og:type\" content=\"article\" \/>\n<meta property=\"og:title\" content=\"Cortenstahl Pflanzk\u00fcbel f\u00fcr den Au\u00dfenbereich Gross\" \/>\n<meta property=\"og:description\" content=\"Ihr Cortenstahl Pflanzk\u00fcbel XXL mit einem gro\u00dfen Fassungsverm\u00f6gen f\u00fcr eine tolle Bepflanzung.Schlie\u00dflich sind diese Produkte\u00a0 eine Anschaffung f\u00fcrs Leben.\" \/>\n<meta property=\"og:url\" content=\"https:\/\/worldofflowerpots.com\/sklep\/cortenstahl-pflanzkubel-cubi-7\/\" \/>\n<meta property=\"og:site_name\" content=\"World of Flowerpots\" \/>\n<meta property=\"article:modified_time\" content=\"2019-04-11T12:11:49+00:00\" \/>\n<meta property=\"og:image\" content=\"https:\/\/worldofflowerpots.com\/wp-content\/uploads\/2019\/01\/cortenstahl-pflanzk\u00fcbel-Cubi-7.jpg\" \/>\n\t<meta property=\"og:image:width\" content=\"2280\" \/>\n\t<meta property=\"og:image:height\" content=\"1612\" \/>\n\t<meta property=\"og:image:type\" content=\"image\/jpeg\" \/>\n<meta name=\"twitter:card\" content=\"summary_large_image\" \/>\n<meta name=\"twitter:label1\" content=\"Est. reading time\" \/>\n\t<meta name=\"twitter:data1\" content=\"1 minute\" \/>\n<script type=\"application\/ld+json\" class=\"yoast-schema-graph\">{\"@context\":\"https:\\\/\\\/schema.org\",\"@graph\":[{\"@type\":\"WebPage\",\"@id\":\"https:\\\/\\\/worldofflowerpots.com\\\/sklep\\\/cortenstahl-pflanzkubel-cubi-7\\\/\",\"url\":\"https:\\\/\\\/worldofflowerpots.com\\\/sklep\\\/cortenstahl-pflanzkubel-cubi-7\\\/\",\"name\":\"Cortenstahl Pflanzk\u00fcbel f\u00fcr den Au\u00dfenbereich Gross\",\"isPartOf\":{\"@id\":\"https:\\\/\\\/worldofflowerpots.com\\\/#website\"},\"primaryImageOfPage\":{\"@id\":\"https:\\\/\\\/worldofflowerpots.com\\\/sklep\\\/cortenstahl-pflanzkubel-cubi-7\\\/#primaryimage\"},\"image\":{\"@id\":\"https:\\\/\\\/worldofflowerpots.com\\\/sklep\\\/cortenstahl-pflanzkubel-cubi-7\\\/#primaryimage\"},\"thumbnailUrl\":\"https:\\\/\\\/worldofflowerpots.com\\\/wp-content\\\/uploads\\\/2019\\\/01\\\/cortenstahl-pflanzk\u00fcbel-Cubi-7.jpg\",\"datePublished\":\"2019-01-18T14:06:23+00:00\",\"dateModified\":\"2019-04-11T12:11:49+00:00\",\"description\":\"Ihr Cortenstahl Pflanzk\u00fcbel XXL mit einem gro\u00dfen Fassungsverm\u00f6gen f\u00fcr eine tolle Bepflanzung.Schlie\u00dflich sind diese Produkte\u00a0 eine Anschaffung f\u00fcrs Leben.\",\"breadcrumb\":{\"@id\":\"https:\\\/\\\/worldofflowerpots.com\\\/sklep\\\/cortenstahl-pflanzkubel-cubi-7\\\/#breadcrumb\"},\"inLanguage\":\"de-AUT\",\"potentialAction\":[{\"@type\":\"ReadAction\",\"target\":[\"https:\\\/\\\/worldofflowerpots.com\\\/sklep\\\/cortenstahl-pflanzkubel-cubi-7\\\/\"]}]},{\"@type\":\"ImageObject\",\"inLanguage\":\"de-AUT\",\"@id\":\"https:\\\/\\\/worldofflowerpots.com\\\/sklep\\\/cortenstahl-pflanzkubel-cubi-7\\\/#primaryimage\",\"url\":\"https:\\\/\\\/worldofflowerpots.com\\\/wp-content\\\/uploads\\\/2019\\\/01\\\/cortenstahl-pflanzk\u00fcbel-Cubi-7.jpg\",\"contentUrl\":\"https:\\\/\\\/worldofflowerpots.com\\\/wp-content\\\/uploads\\\/2019\\\/01\\\/cortenstahl-pflanzk\u00fcbel-Cubi-7.jpg\",\"width\":2280,\"height\":1612},{\"@type\":\"BreadcrumbList\",\"@id\":\"https:\\\/\\\/worldofflowerpots.com\\\/sklep\\\/cortenstahl-pflanzkubel-cubi-7\\\/#breadcrumb\",\"itemListElement\":[{\"@type\":\"ListItem\",\"position\":1,\"name\":\"Strona g\u0142\u00f3wna\",\"item\":\"https:\\\/\\\/worldofflowerpots.com\\\/home\\\/\"},{\"@type\":\"ListItem\",\"position\":2,\"name\":\"Shop\",\"item\":\"https:\\\/\\\/worldofflowerpots.com\\\/sortiment\\\/\"},{\"@type\":\"ListItem\",\"position\":3,\"name\":\"Cortenstahl Pflanzk\u00fcbel Cubi 7\"}]},{\"@type\":\"WebSite\",\"@id\":\"https:\\\/\\\/worldofflowerpots.com\\\/#website\",\"url\":\"https:\\\/\\\/worldofflowerpots.com\\\/\",\"name\":\"World of Flowerpots\",\"description\":\"producent donic ozdobnych\",\"potentialAction\":[{\"@type\":\"SearchAction\",\"target\":{\"@type\":\"EntryPoint\",\"urlTemplate\":\"https:\\\/\\\/worldofflowerpots.com\\\/?s={search_term_string}\"},\"query-input\":{\"@type\":\"PropertyValueSpecification\",\"valueRequired\":true,\"valueName\":\"search_term_string\"}}],\"inLanguage\":\"de-AUT\"}]}<\/script>\n<!-- \/ Yoast SEO plugin. -->","yoast_head_json":{"title":"Cortenstahl Pflanzk\u00fcbel f\u00fcr den Au\u00dfenbereich Gross","description":"Ihr Cortenstahl Pflanzk\u00fcbel XXL mit einem gro\u00dfen Fassungsverm\u00f6gen f\u00fcr eine tolle Bepflanzung.Schlie\u00dflich sind diese Produkte\u00a0 eine Anschaffung f\u00fcrs Leben.","robots":{"index":"index","follow":"follow","max-snippet":"max-snippet:-1","max-image-preview":"max-image-preview:large","max-video-preview":"max-video-preview:-1"},"canonical":"https:\/\/worldofflowerpots.com\/sklep\/cortenstahl-pflanzkubel-cubi-7\/","og_locale":"de_DE","og_type":"article","og_title":"Cortenstahl Pflanzk\u00fcbel f\u00fcr den Au\u00dfenbereich Gross","og_description":"Ihr Cortenstahl Pflanzk\u00fcbel XXL mit einem gro\u00dfen Fassungsverm\u00f6gen f\u00fcr eine tolle Bepflanzung.Schlie\u00dflich sind diese Produkte\u00a0 eine Anschaffung f\u00fcrs Leben.","og_url":"https:\/\/worldofflowerpots.com\/sklep\/cortenstahl-pflanzkubel-cubi-7\/","og_site_name":"World of Flowerpots","article_modified_time":"2019-04-11T12:11:49+00:00","og_image":[{"width":2280,"height":1612,"url":"https:\/\/worldofflowerpots.com\/wp-content\/uploads\/2019\/01\/cortenstahl-pflanzk\u00fcbel-Cubi-7.jpg","type":"image\/jpeg"}],"twitter_card":"summary_large_image","twitter_misc":{"Est. reading time":"1 minute"},"schema":{"@context":"https:\/\/schema.org","@graph":[{"@type":"WebPage","@id":"https:\/\/worldofflowerpots.com\/sklep\/cortenstahl-pflanzkubel-cubi-7\/","url":"https:\/\/worldofflowerpots.com\/sklep\/cortenstahl-pflanzkubel-cubi-7\/","name":"Cortenstahl Pflanzk\u00fcbel f\u00fcr den Au\u00dfenbereich Gross","isPartOf":{"@id":"https:\/\/worldofflowerpots.com\/#website"},"primaryImageOfPage":{"@id":"https:\/\/worldofflowerpots.com\/sklep\/cortenstahl-pflanzkubel-cubi-7\/#primaryimage"},"image":{"@id":"https:\/\/worldofflowerpots.com\/sklep\/cortenstahl-pflanzkubel-cubi-7\/#primaryimage"},"thumbnailUrl":"https:\/\/worldofflowerpots.com\/wp-content\/uploads\/2019\/01\/cortenstahl-pflanzk\u00fcbel-Cubi-7.jpg","datePublished":"2019-01-18T14:06:23+00:00","dateModified":"2019-04-11T12:11:49+00:00","description":"Ihr Cortenstahl Pflanzk\u00fcbel XXL mit einem gro\u00dfen Fassungsverm\u00f6gen f\u00fcr eine tolle Bepflanzung.Schlie\u00dflich sind diese Produkte\u00a0 eine Anschaffung f\u00fcrs Leben.","breadcrumb":{"@id":"https:\/\/worldofflowerpots.com\/sklep\/cortenstahl-pflanzkubel-cubi-7\/#breadcrumb"},"inLanguage":"de-AUT","potentialAction":[{"@type":"ReadAction","target":["https:\/\/worldofflowerpots.com\/sklep\/cortenstahl-pflanzkubel-cubi-7\/"]}]},{"@type":"ImageObject","inLanguage":"de-AUT","@id":"https:\/\/worldofflowerpots.com\/sklep\/cortenstahl-pflanzkubel-cubi-7\/#primaryimage","url":"https:\/\/worldofflowerpots.com\/wp-content\/uploads\/2019\/01\/cortenstahl-pflanzk\u00fcbel-Cubi-7.jpg","contentUrl":"https:\/\/worldofflowerpots.com\/wp-content\/uploads\/2019\/01\/cortenstahl-pflanzk\u00fcbel-Cubi-7.jpg","width":2280,"height":1612},{"@type":"BreadcrumbList","@id":"https:\/\/worldofflowerpots.com\/sklep\/cortenstahl-pflanzkubel-cubi-7\/#breadcrumb","itemListElement":[{"@type":"ListItem","position":1,"name":"Strona g\u0142\u00f3wna","item":"https:\/\/worldofflowerpots.com\/home\/"},{"@type":"ListItem","position":2,"name":"Shop","item":"https:\/\/worldofflowerpots.com\/sortiment\/"},{"@type":"ListItem","position":3,"name":"Cortenstahl Pflanzk\u00fcbel Cubi 7"}]},{"@type":"WebSite","@id":"https:\/\/worldofflowerpots.com\/#website","url":"https:\/\/worldofflowerpots.com\/","name":"World of Flowerpots","description":"producent donic ozdobnych","potentialAction":[{"@type":"SearchAction","target":{"@type":"EntryPoint","urlTemplate":"https:\/\/worldofflowerpots.com\/?s={search_term_string}"},"query-input":{"@type":"PropertyValueSpecification","valueRequired":true,"valueName":"search_term_string"}}],"inLanguage":"de-AUT"}]}},"_links":{"self":[{"href":"https:\/\/worldofflowerpots.com\/aut\/wp-json\/wp\/v2\/product\/54010","targetHints":{"allow":["GET"]}}],"collection":[{"href":"https:\/\/worldofflowerpots.com\/aut\/wp-json\/wp\/v2\/product"}],"about":[{"href":"https:\/\/worldofflowerpots.com\/aut\/wp-json\/wp\/v2\/types\/product"}],"wp:featuredmedia":[{"embeddable":true,"href":"https:\/\/worldofflowerpots.com\/aut\/wp-json\/wp\/v2\/media\/58559"}],"wp:attachment":[{"href":"https:\/\/worldofflowerpots.com\/aut\/wp-json\/wp\/v2\/media?parent=54010"}],"wp:term":[{"taxonomy":"product_brand","embeddable":true,"href":"https:\/\/worldofflowerpots.com\/aut\/wp-json\/wp\/v2\/product_brand?post=54010"},{"taxonomy":"product_cat","embeddable":true,"href":"https:\/\/worldofflowerpots.com\/aut\/wp-json\/wp\/v2\/product_cat?post=54010"},{"taxonomy":"product_tag","embeddable":true,"href":"https:\/\/worldofflowerpots.com\/aut\/wp-json\/wp\/v2\/product_tag?post=54010"}],"curies":[{"name":"wp","href":"https:\/\/api.w.org\/{rel}","templated":true}]}}