{"id":54011,"date":"2019-01-18T15:06:23","date_gmt":"2019-01-18T14:06:23","guid":{"rendered":"https:\/\/worldofflowerpots.com\/sklep\/blumenkubel-rost-cubi-6\/"},"modified":"2019-04-11T14:09:53","modified_gmt":"2019-04-11T12:09:53","slug":"blumenkubel-rost-cubi-6","status":"publish","type":"product","link":"https:\/\/worldofflowerpots.com\/aut\/sortiment\/blumenkubel-rost-cubi-6\/","title":{"rendered":"Blumenk\u00fcbel Rost Cubi 6"},"content":{"rendered":"<h2>Blumenk\u00fcbel Rost Optik \u2013 Qualit\u00e4t und Design \u00fcberzeugen<\/h2>\n<p>Sie suchen einen Blumenk\u00fcbel Rost der jede Menge Platz bietet und dabei noch sehr schick und modern aussieht? Dann ist der CUBI 6 auf alle F\u00e4lle genau die richtige Wahl. Die Blument\u00f6pfe f\u00fcr drau\u00dfen aus dieser Serie sind aus Corten-Stahl hergestellt, welches \u00fcblicherweise als Baumaterial verwendet wird. Der Vorteil von Corten-Stahl ist, dass es dieses Material sehr langlebig, witterungsbest\u00e4ndig und stabil ist. Optisch setzt dieses Metall jedoch auch einen H\u00f6hepunkt. Die Oberfl\u00e4che ist in einer Rostfarbe einmal etwas ganz anderes und zudem wirkt die Rostschicht auch als Schutzschicht beim Pflanzk\u00fcbel XXL.<\/p>\n<h2>Pflanzk\u00fcbel xxl Cubi 6 als Inspiration<\/h2>\n<p>Die Blumenk\u00fcbel Rost f\u00fcr drau\u00dfen aus der Modellserie CUBI sind nat\u00fcrlich in den verschiedensten Gr\u00f6\u00dfen erh\u00e4ltlich. Der CUBI 6 ist eines der gr\u00f6\u00dferen Pflanzgef\u00e4\u00dfe und in der Rostfarbe sieht er zudem auch noch sehr modern aus. Die Pflanzk\u00fcbel XXL finden auf der heimischen Terrasse, im Garten oder auch vor dem Eingangsbereich ihren Platz. Wenn es um eine sch\u00f6ne Gartengestaltung geht, dann ist der CUBI 6 Pflanzk\u00fcbel XXL bestens daf\u00fcr geeignet. Wer seinen Garten, den Balkon oder die Terrasse neu gestalten oder einfach neue Akzente in der Wohnung setzen m\u00f6chte, sollte sich den Blumenk\u00fcbel Rost Cubi 6 einmal genauer anschauen und sich inspirieren lassen. Mit einem Arrangement aus Pflanzen l\u00e4sst sich der Raum auf angenehme Weise ver\u00e4ndern. Sowohl f\u00fcr Innen als auch f\u00fcr Au\u00dfenanlagen ist Cubi 6 perfekt geeignet. So l\u00e4sst sich eine vollkommen neue Wirkung erzielen.<\/p>\n<h2>Cubi 6 und das Moderne Material<\/h2>\n<p>Das wetterfeste Material und nat\u00fcrlich die hochwertige Verarbeitung sprechen f\u00fcr dieses edle Pflanzengef\u00e4\u00df. Egal, ob rechteckig oder quadratisch, f\u00fcr alle Anforderungen und Bed\u00fcrfnisse werden Sie einen Cortenstahl Blumentopf f\u00fcr den Au\u00dfenbereich finden. Aufgrund des Gewichts, bieten die Blument\u00f6pfe f\u00fcr drau\u00dfen auch einen sicheren Halt f\u00fcr Pflanzen und Blumen. Wenn Sie gro\u00dfen Wert auf eine anspruchsvolle Optik legen, wird Sie der Pflanzentopf CUBI 6 begeistern.<\/p>\n<p>Das Gewicht des Pflanzk\u00fcbels Cubi 6 liegt bei 75 kg, was eindeutig beweist, dass er in hoher Qualit\u00e4t gefertigt wird. Schon ohne Inhalt besitzt er deshalb eine hohe Standfestigkeit. Das Volumen betr\u00e4gt 795 l. Somit ist also Platz genug, um den Wohnraum mit h\u00fcbschen Pflanzen und Blumen zu versch\u00f6nern. Da es sich um einen besonders gro\u00dfen Pflanztrog handelt, wird hier ein attraktiver Blickfang erzielt. Mit Cubi 6 lassen sich gro\u00dfe Pl\u00e4tze oder auch breit angelegte Terrassen begr\u00fcnen. Der K\u00fcbel selbst ist ebenfalls sehr dekorativ. Auch als Raumteiler l\u00e4sst sich Cubi 6 optimal einsetzen. Mit seiner Hilfe lassen sich Pflanzen ausgezeichnet in Szene setzen. Die kubische Form des Pflanzk\u00fcbels wirkt zudem besonders stylisch und verleiht jedem Raum eine spezielle Note. Gefertigt wird Cubi 6 aus robustem Stahl, weshalb er nicht nur pflegeleicht, sondern auch langlebig ist.<\/p>\n","protected":false},"excerpt":{"rendered":"<p>Material : 2 mm Cortenstahl<br \/>\nIsoliert mit Styropor<br \/>\nGewicht :75kg<br \/>\nAbmessungen B1000mm H800mm L10000mm<br \/>\nRobust und Stabil<br \/>\nWetterfest<br \/>\nFrostbest\u00e4ndig bei gew\u00e4hrleistetem Wasserablauf<\/p>\n","protected":false},"featured_media":58549,"template":"","meta":{"_acf_changed":false},"product_brand":[],"product_cat":[395],"product_tag":[],"class_list":{"0":"post-54011","1":"product","2":"type-product","3":"status-publish","4":"has-post-thumbnail","6":"product_cat-pflanzkubel-cortenstahl","7":"description-off","8":"tm-has-options","10":"first","11":"instock","12":"shipping-taxable","13":"purchasable","14":"product-type-simple"},"acf":[],"yoast_head":"<!-- This site is optimized with the Yoast SEO plugin v27.5 - https:\/\/yoast.com\/product\/yoast-seo-wordpress\/ -->\n<title>Blumenk\u00fcbel Rost Optik - Qualit\u00e4t und Design \u00fcberzeugen<\/title>\n<meta name=\"description\" content=\"Die Blument\u00f6pfe f\u00fcr drau\u00dfen in Rost Optik aus dieser Serie sind aus Corten-Stahl hergestellt, welches \u00fcblicherweise als Baumaterial verwendet wird.\" \/>\n<meta name=\"robots\" content=\"index, follow, max-snippet:-1, max-image-preview:large, max-video-preview:-1\" \/>\n<link rel=\"canonical\" href=\"https:\/\/worldofflowerpots.com\/sklep\/blumenkubel-rost-cubi-6\/\" \/>\n<meta property=\"og:locale\" content=\"de_DE\" \/>\n<meta property=\"og:type\" content=\"article\" \/>\n<meta property=\"og:title\" content=\"Blumenk\u00fcbel Rost Optik - Qualit\u00e4t und Design \u00fcberzeugen\" \/>\n<meta property=\"og:description\" content=\"Die Blument\u00f6pfe f\u00fcr drau\u00dfen in Rost Optik aus dieser Serie sind aus Corten-Stahl hergestellt, welches \u00fcblicherweise als Baumaterial verwendet wird.\" \/>\n<meta property=\"og:url\" content=\"https:\/\/worldofflowerpots.com\/sklep\/blumenkubel-rost-cubi-6\/\" \/>\n<meta property=\"og:site_name\" content=\"World of Flowerpots\" \/>\n<meta property=\"article:modified_time\" content=\"2019-04-11T12:09:53+00:00\" \/>\n<meta property=\"og:image\" content=\"https:\/\/worldofflowerpots.com\/wp-content\/uploads\/2019\/01\/blumenk\u00fcbel-rost-Cubi-6.jpg\" \/>\n\t<meta property=\"og:image:width\" content=\"2280\" \/>\n\t<meta property=\"og:image:height\" content=\"1612\" \/>\n\t<meta property=\"og:image:type\" content=\"image\/jpeg\" \/>\n<meta name=\"twitter:card\" content=\"summary_large_image\" \/>\n<meta name=\"twitter:label1\" content=\"Est. reading time\" \/>\n\t<meta name=\"twitter:data1\" content=\"2 minutes\" \/>\n<script type=\"application\/ld+json\" class=\"yoast-schema-graph\">{\"@context\":\"https:\\\/\\\/schema.org\",\"@graph\":[{\"@type\":\"WebPage\",\"@id\":\"https:\\\/\\\/worldofflowerpots.com\\\/sklep\\\/blumenkubel-rost-cubi-6\\\/\",\"url\":\"https:\\\/\\\/worldofflowerpots.com\\\/sklep\\\/blumenkubel-rost-cubi-6\\\/\",\"name\":\"Blumenk\u00fcbel Rost Optik - Qualit\u00e4t und Design \u00fcberzeugen\",\"isPartOf\":{\"@id\":\"https:\\\/\\\/worldofflowerpots.com\\\/#website\"},\"primaryImageOfPage\":{\"@id\":\"https:\\\/\\\/worldofflowerpots.com\\\/sklep\\\/blumenkubel-rost-cubi-6\\\/#primaryimage\"},\"image\":{\"@id\":\"https:\\\/\\\/worldofflowerpots.com\\\/sklep\\\/blumenkubel-rost-cubi-6\\\/#primaryimage\"},\"thumbnailUrl\":\"https:\\\/\\\/worldofflowerpots.com\\\/wp-content\\\/uploads\\\/2019\\\/01\\\/blumenk\u00fcbel-rost-Cubi-6.jpg\",\"datePublished\":\"2019-01-18T14:06:23+00:00\",\"dateModified\":\"2019-04-11T12:09:53+00:00\",\"description\":\"Die Blument\u00f6pfe f\u00fcr drau\u00dfen in Rost Optik aus dieser Serie sind aus Corten-Stahl hergestellt, welches \u00fcblicherweise als Baumaterial verwendet wird.\",\"breadcrumb\":{\"@id\":\"https:\\\/\\\/worldofflowerpots.com\\\/sklep\\\/blumenkubel-rost-cubi-6\\\/#breadcrumb\"},\"inLanguage\":\"de-AUT\",\"potentialAction\":[{\"@type\":\"ReadAction\",\"target\":[\"https:\\\/\\\/worldofflowerpots.com\\\/sklep\\\/blumenkubel-rost-cubi-6\\\/\"]}]},{\"@type\":\"ImageObject\",\"inLanguage\":\"de-AUT\",\"@id\":\"https:\\\/\\\/worldofflowerpots.com\\\/sklep\\\/blumenkubel-rost-cubi-6\\\/#primaryimage\",\"url\":\"https:\\\/\\\/worldofflowerpots.com\\\/wp-content\\\/uploads\\\/2019\\\/01\\\/blumenk\u00fcbel-rost-Cubi-6.jpg\",\"contentUrl\":\"https:\\\/\\\/worldofflowerpots.com\\\/wp-content\\\/uploads\\\/2019\\\/01\\\/blumenk\u00fcbel-rost-Cubi-6.jpg\",\"width\":2280,\"height\":1612},{\"@type\":\"BreadcrumbList\",\"@id\":\"https:\\\/\\\/worldofflowerpots.com\\\/sklep\\\/blumenkubel-rost-cubi-6\\\/#breadcrumb\",\"itemListElement\":[{\"@type\":\"ListItem\",\"position\":1,\"name\":\"Strona g\u0142\u00f3wna\",\"item\":\"https:\\\/\\\/worldofflowerpots.com\\\/home\\\/\"},{\"@type\":\"ListItem\",\"position\":2,\"name\":\"Shop\",\"item\":\"https:\\\/\\\/worldofflowerpots.com\\\/sortiment\\\/\"},{\"@type\":\"ListItem\",\"position\":3,\"name\":\"Blumenk\u00fcbel Rost Cubi 6\"}]},{\"@type\":\"WebSite\",\"@id\":\"https:\\\/\\\/worldofflowerpots.com\\\/#website\",\"url\":\"https:\\\/\\\/worldofflowerpots.com\\\/\",\"name\":\"World of Flowerpots\",\"description\":\"producent donic ozdobnych\",\"potentialAction\":[{\"@type\":\"SearchAction\",\"target\":{\"@type\":\"EntryPoint\",\"urlTemplate\":\"https:\\\/\\\/worldofflowerpots.com\\\/?s={search_term_string}\"},\"query-input\":{\"@type\":\"PropertyValueSpecification\",\"valueRequired\":true,\"valueName\":\"search_term_string\"}}],\"inLanguage\":\"de-AUT\"}]}<\/script>\n<!-- \/ Yoast SEO plugin. -->","yoast_head_json":{"title":"Blumenk\u00fcbel Rost Optik - Qualit\u00e4t und Design \u00fcberzeugen","description":"Die Blument\u00f6pfe f\u00fcr drau\u00dfen in Rost Optik aus dieser Serie sind aus Corten-Stahl hergestellt, welches \u00fcblicherweise als Baumaterial verwendet wird.","robots":{"index":"index","follow":"follow","max-snippet":"max-snippet:-1","max-image-preview":"max-image-preview:large","max-video-preview":"max-video-preview:-1"},"canonical":"https:\/\/worldofflowerpots.com\/sklep\/blumenkubel-rost-cubi-6\/","og_locale":"de_DE","og_type":"article","og_title":"Blumenk\u00fcbel Rost Optik - Qualit\u00e4t und Design \u00fcberzeugen","og_description":"Die Blument\u00f6pfe f\u00fcr drau\u00dfen in Rost Optik aus dieser Serie sind aus Corten-Stahl hergestellt, welches \u00fcblicherweise als Baumaterial verwendet wird.","og_url":"https:\/\/worldofflowerpots.com\/sklep\/blumenkubel-rost-cubi-6\/","og_site_name":"World of Flowerpots","article_modified_time":"2019-04-11T12:09:53+00:00","og_image":[{"width":2280,"height":1612,"url":"https:\/\/worldofflowerpots.com\/wp-content\/uploads\/2019\/01\/blumenk\u00fcbel-rost-Cubi-6.jpg","type":"image\/jpeg"}],"twitter_card":"summary_large_image","twitter_misc":{"Est. reading time":"2 minutes"},"schema":{"@context":"https:\/\/schema.org","@graph":[{"@type":"WebPage","@id":"https:\/\/worldofflowerpots.com\/sklep\/blumenkubel-rost-cubi-6\/","url":"https:\/\/worldofflowerpots.com\/sklep\/blumenkubel-rost-cubi-6\/","name":"Blumenk\u00fcbel Rost Optik - Qualit\u00e4t und Design \u00fcberzeugen","isPartOf":{"@id":"https:\/\/worldofflowerpots.com\/#website"},"primaryImageOfPage":{"@id":"https:\/\/worldofflowerpots.com\/sklep\/blumenkubel-rost-cubi-6\/#primaryimage"},"image":{"@id":"https:\/\/worldofflowerpots.com\/sklep\/blumenkubel-rost-cubi-6\/#primaryimage"},"thumbnailUrl":"https:\/\/worldofflowerpots.com\/wp-content\/uploads\/2019\/01\/blumenk\u00fcbel-rost-Cubi-6.jpg","datePublished":"2019-01-18T14:06:23+00:00","dateModified":"2019-04-11T12:09:53+00:00","description":"Die Blument\u00f6pfe f\u00fcr drau\u00dfen in Rost Optik aus dieser Serie sind aus Corten-Stahl hergestellt, welches \u00fcblicherweise als Baumaterial verwendet wird.","breadcrumb":{"@id":"https:\/\/worldofflowerpots.com\/sklep\/blumenkubel-rost-cubi-6\/#breadcrumb"},"inLanguage":"de-AUT","potentialAction":[{"@type":"ReadAction","target":["https:\/\/worldofflowerpots.com\/sklep\/blumenkubel-rost-cubi-6\/"]}]},{"@type":"ImageObject","inLanguage":"de-AUT","@id":"https:\/\/worldofflowerpots.com\/sklep\/blumenkubel-rost-cubi-6\/#primaryimage","url":"https:\/\/worldofflowerpots.com\/wp-content\/uploads\/2019\/01\/blumenk\u00fcbel-rost-Cubi-6.jpg","contentUrl":"https:\/\/worldofflowerpots.com\/wp-content\/uploads\/2019\/01\/blumenk\u00fcbel-rost-Cubi-6.jpg","width":2280,"height":1612},{"@type":"BreadcrumbList","@id":"https:\/\/worldofflowerpots.com\/sklep\/blumenkubel-rost-cubi-6\/#breadcrumb","itemListElement":[{"@type":"ListItem","position":1,"name":"Strona g\u0142\u00f3wna","item":"https:\/\/worldofflowerpots.com\/home\/"},{"@type":"ListItem","position":2,"name":"Shop","item":"https:\/\/worldofflowerpots.com\/sortiment\/"},{"@type":"ListItem","position":3,"name":"Blumenk\u00fcbel Rost Cubi 6"}]},{"@type":"WebSite","@id":"https:\/\/worldofflowerpots.com\/#website","url":"https:\/\/worldofflowerpots.com\/","name":"World of Flowerpots","description":"producent donic ozdobnych","potentialAction":[{"@type":"SearchAction","target":{"@type":"EntryPoint","urlTemplate":"https:\/\/worldofflowerpots.com\/?s={search_term_string}"},"query-input":{"@type":"PropertyValueSpecification","valueRequired":true,"valueName":"search_term_string"}}],"inLanguage":"de-AUT"}]}},"_links":{"self":[{"href":"https:\/\/worldofflowerpots.com\/aut\/wp-json\/wp\/v2\/product\/54011","targetHints":{"allow":["GET"]}}],"collection":[{"href":"https:\/\/worldofflowerpots.com\/aut\/wp-json\/wp\/v2\/product"}],"about":[{"href":"https:\/\/worldofflowerpots.com\/aut\/wp-json\/wp\/v2\/types\/product"}],"wp:featuredmedia":[{"embeddable":true,"href":"https:\/\/worldofflowerpots.com\/aut\/wp-json\/wp\/v2\/media\/58549"}],"wp:attachment":[{"href":"https:\/\/worldofflowerpots.com\/aut\/wp-json\/wp\/v2\/media?parent=54011"}],"wp:term":[{"taxonomy":"product_brand","embeddable":true,"href":"https:\/\/worldofflowerpots.com\/aut\/wp-json\/wp\/v2\/product_brand?post=54011"},{"taxonomy":"product_cat","embeddable":true,"href":"https:\/\/worldofflowerpots.com\/aut\/wp-json\/wp\/v2\/product_cat?post=54011"},{"taxonomy":"product_tag","embeddable":true,"href":"https:\/\/worldofflowerpots.com\/aut\/wp-json\/wp\/v2\/product_tag?post=54011"}],"curies":[{"name":"wp","href":"https:\/\/api.w.org\/{rel}","templated":true}]}}