{"id":54013,"date":"2019-01-18T15:06:23","date_gmt":"2019-01-18T14:06:23","guid":{"rendered":"https:\/\/worldofflowerpots.com\/sklep\/rost-blumenkubel-cubi-4\/"},"modified":"2019-04-11T14:05:46","modified_gmt":"2019-04-11T12:05:46","slug":"rost-blumenkubel-cubi-4","status":"publish","type":"product","link":"https:\/\/worldofflowerpots.com\/aut\/sortiment\/rost-blumenkubel-cubi-4\/","title":{"rendered":"Rost Blumenk\u00fcbel Cubi 4"},"content":{"rendered":"<h2>Rost Blumenk\u00fcbel der Extraklasse1<\/h2>\n<p>Rost Blumenk\u00fcbel f\u00fcr drau\u00dfen aus Cortenstahl sind f\u00fcr jeden Garten eine echte Zierde. Dieses au\u00dfergew\u00f6hnliche Material kann als einzige Variante der Blument\u00f6pfe f\u00fcr drau\u00dfen \u00fcber Jahre hinweg seine Farbe und Oberfl\u00e4chenstruktur ver\u00e4ndern. Dies geschieht durch die besondere Rostentstehung auf Cortenstahl. Dabei bringt der Einfluss von Sonne und Regen eine rotbraune Ver\u00e4nderung auf die Blument\u00f6pfe f\u00fcr drau\u00dfen. So bietet der Pflanzk\u00fcbel XXL eine hohe Einzigartigkeit und jeder einzelne Pflanztrog wird so zu einem echten Unikat. Auf diese Weise gibt man seinem Garten, seiner Terrasse oder dem Balkon ein besonders exklusives Aussehen und der Pflanzk\u00fcbel passt sich perfekt in jede moderne Au\u00dfen- und Innengestaltung ein.<\/p>\n<h2>Ideales Rost Blumenk\u00fcbel<\/h2>\n<p>Aufgrund des verwendeten Materials bietet er jedoch auch eine sehr lange Haltbarkeit, Robustheit und Stabilit\u00e4t.<br \/>\nDie Gr\u00f6\u00dfe des Pflanzk\u00fcbel XXL bietet ein gro\u00dfes Volumen und macht ihn so zum idealen Pflanztrog f\u00fcr gr\u00f6\u00dfere oder f\u00fcr eine Vielzahl von Pflanzen. Das Ein- und Umpflanzen erleichtert die Unterbringung eines kleineren Topfes im Inneren des Pflanzk\u00fcbel XXL.<\/p>\n<h2>Vielfache Einsatzm\u00f6glichkeiten<\/h2>\n<p>Daneben eignet sich der Pflanzk\u00fcbel XXL aufgrund seiner Gr\u00f6\u00dfe wie auch seines au\u00dfergew\u00f6hnlichen Designs perfekt als Trennelement oder als Sichtschutz auf der Terrasse, im Garten und nat\u00fcrlich auch im Innenbereich. Hier findet er seinen Einsatz sowohl in den unterschiedlichsten privaten Bereichen wie nat\u00fcrlich auch in sehr vielen \u00f6ffentlichen Bereichen.<\/p>\n","protected":false},"excerpt":{"rendered":"<p>Material : 2 mm Cortenstahl<br \/>\nIsoliert mit Styropor<br \/>\nGewicht :58kg<br \/>\nAbmessungen B800mm H800mm L800mm<br \/>\nRobust und Stabil<br \/>\nWetterfest<br \/>\nFrostbest\u00e4ndig bei gew\u00e4hrleistetem Wasserablauf<\/p>\n","protected":false},"featured_media":58529,"template":"","meta":{"_acf_changed":false},"product_brand":[],"product_cat":[395],"product_tag":[],"class_list":{"0":"post-54013","1":"product","2":"type-product","3":"status-publish","4":"has-post-thumbnail","6":"product_cat-pflanzkubel-cortenstahl","7":"description-off","8":"tm-has-options","10":"first","11":"instock","12":"shipping-taxable","13":"purchasable","14":"product-type-simple"},"acf":[],"yoast_head":"<!-- This site is optimized with the Yoast SEO plugin v27.5 - https:\/\/yoast.com\/product\/yoast-seo-wordpress\/ -->\n<title>Rost Blumenk\u00fcbel der Extraklasse1 ein besonders exklusives Aussehen<\/title>\n<meta name=\"description\" content=\"Ideales Rost Blumenk\u00fcbel f\u00fcr drau\u00dfen aus Cortenstahl sind f\u00fcr jeden Garten eine echte Zierde. Perfekt in jede moderne Au\u00dfen- und Innengestaltung ein.\" \/>\n<meta name=\"robots\" content=\"index, follow, max-snippet:-1, max-image-preview:large, max-video-preview:-1\" \/>\n<link rel=\"canonical\" href=\"https:\/\/worldofflowerpots.com\/sklep\/rost-blumenkubel-cubi-4\/\" \/>\n<meta property=\"og:locale\" content=\"de_DE\" \/>\n<meta property=\"og:type\" content=\"article\" \/>\n<meta property=\"og:title\" content=\"Rost Blumenk\u00fcbel der Extraklasse1 ein besonders exklusives Aussehen\" \/>\n<meta property=\"og:description\" content=\"Ideales Rost Blumenk\u00fcbel f\u00fcr drau\u00dfen aus Cortenstahl sind f\u00fcr jeden Garten eine echte Zierde. Perfekt in jede moderne Au\u00dfen- und Innengestaltung ein.\" \/>\n<meta property=\"og:url\" content=\"https:\/\/worldofflowerpots.com\/sklep\/rost-blumenkubel-cubi-4\/\" \/>\n<meta property=\"og:site_name\" content=\"World of Flowerpots\" \/>\n<meta property=\"article:modified_time\" content=\"2019-04-11T12:05:46+00:00\" \/>\n<meta property=\"og:image\" content=\"https:\/\/worldofflowerpots.com\/wp-content\/uploads\/2019\/01\/rost-blumenk\u00fcbel-Cubi-4.jpg\" \/>\n\t<meta property=\"og:image:width\" content=\"2280\" \/>\n\t<meta property=\"og:image:height\" content=\"1612\" \/>\n\t<meta property=\"og:image:type\" content=\"image\/jpeg\" \/>\n<meta name=\"twitter:card\" content=\"summary_large_image\" \/>\n<meta name=\"twitter:label1\" content=\"Est. reading time\" \/>\n\t<meta name=\"twitter:data1\" content=\"1 minute\" \/>\n<script type=\"application\/ld+json\" class=\"yoast-schema-graph\">{\"@context\":\"https:\\\/\\\/schema.org\",\"@graph\":[{\"@type\":\"WebPage\",\"@id\":\"https:\\\/\\\/worldofflowerpots.com\\\/sklep\\\/rost-blumenkubel-cubi-4\\\/\",\"url\":\"https:\\\/\\\/worldofflowerpots.com\\\/sklep\\\/rost-blumenkubel-cubi-4\\\/\",\"name\":\"Rost Blumenk\u00fcbel der Extraklasse1 ein besonders exklusives Aussehen\",\"isPartOf\":{\"@id\":\"https:\\\/\\\/worldofflowerpots.com\\\/#website\"},\"primaryImageOfPage\":{\"@id\":\"https:\\\/\\\/worldofflowerpots.com\\\/sklep\\\/rost-blumenkubel-cubi-4\\\/#primaryimage\"},\"image\":{\"@id\":\"https:\\\/\\\/worldofflowerpots.com\\\/sklep\\\/rost-blumenkubel-cubi-4\\\/#primaryimage\"},\"thumbnailUrl\":\"https:\\\/\\\/worldofflowerpots.com\\\/wp-content\\\/uploads\\\/2019\\\/01\\\/rost-blumenk\u00fcbel-Cubi-4.jpg\",\"datePublished\":\"2019-01-18T14:06:23+00:00\",\"dateModified\":\"2019-04-11T12:05:46+00:00\",\"description\":\"Ideales Rost Blumenk\u00fcbel f\u00fcr drau\u00dfen aus Cortenstahl sind f\u00fcr jeden Garten eine echte Zierde. Perfekt in jede moderne Au\u00dfen- und Innengestaltung ein.\",\"breadcrumb\":{\"@id\":\"https:\\\/\\\/worldofflowerpots.com\\\/sklep\\\/rost-blumenkubel-cubi-4\\\/#breadcrumb\"},\"inLanguage\":\"de-AUT\",\"potentialAction\":[{\"@type\":\"ReadAction\",\"target\":[\"https:\\\/\\\/worldofflowerpots.com\\\/sklep\\\/rost-blumenkubel-cubi-4\\\/\"]}]},{\"@type\":\"ImageObject\",\"inLanguage\":\"de-AUT\",\"@id\":\"https:\\\/\\\/worldofflowerpots.com\\\/sklep\\\/rost-blumenkubel-cubi-4\\\/#primaryimage\",\"url\":\"https:\\\/\\\/worldofflowerpots.com\\\/wp-content\\\/uploads\\\/2019\\\/01\\\/rost-blumenk\u00fcbel-Cubi-4.jpg\",\"contentUrl\":\"https:\\\/\\\/worldofflowerpots.com\\\/wp-content\\\/uploads\\\/2019\\\/01\\\/rost-blumenk\u00fcbel-Cubi-4.jpg\",\"width\":2280,\"height\":1612},{\"@type\":\"BreadcrumbList\",\"@id\":\"https:\\\/\\\/worldofflowerpots.com\\\/sklep\\\/rost-blumenkubel-cubi-4\\\/#breadcrumb\",\"itemListElement\":[{\"@type\":\"ListItem\",\"position\":1,\"name\":\"Strona g\u0142\u00f3wna\",\"item\":\"https:\\\/\\\/worldofflowerpots.com\\\/home\\\/\"},{\"@type\":\"ListItem\",\"position\":2,\"name\":\"Shop\",\"item\":\"https:\\\/\\\/worldofflowerpots.com\\\/sortiment\\\/\"},{\"@type\":\"ListItem\",\"position\":3,\"name\":\"Rost Blumenk\u00fcbel Cubi 4\"}]},{\"@type\":\"WebSite\",\"@id\":\"https:\\\/\\\/worldofflowerpots.com\\\/#website\",\"url\":\"https:\\\/\\\/worldofflowerpots.com\\\/\",\"name\":\"World of Flowerpots\",\"description\":\"producent donic ozdobnych\",\"potentialAction\":[{\"@type\":\"SearchAction\",\"target\":{\"@type\":\"EntryPoint\",\"urlTemplate\":\"https:\\\/\\\/worldofflowerpots.com\\\/?s={search_term_string}\"},\"query-input\":{\"@type\":\"PropertyValueSpecification\",\"valueRequired\":true,\"valueName\":\"search_term_string\"}}],\"inLanguage\":\"de-AUT\"}]}<\/script>\n<!-- \/ Yoast SEO plugin. -->","yoast_head_json":{"title":"Rost Blumenk\u00fcbel der Extraklasse1 ein besonders exklusives Aussehen","description":"Ideales Rost Blumenk\u00fcbel f\u00fcr drau\u00dfen aus Cortenstahl sind f\u00fcr jeden Garten eine echte Zierde. Perfekt in jede moderne Au\u00dfen- und Innengestaltung ein.","robots":{"index":"index","follow":"follow","max-snippet":"max-snippet:-1","max-image-preview":"max-image-preview:large","max-video-preview":"max-video-preview:-1"},"canonical":"https:\/\/worldofflowerpots.com\/sklep\/rost-blumenkubel-cubi-4\/","og_locale":"de_DE","og_type":"article","og_title":"Rost Blumenk\u00fcbel der Extraklasse1 ein besonders exklusives Aussehen","og_description":"Ideales Rost Blumenk\u00fcbel f\u00fcr drau\u00dfen aus Cortenstahl sind f\u00fcr jeden Garten eine echte Zierde. Perfekt in jede moderne Au\u00dfen- und Innengestaltung ein.","og_url":"https:\/\/worldofflowerpots.com\/sklep\/rost-blumenkubel-cubi-4\/","og_site_name":"World of Flowerpots","article_modified_time":"2019-04-11T12:05:46+00:00","og_image":[{"width":2280,"height":1612,"url":"https:\/\/worldofflowerpots.com\/wp-content\/uploads\/2019\/01\/rost-blumenk\u00fcbel-Cubi-4.jpg","type":"image\/jpeg"}],"twitter_card":"summary_large_image","twitter_misc":{"Est. reading time":"1 minute"},"schema":{"@context":"https:\/\/schema.org","@graph":[{"@type":"WebPage","@id":"https:\/\/worldofflowerpots.com\/sklep\/rost-blumenkubel-cubi-4\/","url":"https:\/\/worldofflowerpots.com\/sklep\/rost-blumenkubel-cubi-4\/","name":"Rost Blumenk\u00fcbel der Extraklasse1 ein besonders exklusives Aussehen","isPartOf":{"@id":"https:\/\/worldofflowerpots.com\/#website"},"primaryImageOfPage":{"@id":"https:\/\/worldofflowerpots.com\/sklep\/rost-blumenkubel-cubi-4\/#primaryimage"},"image":{"@id":"https:\/\/worldofflowerpots.com\/sklep\/rost-blumenkubel-cubi-4\/#primaryimage"},"thumbnailUrl":"https:\/\/worldofflowerpots.com\/wp-content\/uploads\/2019\/01\/rost-blumenk\u00fcbel-Cubi-4.jpg","datePublished":"2019-01-18T14:06:23+00:00","dateModified":"2019-04-11T12:05:46+00:00","description":"Ideales Rost Blumenk\u00fcbel f\u00fcr drau\u00dfen aus Cortenstahl sind f\u00fcr jeden Garten eine echte Zierde. Perfekt in jede moderne Au\u00dfen- und Innengestaltung ein.","breadcrumb":{"@id":"https:\/\/worldofflowerpots.com\/sklep\/rost-blumenkubel-cubi-4\/#breadcrumb"},"inLanguage":"de-AUT","potentialAction":[{"@type":"ReadAction","target":["https:\/\/worldofflowerpots.com\/sklep\/rost-blumenkubel-cubi-4\/"]}]},{"@type":"ImageObject","inLanguage":"de-AUT","@id":"https:\/\/worldofflowerpots.com\/sklep\/rost-blumenkubel-cubi-4\/#primaryimage","url":"https:\/\/worldofflowerpots.com\/wp-content\/uploads\/2019\/01\/rost-blumenk\u00fcbel-Cubi-4.jpg","contentUrl":"https:\/\/worldofflowerpots.com\/wp-content\/uploads\/2019\/01\/rost-blumenk\u00fcbel-Cubi-4.jpg","width":2280,"height":1612},{"@type":"BreadcrumbList","@id":"https:\/\/worldofflowerpots.com\/sklep\/rost-blumenkubel-cubi-4\/#breadcrumb","itemListElement":[{"@type":"ListItem","position":1,"name":"Strona g\u0142\u00f3wna","item":"https:\/\/worldofflowerpots.com\/home\/"},{"@type":"ListItem","position":2,"name":"Shop","item":"https:\/\/worldofflowerpots.com\/sortiment\/"},{"@type":"ListItem","position":3,"name":"Rost Blumenk\u00fcbel Cubi 4"}]},{"@type":"WebSite","@id":"https:\/\/worldofflowerpots.com\/#website","url":"https:\/\/worldofflowerpots.com\/","name":"World of Flowerpots","description":"producent donic ozdobnych","potentialAction":[{"@type":"SearchAction","target":{"@type":"EntryPoint","urlTemplate":"https:\/\/worldofflowerpots.com\/?s={search_term_string}"},"query-input":{"@type":"PropertyValueSpecification","valueRequired":true,"valueName":"search_term_string"}}],"inLanguage":"de-AUT"}]}},"_links":{"self":[{"href":"https:\/\/worldofflowerpots.com\/aut\/wp-json\/wp\/v2\/product\/54013","targetHints":{"allow":["GET"]}}],"collection":[{"href":"https:\/\/worldofflowerpots.com\/aut\/wp-json\/wp\/v2\/product"}],"about":[{"href":"https:\/\/worldofflowerpots.com\/aut\/wp-json\/wp\/v2\/types\/product"}],"wp:featuredmedia":[{"embeddable":true,"href":"https:\/\/worldofflowerpots.com\/aut\/wp-json\/wp\/v2\/media\/58529"}],"wp:attachment":[{"href":"https:\/\/worldofflowerpots.com\/aut\/wp-json\/wp\/v2\/media?parent=54013"}],"wp:term":[{"taxonomy":"product_brand","embeddable":true,"href":"https:\/\/worldofflowerpots.com\/aut\/wp-json\/wp\/v2\/product_brand?post=54013"},{"taxonomy":"product_cat","embeddable":true,"href":"https:\/\/worldofflowerpots.com\/aut\/wp-json\/wp\/v2\/product_cat?post=54013"},{"taxonomy":"product_tag","embeddable":true,"href":"https:\/\/worldofflowerpots.com\/aut\/wp-json\/wp\/v2\/product_tag?post=54013"}],"curies":[{"name":"wp","href":"https:\/\/api.w.org\/{rel}","templated":true}]}}