{"id":54014,"date":"2019-01-18T15:06:23","date_gmt":"2019-01-18T14:06:23","guid":{"rendered":"https:\/\/worldofflowerpots.com\/sklep\/rostige-pflanzgefase-cubi-3\/"},"modified":"2019-04-11T14:03:54","modified_gmt":"2019-04-11T12:03:54","slug":"rostige-pflanzgefase-cubi-3","status":"publish","type":"product","link":"https:\/\/worldofflowerpots.com\/aut\/sortiment\/rostige-pflanzgefase-cubi-3\/","title":{"rendered":"Rostige Pflanzgef\u00e4\u00dfe Cubi 3"},"content":{"rendered":"<h2>Rostige Pflanzgef\u00e4\u00dfe die mit Optik und Qualit\u00e4t \u00fcberzeugen<\/h2>\n<p>Die rostige Pflanzgef\u00e4\u00dfe f\u00fcr drau\u00dfen, sorgen bestimmt f\u00fcr ein edles und modernes Ambiente. Die raue Rostschicht an der Au\u00dfenseite ist nat\u00fcrlich am Pflanzengef\u00e4\u00df gewollt, denn erst diese verleiht dem Modell sein exklusives Design. Ein positiver Nebeneffekt dieses Baustahls ist, dass er sehr witterungsbest\u00e4ndig ist und somit ideal f\u00fcr den Au\u00dfenbereich ist. Der Rost an der Oberfl\u00e4che ist auch eine sehr gute Schutzschicht und somit bieten die Blument\u00f6pfe f\u00fcr drau\u00dfen auch eine sehr lange Lebensdauer. Nicht nur optisch eine Augenweide, auch die Qualit\u00e4t l\u00e4sst keine W\u00fcnsche und Bed\u00fcrfnisse offen.<\/p>\n<h2>CUBI 3 Pflanzk\u00fcbel \u2013 dekoratives Highlight mit erdiger Ausstrahlung<\/h2>\n<p>Der CUBI 3 Pflanztrog ist mit seiner gl\u00e4nzenden Oberfl\u00e4che und der quadratischen Grundform ein Blickfang im Garten, auf Terrassen und Balkonen. Der dekorative Pflanzenbeh\u00e4lter aus edlem Metall passt hervorragend in die moderne Wohnumgebung und setzt durch das gl\u00e4nzende Material stylishe Akzente. Der W\u00fcrfel mit den Ma\u00dfen 70 cm x 70 cm x 70 cm besteht au\u00dfen aus 2 mm dickem Cortenstahlblech mit 340 l F\u00fcllmenge f\u00fcr die Pflanzenerde. Eine dekorative Solit\u00e4rpflanze kommt hierin besonders gut zur Geltung. Cortenstahl ist eigentlich Baustahl, an dessen Oberfl\u00e4che sich durch die Witterung eine Sperrschicht aus Rost gebildet hat. Diese Rostschicht verhindert Korrosion. Dank hochwertiger Verarbeitung sieht diese Schicht keineswegs verwittert, sondern wohnlich aus. Das unverw\u00fcstliche Material ist wetterfest und hat dank seiner Erdfarbe eine warme Ausstrahlung. Auch l\u00e4ngere Regeng\u00fcsse und Frost \u00fcbersteht es unbeschadet. F\u00fcr Garten-Metallobjekte wird ausschlie\u00dflich hochwertiger Stahl verwendet, der auch geschwei\u00dft werden kann. Der obere Rand wird nach innen konvertiert, sodass keine scharfen Kanten vorhanden sind. CUBI 3 Pflanzenk\u00fcbel k\u00f6nnen gut mit niedrigen Pflanzenschalen kombiniert werden und lassen sich zu einem Ensemble arrangieren. Der Gestaltungsfreiheit sind kaum Grenzen gesetzt. Ein CUBI 3 Pflanztrog ist auch ein sch\u00f6nes Geschenk f\u00fcr den Einzug in ein neues Haus.<\/p>\n<h2>Die rostige Pflanzgef\u00e4\u00dfe in Au\u00dfenbereich mit ihrem Effekt, sind wahre Trendsetter<\/h2>\n<p>Die Pflanzgef\u00e4\u00dfe Au\u00dfenbereich CUBI sind selbstverst\u00e4ndlich in verschiedenen Ausf\u00fchrungen und Gr\u00f6\u00dfen erh\u00e4ltlich. Der Blumentopf CUBI 3 ist im guten Mittelfeld angesiedelt wenn es um das Fassungsverm\u00f6gen geht. Nicht zu gro\u00df und nicht zu klein und somit das ideale Gef\u00e4\u00df f\u00fcr verschiedene Pflanzen und Blumen. Die Pflanzgef\u00e4\u00dfe machen jedoch nicht nur auf der heimischen Terrasse ein gutes Bild, die CUBI T\u00f6pfe passen sicherlich auch perfekt in einem Empfangsbereich. Die Rostfarbe und nat\u00fcrlich die hochwertige Verarbeitung sprechen sicherlich f\u00fcr die Blument\u00f6pfe Au\u00dfenbereich. Abgerundet wird das Angebot von einem sehr fairen Preis. Wenn es etwas ganz Besonderes sein muss, dann ist CUBI genau die richtige Wahl.<\/p>\n","protected":false},"excerpt":{"rendered":"<p>Material : 2 mm Cortenstahl<br \/>\nIsoliert mit Styropor<br \/>\nGewicht :47kg<br \/>\nAbmessungen B700mm H700mm L700mm<br \/>\nRobust und Stabil<br \/>\nWetterfest<br \/>\nFrostbest\u00e4ndig bei gew\u00e4hrleistetem Wasserablauf<\/p>\n","protected":false},"featured_media":58519,"template":"","meta":{"_acf_changed":false},"product_brand":[],"product_cat":[395],"product_tag":[],"class_list":{"0":"post-54014","1":"product","2":"type-product","3":"status-publish","4":"has-post-thumbnail","6":"product_cat-pflanzkubel-cortenstahl","7":"description-off","8":"tm-has-options","10":"first","11":"instock","12":"shipping-taxable","13":"purchasable","14":"product-type-simple"},"acf":[],"yoast_head":"<!-- This site is optimized with the Yoast SEO plugin v27.5 - https:\/\/yoast.com\/product\/yoast-seo-wordpress\/ -->\n<title>Die rostige Pflanzgef\u00e4\u00dfe in Au\u00dfenbereich mit ihrem Effekt<\/title>\n<meta name=\"description\" content=\"Die rostige Pflanzgef\u00e4\u00dfe f\u00fcr drau\u00dfen, sorgen bestimmt f\u00fcr ein edles und modernes Ambiente. Dekoratives Highlight mit erdiger Ausstrahlung.\" \/>\n<meta name=\"robots\" content=\"index, follow, max-snippet:-1, max-image-preview:large, max-video-preview:-1\" \/>\n<link rel=\"canonical\" href=\"https:\/\/worldofflowerpots.com\/sklep\/rostige-pflanzgefase-cubi-3\/\" \/>\n<meta property=\"og:locale\" content=\"de_DE\" \/>\n<meta property=\"og:type\" content=\"article\" \/>\n<meta property=\"og:title\" content=\"Die rostige Pflanzgef\u00e4\u00dfe in Au\u00dfenbereich mit ihrem Effekt\" \/>\n<meta property=\"og:description\" content=\"Die rostige Pflanzgef\u00e4\u00dfe f\u00fcr drau\u00dfen, sorgen bestimmt f\u00fcr ein edles und modernes Ambiente. Dekoratives Highlight mit erdiger Ausstrahlung.\" \/>\n<meta property=\"og:url\" content=\"https:\/\/worldofflowerpots.com\/sklep\/rostige-pflanzgefase-cubi-3\/\" \/>\n<meta property=\"og:site_name\" content=\"World of Flowerpots\" \/>\n<meta property=\"article:modified_time\" content=\"2019-04-11T12:03:54+00:00\" \/>\n<meta property=\"og:image\" content=\"https:\/\/worldofflowerpots.com\/wp-content\/uploads\/2019\/01\/rostige-pflanzgef\u00e4\u00dfe-Cubi-3.jpg\" \/>\n\t<meta property=\"og:image:width\" content=\"2280\" \/>\n\t<meta property=\"og:image:height\" content=\"1612\" \/>\n\t<meta property=\"og:image:type\" content=\"image\/jpeg\" \/>\n<meta name=\"twitter:card\" content=\"summary_large_image\" \/>\n<meta name=\"twitter:label1\" content=\"Est. reading time\" \/>\n\t<meta name=\"twitter:data1\" content=\"2 minutes\" \/>\n<script type=\"application\/ld+json\" class=\"yoast-schema-graph\">{\"@context\":\"https:\\\/\\\/schema.org\",\"@graph\":[{\"@type\":\"WebPage\",\"@id\":\"https:\\\/\\\/worldofflowerpots.com\\\/sklep\\\/rostige-pflanzgefase-cubi-3\\\/\",\"url\":\"https:\\\/\\\/worldofflowerpots.com\\\/sklep\\\/rostige-pflanzgefase-cubi-3\\\/\",\"name\":\"Die rostige Pflanzgef\u00e4\u00dfe in Au\u00dfenbereich mit ihrem Effekt\",\"isPartOf\":{\"@id\":\"https:\\\/\\\/worldofflowerpots.com\\\/#website\"},\"primaryImageOfPage\":{\"@id\":\"https:\\\/\\\/worldofflowerpots.com\\\/sklep\\\/rostige-pflanzgefase-cubi-3\\\/#primaryimage\"},\"image\":{\"@id\":\"https:\\\/\\\/worldofflowerpots.com\\\/sklep\\\/rostige-pflanzgefase-cubi-3\\\/#primaryimage\"},\"thumbnailUrl\":\"https:\\\/\\\/worldofflowerpots.com\\\/wp-content\\\/uploads\\\/2019\\\/01\\\/rostige-pflanzgef\u00e4\u00dfe-Cubi-3.jpg\",\"datePublished\":\"2019-01-18T14:06:23+00:00\",\"dateModified\":\"2019-04-11T12:03:54+00:00\",\"description\":\"Die rostige Pflanzgef\u00e4\u00dfe f\u00fcr drau\u00dfen, sorgen bestimmt f\u00fcr ein edles und modernes Ambiente. Dekoratives Highlight mit erdiger Ausstrahlung.\",\"breadcrumb\":{\"@id\":\"https:\\\/\\\/worldofflowerpots.com\\\/sklep\\\/rostige-pflanzgefase-cubi-3\\\/#breadcrumb\"},\"inLanguage\":\"de-AUT\",\"potentialAction\":[{\"@type\":\"ReadAction\",\"target\":[\"https:\\\/\\\/worldofflowerpots.com\\\/sklep\\\/rostige-pflanzgefase-cubi-3\\\/\"]}]},{\"@type\":\"ImageObject\",\"inLanguage\":\"de-AUT\",\"@id\":\"https:\\\/\\\/worldofflowerpots.com\\\/sklep\\\/rostige-pflanzgefase-cubi-3\\\/#primaryimage\",\"url\":\"https:\\\/\\\/worldofflowerpots.com\\\/wp-content\\\/uploads\\\/2019\\\/01\\\/rostige-pflanzgef\u00e4\u00dfe-Cubi-3.jpg\",\"contentUrl\":\"https:\\\/\\\/worldofflowerpots.com\\\/wp-content\\\/uploads\\\/2019\\\/01\\\/rostige-pflanzgef\u00e4\u00dfe-Cubi-3.jpg\",\"width\":2280,\"height\":1612},{\"@type\":\"BreadcrumbList\",\"@id\":\"https:\\\/\\\/worldofflowerpots.com\\\/sklep\\\/rostige-pflanzgefase-cubi-3\\\/#breadcrumb\",\"itemListElement\":[{\"@type\":\"ListItem\",\"position\":1,\"name\":\"Strona g\u0142\u00f3wna\",\"item\":\"https:\\\/\\\/worldofflowerpots.com\\\/home\\\/\"},{\"@type\":\"ListItem\",\"position\":2,\"name\":\"Shop\",\"item\":\"https:\\\/\\\/worldofflowerpots.com\\\/sortiment\\\/\"},{\"@type\":\"ListItem\",\"position\":3,\"name\":\"Rostige Pflanzgef\u00e4\u00dfe Cubi 3\"}]},{\"@type\":\"WebSite\",\"@id\":\"https:\\\/\\\/worldofflowerpots.com\\\/#website\",\"url\":\"https:\\\/\\\/worldofflowerpots.com\\\/\",\"name\":\"World of Flowerpots\",\"description\":\"producent donic ozdobnych\",\"potentialAction\":[{\"@type\":\"SearchAction\",\"target\":{\"@type\":\"EntryPoint\",\"urlTemplate\":\"https:\\\/\\\/worldofflowerpots.com\\\/?s={search_term_string}\"},\"query-input\":{\"@type\":\"PropertyValueSpecification\",\"valueRequired\":true,\"valueName\":\"search_term_string\"}}],\"inLanguage\":\"de-AUT\"}]}<\/script>\n<!-- \/ Yoast SEO plugin. -->","yoast_head_json":{"title":"Die rostige Pflanzgef\u00e4\u00dfe in Au\u00dfenbereich mit ihrem Effekt","description":"Die rostige Pflanzgef\u00e4\u00dfe f\u00fcr drau\u00dfen, sorgen bestimmt f\u00fcr ein edles und modernes Ambiente. Dekoratives Highlight mit erdiger Ausstrahlung.","robots":{"index":"index","follow":"follow","max-snippet":"max-snippet:-1","max-image-preview":"max-image-preview:large","max-video-preview":"max-video-preview:-1"},"canonical":"https:\/\/worldofflowerpots.com\/sklep\/rostige-pflanzgefase-cubi-3\/","og_locale":"de_DE","og_type":"article","og_title":"Die rostige Pflanzgef\u00e4\u00dfe in Au\u00dfenbereich mit ihrem Effekt","og_description":"Die rostige Pflanzgef\u00e4\u00dfe f\u00fcr drau\u00dfen, sorgen bestimmt f\u00fcr ein edles und modernes Ambiente. Dekoratives Highlight mit erdiger Ausstrahlung.","og_url":"https:\/\/worldofflowerpots.com\/sklep\/rostige-pflanzgefase-cubi-3\/","og_site_name":"World of Flowerpots","article_modified_time":"2019-04-11T12:03:54+00:00","og_image":[{"width":2280,"height":1612,"url":"https:\/\/worldofflowerpots.com\/wp-content\/uploads\/2019\/01\/rostige-pflanzgef\u00e4\u00dfe-Cubi-3.jpg","type":"image\/jpeg"}],"twitter_card":"summary_large_image","twitter_misc":{"Est. reading time":"2 minutes"},"schema":{"@context":"https:\/\/schema.org","@graph":[{"@type":"WebPage","@id":"https:\/\/worldofflowerpots.com\/sklep\/rostige-pflanzgefase-cubi-3\/","url":"https:\/\/worldofflowerpots.com\/sklep\/rostige-pflanzgefase-cubi-3\/","name":"Die rostige Pflanzgef\u00e4\u00dfe in Au\u00dfenbereich mit ihrem Effekt","isPartOf":{"@id":"https:\/\/worldofflowerpots.com\/#website"},"primaryImageOfPage":{"@id":"https:\/\/worldofflowerpots.com\/sklep\/rostige-pflanzgefase-cubi-3\/#primaryimage"},"image":{"@id":"https:\/\/worldofflowerpots.com\/sklep\/rostige-pflanzgefase-cubi-3\/#primaryimage"},"thumbnailUrl":"https:\/\/worldofflowerpots.com\/wp-content\/uploads\/2019\/01\/rostige-pflanzgef\u00e4\u00dfe-Cubi-3.jpg","datePublished":"2019-01-18T14:06:23+00:00","dateModified":"2019-04-11T12:03:54+00:00","description":"Die rostige Pflanzgef\u00e4\u00dfe f\u00fcr drau\u00dfen, sorgen bestimmt f\u00fcr ein edles und modernes Ambiente. Dekoratives Highlight mit erdiger Ausstrahlung.","breadcrumb":{"@id":"https:\/\/worldofflowerpots.com\/sklep\/rostige-pflanzgefase-cubi-3\/#breadcrumb"},"inLanguage":"de-AUT","potentialAction":[{"@type":"ReadAction","target":["https:\/\/worldofflowerpots.com\/sklep\/rostige-pflanzgefase-cubi-3\/"]}]},{"@type":"ImageObject","inLanguage":"de-AUT","@id":"https:\/\/worldofflowerpots.com\/sklep\/rostige-pflanzgefase-cubi-3\/#primaryimage","url":"https:\/\/worldofflowerpots.com\/wp-content\/uploads\/2019\/01\/rostige-pflanzgef\u00e4\u00dfe-Cubi-3.jpg","contentUrl":"https:\/\/worldofflowerpots.com\/wp-content\/uploads\/2019\/01\/rostige-pflanzgef\u00e4\u00dfe-Cubi-3.jpg","width":2280,"height":1612},{"@type":"BreadcrumbList","@id":"https:\/\/worldofflowerpots.com\/sklep\/rostige-pflanzgefase-cubi-3\/#breadcrumb","itemListElement":[{"@type":"ListItem","position":1,"name":"Strona g\u0142\u00f3wna","item":"https:\/\/worldofflowerpots.com\/home\/"},{"@type":"ListItem","position":2,"name":"Shop","item":"https:\/\/worldofflowerpots.com\/sortiment\/"},{"@type":"ListItem","position":3,"name":"Rostige Pflanzgef\u00e4\u00dfe Cubi 3"}]},{"@type":"WebSite","@id":"https:\/\/worldofflowerpots.com\/#website","url":"https:\/\/worldofflowerpots.com\/","name":"World of Flowerpots","description":"producent donic ozdobnych","potentialAction":[{"@type":"SearchAction","target":{"@type":"EntryPoint","urlTemplate":"https:\/\/worldofflowerpots.com\/?s={search_term_string}"},"query-input":{"@type":"PropertyValueSpecification","valueRequired":true,"valueName":"search_term_string"}}],"inLanguage":"de-AUT"}]}},"_links":{"self":[{"href":"https:\/\/worldofflowerpots.com\/aut\/wp-json\/wp\/v2\/product\/54014","targetHints":{"allow":["GET"]}}],"collection":[{"href":"https:\/\/worldofflowerpots.com\/aut\/wp-json\/wp\/v2\/product"}],"about":[{"href":"https:\/\/worldofflowerpots.com\/aut\/wp-json\/wp\/v2\/types\/product"}],"wp:featuredmedia":[{"embeddable":true,"href":"https:\/\/worldofflowerpots.com\/aut\/wp-json\/wp\/v2\/media\/58519"}],"wp:attachment":[{"href":"https:\/\/worldofflowerpots.com\/aut\/wp-json\/wp\/v2\/media?parent=54014"}],"wp:term":[{"taxonomy":"product_brand","embeddable":true,"href":"https:\/\/worldofflowerpots.com\/aut\/wp-json\/wp\/v2\/product_brand?post=54014"},{"taxonomy":"product_cat","embeddable":true,"href":"https:\/\/worldofflowerpots.com\/aut\/wp-json\/wp\/v2\/product_cat?post=54014"},{"taxonomy":"product_tag","embeddable":true,"href":"https:\/\/worldofflowerpots.com\/aut\/wp-json\/wp\/v2\/product_tag?post=54014"}],"curies":[{"name":"wp","href":"https:\/\/api.w.org\/{rel}","templated":true}]}}