{"id":54015,"date":"2019-01-18T15:06:23","date_gmt":"2019-01-18T14:06:23","guid":{"rendered":"https:\/\/worldofflowerpots.com\/sklep\/blumenkubel-rostoptik-cubi-2\/"},"modified":"2019-04-11T14:01:25","modified_gmt":"2019-04-11T12:01:25","slug":"blumenkubel-rostoptik-cubi-2","status":"publish","type":"product","link":"https:\/\/worldofflowerpots.com\/aut\/sortiment\/blumenkubel-rostoptik-cubi-2\/","title":{"rendered":"Blumenk\u00fcbel Rostoptik Cubi 2"},"content":{"rendered":"<h2>Die moderne Blumenk\u00fcbel Rostoptik<\/h2>\n<p>Cortenstahl wird in der Regel aus Baumaterial verwendet doch auch im heimischen Bereich erfreut sich dieses Material einer immer gr\u00f6\u00dfer werdenden Nachfrage. Die Blument\u00f6pfe f\u00fcr drau\u00dfen aus der Serie CUBI, sind nicht nur aus der schicken Rost hergestellt, sie bieten auch den perfekten Boden zum Wachsen und Gedeihen. Die raue Blumenk\u00fcbel Rostoptik an der Au\u00dfenseite ist sicherlich ein Blickfang und bestimmt, passen die Pflanzgef\u00e4\u00dfe Au\u00dfenbereich auch gut in Ihren Garten oder Balkon. Cortenstahl ist zudem sehr witterungsbest\u00e4ndig und \u00fcberaus langlebig. Die CUBI 2 Pflanzgef\u00e4\u00dfe Au\u00dfenbereich bieten somit ein flexibles Einsatzgebiet.<\/p>\n<h2>Pflanztrog f\u00fcr Moderne Terrasse<\/h2>\n<p>Mit einem gro\u00dfz\u00fcgigen Fassungsvolumen und einem schicken Design, \u00fcberzeugen die Blument\u00f6pfe f\u00fcr drau\u00dfen in allen Bereichen. Rostfarben sind schon seit geraumer Zeit modern und das positive daran ist, dass die Farbe sehr gut mit jeder erdenklichen Einrichtung harmoniert. Die Rostschicht bietet auch einen perfekten Schutz vor Wind und Wetter. Aufgrund des doch sehr hohen Eigengewichts, stehen die Pflanzgef\u00e4\u00dfe Au\u00dfenbereich auch sehr stabil und sicher.<\/p>\n<h2>Ein Blumenk\u00fcbel Rostoptik als Trendsetter Cubi 2<\/h2>\n<p>Die CUBI 2 Blument\u00f6pfe sind also optisch eine absolutes Muss f\u00fcr jeden Trendsetter. Doch nicht nur das Design ist \u00fcberzeugend, auch der g\u00fcnstige Preis und die hochwertige gewohnte Verarbeitung der CUBI-Modelle werden f\u00fcr Begeisterung sorgen. Selbstverst\u00e4ndlich gibt es die Blument\u00f6pfe f\u00fcr drau\u00dfen in verschiedenen Gr\u00f6\u00dfen, sodass jede Pflanze den richtigen Platz finden wird.<\/p>\n","protected":false},"excerpt":{"rendered":"<p>Material : 2 mm Cortenstahl<br \/>\nIsoliert mit Styropor<br \/>\nGewicht :36kg<br \/>\nAbmessungen B600mm H600mm L600mm<br \/>\nRobust und Stabil<br \/>\nWetterfest<br \/>\nFrostbest\u00e4ndig bei gew\u00e4hrleistetem Wasserablauf<\/p>\n","protected":false},"featured_media":58509,"template":"","meta":{"_acf_changed":false},"product_brand":[],"product_cat":[395],"product_tag":[],"class_list":{"0":"post-54015","1":"product","2":"type-product","3":"status-publish","4":"has-post-thumbnail","6":"product_cat-pflanzkubel-cortenstahl","7":"description-off","8":"tm-has-options","10":"first","11":"instock","12":"shipping-taxable","13":"purchasable","14":"product-type-simple"},"acf":[],"yoast_head":"<!-- This site is optimized with the Yoast SEO plugin v27.5 - https:\/\/yoast.com\/product\/yoast-seo-wordpress\/ -->\n<title>Blumenk\u00fcbel Rostoptik aus Cortenstahl als Trendsetter<\/title>\n<meta name=\"description\" content=\"Blumenk\u00fcbel in Rostoptik sind also optisch eine absolutes Muss f\u00fcr jeden Trendsetter. Die Rostschicht bietet auch einen perfekten Schutz.\" \/>\n<meta name=\"robots\" content=\"index, follow, max-snippet:-1, max-image-preview:large, max-video-preview:-1\" \/>\n<link rel=\"canonical\" href=\"https:\/\/worldofflowerpots.com\/sklep\/blumenkubel-rostoptik-cubi-2\/\" \/>\n<meta property=\"og:locale\" content=\"de_DE\" \/>\n<meta property=\"og:type\" content=\"article\" \/>\n<meta property=\"og:title\" content=\"Blumenk\u00fcbel Rostoptik aus Cortenstahl als Trendsetter\" \/>\n<meta property=\"og:description\" content=\"Blumenk\u00fcbel in Rostoptik sind also optisch eine absolutes Muss f\u00fcr jeden Trendsetter. Die Rostschicht bietet auch einen perfekten Schutz.\" \/>\n<meta property=\"og:url\" content=\"https:\/\/worldofflowerpots.com\/sklep\/blumenkubel-rostoptik-cubi-2\/\" \/>\n<meta property=\"og:site_name\" content=\"World of Flowerpots\" \/>\n<meta property=\"article:modified_time\" content=\"2019-04-11T12:01:25+00:00\" \/>\n<meta property=\"og:image\" content=\"https:\/\/worldofflowerpots.com\/wp-content\/uploads\/2019\/01\/blumenk\u00fcbel-rostoptik-Cubi-2.jpg\" \/>\n\t<meta property=\"og:image:width\" content=\"2280\" \/>\n\t<meta property=\"og:image:height\" content=\"1612\" \/>\n\t<meta property=\"og:image:type\" content=\"image\/jpeg\" \/>\n<meta name=\"twitter:card\" content=\"summary_large_image\" \/>\n<meta name=\"twitter:label1\" content=\"Est. reading time\" \/>\n\t<meta name=\"twitter:data1\" content=\"1 minute\" \/>\n<script type=\"application\/ld+json\" class=\"yoast-schema-graph\">{\"@context\":\"https:\\\/\\\/schema.org\",\"@graph\":[{\"@type\":\"WebPage\",\"@id\":\"https:\\\/\\\/worldofflowerpots.com\\\/sklep\\\/blumenkubel-rostoptik-cubi-2\\\/\",\"url\":\"https:\\\/\\\/worldofflowerpots.com\\\/sklep\\\/blumenkubel-rostoptik-cubi-2\\\/\",\"name\":\"Blumenk\u00fcbel Rostoptik aus Cortenstahl als Trendsetter\",\"isPartOf\":{\"@id\":\"https:\\\/\\\/worldofflowerpots.com\\\/#website\"},\"primaryImageOfPage\":{\"@id\":\"https:\\\/\\\/worldofflowerpots.com\\\/sklep\\\/blumenkubel-rostoptik-cubi-2\\\/#primaryimage\"},\"image\":{\"@id\":\"https:\\\/\\\/worldofflowerpots.com\\\/sklep\\\/blumenkubel-rostoptik-cubi-2\\\/#primaryimage\"},\"thumbnailUrl\":\"https:\\\/\\\/worldofflowerpots.com\\\/wp-content\\\/uploads\\\/2019\\\/01\\\/blumenk\u00fcbel-rostoptik-Cubi-2.jpg\",\"datePublished\":\"2019-01-18T14:06:23+00:00\",\"dateModified\":\"2019-04-11T12:01:25+00:00\",\"description\":\"Blumenk\u00fcbel in Rostoptik sind also optisch eine absolutes Muss f\u00fcr jeden Trendsetter. Die Rostschicht bietet auch einen perfekten Schutz.\",\"breadcrumb\":{\"@id\":\"https:\\\/\\\/worldofflowerpots.com\\\/sklep\\\/blumenkubel-rostoptik-cubi-2\\\/#breadcrumb\"},\"inLanguage\":\"de-AUT\",\"potentialAction\":[{\"@type\":\"ReadAction\",\"target\":[\"https:\\\/\\\/worldofflowerpots.com\\\/sklep\\\/blumenkubel-rostoptik-cubi-2\\\/\"]}]},{\"@type\":\"ImageObject\",\"inLanguage\":\"de-AUT\",\"@id\":\"https:\\\/\\\/worldofflowerpots.com\\\/sklep\\\/blumenkubel-rostoptik-cubi-2\\\/#primaryimage\",\"url\":\"https:\\\/\\\/worldofflowerpots.com\\\/wp-content\\\/uploads\\\/2019\\\/01\\\/blumenk\u00fcbel-rostoptik-Cubi-2.jpg\",\"contentUrl\":\"https:\\\/\\\/worldofflowerpots.com\\\/wp-content\\\/uploads\\\/2019\\\/01\\\/blumenk\u00fcbel-rostoptik-Cubi-2.jpg\",\"width\":2280,\"height\":1612},{\"@type\":\"BreadcrumbList\",\"@id\":\"https:\\\/\\\/worldofflowerpots.com\\\/sklep\\\/blumenkubel-rostoptik-cubi-2\\\/#breadcrumb\",\"itemListElement\":[{\"@type\":\"ListItem\",\"position\":1,\"name\":\"Strona g\u0142\u00f3wna\",\"item\":\"https:\\\/\\\/worldofflowerpots.com\\\/home\\\/\"},{\"@type\":\"ListItem\",\"position\":2,\"name\":\"Shop\",\"item\":\"https:\\\/\\\/worldofflowerpots.com\\\/sortiment\\\/\"},{\"@type\":\"ListItem\",\"position\":3,\"name\":\"Blumenk\u00fcbel Rostoptik Cubi 2\"}]},{\"@type\":\"WebSite\",\"@id\":\"https:\\\/\\\/worldofflowerpots.com\\\/#website\",\"url\":\"https:\\\/\\\/worldofflowerpots.com\\\/\",\"name\":\"World of Flowerpots\",\"description\":\"producent donic ozdobnych\",\"potentialAction\":[{\"@type\":\"SearchAction\",\"target\":{\"@type\":\"EntryPoint\",\"urlTemplate\":\"https:\\\/\\\/worldofflowerpots.com\\\/?s={search_term_string}\"},\"query-input\":{\"@type\":\"PropertyValueSpecification\",\"valueRequired\":true,\"valueName\":\"search_term_string\"}}],\"inLanguage\":\"de-AUT\"}]}<\/script>\n<!-- \/ Yoast SEO plugin. -->","yoast_head_json":{"title":"Blumenk\u00fcbel Rostoptik aus Cortenstahl als Trendsetter","description":"Blumenk\u00fcbel in Rostoptik sind also optisch eine absolutes Muss f\u00fcr jeden Trendsetter. Die Rostschicht bietet auch einen perfekten Schutz.","robots":{"index":"index","follow":"follow","max-snippet":"max-snippet:-1","max-image-preview":"max-image-preview:large","max-video-preview":"max-video-preview:-1"},"canonical":"https:\/\/worldofflowerpots.com\/sklep\/blumenkubel-rostoptik-cubi-2\/","og_locale":"de_DE","og_type":"article","og_title":"Blumenk\u00fcbel Rostoptik aus Cortenstahl als Trendsetter","og_description":"Blumenk\u00fcbel in Rostoptik sind also optisch eine absolutes Muss f\u00fcr jeden Trendsetter. Die Rostschicht bietet auch einen perfekten Schutz.","og_url":"https:\/\/worldofflowerpots.com\/sklep\/blumenkubel-rostoptik-cubi-2\/","og_site_name":"World of Flowerpots","article_modified_time":"2019-04-11T12:01:25+00:00","og_image":[{"width":2280,"height":1612,"url":"https:\/\/worldofflowerpots.com\/wp-content\/uploads\/2019\/01\/blumenk\u00fcbel-rostoptik-Cubi-2.jpg","type":"image\/jpeg"}],"twitter_card":"summary_large_image","twitter_misc":{"Est. reading time":"1 minute"},"schema":{"@context":"https:\/\/schema.org","@graph":[{"@type":"WebPage","@id":"https:\/\/worldofflowerpots.com\/sklep\/blumenkubel-rostoptik-cubi-2\/","url":"https:\/\/worldofflowerpots.com\/sklep\/blumenkubel-rostoptik-cubi-2\/","name":"Blumenk\u00fcbel Rostoptik aus Cortenstahl als Trendsetter","isPartOf":{"@id":"https:\/\/worldofflowerpots.com\/#website"},"primaryImageOfPage":{"@id":"https:\/\/worldofflowerpots.com\/sklep\/blumenkubel-rostoptik-cubi-2\/#primaryimage"},"image":{"@id":"https:\/\/worldofflowerpots.com\/sklep\/blumenkubel-rostoptik-cubi-2\/#primaryimage"},"thumbnailUrl":"https:\/\/worldofflowerpots.com\/wp-content\/uploads\/2019\/01\/blumenk\u00fcbel-rostoptik-Cubi-2.jpg","datePublished":"2019-01-18T14:06:23+00:00","dateModified":"2019-04-11T12:01:25+00:00","description":"Blumenk\u00fcbel in Rostoptik sind also optisch eine absolutes Muss f\u00fcr jeden Trendsetter. Die Rostschicht bietet auch einen perfekten Schutz.","breadcrumb":{"@id":"https:\/\/worldofflowerpots.com\/sklep\/blumenkubel-rostoptik-cubi-2\/#breadcrumb"},"inLanguage":"de-AUT","potentialAction":[{"@type":"ReadAction","target":["https:\/\/worldofflowerpots.com\/sklep\/blumenkubel-rostoptik-cubi-2\/"]}]},{"@type":"ImageObject","inLanguage":"de-AUT","@id":"https:\/\/worldofflowerpots.com\/sklep\/blumenkubel-rostoptik-cubi-2\/#primaryimage","url":"https:\/\/worldofflowerpots.com\/wp-content\/uploads\/2019\/01\/blumenk\u00fcbel-rostoptik-Cubi-2.jpg","contentUrl":"https:\/\/worldofflowerpots.com\/wp-content\/uploads\/2019\/01\/blumenk\u00fcbel-rostoptik-Cubi-2.jpg","width":2280,"height":1612},{"@type":"BreadcrumbList","@id":"https:\/\/worldofflowerpots.com\/sklep\/blumenkubel-rostoptik-cubi-2\/#breadcrumb","itemListElement":[{"@type":"ListItem","position":1,"name":"Strona g\u0142\u00f3wna","item":"https:\/\/worldofflowerpots.com\/home\/"},{"@type":"ListItem","position":2,"name":"Shop","item":"https:\/\/worldofflowerpots.com\/sortiment\/"},{"@type":"ListItem","position":3,"name":"Blumenk\u00fcbel Rostoptik Cubi 2"}]},{"@type":"WebSite","@id":"https:\/\/worldofflowerpots.com\/#website","url":"https:\/\/worldofflowerpots.com\/","name":"World of Flowerpots","description":"producent donic ozdobnych","potentialAction":[{"@type":"SearchAction","target":{"@type":"EntryPoint","urlTemplate":"https:\/\/worldofflowerpots.com\/?s={search_term_string}"},"query-input":{"@type":"PropertyValueSpecification","valueRequired":true,"valueName":"search_term_string"}}],"inLanguage":"de-AUT"}]}},"_links":{"self":[{"href":"https:\/\/worldofflowerpots.com\/aut\/wp-json\/wp\/v2\/product\/54015","targetHints":{"allow":["GET"]}}],"collection":[{"href":"https:\/\/worldofflowerpots.com\/aut\/wp-json\/wp\/v2\/product"}],"about":[{"href":"https:\/\/worldofflowerpots.com\/aut\/wp-json\/wp\/v2\/types\/product"}],"wp:featuredmedia":[{"embeddable":true,"href":"https:\/\/worldofflowerpots.com\/aut\/wp-json\/wp\/v2\/media\/58509"}],"wp:attachment":[{"href":"https:\/\/worldofflowerpots.com\/aut\/wp-json\/wp\/v2\/media?parent=54015"}],"wp:term":[{"taxonomy":"product_brand","embeddable":true,"href":"https:\/\/worldofflowerpots.com\/aut\/wp-json\/wp\/v2\/product_brand?post=54015"},{"taxonomy":"product_cat","embeddable":true,"href":"https:\/\/worldofflowerpots.com\/aut\/wp-json\/wp\/v2\/product_cat?post=54015"},{"taxonomy":"product_tag","embeddable":true,"href":"https:\/\/worldofflowerpots.com\/aut\/wp-json\/wp\/v2\/product_tag?post=54015"}],"curies":[{"name":"wp","href":"https:\/\/api.w.org\/{rel}","templated":true}]}}