{"id":54019,"date":"2019-01-18T15:06:22","date_gmt":"2019-01-18T14:06:22","guid":{"rendered":"https:\/\/worldofflowerpots.com\/sklep\/blumenkasten-cortenstahl-cubi-8\/"},"modified":"2019-04-11T14:15:35","modified_gmt":"2019-04-11T12:15:35","slug":"blumenkasten-cortenstahl-cubi-8","status":"publish","type":"product","link":"https:\/\/worldofflowerpots.com\/aut\/sortiment\/blumenkasten-cortenstahl-cubi-8\/","title":{"rendered":"Blumenkasten Cortenstahl Cubi 8"},"content":{"rendered":"<h2>Der Blumenkasten Cortenstahl Cubi 8 f\u00fcr den Au\u00dfenbereich<\/h2>\n<p>Blumenkasten Cortenstahl f\u00fcr\u00a0 au\u00dfen sollten nicht nur sch\u00f6n und stabil, sondern auch lange witterungsbest\u00e4ndig sein. Der Pflanzk\u00fcbel XXL Cubi 8 aus Cortenstahl ist deshalb hervorragend dazu geeignet, ihn im Au\u00dfenbereich aufzustellen. Mit 92 kg Gewicht bleibt er auch bei Sturm an seinen Platz und bietet mit einem Fassungsverm\u00f6gen von 1150 Litern jede Menge Raum f\u00fcr eine fantasievolle Bepflanzung.<\/p>\n<h2>Die besondere Optik von Cortenstahl<\/h2>\n<p>Das Besondere an Cortenstahl ist die Patina, die diese Pflanzgef\u00e4\u00dfe dauerhaft vor Korrosion sch\u00fctzt. Dieser Schutzeffekt ist aber nicht alles. Diese Patina wirkt optisch auch fast wie Holz und besticht deshalb im Garten, auf der Terrasse oder einer Veranda durch ihre warme Optik. Der Pflanztrog Cubi 8 hat eine quadratische Form und l\u00e4sst sich sehr gut durch anders geformte Pflanzgef\u00e4\u00dfe aus Cortenstahl im Au\u00dfenbereich erg\u00e4nzen. Weil so eine Anschaffung etwas f\u00fcrs Leben ist, z\u00f6gern Sie nicht, sich von uns vor der endg\u00fcltigen Kaufentscheidung gr\u00fcndlich beraten zu lassen.<\/p>\n<h2>Pflanzgef\u00e4\u00dfe au\u00dfen an Ihrem Pool<\/h2>\n<p>Mit dem Blumenkasten Cortenstahl Cubi 8 und anderen dazu passenden\u00a0 k\u00f6nnen Sie um Ihren Pool herum wunderbar eine mediterrane Atmosph\u00e4re schaffen. Tropische Pflanzen darin schaffen im Handumdrehen auch zu Hause ein Ambiente, das an den letzten Urlaub unter s\u00fcdlicher Sonne erinnert.<\/p>\n","protected":false},"excerpt":{"rendered":"<p>Material : 2 mm Cortenstahl<br \/>\nIsoliert mit Styropor<br \/>\nGewicht :112kg<br \/>\nAbmessungen B1400mm H800mm L1400mm<br \/>\nRobust und Stabil<br \/>\nWetterfest<br \/>\nFrostbest\u00e4ndig bei gew\u00e4hrleistetem Wasserablauf<\/p>\n","protected":false},"featured_media":58579,"template":"","meta":{"_acf_changed":false},"product_brand":[],"product_cat":[395],"product_tag":[],"class_list":{"0":"post-54019","1":"product","2":"type-product","3":"status-publish","4":"has-post-thumbnail","6":"product_cat-pflanzkubel-cortenstahl","7":"description-off","8":"tm-has-options","10":"first","11":"instock","12":"shipping-taxable","13":"purchasable","14":"product-type-simple"},"acf":[],"yoast_head":"<!-- This site is optimized with the Yoast SEO plugin v27.5 - https:\/\/yoast.com\/product\/yoast-seo-wordpress\/ -->\n<title>Blumenkasten Cortenstahl f\u00fcr\u00a0 au\u00dfen sollten nicht nur sch\u00f6n sein<\/title>\n<meta name=\"description\" content=\"Der Pflanzk\u00fcbel aus Cortenstahl ist deshalb hervorragend dazu geeignet, ihn im Au\u00dfenbereich aufzustellen.Auch bei Sturm bleibt er an seinen Platz.\" \/>\n<meta name=\"robots\" content=\"index, follow, max-snippet:-1, max-image-preview:large, max-video-preview:-1\" \/>\n<link rel=\"canonical\" href=\"https:\/\/worldofflowerpots.com\/sklep\/blumenkasten-cortenstahl-cubi-8\/\" \/>\n<meta property=\"og:locale\" content=\"de_DE\" \/>\n<meta property=\"og:type\" content=\"article\" \/>\n<meta property=\"og:title\" content=\"Blumenkasten Cortenstahl f\u00fcr\u00a0 au\u00dfen sollten nicht nur sch\u00f6n sein\" \/>\n<meta property=\"og:description\" content=\"Der Pflanzk\u00fcbel aus Cortenstahl ist deshalb hervorragend dazu geeignet, ihn im Au\u00dfenbereich aufzustellen.Auch bei Sturm bleibt er an seinen Platz.\" \/>\n<meta property=\"og:url\" content=\"https:\/\/worldofflowerpots.com\/sklep\/blumenkasten-cortenstahl-cubi-8\/\" \/>\n<meta property=\"og:site_name\" content=\"World of Flowerpots\" \/>\n<meta property=\"article:modified_time\" content=\"2019-04-11T12:15:35+00:00\" \/>\n<meta property=\"og:image\" content=\"https:\/\/worldofflowerpots.com\/wp-content\/uploads\/2019\/01\/blumenkasten-cortenstahl-Cubi-8.jpg\" \/>\n\t<meta property=\"og:image:width\" content=\"2280\" \/>\n\t<meta property=\"og:image:height\" content=\"1612\" \/>\n\t<meta property=\"og:image:type\" content=\"image\/jpeg\" \/>\n<meta name=\"twitter:card\" content=\"summary_large_image\" \/>\n<meta name=\"twitter:label1\" content=\"Est. reading time\" \/>\n\t<meta name=\"twitter:data1\" content=\"1 minute\" \/>\n<script type=\"application\/ld+json\" class=\"yoast-schema-graph\">{\"@context\":\"https:\\\/\\\/schema.org\",\"@graph\":[{\"@type\":\"WebPage\",\"@id\":\"https:\\\/\\\/worldofflowerpots.com\\\/sklep\\\/blumenkasten-cortenstahl-cubi-8\\\/\",\"url\":\"https:\\\/\\\/worldofflowerpots.com\\\/sklep\\\/blumenkasten-cortenstahl-cubi-8\\\/\",\"name\":\"Blumenkasten Cortenstahl f\u00fcr\u00a0 au\u00dfen sollten nicht nur sch\u00f6n sein\",\"isPartOf\":{\"@id\":\"https:\\\/\\\/worldofflowerpots.com\\\/#website\"},\"primaryImageOfPage\":{\"@id\":\"https:\\\/\\\/worldofflowerpots.com\\\/sklep\\\/blumenkasten-cortenstahl-cubi-8\\\/#primaryimage\"},\"image\":{\"@id\":\"https:\\\/\\\/worldofflowerpots.com\\\/sklep\\\/blumenkasten-cortenstahl-cubi-8\\\/#primaryimage\"},\"thumbnailUrl\":\"https:\\\/\\\/worldofflowerpots.com\\\/wp-content\\\/uploads\\\/2019\\\/01\\\/blumenkasten-cortenstahl-Cubi-8.jpg\",\"datePublished\":\"2019-01-18T14:06:22+00:00\",\"dateModified\":\"2019-04-11T12:15:35+00:00\",\"description\":\"Der Pflanzk\u00fcbel aus Cortenstahl ist deshalb hervorragend dazu geeignet, ihn im Au\u00dfenbereich aufzustellen.Auch bei Sturm bleibt er an seinen Platz.\",\"breadcrumb\":{\"@id\":\"https:\\\/\\\/worldofflowerpots.com\\\/sklep\\\/blumenkasten-cortenstahl-cubi-8\\\/#breadcrumb\"},\"inLanguage\":\"de-AUT\",\"potentialAction\":[{\"@type\":\"ReadAction\",\"target\":[\"https:\\\/\\\/worldofflowerpots.com\\\/sklep\\\/blumenkasten-cortenstahl-cubi-8\\\/\"]}]},{\"@type\":\"ImageObject\",\"inLanguage\":\"de-AUT\",\"@id\":\"https:\\\/\\\/worldofflowerpots.com\\\/sklep\\\/blumenkasten-cortenstahl-cubi-8\\\/#primaryimage\",\"url\":\"https:\\\/\\\/worldofflowerpots.com\\\/wp-content\\\/uploads\\\/2019\\\/01\\\/blumenkasten-cortenstahl-Cubi-8.jpg\",\"contentUrl\":\"https:\\\/\\\/worldofflowerpots.com\\\/wp-content\\\/uploads\\\/2019\\\/01\\\/blumenkasten-cortenstahl-Cubi-8.jpg\",\"width\":2280,\"height\":1612},{\"@type\":\"BreadcrumbList\",\"@id\":\"https:\\\/\\\/worldofflowerpots.com\\\/sklep\\\/blumenkasten-cortenstahl-cubi-8\\\/#breadcrumb\",\"itemListElement\":[{\"@type\":\"ListItem\",\"position\":1,\"name\":\"Strona g\u0142\u00f3wna\",\"item\":\"https:\\\/\\\/worldofflowerpots.com\\\/home\\\/\"},{\"@type\":\"ListItem\",\"position\":2,\"name\":\"Shop\",\"item\":\"https:\\\/\\\/worldofflowerpots.com\\\/sortiment\\\/\"},{\"@type\":\"ListItem\",\"position\":3,\"name\":\"Blumenkasten Cortenstahl Cubi 8\"}]},{\"@type\":\"WebSite\",\"@id\":\"https:\\\/\\\/worldofflowerpots.com\\\/#website\",\"url\":\"https:\\\/\\\/worldofflowerpots.com\\\/\",\"name\":\"World of Flowerpots\",\"description\":\"producent donic ozdobnych\",\"potentialAction\":[{\"@type\":\"SearchAction\",\"target\":{\"@type\":\"EntryPoint\",\"urlTemplate\":\"https:\\\/\\\/worldofflowerpots.com\\\/?s={search_term_string}\"},\"query-input\":{\"@type\":\"PropertyValueSpecification\",\"valueRequired\":true,\"valueName\":\"search_term_string\"}}],\"inLanguage\":\"de-AUT\"}]}<\/script>\n<!-- \/ Yoast SEO plugin. -->","yoast_head_json":{"title":"Blumenkasten Cortenstahl f\u00fcr\u00a0 au\u00dfen sollten nicht nur sch\u00f6n sein","description":"Der Pflanzk\u00fcbel aus Cortenstahl ist deshalb hervorragend dazu geeignet, ihn im Au\u00dfenbereich aufzustellen.Auch bei Sturm bleibt er an seinen Platz.","robots":{"index":"index","follow":"follow","max-snippet":"max-snippet:-1","max-image-preview":"max-image-preview:large","max-video-preview":"max-video-preview:-1"},"canonical":"https:\/\/worldofflowerpots.com\/sklep\/blumenkasten-cortenstahl-cubi-8\/","og_locale":"de_DE","og_type":"article","og_title":"Blumenkasten Cortenstahl f\u00fcr\u00a0 au\u00dfen sollten nicht nur sch\u00f6n sein","og_description":"Der Pflanzk\u00fcbel aus Cortenstahl ist deshalb hervorragend dazu geeignet, ihn im Au\u00dfenbereich aufzustellen.Auch bei Sturm bleibt er an seinen Platz.","og_url":"https:\/\/worldofflowerpots.com\/sklep\/blumenkasten-cortenstahl-cubi-8\/","og_site_name":"World of Flowerpots","article_modified_time":"2019-04-11T12:15:35+00:00","og_image":[{"width":2280,"height":1612,"url":"https:\/\/worldofflowerpots.com\/wp-content\/uploads\/2019\/01\/blumenkasten-cortenstahl-Cubi-8.jpg","type":"image\/jpeg"}],"twitter_card":"summary_large_image","twitter_misc":{"Est. reading time":"1 minute"},"schema":{"@context":"https:\/\/schema.org","@graph":[{"@type":"WebPage","@id":"https:\/\/worldofflowerpots.com\/sklep\/blumenkasten-cortenstahl-cubi-8\/","url":"https:\/\/worldofflowerpots.com\/sklep\/blumenkasten-cortenstahl-cubi-8\/","name":"Blumenkasten Cortenstahl f\u00fcr\u00a0 au\u00dfen sollten nicht nur sch\u00f6n sein","isPartOf":{"@id":"https:\/\/worldofflowerpots.com\/#website"},"primaryImageOfPage":{"@id":"https:\/\/worldofflowerpots.com\/sklep\/blumenkasten-cortenstahl-cubi-8\/#primaryimage"},"image":{"@id":"https:\/\/worldofflowerpots.com\/sklep\/blumenkasten-cortenstahl-cubi-8\/#primaryimage"},"thumbnailUrl":"https:\/\/worldofflowerpots.com\/wp-content\/uploads\/2019\/01\/blumenkasten-cortenstahl-Cubi-8.jpg","datePublished":"2019-01-18T14:06:22+00:00","dateModified":"2019-04-11T12:15:35+00:00","description":"Der Pflanzk\u00fcbel aus Cortenstahl ist deshalb hervorragend dazu geeignet, ihn im Au\u00dfenbereich aufzustellen.Auch bei Sturm bleibt er an seinen Platz.","breadcrumb":{"@id":"https:\/\/worldofflowerpots.com\/sklep\/blumenkasten-cortenstahl-cubi-8\/#breadcrumb"},"inLanguage":"de-AUT","potentialAction":[{"@type":"ReadAction","target":["https:\/\/worldofflowerpots.com\/sklep\/blumenkasten-cortenstahl-cubi-8\/"]}]},{"@type":"ImageObject","inLanguage":"de-AUT","@id":"https:\/\/worldofflowerpots.com\/sklep\/blumenkasten-cortenstahl-cubi-8\/#primaryimage","url":"https:\/\/worldofflowerpots.com\/wp-content\/uploads\/2019\/01\/blumenkasten-cortenstahl-Cubi-8.jpg","contentUrl":"https:\/\/worldofflowerpots.com\/wp-content\/uploads\/2019\/01\/blumenkasten-cortenstahl-Cubi-8.jpg","width":2280,"height":1612},{"@type":"BreadcrumbList","@id":"https:\/\/worldofflowerpots.com\/sklep\/blumenkasten-cortenstahl-cubi-8\/#breadcrumb","itemListElement":[{"@type":"ListItem","position":1,"name":"Strona g\u0142\u00f3wna","item":"https:\/\/worldofflowerpots.com\/home\/"},{"@type":"ListItem","position":2,"name":"Shop","item":"https:\/\/worldofflowerpots.com\/sortiment\/"},{"@type":"ListItem","position":3,"name":"Blumenkasten Cortenstahl Cubi 8"}]},{"@type":"WebSite","@id":"https:\/\/worldofflowerpots.com\/#website","url":"https:\/\/worldofflowerpots.com\/","name":"World of Flowerpots","description":"producent donic ozdobnych","potentialAction":[{"@type":"SearchAction","target":{"@type":"EntryPoint","urlTemplate":"https:\/\/worldofflowerpots.com\/?s={search_term_string}"},"query-input":{"@type":"PropertyValueSpecification","valueRequired":true,"valueName":"search_term_string"}}],"inLanguage":"de-AUT"}]}},"_links":{"self":[{"href":"https:\/\/worldofflowerpots.com\/aut\/wp-json\/wp\/v2\/product\/54019","targetHints":{"allow":["GET"]}}],"collection":[{"href":"https:\/\/worldofflowerpots.com\/aut\/wp-json\/wp\/v2\/product"}],"about":[{"href":"https:\/\/worldofflowerpots.com\/aut\/wp-json\/wp\/v2\/types\/product"}],"wp:featuredmedia":[{"embeddable":true,"href":"https:\/\/worldofflowerpots.com\/aut\/wp-json\/wp\/v2\/media\/58579"}],"wp:attachment":[{"href":"https:\/\/worldofflowerpots.com\/aut\/wp-json\/wp\/v2\/media?parent=54019"}],"wp:term":[{"taxonomy":"product_brand","embeddable":true,"href":"https:\/\/worldofflowerpots.com\/aut\/wp-json\/wp\/v2\/product_brand?post=54019"},{"taxonomy":"product_cat","embeddable":true,"href":"https:\/\/worldofflowerpots.com\/aut\/wp-json\/wp\/v2\/product_cat?post=54019"},{"taxonomy":"product_tag","embeddable":true,"href":"https:\/\/worldofflowerpots.com\/aut\/wp-json\/wp\/v2\/product_tag?post=54019"}],"curies":[{"name":"wp","href":"https:\/\/api.w.org\/{rel}","templated":true}]}}