{"id":54022,"date":"2019-01-18T15:06:22","date_gmt":"2019-01-18T14:06:22","guid":{"rendered":"https:\/\/worldofflowerpots.com\/sklep\/pflanzgefase-aus-cortenstahl-vaso-3\/"},"modified":"2019-04-11T14:30:39","modified_gmt":"2019-04-11T12:30:39","slug":"pflanzgefase-aus-cortenstahl-vaso-3","status":"publish","type":"product","link":"https:\/\/worldofflowerpots.com\/aut\/sortiment\/pflanzgefase-aus-cortenstahl-vaso-3\/","title":{"rendered":"Pflanzgef\u00e4\u00dfe aus cortenstahl Vaso 3"},"content":{"rendered":"<h2>Pflanzentopf Vaso 3<\/h2>\n<p>Die Pflanzgef\u00e4\u00dfe aus cortenstahl Vaso 3, sind in einem sehr modernen und schicken Rostton gehalten. Aufgrund der gro\u00dfz\u00fcgigen F\u00fcllmenge, finden auch gr\u00f6\u00dfere Pflanzen und Blumen in diesem Modell ausreichend Platz vor. Doch nicht nur \u00e4u\u00dferlich \u00fcberzeugt beim Pflanzk\u00fcbel rund die Qualit\u00e4t, auch im Innenbereich hat der Hersteller auf Qualit\u00e4t gesetzt. Zudem befindet sich im Innenraum Styropor. Eine m\u00fchelose und unproblematische Reinigung ist somit sichergestellt. Der Pflanzk\u00fcbel rund verf\u00fcgt im unteren Bereich \u00fcber L\u00f6cher, sodass ein Abflie\u00dfen des Wassers in den gro\u00dfen Topf m\u00f6glich ist. Egal, ob im Vorzimmer, am Balkon oder auf der Terrasse, der Pflanzentopf Vaso 3 findet sicherlich den richtigen Platz.<\/p>\n<h2>Zeitlose Rost<\/h2>\n<p>Die Farbe Rost ist nicht nur seit geraumer Zeit total in Mode, sie sorgt auch stets f\u00fcr einen Blickfang und setzt somit ein optisches Highlight. Die Blument\u00f6pfe f\u00fcr drau\u00dfen aus der Modellserie Vaso, sind extrem stabil und langlebig. In diesem Pflanztrog m\u00fcssen sich die Pflanzen und Blumen ganz einfach wohl f\u00fchlen. Selbstverst\u00e4ndlich gibt es die Produkte von Vaso in den verschiedensten Ausf\u00fchrungen und Gr\u00f6\u00dfen.<\/p>\n<h2>Pflanzgef\u00e4\u00dfe aus cortenstahl Vaso der dritte<\/h2>\n<p>Bei dem angebotenen Produkt handelt es sich um das Vaso 3. Die Vase ist in einem Rost Braunton gehalten und wiegt 60 Kilogramm. Dank ihrer Gr\u00f6\u00dfe und der F\u00fcllmenge, von Ganzen 640 Litern, ist es m\u00f6glich vor allem gro\u00dfe Pflanzen darin zu z\u00fcchten. Dank der ausgezeichneten Verarbeitung und dem edlen Design findet das Vaso 3 in jedem Haushalt Platz. Neben dieser Vase gibt es noch weitere VASO Produkte welche unterschiedliche Gr\u00f6\u00dfen haben.<\/p>\n","protected":false},"excerpt":{"rendered":"<p>Material : 2 mm Cortenstahl<br \/>\nIsoliert mit Styropor<br \/>\nGewicht :60kg<br \/>\nAbmessungen \u2205950mm H1000mm<br \/>\nRobust und Stabil<br \/>\nWetterfest<br \/>\nFrostbest\u00e4ndig bei gew\u00e4hrleistetem Wasserablauf<\/p>\n","protected":false},"featured_media":58649,"template":"","meta":{"_acf_changed":false},"product_brand":[],"product_cat":[395],"product_tag":[],"class_list":{"0":"post-54022","1":"product","2":"type-product","3":"status-publish","4":"has-post-thumbnail","6":"product_cat-pflanzkubel-cortenstahl","7":"description-off","8":"tm-has-options","10":"first","11":"instock","12":"shipping-taxable","13":"purchasable","14":"product-type-simple"},"acf":[],"yoast_head":"<!-- This site is optimized with the Yoast SEO plugin v27.5 - https:\/\/yoast.com\/product\/yoast-seo-wordpress\/ -->\n<title>Pflanzgef\u00e4\u00dfe aus cortenstahl, sind in einem modernen Rostton gehalten<\/title>\n<meta name=\"description\" content=\"In Pflanzgef\u00e4\u00dfe aus cortenstahl m\u00fcssen sich die Pflanzen und Blumen ganz einfach wohl f\u00fchlen. Die Farbe Rost ist nicht nur seit geraumer Zeit total in Mode\" \/>\n<meta name=\"robots\" content=\"index, follow, max-snippet:-1, max-image-preview:large, max-video-preview:-1\" \/>\n<link rel=\"canonical\" href=\"https:\/\/worldofflowerpots.com\/sklep\/pflanzgefase-aus-cortenstahl-vaso-3\/\" \/>\n<meta property=\"og:locale\" content=\"de_DE\" \/>\n<meta property=\"og:type\" content=\"article\" \/>\n<meta property=\"og:title\" content=\"Pflanzgef\u00e4\u00dfe aus cortenstahl, sind in einem modernen Rostton gehalten\" \/>\n<meta property=\"og:description\" content=\"In Pflanzgef\u00e4\u00dfe aus cortenstahl m\u00fcssen sich die Pflanzen und Blumen ganz einfach wohl f\u00fchlen. Die Farbe Rost ist nicht nur seit geraumer Zeit total in Mode\" \/>\n<meta property=\"og:url\" content=\"https:\/\/worldofflowerpots.com\/sklep\/pflanzgefase-aus-cortenstahl-vaso-3\/\" \/>\n<meta property=\"og:site_name\" content=\"World of Flowerpots\" \/>\n<meta property=\"article:modified_time\" content=\"2019-04-11T12:30:39+00:00\" \/>\n<meta property=\"og:image\" content=\"https:\/\/worldofflowerpots.com\/wp-content\/uploads\/2019\/01\/pflanzgef\u00e4\u00dfe-aus-cortenstahl-Vaso-3.jpg\" \/>\n\t<meta property=\"og:image:width\" content=\"2280\" \/>\n\t<meta property=\"og:image:height\" content=\"1612\" \/>\n\t<meta property=\"og:image:type\" content=\"image\/jpeg\" \/>\n<meta name=\"twitter:card\" content=\"summary_large_image\" \/>\n<meta name=\"twitter:label1\" content=\"Est. reading time\" \/>\n\t<meta name=\"twitter:data1\" content=\"1 minute\" \/>\n<script type=\"application\/ld+json\" class=\"yoast-schema-graph\">{\"@context\":\"https:\\\/\\\/schema.org\",\"@graph\":[{\"@type\":\"WebPage\",\"@id\":\"https:\\\/\\\/worldofflowerpots.com\\\/sklep\\\/pflanzgefase-aus-cortenstahl-vaso-3\\\/\",\"url\":\"https:\\\/\\\/worldofflowerpots.com\\\/sklep\\\/pflanzgefase-aus-cortenstahl-vaso-3\\\/\",\"name\":\"Pflanzgef\u00e4\u00dfe aus cortenstahl, sind in einem modernen Rostton gehalten\",\"isPartOf\":{\"@id\":\"https:\\\/\\\/worldofflowerpots.com\\\/#website\"},\"primaryImageOfPage\":{\"@id\":\"https:\\\/\\\/worldofflowerpots.com\\\/sklep\\\/pflanzgefase-aus-cortenstahl-vaso-3\\\/#primaryimage\"},\"image\":{\"@id\":\"https:\\\/\\\/worldofflowerpots.com\\\/sklep\\\/pflanzgefase-aus-cortenstahl-vaso-3\\\/#primaryimage\"},\"thumbnailUrl\":\"https:\\\/\\\/worldofflowerpots.com\\\/wp-content\\\/uploads\\\/2019\\\/01\\\/pflanzgef\u00e4\u00dfe-aus-cortenstahl-Vaso-3.jpg\",\"datePublished\":\"2019-01-18T14:06:22+00:00\",\"dateModified\":\"2019-04-11T12:30:39+00:00\",\"description\":\"In Pflanzgef\u00e4\u00dfe aus cortenstahl m\u00fcssen sich die Pflanzen und Blumen ganz einfach wohl f\u00fchlen. Die Farbe Rost ist nicht nur seit geraumer Zeit total in Mode\",\"breadcrumb\":{\"@id\":\"https:\\\/\\\/worldofflowerpots.com\\\/sklep\\\/pflanzgefase-aus-cortenstahl-vaso-3\\\/#breadcrumb\"},\"inLanguage\":\"de-AUT\",\"potentialAction\":[{\"@type\":\"ReadAction\",\"target\":[\"https:\\\/\\\/worldofflowerpots.com\\\/sklep\\\/pflanzgefase-aus-cortenstahl-vaso-3\\\/\"]}]},{\"@type\":\"ImageObject\",\"inLanguage\":\"de-AUT\",\"@id\":\"https:\\\/\\\/worldofflowerpots.com\\\/sklep\\\/pflanzgefase-aus-cortenstahl-vaso-3\\\/#primaryimage\",\"url\":\"https:\\\/\\\/worldofflowerpots.com\\\/wp-content\\\/uploads\\\/2019\\\/01\\\/pflanzgef\u00e4\u00dfe-aus-cortenstahl-Vaso-3.jpg\",\"contentUrl\":\"https:\\\/\\\/worldofflowerpots.com\\\/wp-content\\\/uploads\\\/2019\\\/01\\\/pflanzgef\u00e4\u00dfe-aus-cortenstahl-Vaso-3.jpg\",\"width\":2280,\"height\":1612},{\"@type\":\"BreadcrumbList\",\"@id\":\"https:\\\/\\\/worldofflowerpots.com\\\/sklep\\\/pflanzgefase-aus-cortenstahl-vaso-3\\\/#breadcrumb\",\"itemListElement\":[{\"@type\":\"ListItem\",\"position\":1,\"name\":\"Strona g\u0142\u00f3wna\",\"item\":\"https:\\\/\\\/worldofflowerpots.com\\\/home\\\/\"},{\"@type\":\"ListItem\",\"position\":2,\"name\":\"Shop\",\"item\":\"https:\\\/\\\/worldofflowerpots.com\\\/sortiment\\\/\"},{\"@type\":\"ListItem\",\"position\":3,\"name\":\"Pflanzgef\u00e4\u00dfe aus cortenstahl Vaso 3\"}]},{\"@type\":\"WebSite\",\"@id\":\"https:\\\/\\\/worldofflowerpots.com\\\/#website\",\"url\":\"https:\\\/\\\/worldofflowerpots.com\\\/\",\"name\":\"World of Flowerpots\",\"description\":\"producent donic ozdobnych\",\"potentialAction\":[{\"@type\":\"SearchAction\",\"target\":{\"@type\":\"EntryPoint\",\"urlTemplate\":\"https:\\\/\\\/worldofflowerpots.com\\\/?s={search_term_string}\"},\"query-input\":{\"@type\":\"PropertyValueSpecification\",\"valueRequired\":true,\"valueName\":\"search_term_string\"}}],\"inLanguage\":\"de-AUT\"}]}<\/script>\n<!-- \/ Yoast SEO plugin. -->","yoast_head_json":{"title":"Pflanzgef\u00e4\u00dfe aus cortenstahl, sind in einem modernen Rostton gehalten","description":"In Pflanzgef\u00e4\u00dfe aus cortenstahl m\u00fcssen sich die Pflanzen und Blumen ganz einfach wohl f\u00fchlen. Die Farbe Rost ist nicht nur seit geraumer Zeit total in Mode","robots":{"index":"index","follow":"follow","max-snippet":"max-snippet:-1","max-image-preview":"max-image-preview:large","max-video-preview":"max-video-preview:-1"},"canonical":"https:\/\/worldofflowerpots.com\/sklep\/pflanzgefase-aus-cortenstahl-vaso-3\/","og_locale":"de_DE","og_type":"article","og_title":"Pflanzgef\u00e4\u00dfe aus cortenstahl, sind in einem modernen Rostton gehalten","og_description":"In Pflanzgef\u00e4\u00dfe aus cortenstahl m\u00fcssen sich die Pflanzen und Blumen ganz einfach wohl f\u00fchlen. Die Farbe Rost ist nicht nur seit geraumer Zeit total in Mode","og_url":"https:\/\/worldofflowerpots.com\/sklep\/pflanzgefase-aus-cortenstahl-vaso-3\/","og_site_name":"World of Flowerpots","article_modified_time":"2019-04-11T12:30:39+00:00","og_image":[{"width":2280,"height":1612,"url":"https:\/\/worldofflowerpots.com\/wp-content\/uploads\/2019\/01\/pflanzgef\u00e4\u00dfe-aus-cortenstahl-Vaso-3.jpg","type":"image\/jpeg"}],"twitter_card":"summary_large_image","twitter_misc":{"Est. reading time":"1 minute"},"schema":{"@context":"https:\/\/schema.org","@graph":[{"@type":"WebPage","@id":"https:\/\/worldofflowerpots.com\/sklep\/pflanzgefase-aus-cortenstahl-vaso-3\/","url":"https:\/\/worldofflowerpots.com\/sklep\/pflanzgefase-aus-cortenstahl-vaso-3\/","name":"Pflanzgef\u00e4\u00dfe aus cortenstahl, sind in einem modernen Rostton gehalten","isPartOf":{"@id":"https:\/\/worldofflowerpots.com\/#website"},"primaryImageOfPage":{"@id":"https:\/\/worldofflowerpots.com\/sklep\/pflanzgefase-aus-cortenstahl-vaso-3\/#primaryimage"},"image":{"@id":"https:\/\/worldofflowerpots.com\/sklep\/pflanzgefase-aus-cortenstahl-vaso-3\/#primaryimage"},"thumbnailUrl":"https:\/\/worldofflowerpots.com\/wp-content\/uploads\/2019\/01\/pflanzgef\u00e4\u00dfe-aus-cortenstahl-Vaso-3.jpg","datePublished":"2019-01-18T14:06:22+00:00","dateModified":"2019-04-11T12:30:39+00:00","description":"In Pflanzgef\u00e4\u00dfe aus cortenstahl m\u00fcssen sich die Pflanzen und Blumen ganz einfach wohl f\u00fchlen. Die Farbe Rost ist nicht nur seit geraumer Zeit total in Mode","breadcrumb":{"@id":"https:\/\/worldofflowerpots.com\/sklep\/pflanzgefase-aus-cortenstahl-vaso-3\/#breadcrumb"},"inLanguage":"de-AUT","potentialAction":[{"@type":"ReadAction","target":["https:\/\/worldofflowerpots.com\/sklep\/pflanzgefase-aus-cortenstahl-vaso-3\/"]}]},{"@type":"ImageObject","inLanguage":"de-AUT","@id":"https:\/\/worldofflowerpots.com\/sklep\/pflanzgefase-aus-cortenstahl-vaso-3\/#primaryimage","url":"https:\/\/worldofflowerpots.com\/wp-content\/uploads\/2019\/01\/pflanzgef\u00e4\u00dfe-aus-cortenstahl-Vaso-3.jpg","contentUrl":"https:\/\/worldofflowerpots.com\/wp-content\/uploads\/2019\/01\/pflanzgef\u00e4\u00dfe-aus-cortenstahl-Vaso-3.jpg","width":2280,"height":1612},{"@type":"BreadcrumbList","@id":"https:\/\/worldofflowerpots.com\/sklep\/pflanzgefase-aus-cortenstahl-vaso-3\/#breadcrumb","itemListElement":[{"@type":"ListItem","position":1,"name":"Strona g\u0142\u00f3wna","item":"https:\/\/worldofflowerpots.com\/home\/"},{"@type":"ListItem","position":2,"name":"Shop","item":"https:\/\/worldofflowerpots.com\/sortiment\/"},{"@type":"ListItem","position":3,"name":"Pflanzgef\u00e4\u00dfe aus cortenstahl Vaso 3"}]},{"@type":"WebSite","@id":"https:\/\/worldofflowerpots.com\/#website","url":"https:\/\/worldofflowerpots.com\/","name":"World of Flowerpots","description":"producent donic ozdobnych","potentialAction":[{"@type":"SearchAction","target":{"@type":"EntryPoint","urlTemplate":"https:\/\/worldofflowerpots.com\/?s={search_term_string}"},"query-input":{"@type":"PropertyValueSpecification","valueRequired":true,"valueName":"search_term_string"}}],"inLanguage":"de-AUT"}]}},"_links":{"self":[{"href":"https:\/\/worldofflowerpots.com\/aut\/wp-json\/wp\/v2\/product\/54022","targetHints":{"allow":["GET"]}}],"collection":[{"href":"https:\/\/worldofflowerpots.com\/aut\/wp-json\/wp\/v2\/product"}],"about":[{"href":"https:\/\/worldofflowerpots.com\/aut\/wp-json\/wp\/v2\/types\/product"}],"wp:featuredmedia":[{"embeddable":true,"href":"https:\/\/worldofflowerpots.com\/aut\/wp-json\/wp\/v2\/media\/58649"}],"wp:attachment":[{"href":"https:\/\/worldofflowerpots.com\/aut\/wp-json\/wp\/v2\/media?parent=54022"}],"wp:term":[{"taxonomy":"product_brand","embeddable":true,"href":"https:\/\/worldofflowerpots.com\/aut\/wp-json\/wp\/v2\/product_brand?post=54022"},{"taxonomy":"product_cat","embeddable":true,"href":"https:\/\/worldofflowerpots.com\/aut\/wp-json\/wp\/v2\/product_cat?post=54022"},{"taxonomy":"product_tag","embeddable":true,"href":"https:\/\/worldofflowerpots.com\/aut\/wp-json\/wp\/v2\/product_tag?post=54022"}],"curies":[{"name":"wp","href":"https:\/\/api.w.org\/{rel}","templated":true}]}}