{"id":54029,"date":"2019-01-18T15:06:21","date_gmt":"2019-01-18T14:06:21","guid":{"rendered":"https:\/\/worldofflowerpots.com\/sklep\/pflanztrog-cortenstahl-vaso-7\/"},"modified":"2019-04-11T14:38:27","modified_gmt":"2019-04-11T12:38:27","slug":"pflanztrog-cortenstahl-vaso-7","status":"publish","type":"product","link":"https:\/\/worldofflowerpots.com\/aut\/sortiment\/pflanztrog-cortenstahl-vaso-7\/","title":{"rendered":"pflanztrog cortenstahl Vaso 7"},"content":{"rendered":"<h2>Vaso 7 ein Blumentopf XXL<\/h2>\n<p>Der Pflanztrog cortenstahl , Modell Vaso 7, ist ein edel wirkendes Gef\u00e4\u00df, das aufgrund seines gro\u00dfen Volumens auch ideal f\u00fcr Palmen und andere gro\u00dfe Pflanzen geeignet ist. Das haltbare Material und die in zwei Varianten verf\u00fcgbare Oberfl\u00e4che, die einen lebendigen Rostton aufweist, machen diesen K\u00fcbel zu einem markanten, robusten Begleiter bei der Gestaltung der Terrasse oder eines eleganten Foyers.<\/p>\n<h2>Dieser Pflanztrog cortenstahl wirkt aufgrund seines klaren Designs sehr ungew\u00f6hnlich<\/h2>\n<p>Dieser K\u00fcbel fasst insgesamt 210 Liter. Bei dem Modell kommt ein raffiniertes internes Bew\u00e4sserungssystem zur Anwendung: Ein \u201eTopf im Topf\u201d, was bedeutet, dass ein etwas kleinerer Topf die Erde bzw. die Pflanze direkt umh\u00fcllt. Dieser kleinere Topf kann entnommen werden, so dass ein hygienisches Handling m\u00f6glich ist. Dieser innere Topf weist im unteren Teil L\u00f6cher auf, durch die \u00fcbersch\u00fcssiges Wasser in den ihn umgebenden gro\u00dfen Topf gelangt. Damit entsteht eine Art Wasserreservoir, das es erlaubt, zum Beispiel im Urlaub oder an sehr hei\u00dfen Tagen, die Pflanzen sich sozusagen selbst bew\u00e4ssern zu lassen.<\/p>\n<h2>Ausstattungs-Tipps f\u00fcr Terrasse, Dachterrasse und den Garen \u2013 Vaso 7<\/h2>\n<p>Den Feierabend oder das Wochenende auf seiner Terrasse, seiner Dachterrasse oder in seinem Garten an der frischen Luft genie\u00dfen, wer m\u00f6chte das nicht? Dabei kommt allerdings nur so richtiges Wohlgef\u00fchl auf, wenn die Areale auch angemessen ausgestaltet sind. Bei der Terrasse oder Dachterrasse ist die Auswahl des Bodens aus Holz oder Stein nicht nur aus rein funktionalen Gesichtspunkten wichtig. Der Boden tr\u00e4gt auch in entscheidendem Ma\u00dfe zur Gesamt-Atmosph\u00e4re bei und bietet sich zudem als Stellfl\u00e4che f\u00fcr stimmungsvolle Accessoires an. Wirkungsvoll sind dabei Blument\u00f6pfe f\u00fcr drau\u00dfen oder ein Pflanzentopf als Beh\u00e4lter f\u00fcr einen Kunstbaum, Kunstblumen oder Echtpflanzen.<\/p>\n<p>Die Gef\u00e4\u00dfe werden in vielen Varianten angeboten, z. B. als Pflanztrog rund oder in anderer Form. Einen weiteren pr\u00e4genden Einfluss, der die Terrasse oder den Garten zu einer Wohlf\u00fchl-Oase machen kann, haben die aufgestellten M\u00f6bel. Sie werden in vielen Stilrichtungen angeboten, z. B. als durchgestylte Design-Objekte, rustikal und robust, edel oder schlicht. Bei der Auswahl ist allerdings darauf zu achten, dass die M\u00f6bel f\u00fcr den Au\u00dfenbereich geeignet sind. Eine Regenschauer sollten sie unbeschadet \u00fcberstehen und weitestgehend resistent gegen erh\u00f6hte UV-Bestrahlung durch Sonnenlicht sein. Kunststoff kann ggf. spr\u00f6de werden, Holz ist geeigneter und noch weniger empfindlich ist in der Regel Metall. Einen eingeschr\u00e4nkten Schutz bieten Sonnenschirme und Sonnensegel. Sie lockern zudem den optischen Eindruck auf, genau so wie ein wirkungsvoll positionierter Pflanzentopf oder Blument\u00f6pfe f\u00fcr drau\u00dfen. Bei der Ausgestaltung sind der Kreativit\u00e4t und Fantasie keine Grenzen gesetzt. Einen eindrucksvollen Blickfang erzeugen z. B. Pflanzk\u00fcbel rund mit saftig gr\u00fcnen tropischen Pflanzen.<\/p>\n","protected":false},"excerpt":{"rendered":"<p>Material : 2 mm Cortenstahl<br \/>\nIsoliert mit Styropor<br \/>\nGewicht :45kg<br \/>\nAbmessungen \u2205850mm H950mm<br \/>\nRobust und Stabil<br \/>\nWetterfest<br \/>\nFrostbest\u00e4ndig bei gew\u00e4hrleistetem Wasserablauf<\/p>\n","protected":false},"featured_media":58679,"template":"","meta":{"_acf_changed":false},"product_brand":[],"product_cat":[395],"product_tag":[],"class_list":{"0":"post-54029","1":"product","2":"type-product","3":"status-publish","4":"has-post-thumbnail","6":"product_cat-pflanzkubel-cortenstahl","7":"description-off","8":"tm-has-options","10":"first","11":"instock","12":"shipping-taxable","13":"purchasable","14":"product-type-simple"},"acf":[],"yoast_head":"<!-- This site is optimized with the Yoast SEO plugin v27.5 - https:\/\/yoast.com\/product\/yoast-seo-wordpress\/ -->\n<title>pflanztrog cortenstahl Vaso 7 | World of Flowerpots - producent donic ozdobnych<\/title>\n<meta name=\"robots\" content=\"index, follow, max-snippet:-1, max-image-preview:large, max-video-preview:-1\" \/>\n<link rel=\"canonical\" href=\"https:\/\/worldofflowerpots.com\/sklep\/pflanztrog-cortenstahl-vaso-7\/\" \/>\n<meta property=\"og:locale\" content=\"de_DE\" \/>\n<meta property=\"og:type\" content=\"article\" \/>\n<meta property=\"og:title\" content=\"pflanztrog cortenstahl Vaso 7 | World of Flowerpots - producent donic ozdobnych\" \/>\n<meta property=\"og:description\" content=\"Material : 2 mm Cortenstahl Isoliert mit Styropor Gewicht :45kg Abmessungen \u2205850mm H950mm Robust und Stabil Wetterfest Frostbest\u00e4ndig bei gew\u00e4hrleistetem Wasserablauf\" \/>\n<meta property=\"og:url\" content=\"https:\/\/worldofflowerpots.com\/sklep\/pflanztrog-cortenstahl-vaso-7\/\" \/>\n<meta property=\"og:site_name\" content=\"World of Flowerpots\" \/>\n<meta property=\"article:modified_time\" content=\"2019-04-11T12:38:27+00:00\" \/>\n<meta property=\"og:image\" content=\"https:\/\/worldofflowerpots.com\/wp-content\/uploads\/2019\/01\/pflanztrog-cortenstahl-Vaso-7.jpg\" \/>\n\t<meta property=\"og:image:width\" content=\"2280\" \/>\n\t<meta property=\"og:image:height\" content=\"1612\" \/>\n\t<meta property=\"og:image:type\" content=\"image\/jpeg\" \/>\n<meta name=\"twitter:card\" content=\"summary_large_image\" \/>\n<meta name=\"twitter:label1\" content=\"Est. reading time\" \/>\n\t<meta name=\"twitter:data1\" content=\"2 minutes\" \/>\n<script type=\"application\/ld+json\" class=\"yoast-schema-graph\">{\"@context\":\"https:\\\/\\\/schema.org\",\"@graph\":[{\"@type\":\"WebPage\",\"@id\":\"https:\\\/\\\/worldofflowerpots.com\\\/sklep\\\/pflanztrog-cortenstahl-vaso-7\\\/\",\"url\":\"https:\\\/\\\/worldofflowerpots.com\\\/sklep\\\/pflanztrog-cortenstahl-vaso-7\\\/\",\"name\":\"pflanztrog cortenstahl Vaso 7 | World of Flowerpots - producent donic ozdobnych\",\"isPartOf\":{\"@id\":\"https:\\\/\\\/worldofflowerpots.com\\\/#website\"},\"primaryImageOfPage\":{\"@id\":\"https:\\\/\\\/worldofflowerpots.com\\\/sklep\\\/pflanztrog-cortenstahl-vaso-7\\\/#primaryimage\"},\"image\":{\"@id\":\"https:\\\/\\\/worldofflowerpots.com\\\/sklep\\\/pflanztrog-cortenstahl-vaso-7\\\/#primaryimage\"},\"thumbnailUrl\":\"https:\\\/\\\/worldofflowerpots.com\\\/wp-content\\\/uploads\\\/2019\\\/01\\\/pflanztrog-cortenstahl-Vaso-7.jpg\",\"datePublished\":\"2019-01-18T14:06:21+00:00\",\"dateModified\":\"2019-04-11T12:38:27+00:00\",\"breadcrumb\":{\"@id\":\"https:\\\/\\\/worldofflowerpots.com\\\/sklep\\\/pflanztrog-cortenstahl-vaso-7\\\/#breadcrumb\"},\"inLanguage\":\"de-AUT\",\"potentialAction\":[{\"@type\":\"ReadAction\",\"target\":[\"https:\\\/\\\/worldofflowerpots.com\\\/sklep\\\/pflanztrog-cortenstahl-vaso-7\\\/\"]}]},{\"@type\":\"ImageObject\",\"inLanguage\":\"de-AUT\",\"@id\":\"https:\\\/\\\/worldofflowerpots.com\\\/sklep\\\/pflanztrog-cortenstahl-vaso-7\\\/#primaryimage\",\"url\":\"https:\\\/\\\/worldofflowerpots.com\\\/wp-content\\\/uploads\\\/2019\\\/01\\\/pflanztrog-cortenstahl-Vaso-7.jpg\",\"contentUrl\":\"https:\\\/\\\/worldofflowerpots.com\\\/wp-content\\\/uploads\\\/2019\\\/01\\\/pflanztrog-cortenstahl-Vaso-7.jpg\",\"width\":2280,\"height\":1612},{\"@type\":\"BreadcrumbList\",\"@id\":\"https:\\\/\\\/worldofflowerpots.com\\\/sklep\\\/pflanztrog-cortenstahl-vaso-7\\\/#breadcrumb\",\"itemListElement\":[{\"@type\":\"ListItem\",\"position\":1,\"name\":\"Strona g\u0142\u00f3wna\",\"item\":\"https:\\\/\\\/worldofflowerpots.com\\\/home\\\/\"},{\"@type\":\"ListItem\",\"position\":2,\"name\":\"Shop\",\"item\":\"https:\\\/\\\/worldofflowerpots.com\\\/sortiment\\\/\"},{\"@type\":\"ListItem\",\"position\":3,\"name\":\"pflanztrog cortenstahl Vaso 7\"}]},{\"@type\":\"WebSite\",\"@id\":\"https:\\\/\\\/worldofflowerpots.com\\\/#website\",\"url\":\"https:\\\/\\\/worldofflowerpots.com\\\/\",\"name\":\"World of Flowerpots\",\"description\":\"producent donic ozdobnych\",\"potentialAction\":[{\"@type\":\"SearchAction\",\"target\":{\"@type\":\"EntryPoint\",\"urlTemplate\":\"https:\\\/\\\/worldofflowerpots.com\\\/?s={search_term_string}\"},\"query-input\":{\"@type\":\"PropertyValueSpecification\",\"valueRequired\":true,\"valueName\":\"search_term_string\"}}],\"inLanguage\":\"de-AUT\"}]}<\/script>\n<!-- \/ Yoast SEO plugin. -->","yoast_head_json":{"title":"pflanztrog cortenstahl Vaso 7 | World of Flowerpots - producent donic ozdobnych","robots":{"index":"index","follow":"follow","max-snippet":"max-snippet:-1","max-image-preview":"max-image-preview:large","max-video-preview":"max-video-preview:-1"},"canonical":"https:\/\/worldofflowerpots.com\/sklep\/pflanztrog-cortenstahl-vaso-7\/","og_locale":"de_DE","og_type":"article","og_title":"pflanztrog cortenstahl Vaso 7 | World of Flowerpots - producent donic ozdobnych","og_description":"Material : 2 mm Cortenstahl Isoliert mit Styropor Gewicht :45kg Abmessungen \u2205850mm H950mm Robust und Stabil Wetterfest Frostbest\u00e4ndig bei gew\u00e4hrleistetem Wasserablauf","og_url":"https:\/\/worldofflowerpots.com\/sklep\/pflanztrog-cortenstahl-vaso-7\/","og_site_name":"World of Flowerpots","article_modified_time":"2019-04-11T12:38:27+00:00","og_image":[{"width":2280,"height":1612,"url":"https:\/\/worldofflowerpots.com\/wp-content\/uploads\/2019\/01\/pflanztrog-cortenstahl-Vaso-7.jpg","type":"image\/jpeg"}],"twitter_card":"summary_large_image","twitter_misc":{"Est. reading time":"2 minutes"},"schema":{"@context":"https:\/\/schema.org","@graph":[{"@type":"WebPage","@id":"https:\/\/worldofflowerpots.com\/sklep\/pflanztrog-cortenstahl-vaso-7\/","url":"https:\/\/worldofflowerpots.com\/sklep\/pflanztrog-cortenstahl-vaso-7\/","name":"pflanztrog cortenstahl Vaso 7 | World of Flowerpots - producent donic ozdobnych","isPartOf":{"@id":"https:\/\/worldofflowerpots.com\/#website"},"primaryImageOfPage":{"@id":"https:\/\/worldofflowerpots.com\/sklep\/pflanztrog-cortenstahl-vaso-7\/#primaryimage"},"image":{"@id":"https:\/\/worldofflowerpots.com\/sklep\/pflanztrog-cortenstahl-vaso-7\/#primaryimage"},"thumbnailUrl":"https:\/\/worldofflowerpots.com\/wp-content\/uploads\/2019\/01\/pflanztrog-cortenstahl-Vaso-7.jpg","datePublished":"2019-01-18T14:06:21+00:00","dateModified":"2019-04-11T12:38:27+00:00","breadcrumb":{"@id":"https:\/\/worldofflowerpots.com\/sklep\/pflanztrog-cortenstahl-vaso-7\/#breadcrumb"},"inLanguage":"de-AUT","potentialAction":[{"@type":"ReadAction","target":["https:\/\/worldofflowerpots.com\/sklep\/pflanztrog-cortenstahl-vaso-7\/"]}]},{"@type":"ImageObject","inLanguage":"de-AUT","@id":"https:\/\/worldofflowerpots.com\/sklep\/pflanztrog-cortenstahl-vaso-7\/#primaryimage","url":"https:\/\/worldofflowerpots.com\/wp-content\/uploads\/2019\/01\/pflanztrog-cortenstahl-Vaso-7.jpg","contentUrl":"https:\/\/worldofflowerpots.com\/wp-content\/uploads\/2019\/01\/pflanztrog-cortenstahl-Vaso-7.jpg","width":2280,"height":1612},{"@type":"BreadcrumbList","@id":"https:\/\/worldofflowerpots.com\/sklep\/pflanztrog-cortenstahl-vaso-7\/#breadcrumb","itemListElement":[{"@type":"ListItem","position":1,"name":"Strona g\u0142\u00f3wna","item":"https:\/\/worldofflowerpots.com\/home\/"},{"@type":"ListItem","position":2,"name":"Shop","item":"https:\/\/worldofflowerpots.com\/sortiment\/"},{"@type":"ListItem","position":3,"name":"pflanztrog cortenstahl Vaso 7"}]},{"@type":"WebSite","@id":"https:\/\/worldofflowerpots.com\/#website","url":"https:\/\/worldofflowerpots.com\/","name":"World of Flowerpots","description":"producent donic ozdobnych","potentialAction":[{"@type":"SearchAction","target":{"@type":"EntryPoint","urlTemplate":"https:\/\/worldofflowerpots.com\/?s={search_term_string}"},"query-input":{"@type":"PropertyValueSpecification","valueRequired":true,"valueName":"search_term_string"}}],"inLanguage":"de-AUT"}]}},"_links":{"self":[{"href":"https:\/\/worldofflowerpots.com\/aut\/wp-json\/wp\/v2\/product\/54029","targetHints":{"allow":["GET"]}}],"collection":[{"href":"https:\/\/worldofflowerpots.com\/aut\/wp-json\/wp\/v2\/product"}],"about":[{"href":"https:\/\/worldofflowerpots.com\/aut\/wp-json\/wp\/v2\/types\/product"}],"wp:featuredmedia":[{"embeddable":true,"href":"https:\/\/worldofflowerpots.com\/aut\/wp-json\/wp\/v2\/media\/58679"}],"wp:attachment":[{"href":"https:\/\/worldofflowerpots.com\/aut\/wp-json\/wp\/v2\/media?parent=54029"}],"wp:term":[{"taxonomy":"product_brand","embeddable":true,"href":"https:\/\/worldofflowerpots.com\/aut\/wp-json\/wp\/v2\/product_brand?post=54029"},{"taxonomy":"product_cat","embeddable":true,"href":"https:\/\/worldofflowerpots.com\/aut\/wp-json\/wp\/v2\/product_cat?post=54029"},{"taxonomy":"product_tag","embeddable":true,"href":"https:\/\/worldofflowerpots.com\/aut\/wp-json\/wp\/v2\/product_tag?post=54029"}],"curies":[{"name":"wp","href":"https:\/\/api.w.org\/{rel}","templated":true}]}}