{"id":54036,"date":"2019-01-18T15:13:37","date_gmt":"2019-01-18T14:13:37","guid":{"rendered":"https:\/\/worldofflowerpots.com\/sklep\/blumenkubel-fiberglas-aussen-emilio-6\/"},"modified":"2019-04-15T13:18:49","modified_gmt":"2019-04-15T11:18:49","slug":"blumenkubel-fiberglas-aussen-emilio-6","status":"publish","type":"product","link":"https:\/\/worldofflowerpots.com\/aut\/sortiment\/blumenkubel-fiberglas-aussen-emilio-6\/","title":{"rendered":"Blumenk\u00fcbel fiberglas aussen Emilio 6"},"content":{"rendered":"<h2>Blumenk\u00fcbel fiberglas aussen in Zeitlose Design f\u00fcr die Au\u00dfengestaltung<\/h2>\n<p>Das quaderf\u00f6rmige und lang gestreckte Blumenk\u00fcbel fiberglas aussen \u201eEmilio 6\u201d eignet sich hervorragend f\u00fcr die attraktive Gestaltung von Au\u00dfenanlagen, wie zum Baeispiel Terassen oder Balkone. Durch seine elegante Form und seine zeitlose Fargestaltung passt sich \u201eEmilio 6\u201d auf geschmackvolle Weise in die unterschiedlichsten Ambiente an. Das witterungsresistende Fiberglas, aus dem das attraktive Pflanzengef\u00e4\u00df geschaffen wurde, h\u00e4lt Hitze wie K\u00e4lte stand.<\/p>\n<h2>Gro\u00dfz\u00fcgige Fl\u00e4che f\u00fcr Bepflanzungen<\/h2>\n<p>\u201eEmilio 6\u201d bespielt mit seiner ungew\u00f6hnlich langen Form gro\u00dfe Au\u00dfenfl\u00e4chen auf attraktive Weise. Der moderne Blumenk\u00fcbel fiberglas aussen hat eine au\u00dfergew\u00f6hnliche L\u00e4nge von 2300 cm und macht den Pflanzk\u00fcbel xxl zu einem perfekten Dekorationselement vor gro\u00dfen Wandfl\u00e4chen. Mit einer H\u00f6he von 500 cm l\u00e4sst er sich bequem bepflanzen. Trotz seiner au\u00dfergew\u00f6hnlichen Gr\u00f6\u00dfe wiegt \u201eEmilio 6\u201d nur Kilogramm aufgrund der leichten Beschaffenheit des hochwertigen Fiberglases. Der Blumenk\u00fcbel ist mit einem Volumen von bis zu 430 Litern f\u00fcllbar.<\/p>\n<h2>Hervorragende Qualit\u00e4t und moderne Eleganz<\/h2>\n<p>Der sch\u00f6ne Blumen kasten \u201eEmilio 6\u201d \u00fcberzeugt mit seiner l\u00e4nglichen Form, die jedem Ambiente einen modernen Charakter verleiht. Die durchdachte Konstruktion in Verbindung mit einer Innenschale erm\u00f6glicht eine sichere Bew\u00e4sserung der Pflanzen und l\u00e4sst den Blumen kasten auch bei Frost nicht rei\u00dfen. Durch seine leichte Materialbeschaffenheit und seine stabile Standfestigkeit ist \u201eEmilio 6\u201d die Basis f\u00fcr eine sch\u00f6ne Gestaltung von Au\u00dfenanlagen mit Pflanzen aller Art.<\/p>\n","protected":false},"excerpt":{"rendered":"<p>Material : Fiberglas<br \/>\nFarben: RAL 9010,9016,7045,7012,7021,9005<br \/>\nAndere RAL Farben Mindestabnahme 5 St\u00fcck<br \/>\nUV-resistent Isoliert mit Styropor<br \/>\nGewicht :27kg<br \/>\nAbmessungen B500mm H400mm L2300mm<br \/>\nWetterfest<br \/>\nFrostbest\u00e4ndig bei gew\u00e4hrleistetem Wasserablauf<\/p>\n","protected":false},"featured_media":59047,"template":"","meta":{"_acf_changed":false},"product_brand":[],"product_cat":[396],"product_tag":[],"class_list":{"0":"post-54036","1":"product","2":"type-product","3":"status-publish","4":"has-post-thumbnail","6":"product_cat-pflanzkubel-fiberglas","7":"description-off","8":"tm-has-options","10":"first","11":"instock","12":"shipping-taxable","13":"purchasable","14":"product-type-simple"},"acf":[],"yoast_head":"<!-- This site is optimized with the Yoast SEO plugin v27.5 - https:\/\/yoast.com\/product\/yoast-seo-wordpress\/ -->\n<title>Blumenk\u00fcbel fiberglas aussen in Zeitlose Design f\u00fcr die Au\u00dfengestaltung<\/title>\n<meta name=\"description\" content=\"Der moderne Blumenk\u00fcbel fiberglas aussen hat eine au\u00dfergew\u00f6hnliche L\u00e4nge von 2300 cm f\u00fcr eine sch\u00f6ne Gestaltung von Au\u00dfenanlagen mit Pflanzen aller Art.\" \/>\n<meta name=\"robots\" content=\"index, follow, max-snippet:-1, max-image-preview:large, max-video-preview:-1\" \/>\n<link rel=\"canonical\" href=\"https:\/\/worldofflowerpots.com\/sklep\/blumenkubel-fiberglas-aussen-emilio-6\/\" \/>\n<meta property=\"og:locale\" content=\"de_DE\" \/>\n<meta property=\"og:type\" content=\"article\" \/>\n<meta property=\"og:title\" content=\"Blumenk\u00fcbel fiberglas aussen in Zeitlose Design f\u00fcr die Au\u00dfengestaltung\" \/>\n<meta property=\"og:description\" content=\"Der moderne Blumenk\u00fcbel fiberglas aussen hat eine au\u00dfergew\u00f6hnliche L\u00e4nge von 2300 cm f\u00fcr eine sch\u00f6ne Gestaltung von Au\u00dfenanlagen mit Pflanzen aller Art.\" \/>\n<meta property=\"og:url\" content=\"https:\/\/worldofflowerpots.com\/sklep\/blumenkubel-fiberglas-aussen-emilio-6\/\" \/>\n<meta property=\"og:site_name\" content=\"World of Flowerpots\" \/>\n<meta property=\"article:modified_time\" content=\"2019-04-15T11:18:49+00:00\" \/>\n<meta property=\"og:image\" content=\"https:\/\/worldofflowerpots.com\/wp-content\/uploads\/2019\/01\/blumenk\u00fcbel-fiberglas-aussen-Emilio-6.jpg\" \/>\n\t<meta property=\"og:image:width\" content=\"1920\" \/>\n\t<meta property=\"og:image:height\" content=\"1080\" \/>\n\t<meta property=\"og:image:type\" content=\"image\/jpeg\" \/>\n<meta name=\"twitter:card\" content=\"summary_large_image\" \/>\n<meta name=\"twitter:label1\" content=\"Est. reading time\" \/>\n\t<meta name=\"twitter:data1\" content=\"1 minute\" \/>\n<script type=\"application\/ld+json\" class=\"yoast-schema-graph\">{\"@context\":\"https:\\\/\\\/schema.org\",\"@graph\":[{\"@type\":\"WebPage\",\"@id\":\"https:\\\/\\\/worldofflowerpots.com\\\/sklep\\\/blumenkubel-fiberglas-aussen-emilio-6\\\/\",\"url\":\"https:\\\/\\\/worldofflowerpots.com\\\/sklep\\\/blumenkubel-fiberglas-aussen-emilio-6\\\/\",\"name\":\"Blumenk\u00fcbel fiberglas aussen in Zeitlose Design f\u00fcr die Au\u00dfengestaltung\",\"isPartOf\":{\"@id\":\"https:\\\/\\\/worldofflowerpots.com\\\/#website\"},\"primaryImageOfPage\":{\"@id\":\"https:\\\/\\\/worldofflowerpots.com\\\/sklep\\\/blumenkubel-fiberglas-aussen-emilio-6\\\/#primaryimage\"},\"image\":{\"@id\":\"https:\\\/\\\/worldofflowerpots.com\\\/sklep\\\/blumenkubel-fiberglas-aussen-emilio-6\\\/#primaryimage\"},\"thumbnailUrl\":\"https:\\\/\\\/worldofflowerpots.com\\\/wp-content\\\/uploads\\\/2019\\\/01\\\/blumenk\u00fcbel-fiberglas-aussen-Emilio-6.jpg\",\"datePublished\":\"2019-01-18T14:13:37+00:00\",\"dateModified\":\"2019-04-15T11:18:49+00:00\",\"description\":\"Der moderne Blumenk\u00fcbel fiberglas aussen hat eine au\u00dfergew\u00f6hnliche L\u00e4nge von 2300 cm f\u00fcr eine sch\u00f6ne Gestaltung von Au\u00dfenanlagen mit Pflanzen aller Art.\",\"breadcrumb\":{\"@id\":\"https:\\\/\\\/worldofflowerpots.com\\\/sklep\\\/blumenkubel-fiberglas-aussen-emilio-6\\\/#breadcrumb\"},\"inLanguage\":\"de-AUT\",\"potentialAction\":[{\"@type\":\"ReadAction\",\"target\":[\"https:\\\/\\\/worldofflowerpots.com\\\/sklep\\\/blumenkubel-fiberglas-aussen-emilio-6\\\/\"]}]},{\"@type\":\"ImageObject\",\"inLanguage\":\"de-AUT\",\"@id\":\"https:\\\/\\\/worldofflowerpots.com\\\/sklep\\\/blumenkubel-fiberglas-aussen-emilio-6\\\/#primaryimage\",\"url\":\"https:\\\/\\\/worldofflowerpots.com\\\/wp-content\\\/uploads\\\/2019\\\/01\\\/blumenk\u00fcbel-fiberglas-aussen-Emilio-6.jpg\",\"contentUrl\":\"https:\\\/\\\/worldofflowerpots.com\\\/wp-content\\\/uploads\\\/2019\\\/01\\\/blumenk\u00fcbel-fiberglas-aussen-Emilio-6.jpg\",\"width\":1920,\"height\":1080},{\"@type\":\"BreadcrumbList\",\"@id\":\"https:\\\/\\\/worldofflowerpots.com\\\/sklep\\\/blumenkubel-fiberglas-aussen-emilio-6\\\/#breadcrumb\",\"itemListElement\":[{\"@type\":\"ListItem\",\"position\":1,\"name\":\"Strona g\u0142\u00f3wna\",\"item\":\"https:\\\/\\\/worldofflowerpots.com\\\/home\\\/\"},{\"@type\":\"ListItem\",\"position\":2,\"name\":\"Shop\",\"item\":\"https:\\\/\\\/worldofflowerpots.com\\\/sortiment\\\/\"},{\"@type\":\"ListItem\",\"position\":3,\"name\":\"Blumenk\u00fcbel fiberglas aussen Emilio 6\"}]},{\"@type\":\"WebSite\",\"@id\":\"https:\\\/\\\/worldofflowerpots.com\\\/#website\",\"url\":\"https:\\\/\\\/worldofflowerpots.com\\\/\",\"name\":\"World of Flowerpots\",\"description\":\"producent donic ozdobnych\",\"potentialAction\":[{\"@type\":\"SearchAction\",\"target\":{\"@type\":\"EntryPoint\",\"urlTemplate\":\"https:\\\/\\\/worldofflowerpots.com\\\/?s={search_term_string}\"},\"query-input\":{\"@type\":\"PropertyValueSpecification\",\"valueRequired\":true,\"valueName\":\"search_term_string\"}}],\"inLanguage\":\"de-AUT\"}]}<\/script>\n<!-- \/ Yoast SEO plugin. -->","yoast_head_json":{"title":"Blumenk\u00fcbel fiberglas aussen in Zeitlose Design f\u00fcr die Au\u00dfengestaltung","description":"Der moderne Blumenk\u00fcbel fiberglas aussen hat eine au\u00dfergew\u00f6hnliche L\u00e4nge von 2300 cm f\u00fcr eine sch\u00f6ne Gestaltung von Au\u00dfenanlagen mit Pflanzen aller Art.","robots":{"index":"index","follow":"follow","max-snippet":"max-snippet:-1","max-image-preview":"max-image-preview:large","max-video-preview":"max-video-preview:-1"},"canonical":"https:\/\/worldofflowerpots.com\/sklep\/blumenkubel-fiberglas-aussen-emilio-6\/","og_locale":"de_DE","og_type":"article","og_title":"Blumenk\u00fcbel fiberglas aussen in Zeitlose Design f\u00fcr die Au\u00dfengestaltung","og_description":"Der moderne Blumenk\u00fcbel fiberglas aussen hat eine au\u00dfergew\u00f6hnliche L\u00e4nge von 2300 cm f\u00fcr eine sch\u00f6ne Gestaltung von Au\u00dfenanlagen mit Pflanzen aller Art.","og_url":"https:\/\/worldofflowerpots.com\/sklep\/blumenkubel-fiberglas-aussen-emilio-6\/","og_site_name":"World of Flowerpots","article_modified_time":"2019-04-15T11:18:49+00:00","og_image":[{"width":1920,"height":1080,"url":"https:\/\/worldofflowerpots.com\/wp-content\/uploads\/2019\/01\/blumenk\u00fcbel-fiberglas-aussen-Emilio-6.jpg","type":"image\/jpeg"}],"twitter_card":"summary_large_image","twitter_misc":{"Est. reading time":"1 minute"},"schema":{"@context":"https:\/\/schema.org","@graph":[{"@type":"WebPage","@id":"https:\/\/worldofflowerpots.com\/sklep\/blumenkubel-fiberglas-aussen-emilio-6\/","url":"https:\/\/worldofflowerpots.com\/sklep\/blumenkubel-fiberglas-aussen-emilio-6\/","name":"Blumenk\u00fcbel fiberglas aussen in Zeitlose Design f\u00fcr die Au\u00dfengestaltung","isPartOf":{"@id":"https:\/\/worldofflowerpots.com\/#website"},"primaryImageOfPage":{"@id":"https:\/\/worldofflowerpots.com\/sklep\/blumenkubel-fiberglas-aussen-emilio-6\/#primaryimage"},"image":{"@id":"https:\/\/worldofflowerpots.com\/sklep\/blumenkubel-fiberglas-aussen-emilio-6\/#primaryimage"},"thumbnailUrl":"https:\/\/worldofflowerpots.com\/wp-content\/uploads\/2019\/01\/blumenk\u00fcbel-fiberglas-aussen-Emilio-6.jpg","datePublished":"2019-01-18T14:13:37+00:00","dateModified":"2019-04-15T11:18:49+00:00","description":"Der moderne Blumenk\u00fcbel fiberglas aussen hat eine au\u00dfergew\u00f6hnliche L\u00e4nge von 2300 cm f\u00fcr eine sch\u00f6ne Gestaltung von Au\u00dfenanlagen mit Pflanzen aller Art.","breadcrumb":{"@id":"https:\/\/worldofflowerpots.com\/sklep\/blumenkubel-fiberglas-aussen-emilio-6\/#breadcrumb"},"inLanguage":"de-AUT","potentialAction":[{"@type":"ReadAction","target":["https:\/\/worldofflowerpots.com\/sklep\/blumenkubel-fiberglas-aussen-emilio-6\/"]}]},{"@type":"ImageObject","inLanguage":"de-AUT","@id":"https:\/\/worldofflowerpots.com\/sklep\/blumenkubel-fiberglas-aussen-emilio-6\/#primaryimage","url":"https:\/\/worldofflowerpots.com\/wp-content\/uploads\/2019\/01\/blumenk\u00fcbel-fiberglas-aussen-Emilio-6.jpg","contentUrl":"https:\/\/worldofflowerpots.com\/wp-content\/uploads\/2019\/01\/blumenk\u00fcbel-fiberglas-aussen-Emilio-6.jpg","width":1920,"height":1080},{"@type":"BreadcrumbList","@id":"https:\/\/worldofflowerpots.com\/sklep\/blumenkubel-fiberglas-aussen-emilio-6\/#breadcrumb","itemListElement":[{"@type":"ListItem","position":1,"name":"Strona g\u0142\u00f3wna","item":"https:\/\/worldofflowerpots.com\/home\/"},{"@type":"ListItem","position":2,"name":"Shop","item":"https:\/\/worldofflowerpots.com\/sortiment\/"},{"@type":"ListItem","position":3,"name":"Blumenk\u00fcbel fiberglas aussen Emilio 6"}]},{"@type":"WebSite","@id":"https:\/\/worldofflowerpots.com\/#website","url":"https:\/\/worldofflowerpots.com\/","name":"World of Flowerpots","description":"producent donic ozdobnych","potentialAction":[{"@type":"SearchAction","target":{"@type":"EntryPoint","urlTemplate":"https:\/\/worldofflowerpots.com\/?s={search_term_string}"},"query-input":{"@type":"PropertyValueSpecification","valueRequired":true,"valueName":"search_term_string"}}],"inLanguage":"de-AUT"}]}},"_links":{"self":[{"href":"https:\/\/worldofflowerpots.com\/aut\/wp-json\/wp\/v2\/product\/54036","targetHints":{"allow":["GET"]}}],"collection":[{"href":"https:\/\/worldofflowerpots.com\/aut\/wp-json\/wp\/v2\/product"}],"about":[{"href":"https:\/\/worldofflowerpots.com\/aut\/wp-json\/wp\/v2\/types\/product"}],"wp:featuredmedia":[{"embeddable":true,"href":"https:\/\/worldofflowerpots.com\/aut\/wp-json\/wp\/v2\/media\/59047"}],"wp:attachment":[{"href":"https:\/\/worldofflowerpots.com\/aut\/wp-json\/wp\/v2\/media?parent=54036"}],"wp:term":[{"taxonomy":"product_brand","embeddable":true,"href":"https:\/\/worldofflowerpots.com\/aut\/wp-json\/wp\/v2\/product_brand?post=54036"},{"taxonomy":"product_cat","embeddable":true,"href":"https:\/\/worldofflowerpots.com\/aut\/wp-json\/wp\/v2\/product_cat?post=54036"},{"taxonomy":"product_tag","embeddable":true,"href":"https:\/\/worldofflowerpots.com\/aut\/wp-json\/wp\/v2\/product_tag?post=54036"}],"curies":[{"name":"wp","href":"https:\/\/api.w.org\/{rel}","templated":true}]}}