{"id":54037,"date":"2019-01-18T15:07:38","date_gmt":"2019-01-18T14:07:38","guid":{"rendered":"https:\/\/worldofflowerpots.com\/sklep\/beton-blumenkubel-rund-hydra-2\/"},"modified":"2019-04-15T09:25:11","modified_gmt":"2019-04-15T07:25:11","slug":"beton-blumenkubel-rund-hydra-2","status":"publish","type":"product","link":"https:\/\/worldofflowerpots.com\/aut\/sortiment\/beton-blumenkubel-rund-hydra-2\/","title":{"rendered":"Beton Blumenk\u00fcbel rund Model Hydra 2"},"content":{"rendered":"<div id=\"attachment_58959\" style=\"width: 1034px\" class=\"wp-caption aligncenter\"><img loading=\"lazy\" decoding=\"async\" aria-describedby=\"caption-attachment-58959\" class=\"wp-image-58959 size-large\" src=\"https:\/\/worldofflowerpots.com\/wp-content\/uploads\/2017\/01\/Richtig-bepflanzen--1024x576.jpg\" alt=\"\" width=\"1024\" height=\"576\" srcset=\"https:\/\/worldofflowerpots.com\/wp-content\/uploads\/2017\/01\/Richtig-bepflanzen--1024x576.jpg 1024w, https:\/\/worldofflowerpots.com\/wp-content\/uploads\/2017\/01\/Richtig-bepflanzen--300x169.jpg 300w, https:\/\/worldofflowerpots.com\/wp-content\/uploads\/2017\/01\/Richtig-bepflanzen--768x432.jpg 768w, https:\/\/worldofflowerpots.com\/wp-content\/uploads\/2017\/01\/Richtig-bepflanzen--600x338.jpg 600w, https:\/\/worldofflowerpots.com\/wp-content\/uploads\/2017\/01\/Richtig-bepflanzen-.jpg 1920w\" sizes=\"auto, (max-width: 1024px) 100vw, 1024px\" \/><p id=\"caption-attachment-58959\" class=\"wp-caption-text\">Richtig bepflanzen<\/p><\/div>\n<h2>Standfester Designer Pflanzk\u00fcbel beton f\u00fcr Garten und Terrasse<\/h2>\n<p>Der moderne Beton Blumenk\u00fcbel rund aus der Serie Hydra \u00fcberzeugt mit einem filigranen Design und einer f\u00fcr das robuste Material Beton au\u00dfergew\u00f6hnlich verspielten Struktur. Das Modell Hydra 2 ist ein Pflanzk\u00fcbel beton, der dank seines Eigengewichts von 180 Kilogramm eine perfekte Standsicherheit bietet.<\/p>\n<h2>Viel Erde im Pflanztrog Beton f\u00fcr die gesunde Entwicklung der Pflanzen<\/h2>\n<p>Dieser Pflanzk\u00fcbel beton fasst ungef\u00e4hr 760 Liter Erde f\u00fcr Blumen, B\u00e4ume, Str\u00e4ucher und alle anderen Pflanzen. Daher ist der sch\u00f6ne Beton Blumenk\u00fcbel rund auch ideal f\u00fcr jeden Bereich in Haus und Garten geeignet. Die F\u00fclle an Erde im Pflanztrog Beton sorgt f\u00fcr nat\u00fcrliche Verh\u00e4ltnisse, so dass sich Wurzelwerk und Pflanze rundum wohlf\u00fchlen k\u00f6nnen. Das Zusammenspiel von Pflanztrog Beton und der Pflanze ergibt in allen Gartenbereichen eine abwechslungsreiche Optik.<\/p>\n<h2>Moderner Blumenk\u00fcbel beton \u2013 angenehmes Ambiente im Garten<\/h2>\n<p>Die Serie Hydra begeistert in verschiedenen Gr\u00f6\u00dfen. Daher kann das Modell Hydra 2 auch mit vielen anderen T\u00f6pfen kombiniert werden. So findet sich f\u00fcr jede Pflanze der passende K\u00fcbel. Neben der Serie Hydra, die mit runden weichen Formen die Nat\u00fcrlichkeit jeder Gartenanlage betont, stehen auch flache Schalen aus Beton zur Auswahl. Diese flachen Gef\u00e4\u00dfe lassen sich optisch ansprechend zwischen die hohen K\u00fcbel Hydra 2 setzen und sorgen so f\u00fcr ein aufgelockertes Flair inmitten der gro\u00dfen Pflanztr\u00f6ge.<\/p>\n","protected":false},"excerpt":{"rendered":"<p>Gewicht :180<br \/>\nAbmessungen \u00a0H800mm \u22051200mm<br \/>\nFarben: Grau, Schwarz, Weiss<br \/>\nUV-resistent<br \/>\nRobust und Stabil<br \/>\nWetterfest<br \/>\n<strong>Frostbest\u00e4ndig bei gew\u00e4hrleistetem Wasserablauf<\/strong><\/p>\n","protected":false},"featured_media":58175,"template":"","meta":{"_acf_changed":false},"product_brand":[],"product_cat":[393],"product_tag":[482],"class_list":{"0":"post-54037","1":"product","2":"type-product","3":"status-publish","4":"has-post-thumbnail","6":"product_cat-pflanzkubel-beton","7":"product_tag-donice-ogrodowe-de-aut","8":"description-off","9":"tm-has-options","11":"first","12":"instock","13":"shipping-taxable","14":"purchasable","15":"product-type-simple"},"acf":[],"yoast_head":"<!-- This site is optimized with the Yoast SEO plugin v27.5 - https:\/\/yoast.com\/product\/yoast-seo-wordpress\/ -->\n<title>Beton blumenk\u00fcbel in Rund aus UHPC f\u00fcr innen und draussen<\/title>\n<meta name=\"description\" content=\"Das Zusammenspiel von Beton Blumenk\u00fcbel rund und der Pflanze ergibt in allen Gartenbereichen eine abwechslungsreiche Optik.\" \/>\n<meta name=\"robots\" content=\"index, follow, max-snippet:-1, max-image-preview:large, max-video-preview:-1\" \/>\n<link rel=\"canonical\" href=\"https:\/\/worldofflowerpots.com\/sklep\/beton-blumenkubel-rund-hydra-2\/\" \/>\n<meta property=\"og:locale\" content=\"de_DE\" \/>\n<meta property=\"og:type\" content=\"article\" \/>\n<meta property=\"og:title\" content=\"Beton blumenk\u00fcbel in Rund aus UHPC f\u00fcr innen und draussen\" \/>\n<meta property=\"og:description\" content=\"Das Zusammenspiel von Beton Blumenk\u00fcbel rund und der Pflanze ergibt in allen Gartenbereichen eine abwechslungsreiche Optik.\" \/>\n<meta property=\"og:url\" content=\"https:\/\/worldofflowerpots.com\/sklep\/beton-blumenkubel-rund-hydra-2\/\" \/>\n<meta property=\"og:site_name\" content=\"World of Flowerpots\" \/>\n<meta property=\"article:modified_time\" content=\"2019-04-15T07:25:11+00:00\" \/>\n<meta property=\"og:image\" content=\"https:\/\/worldofflowerpots.com\/wp-content\/uploads\/2019\/01\/Beton-blumenk\u00fcbel-rund-Hydra-2.jpg\" \/>\n\t<meta property=\"og:image:width\" content=\"1920\" \/>\n\t<meta property=\"og:image:height\" content=\"1080\" \/>\n\t<meta property=\"og:image:type\" content=\"image\/jpeg\" \/>\n<meta name=\"twitter:card\" content=\"summary_large_image\" \/>\n<meta name=\"twitter:label1\" content=\"Est. reading time\" \/>\n\t<meta name=\"twitter:data1\" content=\"1 minute\" \/>\n<script type=\"application\/ld+json\" class=\"yoast-schema-graph\">{\"@context\":\"https:\\\/\\\/schema.org\",\"@graph\":[{\"@type\":\"WebPage\",\"@id\":\"https:\\\/\\\/worldofflowerpots.com\\\/sklep\\\/beton-blumenkubel-rund-hydra-2\\\/\",\"url\":\"https:\\\/\\\/worldofflowerpots.com\\\/sklep\\\/beton-blumenkubel-rund-hydra-2\\\/\",\"name\":\"Beton blumenk\u00fcbel in Rund aus UHPC f\u00fcr innen und draussen\",\"isPartOf\":{\"@id\":\"https:\\\/\\\/worldofflowerpots.com\\\/#website\"},\"primaryImageOfPage\":{\"@id\":\"https:\\\/\\\/worldofflowerpots.com\\\/sklep\\\/beton-blumenkubel-rund-hydra-2\\\/#primaryimage\"},\"image\":{\"@id\":\"https:\\\/\\\/worldofflowerpots.com\\\/sklep\\\/beton-blumenkubel-rund-hydra-2\\\/#primaryimage\"},\"thumbnailUrl\":\"https:\\\/\\\/worldofflowerpots.com\\\/wp-content\\\/uploads\\\/2019\\\/01\\\/Beton-blumenk\u00fcbel-rund-Hydra-2.jpg\",\"datePublished\":\"2019-01-18T14:07:38+00:00\",\"dateModified\":\"2019-04-15T07:25:11+00:00\",\"description\":\"Das Zusammenspiel von Beton Blumenk\u00fcbel rund und der Pflanze ergibt in allen Gartenbereichen eine abwechslungsreiche Optik.\",\"breadcrumb\":{\"@id\":\"https:\\\/\\\/worldofflowerpots.com\\\/sklep\\\/beton-blumenkubel-rund-hydra-2\\\/#breadcrumb\"},\"inLanguage\":\"de-AUT\",\"potentialAction\":[{\"@type\":\"ReadAction\",\"target\":[\"https:\\\/\\\/worldofflowerpots.com\\\/sklep\\\/beton-blumenkubel-rund-hydra-2\\\/\"]}]},{\"@type\":\"ImageObject\",\"inLanguage\":\"de-AUT\",\"@id\":\"https:\\\/\\\/worldofflowerpots.com\\\/sklep\\\/beton-blumenkubel-rund-hydra-2\\\/#primaryimage\",\"url\":\"https:\\\/\\\/worldofflowerpots.com\\\/wp-content\\\/uploads\\\/2019\\\/01\\\/Beton-blumenk\u00fcbel-rund-Hydra-2.jpg\",\"contentUrl\":\"https:\\\/\\\/worldofflowerpots.com\\\/wp-content\\\/uploads\\\/2019\\\/01\\\/Beton-blumenk\u00fcbel-rund-Hydra-2.jpg\",\"width\":1920,\"height\":1080},{\"@type\":\"BreadcrumbList\",\"@id\":\"https:\\\/\\\/worldofflowerpots.com\\\/sklep\\\/beton-blumenkubel-rund-hydra-2\\\/#breadcrumb\",\"itemListElement\":[{\"@type\":\"ListItem\",\"position\":1,\"name\":\"Strona g\u0142\u00f3wna\",\"item\":\"https:\\\/\\\/worldofflowerpots.com\\\/home\\\/\"},{\"@type\":\"ListItem\",\"position\":2,\"name\":\"Shop\",\"item\":\"https:\\\/\\\/worldofflowerpots.com\\\/sortiment\\\/\"},{\"@type\":\"ListItem\",\"position\":3,\"name\":\"Beton Blumenk\u00fcbel rund Model Hydra 2\"}]},{\"@type\":\"WebSite\",\"@id\":\"https:\\\/\\\/worldofflowerpots.com\\\/#website\",\"url\":\"https:\\\/\\\/worldofflowerpots.com\\\/\",\"name\":\"World of Flowerpots\",\"description\":\"producent donic ozdobnych\",\"potentialAction\":[{\"@type\":\"SearchAction\",\"target\":{\"@type\":\"EntryPoint\",\"urlTemplate\":\"https:\\\/\\\/worldofflowerpots.com\\\/?s={search_term_string}\"},\"query-input\":{\"@type\":\"PropertyValueSpecification\",\"valueRequired\":true,\"valueName\":\"search_term_string\"}}],\"inLanguage\":\"de-AUT\"}]}<\/script>\n<!-- \/ Yoast SEO plugin. -->","yoast_head_json":{"title":"Beton blumenk\u00fcbel in Rund aus UHPC f\u00fcr innen und draussen","description":"Das Zusammenspiel von Beton Blumenk\u00fcbel rund und der Pflanze ergibt in allen Gartenbereichen eine abwechslungsreiche Optik.","robots":{"index":"index","follow":"follow","max-snippet":"max-snippet:-1","max-image-preview":"max-image-preview:large","max-video-preview":"max-video-preview:-1"},"canonical":"https:\/\/worldofflowerpots.com\/sklep\/beton-blumenkubel-rund-hydra-2\/","og_locale":"de_DE","og_type":"article","og_title":"Beton blumenk\u00fcbel in Rund aus UHPC f\u00fcr innen und draussen","og_description":"Das Zusammenspiel von Beton Blumenk\u00fcbel rund und der Pflanze ergibt in allen Gartenbereichen eine abwechslungsreiche Optik.","og_url":"https:\/\/worldofflowerpots.com\/sklep\/beton-blumenkubel-rund-hydra-2\/","og_site_name":"World of Flowerpots","article_modified_time":"2019-04-15T07:25:11+00:00","og_image":[{"width":1920,"height":1080,"url":"https:\/\/worldofflowerpots.com\/wp-content\/uploads\/2019\/01\/Beton-blumenk\u00fcbel-rund-Hydra-2.jpg","type":"image\/jpeg"}],"twitter_card":"summary_large_image","twitter_misc":{"Est. reading time":"1 minute"},"schema":{"@context":"https:\/\/schema.org","@graph":[{"@type":"WebPage","@id":"https:\/\/worldofflowerpots.com\/sklep\/beton-blumenkubel-rund-hydra-2\/","url":"https:\/\/worldofflowerpots.com\/sklep\/beton-blumenkubel-rund-hydra-2\/","name":"Beton blumenk\u00fcbel in Rund aus UHPC f\u00fcr innen und draussen","isPartOf":{"@id":"https:\/\/worldofflowerpots.com\/#website"},"primaryImageOfPage":{"@id":"https:\/\/worldofflowerpots.com\/sklep\/beton-blumenkubel-rund-hydra-2\/#primaryimage"},"image":{"@id":"https:\/\/worldofflowerpots.com\/sklep\/beton-blumenkubel-rund-hydra-2\/#primaryimage"},"thumbnailUrl":"https:\/\/worldofflowerpots.com\/wp-content\/uploads\/2019\/01\/Beton-blumenk\u00fcbel-rund-Hydra-2.jpg","datePublished":"2019-01-18T14:07:38+00:00","dateModified":"2019-04-15T07:25:11+00:00","description":"Das Zusammenspiel von Beton Blumenk\u00fcbel rund und der Pflanze ergibt in allen Gartenbereichen eine abwechslungsreiche Optik.","breadcrumb":{"@id":"https:\/\/worldofflowerpots.com\/sklep\/beton-blumenkubel-rund-hydra-2\/#breadcrumb"},"inLanguage":"de-AUT","potentialAction":[{"@type":"ReadAction","target":["https:\/\/worldofflowerpots.com\/sklep\/beton-blumenkubel-rund-hydra-2\/"]}]},{"@type":"ImageObject","inLanguage":"de-AUT","@id":"https:\/\/worldofflowerpots.com\/sklep\/beton-blumenkubel-rund-hydra-2\/#primaryimage","url":"https:\/\/worldofflowerpots.com\/wp-content\/uploads\/2019\/01\/Beton-blumenk\u00fcbel-rund-Hydra-2.jpg","contentUrl":"https:\/\/worldofflowerpots.com\/wp-content\/uploads\/2019\/01\/Beton-blumenk\u00fcbel-rund-Hydra-2.jpg","width":1920,"height":1080},{"@type":"BreadcrumbList","@id":"https:\/\/worldofflowerpots.com\/sklep\/beton-blumenkubel-rund-hydra-2\/#breadcrumb","itemListElement":[{"@type":"ListItem","position":1,"name":"Strona g\u0142\u00f3wna","item":"https:\/\/worldofflowerpots.com\/home\/"},{"@type":"ListItem","position":2,"name":"Shop","item":"https:\/\/worldofflowerpots.com\/sortiment\/"},{"@type":"ListItem","position":3,"name":"Beton Blumenk\u00fcbel rund Model Hydra 2"}]},{"@type":"WebSite","@id":"https:\/\/worldofflowerpots.com\/#website","url":"https:\/\/worldofflowerpots.com\/","name":"World of Flowerpots","description":"producent donic ozdobnych","potentialAction":[{"@type":"SearchAction","target":{"@type":"EntryPoint","urlTemplate":"https:\/\/worldofflowerpots.com\/?s={search_term_string}"},"query-input":{"@type":"PropertyValueSpecification","valueRequired":true,"valueName":"search_term_string"}}],"inLanguage":"de-AUT"}]}},"_links":{"self":[{"href":"https:\/\/worldofflowerpots.com\/aut\/wp-json\/wp\/v2\/product\/54037","targetHints":{"allow":["GET"]}}],"collection":[{"href":"https:\/\/worldofflowerpots.com\/aut\/wp-json\/wp\/v2\/product"}],"about":[{"href":"https:\/\/worldofflowerpots.com\/aut\/wp-json\/wp\/v2\/types\/product"}],"wp:featuredmedia":[{"embeddable":true,"href":"https:\/\/worldofflowerpots.com\/aut\/wp-json\/wp\/v2\/media\/58175"}],"wp:attachment":[{"href":"https:\/\/worldofflowerpots.com\/aut\/wp-json\/wp\/v2\/media?parent=54037"}],"wp:term":[{"taxonomy":"product_brand","embeddable":true,"href":"https:\/\/worldofflowerpots.com\/aut\/wp-json\/wp\/v2\/product_brand?post=54037"},{"taxonomy":"product_cat","embeddable":true,"href":"https:\/\/worldofflowerpots.com\/aut\/wp-json\/wp\/v2\/product_cat?post=54037"},{"taxonomy":"product_tag","embeddable":true,"href":"https:\/\/worldofflowerpots.com\/aut\/wp-json\/wp\/v2\/product_tag?post=54037"}],"curies":[{"name":"wp","href":"https:\/\/api.w.org\/{rel}","templated":true}]}}