{"id":54038,"date":"2019-01-18T15:07:38","date_gmt":"2019-01-18T14:07:38","guid":{"rendered":"https:\/\/worldofflowerpots.com\/sklep\/pflanzkubel-beton-anthrazit-hydra-1\/"},"modified":"2019-04-15T09:27:10","modified_gmt":"2019-04-15T07:27:10","slug":"pflanzkubel-beton-anthrazit-hydra-1","status":"publish","type":"product","link":"https:\/\/worldofflowerpots.com\/aut\/sortiment\/pflanzkubel-beton-anthrazit-hydra-1\/","title":{"rendered":"Pflanzk\u00fcbel beton anthrazit Model Hydra 1"},"content":{"rendered":"<div id=\"attachment_58959\" style=\"width: 1034px\" class=\"wp-caption aligncenter\"><img loading=\"lazy\" decoding=\"async\" aria-describedby=\"caption-attachment-58959\" class=\"wp-image-58959 size-large\" src=\"https:\/\/worldofflowerpots.com\/wp-content\/uploads\/2017\/01\/Richtig-bepflanzen--1024x576.jpg\" alt=\"\" width=\"1024\" height=\"576\" srcset=\"https:\/\/worldofflowerpots.com\/wp-content\/uploads\/2017\/01\/Richtig-bepflanzen--1024x576.jpg 1024w, https:\/\/worldofflowerpots.com\/wp-content\/uploads\/2017\/01\/Richtig-bepflanzen--300x169.jpg 300w, https:\/\/worldofflowerpots.com\/wp-content\/uploads\/2017\/01\/Richtig-bepflanzen--768x432.jpg 768w, https:\/\/worldofflowerpots.com\/wp-content\/uploads\/2017\/01\/Richtig-bepflanzen--600x338.jpg 600w, https:\/\/worldofflowerpots.com\/wp-content\/uploads\/2017\/01\/Richtig-bepflanzen-.jpg 1920w\" sizes=\"auto, (max-width: 1024px) 100vw, 1024px\" \/><p id=\"caption-attachment-58959\" class=\"wp-caption-text\">Richtig bepflanzen<\/p><\/div>\n<h2>Trendiger Pflanzk\u00fcbel beton anthrazit f\u00fcr eine wohnliche Atmosph\u00e4re<\/h2>\n<p>Aus der Serie Ultra Beton gibt es zahlreiche sch\u00f6ne L\u00f6sungen f\u00fcr die Pflanzen auf Balkon, Terrasse und im Garten. Das Modell Hydra 1 ist ein optisch ansprechender Pflanzk\u00fcbel beton anthrazit, in dem Pflanzen auf 80 Zentimetern Durchmesser Platz f\u00fcr ihr Wurzelwerk haben. Mit einer H\u00f6he von 70 Zentimetern begeistert dieser hellgraue Blumenk\u00fcbel Beton in jedem Winkel. Der schwere Trog bietet mit einem Eigengewicht von 95 Kilogramm bei Wind und Wetter die perfekte Standfestigkeit.<\/p>\n<h2>Coole Optik \u2013 Pflanzk\u00fcbel Beton<\/h2>\n<p>Modern und ein wenig avantgardistisch wirkt das leichte Design des Blumenk\u00fcbel Beton, der dank der filigranen Au\u00dfenstruktur f\u00fcr ein lockeres Flair im Garten und auf dem Balkon sorgt. Der Pflanztrog Hydra 1 l\u00e4sst sich nicht nur bestens zu vielen andere Modellen der Hydra Serie kombinieren. Auch die Modelle Grande und La Piccola \u00fcberzeugen mit dem filigranen Design, das jedem der Blumenk\u00fcbel Beton eine leichte, unbeschwerte Optik gibt. So k\u00f6nnen Pflanzen, Blumen und Kr\u00e4uter nach Bedarf und Geschmack in flache und hohe Pflanzk\u00fcbel Beton gesetzt werden.<\/p>\n<h2>Robuste Blumenk\u00fcbel Beton<\/h2>\n<p>Alle Pflanzk\u00fcbel beton anthrazit sind aus robustem Beton gefertigt, der mit einer langen Lebensdauer \u00fcberzeugt. Ganze 260 Liter Volumen stehen f\u00fcr Erdreich jeder G\u00fcte und Qualit\u00e4t im Blumenk\u00fcbel Beton Hydra 1 Verf\u00fcgung. Daher ist dieser Blumenk\u00fcbel Beton f\u00fcr jede Pflanze ideal geeignet.<\/p>\n","protected":false},"excerpt":{"rendered":"<p>Gewicht :95<br \/>\nAbmessungen \u00a0H700mm \u2205800mm<br \/>\nFarben: Grau, Schwarz, Weiss<br \/>\nUV-resistent<br \/>\nRobust und Stabil<br \/>\nWetterfest<br \/>\n<strong>Frostbest\u00e4ndig bei gew\u00e4hrleistetem Wasserablauf<\/strong><\/p>\n","protected":false},"featured_media":58165,"template":"","meta":{"_acf_changed":false},"product_brand":[],"product_cat":[393],"product_tag":[482],"class_list":{"0":"post-54038","1":"product","2":"type-product","3":"status-publish","4":"has-post-thumbnail","6":"product_cat-pflanzkubel-beton","7":"product_tag-donice-ogrodowe-de-aut","8":"description-off","9":"tm-has-options","11":"first","12":"instock","13":"shipping-taxable","14":"purchasable","15":"product-type-simple"},"acf":[],"yoast_head":"<!-- This site is optimized with the Yoast SEO plugin v27.5 - https:\/\/yoast.com\/product\/yoast-seo-wordpress\/ -->\n<title>Pflanzk\u00fcbel aus beton in anthrazit weiss und grau f\u00fcr Innen und Aussen<\/title>\n<meta name=\"description\" content=\"Trendiger Pflanzk\u00fcbel beton anthrazit f\u00fcr eine wohnliche Atmosph\u00e4re Modern und ein wenig avantgardistisch wirkt das leichte Design des Blumenk\u00fcbel Beton\" \/>\n<meta name=\"robots\" content=\"index, follow, max-snippet:-1, max-image-preview:large, max-video-preview:-1\" \/>\n<link rel=\"canonical\" href=\"https:\/\/worldofflowerpots.com\/sklep\/pflanzkubel-beton-anthrazit-hydra-1\/\" \/>\n<meta property=\"og:locale\" content=\"de_DE\" \/>\n<meta property=\"og:type\" content=\"article\" \/>\n<meta property=\"og:title\" content=\"Pflanzk\u00fcbel aus beton in anthrazit weiss und grau f\u00fcr Innen und Aussen\" \/>\n<meta property=\"og:description\" content=\"Trendiger Pflanzk\u00fcbel beton anthrazit f\u00fcr eine wohnliche Atmosph\u00e4re Modern und ein wenig avantgardistisch wirkt das leichte Design des Blumenk\u00fcbel Beton\" \/>\n<meta property=\"og:url\" content=\"https:\/\/worldofflowerpots.com\/sklep\/pflanzkubel-beton-anthrazit-hydra-1\/\" \/>\n<meta property=\"og:site_name\" content=\"World of Flowerpots\" \/>\n<meta property=\"article:modified_time\" content=\"2019-04-15T07:27:10+00:00\" \/>\n<meta property=\"og:image\" content=\"https:\/\/worldofflowerpots.com\/wp-content\/uploads\/2019\/01\/pflanzk\u00fcbel-beton-anthrazit-Hydra-1.jpg\" \/>\n\t<meta property=\"og:image:width\" content=\"1920\" \/>\n\t<meta property=\"og:image:height\" content=\"1080\" \/>\n\t<meta property=\"og:image:type\" content=\"image\/jpeg\" \/>\n<meta name=\"twitter:card\" content=\"summary_large_image\" \/>\n<meta name=\"twitter:label1\" content=\"Est. reading time\" \/>\n\t<meta name=\"twitter:data1\" content=\"1 minute\" \/>\n<script type=\"application\/ld+json\" class=\"yoast-schema-graph\">{\"@context\":\"https:\\\/\\\/schema.org\",\"@graph\":[{\"@type\":\"WebPage\",\"@id\":\"https:\\\/\\\/worldofflowerpots.com\\\/sklep\\\/pflanzkubel-beton-anthrazit-hydra-1\\\/\",\"url\":\"https:\\\/\\\/worldofflowerpots.com\\\/sklep\\\/pflanzkubel-beton-anthrazit-hydra-1\\\/\",\"name\":\"Pflanzk\u00fcbel aus beton in anthrazit weiss und grau f\u00fcr Innen und Aussen\",\"isPartOf\":{\"@id\":\"https:\\\/\\\/worldofflowerpots.com\\\/#website\"},\"primaryImageOfPage\":{\"@id\":\"https:\\\/\\\/worldofflowerpots.com\\\/sklep\\\/pflanzkubel-beton-anthrazit-hydra-1\\\/#primaryimage\"},\"image\":{\"@id\":\"https:\\\/\\\/worldofflowerpots.com\\\/sklep\\\/pflanzkubel-beton-anthrazit-hydra-1\\\/#primaryimage\"},\"thumbnailUrl\":\"https:\\\/\\\/worldofflowerpots.com\\\/wp-content\\\/uploads\\\/2019\\\/01\\\/pflanzk\u00fcbel-beton-anthrazit-Hydra-1.jpg\",\"datePublished\":\"2019-01-18T14:07:38+00:00\",\"dateModified\":\"2019-04-15T07:27:10+00:00\",\"description\":\"Trendiger Pflanzk\u00fcbel beton anthrazit f\u00fcr eine wohnliche Atmosph\u00e4re Modern und ein wenig avantgardistisch wirkt das leichte Design des Blumenk\u00fcbel Beton\",\"breadcrumb\":{\"@id\":\"https:\\\/\\\/worldofflowerpots.com\\\/sklep\\\/pflanzkubel-beton-anthrazit-hydra-1\\\/#breadcrumb\"},\"inLanguage\":\"de-AUT\",\"potentialAction\":[{\"@type\":\"ReadAction\",\"target\":[\"https:\\\/\\\/worldofflowerpots.com\\\/sklep\\\/pflanzkubel-beton-anthrazit-hydra-1\\\/\"]}]},{\"@type\":\"ImageObject\",\"inLanguage\":\"de-AUT\",\"@id\":\"https:\\\/\\\/worldofflowerpots.com\\\/sklep\\\/pflanzkubel-beton-anthrazit-hydra-1\\\/#primaryimage\",\"url\":\"https:\\\/\\\/worldofflowerpots.com\\\/wp-content\\\/uploads\\\/2019\\\/01\\\/pflanzk\u00fcbel-beton-anthrazit-Hydra-1.jpg\",\"contentUrl\":\"https:\\\/\\\/worldofflowerpots.com\\\/wp-content\\\/uploads\\\/2019\\\/01\\\/pflanzk\u00fcbel-beton-anthrazit-Hydra-1.jpg\",\"width\":1920,\"height\":1080},{\"@type\":\"BreadcrumbList\",\"@id\":\"https:\\\/\\\/worldofflowerpots.com\\\/sklep\\\/pflanzkubel-beton-anthrazit-hydra-1\\\/#breadcrumb\",\"itemListElement\":[{\"@type\":\"ListItem\",\"position\":1,\"name\":\"Strona g\u0142\u00f3wna\",\"item\":\"https:\\\/\\\/worldofflowerpots.com\\\/home\\\/\"},{\"@type\":\"ListItem\",\"position\":2,\"name\":\"Shop\",\"item\":\"https:\\\/\\\/worldofflowerpots.com\\\/sortiment\\\/\"},{\"@type\":\"ListItem\",\"position\":3,\"name\":\"Pflanzk\u00fcbel beton anthrazit Model Hydra 1\"}]},{\"@type\":\"WebSite\",\"@id\":\"https:\\\/\\\/worldofflowerpots.com\\\/#website\",\"url\":\"https:\\\/\\\/worldofflowerpots.com\\\/\",\"name\":\"World of Flowerpots\",\"description\":\"producent donic ozdobnych\",\"potentialAction\":[{\"@type\":\"SearchAction\",\"target\":{\"@type\":\"EntryPoint\",\"urlTemplate\":\"https:\\\/\\\/worldofflowerpots.com\\\/?s={search_term_string}\"},\"query-input\":{\"@type\":\"PropertyValueSpecification\",\"valueRequired\":true,\"valueName\":\"search_term_string\"}}],\"inLanguage\":\"de-AUT\"}]}<\/script>\n<!-- \/ Yoast SEO plugin. -->","yoast_head_json":{"title":"Pflanzk\u00fcbel aus beton in anthrazit weiss und grau f\u00fcr Innen und Aussen","description":"Trendiger Pflanzk\u00fcbel beton anthrazit f\u00fcr eine wohnliche Atmosph\u00e4re Modern und ein wenig avantgardistisch wirkt das leichte Design des Blumenk\u00fcbel Beton","robots":{"index":"index","follow":"follow","max-snippet":"max-snippet:-1","max-image-preview":"max-image-preview:large","max-video-preview":"max-video-preview:-1"},"canonical":"https:\/\/worldofflowerpots.com\/sklep\/pflanzkubel-beton-anthrazit-hydra-1\/","og_locale":"de_DE","og_type":"article","og_title":"Pflanzk\u00fcbel aus beton in anthrazit weiss und grau f\u00fcr Innen und Aussen","og_description":"Trendiger Pflanzk\u00fcbel beton anthrazit f\u00fcr eine wohnliche Atmosph\u00e4re Modern und ein wenig avantgardistisch wirkt das leichte Design des Blumenk\u00fcbel Beton","og_url":"https:\/\/worldofflowerpots.com\/sklep\/pflanzkubel-beton-anthrazit-hydra-1\/","og_site_name":"World of Flowerpots","article_modified_time":"2019-04-15T07:27:10+00:00","og_image":[{"width":1920,"height":1080,"url":"https:\/\/worldofflowerpots.com\/wp-content\/uploads\/2019\/01\/pflanzk\u00fcbel-beton-anthrazit-Hydra-1.jpg","type":"image\/jpeg"}],"twitter_card":"summary_large_image","twitter_misc":{"Est. reading time":"1 minute"},"schema":{"@context":"https:\/\/schema.org","@graph":[{"@type":"WebPage","@id":"https:\/\/worldofflowerpots.com\/sklep\/pflanzkubel-beton-anthrazit-hydra-1\/","url":"https:\/\/worldofflowerpots.com\/sklep\/pflanzkubel-beton-anthrazit-hydra-1\/","name":"Pflanzk\u00fcbel aus beton in anthrazit weiss und grau f\u00fcr Innen und Aussen","isPartOf":{"@id":"https:\/\/worldofflowerpots.com\/#website"},"primaryImageOfPage":{"@id":"https:\/\/worldofflowerpots.com\/sklep\/pflanzkubel-beton-anthrazit-hydra-1\/#primaryimage"},"image":{"@id":"https:\/\/worldofflowerpots.com\/sklep\/pflanzkubel-beton-anthrazit-hydra-1\/#primaryimage"},"thumbnailUrl":"https:\/\/worldofflowerpots.com\/wp-content\/uploads\/2019\/01\/pflanzk\u00fcbel-beton-anthrazit-Hydra-1.jpg","datePublished":"2019-01-18T14:07:38+00:00","dateModified":"2019-04-15T07:27:10+00:00","description":"Trendiger Pflanzk\u00fcbel beton anthrazit f\u00fcr eine wohnliche Atmosph\u00e4re Modern und ein wenig avantgardistisch wirkt das leichte Design des Blumenk\u00fcbel Beton","breadcrumb":{"@id":"https:\/\/worldofflowerpots.com\/sklep\/pflanzkubel-beton-anthrazit-hydra-1\/#breadcrumb"},"inLanguage":"de-AUT","potentialAction":[{"@type":"ReadAction","target":["https:\/\/worldofflowerpots.com\/sklep\/pflanzkubel-beton-anthrazit-hydra-1\/"]}]},{"@type":"ImageObject","inLanguage":"de-AUT","@id":"https:\/\/worldofflowerpots.com\/sklep\/pflanzkubel-beton-anthrazit-hydra-1\/#primaryimage","url":"https:\/\/worldofflowerpots.com\/wp-content\/uploads\/2019\/01\/pflanzk\u00fcbel-beton-anthrazit-Hydra-1.jpg","contentUrl":"https:\/\/worldofflowerpots.com\/wp-content\/uploads\/2019\/01\/pflanzk\u00fcbel-beton-anthrazit-Hydra-1.jpg","width":1920,"height":1080},{"@type":"BreadcrumbList","@id":"https:\/\/worldofflowerpots.com\/sklep\/pflanzkubel-beton-anthrazit-hydra-1\/#breadcrumb","itemListElement":[{"@type":"ListItem","position":1,"name":"Strona g\u0142\u00f3wna","item":"https:\/\/worldofflowerpots.com\/home\/"},{"@type":"ListItem","position":2,"name":"Shop","item":"https:\/\/worldofflowerpots.com\/sortiment\/"},{"@type":"ListItem","position":3,"name":"Pflanzk\u00fcbel beton anthrazit Model Hydra 1"}]},{"@type":"WebSite","@id":"https:\/\/worldofflowerpots.com\/#website","url":"https:\/\/worldofflowerpots.com\/","name":"World of Flowerpots","description":"producent donic ozdobnych","potentialAction":[{"@type":"SearchAction","target":{"@type":"EntryPoint","urlTemplate":"https:\/\/worldofflowerpots.com\/?s={search_term_string}"},"query-input":{"@type":"PropertyValueSpecification","valueRequired":true,"valueName":"search_term_string"}}],"inLanguage":"de-AUT"}]}},"_links":{"self":[{"href":"https:\/\/worldofflowerpots.com\/aut\/wp-json\/wp\/v2\/product\/54038","targetHints":{"allow":["GET"]}}],"collection":[{"href":"https:\/\/worldofflowerpots.com\/aut\/wp-json\/wp\/v2\/product"}],"about":[{"href":"https:\/\/worldofflowerpots.com\/aut\/wp-json\/wp\/v2\/types\/product"}],"wp:featuredmedia":[{"embeddable":true,"href":"https:\/\/worldofflowerpots.com\/aut\/wp-json\/wp\/v2\/media\/58165"}],"wp:attachment":[{"href":"https:\/\/worldofflowerpots.com\/aut\/wp-json\/wp\/v2\/media?parent=54038"}],"wp:term":[{"taxonomy":"product_brand","embeddable":true,"href":"https:\/\/worldofflowerpots.com\/aut\/wp-json\/wp\/v2\/product_brand?post=54038"},{"taxonomy":"product_cat","embeddable":true,"href":"https:\/\/worldofflowerpots.com\/aut\/wp-json\/wp\/v2\/product_cat?post=54038"},{"taxonomy":"product_tag","embeddable":true,"href":"https:\/\/worldofflowerpots.com\/aut\/wp-json\/wp\/v2\/product_tag?post=54038"}],"curies":[{"name":"wp","href":"https:\/\/api.w.org\/{rel}","templated":true}]}}