{"id":54039,"date":"2019-01-18T15:06:24","date_gmt":"2019-01-18T14:06:24","guid":{"rendered":"https:\/\/worldofflowerpots.com\/sklep\/blumenkubel-hoch-giacomo\/"},"modified":"2019-04-15T11:25:30","modified_gmt":"2019-04-15T09:25:30","slug":"blumenkubel-hoch-giacomo","status":"publish","type":"product","link":"https:\/\/worldofflowerpots.com\/aut\/sortiment\/blumenkubel-hoch-giacomo\/","title":{"rendered":"Blumenk\u00fcbel hoch Giacomo"},"content":{"rendered":"<div id=\"attachment_58959\" style=\"width: 1034px\" class=\"wp-caption aligncenter\"><img loading=\"lazy\" decoding=\"async\" aria-describedby=\"caption-attachment-58959\" class=\"wp-image-58959 size-large\" src=\"https:\/\/worldofflowerpots.com\/wp-content\/uploads\/2017\/01\/Richtig-bepflanzen--1024x576.jpg\" alt=\"\" width=\"1024\" height=\"576\" srcset=\"https:\/\/worldofflowerpots.com\/wp-content\/uploads\/2017\/01\/Richtig-bepflanzen--1024x576.jpg 1024w, https:\/\/worldofflowerpots.com\/wp-content\/uploads\/2017\/01\/Richtig-bepflanzen--300x169.jpg 300w, https:\/\/worldofflowerpots.com\/wp-content\/uploads\/2017\/01\/Richtig-bepflanzen--768x432.jpg 768w, https:\/\/worldofflowerpots.com\/wp-content\/uploads\/2017\/01\/Richtig-bepflanzen--600x338.jpg 600w, https:\/\/worldofflowerpots.com\/wp-content\/uploads\/2017\/01\/Richtig-bepflanzen-.jpg 1920w\" sizes=\"auto, (max-width: 1024px) 100vw, 1024px\" \/><p id=\"caption-attachment-58959\" class=\"wp-caption-text\">Richtig bepflanzen<\/p><\/div>\n<h3>Klassisch formsch\u00f6n<\/h3>\n<p>Der\u00a0Blumenk\u00fcbel hoch Giacomo ist aus Beton, dadurch k\u00f6nnen ihm die Eigenschaften robust und widerstandsf\u00e4hig zugesprochen werden. Ihr Blumenk\u00fcbel Giacomo kann also auf jeden Fall im Au\u00dfenbereich benutzt werden: Ob f\u00fcr ihre Terrasse, ihren Garten oder ihren Hauseingang. Der Blumenk\u00fcbel Giacomo aus Beton hat eine kreisrunde Bodenfl\u00e4che und \u00f6ffnet sich zylindrisch, nach oben sich weitend.<\/p>\n<h3>Der Blumenk\u00fcbel hoch passt optimal in jeden Au\u00dfenbereich<\/h3>\n<p>Er ist vielf\u00e4ltig einsetzbar: So kann man ihn zum Beispiel f\u00fcr die optische Trennung von Terrasse und Gr\u00fcnfl\u00e4che nutzen. Oder mit ihm bestimmte Gartenbereiche betonen. Der Blumenk\u00fcbel hoch ist auf jeden Fall ein Hingucker. Denn: Giacomo wirkt schlicht und elegant zugleich \u2013 dabei aber keinesfalls aufdringlich. Ob nun in wei\u00df, grau, schwarz oder in einer anderen Au\u00dfenlackierung ihrer Wahl.<\/p>\n<h3>Mit Hilfe Giacomos k\u00f6nnen Sie ihren Au\u00dfenbereich sehr ansprechend gestalten<\/h3>\n<p>Das einzigartige Design Giacomos macht es m\u00f6glich, dass jede Pflanze in ihrer Art, Farbe und Form sehr gut in diesem Pflanztrog aussieht. Das gro\u00dfe Volumen des K\u00fcbels l\u00e4sst Ihnen dabei in der Auswahl der Pflanzen viel Spielraum f\u00fcr Kreativit\u00e4t. Er eignet sich hervorragend f\u00fcr Solit\u00e4rpflanzen mit h\u00f6heren Bl\u00fctenstengeln und gr\u00f6\u00dferen Bl\u00e4ttern. Oder kombinieren sie eine wuchsh\u00f6here Staude mit kleinw\u00fcchsigen Pflanzen. Die nach unten hin etwas schm\u00e4ler werdende Form des Pflanzk\u00fcbels bietet sich auch f\u00fcr rankende Pflanzen wie Efeu, Immergr\u00fcn oder manche Steinbrecharten an.Durch die besondere Gr\u00f6\u00dfe k\u00f6nnen Zimmerpflanzen, die mehr Raum f\u00fcr ihre Wurzel brauchen, zum besonderen Blickfang ihrer Wohnung, ihres Vorzimmers oder allen R\u00e4umen, die etwas mehr Gr\u00fcn verlangen, werden.Durch das frostfeste Material kann der Blumenk\u00fcbel aber auch sehr gut im Au\u00dfenbereich verwendet werden. Auf der Terrasse, zur Auflockerung eines gepflasterten Platzes, zur Begr\u00fcnung eines Innenhofs, M\u00f6glichkeiten bietet dieser Pflanzk\u00fcbel viele.<\/p>\n","protected":false},"excerpt":{"rendered":"<p>Pflanzk\u00fcbel beton Giacomo<br \/>\nMaterial Beton (UHPC)<br \/>\nGewicht : 80kg<br \/>\nAbmessungen: \u2205720mm H780mm<br \/>\nFarben: Grau, Schwarz, Weiss<br \/>\nUV-resistent<br \/>\nRobust und Stabil<br \/>\nWetterfest<br \/>\nFrostbest\u00e4ndig bei gew\u00e4hrleistetem Wasserablauf<\/p>\n","protected":false},"featured_media":58409,"template":"","meta":{"_acf_changed":false},"product_brand":[],"product_cat":[393],"product_tag":[482],"class_list":{"0":"post-54039","1":"product","2":"type-product","3":"status-publish","4":"has-post-thumbnail","6":"product_cat-pflanzkubel-beton","7":"product_tag-donice-ogrodowe-de-aut","8":"description-off","9":"tm-has-options","11":"first","12":"instock","13":"shipping-taxable","14":"purchasable","15":"product-type-simple"},"acf":[],"yoast_head":"<!-- This site is optimized with the Yoast SEO plugin v27.5 - https:\/\/yoast.com\/product\/yoast-seo-wordpress\/ -->\n<title>Blumenk\u00fcbel hoch passt optimal in jeden Au\u00dfenbereich oder Hauseingang<\/title>\n<meta name=\"description\" content=\"Der Blumenk\u00fcbel Giacomo aus Beton ist hoch und schwer Das Design Giacomos macht es m\u00f6glich, dass jede Pflanze gut in diesem Pflanztrog aussieht.\" \/>\n<meta name=\"robots\" content=\"index, follow, max-snippet:-1, max-image-preview:large, max-video-preview:-1\" \/>\n<link rel=\"canonical\" href=\"https:\/\/worldofflowerpots.com\/sklep\/blumenkubel-hoch-giacomo\/\" \/>\n<meta property=\"og:locale\" content=\"de_DE\" \/>\n<meta property=\"og:type\" content=\"article\" \/>\n<meta property=\"og:title\" content=\"Blumenk\u00fcbel hoch passt optimal in jeden Au\u00dfenbereich oder Hauseingang\" \/>\n<meta property=\"og:description\" content=\"Der Blumenk\u00fcbel Giacomo aus Beton ist hoch und schwer Das Design Giacomos macht es m\u00f6glich, dass jede Pflanze gut in diesem Pflanztrog aussieht.\" \/>\n<meta property=\"og:url\" content=\"https:\/\/worldofflowerpots.com\/sklep\/blumenkubel-hoch-giacomo\/\" \/>\n<meta property=\"og:site_name\" content=\"World of Flowerpots\" \/>\n<meta property=\"article:modified_time\" content=\"2019-04-15T09:25:30+00:00\" \/>\n<meta property=\"og:image\" content=\"https:\/\/worldofflowerpots.com\/wp-content\/uploads\/2019\/01\/blumenk\u00fcbel-hoch-Giacomo.jpg\" \/>\n\t<meta property=\"og:image:width\" content=\"1920\" \/>\n\t<meta property=\"og:image:height\" content=\"1080\" \/>\n\t<meta property=\"og:image:type\" content=\"image\/jpeg\" \/>\n<meta name=\"twitter:card\" content=\"summary_large_image\" \/>\n<meta name=\"twitter:label1\" content=\"Est. reading time\" \/>\n\t<meta name=\"twitter:data1\" content=\"2 minutes\" \/>\n<script type=\"application\/ld+json\" class=\"yoast-schema-graph\">{\"@context\":\"https:\\\/\\\/schema.org\",\"@graph\":[{\"@type\":\"WebPage\",\"@id\":\"https:\\\/\\\/worldofflowerpots.com\\\/sklep\\\/blumenkubel-hoch-giacomo\\\/\",\"url\":\"https:\\\/\\\/worldofflowerpots.com\\\/sklep\\\/blumenkubel-hoch-giacomo\\\/\",\"name\":\"Blumenk\u00fcbel hoch passt optimal in jeden Au\u00dfenbereich oder Hauseingang\",\"isPartOf\":{\"@id\":\"https:\\\/\\\/worldofflowerpots.com\\\/#website\"},\"primaryImageOfPage\":{\"@id\":\"https:\\\/\\\/worldofflowerpots.com\\\/sklep\\\/blumenkubel-hoch-giacomo\\\/#primaryimage\"},\"image\":{\"@id\":\"https:\\\/\\\/worldofflowerpots.com\\\/sklep\\\/blumenkubel-hoch-giacomo\\\/#primaryimage\"},\"thumbnailUrl\":\"https:\\\/\\\/worldofflowerpots.com\\\/wp-content\\\/uploads\\\/2019\\\/01\\\/blumenk\u00fcbel-hoch-Giacomo.jpg\",\"datePublished\":\"2019-01-18T14:06:24+00:00\",\"dateModified\":\"2019-04-15T09:25:30+00:00\",\"description\":\"Der Blumenk\u00fcbel Giacomo aus Beton ist hoch und schwer Das Design Giacomos macht es m\u00f6glich, dass jede Pflanze gut in diesem Pflanztrog aussieht.\",\"breadcrumb\":{\"@id\":\"https:\\\/\\\/worldofflowerpots.com\\\/sklep\\\/blumenkubel-hoch-giacomo\\\/#breadcrumb\"},\"inLanguage\":\"de-AUT\",\"potentialAction\":[{\"@type\":\"ReadAction\",\"target\":[\"https:\\\/\\\/worldofflowerpots.com\\\/sklep\\\/blumenkubel-hoch-giacomo\\\/\"]}]},{\"@type\":\"ImageObject\",\"inLanguage\":\"de-AUT\",\"@id\":\"https:\\\/\\\/worldofflowerpots.com\\\/sklep\\\/blumenkubel-hoch-giacomo\\\/#primaryimage\",\"url\":\"https:\\\/\\\/worldofflowerpots.com\\\/wp-content\\\/uploads\\\/2019\\\/01\\\/blumenk\u00fcbel-hoch-Giacomo.jpg\",\"contentUrl\":\"https:\\\/\\\/worldofflowerpots.com\\\/wp-content\\\/uploads\\\/2019\\\/01\\\/blumenk\u00fcbel-hoch-Giacomo.jpg\",\"width\":1920,\"height\":1080},{\"@type\":\"BreadcrumbList\",\"@id\":\"https:\\\/\\\/worldofflowerpots.com\\\/sklep\\\/blumenkubel-hoch-giacomo\\\/#breadcrumb\",\"itemListElement\":[{\"@type\":\"ListItem\",\"position\":1,\"name\":\"Strona g\u0142\u00f3wna\",\"item\":\"https:\\\/\\\/worldofflowerpots.com\\\/home\\\/\"},{\"@type\":\"ListItem\",\"position\":2,\"name\":\"Shop\",\"item\":\"https:\\\/\\\/worldofflowerpots.com\\\/sortiment\\\/\"},{\"@type\":\"ListItem\",\"position\":3,\"name\":\"Blumenk\u00fcbel hoch Giacomo\"}]},{\"@type\":\"WebSite\",\"@id\":\"https:\\\/\\\/worldofflowerpots.com\\\/#website\",\"url\":\"https:\\\/\\\/worldofflowerpots.com\\\/\",\"name\":\"World of Flowerpots\",\"description\":\"producent donic ozdobnych\",\"potentialAction\":[{\"@type\":\"SearchAction\",\"target\":{\"@type\":\"EntryPoint\",\"urlTemplate\":\"https:\\\/\\\/worldofflowerpots.com\\\/?s={search_term_string}\"},\"query-input\":{\"@type\":\"PropertyValueSpecification\",\"valueRequired\":true,\"valueName\":\"search_term_string\"}}],\"inLanguage\":\"de-AUT\"}]}<\/script>\n<!-- \/ Yoast SEO plugin. -->","yoast_head_json":{"title":"Blumenk\u00fcbel hoch passt optimal in jeden Au\u00dfenbereich oder Hauseingang","description":"Der Blumenk\u00fcbel Giacomo aus Beton ist hoch und schwer Das Design Giacomos macht es m\u00f6glich, dass jede Pflanze gut in diesem Pflanztrog aussieht.","robots":{"index":"index","follow":"follow","max-snippet":"max-snippet:-1","max-image-preview":"max-image-preview:large","max-video-preview":"max-video-preview:-1"},"canonical":"https:\/\/worldofflowerpots.com\/sklep\/blumenkubel-hoch-giacomo\/","og_locale":"de_DE","og_type":"article","og_title":"Blumenk\u00fcbel hoch passt optimal in jeden Au\u00dfenbereich oder Hauseingang","og_description":"Der Blumenk\u00fcbel Giacomo aus Beton ist hoch und schwer Das Design Giacomos macht es m\u00f6glich, dass jede Pflanze gut in diesem Pflanztrog aussieht.","og_url":"https:\/\/worldofflowerpots.com\/sklep\/blumenkubel-hoch-giacomo\/","og_site_name":"World of Flowerpots","article_modified_time":"2019-04-15T09:25:30+00:00","og_image":[{"width":1920,"height":1080,"url":"https:\/\/worldofflowerpots.com\/wp-content\/uploads\/2019\/01\/blumenk\u00fcbel-hoch-Giacomo.jpg","type":"image\/jpeg"}],"twitter_card":"summary_large_image","twitter_misc":{"Est. reading time":"2 minutes"},"schema":{"@context":"https:\/\/schema.org","@graph":[{"@type":"WebPage","@id":"https:\/\/worldofflowerpots.com\/sklep\/blumenkubel-hoch-giacomo\/","url":"https:\/\/worldofflowerpots.com\/sklep\/blumenkubel-hoch-giacomo\/","name":"Blumenk\u00fcbel hoch passt optimal in jeden Au\u00dfenbereich oder Hauseingang","isPartOf":{"@id":"https:\/\/worldofflowerpots.com\/#website"},"primaryImageOfPage":{"@id":"https:\/\/worldofflowerpots.com\/sklep\/blumenkubel-hoch-giacomo\/#primaryimage"},"image":{"@id":"https:\/\/worldofflowerpots.com\/sklep\/blumenkubel-hoch-giacomo\/#primaryimage"},"thumbnailUrl":"https:\/\/worldofflowerpots.com\/wp-content\/uploads\/2019\/01\/blumenk\u00fcbel-hoch-Giacomo.jpg","datePublished":"2019-01-18T14:06:24+00:00","dateModified":"2019-04-15T09:25:30+00:00","description":"Der Blumenk\u00fcbel Giacomo aus Beton ist hoch und schwer Das Design Giacomos macht es m\u00f6glich, dass jede Pflanze gut in diesem Pflanztrog aussieht.","breadcrumb":{"@id":"https:\/\/worldofflowerpots.com\/sklep\/blumenkubel-hoch-giacomo\/#breadcrumb"},"inLanguage":"de-AUT","potentialAction":[{"@type":"ReadAction","target":["https:\/\/worldofflowerpots.com\/sklep\/blumenkubel-hoch-giacomo\/"]}]},{"@type":"ImageObject","inLanguage":"de-AUT","@id":"https:\/\/worldofflowerpots.com\/sklep\/blumenkubel-hoch-giacomo\/#primaryimage","url":"https:\/\/worldofflowerpots.com\/wp-content\/uploads\/2019\/01\/blumenk\u00fcbel-hoch-Giacomo.jpg","contentUrl":"https:\/\/worldofflowerpots.com\/wp-content\/uploads\/2019\/01\/blumenk\u00fcbel-hoch-Giacomo.jpg","width":1920,"height":1080},{"@type":"BreadcrumbList","@id":"https:\/\/worldofflowerpots.com\/sklep\/blumenkubel-hoch-giacomo\/#breadcrumb","itemListElement":[{"@type":"ListItem","position":1,"name":"Strona g\u0142\u00f3wna","item":"https:\/\/worldofflowerpots.com\/home\/"},{"@type":"ListItem","position":2,"name":"Shop","item":"https:\/\/worldofflowerpots.com\/sortiment\/"},{"@type":"ListItem","position":3,"name":"Blumenk\u00fcbel hoch Giacomo"}]},{"@type":"WebSite","@id":"https:\/\/worldofflowerpots.com\/#website","url":"https:\/\/worldofflowerpots.com\/","name":"World of Flowerpots","description":"producent donic ozdobnych","potentialAction":[{"@type":"SearchAction","target":{"@type":"EntryPoint","urlTemplate":"https:\/\/worldofflowerpots.com\/?s={search_term_string}"},"query-input":{"@type":"PropertyValueSpecification","valueRequired":true,"valueName":"search_term_string"}}],"inLanguage":"de-AUT"}]}},"_links":{"self":[{"href":"https:\/\/worldofflowerpots.com\/aut\/wp-json\/wp\/v2\/product\/54039","targetHints":{"allow":["GET"]}}],"collection":[{"href":"https:\/\/worldofflowerpots.com\/aut\/wp-json\/wp\/v2\/product"}],"about":[{"href":"https:\/\/worldofflowerpots.com\/aut\/wp-json\/wp\/v2\/types\/product"}],"wp:featuredmedia":[{"embeddable":true,"href":"https:\/\/worldofflowerpots.com\/aut\/wp-json\/wp\/v2\/media\/58409"}],"wp:attachment":[{"href":"https:\/\/worldofflowerpots.com\/aut\/wp-json\/wp\/v2\/media?parent=54039"}],"wp:term":[{"taxonomy":"product_brand","embeddable":true,"href":"https:\/\/worldofflowerpots.com\/aut\/wp-json\/wp\/v2\/product_brand?post=54039"},{"taxonomy":"product_cat","embeddable":true,"href":"https:\/\/worldofflowerpots.com\/aut\/wp-json\/wp\/v2\/product_cat?post=54039"},{"taxonomy":"product_tag","embeddable":true,"href":"https:\/\/worldofflowerpots.com\/aut\/wp-json\/wp\/v2\/product_tag?post=54039"}],"curies":[{"name":"wp","href":"https:\/\/api.w.org\/{rel}","templated":true}]}}